{"id":37629,"date":"2024-03-14T12:53:48","date_gmt":"2024-03-14T12:53:48","guid":{"rendered":"http:\/\/rucashk.com\/?post_type=product&#038;p=37629"},"modified":"2024-04-16T13:33:02","modified_gmt":"2024-04-16T13:33:02","slug":"jbl-boombox-3-portable-speaker","status":"publish","type":"product","link":"https:\/\/www.rucashk.com\/pt\/produto\/jbl-boombox-3-portable-speaker\/","title":{"rendered":"Alto-falante port\u00e1til JBL Boombox 3"},"content":{"rendered":"<div class=\"expanded-feature -lifestyle not-in-view\">\n<div class=\"imagery\"><img decoding=\"async\" class=\"aligncenter\" src=\"\/wp-content\/uploads\/replace\/869df92c6d56232c9682a10e14ffcf32.png\" alt=\"Massive sound and deepest bass\" data-src=\"\/on\/demandware.static\/-\/Sites-masterCatalog_Harman\/default\/dw6e0d10a4\/pdp\/JBL_Boombox_3_Lifestyle02_904x560px.png\" \/><\/div>\n<div class=\"copy\" style=\"text-align: center;\">\n<h3>Som massivo e graves mais profundos<\/h3>\n<p>Curta sua m\u00fasica com o enorme som JBL Original Pro. Os novos alto-falantes de 3 vias oferecem maior sensibilidade e nosso design ac\u00fastico aumenta a clareza enquanto reduz a distor\u00e7\u00e3o para graves monstruosos e um espectro de \u00e1udio rico - n\u00e3o importa o qu\u00e3o alto voc\u00ea aumente o volume.<\/p>\n<\/div>\n<\/div>\n<div class=\"expanded-feature -lifestyle in-view\" style=\"text-align: center;\">\n<div class=\"imagery\"><img decoding=\"async\" src=\"\/wp-content\/uploads\/replace\/b73a15dc1333bbbb3c66e107c357e6c6.png\" alt=\"24 hours of play time\" data-src=\"\/on\/demandware.static\/-\/Sites-masterCatalog_Harman\/default\/dw6b872926\/pdp\/JBL_Boombox_3_Lifestyle01_904x560px.png\" \/><\/div>\n<div class=\"copy\">\n<h3>24 horas de tempo de jogo<\/h3>\n<p>Comemore cada momento com os sons que voc\u00ea adora. Desde o seu treino matinal at\u00e9 um encontro noturno com os amigos, adicionamos 24 horas de dura\u00e7\u00e3o da bateria para mant\u00ea-lo no seu ambiente o dia todo.<\/p>\n<\/div>\n<\/div>\n<div class=\"expanded-feature -lifestyle in-view\">\n<div class=\"imagery\"><img decoding=\"async\" class=\"aligncenter\" src=\"\/wp-content\/uploads\/replace\/d0d4c70e9c810d503529ae005bdd37ea.png\" alt=\"IP67 dust and water proof\" data-src=\"\/on\/demandware.static\/-\/Sites-masterCatalog_Harman\/default\/dw75353581\/pdp\/JBL_Boombox_3_Lifestyle03_904x560px.png\" \/><\/div>\n<\/div>\n<div><\/div>\n<div>\n<p>QUALIDADE DE SOM FEITA PARA DURAR<br \/>\nO Boombox 3 \u00e9 ancorado por uma constru\u00e7\u00e3o s\u00f3lida, com recursos que incluem al\u00e7a de metal, materiais \u00e0 prova d&#039;\u00e1gua e al\u00e7as de silicone. Com seu tecido livre de poeira e \u00e1gua, seu alto-falante tamb\u00e9m n\u00e3o ser\u00e1 afetado pelos elementos. Experimente uma sa\u00edda de alta qualidade com graves refor\u00e7ados como nenhuma outra, gra\u00e7as \u00e0 nova mistura exclusiva de sub, m\u00e9dios e tweeters do Boombox 3. Al\u00e9m disso, dada a sua portabilidade, voc\u00ea poder\u00e1 transportar seu alto-falante para onde quer que v\u00e1.<\/p>\n<p>COMPARTILHE SEU SOM COM JBL PORT\u00c1TIL<br \/>\nVoc\u00ea poder\u00e1 compartilhar e conectar seus alto-falantes com outras pessoas por meio do aplicativo port\u00e1til da JBL. Uma fun\u00e7\u00e3o PartyBoost permitir\u00e1 sincronizar com outros modelos compat\u00edveis para criar uma mixagem est\u00e9reo ou apenas aumentar o volume. Voc\u00ea tamb\u00e9m ter\u00e1 acesso a uma op\u00e7\u00e3o de personaliza\u00e7\u00e3o de EQ, permitindo controlar a sa\u00edda do alto-falante diretamente do telefone. E com atualiza\u00e7\u00f5es de software e suporte ao produto dispon\u00edveis, voc\u00ea sempre ter\u00e1 seu alto-falante atualizado com o firmware mais recente.<\/p>\n<p>24 HORAS DE \u00c1UDIO JBL CONT\u00cdNUO<br \/>\nCom bateria de \u00edon de l\u00edtio de 10.000mAh, o Boombox 3 produz 24 horas de reprodu\u00e7\u00e3o cont\u00ednua, deixando voc\u00ea livre para ouvir o dia todo sem se preocupar em manter a carga. O Boombox 3 tamb\u00e9m possui um tempo de espera de 6,5 horas para bateria totalmente carregada, permitindo que voc\u00ea carregue facilmente durante a noite ou enquanto n\u00e3o estiver em uso, garantindo mais 24 horas de reprodu\u00e7\u00e3o na pr\u00f3xima vez que voc\u00ea lig\u00e1-lo.<\/p>\n<\/div>","protected":false},"excerpt":{"rendered":"<p>Acabamos de tornar nosso alto-falante Bluetooth port\u00e1til mais poderoso ainda melhor. A silhueta ic\u00f4nica do JBL Boombox 3 tem uma nova atualiza\u00e7\u00e3o ousada com uma al\u00e7a de metal resistente com al\u00e7as de silicone, tampas laterais duplas e tecido exclusivo \u00e0 prova d&#039;\u00e1gua e \u00e0 prova de poeira. Ele tamb\u00e9m foi redesenhado por dentro, adicionado com um novo subwoofer que libera graves muito mais profundos e som JBL Original Pro massivo, tudo com menor distor\u00e7\u00e3o. E 24 horas de jogo levam voc\u00ea desde o treino matinal at\u00e9 um passeio noturno com seus amigos. E para um som praticamente ilimitado, conecte instantaneamente v\u00e1rios alto-falantes com o aplicativo JBL Portable.<\/p>","protected":false},"featured_media":37633,"template":"","meta":[],"product_brand":[1354],"product_cat":[1285],"product_tag":[1357],"class_list":{"0":"post-37629","1":"product","2":"type-product","3":"status-publish","4":"has-post-thumbnail","6":"product_brand-jbl","7":"product_cat-jbl-speaker","8":"product_tag-speaker","10":"first","11":"instock","12":"shipping-taxable","13":"product-type-simple"},"aioseo_notices":[],"aioseo_head":"\n\t\t<!-- All in One SEO Pro 4.5.9.2 - aioseo.com -->\n\t\t<meta name=\"description\" content=\"We just made our most powerful portable Bluetooth speaker even better. The iconic silhouette of the JBL Boombox 3 has a bold new update featuring a sturdy metal handle with silicone grips, twin sidecaps, and waterproof and dustproof signature fabric. It\u2019s been redesigned inside too, added with a new subwoofer unleashing much deeper bass and massive JBL Original Pro Sound, all with lower distortion. And 24 hours of play time takes you all the way from your morning workout to a late-night hang with your friends. And for sound that\u2019s practically limitless, instantly connect multiple speakers with the JBL Portable app.\" \/>\n\t\t<meta name=\"robots\" content=\"max-image-preview:large\" \/>\n\t\t<link rel=\"canonical\" href=\"https:\/\/www.rucashk.com\/pt\/produto\/jbl-boombox-3-portable-speaker\/\" \/>\n\t\t<meta name=\"generator\" content=\"All in One SEO Pro (AIOSEO) 4.5.9.2\" \/>\n\t\t<meta property=\"og:locale\" content=\"pt_PT\" \/>\n\t\t<meta property=\"og:site_name\" content=\"Rucas - One-stop AIoT Distribution Worldwide\" \/>\n\t\t<meta property=\"og:type\" content=\"article\" \/>\n\t\t<meta property=\"og:title\" content=\"JBL Boombox 3 Portable Speaker - Rucas - Wholesale and Distribution\" \/>\n\t\t<meta property=\"og:description\" content=\"We just made our most powerful portable Bluetooth speaker even better. The iconic silhouette of the JBL Boombox 3 has a bold new update featuring a sturdy metal handle with silicone grips, twin sidecaps, and waterproof and dustproof signature fabric. It\u2019s been redesigned inside too, added with a new subwoofer unleashing much deeper bass and massive JBL Original Pro Sound, all with lower distortion. And 24 hours of play time takes you all the way from your morning workout to a late-night hang with your friends. And for sound that\u2019s practically limitless, instantly connect multiple speakers with the JBL Portable app.\" \/>\n\t\t<meta property=\"og:url\" content=\"https:\/\/www.rucashk.com\/pt\/produto\/jbl-boombox-3-portable-speaker\/\" \/>\n\t\t<meta property=\"og:image\" content=\"https:\/\/www.rucashk.com\/wp-content\/uploads\/replace\/503b8e645f128a97ccde2b6290747646.jpeg\" \/>\n\t\t<meta property=\"og:image:secure_url\" content=\"https:\/\/www.rucashk.com\/wp-content\/uploads\/replace\/503b8e645f128a97ccde2b6290747646.jpeg\" \/>\n\t\t<meta property=\"og:image:width\" content=\"1456\" \/>\n\t\t<meta property=\"og:image:height\" content=\"816\" \/>\n\t\t<meta property=\"article:published_time\" content=\"2024-03-14T12:53:48+00:00\" \/>\n\t\t<meta property=\"article:modified_time\" content=\"2024-04-16T13:33:02+00:00\" \/>\n\t\t<meta name=\"twitter:card\" content=\"summary_large_image\" \/>\n\t\t<meta name=\"twitter:title\" content=\"JBL Boombox 3 Portable Speaker - Rucas - Wholesale and Distribution\" \/>\n\t\t<meta name=\"twitter:description\" content=\"We just made our most powerful portable Bluetooth speaker even better. The iconic silhouette of the JBL Boombox 3 has a bold new update featuring a sturdy metal handle with silicone grips, twin sidecaps, and waterproof and dustproof signature fabric. It\u2019s been redesigned inside too, added with a new subwoofer unleashing much deeper bass and massive JBL Original Pro Sound, all with lower distortion. And 24 hours of play time takes you all the way from your morning workout to a late-night hang with your friends. And for sound that\u2019s practically limitless, instantly connect multiple speakers with the JBL Portable app.\" \/>\n\t\t<meta name=\"twitter:image\" content=\"https:\/\/www.rucashk.com\/wp-content\/uploads\/replace\/503b8e645f128a97ccde2b6290747646.jpeg\" \/>\n\t\t<script type=\"application\/ld+json\" class=\"aioseo-schema\">\n\t\t\t{\"@context\":\"https:\\\/\\\/schema.org\",\"@graph\":[{\"@type\":\"BreadcrumbList\",\"@id\":\"https:\\\/\\\/www.rucashk.com\\\/pt\\\/produto\\\/jbl-boombox-3-portable-speaker\\\/#breadcrumblist\",\"itemListElement\":[{\"@type\":\"ListItem\",\"@id\":\"https:\\\/\\\/www.rucashk.com\\\/pt\\\/#listItem\",\"position\":1,\"name\":\"Home\",\"item\":\"https:\\\/\\\/www.rucashk.com\\\/pt\\\/\",\"nextItem\":\"https:\\\/\\\/www.rucashk.com\\\/pt\\\/produto\\\/jbl-boombox-3-portable-speaker\\\/#listItem\"},{\"@type\":\"ListItem\",\"@id\":\"https:\\\/\\\/www.rucashk.com\\\/pt\\\/produto\\\/jbl-boombox-3-portable-speaker\\\/#listItem\",\"position\":2,\"name\":\"JBL Boombox 3 Portable Speaker\",\"previousItem\":\"https:\\\/\\\/www.rucashk.com\\\/pt\\\/#listItem\"}]},{\"@type\":\"Organization\",\"@id\":\"https:\\\/\\\/www.rucashk.com\\\/pt\\\/#organization\",\"name\":\"Rucas\",\"url\":\"https:\\\/\\\/www.rucashk.com\\\/pt\\\/\",\"logo\":{\"@type\":\"ImageObject\",\"url\":\"https:\\\/\\\/www.rucashk.com\\\/wp-content\\\/uploads\\\/2023\\\/12\\\/Rucas_campany_logo.png\",\"@id\":\"https:\\\/\\\/www.rucashk.com\\\/pt\\\/produto\\\/jbl-boombox-3-portable-speaker\\\/#organizationLogo\",\"width\":221,\"height\":65},\"image\":{\"@id\":\"https:\\\/\\\/www.rucashk.com\\\/pt\\\/#organizationLogo\"}},{\"@type\":\"Person\",\"@id\":\"https:\\\/\\\/www.rucashk.com\\\/pt\\\/author\\\/admin\\\/#author\",\"url\":\"https:\\\/\\\/www.rucashk.com\\\/pt\\\/author\\\/admin\\\/\",\"name\":\"admin\",\"image\":{\"@type\":\"ImageObject\",\"@id\":\"https:\\\/\\\/www.rucashk.com\\\/pt\\\/produto\\\/jbl-boombox-3-portable-speaker\\\/#authorImage\",\"url\":\"https:\\\/\\\/secure.gravatar.com\\\/avatar\\\/b7c8925b09a27e72b30232f8ecaadbd5af0f70a38c78096863fe51b64f031c24?s=96&d=mm&r=g\",\"width\":96,\"height\":96,\"caption\":\"admin\"}},{\"@type\":\"WebPage\",\"@id\":\"https:\\\/\\\/www.rucashk.com\\\/pt\\\/produto\\\/jbl-boombox-3-portable-speaker\\\/#webpage\",\"url\":\"https:\\\/\\\/www.rucashk.com\\\/pt\\\/produto\\\/jbl-boombox-3-portable-speaker\\\/\",\"name\":\"JBL Boombox 3 Portable Speaker - Rucas - Wholesale and Distribution\",\"description\":\"We just made our most powerful portable Bluetooth speaker even better. The iconic silhouette of the JBL Boombox 3 has a bold new update featuring a sturdy metal handle with silicone grips, twin sidecaps, and waterproof and dustproof signature fabric. It\\u2019s been redesigned inside too, added with a new subwoofer unleashing much deeper bass and massive JBL Original Pro Sound, all with lower distortion. And 24 hours of play time takes you all the way from your morning workout to a late-night hang with your friends. And for sound that\\u2019s practically limitless, instantly connect multiple speakers with the JBL Portable app.\",\"inLanguage\":\"pt-PT\",\"isPartOf\":{\"@id\":\"https:\\\/\\\/www.rucashk.com\\\/pt\\\/#website\"},\"breadcrumb\":{\"@id\":\"https:\\\/\\\/www.rucashk.com\\\/pt\\\/produto\\\/jbl-boombox-3-portable-speaker\\\/#breadcrumblist\"},\"author\":{\"@id\":\"https:\\\/\\\/www.rucashk.com\\\/pt\\\/author\\\/admin\\\/#author\"},\"creator\":{\"@id\":\"https:\\\/\\\/www.rucashk.com\\\/pt\\\/author\\\/admin\\\/#author\"},\"image\":{\"@type\":\"ImageObject\",\"url\":\"https:\\\/\\\/www.rucashk.com\\\/wp-content\\\/uploads\\\/2024\\\/03\\\/34ddabcc-90a1-413d-b336-66bcc3db090b.png\",\"@id\":\"https:\\\/\\\/www.rucashk.com\\\/pt\\\/produto\\\/jbl-boombox-3-portable-speaker\\\/#mainImage\",\"width\":1605,\"height\":1605},\"primaryImageOfPage\":{\"@id\":\"https:\\\/\\\/www.rucashk.com\\\/pt\\\/produto\\\/jbl-boombox-3-portable-speaker\\\/#mainImage\"},\"datePublished\":\"2024-03-14T12:53:48+00:00\",\"dateModified\":\"2024-04-16T13:33:02+00:00\"},{\"@type\":\"WebSite\",\"@id\":\"https:\\\/\\\/www.rucashk.com\\\/pt\\\/#website\",\"url\":\"https:\\\/\\\/www.rucashk.com\\\/pt\\\/\",\"name\":\"Rucas - Wholesale and distribution worldwide\",\"alternateName\":\"Rucas - One-stop AIoT Distribution Worldwide\",\"description\":\"One-stop AIoT Distribution Worldwide\",\"inLanguage\":\"pt-PT\",\"publisher\":{\"@id\":\"https:\\\/\\\/www.rucashk.com\\\/pt\\\/#organization\"}}]}\n\t\t<\/script>\n\t\t<!-- All in One SEO Pro -->\r\n\t\t<title>JBL Boombox 3 Portable Speaker - Rucas - Wholesale and Distribution<\/title>\n\n","aioseo_head_json":{"title":"JBL Boombox 3 Portable Speaker - Rucas - Wholesale and Distribution","description":"We just made our most powerful portable Bluetooth speaker even better. The iconic silhouette of the JBL Boombox 3 has a bold new update featuring a sturdy metal handle with silicone grips, twin sidecaps, and waterproof and dustproof signature fabric. It\u2019s been redesigned inside too, added with a new subwoofer unleashing much deeper bass and massive JBL Original Pro Sound, all with lower distortion. And 24 hours of play time takes you all the way from your morning workout to a late-night hang with your friends. And for sound that\u2019s practically limitless, instantly connect multiple speakers with the JBL Portable app.","canonical_url":"https:\/\/www.rucashk.com\/pt\/produto\/jbl-boombox-3-portable-speaker\/","robots":"max-image-preview:large","keywords":"","webmasterTools":{"miscellaneous":""},"og:locale":"pt_PT","og:site_name":"Rucas - One-stop AIoT Distribution Worldwide","og:type":"article","og:title":"JBL Boombox 3 Portable Speaker - Rucas - Wholesale and Distribution","og:description":"We just made our most powerful portable Bluetooth speaker even better. The iconic silhouette of the JBL Boombox 3 has a bold new update featuring a sturdy metal handle with silicone grips, twin sidecaps, and waterproof and dustproof signature fabric. It\u2019s been redesigned inside too, added with a new subwoofer unleashing much deeper bass and massive JBL Original Pro Sound, all with lower distortion. And 24 hours of play time takes you all the way from your morning workout to a late-night hang with your friends. And for sound that\u2019s practically limitless, instantly connect multiple speakers with the JBL Portable app.","og:url":"https:\/\/www.rucashk.com\/pt\/produto\/jbl-boombox-3-portable-speaker\/","og:image":"https:\/\/www.rucashk.com\/wp-content\/uploads\/replace\/503b8e645f128a97ccde2b6290747646.jpeg","og:image:secure_url":"https:\/\/www.rucashk.com\/wp-content\/uploads\/replace\/503b8e645f128a97ccde2b6290747646.jpeg","og:image:width":1456,"og:image:height":816,"article:published_time":"2024-03-14T12:53:48+00:00","article:modified_time":"2024-04-16T13:33:02+00:00","twitter:card":"summary_large_image","twitter:title":"JBL Boombox 3 Portable Speaker - Rucas - Wholesale and Distribution","twitter:description":"We just made our most powerful portable Bluetooth speaker even better. The iconic silhouette of the JBL Boombox 3 has a bold new update featuring a sturdy metal handle with silicone grips, twin sidecaps, and waterproof and dustproof signature fabric. It\u2019s been redesigned inside too, added with a new subwoofer unleashing much deeper bass and massive JBL Original Pro Sound, all with lower distortion. And 24 hours of play time takes you all the way from your morning workout to a late-night hang with your friends. And for sound that\u2019s practically limitless, instantly connect multiple speakers with the JBL Portable app.","twitter:image":"https:\/\/www.rucashk.com\/wp-content\/uploads\/replace\/503b8e645f128a97ccde2b6290747646.jpeg","schema":{"@context":"https:\/\/schema.org","@graph":[{"@type":"BreadcrumbList","@id":"https:\/\/www.rucashk.com\/pt\/produto\/jbl-boombox-3-portable-speaker\/#breadcrumblist","itemListElement":[{"@type":"ListItem","@id":"https:\/\/www.rucashk.com\/pt\/#listItem","position":1,"name":"Home","item":"https:\/\/www.rucashk.com\/pt\/","nextItem":"https:\/\/www.rucashk.com\/pt\/produto\/jbl-boombox-3-portable-speaker\/#listItem"},{"@type":"ListItem","@id":"https:\/\/www.rucashk.com\/pt\/produto\/jbl-boombox-3-portable-speaker\/#listItem","position":2,"name":"JBL Boombox 3 Portable Speaker","previousItem":"https:\/\/www.rucashk.com\/pt\/#listItem"}]},{"@type":"Organization","@id":"https:\/\/www.rucashk.com\/pt\/#organization","name":"Rucas","url":"https:\/\/www.rucashk.com\/pt\/","logo":{"@type":"ImageObject","url":"https:\/\/www.rucashk.com\/wp-content\/uploads\/2023\/12\/Rucas_campany_logo.png","@id":"https:\/\/www.rucashk.com\/pt\/produto\/jbl-boombox-3-portable-speaker\/#organizationLogo","width":221,"height":65},"image":{"@id":"https:\/\/www.rucashk.com\/pt\/#organizationLogo"}},{"@type":"Person","@id":"https:\/\/www.rucashk.com\/pt\/author\/admin\/#author","url":"https:\/\/www.rucashk.com\/pt\/author\/admin\/","name":"admin","image":{"@type":"ImageObject","@id":"https:\/\/www.rucashk.com\/pt\/produto\/jbl-boombox-3-portable-speaker\/#authorImage","url":"https:\/\/secure.gravatar.com\/avatar\/b7c8925b09a27e72b30232f8ecaadbd5af0f70a38c78096863fe51b64f031c24?s=96&d=mm&r=g","width":96,"height":96,"caption":"admin"}},{"@type":"WebPage","@id":"https:\/\/www.rucashk.com\/pt\/produto\/jbl-boombox-3-portable-speaker\/#webpage","url":"https:\/\/www.rucashk.com\/pt\/produto\/jbl-boombox-3-portable-speaker\/","name":"JBL Boombox 3 Portable Speaker - Rucas - Wholesale and Distribution","description":"We just made our most powerful portable Bluetooth speaker even better. The iconic silhouette of the JBL Boombox 3 has a bold new update featuring a sturdy metal handle with silicone grips, twin sidecaps, and waterproof and dustproof signature fabric. It\u2019s been redesigned inside too, added with a new subwoofer unleashing much deeper bass and massive JBL Original Pro Sound, all with lower distortion. And 24 hours of play time takes you all the way from your morning workout to a late-night hang with your friends. And for sound that\u2019s practically limitless, instantly connect multiple speakers with the JBL Portable app.","inLanguage":"pt-PT","isPartOf":{"@id":"https:\/\/www.rucashk.com\/pt\/#website"},"breadcrumb":{"@id":"https:\/\/www.rucashk.com\/pt\/produto\/jbl-boombox-3-portable-speaker\/#breadcrumblist"},"author":{"@id":"https:\/\/www.rucashk.com\/pt\/author\/admin\/#author"},"creator":{"@id":"https:\/\/www.rucashk.com\/pt\/author\/admin\/#author"},"image":{"@type":"ImageObject","url":"https:\/\/www.rucashk.com\/wp-content\/uploads\/2024\/03\/34ddabcc-90a1-413d-b336-66bcc3db090b.png","@id":"https:\/\/www.rucashk.com\/pt\/produto\/jbl-boombox-3-portable-speaker\/#mainImage","width":1605,"height":1605},"primaryImageOfPage":{"@id":"https:\/\/www.rucashk.com\/pt\/produto\/jbl-boombox-3-portable-speaker\/#mainImage"},"datePublished":"2024-03-14T12:53:48+00:00","dateModified":"2024-04-16T13:33:02+00:00"},{"@type":"WebSite","@id":"https:\/\/www.rucashk.com\/pt\/#website","url":"https:\/\/www.rucashk.com\/pt\/","name":"Rucas - Wholesale and distribution worldwide","alternateName":"Rucas - One-stop AIoT Distribution Worldwide","description":"One-stop AIoT Distribution Worldwide","inLanguage":"pt-PT","publisher":{"@id":"https:\/\/www.rucashk.com\/pt\/#organization"}}]}},"aioseo_meta_data":{"post_id":"37629","title":null,"description":null,"keywords":null,"keyphrases":null,"primary_term":null,"canonical_url":null,"og_title":null,"og_description":null,"og_object_type":"default","og_image_type":"default","og_image_url":null,"og_image_width":null,"og_image_height":null,"og_image_custom_url":null,"og_image_custom_fields":null,"og_video":null,"og_custom_url":null,"og_article_section":null,"og_article_tags":null,"twitter_use_og":false,"twitter_card":"default","twitter_image_type":"default","twitter_image_url":null,"twitter_image_custom_url":null,"twitter_image_custom_fields":null,"twitter_title":null,"twitter_description":null,"schema":{"blockGraphs":[],"customGraphs":[],"default":{"data":{"Article":[],"Course":[],"Dataset":[],"FAQPage":[],"Movie":[],"Person":[],"Product":[],"Recipe":[],"Service":[],"SoftwareApplication":[],"WebPage":[]},"graphName":"","isEnabled":true},"graphs":[]},"schema_type":"default","schema_type_options":null,"pillar_content":false,"robots_default":true,"robots_noindex":false,"robots_noarchive":false,"robots_nosnippet":false,"robots_nofollow":false,"robots_noimageindex":false,"robots_noodp":false,"robots_notranslate":false,"robots_max_snippet":null,"robots_max_videopreview":null,"robots_max_imagepreview":"large","priority":null,"frequency":null,"local_seo":null,"breadcrumb_settings":null,"limit_modified_date":false,"created":"2024-04-11 01:57:23","updated":"2025-06-22 18:45:54"},"aioseo_breadcrumb":"<div class=\"aioseo-breadcrumbs\"><span class=\"aioseo-breadcrumb\">\n\t<a href=\"https:\/\/www.rucashk.com\/pt\" title=\"Home\">Home<\/a>\n<\/span><span class=\"aioseo-breadcrumb-separator\">&raquo;<\/span><span class=\"aioseo-breadcrumb\">\n\t<a href=\"https:\/\/www.rucashk.com\/pt\/products\/\" title=\"Produtos\">Produtos<\/a>\n<\/span><span class=\"aioseo-breadcrumb-separator\">&raquo;<\/span><span class=\"aioseo-breadcrumb\">\n\t<a href=\"https:\/\/www.rucashk.com\/pt\/marca\/jbl\/\" title=\"JBL\">JBL<\/a>\n<\/span><span class=\"aioseo-breadcrumb-separator\">&raquo;<\/span><span class=\"aioseo-breadcrumb\">\n\tJBL Boombox 3 Portable Speaker\n<\/span><\/div>","aioseo_breadcrumb_json":[{"label":"Home","link":"https:\/\/www.rucashk.com\/pt"},{"label":"Produtos","link":"https:\/\/www.rucashk.com\/pt\/products\/"},{"label":"JBL","link":"https:\/\/www.rucashk.com\/pt\/marca\/jbl\/"},{"label":"JBL Boombox 3 Portable Speaker","link":"https:\/\/www.rucashk.com\/pt\/produto\/jbl-boombox-3-portable-speaker\/"}],"_links":{"self":[{"href":"https:\/\/www.rucashk.com\/pt\/wp-json\/wp\/v2\/product\/37629","targetHints":{"allow":["GET"]}}],"collection":[{"href":"https:\/\/www.rucashk.com\/pt\/wp-json\/wp\/v2\/product"}],"about":[{"href":"https:\/\/www.rucashk.com\/pt\/wp-json\/wp\/v2\/types\/product"}],"wp:featuredmedia":[{"embeddable":true,"href":"https:\/\/www.rucashk.com\/pt\/wp-json\/wp\/v2\/media\/37633"}],"wp:attachment":[{"href":"https:\/\/www.rucashk.com\/pt\/wp-json\/wp\/v2\/media?parent=37629"}],"wp:term":[{"taxonomy":"product_brand","embeddable":true,"href":"https:\/\/www.rucashk.com\/pt\/wp-json\/wp\/v2\/product_brand?post=37629"},{"taxonomy":"product_cat","embeddable":true,"href":"https:\/\/www.rucashk.com\/pt\/wp-json\/wp\/v2\/product_cat?post=37629"},{"taxonomy":"product_tag","embeddable":true,"href":"https:\/\/www.rucashk.com\/pt\/wp-json\/wp\/v2\/product_tag?post=37629"}],"curies":[{"name":"wp","href":"https:\/\/api.w.org\/{rel}","templated":true}]}}