{"id":37578,"date":"2024-03-13T15:36:30","date_gmt":"2024-03-13T15:36:30","guid":{"rendered":"http:\/\/rucashk.com\/?post_type=product&#038;p=37578"},"modified":"2024-04-16T13:31:39","modified_gmt":"2024-04-16T13:31:39","slug":"jbl-go-3-portable-waterproof-speaker","status":"publish","type":"product","link":"https:\/\/www.rucashk.com\/pt\/produto\/jbl-go-3-portable-waterproof-speaker\/","title":{"rendered":"Alto-falante port\u00e1til \u00e0 prova d&#039;\u00e1gua JBL Go 3"},"content":{"rendered":"<div class=\"expanded-feature -lifestyle not-in-view\">\n<div class=\"imagery\"><img decoding=\"async\" class=\"aligncenter\" src=\"\/wp-content\/uploads\/replace\/993544cb9ed5ca1319d6a6ef3704a084.png\" alt=\"Original JBL Pro Sound\" data-src=\"\/on\/demandware.static\/-\/Sites-masterCatalog_Harman\/default\/dwa6821737\/pdp\/JBL_GO3_WORKOUT_LIFESTYLE01_904x560px.png\" \/><\/div>\n<div class=\"copy\" style=\"text-align: center;\">\n<h3>Som JBL Pro Original<\/h3>\n<p>O JBL Pro Sound oferece \u00e1udio surpreendentemente grande e graves potentes no tamanho ultracompacto do Go 3.<\/p>\n<\/div>\n<\/div>\n<div class=\"expanded-feature -lifestyle in-view\" style=\"text-align: center;\">\n<div class=\"imagery\"><img decoding=\"async\" src=\"\/wp-content\/uploads\/replace\/5080815381117205d944356ea7301a8d.png\" alt=\"Bold style and ultra-portable design\" data-src=\"\/on\/demandware.static\/-\/Sites-masterCatalog_Harman\/default\/dw34b9aff5\/pdp\/JBL_GO3_RED_LIFESTYLE02_904x560px.png\" \/><\/div>\n<div class=\"copy\">\n<h3>Estilo arrojado e design ultraport\u00e1til<\/h3>\n<p>O design ultraport\u00e1til do JBL Go 3 combina perfeitamente com os estilos mais recentes, e seus tecidos coloridos e detalhes expressivos fazem com que ele tenha uma apar\u00eancia t\u00e3o incr\u00edvel quanto parece.<\/p>\n<\/div>\n<\/div>\n<div class=\"expanded-feature -lifestyle in-view\">\n<div class=\"imagery\" style=\"text-align: center;\"><img decoding=\"async\" src=\"\/wp-content\/uploads\/replace\/1f5fd92a8ba31dd9dedd8bb23b251f18.png\" alt=\"IP67 waterproof and dustproof\" data-src=\"\/on\/demandware.static\/-\/Sites-masterCatalog_Harman\/default\/dw4d76b345\/pdp\/JBL_GO3_GREY_LIFESTYLE03_904x560px.png\" \/><\/div>\n<div class=\"copy\">\n<p style=\"text-align: center;\">\n<\/div>\n<\/div>\n<p>SOM JBL PRO ORIGINAL<br \/>\nO JBL Pro Sound oferece \u00e1udio surpreendentemente grande e graves potentes no tamanho ultracompacto do Go 3.<\/p>\n<p>ESTILO OUSADO E DESIGN ULTRAPORT\u00c1TIL<br \/>\nO design ultraport\u00e1til do JBL Go 3 combina perfeitamente com os estilos mais recentes, e seus tecidos coloridos e detalhes expressivos fazem com que ele tenha uma apar\u00eancia t\u00e3o incr\u00edvel quanto parece.<\/p>\n<p>IP67 IMPERME\u00c1VEL E \u00c0 PROVA DE POEIRA<br \/>\nPara a piscina. Para o Parque. JBL Go 3 \u00e9 IP67 \u00e0 prova d\u2019\u00e1gua e poeira, ent\u00e3o voc\u00ea pode levar seu alto-falante para qualquer lugar.<\/p>\n<p>TRANSMISS\u00c3O POR BLUETOOTH SEM FIO<br \/>\nTransmita m\u00fasica sem fio do seu telefone, tablet ou qualquer outro dispositivo habilitado para Bluetooth.<\/p>\n<p>5 HORAS DE JOGO<br \/>\nN\u00e3o se preocupe com pequenas coisas, como carregar a bateria. Go 3 oferece at\u00e9 5 horas de reprodu\u00e7\u00e3o com uma \u00fanica carga.<\/p>\n<p>OP\u00c7\u00d5ES DE CORES VIBRANTES<br \/>\nJBL Go 3 apresenta cores exclusivas inspiradas nas \u00faltimas tend\u00eancias da moda de rua, introduzindo tonalidades e combina\u00e7\u00f5es completamente novas.<\/p>","protected":false},"excerpt":{"rendered":"<p>JBL Go 3 apresenta estilo arrojado e som JBL Pro rico. Com seu novo design atraente, tecidos coloridos e detalhes expressivos, este \u00e9 um acess\u00f3rio indispens\u00e1vel para o seu pr\u00f3ximo passeio. Suas m\u00fasicas v\u00e3o te animar com o JBL Pro Sound, \u00e9 IP67 \u00e0 prova d&#039;\u00e1gua e \u00e0 prova de poeira para que voc\u00ea possa continuar ouvindo, fa\u00e7a chuva ou fa\u00e7a sol, e com seu loop integrado, voc\u00ea pode carreg\u00e1-lo para qualquer lugar. Go 3 vem em tons e combina\u00e7\u00f5es de cores completamente novos, inspirados na moda de rua atual. JBL Go 3 parece t\u00e3o v\u00edvido quanto parece.<\/p>","protected":false},"featured_media":37588,"template":"","meta":[],"product_brand":[1354],"product_cat":[1285],"product_tag":[1357],"class_list":{"0":"post-37578","1":"product","2":"type-product","3":"status-publish","4":"has-post-thumbnail","6":"product_brand-jbl","7":"product_cat-jbl-speaker","8":"product_tag-speaker","10":"first","11":"instock","12":"shipping-taxable","13":"product-type-simple"},"aioseo_notices":[],"aioseo_head":"\n\t\t<!-- All in One SEO Pro 4.5.9.2 - aioseo.com -->\n\t\t<meta name=\"description\" content=\"JBL Go 3 features bold styling and rich JBL Pro Sound. With its new eye-catching edgy design, colorful fabrics and expressive details this a must-have accessory for your next outing. Your tunes will lift you up with JBL Pro Sound, it\u2019s IP67 waterproof and dustproof so you can keep listening rain or shine, and with its integrated loop, you can carry it anywhere. Go 3 comes in completely new shades and color combinations inspired by current street fashion. JBL Go 3 looks as vivid as it sounds.\" \/>\n\t\t<meta name=\"robots\" content=\"max-image-preview:large\" \/>\n\t\t<link rel=\"canonical\" href=\"https:\/\/www.rucashk.com\/pt\/produto\/jbl-go-3-portable-waterproof-speaker\/\" \/>\n\t\t<meta name=\"generator\" content=\"All in One SEO Pro (AIOSEO) 4.5.9.2\" \/>\n\t\t<meta property=\"og:locale\" content=\"pt_PT\" \/>\n\t\t<meta property=\"og:site_name\" content=\"Rucas - One-stop AIoT Distribution Worldwide\" \/>\n\t\t<meta property=\"og:type\" content=\"article\" \/>\n\t\t<meta property=\"og:title\" content=\"JBL Go 3 Portable Waterproof Speaker - Rucas - Wholesale and Distribution\" \/>\n\t\t<meta property=\"og:description\" content=\"JBL Go 3 features bold styling and rich JBL Pro Sound. With its new eye-catching edgy design, colorful fabrics and expressive details this a must-have accessory for your next outing. Your tunes will lift you up with JBL Pro Sound, it\u2019s IP67 waterproof and dustproof so you can keep listening rain or shine, and with its integrated loop, you can carry it anywhere. Go 3 comes in completely new shades and color combinations inspired by current street fashion. JBL Go 3 looks as vivid as it sounds.\" \/>\n\t\t<meta property=\"og:url\" content=\"https:\/\/www.rucashk.com\/pt\/produto\/jbl-go-3-portable-waterproof-speaker\/\" \/>\n\t\t<meta property=\"og:image\" content=\"https:\/\/www.rucashk.com\/wp-content\/uploads\/replace\/503b8e645f128a97ccde2b6290747646.jpeg\" \/>\n\t\t<meta property=\"og:image:secure_url\" content=\"https:\/\/www.rucashk.com\/wp-content\/uploads\/replace\/503b8e645f128a97ccde2b6290747646.jpeg\" \/>\n\t\t<meta property=\"og:image:width\" content=\"1456\" \/>\n\t\t<meta property=\"og:image:height\" content=\"816\" \/>\n\t\t<meta property=\"article:published_time\" content=\"2024-03-13T15:36:30+00:00\" \/>\n\t\t<meta property=\"article:modified_time\" content=\"2024-04-16T13:31:39+00:00\" \/>\n\t\t<meta name=\"twitter:card\" content=\"summary_large_image\" \/>\n\t\t<meta name=\"twitter:title\" content=\"JBL Go 3 Portable Waterproof Speaker - Rucas - Wholesale and Distribution\" \/>\n\t\t<meta name=\"twitter:description\" content=\"JBL Go 3 features bold styling and rich JBL Pro Sound. With its new eye-catching edgy design, colorful fabrics and expressive details this a must-have accessory for your next outing. Your tunes will lift you up with JBL Pro Sound, it\u2019s IP67 waterproof and dustproof so you can keep listening rain or shine, and with its integrated loop, you can carry it anywhere. Go 3 comes in completely new shades and color combinations inspired by current street fashion. JBL Go 3 looks as vivid as it sounds.\" \/>\n\t\t<meta name=\"twitter:image\" content=\"https:\/\/www.rucashk.com\/wp-content\/uploads\/replace\/503b8e645f128a97ccde2b6290747646.jpeg\" \/>\n\t\t<script type=\"application\/ld+json\" class=\"aioseo-schema\">\n\t\t\t{\"@context\":\"https:\\\/\\\/schema.org\",\"@graph\":[{\"@type\":\"BreadcrumbList\",\"@id\":\"https:\\\/\\\/www.rucashk.com\\\/pt\\\/produto\\\/jbl-go-3-portable-waterproof-speaker\\\/#breadcrumblist\",\"itemListElement\":[{\"@type\":\"ListItem\",\"@id\":\"https:\\\/\\\/www.rucashk.com\\\/pt\\\/#listItem\",\"position\":1,\"name\":\"Home\",\"item\":\"https:\\\/\\\/www.rucashk.com\\\/pt\\\/\",\"nextItem\":\"https:\\\/\\\/www.rucashk.com\\\/pt\\\/produto\\\/jbl-go-3-portable-waterproof-speaker\\\/#listItem\"},{\"@type\":\"ListItem\",\"@id\":\"https:\\\/\\\/www.rucashk.com\\\/pt\\\/produto\\\/jbl-go-3-portable-waterproof-speaker\\\/#listItem\",\"position\":2,\"name\":\"JBL Go 3 Portable Waterproof Speaker\",\"previousItem\":\"https:\\\/\\\/www.rucashk.com\\\/pt\\\/#listItem\"}]},{\"@type\":\"Organization\",\"@id\":\"https:\\\/\\\/www.rucashk.com\\\/pt\\\/#organization\",\"name\":\"Rucas\",\"url\":\"https:\\\/\\\/www.rucashk.com\\\/pt\\\/\",\"logo\":{\"@type\":\"ImageObject\",\"url\":\"https:\\\/\\\/www.rucashk.com\\\/wp-content\\\/uploads\\\/2023\\\/12\\\/Rucas_campany_logo.png\",\"@id\":\"https:\\\/\\\/www.rucashk.com\\\/pt\\\/produto\\\/jbl-go-3-portable-waterproof-speaker\\\/#organizationLogo\",\"width\":221,\"height\":65},\"image\":{\"@id\":\"https:\\\/\\\/www.rucashk.com\\\/pt\\\/#organizationLogo\"}},{\"@type\":\"Person\",\"@id\":\"https:\\\/\\\/www.rucashk.com\\\/pt\\\/author\\\/admin\\\/#author\",\"url\":\"https:\\\/\\\/www.rucashk.com\\\/pt\\\/author\\\/admin\\\/\",\"name\":\"admin\",\"image\":{\"@type\":\"ImageObject\",\"@id\":\"https:\\\/\\\/www.rucashk.com\\\/pt\\\/produto\\\/jbl-go-3-portable-waterproof-speaker\\\/#authorImage\",\"url\":\"https:\\\/\\\/secure.gravatar.com\\\/avatar\\\/b7c8925b09a27e72b30232f8ecaadbd5af0f70a38c78096863fe51b64f031c24?s=96&d=mm&r=g\",\"width\":96,\"height\":96,\"caption\":\"admin\"}},{\"@type\":\"WebPage\",\"@id\":\"https:\\\/\\\/www.rucashk.com\\\/pt\\\/produto\\\/jbl-go-3-portable-waterproof-speaker\\\/#webpage\",\"url\":\"https:\\\/\\\/www.rucashk.com\\\/pt\\\/produto\\\/jbl-go-3-portable-waterproof-speaker\\\/\",\"name\":\"JBL Go 3 Portable Waterproof Speaker - Rucas - Wholesale and Distribution\",\"description\":\"JBL Go 3 features bold styling and rich JBL Pro Sound. With its new eye-catching edgy design, colorful fabrics and expressive details this a must-have accessory for your next outing. Your tunes will lift you up with JBL Pro Sound, it\\u2019s IP67 waterproof and dustproof so you can keep listening rain or shine, and with its integrated loop, you can carry it anywhere. Go 3 comes in completely new shades and color combinations inspired by current street fashion. JBL Go 3 looks as vivid as it sounds.\",\"inLanguage\":\"pt-PT\",\"isPartOf\":{\"@id\":\"https:\\\/\\\/www.rucashk.com\\\/pt\\\/#website\"},\"breadcrumb\":{\"@id\":\"https:\\\/\\\/www.rucashk.com\\\/pt\\\/produto\\\/jbl-go-3-portable-waterproof-speaker\\\/#breadcrumblist\"},\"author\":{\"@id\":\"https:\\\/\\\/www.rucashk.com\\\/pt\\\/author\\\/admin\\\/#author\"},\"creator\":{\"@id\":\"https:\\\/\\\/www.rucashk.com\\\/pt\\\/author\\\/admin\\\/#author\"},\"image\":{\"@type\":\"ImageObject\",\"url\":\"https:\\\/\\\/www.rucashk.com\\\/wp-content\\\/uploads\\\/2024\\\/03\\\/df504e52-a245-4215-aa8b-7884abac723c.png\",\"@id\":\"https:\\\/\\\/www.rucashk.com\\\/pt\\\/produto\\\/jbl-go-3-portable-waterproof-speaker\\\/#mainImage\",\"width\":1605,\"height\":1605},\"primaryImageOfPage\":{\"@id\":\"https:\\\/\\\/www.rucashk.com\\\/pt\\\/produto\\\/jbl-go-3-portable-waterproof-speaker\\\/#mainImage\"},\"datePublished\":\"2024-03-13T15:36:30+00:00\",\"dateModified\":\"2024-04-16T13:31:39+00:00\"},{\"@type\":\"WebSite\",\"@id\":\"https:\\\/\\\/www.rucashk.com\\\/pt\\\/#website\",\"url\":\"https:\\\/\\\/www.rucashk.com\\\/pt\\\/\",\"name\":\"Rucas - Wholesale and distribution worldwide\",\"alternateName\":\"Rucas - One-stop AIoT Distribution Worldwide\",\"description\":\"One-stop AIoT Distribution Worldwide\",\"inLanguage\":\"pt-PT\",\"publisher\":{\"@id\":\"https:\\\/\\\/www.rucashk.com\\\/pt\\\/#organization\"}}]}\n\t\t<\/script>\n\t\t<!-- All in One SEO Pro -->\r\n\t\t<title>JBL Go 3 Portable Waterproof Speaker - Rucas - Wholesale and Distribution<\/title>\n\n","aioseo_head_json":{"title":"JBL Go 3 Portable Waterproof Speaker - Rucas - Wholesale and Distribution","description":"JBL Go 3 features bold styling and rich JBL Pro Sound. With its new eye-catching edgy design, colorful fabrics and expressive details this a must-have accessory for your next outing. Your tunes will lift you up with JBL Pro Sound, it\u2019s IP67 waterproof and dustproof so you can keep listening rain or shine, and with its integrated loop, you can carry it anywhere. Go 3 comes in completely new shades and color combinations inspired by current street fashion. JBL Go 3 looks as vivid as it sounds.","canonical_url":"https:\/\/www.rucashk.com\/pt\/produto\/jbl-go-3-portable-waterproof-speaker\/","robots":"max-image-preview:large","keywords":"","webmasterTools":{"miscellaneous":""},"og:locale":"pt_PT","og:site_name":"Rucas - One-stop AIoT Distribution Worldwide","og:type":"article","og:title":"JBL Go 3 Portable Waterproof Speaker - Rucas - Wholesale and Distribution","og:description":"JBL Go 3 features bold styling and rich JBL Pro Sound. With its new eye-catching edgy design, colorful fabrics and expressive details this a must-have accessory for your next outing. Your tunes will lift you up with JBL Pro Sound, it\u2019s IP67 waterproof and dustproof so you can keep listening rain or shine, and with its integrated loop, you can carry it anywhere. Go 3 comes in completely new shades and color combinations inspired by current street fashion. JBL Go 3 looks as vivid as it sounds.","og:url":"https:\/\/www.rucashk.com\/pt\/produto\/jbl-go-3-portable-waterproof-speaker\/","og:image":"https:\/\/www.rucashk.com\/wp-content\/uploads\/replace\/503b8e645f128a97ccde2b6290747646.jpeg","og:image:secure_url":"https:\/\/www.rucashk.com\/wp-content\/uploads\/replace\/503b8e645f128a97ccde2b6290747646.jpeg","og:image:width":1456,"og:image:height":816,"article:published_time":"2024-03-13T15:36:30+00:00","article:modified_time":"2024-04-16T13:31:39+00:00","twitter:card":"summary_large_image","twitter:title":"JBL Go 3 Portable Waterproof Speaker - Rucas - Wholesale and Distribution","twitter:description":"JBL Go 3 features bold styling and rich JBL Pro Sound. With its new eye-catching edgy design, colorful fabrics and expressive details this a must-have accessory for your next outing. Your tunes will lift you up with JBL Pro Sound, it\u2019s IP67 waterproof and dustproof so you can keep listening rain or shine, and with its integrated loop, you can carry it anywhere. Go 3 comes in completely new shades and color combinations inspired by current street fashion. JBL Go 3 looks as vivid as it sounds.","twitter:image":"https:\/\/www.rucashk.com\/wp-content\/uploads\/replace\/503b8e645f128a97ccde2b6290747646.jpeg","schema":{"@context":"https:\/\/schema.org","@graph":[{"@type":"BreadcrumbList","@id":"https:\/\/www.rucashk.com\/pt\/produto\/jbl-go-3-portable-waterproof-speaker\/#breadcrumblist","itemListElement":[{"@type":"ListItem","@id":"https:\/\/www.rucashk.com\/pt\/#listItem","position":1,"name":"Home","item":"https:\/\/www.rucashk.com\/pt\/","nextItem":"https:\/\/www.rucashk.com\/pt\/produto\/jbl-go-3-portable-waterproof-speaker\/#listItem"},{"@type":"ListItem","@id":"https:\/\/www.rucashk.com\/pt\/produto\/jbl-go-3-portable-waterproof-speaker\/#listItem","position":2,"name":"JBL Go 3 Portable Waterproof Speaker","previousItem":"https:\/\/www.rucashk.com\/pt\/#listItem"}]},{"@type":"Organization","@id":"https:\/\/www.rucashk.com\/pt\/#organization","name":"Rucas","url":"https:\/\/www.rucashk.com\/pt\/","logo":{"@type":"ImageObject","url":"https:\/\/www.rucashk.com\/wp-content\/uploads\/2023\/12\/Rucas_campany_logo.png","@id":"https:\/\/www.rucashk.com\/pt\/produto\/jbl-go-3-portable-waterproof-speaker\/#organizationLogo","width":221,"height":65},"image":{"@id":"https:\/\/www.rucashk.com\/pt\/#organizationLogo"}},{"@type":"Person","@id":"https:\/\/www.rucashk.com\/pt\/author\/admin\/#author","url":"https:\/\/www.rucashk.com\/pt\/author\/admin\/","name":"admin","image":{"@type":"ImageObject","@id":"https:\/\/www.rucashk.com\/pt\/produto\/jbl-go-3-portable-waterproof-speaker\/#authorImage","url":"https:\/\/secure.gravatar.com\/avatar\/b7c8925b09a27e72b30232f8ecaadbd5af0f70a38c78096863fe51b64f031c24?s=96&d=mm&r=g","width":96,"height":96,"caption":"admin"}},{"@type":"WebPage","@id":"https:\/\/www.rucashk.com\/pt\/produto\/jbl-go-3-portable-waterproof-speaker\/#webpage","url":"https:\/\/www.rucashk.com\/pt\/produto\/jbl-go-3-portable-waterproof-speaker\/","name":"JBL Go 3 Portable Waterproof Speaker - Rucas - Wholesale and Distribution","description":"JBL Go 3 features bold styling and rich JBL Pro Sound. With its new eye-catching edgy design, colorful fabrics and expressive details this a must-have accessory for your next outing. Your tunes will lift you up with JBL Pro Sound, it\u2019s IP67 waterproof and dustproof so you can keep listening rain or shine, and with its integrated loop, you can carry it anywhere. Go 3 comes in completely new shades and color combinations inspired by current street fashion. JBL Go 3 looks as vivid as it sounds.","inLanguage":"pt-PT","isPartOf":{"@id":"https:\/\/www.rucashk.com\/pt\/#website"},"breadcrumb":{"@id":"https:\/\/www.rucashk.com\/pt\/produto\/jbl-go-3-portable-waterproof-speaker\/#breadcrumblist"},"author":{"@id":"https:\/\/www.rucashk.com\/pt\/author\/admin\/#author"},"creator":{"@id":"https:\/\/www.rucashk.com\/pt\/author\/admin\/#author"},"image":{"@type":"ImageObject","url":"https:\/\/www.rucashk.com\/wp-content\/uploads\/2024\/03\/df504e52-a245-4215-aa8b-7884abac723c.png","@id":"https:\/\/www.rucashk.com\/pt\/produto\/jbl-go-3-portable-waterproof-speaker\/#mainImage","width":1605,"height":1605},"primaryImageOfPage":{"@id":"https:\/\/www.rucashk.com\/pt\/produto\/jbl-go-3-portable-waterproof-speaker\/#mainImage"},"datePublished":"2024-03-13T15:36:30+00:00","dateModified":"2024-04-16T13:31:39+00:00"},{"@type":"WebSite","@id":"https:\/\/www.rucashk.com\/pt\/#website","url":"https:\/\/www.rucashk.com\/pt\/","name":"Rucas - Wholesale and distribution worldwide","alternateName":"Rucas - One-stop AIoT Distribution Worldwide","description":"One-stop AIoT Distribution Worldwide","inLanguage":"pt-PT","publisher":{"@id":"https:\/\/www.rucashk.com\/pt\/#organization"}}]}},"aioseo_meta_data":{"post_id":"37578","title":null,"description":null,"keywords":null,"keyphrases":null,"primary_term":null,"canonical_url":null,"og_title":null,"og_description":null,"og_object_type":"default","og_image_type":"default","og_image_url":null,"og_image_width":null,"og_image_height":null,"og_image_custom_url":null,"og_image_custom_fields":null,"og_video":null,"og_custom_url":null,"og_article_section":null,"og_article_tags":null,"twitter_use_og":false,"twitter_card":"default","twitter_image_type":"default","twitter_image_url":null,"twitter_image_custom_url":null,"twitter_image_custom_fields":null,"twitter_title":null,"twitter_description":null,"schema":{"blockGraphs":[],"customGraphs":[],"default":{"data":{"Article":[],"Course":[],"Dataset":[],"FAQPage":[],"Movie":[],"Person":[],"Product":[],"Recipe":[],"Service":[],"SoftwareApplication":[],"WebPage":[]},"graphName":"","isEnabled":true},"graphs":[]},"schema_type":"default","schema_type_options":null,"pillar_content":false,"robots_default":true,"robots_noindex":false,"robots_noarchive":false,"robots_nosnippet":false,"robots_nofollow":false,"robots_noimageindex":false,"robots_noodp":false,"robots_notranslate":false,"robots_max_snippet":null,"robots_max_videopreview":null,"robots_max_imagepreview":"large","priority":null,"frequency":null,"local_seo":null,"breadcrumb_settings":null,"limit_modified_date":false,"created":"2024-04-11 01:57:23","updated":"2025-06-22 18:45:54"},"aioseo_breadcrumb":"<div class=\"aioseo-breadcrumbs\"><span class=\"aioseo-breadcrumb\">\n\t<a href=\"https:\/\/www.rucashk.com\/pt\" title=\"Home\">Home<\/a>\n<\/span><span class=\"aioseo-breadcrumb-separator\">&raquo;<\/span><span class=\"aioseo-breadcrumb\">\n\t<a href=\"https:\/\/www.rucashk.com\/pt\/products\/\" title=\"Produtos\">Produtos<\/a>\n<\/span><span class=\"aioseo-breadcrumb-separator\">&raquo;<\/span><span class=\"aioseo-breadcrumb\">\n\t<a href=\"https:\/\/www.rucashk.com\/pt\/marca\/jbl\/\" title=\"JBL\">JBL<\/a>\n<\/span><span class=\"aioseo-breadcrumb-separator\">&raquo;<\/span><span class=\"aioseo-breadcrumb\">\n\tJBL Go 3 Portable Waterproof Speaker\n<\/span><\/div>","aioseo_breadcrumb_json":[{"label":"Home","link":"https:\/\/www.rucashk.com\/pt"},{"label":"Produtos","link":"https:\/\/www.rucashk.com\/pt\/products\/"},{"label":"JBL","link":"https:\/\/www.rucashk.com\/pt\/marca\/jbl\/"},{"label":"JBL Go 3 Portable Waterproof Speaker","link":"https:\/\/www.rucashk.com\/pt\/produto\/jbl-go-3-portable-waterproof-speaker\/"}],"_links":{"self":[{"href":"https:\/\/www.rucashk.com\/pt\/wp-json\/wp\/v2\/product\/37578","targetHints":{"allow":["GET"]}}],"collection":[{"href":"https:\/\/www.rucashk.com\/pt\/wp-json\/wp\/v2\/product"}],"about":[{"href":"https:\/\/www.rucashk.com\/pt\/wp-json\/wp\/v2\/types\/product"}],"wp:featuredmedia":[{"embeddable":true,"href":"https:\/\/www.rucashk.com\/pt\/wp-json\/wp\/v2\/media\/37588"}],"wp:attachment":[{"href":"https:\/\/www.rucashk.com\/pt\/wp-json\/wp\/v2\/media?parent=37578"}],"wp:term":[{"taxonomy":"product_brand","embeddable":true,"href":"https:\/\/www.rucashk.com\/pt\/wp-json\/wp\/v2\/product_brand?post=37578"},{"taxonomy":"product_cat","embeddable":true,"href":"https:\/\/www.rucashk.com\/pt\/wp-json\/wp\/v2\/product_cat?post=37578"},{"taxonomy":"product_tag","embeddable":true,"href":"https:\/\/www.rucashk.com\/pt\/wp-json\/wp\/v2\/product_tag?post=37578"}],"curies":[{"name":"wp","href":"https:\/\/api.w.org\/{rel}","templated":true}]}}