{"id":37507,"date":"2024-03-13T14:31:05","date_gmt":"2024-03-13T14:31:05","guid":{"rendered":"http:\/\/rucashk.com\/?post_type=product&#038;p=37507"},"modified":"2024-04-16T13:31:35","modified_gmt":"2024-04-16T13:31:35","slug":"jbl-partybox-710-party-speaker-with-800w","status":"publish","type":"product","link":"https:\/\/www.rucashk.com\/pt\/produto\/jbl-partybox-710-party-speaker-with-800w\/","title":{"rendered":"Alto-falante de festa JBL Partybox 710 com 800W"},"content":{"rendered":"<div class=\"expanded-feature -lifestyle in-view\">\n<div class=\"imagery\"><img decoding=\"async\" class=\"aligncenter\" src=\"\/wp-content\/uploads\/replace\/e70525966b6b291a3c8b5f28700d9f11.png\" alt=\"800W RMS of powerful JBL Original Pro Sound\" data-src=\"\/on\/demandware.static\/-\/Sites-masterCatalog_Harman\/default\/dw23032148\/pdp\/JBL_Partybox_710__Lifestyle_03_905x560px.png\" \/><\/div>\n<\/div>\n<div class=\"expanded-feature -lifestyle in-view\" style=\"text-align: center;\">\n<div class=\"imagery\"><img decoding=\"async\" src=\"\/wp-content\/uploads\/replace\/a7780e386adfedd21442af82700cd5e9.png\" alt=\"Dynamic, colorful, customizable lightshow\" data-src=\"\/on\/demandware.static\/-\/Sites-masterCatalog_Harman\/default\/dw274d5668\/pdp\/JBL_Partybox_710__Lifestyle_01_905x560px.png\" \/><\/div>\n<\/div>\n<div class=\"expanded-feature -lifestyle in-view\">\n<div class=\"imagery\"><img decoding=\"async\" class=\"aligncenter\" src=\"\/wp-content\/uploads\/replace\/f7323ad481c0acb2cffb576b2e8bdc07.png\" alt=\"IPX4 splashproof\" data-src=\"\/on\/demandware.static\/-\/Sites-masterCatalog_Harman\/default\/dw16c21841\/pdp\/JBL_Partybox_710__Lifestyle_02_905x560px.png\" \/><\/div>\n<\/div>\n<p>Se voc\u00ea precisa entreter grandes multid\u00f5es e festas barulhentas, o\u00a0<b>Alto-falante port\u00e1til sem fio JBL PartyBox 710 800W<\/b>\u00a0pode atender \u00e0s suas necessidades com 800 W de bombeamento de \u00e1udio de woofers duplos de 8 \u2033 e tweeters duplos de 2,75 \u2033. Eles s\u00e3o combinados com uma porta bass-reflex sintonizada para reprodu\u00e7\u00e3o de \u00e1udio alta, por\u00e9m detalhada. Voc\u00ea pode transmitir sua lista de reprodu\u00e7\u00e3o favorita atrav\u00e9s de um dispositivo m\u00f3vel compat\u00edvel com Bluetooth ou pode mostrar suas habilidades usando as entradas de guitarra e microfone duplo. Levando a festa para o pr\u00f3ximo n\u00edvel, o PartyBox 710 tamb\u00e9m possui luzes coloridas integradas e v\u00e1rios efeitos de ilumina\u00e7\u00e3o que podem fazer o quintal parecer uma boate.<\/p>\n<p>800 W RMS DE PODEROSO SOM JBL ORIGINAL PRO<br \/>\nCrie uma conex\u00e3o musical instant\u00e2nea com 800 watts potentes de alto desempenho JBL Original Pro Sound. Tweeters duplos de 2,75\u2033 e woofers de 8\u2033 combinados com sua porta bass reflex sintonizada oferecem perfei\u00e7\u00e3o de \u00e1udio detalhada para m\u00fasica t\u00e3o alta que voc\u00ea pode literalmente sentir a batida.<\/p>\n<p>SHOW DE LUZ DIN\u00c2MICO, COLORIDO E PERSONALIZ\u00c1VEL<br \/>\nLuzes, cores, festa! Transforme qualquer espa\u00e7o em um show de rock, boate e sal\u00e3o de karaok\u00ea, tudo em um s\u00f3 lugar. Sincronize sua m\u00fasica com luzes estrobosc\u00f3picas din\u00e2micas e personaliz\u00e1veis, um efeito de noite estrelada exclusivo e padr\u00f5es de clube piscantes de pr\u00f3ximo n\u00edvel, facilmente controlados por meio dos mostradores do painel superior simplificados e f\u00e1ceis de usar ou do aplicativo PartyBox.<\/p>\n<p>IPX4 \u00c0 PROVA DE RESPINGOS<br \/>\nEsteja voc\u00ea festejando com amigos no seu quintal ou tomando bebidas \u00e0 beira da piscina, o JBL PartyBox 710 \u00e9 \u00e0 prova de respingos IPX4 para que voc\u00ea nunca precise se preocupar com a festa ficando muito molhada e selvagem.<\/p>\n<p>EMPARELHE SEUS ALTO-FALANTES PARA UM SOM AINDA MAIOR<br \/>\nUma JBL PartyBox n\u00e3o \u00e9 suficiente? Emparelhe dois alto-falantes via cabo ou sem fio pela tecnologia True Wireless Stereo (TWS) para obter um som ainda maior e mais ousado.<\/p>\n<p>PUNHO F\u00c1CIL DE APERTAR E RODAS ROBUSTAS<br \/>\nD\u00ea in\u00edcio \u00e0 festa com rodas grandes, robustas e de funcionamento suave e uma al\u00e7a f\u00e1cil de segurar para portabilidade conveniente e posicionamento da JBL PartyBox 710 onde quer que a m\u00fasica o leve.<\/p>\n<p>ENTRADAS DE GUITARRA E MIC<br \/>\nCom entradas duplas para guitarra e microfone, voc\u00ea pode mostrar seus talentos enquanto canta e toca junto. Com o ajuste de equaliza\u00e7\u00e3o de karaok\u00ea, voc\u00ea n\u00e3o apenas soar\u00e1 bem, mas tamb\u00e9m ficar\u00e1 \u00f3timo, com o show de luzes perfeito para arrasar!<\/p>\n<p>APLICATIVO PARTYBOX<br \/>\nO aplicativo JBL PartyBox torna mais f\u00e1cil do que nunca controlar sua m\u00fasica, atualizar configura\u00e7\u00f5es e personalizar as cores e padr\u00f5es do seu show de luzes para o clima de festa perfeito.<\/p>","protected":false},"excerpt":{"rendered":"<p>Potente som JBL Pro com sa\u00edda de 800W RMS.<br \/>\nRodas e al\u00e7a robustas para levar a festa para qualquer lugar.<br \/>\nShow de luzes deslumbrante sincronizado com a batida da m\u00fasica com estrobosc\u00f3pio colorido, anima\u00e7\u00e3o em figura de 8 RGB, luz de proje\u00e7\u00e3o colorida, luz estrelada e luz do clube.<br \/>\n2 x tweeters de baixa distor\u00e7\u00e3o de 2,75\u201d, 2 x drivers de excurs\u00e3o de 8\u201d de alta sensibilidade aprimorados e porta bass reflex aprimorada para graves mais fortes e profundos.<\/p>","protected":false},"featured_media":37513,"template":"","meta":[],"product_brand":[1354],"product_cat":[1285],"product_tag":[1357],"class_list":{"0":"post-37507","1":"product","2":"type-product","3":"status-publish","4":"has-post-thumbnail","6":"product_brand-jbl","7":"product_cat-jbl-speaker","8":"product_tag-speaker","10":"first","11":"instock","12":"shipping-taxable","13":"product-type-simple"},"aioseo_notices":[],"aioseo_head":"\n\t\t<!-- All in One SEO Pro 4.5.9.2 - aioseo.com -->\n\t\t<meta name=\"description\" content=\"Powerful JBL Pro Sound with 800W RMS output. Rugged wheels and handle to take the party anywhere. Dazzling light show synced with the beat of the music with colour running strobe, figure of 8 RGB animation, colour projection light, starry light and club light. 2 x 2.75\u201d low distortion tweeters, 2 x improved high sensitivity 8\u201d excursion drivers and improved bass reflex port for stronger and deeper bass.\" \/>\n\t\t<meta name=\"robots\" content=\"max-image-preview:large\" \/>\n\t\t<link rel=\"canonical\" href=\"https:\/\/www.rucashk.com\/pt\/produto\/jbl-partybox-710-party-speaker-with-800w\/\" \/>\n\t\t<meta name=\"generator\" content=\"All in One SEO Pro (AIOSEO) 4.5.9.2\" \/>\n\t\t<meta property=\"og:locale\" content=\"pt_PT\" \/>\n\t\t<meta property=\"og:site_name\" content=\"Rucas - One-stop AIoT Distribution Worldwide\" \/>\n\t\t<meta property=\"og:type\" content=\"article\" \/>\n\t\t<meta property=\"og:title\" content=\"JBL Partybox 710 Party Speaker with 800W - Rucas - Wholesale and Distribution\" \/>\n\t\t<meta property=\"og:description\" content=\"Powerful JBL Pro Sound with 800W RMS output. Rugged wheels and handle to take the party anywhere. Dazzling light show synced with the beat of the music with colour running strobe, figure of 8 RGB animation, colour projection light, starry light and club light. 2 x 2.75\u201d low distortion tweeters, 2 x improved high sensitivity 8\u201d excursion drivers and improved bass reflex port for stronger and deeper bass.\" \/>\n\t\t<meta property=\"og:url\" content=\"https:\/\/www.rucashk.com\/pt\/produto\/jbl-partybox-710-party-speaker-with-800w\/\" \/>\n\t\t<meta property=\"og:image\" content=\"https:\/\/www.rucashk.com\/wp-content\/uploads\/replace\/503b8e645f128a97ccde2b6290747646.jpeg\" \/>\n\t\t<meta property=\"og:image:secure_url\" content=\"https:\/\/www.rucashk.com\/wp-content\/uploads\/replace\/503b8e645f128a97ccde2b6290747646.jpeg\" \/>\n\t\t<meta property=\"og:image:width\" content=\"1456\" \/>\n\t\t<meta property=\"og:image:height\" content=\"816\" \/>\n\t\t<meta property=\"article:published_time\" content=\"2024-03-13T14:31:05+00:00\" \/>\n\t\t<meta property=\"article:modified_time\" content=\"2024-04-16T13:31:35+00:00\" \/>\n\t\t<meta name=\"twitter:card\" content=\"summary_large_image\" \/>\n\t\t<meta name=\"twitter:title\" content=\"JBL Partybox 710 Party Speaker with 800W - Rucas - Wholesale and Distribution\" \/>\n\t\t<meta name=\"twitter:description\" content=\"Powerful JBL Pro Sound with 800W RMS output. Rugged wheels and handle to take the party anywhere. Dazzling light show synced with the beat of the music with colour running strobe, figure of 8 RGB animation, colour projection light, starry light and club light. 2 x 2.75\u201d low distortion tweeters, 2 x improved high sensitivity 8\u201d excursion drivers and improved bass reflex port for stronger and deeper bass.\" \/>\n\t\t<meta name=\"twitter:image\" content=\"https:\/\/www.rucashk.com\/wp-content\/uploads\/replace\/503b8e645f128a97ccde2b6290747646.jpeg\" \/>\n\t\t<script type=\"application\/ld+json\" class=\"aioseo-schema\">\n\t\t\t{\"@context\":\"https:\\\/\\\/schema.org\",\"@graph\":[{\"@type\":\"BreadcrumbList\",\"@id\":\"https:\\\/\\\/www.rucashk.com\\\/pt\\\/produto\\\/jbl-partybox-710-party-speaker-with-800w\\\/#breadcrumblist\",\"itemListElement\":[{\"@type\":\"ListItem\",\"@id\":\"https:\\\/\\\/www.rucashk.com\\\/pt\\\/#listItem\",\"position\":1,\"name\":\"Home\",\"item\":\"https:\\\/\\\/www.rucashk.com\\\/pt\\\/\",\"nextItem\":\"https:\\\/\\\/www.rucashk.com\\\/pt\\\/produto\\\/jbl-partybox-710-party-speaker-with-800w\\\/#listItem\"},{\"@type\":\"ListItem\",\"@id\":\"https:\\\/\\\/www.rucashk.com\\\/pt\\\/produto\\\/jbl-partybox-710-party-speaker-with-800w\\\/#listItem\",\"position\":2,\"name\":\"JBL Partybox 710 Party Speaker with 800W\",\"previousItem\":\"https:\\\/\\\/www.rucashk.com\\\/pt\\\/#listItem\"}]},{\"@type\":\"Organization\",\"@id\":\"https:\\\/\\\/www.rucashk.com\\\/pt\\\/#organization\",\"name\":\"Rucas\",\"url\":\"https:\\\/\\\/www.rucashk.com\\\/pt\\\/\",\"logo\":{\"@type\":\"ImageObject\",\"url\":\"https:\\\/\\\/www.rucashk.com\\\/wp-content\\\/uploads\\\/2023\\\/12\\\/Rucas_campany_logo.png\",\"@id\":\"https:\\\/\\\/www.rucashk.com\\\/pt\\\/produto\\\/jbl-partybox-710-party-speaker-with-800w\\\/#organizationLogo\",\"width\":221,\"height\":65},\"image\":{\"@id\":\"https:\\\/\\\/www.rucashk.com\\\/pt\\\/#organizationLogo\"}},{\"@type\":\"Person\",\"@id\":\"https:\\\/\\\/www.rucashk.com\\\/pt\\\/author\\\/admin\\\/#author\",\"url\":\"https:\\\/\\\/www.rucashk.com\\\/pt\\\/author\\\/admin\\\/\",\"name\":\"admin\",\"image\":{\"@type\":\"ImageObject\",\"@id\":\"https:\\\/\\\/www.rucashk.com\\\/pt\\\/produto\\\/jbl-partybox-710-party-speaker-with-800w\\\/#authorImage\",\"url\":\"https:\\\/\\\/secure.gravatar.com\\\/avatar\\\/b7c8925b09a27e72b30232f8ecaadbd5af0f70a38c78096863fe51b64f031c24?s=96&d=mm&r=g\",\"width\":96,\"height\":96,\"caption\":\"admin\"}},{\"@type\":\"WebPage\",\"@id\":\"https:\\\/\\\/www.rucashk.com\\\/pt\\\/produto\\\/jbl-partybox-710-party-speaker-with-800w\\\/#webpage\",\"url\":\"https:\\\/\\\/www.rucashk.com\\\/pt\\\/produto\\\/jbl-partybox-710-party-speaker-with-800w\\\/\",\"name\":\"JBL Partybox 710 Party Speaker with 800W - Rucas - Wholesale and Distribution\",\"description\":\"Powerful JBL Pro Sound with 800W RMS output. Rugged wheels and handle to take the party anywhere. Dazzling light show synced with the beat of the music with colour running strobe, figure of 8 RGB animation, colour projection light, starry light and club light. 2 x 2.75\\u201d low distortion tweeters, 2 x improved high sensitivity 8\\u201d excursion drivers and improved bass reflex port for stronger and deeper bass.\",\"inLanguage\":\"pt-PT\",\"isPartOf\":{\"@id\":\"https:\\\/\\\/www.rucashk.com\\\/pt\\\/#website\"},\"breadcrumb\":{\"@id\":\"https:\\\/\\\/www.rucashk.com\\\/pt\\\/produto\\\/jbl-partybox-710-party-speaker-with-800w\\\/#breadcrumblist\"},\"author\":{\"@id\":\"https:\\\/\\\/www.rucashk.com\\\/pt\\\/author\\\/admin\\\/#author\"},\"creator\":{\"@id\":\"https:\\\/\\\/www.rucashk.com\\\/pt\\\/author\\\/admin\\\/#author\"},\"image\":{\"@type\":\"ImageObject\",\"url\":\"https:\\\/\\\/www.rucashk.com\\\/wp-content\\\/uploads\\\/2024\\\/03\\\/b67c1e83-ce52-4ee1-8ba3-8f1dcd1bdf22.png\",\"@id\":\"https:\\\/\\\/www.rucashk.com\\\/pt\\\/produto\\\/jbl-partybox-710-party-speaker-with-800w\\\/#mainImage\",\"width\":1605,\"height\":1605},\"primaryImageOfPage\":{\"@id\":\"https:\\\/\\\/www.rucashk.com\\\/pt\\\/produto\\\/jbl-partybox-710-party-speaker-with-800w\\\/#mainImage\"},\"datePublished\":\"2024-03-13T14:31:05+00:00\",\"dateModified\":\"2024-04-16T13:31:35+00:00\"},{\"@type\":\"WebSite\",\"@id\":\"https:\\\/\\\/www.rucashk.com\\\/pt\\\/#website\",\"url\":\"https:\\\/\\\/www.rucashk.com\\\/pt\\\/\",\"name\":\"Rucas - Wholesale and distribution worldwide\",\"alternateName\":\"Rucas - One-stop AIoT Distribution Worldwide\",\"description\":\"One-stop AIoT Distribution Worldwide\",\"inLanguage\":\"pt-PT\",\"publisher\":{\"@id\":\"https:\\\/\\\/www.rucashk.com\\\/pt\\\/#organization\"}}]}\n\t\t<\/script>\n\t\t<!-- All in One SEO Pro -->\r\n\t\t<title>JBL Partybox 710 Party Speaker with 800W - Rucas - Wholesale and Distribution<\/title>\n\n","aioseo_head_json":{"title":"JBL Partybox 710 Party Speaker with 800W - Rucas - Wholesale and Distribution","description":"Powerful JBL Pro Sound with 800W RMS output. Rugged wheels and handle to take the party anywhere. Dazzling light show synced with the beat of the music with colour running strobe, figure of 8 RGB animation, colour projection light, starry light and club light. 2 x 2.75\u201d low distortion tweeters, 2 x improved high sensitivity 8\u201d excursion drivers and improved bass reflex port for stronger and deeper bass.","canonical_url":"https:\/\/www.rucashk.com\/pt\/produto\/jbl-partybox-710-party-speaker-with-800w\/","robots":"max-image-preview:large","keywords":"","webmasterTools":{"miscellaneous":""},"og:locale":"pt_PT","og:site_name":"Rucas - One-stop AIoT Distribution Worldwide","og:type":"article","og:title":"JBL Partybox 710 Party Speaker with 800W - Rucas - Wholesale and Distribution","og:description":"Powerful JBL Pro Sound with 800W RMS output. Rugged wheels and handle to take the party anywhere. Dazzling light show synced with the beat of the music with colour running strobe, figure of 8 RGB animation, colour projection light, starry light and club light. 2 x 2.75\u201d low distortion tweeters, 2 x improved high sensitivity 8\u201d excursion drivers and improved bass reflex port for stronger and deeper bass.","og:url":"https:\/\/www.rucashk.com\/pt\/produto\/jbl-partybox-710-party-speaker-with-800w\/","og:image":"https:\/\/www.rucashk.com\/wp-content\/uploads\/replace\/503b8e645f128a97ccde2b6290747646.jpeg","og:image:secure_url":"https:\/\/www.rucashk.com\/wp-content\/uploads\/replace\/503b8e645f128a97ccde2b6290747646.jpeg","og:image:width":1456,"og:image:height":816,"article:published_time":"2024-03-13T14:31:05+00:00","article:modified_time":"2024-04-16T13:31:35+00:00","twitter:card":"summary_large_image","twitter:title":"JBL Partybox 710 Party Speaker with 800W - Rucas - Wholesale and Distribution","twitter:description":"Powerful JBL Pro Sound with 800W RMS output. Rugged wheels and handle to take the party anywhere. Dazzling light show synced with the beat of the music with colour running strobe, figure of 8 RGB animation, colour projection light, starry light and club light. 2 x 2.75\u201d low distortion tweeters, 2 x improved high sensitivity 8\u201d excursion drivers and improved bass reflex port for stronger and deeper bass.","twitter:image":"https:\/\/www.rucashk.com\/wp-content\/uploads\/replace\/503b8e645f128a97ccde2b6290747646.jpeg","schema":{"@context":"https:\/\/schema.org","@graph":[{"@type":"BreadcrumbList","@id":"https:\/\/www.rucashk.com\/pt\/produto\/jbl-partybox-710-party-speaker-with-800w\/#breadcrumblist","itemListElement":[{"@type":"ListItem","@id":"https:\/\/www.rucashk.com\/pt\/#listItem","position":1,"name":"Home","item":"https:\/\/www.rucashk.com\/pt\/","nextItem":"https:\/\/www.rucashk.com\/pt\/produto\/jbl-partybox-710-party-speaker-with-800w\/#listItem"},{"@type":"ListItem","@id":"https:\/\/www.rucashk.com\/pt\/produto\/jbl-partybox-710-party-speaker-with-800w\/#listItem","position":2,"name":"JBL Partybox 710 Party Speaker with 800W","previousItem":"https:\/\/www.rucashk.com\/pt\/#listItem"}]},{"@type":"Organization","@id":"https:\/\/www.rucashk.com\/pt\/#organization","name":"Rucas","url":"https:\/\/www.rucashk.com\/pt\/","logo":{"@type":"ImageObject","url":"https:\/\/www.rucashk.com\/wp-content\/uploads\/2023\/12\/Rucas_campany_logo.png","@id":"https:\/\/www.rucashk.com\/pt\/produto\/jbl-partybox-710-party-speaker-with-800w\/#organizationLogo","width":221,"height":65},"image":{"@id":"https:\/\/www.rucashk.com\/pt\/#organizationLogo"}},{"@type":"Person","@id":"https:\/\/www.rucashk.com\/pt\/author\/admin\/#author","url":"https:\/\/www.rucashk.com\/pt\/author\/admin\/","name":"admin","image":{"@type":"ImageObject","@id":"https:\/\/www.rucashk.com\/pt\/produto\/jbl-partybox-710-party-speaker-with-800w\/#authorImage","url":"https:\/\/secure.gravatar.com\/avatar\/b7c8925b09a27e72b30232f8ecaadbd5af0f70a38c78096863fe51b64f031c24?s=96&d=mm&r=g","width":96,"height":96,"caption":"admin"}},{"@type":"WebPage","@id":"https:\/\/www.rucashk.com\/pt\/produto\/jbl-partybox-710-party-speaker-with-800w\/#webpage","url":"https:\/\/www.rucashk.com\/pt\/produto\/jbl-partybox-710-party-speaker-with-800w\/","name":"JBL Partybox 710 Party Speaker with 800W - Rucas - Wholesale and Distribution","description":"Powerful JBL Pro Sound with 800W RMS output. Rugged wheels and handle to take the party anywhere. Dazzling light show synced with the beat of the music with colour running strobe, figure of 8 RGB animation, colour projection light, starry light and club light. 2 x 2.75\u201d low distortion tweeters, 2 x improved high sensitivity 8\u201d excursion drivers and improved bass reflex port for stronger and deeper bass.","inLanguage":"pt-PT","isPartOf":{"@id":"https:\/\/www.rucashk.com\/pt\/#website"},"breadcrumb":{"@id":"https:\/\/www.rucashk.com\/pt\/produto\/jbl-partybox-710-party-speaker-with-800w\/#breadcrumblist"},"author":{"@id":"https:\/\/www.rucashk.com\/pt\/author\/admin\/#author"},"creator":{"@id":"https:\/\/www.rucashk.com\/pt\/author\/admin\/#author"},"image":{"@type":"ImageObject","url":"https:\/\/www.rucashk.com\/wp-content\/uploads\/2024\/03\/b67c1e83-ce52-4ee1-8ba3-8f1dcd1bdf22.png","@id":"https:\/\/www.rucashk.com\/pt\/produto\/jbl-partybox-710-party-speaker-with-800w\/#mainImage","width":1605,"height":1605},"primaryImageOfPage":{"@id":"https:\/\/www.rucashk.com\/pt\/produto\/jbl-partybox-710-party-speaker-with-800w\/#mainImage"},"datePublished":"2024-03-13T14:31:05+00:00","dateModified":"2024-04-16T13:31:35+00:00"},{"@type":"WebSite","@id":"https:\/\/www.rucashk.com\/pt\/#website","url":"https:\/\/www.rucashk.com\/pt\/","name":"Rucas - Wholesale and distribution worldwide","alternateName":"Rucas - One-stop AIoT Distribution Worldwide","description":"One-stop AIoT Distribution Worldwide","inLanguage":"pt-PT","publisher":{"@id":"https:\/\/www.rucashk.com\/pt\/#organization"}}]}},"aioseo_meta_data":{"post_id":"37507","title":null,"description":null,"keywords":null,"keyphrases":null,"primary_term":null,"canonical_url":null,"og_title":null,"og_description":null,"og_object_type":"default","og_image_type":"default","og_image_url":null,"og_image_width":null,"og_image_height":null,"og_image_custom_url":null,"og_image_custom_fields":null,"og_video":null,"og_custom_url":null,"og_article_section":null,"og_article_tags":null,"twitter_use_og":false,"twitter_card":"default","twitter_image_type":"default","twitter_image_url":null,"twitter_image_custom_url":null,"twitter_image_custom_fields":null,"twitter_title":null,"twitter_description":null,"schema":{"blockGraphs":[],"customGraphs":[],"default":{"data":{"Article":[],"Course":[],"Dataset":[],"FAQPage":[],"Movie":[],"Person":[],"Product":[],"Recipe":[],"Service":[],"SoftwareApplication":[],"WebPage":[]},"graphName":"","isEnabled":true},"graphs":[]},"schema_type":"default","schema_type_options":null,"pillar_content":false,"robots_default":true,"robots_noindex":false,"robots_noarchive":false,"robots_nosnippet":false,"robots_nofollow":false,"robots_noimageindex":false,"robots_noodp":false,"robots_notranslate":false,"robots_max_snippet":null,"robots_max_videopreview":null,"robots_max_imagepreview":"large","priority":null,"frequency":null,"local_seo":null,"breadcrumb_settings":null,"limit_modified_date":false,"created":"2024-04-11 01:57:23","updated":"2025-06-22 18:44:57"},"aioseo_breadcrumb":"<div class=\"aioseo-breadcrumbs\"><span class=\"aioseo-breadcrumb\">\n\t<a href=\"https:\/\/www.rucashk.com\/pt\" title=\"Home\">Home<\/a>\n<\/span><span class=\"aioseo-breadcrumb-separator\">&raquo;<\/span><span class=\"aioseo-breadcrumb\">\n\t<a href=\"https:\/\/www.rucashk.com\/pt\/products\/\" title=\"Produtos\">Produtos<\/a>\n<\/span><span class=\"aioseo-breadcrumb-separator\">&raquo;<\/span><span class=\"aioseo-breadcrumb\">\n\t<a href=\"https:\/\/www.rucashk.com\/pt\/marca\/jbl\/\" title=\"JBL\">JBL<\/a>\n<\/span><span class=\"aioseo-breadcrumb-separator\">&raquo;<\/span><span class=\"aioseo-breadcrumb\">\n\tJBL Partybox 710 Party Speaker with 800W\n<\/span><\/div>","aioseo_breadcrumb_json":[{"label":"Home","link":"https:\/\/www.rucashk.com\/pt"},{"label":"Produtos","link":"https:\/\/www.rucashk.com\/pt\/products\/"},{"label":"JBL","link":"https:\/\/www.rucashk.com\/pt\/marca\/jbl\/"},{"label":"JBL Partybox 710 Party Speaker with 800W","link":"https:\/\/www.rucashk.com\/pt\/produto\/jbl-partybox-710-party-speaker-with-800w\/"}],"_links":{"self":[{"href":"https:\/\/www.rucashk.com\/pt\/wp-json\/wp\/v2\/product\/37507","targetHints":{"allow":["GET"]}}],"collection":[{"href":"https:\/\/www.rucashk.com\/pt\/wp-json\/wp\/v2\/product"}],"about":[{"href":"https:\/\/www.rucashk.com\/pt\/wp-json\/wp\/v2\/types\/product"}],"wp:featuredmedia":[{"embeddable":true,"href":"https:\/\/www.rucashk.com\/pt\/wp-json\/wp\/v2\/media\/37513"}],"wp:attachment":[{"href":"https:\/\/www.rucashk.com\/pt\/wp-json\/wp\/v2\/media?parent=37507"}],"wp:term":[{"taxonomy":"product_brand","embeddable":true,"href":"https:\/\/www.rucashk.com\/pt\/wp-json\/wp\/v2\/product_brand?post=37507"},{"taxonomy":"product_cat","embeddable":true,"href":"https:\/\/www.rucashk.com\/pt\/wp-json\/wp\/v2\/product_cat?post=37507"},{"taxonomy":"product_tag","embeddable":true,"href":"https:\/\/www.rucashk.com\/pt\/wp-json\/wp\/v2\/product_tag?post=37507"}],"curies":[{"name":"wp","href":"https:\/\/api.w.org\/{rel}","templated":true}]}}