{"id":37487,"date":"2024-03-13T14:05:56","date_gmt":"2024-03-13T14:05:56","guid":{"rendered":"http:\/\/rucashk.com\/?post_type=product&#038;p=37487"},"modified":"2024-04-16T13:31:36","modified_gmt":"2024-04-16T13:31:36","slug":"jbl-partybox-110-portable-bluetooth-speaker","status":"publish","type":"product","link":"https:\/\/www.rucashk.com\/pt\/produto\/jbl-partybox-110-portable-bluetooth-speaker\/","title":{"rendered":"Alto-falante Bluetooth port\u00e1til JBL Partybox 110"},"content":{"rendered":"<div class=\"title--wrap--wDzGayX description--title--ZsqjrTd\"><img decoding=\"async\" alt=\"JBL Partybox 110 Portable Bluetooth Speaker\" class=\"aligncenter\" style=\"font-family: var(--mt-font__main); font-size: 1rem;\" src=\"\/wp-content\/uploads\/replace\/cdda6b151e140b501a024b167d5eaabd.png\" \/><img decoding=\"async\" alt=\"JBL Partybox 110 Portable Bluetooth Speaker\" class=\"aligncenter\" style=\"font-family: var(--mt-font__main); font-size: 1rem;\" src=\"\/wp-content\/uploads\/replace\/690dd0487b8d292b58a1dc03abaa4f30.png\" \/><\/div>\n<div>\n<p>PODEROSO SOM JBL ORIGINAL PRO<br \/>\nEsteja voc\u00ea em casa ou ao ar livre, o JBL PartyBox 110 torna sua m\u00fasica incr\u00edvel com dois n\u00edveis de graves profundos e ajust\u00e1veis e o poderoso som JBL Original Pro.<\/p>\n<p>SHOW DE LUZ DIN\u00c2MICA QUE SINCRONIZA COM A BATIDA<br \/>\nTodo tipo de m\u00fasica fica melhor com um show de luzes din\u00e2mico! As cores sincronizadas com a batida fazem voc\u00ea querer mover os p\u00e9s, enquanto luzes estrobosc\u00f3picas e padr\u00f5es personaliz\u00e1veis deslumbram seus olhos. \u00c9 uma experi\u00eancia audiovisual \u00fanica e envolvente que transforma qualquer festa numa obra de arte.<\/p>\n<p>12 HORAS DE JOGO<br \/>\nD\u00ea energia \u00e0 festa o dia todo ou a noite toda. Com 12 horas de reprodu\u00e7\u00e3o e uma bateria recarreg\u00e1vel integrada, a batida continuar\u00e1 (e continuar\u00e1)!<\/p>\n<p>IPX4 \u00c0 PROVA DE RESPINGOS<br \/>\nEsteja seus convidados dan\u00e7ando na praia ou tomando bebidas \u00e0 beira da piscina, o JBL PartyBox 110 \u00e9 \u00e0 prova de respingos IPX4 para que voc\u00ea nunca precise se preocupar com a festa ficando muito molhada e selvagem.<\/p>\n<p>ENTRADAS DE MIC E GUITARRA<br \/>\nCom entradas de microfone e guitarra, voc\u00ea pode mostrar seus talentos enquanto canta e toca junto. Voc\u00ea n\u00e3o apenas soar\u00e1 bem, mas tamb\u00e9m ficar\u00e1 \u00f3timo, com o show de luzes perfeito para arrasar!<\/p>\n<p>APLICATIVO PARTYBOX<br \/>\nO aplicativo JBL PartyBox torna mais f\u00e1cil do que nunca controlar sua m\u00fasica, atualizar configura\u00e7\u00f5es e personalizar as cores e padr\u00f5es do seu show de luzes para o clima de festa perfeito.<\/p>\n<p>REPRODU\u00c7\u00c3O M\u00daLTIPLA FONTE<br \/>\nTransmita suas m\u00fasicas sem fio via Bluetooth, conecte um pendrive ou conecte com um cabo auxiliar. A JBL PartyBox 110 oferece m\u00e1xima adaptabilidade para sua m\u00fasica.<\/p>\n<p>EMPARELHE SEUS ALTO-FALANTES PARA UM SOM AINDA MAIOR<br \/>\nUma JBL PartyBox n\u00e3o \u00e9 suficiente? Emparelhe dois alto-falantes com um cabo ou tecnologia Wireless by True Wireless Stereo (TWS) para um som ainda maior e mais ousado.<\/p>\n<\/div>","protected":false},"excerpt":{"rendered":"<p>D\u00ea uma dimens\u00e3o totalmente nova a qualquer festa com os exclusivos an\u00e9is de ilumina\u00e7\u00e3o LED din\u00e2micos, sincronizados com o som potente e os graves profundos da PartyBox 110. Leve a PartyBox aonde quer que voc\u00ea v\u00e1 com o design \u00e0 prova de respingos e conecte uma guitarra e um microfone para a melhor experi\u00eancia imersiva . Com o Bass Boost e o alto e poderoso som JBL Original Pro, seus amigos n\u00e3o apenas ouvir\u00e3o a m\u00fasica, mas tamb\u00e9m a sentir\u00e3o, pois 12 horas de reprodu\u00e7\u00e3o mant\u00eam a festa agitada o dia ou a noite. Use o aplicativo PartyBox para controle total enquanto transmite suas m\u00fasicas sem fio.<\/p>","protected":false},"featured_media":37493,"template":"","meta":[],"product_brand":[1354],"product_cat":[1285],"product_tag":[1355,1357],"class_list":{"0":"post-37487","1":"product","2":"type-product","3":"status-publish","4":"has-post-thumbnail","6":"product_brand-jbl","7":"product_cat-jbl-speaker","8":"product_tag-bluetooth","9":"product_tag-speaker","11":"first","12":"instock","13":"shipping-taxable","14":"product-type-simple"},"aioseo_notices":[],"aioseo_head":"\n\t\t<!-- All in One SEO Pro 4.5.9.2 - aioseo.com -->\n\t\t<meta name=\"description\" content=\"Bring a whole new dimension to any party with the unique dynamic LED lightrings, synced to the powerful sound and deep bass of the PartyBox 110. Take the PartyBox wherever you go with the splashproof design and plug in a guitar and mic for the ultimate immersive experience. With Bass Boost and loud, powerful JBL Original Pro Sound, your friends won&#039;t just hear the music, they&#039;ll feel it as 12 hours of playtime keeps the party rocking all day or night. Use the PartyBox app for total control as you stream your tunes wirelessly.\" \/>\n\t\t<meta name=\"robots\" content=\"max-image-preview:large\" \/>\n\t\t<link rel=\"canonical\" href=\"https:\/\/www.rucashk.com\/pt\/produto\/jbl-partybox-110-portable-bluetooth-speaker\/\" \/>\n\t\t<meta name=\"generator\" content=\"All in One SEO Pro (AIOSEO) 4.5.9.2\" \/>\n\t\t<meta property=\"og:locale\" content=\"pt_PT\" \/>\n\t\t<meta property=\"og:site_name\" content=\"Rucas - One-stop AIoT Distribution Worldwide\" \/>\n\t\t<meta property=\"og:type\" content=\"article\" \/>\n\t\t<meta property=\"og:title\" content=\"JBL Partybox 110 Portable Bluetooth Speaker - Rucas - Wholesale and Distribution\" \/>\n\t\t<meta property=\"og:description\" content=\"Bring a whole new dimension to any party with the unique dynamic LED lightrings, synced to the powerful sound and deep bass of the PartyBox 110. Take the PartyBox wherever you go with the splashproof design and plug in a guitar and mic for the ultimate immersive experience. With Bass Boost and loud, powerful JBL Original Pro Sound, your friends won&#039;t just hear the music, they&#039;ll feel it as 12 hours of playtime keeps the party rocking all day or night. Use the PartyBox app for total control as you stream your tunes wirelessly.\" \/>\n\t\t<meta property=\"og:url\" content=\"https:\/\/www.rucashk.com\/pt\/produto\/jbl-partybox-110-portable-bluetooth-speaker\/\" \/>\n\t\t<meta property=\"og:image\" content=\"https:\/\/www.rucashk.com\/wp-content\/uploads\/replace\/503b8e645f128a97ccde2b6290747646.jpeg\" \/>\n\t\t<meta property=\"og:image:secure_url\" content=\"https:\/\/www.rucashk.com\/wp-content\/uploads\/replace\/503b8e645f128a97ccde2b6290747646.jpeg\" \/>\n\t\t<meta property=\"og:image:width\" content=\"1456\" \/>\n\t\t<meta property=\"og:image:height\" content=\"816\" \/>\n\t\t<meta property=\"article:published_time\" content=\"2024-03-13T14:05:56+00:00\" \/>\n\t\t<meta property=\"article:modified_time\" content=\"2024-04-16T13:31:36+00:00\" \/>\n\t\t<meta name=\"twitter:card\" content=\"summary_large_image\" \/>\n\t\t<meta name=\"twitter:title\" content=\"JBL Partybox 110 Portable Bluetooth Speaker - Rucas - Wholesale and Distribution\" \/>\n\t\t<meta name=\"twitter:description\" content=\"Bring a whole new dimension to any party with the unique dynamic LED lightrings, synced to the powerful sound and deep bass of the PartyBox 110. Take the PartyBox wherever you go with the splashproof design and plug in a guitar and mic for the ultimate immersive experience. With Bass Boost and loud, powerful JBL Original Pro Sound, your friends won&#039;t just hear the music, they&#039;ll feel it as 12 hours of playtime keeps the party rocking all day or night. Use the PartyBox app for total control as you stream your tunes wirelessly.\" \/>\n\t\t<meta name=\"twitter:image\" content=\"https:\/\/www.rucashk.com\/wp-content\/uploads\/replace\/503b8e645f128a97ccde2b6290747646.jpeg\" \/>\n\t\t<script type=\"application\/ld+json\" class=\"aioseo-schema\">\n\t\t\t{\"@context\":\"https:\\\/\\\/schema.org\",\"@graph\":[{\"@type\":\"BreadcrumbList\",\"@id\":\"https:\\\/\\\/www.rucashk.com\\\/pt\\\/produto\\\/jbl-partybox-110-portable-bluetooth-speaker\\\/#breadcrumblist\",\"itemListElement\":[{\"@type\":\"ListItem\",\"@id\":\"https:\\\/\\\/www.rucashk.com\\\/pt\\\/#listItem\",\"position\":1,\"name\":\"Home\",\"item\":\"https:\\\/\\\/www.rucashk.com\\\/pt\\\/\",\"nextItem\":\"https:\\\/\\\/www.rucashk.com\\\/pt\\\/produto\\\/jbl-partybox-110-portable-bluetooth-speaker\\\/#listItem\"},{\"@type\":\"ListItem\",\"@id\":\"https:\\\/\\\/www.rucashk.com\\\/pt\\\/produto\\\/jbl-partybox-110-portable-bluetooth-speaker\\\/#listItem\",\"position\":2,\"name\":\"JBL Partybox 110 Portable Bluetooth Speaker\",\"previousItem\":\"https:\\\/\\\/www.rucashk.com\\\/pt\\\/#listItem\"}]},{\"@type\":\"Organization\",\"@id\":\"https:\\\/\\\/www.rucashk.com\\\/pt\\\/#organization\",\"name\":\"Rucas\",\"url\":\"https:\\\/\\\/www.rucashk.com\\\/pt\\\/\",\"logo\":{\"@type\":\"ImageObject\",\"url\":\"https:\\\/\\\/www.rucashk.com\\\/wp-content\\\/uploads\\\/2023\\\/12\\\/Rucas_campany_logo.png\",\"@id\":\"https:\\\/\\\/www.rucashk.com\\\/pt\\\/produto\\\/jbl-partybox-110-portable-bluetooth-speaker\\\/#organizationLogo\",\"width\":221,\"height\":65},\"image\":{\"@id\":\"https:\\\/\\\/www.rucashk.com\\\/pt\\\/#organizationLogo\"}},{\"@type\":\"Person\",\"@id\":\"https:\\\/\\\/www.rucashk.com\\\/pt\\\/author\\\/admin\\\/#author\",\"url\":\"https:\\\/\\\/www.rucashk.com\\\/pt\\\/author\\\/admin\\\/\",\"name\":\"admin\",\"image\":{\"@type\":\"ImageObject\",\"@id\":\"https:\\\/\\\/www.rucashk.com\\\/pt\\\/produto\\\/jbl-partybox-110-portable-bluetooth-speaker\\\/#authorImage\",\"url\":\"https:\\\/\\\/secure.gravatar.com\\\/avatar\\\/b7c8925b09a27e72b30232f8ecaadbd5af0f70a38c78096863fe51b64f031c24?s=96&d=mm&r=g\",\"width\":96,\"height\":96,\"caption\":\"admin\"}},{\"@type\":\"WebPage\",\"@id\":\"https:\\\/\\\/www.rucashk.com\\\/pt\\\/produto\\\/jbl-partybox-110-portable-bluetooth-speaker\\\/#webpage\",\"url\":\"https:\\\/\\\/www.rucashk.com\\\/pt\\\/produto\\\/jbl-partybox-110-portable-bluetooth-speaker\\\/\",\"name\":\"JBL Partybox 110 Portable Bluetooth Speaker - Rucas - Wholesale and Distribution\",\"description\":\"Bring a whole new dimension to any party with the unique dynamic LED lightrings, synced to the powerful sound and deep bass of the PartyBox 110. Take the PartyBox wherever you go with the splashproof design and plug in a guitar and mic for the ultimate immersive experience. With Bass Boost and loud, powerful JBL Original Pro Sound, your friends won't just hear the music, they'll feel it as 12 hours of playtime keeps the party rocking all day or night. Use the PartyBox app for total control as you stream your tunes wirelessly.\",\"inLanguage\":\"pt-PT\",\"isPartOf\":{\"@id\":\"https:\\\/\\\/www.rucashk.com\\\/pt\\\/#website\"},\"breadcrumb\":{\"@id\":\"https:\\\/\\\/www.rucashk.com\\\/pt\\\/produto\\\/jbl-partybox-110-portable-bluetooth-speaker\\\/#breadcrumblist\"},\"author\":{\"@id\":\"https:\\\/\\\/www.rucashk.com\\\/pt\\\/author\\\/admin\\\/#author\"},\"creator\":{\"@id\":\"https:\\\/\\\/www.rucashk.com\\\/pt\\\/author\\\/admin\\\/#author\"},\"image\":{\"@type\":\"ImageObject\",\"url\":\"https:\\\/\\\/www.rucashk.com\\\/wp-content\\\/uploads\\\/2024\\\/03\\\/858704bc-9432-4592-8a5a-14f8f28b5b11.jpg\",\"@id\":\"https:\\\/\\\/www.rucashk.com\\\/pt\\\/produto\\\/jbl-partybox-110-portable-bluetooth-speaker\\\/#mainImage\",\"width\":800,\"height\":800},\"primaryImageOfPage\":{\"@id\":\"https:\\\/\\\/www.rucashk.com\\\/pt\\\/produto\\\/jbl-partybox-110-portable-bluetooth-speaker\\\/#mainImage\"},\"datePublished\":\"2024-03-13T14:05:56+00:00\",\"dateModified\":\"2024-04-16T13:31:36+00:00\"},{\"@type\":\"WebSite\",\"@id\":\"https:\\\/\\\/www.rucashk.com\\\/pt\\\/#website\",\"url\":\"https:\\\/\\\/www.rucashk.com\\\/pt\\\/\",\"name\":\"Rucas - Wholesale and distribution worldwide\",\"alternateName\":\"Rucas - One-stop AIoT Distribution Worldwide\",\"description\":\"One-stop AIoT Distribution Worldwide\",\"inLanguage\":\"pt-PT\",\"publisher\":{\"@id\":\"https:\\\/\\\/www.rucashk.com\\\/pt\\\/#organization\"}}]}\n\t\t<\/script>\n\t\t<!-- All in One SEO Pro -->\r\n\t\t<title>JBL Partybox 110 Portable Bluetooth Speaker - Rucas - Wholesale and Distribution<\/title>\n\n","aioseo_head_json":{"title":"JBL Partybox 110 Portable Bluetooth Speaker - Rucas - Wholesale and Distribution","description":"Bring a whole new dimension to any party with the unique dynamic LED lightrings, synced to the powerful sound and deep bass of the PartyBox 110. Take the PartyBox wherever you go with the splashproof design and plug in a guitar and mic for the ultimate immersive experience. With Bass Boost and loud, powerful JBL Original Pro Sound, your friends won't just hear the music, they'll feel it as 12 hours of playtime keeps the party rocking all day or night. Use the PartyBox app for total control as you stream your tunes wirelessly.","canonical_url":"https:\/\/www.rucashk.com\/pt\/produto\/jbl-partybox-110-portable-bluetooth-speaker\/","robots":"max-image-preview:large","keywords":"","webmasterTools":{"miscellaneous":""},"og:locale":"pt_PT","og:site_name":"Rucas - One-stop AIoT Distribution Worldwide","og:type":"article","og:title":"JBL Partybox 110 Portable Bluetooth Speaker - Rucas - Wholesale and Distribution","og:description":"Bring a whole new dimension to any party with the unique dynamic LED lightrings, synced to the powerful sound and deep bass of the PartyBox 110. Take the PartyBox wherever you go with the splashproof design and plug in a guitar and mic for the ultimate immersive experience. With Bass Boost and loud, powerful JBL Original Pro Sound, your friends won't just hear the music, they'll feel it as 12 hours of playtime keeps the party rocking all day or night. Use the PartyBox app for total control as you stream your tunes wirelessly.","og:url":"https:\/\/www.rucashk.com\/pt\/produto\/jbl-partybox-110-portable-bluetooth-speaker\/","og:image":"https:\/\/www.rucashk.com\/wp-content\/uploads\/replace\/503b8e645f128a97ccde2b6290747646.jpeg","og:image:secure_url":"https:\/\/www.rucashk.com\/wp-content\/uploads\/replace\/503b8e645f128a97ccde2b6290747646.jpeg","og:image:width":1456,"og:image:height":816,"article:published_time":"2024-03-13T14:05:56+00:00","article:modified_time":"2024-04-16T13:31:36+00:00","twitter:card":"summary_large_image","twitter:title":"JBL Partybox 110 Portable Bluetooth Speaker - Rucas - Wholesale and Distribution","twitter:description":"Bring a whole new dimension to any party with the unique dynamic LED lightrings, synced to the powerful sound and deep bass of the PartyBox 110. Take the PartyBox wherever you go with the splashproof design and plug in a guitar and mic for the ultimate immersive experience. With Bass Boost and loud, powerful JBL Original Pro Sound, your friends won't just hear the music, they'll feel it as 12 hours of playtime keeps the party rocking all day or night. Use the PartyBox app for total control as you stream your tunes wirelessly.","twitter:image":"https:\/\/www.rucashk.com\/wp-content\/uploads\/replace\/503b8e645f128a97ccde2b6290747646.jpeg","schema":{"@context":"https:\/\/schema.org","@graph":[{"@type":"BreadcrumbList","@id":"https:\/\/www.rucashk.com\/pt\/produto\/jbl-partybox-110-portable-bluetooth-speaker\/#breadcrumblist","itemListElement":[{"@type":"ListItem","@id":"https:\/\/www.rucashk.com\/pt\/#listItem","position":1,"name":"Home","item":"https:\/\/www.rucashk.com\/pt\/","nextItem":"https:\/\/www.rucashk.com\/pt\/produto\/jbl-partybox-110-portable-bluetooth-speaker\/#listItem"},{"@type":"ListItem","@id":"https:\/\/www.rucashk.com\/pt\/produto\/jbl-partybox-110-portable-bluetooth-speaker\/#listItem","position":2,"name":"JBL Partybox 110 Portable Bluetooth Speaker","previousItem":"https:\/\/www.rucashk.com\/pt\/#listItem"}]},{"@type":"Organization","@id":"https:\/\/www.rucashk.com\/pt\/#organization","name":"Rucas","url":"https:\/\/www.rucashk.com\/pt\/","logo":{"@type":"ImageObject","url":"https:\/\/www.rucashk.com\/wp-content\/uploads\/2023\/12\/Rucas_campany_logo.png","@id":"https:\/\/www.rucashk.com\/pt\/produto\/jbl-partybox-110-portable-bluetooth-speaker\/#organizationLogo","width":221,"height":65},"image":{"@id":"https:\/\/www.rucashk.com\/pt\/#organizationLogo"}},{"@type":"Person","@id":"https:\/\/www.rucashk.com\/pt\/author\/admin\/#author","url":"https:\/\/www.rucashk.com\/pt\/author\/admin\/","name":"admin","image":{"@type":"ImageObject","@id":"https:\/\/www.rucashk.com\/pt\/produto\/jbl-partybox-110-portable-bluetooth-speaker\/#authorImage","url":"https:\/\/secure.gravatar.com\/avatar\/b7c8925b09a27e72b30232f8ecaadbd5af0f70a38c78096863fe51b64f031c24?s=96&d=mm&r=g","width":96,"height":96,"caption":"admin"}},{"@type":"WebPage","@id":"https:\/\/www.rucashk.com\/pt\/produto\/jbl-partybox-110-portable-bluetooth-speaker\/#webpage","url":"https:\/\/www.rucashk.com\/pt\/produto\/jbl-partybox-110-portable-bluetooth-speaker\/","name":"JBL Partybox 110 Portable Bluetooth Speaker - Rucas - Wholesale and Distribution","description":"Bring a whole new dimension to any party with the unique dynamic LED lightrings, synced to the powerful sound and deep bass of the PartyBox 110. Take the PartyBox wherever you go with the splashproof design and plug in a guitar and mic for the ultimate immersive experience. With Bass Boost and loud, powerful JBL Original Pro Sound, your friends won't just hear the music, they'll feel it as 12 hours of playtime keeps the party rocking all day or night. Use the PartyBox app for total control as you stream your tunes wirelessly.","inLanguage":"pt-PT","isPartOf":{"@id":"https:\/\/www.rucashk.com\/pt\/#website"},"breadcrumb":{"@id":"https:\/\/www.rucashk.com\/pt\/produto\/jbl-partybox-110-portable-bluetooth-speaker\/#breadcrumblist"},"author":{"@id":"https:\/\/www.rucashk.com\/pt\/author\/admin\/#author"},"creator":{"@id":"https:\/\/www.rucashk.com\/pt\/author\/admin\/#author"},"image":{"@type":"ImageObject","url":"https:\/\/www.rucashk.com\/wp-content\/uploads\/2024\/03\/858704bc-9432-4592-8a5a-14f8f28b5b11.jpg","@id":"https:\/\/www.rucashk.com\/pt\/produto\/jbl-partybox-110-portable-bluetooth-speaker\/#mainImage","width":800,"height":800},"primaryImageOfPage":{"@id":"https:\/\/www.rucashk.com\/pt\/produto\/jbl-partybox-110-portable-bluetooth-speaker\/#mainImage"},"datePublished":"2024-03-13T14:05:56+00:00","dateModified":"2024-04-16T13:31:36+00:00"},{"@type":"WebSite","@id":"https:\/\/www.rucashk.com\/pt\/#website","url":"https:\/\/www.rucashk.com\/pt\/","name":"Rucas - Wholesale and distribution worldwide","alternateName":"Rucas - One-stop AIoT Distribution Worldwide","description":"One-stop AIoT Distribution Worldwide","inLanguage":"pt-PT","publisher":{"@id":"https:\/\/www.rucashk.com\/pt\/#organization"}}]}},"aioseo_meta_data":{"post_id":"37487","title":null,"description":null,"keywords":null,"keyphrases":null,"primary_term":null,"canonical_url":null,"og_title":null,"og_description":null,"og_object_type":"default","og_image_type":"default","og_image_url":null,"og_image_width":null,"og_image_height":null,"og_image_custom_url":null,"og_image_custom_fields":null,"og_video":null,"og_custom_url":null,"og_article_section":null,"og_article_tags":null,"twitter_use_og":false,"twitter_card":"default","twitter_image_type":"default","twitter_image_url":null,"twitter_image_custom_url":null,"twitter_image_custom_fields":null,"twitter_title":null,"twitter_description":null,"schema":{"blockGraphs":[],"customGraphs":[],"default":{"data":{"Article":[],"Course":[],"Dataset":[],"FAQPage":[],"Movie":[],"Person":[],"Product":[],"Recipe":[],"Service":[],"SoftwareApplication":[],"WebPage":[]},"graphName":"","isEnabled":true},"graphs":[]},"schema_type":"default","schema_type_options":null,"pillar_content":false,"robots_default":true,"robots_noindex":false,"robots_noarchive":false,"robots_nosnippet":false,"robots_nofollow":false,"robots_noimageindex":false,"robots_noodp":false,"robots_notranslate":false,"robots_max_snippet":null,"robots_max_videopreview":null,"robots_max_imagepreview":"large","priority":null,"frequency":null,"local_seo":null,"breadcrumb_settings":null,"limit_modified_date":false,"created":"2024-04-11 01:57:23","updated":"2025-06-22 18:44:57"},"aioseo_breadcrumb":"<div class=\"aioseo-breadcrumbs\"><span class=\"aioseo-breadcrumb\">\n\t<a href=\"https:\/\/www.rucashk.com\/pt\" title=\"Home\">Home<\/a>\n<\/span><span class=\"aioseo-breadcrumb-separator\">&raquo;<\/span><span class=\"aioseo-breadcrumb\">\n\t<a href=\"https:\/\/www.rucashk.com\/pt\/products\/\" title=\"Produtos\">Produtos<\/a>\n<\/span><span class=\"aioseo-breadcrumb-separator\">&raquo;<\/span><span class=\"aioseo-breadcrumb\">\n\t<a href=\"https:\/\/www.rucashk.com\/pt\/marca\/jbl\/\" title=\"JBL\">JBL<\/a>\n<\/span><span class=\"aioseo-breadcrumb-separator\">&raquo;<\/span><span class=\"aioseo-breadcrumb\">\n\tJBL Partybox 110 Portable Bluetooth Speaker\n<\/span><\/div>","aioseo_breadcrumb_json":[{"label":"Home","link":"https:\/\/www.rucashk.com\/pt"},{"label":"Produtos","link":"https:\/\/www.rucashk.com\/pt\/products\/"},{"label":"JBL","link":"https:\/\/www.rucashk.com\/pt\/marca\/jbl\/"},{"label":"JBL Partybox 110 Portable Bluetooth Speaker","link":"https:\/\/www.rucashk.com\/pt\/produto\/jbl-partybox-110-portable-bluetooth-speaker\/"}],"_links":{"self":[{"href":"https:\/\/www.rucashk.com\/pt\/wp-json\/wp\/v2\/product\/37487","targetHints":{"allow":["GET"]}}],"collection":[{"href":"https:\/\/www.rucashk.com\/pt\/wp-json\/wp\/v2\/product"}],"about":[{"href":"https:\/\/www.rucashk.com\/pt\/wp-json\/wp\/v2\/types\/product"}],"wp:featuredmedia":[{"embeddable":true,"href":"https:\/\/www.rucashk.com\/pt\/wp-json\/wp\/v2\/media\/37493"}],"wp:attachment":[{"href":"https:\/\/www.rucashk.com\/pt\/wp-json\/wp\/v2\/media?parent=37487"}],"wp:term":[{"taxonomy":"product_brand","embeddable":true,"href":"https:\/\/www.rucashk.com\/pt\/wp-json\/wp\/v2\/product_brand?post=37487"},{"taxonomy":"product_cat","embeddable":true,"href":"https:\/\/www.rucashk.com\/pt\/wp-json\/wp\/v2\/product_cat?post=37487"},{"taxonomy":"product_tag","embeddable":true,"href":"https:\/\/www.rucashk.com\/pt\/wp-json\/wp\/v2\/product_tag?post=37487"}],"curies":[{"name":"wp","href":"https:\/\/api.w.org\/{rel}","templated":true}]}}