{"id":27842,"date":"2024-01-09T16:46:12","date_gmt":"2024-01-09T16:46:12","guid":{"rendered":"http:\/\/rucashk.com\/?post_type=product&#038;p=27842"},"modified":"2025-06-21T05:26:47","modified_gmt":"2025-06-21T05:26:47","slug":"bose-a30-aviation-headset-earphones","status":"publish","type":"product","link":"https:\/\/www.rucashk.com\/pt\/produto\/bose-a30-aviation-headset-earphones\/","title":{"rendered":"Fones de ouvido Bose A30 Aviation"},"content":{"rendered":"<div class=\"column\">\n<div class=\"bose-column\">\n<div class=\"bose-column__container\">\n<section class=\"grid-12 bose-column__column no-gutter\">\n<div class=\"no-gutter-left grid-12 grid-medium-12 clear-medium-left grid-small-12\">\n<div class=\"title\">\n<div class=\"column\">\n<div class=\"bose-column\">\n<div class=\"bose-column__container\">\n<section class=\"grid-12 bose-column__column no-gutter\">\n<div class=\"no-gutter-left grid-12 grid-medium-12 clear-medium-left grid-small-12\">\n<div class=\"title\">\n<h2 class=\"bose-title-v1 -marginTopLarge -marginLeftMedium -marginRightMedium -marginBottomDefault -bold -center bose-h2 -black -ignoreHorizontal bose-marginAlignment__Mobile\" style=\"text-align: center\">Conforto de tirar o f\u00f4lego. Sil\u00eancio espetacular.<\/h2>\n<\/div>\n<div class=\"bose-text\">\n<div class=\"bose-richText -marginTopSmall -marginLeftLargeX -marginRightLargeX -marginBottomSmall -ignoreHorizontal bose-marginAlignment__Mobile\">\n<p style=\"text-align: center\">O Bose A30 \u00e9 o fone de ouvido de avia\u00e7\u00e3o de maior desempenho e mais confort\u00e1vel para pilotos que j\u00e1 criamos. Ele eleva dramaticamente cada voo com a melhor combina\u00e7\u00e3o de conforto, clareza de \u00e1udio e cancelamento de ru\u00eddo ativo do mercado.<\/p>\n<\/div>\n<\/div>\n<\/div>\n<\/section>\n<\/div>\n<\/div>\n<\/div>\n<div class=\"adaptiveImageComponent image parbase\">\n<div class=\"bose-adaptiveImage bose-adaptiveImage--fullWidth\">\n<div class=\"bose-adaptiveImage__container bose-adaptiveImage--ignore-top-bottom-on-Mobile\"><img fetchpriority=\"high\" decoding=\"async\" class=\"wp-image-37171 aligncenter\" src=\"https:\/\/www.rucashk.com\/wp-content\/uploads\/2023\/11\/592b5d7bc40fa2bedaae62c64ac00e2-1-300x164.png\" alt=\"Bose A30 Aviation Headset Earphones\" width=\"865\" height=\"473\" \/><\/div>\n<div><\/div>\n<div>\n<div class=\"title\">\n<h3 class=\"bose-title-v1 -marginTopSmall -marginLeftSmall -marginRightMediumX -marginBottomDefault -bold -left bose-h3 -black -ignoreHorizontal bose-marginAlignment__Mobile\" style=\"text-align: center\">Definindo o padr\u00e3o para conforto a longo prazo<\/h3>\n<\/div>\n<div class=\"bose-text\" style=\"text-align: center\">\n<div class=\"bose-richText -marginTopSmall -marginLeftSmall -marginRightLargeX -marginBottomExtraSmall -ignoreHorizontal   bose-marginAlignment__Mobile\"><\/p>\n<p>O A30\u00a0<b>design leve com baixa for\u00e7a de fixa\u00e7\u00e3o<\/b>\u00a0proporciona conforto incompar\u00e1vel em voos longos. Ele mant\u00e9m o aclamado cancelamento de ru\u00eddo do Bose A20, mas apresenta um peso geral menor e for\u00e7a de fixa\u00e7\u00e3o reduzida 20%.<\/p>\n<\/div>\n<\/div>\n<\/div>\n<div style=\"text-align: center\"><\/div>\n<div class=\"bose-adaptiveImage__container bose-adaptiveImage--ignore-top-bottom-on-Mobile\"><img decoding=\"async\" class=\"wp-image-37172 aligncenter\" src=\"https:\/\/www.rucashk.com\/wp-content\/uploads\/2023\/11\/121a5526870242741fa00e7ad60f6fe-300x223.png\" alt=\"Bose A30 Aviation Headset Earphones\" width=\"870\" height=\"647\" \/><\/div>\n<div><\/div>\n<div>\n<div class=\"title\">\n<h3 class=\"bose-title-v1 -marginTopSmall -marginLeftDefault -marginRightSmall -marginBottomDefault -bold -left bose-h3 -black -ignoreHorizontal bose-marginAlignment__Mobile\" style=\"text-align: center\">\u00c1udio nos seus termos<\/h3>\n<\/div>\n<div class=\"bose-text\">\n<div class=\"bose-richText -marginTopDefault -marginLeftDefault -marginRightSmall -marginBottomExtraSmall -ignoreHorizontal   bose-marginAlignment__Mobile\"><\/p>\n<p style=\"text-align: center\">O A30 apresenta o melhor equil\u00edbrio entre atenua\u00e7\u00e3o e clareza de \u00e1udio de qualquer fone de ouvido piloto do mercado. Sua interface Bluetooth\u00ae opcional e\u00a0<b>tr\u00eas modos selecion\u00e1veis de cancelamento de ru\u00eddo ativo<\/b>\u00a0com comunica\u00e7\u00e3o talk-through fornecem comunica\u00e7\u00e3o l\u00edder do setor em todos os tipos de aeronaves.<\/p>\n<\/div>\n<\/div>\n<\/div>\n<div><\/div>\n<div class=\"bose-adaptiveImage__container bose-adaptiveImage--ignore-top-bottom-on-Mobile\"><img decoding=\"async\" class=\"wp-image-37174 aligncenter\" src=\"https:\/\/www.rucashk.com\/wp-content\/uploads\/2023\/11\/c4c2cadc290fc1e598e130fe8b7c459-300x193.png\" alt=\"Bose A30 Aviation Headset Earphones\" width=\"874\" height=\"562\" \/><\/div>\n<div><\/div>\n<div>\n<div class=\"title\">\n<h3 class=\"bose-title-v1 -marginTopSmall -marginLeftSmall -marginRightDefault -marginBottomDefault -bold -left bose-h3 -black -ignoreHorizontal bose-marginAlignment__Mobile\" style=\"text-align: center\">Projetado para executar<\/h3>\n<\/div>\n<div class=\"bose-text\">\n<div class=\"bose-richText -marginTopDefault -marginLeftSmall -marginRightMedium -marginBottomExtraSmall -ignoreHorizontal   bose-marginAlignment__Mobile\"><\/p>\n<p style=\"text-align: center\">Com um design elegante e moderno e uma\u00a0<b>microfone de troca lateral sem ferramentas<\/b>, o A30 foi projetado para oferecer versatilidade e um novo n\u00edvel de desempenho em quase todos os ambientes de cockpit. Al\u00e9m disso, o fone de ouvido \u00e9 feito com materiais escolhidos pela resist\u00eancia e durabilidade, sem o volume e a for\u00e7a de fixa\u00e7\u00e3o dos fones de ouvido de avia\u00e7\u00e3o t\u00edpicos.<\/p>\n<\/div>\n<\/div>\n<\/div>\n<div><\/div>\n<div class=\"bose-adaptiveImage__container bose-adaptiveImage--ignore-top-bottom-on-Mobile\"><img loading=\"lazy\" decoding=\"async\" class=\"alignnone  wp-image-37175\" src=\"https:\/\/www.rucashk.com\/wp-content\/uploads\/2023\/11\/0530c98aa5be86e3bddc5f5003550ee-300x183.png\" alt=\"Bose A30 Aviation Headset Earphones\" width=\"875\" height=\"534\" \/><\/div>\n<\/div>\n<\/div>\n<div><\/div>\n<div><strong>Especifica\u00e7\u00f5es<\/strong><br \/>\nAjuste do fone de ouvido: ao redor da orelha, circunaural<br \/>\nFaixa de cabe\u00e7a: Circumaural<br \/>\nCancelamento de ru\u00eddo: Sim<br \/>\nTipo de controle de ru\u00eddo: cancelamento de ru\u00eddo, redu\u00e7\u00e3o de eco, cancelamento de ru\u00eddo ajust\u00e1vel<br \/>\nCabo de \u00e1udio inclu\u00eddo: N\u00e3o<br \/>\nFone de ouvido: 8,27 \u2033 A x 6,69 \u2033 L x 3,15 \u2033 P (1,96 lb)<br \/>\nMaterial do produto: Metal, Pl\u00e1stico, Tecido<br \/>\nConectividade sem fio: Bluetooth<\/div>\n<\/div>\n<\/div>\n<\/section>\n<\/div>\n<\/div>\n<\/div>","protected":false},"excerpt":{"rendered":"<p>O Bose A30 \u00e9 o fone de ouvido de avia\u00e7\u00e3o de maior desempenho e mais confort\u00e1vel para pilotos que j\u00e1 criamos. Ele eleva dramaticamente cada voo com a melhor combina\u00e7\u00e3o de conforto, clareza de \u00e1udio e cancelamento de ru\u00eddo ativo do mercado.<\/p>","protected":false},"featured_media":27971,"template":"","meta":[],"product_brand":[69],"product_cat":[1326,1322],"product_tag":[],"class_list":{"0":"post-27842","1":"product","2":"type-product","3":"status-publish","4":"has-post-thumbnail","6":"product_brand-bose","7":"product_cat-bose-other-a-brands","8":"product_cat-other-a-brands","10":"first","11":"instock","12":"shipping-taxable","13":"product-type-simple"},"aioseo_notices":[],"aioseo_head":"\n\t\t<!-- All in One SEO Pro 4.5.9.2 - aioseo.com -->\n\t\t<meta name=\"description\" content=\"The Bose A30 is the highest-performing, most comfortable around-ear aviation headset for pilots we have ever created. It dramatically elevates every flight with the best combination of comfort, audio clarity and active noise cancellation on the market.\" \/>\n\t\t<meta name=\"robots\" content=\"max-image-preview:large\" \/>\n\t\t<link rel=\"canonical\" href=\"https:\/\/www.rucashk.com\/pt\/produto\/bose-a30-aviation-headset-earphones\/\" \/>\n\t\t<meta name=\"generator\" content=\"All in One SEO Pro (AIOSEO) 4.5.9.2\" \/>\n\t\t<meta property=\"og:locale\" content=\"pt_PT\" \/>\n\t\t<meta property=\"og:site_name\" content=\"Rucas - One-stop AIoT Distribution Worldwide\" \/>\n\t\t<meta property=\"og:type\" content=\"article\" \/>\n\t\t<meta property=\"og:title\" content=\"Bose A30 Aviation Headset Earphones - Rucas - Wholesale and Distribution\" \/>\n\t\t<meta property=\"og:description\" content=\"The Bose A30 is the highest-performing, most comfortable around-ear aviation headset for pilots we have ever created. It dramatically elevates every flight with the best combination of comfort, audio clarity and active noise cancellation on the market.\" \/>\n\t\t<meta property=\"og:url\" content=\"https:\/\/www.rucashk.com\/pt\/produto\/bose-a30-aviation-headset-earphones\/\" \/>\n\t\t<meta property=\"og:image\" content=\"https:\/\/www.rucashk.com\/wp-content\/uploads\/replace\/503b8e645f128a97ccde2b6290747646.jpeg\" \/>\n\t\t<meta property=\"og:image:secure_url\" content=\"https:\/\/www.rucashk.com\/wp-content\/uploads\/replace\/503b8e645f128a97ccde2b6290747646.jpeg\" \/>\n\t\t<meta property=\"og:image:width\" content=\"1456\" \/>\n\t\t<meta property=\"og:image:height\" content=\"816\" \/>\n\t\t<meta property=\"article:published_time\" content=\"2024-01-09T16:46:12+00:00\" \/>\n\t\t<meta property=\"article:modified_time\" content=\"2025-06-21T05:26:47+00:00\" \/>\n\t\t<meta name=\"twitter:card\" content=\"summary_large_image\" \/>\n\t\t<meta name=\"twitter:title\" content=\"Bose A30 Aviation Headset Earphones - Rucas - Wholesale and Distribution\" \/>\n\t\t<meta name=\"twitter:description\" content=\"The Bose A30 is the highest-performing, most comfortable around-ear aviation headset for pilots we have ever created. It dramatically elevates every flight with the best combination of comfort, audio clarity and active noise cancellation on the market.\" \/>\n\t\t<meta name=\"twitter:image\" content=\"https:\/\/www.rucashk.com\/wp-content\/uploads\/replace\/503b8e645f128a97ccde2b6290747646.jpeg\" \/>\n\t\t<script type=\"application\/ld+json\" class=\"aioseo-schema\">\n\t\t\t{\"@context\":\"https:\\\/\\\/schema.org\",\"@graph\":[{\"@type\":\"BreadcrumbList\",\"@id\":\"https:\\\/\\\/www.rucashk.com\\\/pt\\\/produto\\\/bose-a30-aviation-headset-earphones\\\/#breadcrumblist\",\"itemListElement\":[{\"@type\":\"ListItem\",\"@id\":\"https:\\\/\\\/www.rucashk.com\\\/pt\\\/#listItem\",\"position\":1,\"name\":\"Home\",\"item\":\"https:\\\/\\\/www.rucashk.com\\\/pt\\\/\",\"nextItem\":\"https:\\\/\\\/www.rucashk.com\\\/pt\\\/produto\\\/bose-a30-aviation-headset-earphones\\\/#listItem\"},{\"@type\":\"ListItem\",\"@id\":\"https:\\\/\\\/www.rucashk.com\\\/pt\\\/produto\\\/bose-a30-aviation-headset-earphones\\\/#listItem\",\"position\":2,\"name\":\"Bose A30 Aviation Headset Earphones\",\"previousItem\":\"https:\\\/\\\/www.rucashk.com\\\/pt\\\/#listItem\"}]},{\"@type\":\"Organization\",\"@id\":\"https:\\\/\\\/www.rucashk.com\\\/pt\\\/#organization\",\"name\":\"Rucas\",\"url\":\"https:\\\/\\\/www.rucashk.com\\\/pt\\\/\",\"logo\":{\"@type\":\"ImageObject\",\"url\":\"https:\\\/\\\/www.rucashk.com\\\/wp-content\\\/uploads\\\/2023\\\/12\\\/Rucas_campany_logo.png\",\"@id\":\"https:\\\/\\\/www.rucashk.com\\\/pt\\\/produto\\\/bose-a30-aviation-headset-earphones\\\/#organizationLogo\",\"width\":221,\"height\":65},\"image\":{\"@id\":\"https:\\\/\\\/www.rucashk.com\\\/pt\\\/#organizationLogo\"}},{\"@type\":\"Person\",\"@id\":\"https:\\\/\\\/www.rucashk.com\\\/pt\\\/author\\\/admin\\\/#author\",\"url\":\"https:\\\/\\\/www.rucashk.com\\\/pt\\\/author\\\/admin\\\/\",\"name\":\"admin\",\"image\":{\"@type\":\"ImageObject\",\"@id\":\"https:\\\/\\\/www.rucashk.com\\\/pt\\\/produto\\\/bose-a30-aviation-headset-earphones\\\/#authorImage\",\"url\":\"https:\\\/\\\/secure.gravatar.com\\\/avatar\\\/b7c8925b09a27e72b30232f8ecaadbd5af0f70a38c78096863fe51b64f031c24?s=96&d=mm&r=g\",\"width\":96,\"height\":96,\"caption\":\"admin\"}},{\"@type\":\"WebPage\",\"@id\":\"https:\\\/\\\/www.rucashk.com\\\/pt\\\/produto\\\/bose-a30-aviation-headset-earphones\\\/#webpage\",\"url\":\"https:\\\/\\\/www.rucashk.com\\\/pt\\\/produto\\\/bose-a30-aviation-headset-earphones\\\/\",\"name\":\"Bose A30 Aviation Headset Earphones - Rucas - Wholesale and Distribution\",\"description\":\"The Bose A30 is the highest-performing, most comfortable around-ear aviation headset for pilots we have ever created. It dramatically elevates every flight with the best combination of comfort, audio clarity and active noise cancellation on the market.\",\"inLanguage\":\"pt-PT\",\"isPartOf\":{\"@id\":\"https:\\\/\\\/www.rucashk.com\\\/pt\\\/#website\"},\"breadcrumb\":{\"@id\":\"https:\\\/\\\/www.rucashk.com\\\/pt\\\/produto\\\/bose-a30-aviation-headset-earphones\\\/#breadcrumblist\"},\"author\":{\"@id\":\"https:\\\/\\\/www.rucashk.com\\\/pt\\\/author\\\/admin\\\/#author\"},\"creator\":{\"@id\":\"https:\\\/\\\/www.rucashk.com\\\/pt\\\/author\\\/admin\\\/#author\"},\"image\":{\"@type\":\"ImageObject\",\"url\":\"https:\\\/\\\/www.rucashk.com\\\/wp-content\\\/uploads\\\/2024\\\/01\\\/1eb576eebe3ce2577400d6c4da754ec.png\",\"@id\":\"https:\\\/\\\/www.rucashk.com\\\/pt\\\/produto\\\/bose-a30-aviation-headset-earphones\\\/#mainImage\",\"width\":804,\"height\":742},\"primaryImageOfPage\":{\"@id\":\"https:\\\/\\\/www.rucashk.com\\\/pt\\\/produto\\\/bose-a30-aviation-headset-earphones\\\/#mainImage\"},\"datePublished\":\"2024-01-09T16:46:12+00:00\",\"dateModified\":\"2025-06-21T05:26:47+00:00\"},{\"@type\":\"WebSite\",\"@id\":\"https:\\\/\\\/www.rucashk.com\\\/pt\\\/#website\",\"url\":\"https:\\\/\\\/www.rucashk.com\\\/pt\\\/\",\"name\":\"Rucas - Wholesale and distribution worldwide\",\"alternateName\":\"Rucas - One-stop AIoT Distribution Worldwide\",\"description\":\"One-stop AIoT Distribution Worldwide\",\"inLanguage\":\"pt-PT\",\"publisher\":{\"@id\":\"https:\\\/\\\/www.rucashk.com\\\/pt\\\/#organization\"}}]}\n\t\t<\/script>\n\t\t<!-- All in One SEO Pro -->\r\n\t\t<title>Bose A30 Aviation Headset Earphones - Rucas - Wholesale and Distribution<\/title>\n\n","aioseo_head_json":{"title":"Bose A30 Aviation Headset Earphones - Rucas - Wholesale and Distribution","description":"The Bose A30 is the highest-performing, most comfortable around-ear aviation headset for pilots we have ever created. It dramatically elevates every flight with the best combination of comfort, audio clarity and active noise cancellation on the market.","canonical_url":"https:\/\/www.rucashk.com\/pt\/produto\/bose-a30-aviation-headset-earphones\/","robots":"max-image-preview:large","keywords":"","webmasterTools":{"miscellaneous":""},"og:locale":"pt_PT","og:site_name":"Rucas - One-stop AIoT Distribution Worldwide","og:type":"article","og:title":"Bose A30 Aviation Headset Earphones - Rucas - Wholesale and Distribution","og:description":"The Bose A30 is the highest-performing, most comfortable around-ear aviation headset for pilots we have ever created. It dramatically elevates every flight with the best combination of comfort, audio clarity and active noise cancellation on the market.","og:url":"https:\/\/www.rucashk.com\/pt\/produto\/bose-a30-aviation-headset-earphones\/","og:image":"https:\/\/www.rucashk.com\/wp-content\/uploads\/replace\/503b8e645f128a97ccde2b6290747646.jpeg","og:image:secure_url":"https:\/\/www.rucashk.com\/wp-content\/uploads\/replace\/503b8e645f128a97ccde2b6290747646.jpeg","og:image:width":1456,"og:image:height":816,"article:published_time":"2024-01-09T16:46:12+00:00","article:modified_time":"2025-06-21T05:26:47+00:00","twitter:card":"summary_large_image","twitter:title":"Bose A30 Aviation Headset Earphones - Rucas - Wholesale and Distribution","twitter:description":"The Bose A30 is the highest-performing, most comfortable around-ear aviation headset for pilots we have ever created. It dramatically elevates every flight with the best combination of comfort, audio clarity and active noise cancellation on the market.","twitter:image":"https:\/\/www.rucashk.com\/wp-content\/uploads\/replace\/503b8e645f128a97ccde2b6290747646.jpeg","schema":{"@context":"https:\/\/schema.org","@graph":[{"@type":"BreadcrumbList","@id":"https:\/\/www.rucashk.com\/pt\/produto\/bose-a30-aviation-headset-earphones\/#breadcrumblist","itemListElement":[{"@type":"ListItem","@id":"https:\/\/www.rucashk.com\/pt\/#listItem","position":1,"name":"Home","item":"https:\/\/www.rucashk.com\/pt\/","nextItem":"https:\/\/www.rucashk.com\/pt\/produto\/bose-a30-aviation-headset-earphones\/#listItem"},{"@type":"ListItem","@id":"https:\/\/www.rucashk.com\/pt\/produto\/bose-a30-aviation-headset-earphones\/#listItem","position":2,"name":"Bose A30 Aviation Headset Earphones","previousItem":"https:\/\/www.rucashk.com\/pt\/#listItem"}]},{"@type":"Organization","@id":"https:\/\/www.rucashk.com\/pt\/#organization","name":"Rucas","url":"https:\/\/www.rucashk.com\/pt\/","logo":{"@type":"ImageObject","url":"https:\/\/www.rucashk.com\/wp-content\/uploads\/2023\/12\/Rucas_campany_logo.png","@id":"https:\/\/www.rucashk.com\/pt\/produto\/bose-a30-aviation-headset-earphones\/#organizationLogo","width":221,"height":65},"image":{"@id":"https:\/\/www.rucashk.com\/pt\/#organizationLogo"}},{"@type":"Person","@id":"https:\/\/www.rucashk.com\/pt\/author\/admin\/#author","url":"https:\/\/www.rucashk.com\/pt\/author\/admin\/","name":"admin","image":{"@type":"ImageObject","@id":"https:\/\/www.rucashk.com\/pt\/produto\/bose-a30-aviation-headset-earphones\/#authorImage","url":"https:\/\/secure.gravatar.com\/avatar\/b7c8925b09a27e72b30232f8ecaadbd5af0f70a38c78096863fe51b64f031c24?s=96&d=mm&r=g","width":96,"height":96,"caption":"admin"}},{"@type":"WebPage","@id":"https:\/\/www.rucashk.com\/pt\/produto\/bose-a30-aviation-headset-earphones\/#webpage","url":"https:\/\/www.rucashk.com\/pt\/produto\/bose-a30-aviation-headset-earphones\/","name":"Bose A30 Aviation Headset Earphones - Rucas - Wholesale and Distribution","description":"The Bose A30 is the highest-performing, most comfortable around-ear aviation headset for pilots we have ever created. It dramatically elevates every flight with the best combination of comfort, audio clarity and active noise cancellation on the market.","inLanguage":"pt-PT","isPartOf":{"@id":"https:\/\/www.rucashk.com\/pt\/#website"},"breadcrumb":{"@id":"https:\/\/www.rucashk.com\/pt\/produto\/bose-a30-aviation-headset-earphones\/#breadcrumblist"},"author":{"@id":"https:\/\/www.rucashk.com\/pt\/author\/admin\/#author"},"creator":{"@id":"https:\/\/www.rucashk.com\/pt\/author\/admin\/#author"},"image":{"@type":"ImageObject","url":"https:\/\/www.rucashk.com\/wp-content\/uploads\/2024\/01\/1eb576eebe3ce2577400d6c4da754ec.png","@id":"https:\/\/www.rucashk.com\/pt\/produto\/bose-a30-aviation-headset-earphones\/#mainImage","width":804,"height":742},"primaryImageOfPage":{"@id":"https:\/\/www.rucashk.com\/pt\/produto\/bose-a30-aviation-headset-earphones\/#mainImage"},"datePublished":"2024-01-09T16:46:12+00:00","dateModified":"2025-06-21T05:26:47+00:00"},{"@type":"WebSite","@id":"https:\/\/www.rucashk.com\/pt\/#website","url":"https:\/\/www.rucashk.com\/pt\/","name":"Rucas - Wholesale and distribution worldwide","alternateName":"Rucas - One-stop AIoT Distribution Worldwide","description":"One-stop AIoT Distribution Worldwide","inLanguage":"pt-PT","publisher":{"@id":"https:\/\/www.rucashk.com\/pt\/#organization"}}]}},"aioseo_meta_data":{"post_id":"27842","title":null,"description":null,"keywords":null,"keyphrases":null,"primary_term":null,"canonical_url":null,"og_title":null,"og_description":null,"og_object_type":"default","og_image_type":"default","og_image_url":null,"og_image_width":null,"og_image_height":null,"og_image_custom_url":null,"og_image_custom_fields":null,"og_video":"","og_custom_url":null,"og_article_section":null,"og_article_tags":null,"twitter_use_og":false,"twitter_card":"default","twitter_image_type":"default","twitter_image_url":null,"twitter_image_custom_url":null,"twitter_image_custom_fields":null,"twitter_title":null,"twitter_description":null,"schema":{"blockGraphs":[],"customGraphs":[],"default":{"data":{"Article":[],"Course":[],"Dataset":[],"FAQPage":[],"Movie":[],"Person":[],"Product":[],"Recipe":[],"Service":[],"SoftwareApplication":[],"WebPage":[]},"graphName":"","isEnabled":true},"graphs":[]},"schema_type":"default","schema_type_options":null,"pillar_content":false,"robots_default":true,"robots_noindex":false,"robots_noarchive":false,"robots_nosnippet":false,"robots_nofollow":false,"robots_noimageindex":false,"robots_noodp":false,"robots_notranslate":false,"robots_max_snippet":"-1","robots_max_videopreview":"-1","robots_max_imagepreview":"large","priority":null,"frequency":"default","local_seo":null,"breadcrumb_settings":null,"limit_modified_date":false,"created":"2024-04-11 01:57:22","updated":"2025-06-22 18:43:59"},"aioseo_breadcrumb":"<div class=\"aioseo-breadcrumbs\"><span class=\"aioseo-breadcrumb\">\n\t<a href=\"https:\/\/www.rucashk.com\/pt\" title=\"Home\">Home<\/a>\n<\/span><span class=\"aioseo-breadcrumb-separator\">&raquo;<\/span><span class=\"aioseo-breadcrumb\">\n\t<a href=\"https:\/\/www.rucashk.com\/pt\/products\/\" title=\"Produtos\">Produtos<\/a>\n<\/span><span class=\"aioseo-breadcrumb-separator\">&raquo;<\/span><span class=\"aioseo-breadcrumb\">\n\t<a href=\"https:\/\/www.rucashk.com\/pt\/marca\/bose\/\" title=\"Bose\">Bose<\/a>\n<\/span><span class=\"aioseo-breadcrumb-separator\">&raquo;<\/span><span class=\"aioseo-breadcrumb\">\n\tBose A30 Aviation Headset Earphones\n<\/span><\/div>","aioseo_breadcrumb_json":[{"label":"Home","link":"https:\/\/www.rucashk.com\/pt"},{"label":"Produtos","link":"https:\/\/www.rucashk.com\/pt\/products\/"},{"label":"Bose","link":"https:\/\/www.rucashk.com\/pt\/marca\/bose\/"},{"label":"Bose A30 Aviation Headset Earphones","link":"https:\/\/www.rucashk.com\/pt\/produto\/bose-a30-aviation-headset-earphones\/"}],"_links":{"self":[{"href":"https:\/\/www.rucashk.com\/pt\/wp-json\/wp\/v2\/product\/27842","targetHints":{"allow":["GET"]}}],"collection":[{"href":"https:\/\/www.rucashk.com\/pt\/wp-json\/wp\/v2\/product"}],"about":[{"href":"https:\/\/www.rucashk.com\/pt\/wp-json\/wp\/v2\/types\/product"}],"wp:featuredmedia":[{"embeddable":true,"href":"https:\/\/www.rucashk.com\/pt\/wp-json\/wp\/v2\/media\/27971"}],"wp:attachment":[{"href":"https:\/\/www.rucashk.com\/pt\/wp-json\/wp\/v2\/media?parent=27842"}],"wp:term":[{"taxonomy":"product_brand","embeddable":true,"href":"https:\/\/www.rucashk.com\/pt\/wp-json\/wp\/v2\/product_brand?post=27842"},{"taxonomy":"product_cat","embeddable":true,"href":"https:\/\/www.rucashk.com\/pt\/wp-json\/wp\/v2\/product_cat?post=27842"},{"taxonomy":"product_tag","embeddable":true,"href":"https:\/\/www.rucashk.com\/pt\/wp-json\/wp\/v2\/product_tag?post=27842"}],"curies":[{"name":"wp","href":"https:\/\/api.w.org\/{rel}","templated":true}]}}