{"id":27841,"date":"2024-01-09T16:46:12","date_gmt":"2024-01-09T16:46:12","guid":{"rendered":"http:\/\/rucashk.com\/?post_type=product&#038;p=27841"},"modified":"2025-06-21T05:26:53","modified_gmt":"2025-06-21T05:26:53","slug":"bose-quietcomfort-45-headphones","status":"publish","type":"product","link":"https:\/\/www.rucashk.com\/pt\/produto\/bose-quietcomfort-45-headphones\/","title":{"rendered":"Fones de ouvido Bose QuietComfort 45"},"content":{"rendered":"<h3 style=\"text-align: center\"><strong>AL\u00c9M DOS CL\u00c1SSICOS<\/strong><\/h3>\n<p style=\"text-align: center\"><strong>Fones de ouvido com cancelamento de ru\u00eddo Bose OC45<\/strong><\/p>\n<p><img decoding=\"async\" alt=\"Bose QuietComfort 45 Headphones\" class=\"aligncenter\" src=\"\/wp-content\/uploads\/replace\/1439ffd4cd9cf1c267caf401e4580534.png\" width=\"944px\" height=\"1727px\" \/><\/p>\n<p>&nbsp;<\/p>\n<p style=\"text-align: center\">TECNOLOGIA DE CANCELAMENTO ATIVO DE RU\u00cdDO DE RECONHECIMENTO MUNDIAL DEIXE SEU MUNDO S\u00d3 DEIXAR M\u00daSICA<\/p>\n<p>&nbsp;<\/p>\n<p><img decoding=\"async\" alt=\"Bose QuietComfort 45 Headphones\" class=\"aligncenter\" src=\"\/wp-content\/uploads\/replace\/aaeea481b8cf6e9244ed92b360706212.png\" width=\"944px\" height=\"1565px\" \/><\/p>\n<p>&nbsp;<\/p>\n<p style=\"text-align: center\">EXCELENTE QUALIDADE DE SOM EM TODA A GAMA DE M\u00daSICA, PODCASTS,<\/p>\n<p style=\"text-align: center\">V\u00cdDEOS PARA OUVIR O QUE VOC\u00ca AMA<\/p>\n<p>&nbsp;<\/p>\n<p><img decoding=\"async\" alt=\"Bose QuietComfort 45 Headphones\" class=\"aligncenter\" src=\"\/wp-content\/uploads\/replace\/9b9c63a9c677c11575c11b88ba80b6d9.png\" width=\"944px\" height=\"1583px\" \/><\/p>\n<p style=\"text-align: center\">\n<p style=\"text-align: center\">DESIGN LEVE E CONFORT\u00c1VEL<br \/>\nSEM \u00d4NUS PARA USAR POR MUITO TEMPO<\/p>\n<p>&nbsp;<\/p>\n<p><img decoding=\"async\" alt=\"Bose QuietComfort 45 Headphones\" class=\"alignleft\" src=\"\/wp-content\/uploads\/replace\/42e68d326eade4e2d71d5998777afd64.png\" width=\"944px\" height=\"1566px\" \/><\/p>\n<p>&nbsp;<\/p>\n<p>&nbsp;<\/p>\n<p>&nbsp;<\/p>\n<p style=\"text-align: center\">SISTEMA DE MICROFONE COM REDU\u00c7\u00c3O DE RU\u00cdDO FALE CLARAMENTE SEM MEDO DE INTERFER\u00caNCIA<\/p>\n<p><img decoding=\"async\" alt=\"Bose QuietComfort 45 Headphones\" class=\"aligncenter\" src=\"\/wp-content\/uploads\/replace\/c4bb4c9ef97a3dac301db8a38e4497eb.png\" width=\"944px\" height=\"1814px\" \/><\/p>\n<p style=\"text-align: center\">\n<p style=\"text-align: center\">AT\u00c9 24 HORAS DE VIDA \u00daTIL DA BATERIA ESCUTA SEM PREOCUPA\u00c7\u00d5ES 24 horas por dia, 7 dias por semana<\/p>\n<p><img decoding=\"async\" alt=\"Bose QuietComfort 45 Headphones\" class=\"aligncenter\" src=\"\/wp-content\/uploads\/replace\/35054f31f05a125c5ed4776bc2e4860b.png\" width=\"944px\" height=\"1483px\" \/><\/p>\n<p>&nbsp;<\/p>\n<p style=\"text-align: center\">CONEX\u00c3O EST\u00c1VEL BLUETOOTH 51 COMPAT\u00cdVEL COM SISTEMA ANDROID\/IOS<\/p>\n<p><img decoding=\"async\" alt=\"Bose QuietComfort 45 Headphones\" class=\"aligncenter\" src=\"\/wp-content\/uploads\/replace\/f2f348b3705ac7cf822cad69615bcf2c.png\" width=\"944px\" height=\"1548px\" \/><\/p>\n<p>&nbsp;<\/p>\n<p>&nbsp;<\/p>\n<div class=\"title--wrap--wDzGayX\">\n<div class=\"title--text--Lx66GPw\">\n<h1 class=\"title--title--RN9Pt03\">Especifica\u00e7\u00f5es<\/h1>\n<\/div>\n<\/div>\n<ul class=\"specification--list--fiWsSyv\">\n<li class=\"specification--line--iUJOqof\">\n<div class=\"specification--prop--RejitI8\">\n<div class=\"specification--title--UbVeyic\">Material: Pl\u00e1stico<\/div>\n<\/div>\n<div class=\"specification--prop--RejitI8\">\n<div class=\"specification--title--UbVeyic\">Categoria: Fones de ouvido e fones de ouvido<\/div>\n<\/div>\n<\/li>\n<li class=\"specification--line--iUJOqof\">\n<div class=\"specification--prop--RejitI8\">\n<div class=\"specification--title--UbVeyic\">Tipo de fones de ouvido: selado<\/div>\n<\/div>\n<div class=\"specification--prop--RejitI8\">\n<div class=\"specification--title--UbVeyic\">M\u00e9todo de carregamento: Cabo<\/div>\n<\/div>\n<\/li>\n<li class=\"specification--line--iUJOqof\">\n<div class=\"specification--prop--RejitI8\">\n<div class=\"specification--title--UbVeyic\">Vers\u00e3o Bluetooth: 5.1<\/div>\n<\/div>\n<div class=\"specification--prop--RejitI8\">\n<div class=\"specification--title--UbVeyic\">Lista de pacotes: Manual do usu\u00e1rio, bolsa de transporte, cabo de carregamento<\/div>\n<\/div>\n<div class=\"specification--prop--RejitI8\">\n<div class=\"specification--title--UbVeyic\">Codecs: Apt-X<\/div>\n<\/div>\n<\/li>\n<li class=\"specification--line--iUJOqof\">\n<div class=\"specification--prop--RejitI8\">\n<div class=\"specification--title--UbVeyic\">Com Microfone: Sim<\/div>\n<\/div>\n<div class=\"specification--prop--RejitI8\">\n<div class=\"specification--title--UbVeyic\">\u00c9 sem fio: Sim<\/div>\n<\/div>\n<\/li>\n<li class=\"specification--line--iUJOqof\">\n<div class=\"specification--prop--RejitI8\">\n<div class=\"specification--title--UbVeyic\">APLICATIVO de suporte: N\u00e3o<\/div>\n<\/div>\n<div class=\"specification--prop--RejitI8\">\n<div class=\"specification--title--UbVeyic\">Suporte para cart\u00e3o de mem\u00f3ria: sim<\/div>\n<\/div>\n<\/li>\n<li class=\"specification--line--iUJOqof\">\n<div class=\"specification--prop--RejitI8\">\n<div class=\"specification--title--UbVeyic\">\u00c0 prova d&#039;\u00e1gua: Sim<\/div>\n<\/div>\n<div class=\"specification--prop--RejitI8\">\n<div class=\"specification--title--UbVeyic\">Resist\u00eancia: 0\u03a9<\/div>\n<\/div>\n<\/li>\n<li class=\"specification--line--iUJOqof\">\n<div class=\"specification--prop--RejitI8\">\n<div class=\"specification--title--UbVeyic\">Comprimento da linha: 0m<\/div>\n<\/div>\n<div class=\"specification--prop--RejitI8\">\n<div class=\"specification--title--UbVeyic\">Faixa de resposta de frequ\u00eancia: 20 \u2013 200.000 Hz<\/div>\n<\/div>\n<div class=\"specification--prop--RejitI8\">\n<div class=\"specification--title--UbVeyic\">Cancelamento de ru\u00eddo ativo: Sim<\/div>\n<\/div>\n<\/li>\n<li class=\"specification--line--iUJOqof\">\n<div class=\"specification--prop--RejitI8\">\n<div class=\"specification--title--UbVeyic\">Controle de volume: Sim<\/div>\n<\/div>\n<div class=\"specification--prop--RejitI8\">\n<div class=\"specification--title--UbVeyic\">Bot\u00e3o de controle: Sim<\/div>\n<\/div>\n<\/li>\n<li class=\"specification--line--iUJOqof\">\n<div class=\"specification--prop--RejitI8\">\n<div class=\"specification--title--UbVeyic\">Princ\u00edpio do Vocalismo: Armadura Balanceada<\/div>\n<\/div>\n<div class=\"specification--prop--RejitI8\">\n<div class=\"specification--title--UbVeyic\">Tipo sem fio: bluetooth<\/div>\n<\/div>\n<\/li>\n<li class=\"specification--line--iUJOqof\">\n<div class=\"specification--prop--RejitI8\">\n<div class=\"specification--title--UbVeyic\">Comunica\u00e7\u00e3o: Sem Fio<\/div>\n<\/div>\n<div class=\"specification--prop--RejitI8\">\n<div class=\"specification--title--UbVeyic\">Estilo: Sobre a Orelha<\/div>\n<\/div>\n<\/li>\n<li class=\"specification--line--iUJOqof\">\n<div class=\"specification--prop--RejitI8\">\n<div class=\"specification--title--UbVeyic\">Certifica\u00e7\u00e3o: CE, ponto<\/div>\n<\/div>\n<div class=\"specification--prop--RejitI8\">\n<div class=\"specification--title--UbVeyic\">Origem: China Continental<\/div>\n<\/div>\n<\/li>\n<li class=\"specification--line--iUJOqof\" data-spm-anchor-id=\"a2g0o.detail.0.i10.3273UfSHUfSHhJ\">\n<div class=\"specification--prop--RejitI8\">\n<div class=\"specification--title--UbVeyic\">Marca: ZUIDID<\/div>\n<\/div>\n<\/li>\n<\/ul>","protected":false},"excerpt":{"rendered":"<p data-spm-anchor-id=\"a2g0o.detail.1000023.i5.3273UfSHUfSHhJ\">Constru\u00e7\u00e3o leve e dur\u00e1vel em nylon com enchimento de vidro e a\u00e7o inoxid\u00e1vel<br \/>\nO EQ ativo com volume otimizado ajusta automaticamente a resposta de frequ\u00eancia para um som mais realista<br \/>\nO circuito eletr\u00f4nico ajuda a manter um n\u00edvel de ru\u00eddo baixo<\/p>\n<div><\/div>","protected":false},"featured_media":27966,"template":"","meta":[],"product_brand":[69],"product_cat":[1326,1322],"product_tag":[],"class_list":{"0":"post-27841","1":"product","2":"type-product","3":"status-publish","4":"has-post-thumbnail","6":"product_brand-bose","7":"product_cat-bose-other-a-brands","8":"product_cat-other-a-brands","10":"first","11":"instock","12":"shipping-taxable","13":"product-type-simple"},"aioseo_notices":[],"aioseo_head":"\n\t\t<!-- All in One SEO Pro 4.5.9.2 - aioseo.com -->\n\t\t<meta name=\"description\" content=\"Lightweight and durable glass-filled nylon and stainless steel construction Volume-optimized active EQ automatically tunes the frequency response for more lifelike sound Electronic circuitry helps to keep a low noise floor\" \/>\n\t\t<meta name=\"robots\" content=\"max-image-preview:large\" \/>\n\t\t<link rel=\"canonical\" href=\"https:\/\/www.rucashk.com\/pt\/produto\/bose-quietcomfort-45-headphones\/\" \/>\n\t\t<meta name=\"generator\" content=\"All in One SEO Pro (AIOSEO) 4.5.9.2\" \/>\n\t\t<meta property=\"og:locale\" content=\"pt_PT\" \/>\n\t\t<meta property=\"og:site_name\" content=\"Rucas - One-stop AIoT Distribution Worldwide\" \/>\n\t\t<meta property=\"og:type\" content=\"article\" \/>\n\t\t<meta property=\"og:title\" content=\"Bose QuietComfort 45 Headphones - Rucas - Wholesale and Distribution\" \/>\n\t\t<meta property=\"og:description\" content=\"Lightweight and durable glass-filled nylon and stainless steel construction Volume-optimized active EQ automatically tunes the frequency response for more lifelike sound Electronic circuitry helps to keep a low noise floor\" \/>\n\t\t<meta property=\"og:url\" content=\"https:\/\/www.rucashk.com\/pt\/produto\/bose-quietcomfort-45-headphones\/\" \/>\n\t\t<meta property=\"og:image\" content=\"https:\/\/www.rucashk.com\/wp-content\/uploads\/replace\/503b8e645f128a97ccde2b6290747646.jpeg\" \/>\n\t\t<meta property=\"og:image:secure_url\" content=\"https:\/\/www.rucashk.com\/wp-content\/uploads\/replace\/503b8e645f128a97ccde2b6290747646.jpeg\" \/>\n\t\t<meta property=\"og:image:width\" content=\"1456\" \/>\n\t\t<meta property=\"og:image:height\" content=\"816\" \/>\n\t\t<meta property=\"article:published_time\" content=\"2024-01-09T16:46:12+00:00\" \/>\n\t\t<meta property=\"article:modified_time\" content=\"2025-06-21T05:26:53+00:00\" \/>\n\t\t<meta name=\"twitter:card\" content=\"summary_large_image\" \/>\n\t\t<meta name=\"twitter:title\" content=\"Bose QuietComfort 45 Headphones - Rucas - Wholesale and Distribution\" \/>\n\t\t<meta name=\"twitter:description\" content=\"Lightweight and durable glass-filled nylon and stainless steel construction Volume-optimized active EQ automatically tunes the frequency response for more lifelike sound Electronic circuitry helps to keep a low noise floor\" \/>\n\t\t<meta name=\"twitter:image\" content=\"https:\/\/www.rucashk.com\/wp-content\/uploads\/replace\/503b8e645f128a97ccde2b6290747646.jpeg\" \/>\n\t\t<script type=\"application\/ld+json\" class=\"aioseo-schema\">\n\t\t\t{\"@context\":\"https:\\\/\\\/schema.org\",\"@graph\":[{\"@type\":\"BreadcrumbList\",\"@id\":\"https:\\\/\\\/www.rucashk.com\\\/pt\\\/produto\\\/bose-quietcomfort-45-headphones\\\/#breadcrumblist\",\"itemListElement\":[{\"@type\":\"ListItem\",\"@id\":\"https:\\\/\\\/www.rucashk.com\\\/pt\\\/#listItem\",\"position\":1,\"name\":\"Home\",\"item\":\"https:\\\/\\\/www.rucashk.com\\\/pt\\\/\",\"nextItem\":\"https:\\\/\\\/www.rucashk.com\\\/pt\\\/produto\\\/bose-quietcomfort-45-headphones\\\/#listItem\"},{\"@type\":\"ListItem\",\"@id\":\"https:\\\/\\\/www.rucashk.com\\\/pt\\\/produto\\\/bose-quietcomfort-45-headphones\\\/#listItem\",\"position\":2,\"name\":\"Bose QuietComfort 45 Headphones\",\"previousItem\":\"https:\\\/\\\/www.rucashk.com\\\/pt\\\/#listItem\"}]},{\"@type\":\"Organization\",\"@id\":\"https:\\\/\\\/www.rucashk.com\\\/pt\\\/#organization\",\"name\":\"Rucas\",\"url\":\"https:\\\/\\\/www.rucashk.com\\\/pt\\\/\",\"logo\":{\"@type\":\"ImageObject\",\"url\":\"https:\\\/\\\/www.rucashk.com\\\/wp-content\\\/uploads\\\/2023\\\/12\\\/Rucas_campany_logo.png\",\"@id\":\"https:\\\/\\\/www.rucashk.com\\\/pt\\\/produto\\\/bose-quietcomfort-45-headphones\\\/#organizationLogo\",\"width\":221,\"height\":65},\"image\":{\"@id\":\"https:\\\/\\\/www.rucashk.com\\\/pt\\\/#organizationLogo\"}},{\"@type\":\"Person\",\"@id\":\"https:\\\/\\\/www.rucashk.com\\\/pt\\\/author\\\/admin\\\/#author\",\"url\":\"https:\\\/\\\/www.rucashk.com\\\/pt\\\/author\\\/admin\\\/\",\"name\":\"admin\",\"image\":{\"@type\":\"ImageObject\",\"@id\":\"https:\\\/\\\/www.rucashk.com\\\/pt\\\/produto\\\/bose-quietcomfort-45-headphones\\\/#authorImage\",\"url\":\"https:\\\/\\\/secure.gravatar.com\\\/avatar\\\/b7c8925b09a27e72b30232f8ecaadbd5af0f70a38c78096863fe51b64f031c24?s=96&d=mm&r=g\",\"width\":96,\"height\":96,\"caption\":\"admin\"}},{\"@type\":\"WebPage\",\"@id\":\"https:\\\/\\\/www.rucashk.com\\\/pt\\\/produto\\\/bose-quietcomfort-45-headphones\\\/#webpage\",\"url\":\"https:\\\/\\\/www.rucashk.com\\\/pt\\\/produto\\\/bose-quietcomfort-45-headphones\\\/\",\"name\":\"Bose QuietComfort 45 Headphones - Rucas - Wholesale and Distribution\",\"description\":\"Lightweight and durable glass-filled nylon and stainless steel construction Volume-optimized active EQ automatically tunes the frequency response for more lifelike sound Electronic circuitry helps to keep a low noise floor\",\"inLanguage\":\"pt-PT\",\"isPartOf\":{\"@id\":\"https:\\\/\\\/www.rucashk.com\\\/pt\\\/#website\"},\"breadcrumb\":{\"@id\":\"https:\\\/\\\/www.rucashk.com\\\/pt\\\/produto\\\/bose-quietcomfort-45-headphones\\\/#breadcrumblist\"},\"author\":{\"@id\":\"https:\\\/\\\/www.rucashk.com\\\/pt\\\/author\\\/admin\\\/#author\"},\"creator\":{\"@id\":\"https:\\\/\\\/www.rucashk.com\\\/pt\\\/author\\\/admin\\\/#author\"},\"image\":{\"@type\":\"ImageObject\",\"url\":\"https:\\\/\\\/www.rucashk.com\\\/wp-content\\\/uploads\\\/2024\\\/01\\\/10003-25.webp\",\"@id\":\"https:\\\/\\\/www.rucashk.com\\\/pt\\\/produto\\\/bose-quietcomfort-45-headphones\\\/#mainImage\",\"width\":960,\"height\":960},\"primaryImageOfPage\":{\"@id\":\"https:\\\/\\\/www.rucashk.com\\\/pt\\\/produto\\\/bose-quietcomfort-45-headphones\\\/#mainImage\"},\"datePublished\":\"2024-01-09T16:46:12+00:00\",\"dateModified\":\"2025-06-21T05:26:53+00:00\"},{\"@type\":\"WebSite\",\"@id\":\"https:\\\/\\\/www.rucashk.com\\\/pt\\\/#website\",\"url\":\"https:\\\/\\\/www.rucashk.com\\\/pt\\\/\",\"name\":\"Rucas - Wholesale and distribution worldwide\",\"alternateName\":\"Rucas - One-stop AIoT Distribution Worldwide\",\"description\":\"One-stop AIoT Distribution Worldwide\",\"inLanguage\":\"pt-PT\",\"publisher\":{\"@id\":\"https:\\\/\\\/www.rucashk.com\\\/pt\\\/#organization\"}}]}\n\t\t<\/script>\n\t\t<!-- All in One SEO Pro -->\r\n\t\t<title>Bose QuietComfort 45 Headphones - Rucas - Wholesale and Distribution<\/title>\n\n","aioseo_head_json":{"title":"Bose QuietComfort 45 Headphones - Rucas - Wholesale and Distribution","description":"Lightweight and durable glass-filled nylon and stainless steel construction Volume-optimized active EQ automatically tunes the frequency response for more lifelike sound Electronic circuitry helps to keep a low noise floor","canonical_url":"https:\/\/www.rucashk.com\/pt\/produto\/bose-quietcomfort-45-headphones\/","robots":"max-image-preview:large","keywords":"","webmasterTools":{"miscellaneous":""},"og:locale":"pt_PT","og:site_name":"Rucas - One-stop AIoT Distribution Worldwide","og:type":"article","og:title":"Bose QuietComfort 45 Headphones - Rucas - Wholesale and Distribution","og:description":"Lightweight and durable glass-filled nylon and stainless steel construction Volume-optimized active EQ automatically tunes the frequency response for more lifelike sound Electronic circuitry helps to keep a low noise floor","og:url":"https:\/\/www.rucashk.com\/pt\/produto\/bose-quietcomfort-45-headphones\/","og:image":"https:\/\/www.rucashk.com\/wp-content\/uploads\/replace\/503b8e645f128a97ccde2b6290747646.jpeg","og:image:secure_url":"https:\/\/www.rucashk.com\/wp-content\/uploads\/replace\/503b8e645f128a97ccde2b6290747646.jpeg","og:image:width":1456,"og:image:height":816,"article:published_time":"2024-01-09T16:46:12+00:00","article:modified_time":"2025-06-21T05:26:53+00:00","twitter:card":"summary_large_image","twitter:title":"Bose QuietComfort 45 Headphones - Rucas - Wholesale and Distribution","twitter:description":"Lightweight and durable glass-filled nylon and stainless steel construction Volume-optimized active EQ automatically tunes the frequency response for more lifelike sound Electronic circuitry helps to keep a low noise floor","twitter:image":"https:\/\/www.rucashk.com\/wp-content\/uploads\/replace\/503b8e645f128a97ccde2b6290747646.jpeg","schema":{"@context":"https:\/\/schema.org","@graph":[{"@type":"BreadcrumbList","@id":"https:\/\/www.rucashk.com\/pt\/produto\/bose-quietcomfort-45-headphones\/#breadcrumblist","itemListElement":[{"@type":"ListItem","@id":"https:\/\/www.rucashk.com\/pt\/#listItem","position":1,"name":"Home","item":"https:\/\/www.rucashk.com\/pt\/","nextItem":"https:\/\/www.rucashk.com\/pt\/produto\/bose-quietcomfort-45-headphones\/#listItem"},{"@type":"ListItem","@id":"https:\/\/www.rucashk.com\/pt\/produto\/bose-quietcomfort-45-headphones\/#listItem","position":2,"name":"Bose QuietComfort 45 Headphones","previousItem":"https:\/\/www.rucashk.com\/pt\/#listItem"}]},{"@type":"Organization","@id":"https:\/\/www.rucashk.com\/pt\/#organization","name":"Rucas","url":"https:\/\/www.rucashk.com\/pt\/","logo":{"@type":"ImageObject","url":"https:\/\/www.rucashk.com\/wp-content\/uploads\/2023\/12\/Rucas_campany_logo.png","@id":"https:\/\/www.rucashk.com\/pt\/produto\/bose-quietcomfort-45-headphones\/#organizationLogo","width":221,"height":65},"image":{"@id":"https:\/\/www.rucashk.com\/pt\/#organizationLogo"}},{"@type":"Person","@id":"https:\/\/www.rucashk.com\/pt\/author\/admin\/#author","url":"https:\/\/www.rucashk.com\/pt\/author\/admin\/","name":"admin","image":{"@type":"ImageObject","@id":"https:\/\/www.rucashk.com\/pt\/produto\/bose-quietcomfort-45-headphones\/#authorImage","url":"https:\/\/secure.gravatar.com\/avatar\/b7c8925b09a27e72b30232f8ecaadbd5af0f70a38c78096863fe51b64f031c24?s=96&d=mm&r=g","width":96,"height":96,"caption":"admin"}},{"@type":"WebPage","@id":"https:\/\/www.rucashk.com\/pt\/produto\/bose-quietcomfort-45-headphones\/#webpage","url":"https:\/\/www.rucashk.com\/pt\/produto\/bose-quietcomfort-45-headphones\/","name":"Bose QuietComfort 45 Headphones - Rucas - Wholesale and Distribution","description":"Lightweight and durable glass-filled nylon and stainless steel construction Volume-optimized active EQ automatically tunes the frequency response for more lifelike sound Electronic circuitry helps to keep a low noise floor","inLanguage":"pt-PT","isPartOf":{"@id":"https:\/\/www.rucashk.com\/pt\/#website"},"breadcrumb":{"@id":"https:\/\/www.rucashk.com\/pt\/produto\/bose-quietcomfort-45-headphones\/#breadcrumblist"},"author":{"@id":"https:\/\/www.rucashk.com\/pt\/author\/admin\/#author"},"creator":{"@id":"https:\/\/www.rucashk.com\/pt\/author\/admin\/#author"},"image":{"@type":"ImageObject","url":"https:\/\/www.rucashk.com\/wp-content\/uploads\/2024\/01\/10003-25.webp","@id":"https:\/\/www.rucashk.com\/pt\/produto\/bose-quietcomfort-45-headphones\/#mainImage","width":960,"height":960},"primaryImageOfPage":{"@id":"https:\/\/www.rucashk.com\/pt\/produto\/bose-quietcomfort-45-headphones\/#mainImage"},"datePublished":"2024-01-09T16:46:12+00:00","dateModified":"2025-06-21T05:26:53+00:00"},{"@type":"WebSite","@id":"https:\/\/www.rucashk.com\/pt\/#website","url":"https:\/\/www.rucashk.com\/pt\/","name":"Rucas - Wholesale and distribution worldwide","alternateName":"Rucas - One-stop AIoT Distribution Worldwide","description":"One-stop AIoT Distribution Worldwide","inLanguage":"pt-PT","publisher":{"@id":"https:\/\/www.rucashk.com\/pt\/#organization"}}]}},"aioseo_meta_data":{"post_id":"27841","title":null,"description":null,"keywords":null,"keyphrases":null,"primary_term":null,"canonical_url":null,"og_title":null,"og_description":null,"og_object_type":"default","og_image_type":"default","og_image_url":null,"og_image_width":null,"og_image_height":null,"og_image_custom_url":null,"og_image_custom_fields":null,"og_video":"","og_custom_url":null,"og_article_section":null,"og_article_tags":null,"twitter_use_og":false,"twitter_card":"default","twitter_image_type":"default","twitter_image_url":null,"twitter_image_custom_url":null,"twitter_image_custom_fields":null,"twitter_title":null,"twitter_description":null,"schema":{"blockGraphs":[],"customGraphs":[],"default":{"data":{"Article":[],"Course":[],"Dataset":[],"FAQPage":[],"Movie":[],"Person":[],"Product":[],"Recipe":[],"Service":[],"SoftwareApplication":[],"WebPage":[]},"graphName":"","isEnabled":true},"graphs":[]},"schema_type":"default","schema_type_options":null,"pillar_content":false,"robots_default":true,"robots_noindex":false,"robots_noarchive":false,"robots_nosnippet":false,"robots_nofollow":false,"robots_noimageindex":false,"robots_noodp":false,"robots_notranslate":false,"robots_max_snippet":"-1","robots_max_videopreview":"-1","robots_max_imagepreview":"large","priority":null,"frequency":"default","local_seo":null,"breadcrumb_settings":null,"limit_modified_date":false,"created":"2024-04-11 01:57:22","updated":"2025-06-22 18:43:59"},"aioseo_breadcrumb":"<div class=\"aioseo-breadcrumbs\"><span class=\"aioseo-breadcrumb\">\n\t<a href=\"https:\/\/www.rucashk.com\/pt\" title=\"Home\">Home<\/a>\n<\/span><span class=\"aioseo-breadcrumb-separator\">&raquo;<\/span><span class=\"aioseo-breadcrumb\">\n\t<a href=\"https:\/\/www.rucashk.com\/pt\/products\/\" title=\"Produtos\">Produtos<\/a>\n<\/span><span class=\"aioseo-breadcrumb-separator\">&raquo;<\/span><span class=\"aioseo-breadcrumb\">\n\t<a href=\"https:\/\/www.rucashk.com\/pt\/marca\/bose\/\" title=\"Bose\">Bose<\/a>\n<\/span><span class=\"aioseo-breadcrumb-separator\">&raquo;<\/span><span class=\"aioseo-breadcrumb\">\n\tBose QuietComfort 45 Headphones\n<\/span><\/div>","aioseo_breadcrumb_json":[{"label":"Home","link":"https:\/\/www.rucashk.com\/pt"},{"label":"Produtos","link":"https:\/\/www.rucashk.com\/pt\/products\/"},{"label":"Bose","link":"https:\/\/www.rucashk.com\/pt\/marca\/bose\/"},{"label":"Bose QuietComfort 45 Headphones","link":"https:\/\/www.rucashk.com\/pt\/produto\/bose-quietcomfort-45-headphones\/"}],"_links":{"self":[{"href":"https:\/\/www.rucashk.com\/pt\/wp-json\/wp\/v2\/product\/27841","targetHints":{"allow":["GET"]}}],"collection":[{"href":"https:\/\/www.rucashk.com\/pt\/wp-json\/wp\/v2\/product"}],"about":[{"href":"https:\/\/www.rucashk.com\/pt\/wp-json\/wp\/v2\/types\/product"}],"wp:featuredmedia":[{"embeddable":true,"href":"https:\/\/www.rucashk.com\/pt\/wp-json\/wp\/v2\/media\/27966"}],"wp:attachment":[{"href":"https:\/\/www.rucashk.com\/pt\/wp-json\/wp\/v2\/media?parent=27841"}],"wp:term":[{"taxonomy":"product_brand","embeddable":true,"href":"https:\/\/www.rucashk.com\/pt\/wp-json\/wp\/v2\/product_brand?post=27841"},{"taxonomy":"product_cat","embeddable":true,"href":"https:\/\/www.rucashk.com\/pt\/wp-json\/wp\/v2\/product_cat?post=27841"},{"taxonomy":"product_tag","embeddable":true,"href":"https:\/\/www.rucashk.com\/pt\/wp-json\/wp\/v2\/product_tag?post=27841"}],"curies":[{"name":"wp","href":"https:\/\/api.w.org\/{rel}","templated":true}]}}