{"id":27769,"date":"2024-01-09T16:45:26","date_gmt":"2024-01-09T16:45:26","guid":{"rendered":"http:\/\/rucashk.com\/?post_type=product&#038;p=27769"},"modified":"2025-06-21T05:29:38","modified_gmt":"2025-06-21T05:29:38","slug":"samsung-galaxy-tab-s9-ultra-tablet","status":"publish","type":"product","link":"https:\/\/www.rucashk.com\/pt\/produto\/samsung-galaxy-tab-s9-ultra-tablet\/","title":{"rendered":"Tablet Samsung Galaxy Tab S9 Ultra"},"content":{"rendered":"<h1 align=\"center\" data-spm-anchor-id=\"a2g0o.detail.1000023.i0.5697fNwHfNwHEJ\"><strong>Samsung Galaxy Guia S9 Ultra<\/strong><img decoding=\"async\" src=\"\/wp-content\/uploads\/replace\/e29be282107ed5e77a1e7618a84f8eac.png\" alt=\"Samsung Galaxy Tab S9 Ultra Smart Phone\" \/><strong>Obtenha uma visualiza\u00e7\u00e3o n\u00edtida e confort\u00e1vel com Dynamic AMOLED 2X<\/strong><\/h1>\n<p align=\"center\">Quer voc\u00ea escolha o Galaxy Tab S9, o Galaxy Tab S9+ ou o Galaxy Tab S9 Ultra, cada tablet est\u00e1 pronto para dar vida \u00e0 sua vis\u00e3o criativa. Todos os tr\u00eas apresentam uma tela Dynamic AMOLED 2X, oferecendo cores e visuais impressionantes. Al\u00e9m disso, \u00e9 agrad\u00e1vel aos olhos com emiss\u00e3o reduzida de luz azul.\u00b9\u2078<img decoding=\"async\" src=\"\/wp-content\/uploads\/replace\/606ddcec45092a559c072b002b07fc6d.png\" alt=\"Samsung Galaxy Tab S9 Ultra Smart Phone\" \/><strong>O primeiro tablet Galaxy S resistente \u00e0 \u00e1gua e \u00e0 poeira<\/strong><\/p>\n<p align=\"center\">Quando o dia fica dif\u00edcil, o Galaxy Tab S9 Series permanece resistente e dur\u00e1vel. O design de metal liso \u00e9 compat\u00edvel com nossa estrutura de alum\u00ednio Armor mais forte - fazendo jus ao seu nome, protegendo seu tablet Android Samsung contra choques e quedas. E a classifica\u00e7\u00e3o IP68 significa que \u00e9 o nosso primeiro Galaxy Tab S Series resistente \u00e0 \u00e1gua e \u00e0 poeira.<img decoding=\"async\" src=\"\/wp-content\/uploads\/replace\/bd447519f5b02c20cfb4ec79d3b64ce3.png\" alt=\"Samsung Galaxy Tab S9 Ultra Smart Phone\" \/><strong>Processador de \u00faltima gera\u00e7\u00e3o para jogos realistas de pr\u00f3ximo n\u00edvel<\/strong><\/p>\n<p align=\"center\">O processador Snapdragon 8 Gen 2 for Galaxy extremamente r\u00e1pido foi projetado de forma inteligente para oferecer desempenho acelerado e economia de energia para jogos de n\u00edvel campe\u00e3o. O mecanismo gr\u00e1fico potencializa reflexos e sombras realistas em ambientes de jogos 3D para jogos envolventes.<br \/>\n<img decoding=\"async\" src=\"\/wp-content\/uploads\/replace\/fc7ef891bc279e7b1450b7c97b0f2692.png\" alt=\"Samsung Galaxy Tab S9 Ultra Smart Phone\" \/><strong>Eleve suas anota\u00e7\u00f5es otimizadas para a tela grande<\/strong><\/p>\n<div class=\"a-section a-spacing-none premium-background-wrapper\" align=\"center\"><img decoding=\"async\" src=\"\/wp-content\/uploads\/replace\/844b94375fa5003d8f875b4d042f2338.png\" alt=\"Samsung Galaxy Tab S9 Ultra Smart Phone\" \/><\/div>\n<div align=\"center\"><\/div>\n<div style=\"text-align: left\" align=\"center\">\n<div class=\"title--wrap--wDzGayX\">\n<div class=\"title--text--Lx66GPw\">\n<h1 class=\"title--title--RN9Pt03\">Especifica\u00e7\u00f5es<\/h1>\n<\/div>\n<\/div>\n<div>\n<div class=\"specification--group--GtBZQvv\">\n<div class=\"specification--groupTitle--snzN4gh\">Informa\u00e7\u00e3o b\u00e1sica<\/div>\n<ul class=\"specification--list--fiWsSyv\">\n<li class=\"specification--line--iUJOqof\">\n<div class=\"specification--prop--RejitI8\">\n<div class=\"specification--title--UbVeyic\">Marca:Samsung<\/div>\n<\/div>\n<\/li>\n<\/ul>\n<\/div>\n<div class=\"specification--group--GtBZQvv\">\n<div class=\"specification--groupTitle--snzN4gh\">Mostrar<\/div>\n<ul class=\"specification--list--fiWsSyv\">\n<li class=\"specification--line--iUJOqof\">\n<div class=\"specification--prop--RejitI8\">\n<div class=\"specification--title--UbVeyic\">Tamanho da tela: 14,6<\/div>\n<\/div>\n<div class=\"specification--prop--RejitI8\">\n<div class=\"specification--title--UbVeyic\">Resolu\u00e7\u00e3o da tela: 2560\u00d71600<\/div>\n<\/div>\n<\/li>\n<li class=\"specification--line--iUJOqof\">\n<div class=\"specification--prop--RejitI8\">\n<div class=\"specification--title--UbVeyic\">Tela sens\u00edvel ao toque: Sim<\/div>\n<\/div>\n<div class=\"specification--prop--RejitI8\">\n<div class=\"specification--title--UbVeyic\">Tipo de tela: tela cheia<\/div>\n<\/div>\n<\/li>\n<li class=\"specification--line--iUJOqof\">\n<div class=\"specification--prop--RejitI8\">\n<div class=\"specification--title--UbVeyic\">Quantidade de c\u00e2mera traseira: 2<\/div>\n<\/div>\n<div class=\"specification--prop--RejitI8\">\n<div class=\"specification--title--UbVeyic\">Quantidade da c\u00e2mera frontal: 1<\/div>\n<\/div>\n<\/li>\n<\/ul>\n<\/div>\n<div class=\"specification--group--GtBZQvv\">\n<div class=\"specification--groupTitle--snzN4gh\">C\u00e2mera<\/div>\n<ul class=\"specification--list--fiWsSyv\">\n<li class=\"specification--line--iUJOqof\">\n<div class=\"specification--prop--RejitI8\">\n<div class=\"specification--title--UbVeyic\">Pixel da c\u00e2mera traseira: 13 MP, 8 MP<\/div>\n<\/div>\n<div class=\"specification--prop--RejitI8\">\n<div class=\"specification--title--UbVeyic\">Pixel da c\u00e2mera frontal: 12MP<\/div>\n<\/div>\n<\/li>\n<\/ul>\n<\/div>\n<div class=\"specification--group--GtBZQvv\">\n<div class=\"specification--groupTitle--snzN4gh\">Poder<\/div>\n<ul class=\"specification--list--fiWsSyv\">\n<li class=\"specification--line--iUJOqof\">\n<div class=\"specification--prop--RejitI8\">\n<div class=\"specification--title--UbVeyic\">Capacidade da bateria (mAh):11200<\/div>\n<\/div>\n<div class=\"specification--prop--RejitI8\">\n<div class=\"specification--title--UbVeyic\">Tipo de bateria: n\u00e3o remov\u00edvel<\/div>\n<\/div>\n<\/li>\n<li class=\"specification--line--iUJOqof\">\n<div class=\"specification--prop--RejitI8\">\n<div class=\"specification--title--UbVeyic\">Carregamento sem fio: n\u00e3o<\/div>\n<\/div>\n<div class=\"specification--prop--RejitI8\">\n<div class=\"specification--title--UbVeyic\">Carregamento r\u00e1pido:Outro<\/div>\n<\/div>\n<\/li>\n<li class=\"specification--line--iUJOqof\">\n<div class=\"specification--prop--RejitI8\">\n<div class=\"specification--title--UbVeyic\">Pot\u00eancia de carregamento: 44W<\/div>\n<\/div>\n<\/li>\n<\/ul>\n<\/div>\n<div class=\"specification--group--GtBZQvv\">\n<div class=\"specification--groupTitle--snzN4gh\">Portas de hardware<\/div>\n<ul class=\"specification--list--fiWsSyv\">\n<li class=\"specification--line--iUJOqof\">\n<div class=\"specification--prop--RejitI8\">\n<div class=\"specification--title--UbVeyic\">Tipo de interface de carregamento: Tipo-C<\/div>\n<\/div>\n<div class=\"specification--prop--RejitI8\">\n<div class=\"specification--title--UbVeyic\">Porta de fone de ouvido de 3,5 mm: n\u00e3o<\/div>\n<\/div>\n<\/li>\n<li class=\"specification--line--iUJOqof\">\n<div class=\"specification--prop--RejitI8\">\n<div class=\"specification--title--UbVeyic\">Quantidade de cart\u00e3o SIM: 1 cart\u00e3o SIM<\/div>\n<\/div>\n<\/li>\n<\/ul>\n<\/div>\n<div class=\"specification--group--GtBZQvv\">\n<div class=\"specification--groupTitle--snzN4gh\">Sistemas<\/div>\n<ul class=\"specification--list--fiWsSyv\">\n<li class=\"specification--line--iUJOqof\">\n<div class=\"specification--prop--RejitI8\">\n<div class=\"specification--title--UbVeyic\">Sistema operacional: Android<\/div>\n<\/div>\n<\/li>\n<\/ul>\n<\/div>\n<div class=\"specification--group--GtBZQvv\">\n<div class=\"specification--groupTitle--snzN4gh\">Conectividade<\/div>\n<ul class=\"specification--list--fiWsSyv\">\n<li class=\"specification--line--iUJOqof\">\n<div class=\"specification--prop--RejitI8\">\n<div class=\"specification--title--UbVeyic\">Vers\u00e3o Bluetooth: YSE<\/div>\n<\/div>\n<\/li>\n<\/ul>\n<\/div>\n<div class=\"specification--group--GtBZQvv\">\n<div class=\"specification--groupTitle--snzN4gh\">Outro<\/div>\n<ul class=\"specification--list--fiWsSyv\">\n<li class=\"specification--line--iUJOqof\">\n<div class=\"specification--prop--RejitI8\">\n<div class=\"specification--title--UbVeyic\">Tecnologia biom\u00e9trica: reconhecimento de impress\u00e3o digital<\/div>\n<\/div>\n<div class=\"specification--prop--RejitI8\">\n<div class=\"specification--title--UbVeyic\">Modelo Samsung: Galaxy Tab S9 Ultra<\/div>\n<\/div>\n<\/li>\n<li class=\"specification--line--iUJOqof\">\n<div class=\"specification--prop--RejitI8\">\n<div class=\"specification--title--UbVeyic\">Projeto: Virar<\/div>\n<\/div>\n<div class=\"specification--prop--RejitI8\">\n<div class=\"specification--title--UbVeyic\">Origem:China Continental<\/div>\n<\/div>\n<\/li>\n<li class=\"specification--line--iUJOqof\">\n<div class=\"specification--prop--RejitI8\">\n<div class=\"specification--title--UbVeyic\">Condi\u00e7\u00e3o do item: Novo<\/div>\n<\/div>\n<div class=\"specification--prop--RejitI8\">\n<div class=\"specification--title--UbVeyic\">Idioma: ingl\u00eas, russo, alem\u00e3o, franc\u00eas, espanhol, polon\u00eas, portugu\u00eas, italiano, turco, noruegu\u00eas, coreano, japon\u00eas, \u00e1rabe<\/div>\n<\/div>\n<\/li>\n<\/ul>\n<\/div>\n<\/div>\n<\/div>","protected":false},"excerpt":{"rendered":"<div align=\"start\"><strong>Samsung Galaxy Tab S9 Ultra &#8211; Main Features<\/strong><\/div>\n<div align=\"start\">\n<div>\n<p class=\"p\">Display: 14.6&#8221;, 1848 x 2960,120Hz ,<strong>Tela AMOLED din\u00e2mica 2x<\/strong><\/p>\n<p class=\"p\">SO:<strong>Andr\u00f3ide 13<\/strong>, Uma IU 5.1<\/p>\n<p class=\"p\">Processador: Qualcomm SM8550-AB Snapdragon 8 Gen 2 (4 nm)<\/p>\n<p class=\"p\">Armazenamento: 256 GB 12 GB de RAM, 512 GB 12 GB de RAM<\/p>\n<p class=\"p\">Bateria:<strong>11200mAh, 45W com fio<\/strong><\/p>\n<p class=\"p\">C\u00e2mera traseira: 13MP + 8MP<\/p>\n<p class=\"p\">C\u00e2mera frontal: 12 MP<\/p>\n<p class=\"p\">Caracter\u00edsticas :<strong>Vers\u00e3o de Taiwan e vers\u00e3o HK pertencem \u00e0 vers\u00e3o global, suporta servi\u00e7o Google, atualiza\u00e7\u00e3o multil\u00edngue e OTA, impress\u00e3o digital, Bluetooth 5.3, NFC<\/strong><\/p>\n<p class=\"p\" data-spm-anchor-id=\"a2g0o.detail.1000023.i0.4004rjp7rjp7nE\">Conectividade: \u00danico SIM<\/p>\n<\/div>\n<\/div>","protected":false},"featured_media":27908,"template":"","meta":[],"product_brand":[195],"product_cat":[1322,1347],"product_tag":[],"class_list":{"0":"post-27769","1":"product","2":"type-product","3":"status-publish","4":"has-post-thumbnail","6":"product_brand-samsung","7":"product_cat-other-a-brands","8":"product_cat-samsung-other-a-brands","10":"first","11":"instock","12":"shipping-taxable","13":"product-type-simple"},"aioseo_notices":[],"aioseo_head":"\n\t\t<!-- All in One SEO Pro 4.5.9.2 - aioseo.com -->\n\t\t<meta name=\"description\" content=\"Samsung Galaxy Tab S9 Ultra - Main Features Display: 14.6&#039;&#039;, 1848 x 2960,120Hz ,Dynamic AMOLED 2x Display OS:Android 13, One UI 5.1 CPU: Qualcomm SM8550-AB Snapdragon 8 Gen 2 (4 nm) Storage: 256GB 12GB RAM, 512GB 12GB RAM Battery:11200mAh,45W Wired Rear Camera: 13MP+8MP Front Camera: 12MP Features :Taiwan Version &amp; HK Version all belongs to Global version , support Google Service, Multi-languages and OTA update,Fingerprint, Bluetooth 5.3, NFC Connectivity: Single SIM\" \/>\n\t\t<meta name=\"robots\" content=\"max-image-preview:large\" \/>\n\t\t<link rel=\"canonical\" href=\"https:\/\/www.rucashk.com\/pt\/produto\/samsung-galaxy-tab-s9-ultra-tablet\/\" \/>\n\t\t<meta name=\"generator\" content=\"All in One SEO Pro (AIOSEO) 4.5.9.2\" \/>\n\t\t<meta property=\"og:locale\" content=\"pt_PT\" \/>\n\t\t<meta property=\"og:site_name\" content=\"Rucas - One-stop AIoT Distribution Worldwide\" \/>\n\t\t<meta property=\"og:type\" content=\"article\" \/>\n\t\t<meta property=\"og:title\" content=\"Samsung Galaxy Tab S9 Ultra Tablet - Rucas - Wholesale and Distribution\" \/>\n\t\t<meta property=\"og:description\" content=\"Samsung Galaxy Tab S9 Ultra - Main Features Display: 14.6&#039;&#039;, 1848 x 2960,120Hz ,Dynamic AMOLED 2x Display OS:Android 13, One UI 5.1 CPU: Qualcomm SM8550-AB Snapdragon 8 Gen 2 (4 nm) Storage: 256GB 12GB RAM, 512GB 12GB RAM Battery:11200mAh,45W Wired Rear Camera: 13MP+8MP Front Camera: 12MP Features :Taiwan Version &amp; HK Version all belongs to Global version , support Google Service, Multi-languages and OTA update,Fingerprint, Bluetooth 5.3, NFC Connectivity: Single SIM\" \/>\n\t\t<meta property=\"og:url\" content=\"https:\/\/www.rucashk.com\/pt\/produto\/samsung-galaxy-tab-s9-ultra-tablet\/\" \/>\n\t\t<meta property=\"og:image\" content=\"https:\/\/www.rucashk.com\/wp-content\/uploads\/replace\/503b8e645f128a97ccde2b6290747646.jpeg\" \/>\n\t\t<meta property=\"og:image:secure_url\" content=\"https:\/\/www.rucashk.com\/wp-content\/uploads\/replace\/503b8e645f128a97ccde2b6290747646.jpeg\" \/>\n\t\t<meta property=\"og:image:width\" content=\"1456\" \/>\n\t\t<meta property=\"og:image:height\" content=\"816\" \/>\n\t\t<meta property=\"article:published_time\" content=\"2024-01-09T16:45:26+00:00\" \/>\n\t\t<meta property=\"article:modified_time\" content=\"2025-06-21T05:29:38+00:00\" \/>\n\t\t<meta name=\"twitter:card\" content=\"summary_large_image\" \/>\n\t\t<meta name=\"twitter:title\" content=\"Samsung Galaxy Tab S9 Ultra Tablet - Rucas - Wholesale and Distribution\" \/>\n\t\t<meta name=\"twitter:description\" content=\"Samsung Galaxy Tab S9 Ultra - Main Features Display: 14.6&#039;&#039;, 1848 x 2960,120Hz ,Dynamic AMOLED 2x Display OS:Android 13, One UI 5.1 CPU: Qualcomm SM8550-AB Snapdragon 8 Gen 2 (4 nm) Storage: 256GB 12GB RAM, 512GB 12GB RAM Battery:11200mAh,45W Wired Rear Camera: 13MP+8MP Front Camera: 12MP Features :Taiwan Version &amp; HK Version all belongs to Global version , support Google Service, Multi-languages and OTA update,Fingerprint, Bluetooth 5.3, NFC Connectivity: Single SIM\" \/>\n\t\t<meta name=\"twitter:image\" content=\"https:\/\/www.rucashk.com\/wp-content\/uploads\/replace\/503b8e645f128a97ccde2b6290747646.jpeg\" \/>\n\t\t<script type=\"application\/ld+json\" class=\"aioseo-schema\">\n\t\t\t{\"@context\":\"https:\\\/\\\/schema.org\",\"@graph\":[{\"@type\":\"BreadcrumbList\",\"@id\":\"https:\\\/\\\/www.rucashk.com\\\/pt\\\/produto\\\/samsung-galaxy-tab-s9-ultra-tablet\\\/#breadcrumblist\",\"itemListElement\":[{\"@type\":\"ListItem\",\"@id\":\"https:\\\/\\\/www.rucashk.com\\\/pt\\\/#listItem\",\"position\":1,\"name\":\"Home\",\"item\":\"https:\\\/\\\/www.rucashk.com\\\/pt\\\/\",\"nextItem\":\"https:\\\/\\\/www.rucashk.com\\\/pt\\\/produto\\\/samsung-galaxy-tab-s9-ultra-tablet\\\/#listItem\"},{\"@type\":\"ListItem\",\"@id\":\"https:\\\/\\\/www.rucashk.com\\\/pt\\\/produto\\\/samsung-galaxy-tab-s9-ultra-tablet\\\/#listItem\",\"position\":2,\"name\":\"Samsung Galaxy Tab S9 Ultra Tablet\",\"previousItem\":\"https:\\\/\\\/www.rucashk.com\\\/pt\\\/#listItem\"}]},{\"@type\":\"Organization\",\"@id\":\"https:\\\/\\\/www.rucashk.com\\\/pt\\\/#organization\",\"name\":\"Rucas\",\"url\":\"https:\\\/\\\/www.rucashk.com\\\/pt\\\/\",\"logo\":{\"@type\":\"ImageObject\",\"url\":\"https:\\\/\\\/www.rucashk.com\\\/wp-content\\\/uploads\\\/2023\\\/12\\\/Rucas_campany_logo.png\",\"@id\":\"https:\\\/\\\/www.rucashk.com\\\/pt\\\/produto\\\/samsung-galaxy-tab-s9-ultra-tablet\\\/#organizationLogo\",\"width\":221,\"height\":65},\"image\":{\"@id\":\"https:\\\/\\\/www.rucashk.com\\\/pt\\\/#organizationLogo\"}},{\"@type\":\"Person\",\"@id\":\"https:\\\/\\\/www.rucashk.com\\\/pt\\\/author\\\/admin\\\/#author\",\"url\":\"https:\\\/\\\/www.rucashk.com\\\/pt\\\/author\\\/admin\\\/\",\"name\":\"admin\",\"image\":{\"@type\":\"ImageObject\",\"@id\":\"https:\\\/\\\/www.rucashk.com\\\/pt\\\/produto\\\/samsung-galaxy-tab-s9-ultra-tablet\\\/#authorImage\",\"url\":\"https:\\\/\\\/secure.gravatar.com\\\/avatar\\\/b7c8925b09a27e72b30232f8ecaadbd5af0f70a38c78096863fe51b64f031c24?s=96&d=mm&r=g\",\"width\":96,\"height\":96,\"caption\":\"admin\"}},{\"@type\":\"WebPage\",\"@id\":\"https:\\\/\\\/www.rucashk.com\\\/pt\\\/produto\\\/samsung-galaxy-tab-s9-ultra-tablet\\\/#webpage\",\"url\":\"https:\\\/\\\/www.rucashk.com\\\/pt\\\/produto\\\/samsung-galaxy-tab-s9-ultra-tablet\\\/\",\"name\":\"Samsung Galaxy Tab S9 Ultra Tablet - Rucas - Wholesale and Distribution\",\"description\":\"Samsung Galaxy Tab S9 Ultra - Main Features Display: 14.6'', 1848 x 2960,120Hz ,Dynamic AMOLED 2x Display OS:Android 13, One UI 5.1 CPU: Qualcomm SM8550-AB Snapdragon 8 Gen 2 (4 nm) Storage: 256GB 12GB RAM, 512GB 12GB RAM Battery:11200mAh,45W Wired Rear Camera: 13MP+8MP Front Camera: 12MP Features :Taiwan Version & HK Version all belongs to Global version , support Google Service, Multi-languages and OTA update,Fingerprint, Bluetooth 5.3, NFC Connectivity: Single SIM\",\"inLanguage\":\"pt-PT\",\"isPartOf\":{\"@id\":\"https:\\\/\\\/www.rucashk.com\\\/pt\\\/#website\"},\"breadcrumb\":{\"@id\":\"https:\\\/\\\/www.rucashk.com\\\/pt\\\/produto\\\/samsung-galaxy-tab-s9-ultra-tablet\\\/#breadcrumblist\"},\"author\":{\"@id\":\"https:\\\/\\\/www.rucashk.com\\\/pt\\\/author\\\/admin\\\/#author\"},\"creator\":{\"@id\":\"https:\\\/\\\/www.rucashk.com\\\/pt\\\/author\\\/admin\\\/#author\"},\"image\":{\"@type\":\"ImageObject\",\"url\":\"https:\\\/\\\/www.rucashk.com\\\/wp-content\\\/uploads\\\/2024\\\/01\\\/10002-52.jpg\",\"@id\":\"https:\\\/\\\/www.rucashk.com\\\/pt\\\/produto\\\/samsung-galaxy-tab-s9-ultra-tablet\\\/#mainImage\",\"width\":800,\"height\":600},\"primaryImageOfPage\":{\"@id\":\"https:\\\/\\\/www.rucashk.com\\\/pt\\\/produto\\\/samsung-galaxy-tab-s9-ultra-tablet\\\/#mainImage\"},\"datePublished\":\"2024-01-09T16:45:26+00:00\",\"dateModified\":\"2025-06-21T05:29:38+00:00\"},{\"@type\":\"WebSite\",\"@id\":\"https:\\\/\\\/www.rucashk.com\\\/pt\\\/#website\",\"url\":\"https:\\\/\\\/www.rucashk.com\\\/pt\\\/\",\"name\":\"Rucas - Wholesale and distribution worldwide\",\"alternateName\":\"Rucas - One-stop AIoT Distribution Worldwide\",\"description\":\"One-stop AIoT Distribution Worldwide\",\"inLanguage\":\"pt-PT\",\"publisher\":{\"@id\":\"https:\\\/\\\/www.rucashk.com\\\/pt\\\/#organization\"}}]}\n\t\t<\/script>\n\t\t<!-- All in One SEO Pro -->\r\n\t\t<title>Samsung Galaxy Tab S9 Ultra Tablet - Rucas - Wholesale and Distribution<\/title>\n\n","aioseo_head_json":{"title":"Samsung Galaxy Tab S9 Ultra Tablet - Rucas - Wholesale and Distribution","description":"Samsung Galaxy Tab S9 Ultra - Main Features Display: 14.6'', 1848 x 2960,120Hz ,Dynamic AMOLED 2x Display OS:Android 13, One UI 5.1 CPU: Qualcomm SM8550-AB Snapdragon 8 Gen 2 (4 nm) Storage: 256GB 12GB RAM, 512GB 12GB RAM Battery:11200mAh,45W Wired Rear Camera: 13MP+8MP Front Camera: 12MP Features :Taiwan Version & HK Version all belongs to Global version , support Google Service, Multi-languages and OTA update,Fingerprint, Bluetooth 5.3, NFC Connectivity: Single SIM","canonical_url":"https:\/\/www.rucashk.com\/pt\/produto\/samsung-galaxy-tab-s9-ultra-tablet\/","robots":"max-image-preview:large","keywords":"","webmasterTools":{"miscellaneous":""},"og:locale":"pt_PT","og:site_name":"Rucas - One-stop AIoT Distribution Worldwide","og:type":"article","og:title":"Samsung Galaxy Tab S9 Ultra Tablet - Rucas - Wholesale and Distribution","og:description":"Samsung Galaxy Tab S9 Ultra - Main Features Display: 14.6'', 1848 x 2960,120Hz ,Dynamic AMOLED 2x Display OS:Android 13, One UI 5.1 CPU: Qualcomm SM8550-AB Snapdragon 8 Gen 2 (4 nm) Storage: 256GB 12GB RAM, 512GB 12GB RAM Battery:11200mAh,45W Wired Rear Camera: 13MP+8MP Front Camera: 12MP Features :Taiwan Version &amp; HK Version all belongs to Global version , support Google Service, Multi-languages and OTA update,Fingerprint, Bluetooth 5.3, NFC Connectivity: Single SIM","og:url":"https:\/\/www.rucashk.com\/pt\/produto\/samsung-galaxy-tab-s9-ultra-tablet\/","og:image":"https:\/\/www.rucashk.com\/wp-content\/uploads\/replace\/503b8e645f128a97ccde2b6290747646.jpeg","og:image:secure_url":"https:\/\/www.rucashk.com\/wp-content\/uploads\/replace\/503b8e645f128a97ccde2b6290747646.jpeg","og:image:width":1456,"og:image:height":816,"article:published_time":"2024-01-09T16:45:26+00:00","article:modified_time":"2025-06-21T05:29:38+00:00","twitter:card":"summary_large_image","twitter:title":"Samsung Galaxy Tab S9 Ultra Tablet - Rucas - Wholesale and Distribution","twitter:description":"Samsung Galaxy Tab S9 Ultra - Main Features Display: 14.6'', 1848 x 2960,120Hz ,Dynamic AMOLED 2x Display OS:Android 13, One UI 5.1 CPU: Qualcomm SM8550-AB Snapdragon 8 Gen 2 (4 nm) Storage: 256GB 12GB RAM, 512GB 12GB RAM Battery:11200mAh,45W Wired Rear Camera: 13MP+8MP Front Camera: 12MP Features :Taiwan Version &amp; HK Version all belongs to Global version , support Google Service, Multi-languages and OTA update,Fingerprint, Bluetooth 5.3, NFC Connectivity: Single SIM","twitter:image":"https:\/\/www.rucashk.com\/wp-content\/uploads\/replace\/503b8e645f128a97ccde2b6290747646.jpeg","schema":{"@context":"https:\/\/schema.org","@graph":[{"@type":"BreadcrumbList","@id":"https:\/\/www.rucashk.com\/pt\/produto\/samsung-galaxy-tab-s9-ultra-tablet\/#breadcrumblist","itemListElement":[{"@type":"ListItem","@id":"https:\/\/www.rucashk.com\/pt\/#listItem","position":1,"name":"Home","item":"https:\/\/www.rucashk.com\/pt\/","nextItem":"https:\/\/www.rucashk.com\/pt\/produto\/samsung-galaxy-tab-s9-ultra-tablet\/#listItem"},{"@type":"ListItem","@id":"https:\/\/www.rucashk.com\/pt\/produto\/samsung-galaxy-tab-s9-ultra-tablet\/#listItem","position":2,"name":"Samsung Galaxy Tab S9 Ultra Tablet","previousItem":"https:\/\/www.rucashk.com\/pt\/#listItem"}]},{"@type":"Organization","@id":"https:\/\/www.rucashk.com\/pt\/#organization","name":"Rucas","url":"https:\/\/www.rucashk.com\/pt\/","logo":{"@type":"ImageObject","url":"https:\/\/www.rucashk.com\/wp-content\/uploads\/2023\/12\/Rucas_campany_logo.png","@id":"https:\/\/www.rucashk.com\/pt\/produto\/samsung-galaxy-tab-s9-ultra-tablet\/#organizationLogo","width":221,"height":65},"image":{"@id":"https:\/\/www.rucashk.com\/pt\/#organizationLogo"}},{"@type":"Person","@id":"https:\/\/www.rucashk.com\/pt\/author\/admin\/#author","url":"https:\/\/www.rucashk.com\/pt\/author\/admin\/","name":"admin","image":{"@type":"ImageObject","@id":"https:\/\/www.rucashk.com\/pt\/produto\/samsung-galaxy-tab-s9-ultra-tablet\/#authorImage","url":"https:\/\/secure.gravatar.com\/avatar\/b7c8925b09a27e72b30232f8ecaadbd5af0f70a38c78096863fe51b64f031c24?s=96&d=mm&r=g","width":96,"height":96,"caption":"admin"}},{"@type":"WebPage","@id":"https:\/\/www.rucashk.com\/pt\/produto\/samsung-galaxy-tab-s9-ultra-tablet\/#webpage","url":"https:\/\/www.rucashk.com\/pt\/produto\/samsung-galaxy-tab-s9-ultra-tablet\/","name":"Samsung Galaxy Tab S9 Ultra Tablet - Rucas - Wholesale and Distribution","description":"Samsung Galaxy Tab S9 Ultra - Main Features Display: 14.6'', 1848 x 2960,120Hz ,Dynamic AMOLED 2x Display OS:Android 13, One UI 5.1 CPU: Qualcomm SM8550-AB Snapdragon 8 Gen 2 (4 nm) Storage: 256GB 12GB RAM, 512GB 12GB RAM Battery:11200mAh,45W Wired Rear Camera: 13MP+8MP Front Camera: 12MP Features :Taiwan Version & HK Version all belongs to Global version , support Google Service, Multi-languages and OTA update,Fingerprint, Bluetooth 5.3, NFC Connectivity: Single SIM","inLanguage":"pt-PT","isPartOf":{"@id":"https:\/\/www.rucashk.com\/pt\/#website"},"breadcrumb":{"@id":"https:\/\/www.rucashk.com\/pt\/produto\/samsung-galaxy-tab-s9-ultra-tablet\/#breadcrumblist"},"author":{"@id":"https:\/\/www.rucashk.com\/pt\/author\/admin\/#author"},"creator":{"@id":"https:\/\/www.rucashk.com\/pt\/author\/admin\/#author"},"image":{"@type":"ImageObject","url":"https:\/\/www.rucashk.com\/wp-content\/uploads\/2024\/01\/10002-52.jpg","@id":"https:\/\/www.rucashk.com\/pt\/produto\/samsung-galaxy-tab-s9-ultra-tablet\/#mainImage","width":800,"height":600},"primaryImageOfPage":{"@id":"https:\/\/www.rucashk.com\/pt\/produto\/samsung-galaxy-tab-s9-ultra-tablet\/#mainImage"},"datePublished":"2024-01-09T16:45:26+00:00","dateModified":"2025-06-21T05:29:38+00:00"},{"@type":"WebSite","@id":"https:\/\/www.rucashk.com\/pt\/#website","url":"https:\/\/www.rucashk.com\/pt\/","name":"Rucas - Wholesale and distribution worldwide","alternateName":"Rucas - One-stop AIoT Distribution Worldwide","description":"One-stop AIoT Distribution Worldwide","inLanguage":"pt-PT","publisher":{"@id":"https:\/\/www.rucashk.com\/pt\/#organization"}}]}},"aioseo_meta_data":{"post_id":"27769","title":null,"description":null,"keywords":null,"keyphrases":null,"primary_term":null,"canonical_url":null,"og_title":null,"og_description":null,"og_object_type":"default","og_image_type":"default","og_image_url":null,"og_image_width":null,"og_image_height":null,"og_image_custom_url":null,"og_image_custom_fields":null,"og_video":"","og_custom_url":null,"og_article_section":null,"og_article_tags":null,"twitter_use_og":false,"twitter_card":"default","twitter_image_type":"default","twitter_image_url":null,"twitter_image_custom_url":null,"twitter_image_custom_fields":null,"twitter_title":null,"twitter_description":null,"schema":{"blockGraphs":[],"customGraphs":[],"default":{"data":{"Article":[],"Course":[],"Dataset":[],"FAQPage":[],"Movie":[],"Person":[],"Product":[],"Recipe":[],"Service":[],"SoftwareApplication":[],"WebPage":[]},"graphName":"","isEnabled":true},"graphs":[]},"schema_type":"default","schema_type_options":null,"pillar_content":false,"robots_default":true,"robots_noindex":false,"robots_noarchive":false,"robots_nosnippet":false,"robots_nofollow":false,"robots_noimageindex":false,"robots_noodp":false,"robots_notranslate":false,"robots_max_snippet":"-1","robots_max_videopreview":"-1","robots_max_imagepreview":"large","priority":null,"frequency":"default","local_seo":null,"breadcrumb_settings":null,"limit_modified_date":false,"created":"2024-04-11 01:57:22","updated":"2025-06-22 18:42:58"},"aioseo_breadcrumb":"<div class=\"aioseo-breadcrumbs\"><span class=\"aioseo-breadcrumb\">\n\t<a href=\"https:\/\/www.rucashk.com\/pt\" title=\"Home\">Home<\/a>\n<\/span><span class=\"aioseo-breadcrumb-separator\">&raquo;<\/span><span class=\"aioseo-breadcrumb\">\n\t<a href=\"https:\/\/www.rucashk.com\/pt\/products\/\" title=\"Produtos\">Produtos<\/a>\n<\/span><span class=\"aioseo-breadcrumb-separator\">&raquo;<\/span><span class=\"aioseo-breadcrumb\">\n\t<a href=\"https:\/\/www.rucashk.com\/pt\/marca\/samsung\/\" title=\"Samsung\">Samsung<\/a>\n<\/span><span class=\"aioseo-breadcrumb-separator\">&raquo;<\/span><span class=\"aioseo-breadcrumb\">\n\tSamsung Galaxy Tab S9 Ultra Tablet\n<\/span><\/div>","aioseo_breadcrumb_json":[{"label":"Home","link":"https:\/\/www.rucashk.com\/pt"},{"label":"Produtos","link":"https:\/\/www.rucashk.com\/pt\/products\/"},{"label":"Samsung","link":"https:\/\/www.rucashk.com\/pt\/marca\/samsung\/"},{"label":"Samsung Galaxy Tab S9 Ultra Tablet","link":"https:\/\/www.rucashk.com\/pt\/produto\/samsung-galaxy-tab-s9-ultra-tablet\/"}],"_links":{"self":[{"href":"https:\/\/www.rucashk.com\/pt\/wp-json\/wp\/v2\/product\/27769","targetHints":{"allow":["GET"]}}],"collection":[{"href":"https:\/\/www.rucashk.com\/pt\/wp-json\/wp\/v2\/product"}],"about":[{"href":"https:\/\/www.rucashk.com\/pt\/wp-json\/wp\/v2\/types\/product"}],"wp:featuredmedia":[{"embeddable":true,"href":"https:\/\/www.rucashk.com\/pt\/wp-json\/wp\/v2\/media\/27908"}],"wp:attachment":[{"href":"https:\/\/www.rucashk.com\/pt\/wp-json\/wp\/v2\/media?parent=27769"}],"wp:term":[{"taxonomy":"product_brand","embeddable":true,"href":"https:\/\/www.rucashk.com\/pt\/wp-json\/wp\/v2\/product_brand?post=27769"},{"taxonomy":"product_cat","embeddable":true,"href":"https:\/\/www.rucashk.com\/pt\/wp-json\/wp\/v2\/product_cat?post=27769"},{"taxonomy":"product_tag","embeddable":true,"href":"https:\/\/www.rucashk.com\/pt\/wp-json\/wp\/v2\/product_tag?post=27769"}],"curies":[{"name":"wp","href":"https:\/\/api.w.org\/{rel}","templated":true}]}}