{"id":27671,"date":"2024-01-09T16:43:45","date_gmt":"2024-01-09T16:43:45","guid":{"rendered":"http:\/\/rucashk.com\/?post_type=product&#038;p=27671"},"modified":"2025-06-21T05:39:23","modified_gmt":"2025-06-21T05:39:23","slug":"razer-ornata-v3-us-keyboards","status":"publish","type":"product","link":"https:\/\/www.rucashk.com\/pt\/produto\/razer-ornata-v3-us-keyboards\/","title":{"rendered":"Razer Ornata V3 \u2013 teclados dos EUA"},"content":{"rendered":"<p align=\"center\" data-spm-anchor-id=\"a2g0o.detail.1000023.i0.5a21t30Zt30ZVA\"><strong>RAZER ORNATA V3<\/strong><\/p>\n<p align=\"center\"><strong>MAGRO. CLIQUE. ERGON\u00d4MICO.<\/strong><\/p>\n<p align=\"center\">Conhe\u00e7a o Razer Ornata V3 \u2013 um teclado ergon\u00f4mico para jogos discreto com tecnologia Razer Chroma\u2122 RGB. Ostentando um novo formato ultrafino, teclas mais dur\u00e1veis e interruptores de membrana mecha exclusivos, aprimore seu trabalho e divers\u00e3o com um teclado h\u00edbrido que combina o melhor dos dois mundos.<\/p>\n<p align=\"center\"><img decoding=\"async\" alt=\"Razer Ornata V3 - US Keyboards\" class=\"aligncenter\" src=\"\/wp-content\/uploads\/replace\/79a6f764749620f40d2c4751daf0b8b8.jpeg\" \/><\/p>\n<p align=\"center\"><strong>CHAVES DE BAIXO PERFIL<\/strong><\/p>\n<p align=\"center\"><strong>Experi\u00eancia de jogo ergon\u00f4mica<\/strong><\/p>\n<p align=\"center\">Com teclas mais finas e interruptores mais curtos, desfrute do posicionamento natural das m\u00e3os com um teclado para jogos ergon\u00f4mico e discreto que permite longas horas de uso com pouco esfor\u00e7o.<\/p>\n<p align=\"center\"><img decoding=\"async\" alt=\"Razer Ornata V3 - US Keyboards\" class=\"aligncenter\" src=\"\/wp-content\/uploads\/replace\/7fb54106c796ec8afd8de199898316a2.jpeg\" \/><\/p>\n<p align=\"center\">INTERRUPTORES DE MEMBRANA MECHA RAZER<\/p>\n<p align=\"center\"><strong>Teclas clic\u00e1veis com toque suave e amortecido<\/strong><\/p>\n<p align=\"center\">Combinando o feedback r\u00e1pido e clic\u00e1vel de um interruptor mec\u00e2nico com a sensa\u00e7\u00e3o familiar de um teclado convencional, cada pressionamento de tecla \u00e9 t\u00e3o satisfat\u00f3rio quanto preciso.<\/p>\n<p align=\"center\"><img decoding=\"async\" alt=\"Razer Ornata V3 - US Keyboards\" class=\"aligncenter\" src=\"\/wp-content\/uploads\/replace\/59fb3a6bf6b5b809b7f575e8b73906cf.jpeg\" \/><\/p>\n<p align=\"center\"><strong>TECLAS REVESTIDAS COM UV<\/strong><\/p>\n<p align=\"center\"><strong>Melhor resist\u00eancia ao desbotamento e arranh\u00f5es<\/strong><\/p>\n<p align=\"center\">Mais dur\u00e1veis do que as teclas normais, o revestimento UV garante legendas mais resistentes ao desbotamento e maior prote\u00e7\u00e3o contra desgaste causado pelo uso frequente.<\/p>\n<p align=\"center\"><img decoding=\"async\" alt=\"Razer Ornata V3 - US Keyboards\" class=\"aligncenter\" src=\"\/wp-content\/uploads\/replace\/7cc772f9a58941681cb793fcd87c1be2.jpeg\" \/><\/p>\n<p align=\"center\"><strong>TECLAS DE M\u00cdDIA DEDICADAS RETROILUMINADAS<\/strong><\/p>\n<p align=\"center\"><strong>Controle conveniente<\/strong><\/p>\n<p align=\"center\">Configure-os para pausar, reproduzir, pular e ajustar tudo, desde brilho at\u00e9 volume \u2013 a m\u00e1xima conveni\u00eancia enquanto voc\u00ea aproveita seu entretenimento.<\/p>\n<p align=\"center\"><img decoding=\"async\" alt=\"Razer Ornata V3 - US Keyboards\" class=\"aligncenter\" src=\"\/wp-content\/uploads\/replace\/8e63a3436fc787c542adc22b439fbb76.jpeg\" \/><\/p>\n<p align=\"center\"><strong>DESCANSO DE PULSO MAGN\u00c9TICO SOFT-TOUCH<\/strong><\/p>\n<p align=\"center\"><strong>Suporte estendido para jogos<\/strong><\/p>\n<p align=\"center\">Projetado para se encaixar perfeitamente no teclado de perfil baixo, o pousa palmas de toque suave oferece amplo conforto e suporte para seus pulsos - especialmente vital para longos per\u00edodos de uso.<\/p>\n<p align=\"center\"><img decoding=\"async\" alt=\"Razer Ornata V3 - US Keyboards\" class=\"aligncenter\" src=\"\/wp-content\/uploads\/replace\/9d9b5b339fbdea33485c48aff611d424.jpeg\" \/><\/p>\n<p align=\"center\"><strong>10 ZONAS DE ILUMINA\u00c7\u00c3O RGB RAZER CHROMA\u2122<\/strong><\/p>\n<p align=\"center\"><strong>Ilumina\u00e7\u00e3o personaliz\u00e1vel<\/strong><\/p>\n<p align=\"center\">Com 16,8 milh\u00f5es de cores e um conjunto de efeitos RGB para escolher, personalize o teclado e tenha acesso a efeitos de ilumina\u00e7\u00e3o din\u00e2micos para centenas de jogos integrados ao Chroma.<\/p>\n<p align=\"center\"><img decoding=\"async\" alt=\"Razer Ornata V3 - US Keyboards\" class=\"aligncenter\" src=\"\/wp-content\/uploads\/replace\/919409815da2d04878c2f941f835f322.jpeg\" \/><\/p>\n<p align=\"center\">\n<div class=\"title--wrap--wDzGayX\">\n<div class=\"title--text--Lx66GPw\">\n<h1 class=\"title--title--RN9Pt03\">Especifica\u00e7\u00f5es<\/h1>\n<\/div>\n<\/div>\n<ul class=\"specification--list--fiWsSyv\">\n<li class=\"specification--line--iUJOqof\">\n<div class=\"specification--prop--RejitI8\">\n<div class=\"specification--title--UbVeyic\">Teclado de tamanho completo: Sim<\/div>\n<\/div>\n<div class=\"specification--prop--RejitI8\">\n<div class=\"specification--title--UbVeyic\">Pacote: Sim<\/div>\n<\/div>\n<\/li>\n<li class=\"specification--line--iUJOqof\">\n<div class=\"specification--prop--RejitI8\">\n<div class=\"specification--title--UbVeyic\">Suporte de pulso: Sim<\/div>\n<\/div>\n<div class=\"specification--prop--RejitI8\">\n<div class=\"specification--title--UbVeyic\">Estilo: Padr\u00e3o, Ergonomia, Jogos<\/div>\n<\/div>\n<\/li>\n<li class=\"specification--line--iUJOqof\">\n<div class=\"specification--prop--RejitI8\">\n<div class=\"specification--title--UbVeyic\">Tipo de interface: USB<\/div>\n<\/div>\n<div class=\"specification--prop--RejitI8\">\n<div class=\"specification--title--UbVeyic\">Estilo de Opera\u00e7\u00e3o: MEMBRANA<\/div>\n<\/div>\n<\/li>\n<li class=\"specification--line--iUJOqof\">\n<div class=\"specification--prop--RejitI8\">\n<div class=\"specification--title--UbVeyic\">L\u00edngua inglesa<\/div>\n<\/div>\n<div class=\"specification--prop--RejitI8\">\n<div class=\"specification--title--UbVeyic\">Padr\u00e3o de teclado: 104 teclas<\/div>\n<\/div>\n<\/li>\n<li class=\"specification--line--iUJOqof\">\n<div class=\"specification--prop--RejitI8\">\n<div class=\"specification--title--UbVeyic\">Aplica\u00e7\u00e3o: desktop, laptop<\/div>\n<\/div>\n<div class=\"specification--prop--RejitI8\">\n<div class=\"specification--title--UbVeyic\">Tipo: COM FIO<\/div>\n<\/div>\n<\/li>\n<li class=\"specification--line--iUJOqof\">\n<div class=\"specification--prop--RejitI8\">\n<div class=\"specification--title--UbVeyic\">Marca: Razer<\/div>\n<\/div>\n<div class=\"specification--prop--RejitI8\">\n<div class=\"specification--title--UbVeyic\">Origem: China Continental<\/div>\n<\/div>\n<\/li>\n<li class=\"specification--line--iUJOqof\">\n<div class=\"specification--prop--RejitI8\">\n<div class=\"specification--title--UbVeyic\">Certifica\u00e7\u00e3o: CE<\/div>\n<\/div>\n<\/li>\n<\/ul>","protected":false},"excerpt":{"rendered":"<p>Conhe\u00e7a o Razer Ornata V3 \u2013 um teclado ergon\u00f4mico para jogos discreto com tecnologia Razer Chroma\u2122 RGB. Ostentando um novo formato ultrafino, teclas mais dur\u00e1veis e interruptores de membrana mecha exclusivos, aprimore seu trabalho e divers\u00e3o com um teclado h\u00edbrido que combina o melhor dos dois mundos.<\/p>","protected":false},"featured_media":27843,"template":"","meta":[],"product_brand":[1379],"product_cat":[1322,1331],"product_tag":[],"class_list":{"0":"post-27671","1":"product","2":"type-product","3":"status-publish","4":"has-post-thumbnail","6":"product_brand-razer","7":"product_cat-other-a-brands","8":"product_cat-razer-other-a-brands","10":"first","11":"instock","12":"shipping-taxable","13":"product-type-simple"},"aioseo_notices":[],"aioseo_head":"\n\t\t<!-- All in One SEO Pro 4.5.9.2 - aioseo.com -->\n\t\t<meta name=\"description\" content=\"Meet the Razer Ornata V3\u2014a low-profile ergonomic gaming keyboard powered by Razer Chroma\u2122 RGB. Sporting a new ultra-slim form factor, more durable keycaps, and unique mecha-membrane switches, enhance your work and play with a hybrid keyboard that combines the best of both worlds.\" \/>\n\t\t<meta name=\"robots\" content=\"max-image-preview:large\" \/>\n\t\t<link rel=\"canonical\" href=\"https:\/\/www.rucashk.com\/pt\/produto\/razer-ornata-v3-us-keyboards\/\" \/>\n\t\t<meta name=\"generator\" content=\"All in One SEO Pro (AIOSEO) 4.5.9.2\" \/>\n\t\t<meta property=\"og:locale\" content=\"pt_PT\" \/>\n\t\t<meta property=\"og:site_name\" content=\"Rucas - One-stop AIoT Distribution Worldwide\" \/>\n\t\t<meta property=\"og:type\" content=\"article\" \/>\n\t\t<meta property=\"og:title\" content=\"Razer Ornata V3 \u2013 US Keyboards - Rucas - Wholesale and Distribution\" \/>\n\t\t<meta property=\"og:description\" content=\"Meet the Razer Ornata V3\u2014a low-profile ergonomic gaming keyboard powered by Razer Chroma\u2122 RGB. Sporting a new ultra-slim form factor, more durable keycaps, and unique mecha-membrane switches, enhance your work and play with a hybrid keyboard that combines the best of both worlds.\" \/>\n\t\t<meta property=\"og:url\" content=\"https:\/\/www.rucashk.com\/pt\/produto\/razer-ornata-v3-us-keyboards\/\" \/>\n\t\t<meta property=\"og:image\" content=\"https:\/\/www.rucashk.com\/wp-content\/uploads\/replace\/503b8e645f128a97ccde2b6290747646.jpeg\" \/>\n\t\t<meta property=\"og:image:secure_url\" content=\"https:\/\/www.rucashk.com\/wp-content\/uploads\/replace\/503b8e645f128a97ccde2b6290747646.jpeg\" \/>\n\t\t<meta property=\"og:image:width\" content=\"1456\" \/>\n\t\t<meta property=\"og:image:height\" content=\"816\" \/>\n\t\t<meta property=\"article:published_time\" content=\"2024-01-09T16:43:45+00:00\" \/>\n\t\t<meta property=\"article:modified_time\" content=\"2025-06-21T05:39:23+00:00\" \/>\n\t\t<meta name=\"twitter:card\" content=\"summary_large_image\" \/>\n\t\t<meta name=\"twitter:title\" content=\"Razer Ornata V3 \u2013 US Keyboards - Rucas - Wholesale and Distribution\" \/>\n\t\t<meta name=\"twitter:description\" content=\"Meet the Razer Ornata V3\u2014a low-profile ergonomic gaming keyboard powered by Razer Chroma\u2122 RGB. Sporting a new ultra-slim form factor, more durable keycaps, and unique mecha-membrane switches, enhance your work and play with a hybrid keyboard that combines the best of both worlds.\" \/>\n\t\t<meta name=\"twitter:image\" content=\"https:\/\/www.rucashk.com\/wp-content\/uploads\/replace\/503b8e645f128a97ccde2b6290747646.jpeg\" \/>\n\t\t<script type=\"application\/ld+json\" class=\"aioseo-schema\">\n\t\t\t{\"@context\":\"https:\\\/\\\/schema.org\",\"@graph\":[{\"@type\":\"BreadcrumbList\",\"@id\":\"https:\\\/\\\/www.rucashk.com\\\/pt\\\/produto\\\/razer-ornata-v3-us-keyboards\\\/#breadcrumblist\",\"itemListElement\":[{\"@type\":\"ListItem\",\"@id\":\"https:\\\/\\\/www.rucashk.com\\\/pt\\\/#listItem\",\"position\":1,\"name\":\"Home\",\"item\":\"https:\\\/\\\/www.rucashk.com\\\/pt\\\/\",\"nextItem\":\"https:\\\/\\\/www.rucashk.com\\\/pt\\\/produto\\\/razer-ornata-v3-us-keyboards\\\/#listItem\"},{\"@type\":\"ListItem\",\"@id\":\"https:\\\/\\\/www.rucashk.com\\\/pt\\\/produto\\\/razer-ornata-v3-us-keyboards\\\/#listItem\",\"position\":2,\"name\":\"Razer Ornata V3 - US Keyboards\",\"previousItem\":\"https:\\\/\\\/www.rucashk.com\\\/pt\\\/#listItem\"}]},{\"@type\":\"Organization\",\"@id\":\"https:\\\/\\\/www.rucashk.com\\\/pt\\\/#organization\",\"name\":\"Rucas\",\"url\":\"https:\\\/\\\/www.rucashk.com\\\/pt\\\/\",\"logo\":{\"@type\":\"ImageObject\",\"url\":\"https:\\\/\\\/www.rucashk.com\\\/wp-content\\\/uploads\\\/2023\\\/12\\\/Rucas_campany_logo.png\",\"@id\":\"https:\\\/\\\/www.rucashk.com\\\/pt\\\/produto\\\/razer-ornata-v3-us-keyboards\\\/#organizationLogo\",\"width\":221,\"height\":65},\"image\":{\"@id\":\"https:\\\/\\\/www.rucashk.com\\\/pt\\\/#organizationLogo\"}},{\"@type\":\"Person\",\"@id\":\"https:\\\/\\\/www.rucashk.com\\\/pt\\\/author\\\/admin\\\/#author\",\"url\":\"https:\\\/\\\/www.rucashk.com\\\/pt\\\/author\\\/admin\\\/\",\"name\":\"admin\",\"image\":{\"@type\":\"ImageObject\",\"@id\":\"https:\\\/\\\/www.rucashk.com\\\/pt\\\/produto\\\/razer-ornata-v3-us-keyboards\\\/#authorImage\",\"url\":\"https:\\\/\\\/secure.gravatar.com\\\/avatar\\\/b7c8925b09a27e72b30232f8ecaadbd5af0f70a38c78096863fe51b64f031c24?s=96&d=mm&r=g\",\"width\":96,\"height\":96,\"caption\":\"admin\"}},{\"@type\":\"WebPage\",\"@id\":\"https:\\\/\\\/www.rucashk.com\\\/pt\\\/produto\\\/razer-ornata-v3-us-keyboards\\\/#webpage\",\"url\":\"https:\\\/\\\/www.rucashk.com\\\/pt\\\/produto\\\/razer-ornata-v3-us-keyboards\\\/\",\"name\":\"Razer Ornata V3 \\u2013 US Keyboards - Rucas - Wholesale and Distribution\",\"description\":\"Meet the Razer Ornata V3\\u2014a low-profile ergonomic gaming keyboard powered by Razer Chroma\\u2122 RGB. Sporting a new ultra-slim form factor, more durable keycaps, and unique mecha-membrane switches, enhance your work and play with a hybrid keyboard that combines the best of both worlds.\",\"inLanguage\":\"pt-PT\",\"isPartOf\":{\"@id\":\"https:\\\/\\\/www.rucashk.com\\\/pt\\\/#website\"},\"breadcrumb\":{\"@id\":\"https:\\\/\\\/www.rucashk.com\\\/pt\\\/produto\\\/razer-ornata-v3-us-keyboards\\\/#breadcrumblist\"},\"author\":{\"@id\":\"https:\\\/\\\/www.rucashk.com\\\/pt\\\/author\\\/admin\\\/#author\"},\"creator\":{\"@id\":\"https:\\\/\\\/www.rucashk.com\\\/pt\\\/author\\\/admin\\\/#author\"},\"image\":{\"@type\":\"ImageObject\",\"url\":\"https:\\\/\\\/www.rucashk.com\\\/wp-content\\\/uploads\\\/2024\\\/01\\\/10004-39-1.jpg\",\"@id\":\"https:\\\/\\\/www.rucashk.com\\\/pt\\\/produto\\\/razer-ornata-v3-us-keyboards\\\/#mainImage\",\"width\":800,\"height\":800},\"primaryImageOfPage\":{\"@id\":\"https:\\\/\\\/www.rucashk.com\\\/pt\\\/produto\\\/razer-ornata-v3-us-keyboards\\\/#mainImage\"},\"datePublished\":\"2024-01-09T16:43:45+00:00\",\"dateModified\":\"2025-06-21T05:39:23+00:00\"},{\"@type\":\"WebSite\",\"@id\":\"https:\\\/\\\/www.rucashk.com\\\/pt\\\/#website\",\"url\":\"https:\\\/\\\/www.rucashk.com\\\/pt\\\/\",\"name\":\"Rucas - Wholesale and distribution worldwide\",\"alternateName\":\"Rucas - One-stop AIoT Distribution Worldwide\",\"description\":\"One-stop AIoT Distribution Worldwide\",\"inLanguage\":\"pt-PT\",\"publisher\":{\"@id\":\"https:\\\/\\\/www.rucashk.com\\\/pt\\\/#organization\"}}]}\n\t\t<\/script>\n\t\t<!-- All in One SEO Pro -->\r\n\t\t<title>Razer Ornata V3 \u2013 US Keyboards - Rucas - Wholesale and Distribution<\/title>\n\n","aioseo_head_json":{"title":"Razer Ornata V3 \u2013 US Keyboards - Rucas - Wholesale and Distribution","description":"Meet the Razer Ornata V3\u2014a low-profile ergonomic gaming keyboard powered by Razer Chroma\u2122 RGB. Sporting a new ultra-slim form factor, more durable keycaps, and unique mecha-membrane switches, enhance your work and play with a hybrid keyboard that combines the best of both worlds.","canonical_url":"https:\/\/www.rucashk.com\/pt\/produto\/razer-ornata-v3-us-keyboards\/","robots":"max-image-preview:large","keywords":"","webmasterTools":{"miscellaneous":""},"og:locale":"pt_PT","og:site_name":"Rucas - One-stop AIoT Distribution Worldwide","og:type":"article","og:title":"Razer Ornata V3 \u2013 US Keyboards - Rucas - Wholesale and Distribution","og:description":"Meet the Razer Ornata V3\u2014a low-profile ergonomic gaming keyboard powered by Razer Chroma\u2122 RGB. Sporting a new ultra-slim form factor, more durable keycaps, and unique mecha-membrane switches, enhance your work and play with a hybrid keyboard that combines the best of both worlds.","og:url":"https:\/\/www.rucashk.com\/pt\/produto\/razer-ornata-v3-us-keyboards\/","og:image":"https:\/\/www.rucashk.com\/wp-content\/uploads\/replace\/503b8e645f128a97ccde2b6290747646.jpeg","og:image:secure_url":"https:\/\/www.rucashk.com\/wp-content\/uploads\/replace\/503b8e645f128a97ccde2b6290747646.jpeg","og:image:width":1456,"og:image:height":816,"article:published_time":"2024-01-09T16:43:45+00:00","article:modified_time":"2025-06-21T05:39:23+00:00","twitter:card":"summary_large_image","twitter:title":"Razer Ornata V3 \u2013 US Keyboards - Rucas - Wholesale and Distribution","twitter:description":"Meet the Razer Ornata V3\u2014a low-profile ergonomic gaming keyboard powered by Razer Chroma\u2122 RGB. Sporting a new ultra-slim form factor, more durable keycaps, and unique mecha-membrane switches, enhance your work and play with a hybrid keyboard that combines the best of both worlds.","twitter:image":"https:\/\/www.rucashk.com\/wp-content\/uploads\/replace\/503b8e645f128a97ccde2b6290747646.jpeg","schema":{"@context":"https:\/\/schema.org","@graph":[{"@type":"BreadcrumbList","@id":"https:\/\/www.rucashk.com\/pt\/produto\/razer-ornata-v3-us-keyboards\/#breadcrumblist","itemListElement":[{"@type":"ListItem","@id":"https:\/\/www.rucashk.com\/pt\/#listItem","position":1,"name":"Home","item":"https:\/\/www.rucashk.com\/pt\/","nextItem":"https:\/\/www.rucashk.com\/pt\/produto\/razer-ornata-v3-us-keyboards\/#listItem"},{"@type":"ListItem","@id":"https:\/\/www.rucashk.com\/pt\/produto\/razer-ornata-v3-us-keyboards\/#listItem","position":2,"name":"Razer Ornata V3 - US Keyboards","previousItem":"https:\/\/www.rucashk.com\/pt\/#listItem"}]},{"@type":"Organization","@id":"https:\/\/www.rucashk.com\/pt\/#organization","name":"Rucas","url":"https:\/\/www.rucashk.com\/pt\/","logo":{"@type":"ImageObject","url":"https:\/\/www.rucashk.com\/wp-content\/uploads\/2023\/12\/Rucas_campany_logo.png","@id":"https:\/\/www.rucashk.com\/pt\/produto\/razer-ornata-v3-us-keyboards\/#organizationLogo","width":221,"height":65},"image":{"@id":"https:\/\/www.rucashk.com\/pt\/#organizationLogo"}},{"@type":"Person","@id":"https:\/\/www.rucashk.com\/pt\/author\/admin\/#author","url":"https:\/\/www.rucashk.com\/pt\/author\/admin\/","name":"admin","image":{"@type":"ImageObject","@id":"https:\/\/www.rucashk.com\/pt\/produto\/razer-ornata-v3-us-keyboards\/#authorImage","url":"https:\/\/secure.gravatar.com\/avatar\/b7c8925b09a27e72b30232f8ecaadbd5af0f70a38c78096863fe51b64f031c24?s=96&d=mm&r=g","width":96,"height":96,"caption":"admin"}},{"@type":"WebPage","@id":"https:\/\/www.rucashk.com\/pt\/produto\/razer-ornata-v3-us-keyboards\/#webpage","url":"https:\/\/www.rucashk.com\/pt\/produto\/razer-ornata-v3-us-keyboards\/","name":"Razer Ornata V3 \u2013 US Keyboards - Rucas - Wholesale and Distribution","description":"Meet the Razer Ornata V3\u2014a low-profile ergonomic gaming keyboard powered by Razer Chroma\u2122 RGB. Sporting a new ultra-slim form factor, more durable keycaps, and unique mecha-membrane switches, enhance your work and play with a hybrid keyboard that combines the best of both worlds.","inLanguage":"pt-PT","isPartOf":{"@id":"https:\/\/www.rucashk.com\/pt\/#website"},"breadcrumb":{"@id":"https:\/\/www.rucashk.com\/pt\/produto\/razer-ornata-v3-us-keyboards\/#breadcrumblist"},"author":{"@id":"https:\/\/www.rucashk.com\/pt\/author\/admin\/#author"},"creator":{"@id":"https:\/\/www.rucashk.com\/pt\/author\/admin\/#author"},"image":{"@type":"ImageObject","url":"https:\/\/www.rucashk.com\/wp-content\/uploads\/2024\/01\/10004-39-1.jpg","@id":"https:\/\/www.rucashk.com\/pt\/produto\/razer-ornata-v3-us-keyboards\/#mainImage","width":800,"height":800},"primaryImageOfPage":{"@id":"https:\/\/www.rucashk.com\/pt\/produto\/razer-ornata-v3-us-keyboards\/#mainImage"},"datePublished":"2024-01-09T16:43:45+00:00","dateModified":"2025-06-21T05:39:23+00:00"},{"@type":"WebSite","@id":"https:\/\/www.rucashk.com\/pt\/#website","url":"https:\/\/www.rucashk.com\/pt\/","name":"Rucas - Wholesale and distribution worldwide","alternateName":"Rucas - One-stop AIoT Distribution Worldwide","description":"One-stop AIoT Distribution Worldwide","inLanguage":"pt-PT","publisher":{"@id":"https:\/\/www.rucashk.com\/pt\/#organization"}}]}},"aioseo_meta_data":{"post_id":"27671","title":null,"description":null,"keywords":null,"keyphrases":null,"primary_term":null,"canonical_url":null,"og_title":null,"og_description":null,"og_object_type":"default","og_image_type":"default","og_image_url":null,"og_image_width":null,"og_image_height":null,"og_image_custom_url":null,"og_image_custom_fields":null,"og_video":"","og_custom_url":null,"og_article_section":null,"og_article_tags":null,"twitter_use_og":false,"twitter_card":"default","twitter_image_type":"default","twitter_image_url":null,"twitter_image_custom_url":null,"twitter_image_custom_fields":null,"twitter_title":null,"twitter_description":null,"schema":{"blockGraphs":[],"customGraphs":[],"default":{"data":{"Article":[],"Course":[],"Dataset":[],"FAQPage":[],"Movie":[],"Person":[],"Product":[],"Recipe":[],"Service":[],"SoftwareApplication":[],"WebPage":[]},"graphName":"","isEnabled":true},"graphs":[]},"schema_type":"default","schema_type_options":null,"pillar_content":false,"robots_default":true,"robots_noindex":false,"robots_noarchive":false,"robots_nosnippet":false,"robots_nofollow":false,"robots_noimageindex":false,"robots_noodp":false,"robots_notranslate":false,"robots_max_snippet":"-1","robots_max_videopreview":"-1","robots_max_imagepreview":"large","priority":null,"frequency":"default","local_seo":null,"breadcrumb_settings":null,"limit_modified_date":false,"created":"2024-04-11 01:57:22","updated":"2025-06-22 18:40:58"},"aioseo_breadcrumb":"<div class=\"aioseo-breadcrumbs\"><span class=\"aioseo-breadcrumb\">\n\t<a href=\"https:\/\/www.rucashk.com\/pt\" title=\"Home\">Home<\/a>\n<\/span><span class=\"aioseo-breadcrumb-separator\">&raquo;<\/span><span class=\"aioseo-breadcrumb\">\n\t<a href=\"https:\/\/www.rucashk.com\/pt\/products\/\" title=\"Produtos\">Produtos<\/a>\n<\/span><span class=\"aioseo-breadcrumb-separator\">&raquo;<\/span><span class=\"aioseo-breadcrumb\">\n\t<a href=\"https:\/\/www.rucashk.com\/pt\/marca\/razer\/\" title=\"Razer\">Razer<\/a>\n<\/span><span class=\"aioseo-breadcrumb-separator\">&raquo;<\/span><span class=\"aioseo-breadcrumb\">\n\tRazer Ornata V3 \u2013 US Keyboards\n<\/span><\/div>","aioseo_breadcrumb_json":[{"label":"Home","link":"https:\/\/www.rucashk.com\/pt"},{"label":"Produtos","link":"https:\/\/www.rucashk.com\/pt\/products\/"},{"label":"Razer","link":"https:\/\/www.rucashk.com\/pt\/marca\/razer\/"},{"label":"Razer Ornata V3 &#8211; US Keyboards","link":"https:\/\/www.rucashk.com\/pt\/produto\/razer-ornata-v3-us-keyboards\/"}],"_links":{"self":[{"href":"https:\/\/www.rucashk.com\/pt\/wp-json\/wp\/v2\/product\/27671","targetHints":{"allow":["GET"]}}],"collection":[{"href":"https:\/\/www.rucashk.com\/pt\/wp-json\/wp\/v2\/product"}],"about":[{"href":"https:\/\/www.rucashk.com\/pt\/wp-json\/wp\/v2\/types\/product"}],"wp:featuredmedia":[{"embeddable":true,"href":"https:\/\/www.rucashk.com\/pt\/wp-json\/wp\/v2\/media\/27843"}],"wp:attachment":[{"href":"https:\/\/www.rucashk.com\/pt\/wp-json\/wp\/v2\/media?parent=27671"}],"wp:term":[{"taxonomy":"product_brand","embeddable":true,"href":"https:\/\/www.rucashk.com\/pt\/wp-json\/wp\/v2\/product_brand?post=27671"},{"taxonomy":"product_cat","embeddable":true,"href":"https:\/\/www.rucashk.com\/pt\/wp-json\/wp\/v2\/product_cat?post=27671"},{"taxonomy":"product_tag","embeddable":true,"href":"https:\/\/www.rucashk.com\/pt\/wp-json\/wp\/v2\/product_tag?post=27671"}],"curies":[{"name":"wp","href":"https:\/\/api.w.org\/{rel}","templated":true}]}}