{"id":27669,"date":"2024-01-09T16:43:45","date_gmt":"2024-01-09T16:43:45","guid":{"rendered":"http:\/\/rucashk.com\/?post_type=product&#038;p=27669"},"modified":"2025-06-21T05:38:43","modified_gmt":"2025-06-21T05:38:43","slug":"razer-deathstalker-v2-pro-clicky-optical-switch-us-black-keyboards","status":"publish","type":"product","link":"https:\/\/www.rucashk.com\/pt\/produto\/razer-deathstalker-v2-pro-clicky-optical-switch-us-black-keyboards\/","title":{"rendered":"Razer DeathStalker V2 Pro \u2013 Clicky Optical Switch \u2013 EUA \u2013 Teclados pretos"},"content":{"rendered":"<p align=\"center\" data-spm-anchor-id=\"a2g0o.detail.1000023.i0.5c8elZ22lZ22S2\"><strong>RAZER DEATHSTALKER V2 PRO<\/strong><\/p>\n<p align=\"center\"><strong>ERGONOMIA DE BAIXO PERFIL.<\/strong><\/p>\n<p align=\"center\"><strong>SEM FIO DE ALTO DESEMPENHO.<\/strong><\/p>\n<p align=\"center\">Conhe\u00e7a o Razer DeathStalker V2 Pro \u2013 um teclado \u00f3ptico ultrafino sem fio otimizado para desempenho e durabilidade de alto n\u00edvel. Apresentando novos switches de baixo perfil e Razer\u2122 HyperSpeed Wireless para jogos ultra-responsivos, tudo alojado em um case ultrafino e dur\u00e1vel para uso ergon\u00f4mico duradouro.<\/p>\n<p align=\"center\"><img decoding=\"async\" alt=\"Razer DeathStalker V2 Pro - Clicky Optical Switch - US - Black Keyboards\" class=\"aligncenter\" src=\"\/wp-content\/uploads\/replace\/19e321a94f3882107ccac2af52bcdd89.jpeg\" \/><\/p>\n<p align=\"center\"><strong>SWITCHES \u00d3PTICOS DE BAIXO PERFIL RAZER\u2122<\/strong><\/p>\n<p align=\"center\"><strong>Atua\u00e7\u00e3o ultrarr\u00e1pida e ultra confi\u00e1vel<\/strong><\/p>\n<p align=\"center\">Equipado com a mesma resposta extremamente r\u00e1pida que \u00e9 uma marca registrada de todos os nossos teclados \u00f3pticos, execute pressionamentos de teclas mais r\u00e1pidos com interruptores totalmente novos que t\u00eam uma altura de atua\u00e7\u00e3o mais curta para reduzir o deslocamento das teclas, apoiados por uma vida \u00fatil de 70 milh\u00f5es de pressionamentos de tecla para desempenho duradouro.<\/p>\n<p align=\"center\"><img decoding=\"async\" alt=\"Razer DeathStalker V2 Pro - Clicky Optical Switch - US - Black Keyboards\" class=\"aligncenter\" src=\"\/wp-content\/uploads\/replace\/107ce7caad88e2b302d58cf0694524a7.png\" \/><\/p>\n<p align=\"center\"><strong>CONECTIVIDADE DE ALTA CLASSE<\/strong><\/p>\n<p align=\"center\">Razer\u2122 HyperSpeed sem fio e Bluetooth 5.0<\/p>\n<p align=\"center\"><img decoding=\"async\" alt=\"Razer DeathStalker V2 Pro - Clicky Optical Switch - US - Black Keyboards\" class=\"aligncenter\" src=\"\/wp-content\/uploads\/replace\/4d4c086b6b859d0dd4a3d9491306bac3.png\" \/><\/p>\n<p align=\"center\"><strong>BATERIA ULTRA-LONGA DE 40 HORAS<\/strong><\/p>\n<p align=\"center\"><strong>Uso ininterrupto<\/strong><\/p>\n<p align=\"center\">Com impressionante efici\u00eancia energ\u00e9tica para suportar seus interruptores \u00f3pticos e retroilumina\u00e7\u00e3o RGB brilhante, o Razer DeathStalker V2 Pro tem uma dura\u00e7\u00e3o de bateria que supera a dos teclados mec\u00e2nicos que requerem muito menos energia.<\/p>\n<p align=\"center\"><img decoding=\"async\" alt=\"Razer DeathStalker V2 Pro - Clicky Optical Switch - US - Black Keyboards\" class=\"aligncenter\" src=\"\/wp-content\/uploads\/replace\/64f01800dc19cd65897b53a03d4491e9.jpeg\" \/><\/p>\n<p align=\"center\"><strong>CASO ULTRA-SLIM COM PLACA SUPERIOR DE ALUM\u00cdNIO DUR\u00c1VEL<\/strong><\/p>\n<p align=\"center\"><strong>Ergonomia duradoura<\/strong><\/p>\n<p align=\"center\">O perfil fino do teclado garante um posicionamento neutro das m\u00e3os para longas horas de uso com pouco esfor\u00e7o, enquanto sua placa superior em liga de alum\u00ednio 5052 oferece maior durabilidade com um peso satisfat\u00f3rio.<\/p>\n<p align=\"center\"><img decoding=\"async\" alt=\"Razer DeathStalker V2 Pro - Clicky Optical Switch - US - Black Keyboards\" class=\"aligncenter\" src=\"\/wp-content\/uploads\/replace\/7867cd2df021c29bec5f2fb58c8fed0c.png\" \/><\/p>\n<p align=\"center\"><strong>TECLAS GRAVADAS A LASER COM<\/strong><\/p>\n<p align=\"center\"><strong>REVESTIMENTO ULTRA-DUR\u00c1VEL<\/strong><\/p>\n<p align=\"center\"><strong>Resist\u00eancia definitiva ao desbotamento e arranh\u00f5es<\/strong><\/p>\n<p align=\"center\">Projetado para ser mais resistente do que as teclas ABS duplas, com legendas que parecem super n\u00edtidas e limpas. Tamb\u00e9m possui legendas secund\u00e1rias retroiluminadas para digita\u00e7\u00e3o mais conveniente e RGB por tecla que brilha intensamente e uniformemente para produzir luz de fundo RGB 100%.<\/p>\n<p align=\"center\"><img decoding=\"async\" alt=\"Razer DeathStalker V2 Pro - Clicky Optical Switch - US - Black Keyboards\" class=\"aligncenter\" src=\"\/wp-content\/uploads\/replace\/072f943c132f9eaa73f2b9621d486191.jpeg\" \/><\/p>\n<p align=\"center\"><strong>ROLO MULTIFUNCIONAL E BOT\u00c3O DE M\u00cdDIA<\/strong><\/p>\n<p align=\"center\"><strong>Controle conveniente<\/strong><\/p>\n<p align=\"center\">Configure-os para pausar, reproduzir, pular e ajustar tudo, desde o brilho at\u00e9 o volume \u2013 a m\u00e1xima conveni\u00eancia enquanto voc\u00ea aproveita seu entretenimento.<\/p>\n<p align=\"center\"><img decoding=\"async\" alt=\"Razer DeathStalker V2 Pro - Clicky Optical Switch - US - Black Keyboards\" class=\"aligncenter\" src=\"\/wp-content\/uploads\/replace\/1640fb0d666430ccbb775d7731951906.jpeg\" \/><\/p>\n<p align=\"center\">\n<p align=\"center\">\n<div class=\"title--wrap--wDzGayX\">\n<div class=\"title--text--Lx66GPw\">\n<h1 class=\"title--title--RN9Pt03\">Especifica\u00e7\u00f5es<\/h1>\n<\/div>\n<\/div>\n<ul class=\"specification--list--fiWsSyv\">\n<li class=\"specification--line--iUJOqof\">\n<div class=\"specification--prop--RejitI8\">\n<div class=\"specification--title--UbVeyic\">Teclado de tamanho completo: Sim<\/div>\n<\/div>\n<div class=\"specification--prop--RejitI8\">\n<div class=\"specification--title--UbVeyic\">Pacote: Sim<\/div>\n<\/div>\n<\/li>\n<li class=\"specification--line--iUJOqof\">\n<div class=\"specification--prop--RejitI8\">\n<div class=\"specification--title--UbVeyic\">Suporte de pulso: N\u00e3o<\/div>\n<\/div>\n<div class=\"specification--prop--RejitI8\">\n<div class=\"specification--title--UbVeyic\">Estilo: Padr\u00e3o, Jogos<\/div>\n<\/div>\n<\/li>\n<li class=\"specification--line--iUJOqof\">\n<div class=\"specification--prop--RejitI8\">\n<div class=\"specification--title--UbVeyic\">Tipo de interface: USB, Bluetooth\/USB<\/div>\n<\/div>\n<div class=\"specification--prop--RejitI8\">\n<div class=\"specification--title--UbVeyic\">Estilo de Opera\u00e7\u00e3o: Mec\u00e2nico<\/div>\n<\/div>\n<\/li>\n<li class=\"specification--line--iUJOqof\">\n<div class=\"specification--prop--RejitI8\">\n<div class=\"specification--title--UbVeyic\">L\u00edngua inglesa<\/div>\n<\/div>\n<div class=\"specification--prop--RejitI8\">\n<div class=\"specification--title--UbVeyic\">Padr\u00e3o de teclado: 104 teclas<\/div>\n<\/div>\n<\/li>\n<li class=\"specification--line--iUJOqof\">\n<div class=\"specification--prop--RejitI8\">\n<div class=\"specification--title--UbVeyic\">Aplica\u00e7\u00e3o: desktop, laptop<\/div>\n<\/div>\n<div class=\"specification--prop--RejitI8\">\n<div class=\"specification--title--UbVeyic\">Tipo: 2,4 GHz sem fio<\/div>\n<\/div>\n<\/li>\n<li class=\"specification--line--iUJOqof\">\n<div class=\"specification--prop--RejitI8\">\n<div class=\"specification--title--UbVeyic\">Marca: Razer<\/div>\n<\/div>\n<div class=\"specification--prop--RejitI8\">\n<div class=\"specification--title--UbVeyic\">Origem: China Continental<\/div>\n<\/div>\n<\/li>\n<li class=\"specification--line--iUJOqof\">\n<div class=\"specification--prop--RejitI8\">\n<div class=\"specification--title--UbVeyic\">Certifica\u00e7\u00e3o: CE<\/div>\n<\/div>\n<\/li>\n<\/ul>","protected":false},"excerpt":{"rendered":"<p>Conhe\u00e7a o Razer DeathStalker V2 Pro \u2013 um teclado \u00f3ptico ultrafino sem fio otimizado para desempenho e durabilidade de alto n\u00edvel. Apresentando novos switches de baixo perfil e Razer\u2122 HyperSpeed Wireless para jogos ultra-responsivos, tudo alojado em um case ultrafino e dur\u00e1vel para uso ergon\u00f4mico duradouro.<\/p>","protected":false},"featured_media":27830,"template":"","meta":[],"product_brand":[1379],"product_cat":[1322,1331],"product_tag":[],"class_list":{"0":"post-27669","1":"product","2":"type-product","3":"status-publish","4":"has-post-thumbnail","6":"product_brand-razer","7":"product_cat-other-a-brands","8":"product_cat-razer-other-a-brands","10":"first","11":"instock","12":"shipping-taxable","13":"product-type-simple"},"aioseo_notices":[],"aioseo_head":"\n\t\t<!-- All in One SEO Pro 4.5.9.2 - aioseo.com -->\n\t\t<meta name=\"description\" content=\"Meet the Razer DeathStalker V2 Pro\u2014a wireless ultra-slim optical keyboard optimized for top-tier performance and durability. Featuring new low-profile switches and Razer\u2122 HyperSpeed Wireless for ultra-responsive gaming, all housed within a durable, ultra-slim casing for long-lasting ergonomic use.\" \/>\n\t\t<meta name=\"robots\" content=\"max-image-preview:large\" \/>\n\t\t<link rel=\"canonical\" href=\"https:\/\/www.rucashk.com\/pt\/produto\/razer-deathstalker-v2-pro-clicky-optical-switch-us-black-keyboards\/\" \/>\n\t\t<meta name=\"generator\" content=\"All in One SEO Pro (AIOSEO) 4.5.9.2\" \/>\n\t\t<meta property=\"og:locale\" content=\"pt_PT\" \/>\n\t\t<meta property=\"og:site_name\" content=\"Rucas - One-stop AIoT Distribution Worldwide\" \/>\n\t\t<meta property=\"og:type\" content=\"article\" \/>\n\t\t<meta property=\"og:title\" content=\"Razer DeathStalker V2 Pro \u2013 Clicky Optical Switch \u2013 US \u2013 Black Keyboards - Rucas - Wholesale and Distribution\" \/>\n\t\t<meta property=\"og:description\" content=\"Meet the Razer DeathStalker V2 Pro\u2014a wireless ultra-slim optical keyboard optimized for top-tier performance and durability. Featuring new low-profile switches and Razer\u2122 HyperSpeed Wireless for ultra-responsive gaming, all housed within a durable, ultra-slim casing for long-lasting ergonomic use.\" \/>\n\t\t<meta property=\"og:url\" content=\"https:\/\/www.rucashk.com\/pt\/produto\/razer-deathstalker-v2-pro-clicky-optical-switch-us-black-keyboards\/\" \/>\n\t\t<meta property=\"og:image\" content=\"https:\/\/www.rucashk.com\/wp-content\/uploads\/replace\/503b8e645f128a97ccde2b6290747646.jpeg\" \/>\n\t\t<meta property=\"og:image:secure_url\" content=\"https:\/\/www.rucashk.com\/wp-content\/uploads\/replace\/503b8e645f128a97ccde2b6290747646.jpeg\" \/>\n\t\t<meta property=\"og:image:width\" content=\"1456\" \/>\n\t\t<meta property=\"og:image:height\" content=\"816\" \/>\n\t\t<meta property=\"article:published_time\" content=\"2024-01-09T16:43:45+00:00\" \/>\n\t\t<meta property=\"article:modified_time\" content=\"2025-06-21T05:38:43+00:00\" \/>\n\t\t<meta name=\"twitter:card\" content=\"summary_large_image\" \/>\n\t\t<meta name=\"twitter:title\" content=\"Razer DeathStalker V2 Pro \u2013 Clicky Optical Switch \u2013 US \u2013 Black Keyboards - Rucas - Wholesale and Distribution\" \/>\n\t\t<meta name=\"twitter:description\" content=\"Meet the Razer DeathStalker V2 Pro\u2014a wireless ultra-slim optical keyboard optimized for top-tier performance and durability. Featuring new low-profile switches and Razer\u2122 HyperSpeed Wireless for ultra-responsive gaming, all housed within a durable, ultra-slim casing for long-lasting ergonomic use.\" \/>\n\t\t<meta name=\"twitter:image\" content=\"https:\/\/www.rucashk.com\/wp-content\/uploads\/replace\/503b8e645f128a97ccde2b6290747646.jpeg\" \/>\n\t\t<script type=\"application\/ld+json\" class=\"aioseo-schema\">\n\t\t\t{\"@context\":\"https:\\\/\\\/schema.org\",\"@graph\":[{\"@type\":\"BreadcrumbList\",\"@id\":\"https:\\\/\\\/www.rucashk.com\\\/pt\\\/produto\\\/razer-deathstalker-v2-pro-clicky-optical-switch-us-black-keyboards\\\/#breadcrumblist\",\"itemListElement\":[{\"@type\":\"ListItem\",\"@id\":\"https:\\\/\\\/www.rucashk.com\\\/pt\\\/#listItem\",\"position\":1,\"name\":\"Home\",\"item\":\"https:\\\/\\\/www.rucashk.com\\\/pt\\\/\",\"nextItem\":\"https:\\\/\\\/www.rucashk.com\\\/pt\\\/produto\\\/razer-deathstalker-v2-pro-clicky-optical-switch-us-black-keyboards\\\/#listItem\"},{\"@type\":\"ListItem\",\"@id\":\"https:\\\/\\\/www.rucashk.com\\\/pt\\\/produto\\\/razer-deathstalker-v2-pro-clicky-optical-switch-us-black-keyboards\\\/#listItem\",\"position\":2,\"name\":\"Razer DeathStalker V2 Pro - Clicky Optical Switch - US - Black Keyboards\",\"previousItem\":\"https:\\\/\\\/www.rucashk.com\\\/pt\\\/#listItem\"}]},{\"@type\":\"Organization\",\"@id\":\"https:\\\/\\\/www.rucashk.com\\\/pt\\\/#organization\",\"name\":\"Rucas\",\"url\":\"https:\\\/\\\/www.rucashk.com\\\/pt\\\/\",\"logo\":{\"@type\":\"ImageObject\",\"url\":\"https:\\\/\\\/www.rucashk.com\\\/wp-content\\\/uploads\\\/2023\\\/12\\\/Rucas_campany_logo.png\",\"@id\":\"https:\\\/\\\/www.rucashk.com\\\/pt\\\/produto\\\/razer-deathstalker-v2-pro-clicky-optical-switch-us-black-keyboards\\\/#organizationLogo\",\"width\":221,\"height\":65},\"image\":{\"@id\":\"https:\\\/\\\/www.rucashk.com\\\/pt\\\/#organizationLogo\"}},{\"@type\":\"Person\",\"@id\":\"https:\\\/\\\/www.rucashk.com\\\/pt\\\/author\\\/admin\\\/#author\",\"url\":\"https:\\\/\\\/www.rucashk.com\\\/pt\\\/author\\\/admin\\\/\",\"name\":\"admin\",\"image\":{\"@type\":\"ImageObject\",\"@id\":\"https:\\\/\\\/www.rucashk.com\\\/pt\\\/produto\\\/razer-deathstalker-v2-pro-clicky-optical-switch-us-black-keyboards\\\/#authorImage\",\"url\":\"https:\\\/\\\/secure.gravatar.com\\\/avatar\\\/b7c8925b09a27e72b30232f8ecaadbd5af0f70a38c78096863fe51b64f031c24?s=96&d=mm&r=g\",\"width\":96,\"height\":96,\"caption\":\"admin\"}},{\"@type\":\"WebPage\",\"@id\":\"https:\\\/\\\/www.rucashk.com\\\/pt\\\/produto\\\/razer-deathstalker-v2-pro-clicky-optical-switch-us-black-keyboards\\\/#webpage\",\"url\":\"https:\\\/\\\/www.rucashk.com\\\/pt\\\/produto\\\/razer-deathstalker-v2-pro-clicky-optical-switch-us-black-keyboards\\\/\",\"name\":\"Razer DeathStalker V2 Pro \\u2013 Clicky Optical Switch \\u2013 US \\u2013 Black Keyboards - Rucas - Wholesale and Distribution\",\"description\":\"Meet the Razer DeathStalker V2 Pro\\u2014a wireless ultra-slim optical keyboard optimized for top-tier performance and durability. Featuring new low-profile switches and Razer\\u2122 HyperSpeed Wireless for ultra-responsive gaming, all housed within a durable, ultra-slim casing for long-lasting ergonomic use.\",\"inLanguage\":\"pt-PT\",\"isPartOf\":{\"@id\":\"https:\\\/\\\/www.rucashk.com\\\/pt\\\/#website\"},\"breadcrumb\":{\"@id\":\"https:\\\/\\\/www.rucashk.com\\\/pt\\\/produto\\\/razer-deathstalker-v2-pro-clicky-optical-switch-us-black-keyboards\\\/#breadcrumblist\"},\"author\":{\"@id\":\"https:\\\/\\\/www.rucashk.com\\\/pt\\\/author\\\/admin\\\/#author\"},\"creator\":{\"@id\":\"https:\\\/\\\/www.rucashk.com\\\/pt\\\/author\\\/admin\\\/#author\"},\"image\":{\"@type\":\"ImageObject\",\"url\":\"https:\\\/\\\/www.rucashk.com\\\/wp-content\\\/uploads\\\/2024\\\/01\\\/10001-1-3-1.jpg\",\"@id\":\"https:\\\/\\\/www.rucashk.com\\\/pt\\\/produto\\\/razer-deathstalker-v2-pro-clicky-optical-switch-us-black-keyboards\\\/#mainImage\",\"width\":800,\"height\":800},\"primaryImageOfPage\":{\"@id\":\"https:\\\/\\\/www.rucashk.com\\\/pt\\\/produto\\\/razer-deathstalker-v2-pro-clicky-optical-switch-us-black-keyboards\\\/#mainImage\"},\"datePublished\":\"2024-01-09T16:43:45+00:00\",\"dateModified\":\"2025-06-21T05:38:43+00:00\"},{\"@type\":\"WebSite\",\"@id\":\"https:\\\/\\\/www.rucashk.com\\\/pt\\\/#website\",\"url\":\"https:\\\/\\\/www.rucashk.com\\\/pt\\\/\",\"name\":\"Rucas - Wholesale and distribution worldwide\",\"alternateName\":\"Rucas - One-stop AIoT Distribution Worldwide\",\"description\":\"One-stop AIoT Distribution Worldwide\",\"inLanguage\":\"pt-PT\",\"publisher\":{\"@id\":\"https:\\\/\\\/www.rucashk.com\\\/pt\\\/#organization\"}}]}\n\t\t<\/script>\n\t\t<!-- All in One SEO Pro -->\r\n\t\t<title>Razer DeathStalker V2 Pro \u2013 Clicky Optical Switch \u2013 US \u2013 Black Keyboards - Rucas - Wholesale and Distribution<\/title>\n\n","aioseo_head_json":{"title":"Razer DeathStalker V2 Pro \u2013 Clicky Optical Switch \u2013 US \u2013 Black Keyboards - Rucas - Wholesale and Distribution","description":"Meet the Razer DeathStalker V2 Pro\u2014a wireless ultra-slim optical keyboard optimized for top-tier performance and durability. Featuring new low-profile switches and Razer\u2122 HyperSpeed Wireless for ultra-responsive gaming, all housed within a durable, ultra-slim casing for long-lasting ergonomic use.","canonical_url":"https:\/\/www.rucashk.com\/pt\/produto\/razer-deathstalker-v2-pro-clicky-optical-switch-us-black-keyboards\/","robots":"max-image-preview:large","keywords":"","webmasterTools":{"miscellaneous":""},"og:locale":"pt_PT","og:site_name":"Rucas - One-stop AIoT Distribution Worldwide","og:type":"article","og:title":"Razer DeathStalker V2 Pro \u2013 Clicky Optical Switch \u2013 US \u2013 Black Keyboards - Rucas - Wholesale and Distribution","og:description":"Meet the Razer DeathStalker V2 Pro\u2014a wireless ultra-slim optical keyboard optimized for top-tier performance and durability. Featuring new low-profile switches and Razer\u2122 HyperSpeed Wireless for ultra-responsive gaming, all housed within a durable, ultra-slim casing for long-lasting ergonomic use.","og:url":"https:\/\/www.rucashk.com\/pt\/produto\/razer-deathstalker-v2-pro-clicky-optical-switch-us-black-keyboards\/","og:image":"https:\/\/www.rucashk.com\/wp-content\/uploads\/replace\/503b8e645f128a97ccde2b6290747646.jpeg","og:image:secure_url":"https:\/\/www.rucashk.com\/wp-content\/uploads\/replace\/503b8e645f128a97ccde2b6290747646.jpeg","og:image:width":1456,"og:image:height":816,"article:published_time":"2024-01-09T16:43:45+00:00","article:modified_time":"2025-06-21T05:38:43+00:00","twitter:card":"summary_large_image","twitter:title":"Razer DeathStalker V2 Pro \u2013 Clicky Optical Switch \u2013 US \u2013 Black Keyboards - Rucas - Wholesale and Distribution","twitter:description":"Meet the Razer DeathStalker V2 Pro\u2014a wireless ultra-slim optical keyboard optimized for top-tier performance and durability. Featuring new low-profile switches and Razer\u2122 HyperSpeed Wireless for ultra-responsive gaming, all housed within a durable, ultra-slim casing for long-lasting ergonomic use.","twitter:image":"https:\/\/www.rucashk.com\/wp-content\/uploads\/replace\/503b8e645f128a97ccde2b6290747646.jpeg","schema":{"@context":"https:\/\/schema.org","@graph":[{"@type":"BreadcrumbList","@id":"https:\/\/www.rucashk.com\/pt\/produto\/razer-deathstalker-v2-pro-clicky-optical-switch-us-black-keyboards\/#breadcrumblist","itemListElement":[{"@type":"ListItem","@id":"https:\/\/www.rucashk.com\/pt\/#listItem","position":1,"name":"Home","item":"https:\/\/www.rucashk.com\/pt\/","nextItem":"https:\/\/www.rucashk.com\/pt\/produto\/razer-deathstalker-v2-pro-clicky-optical-switch-us-black-keyboards\/#listItem"},{"@type":"ListItem","@id":"https:\/\/www.rucashk.com\/pt\/produto\/razer-deathstalker-v2-pro-clicky-optical-switch-us-black-keyboards\/#listItem","position":2,"name":"Razer DeathStalker V2 Pro - Clicky Optical Switch - US - Black Keyboards","previousItem":"https:\/\/www.rucashk.com\/pt\/#listItem"}]},{"@type":"Organization","@id":"https:\/\/www.rucashk.com\/pt\/#organization","name":"Rucas","url":"https:\/\/www.rucashk.com\/pt\/","logo":{"@type":"ImageObject","url":"https:\/\/www.rucashk.com\/wp-content\/uploads\/2023\/12\/Rucas_campany_logo.png","@id":"https:\/\/www.rucashk.com\/pt\/produto\/razer-deathstalker-v2-pro-clicky-optical-switch-us-black-keyboards\/#organizationLogo","width":221,"height":65},"image":{"@id":"https:\/\/www.rucashk.com\/pt\/#organizationLogo"}},{"@type":"Person","@id":"https:\/\/www.rucashk.com\/pt\/author\/admin\/#author","url":"https:\/\/www.rucashk.com\/pt\/author\/admin\/","name":"admin","image":{"@type":"ImageObject","@id":"https:\/\/www.rucashk.com\/pt\/produto\/razer-deathstalker-v2-pro-clicky-optical-switch-us-black-keyboards\/#authorImage","url":"https:\/\/secure.gravatar.com\/avatar\/b7c8925b09a27e72b30232f8ecaadbd5af0f70a38c78096863fe51b64f031c24?s=96&d=mm&r=g","width":96,"height":96,"caption":"admin"}},{"@type":"WebPage","@id":"https:\/\/www.rucashk.com\/pt\/produto\/razer-deathstalker-v2-pro-clicky-optical-switch-us-black-keyboards\/#webpage","url":"https:\/\/www.rucashk.com\/pt\/produto\/razer-deathstalker-v2-pro-clicky-optical-switch-us-black-keyboards\/","name":"Razer DeathStalker V2 Pro \u2013 Clicky Optical Switch \u2013 US \u2013 Black Keyboards - Rucas - Wholesale and Distribution","description":"Meet the Razer DeathStalker V2 Pro\u2014a wireless ultra-slim optical keyboard optimized for top-tier performance and durability. Featuring new low-profile switches and Razer\u2122 HyperSpeed Wireless for ultra-responsive gaming, all housed within a durable, ultra-slim casing for long-lasting ergonomic use.","inLanguage":"pt-PT","isPartOf":{"@id":"https:\/\/www.rucashk.com\/pt\/#website"},"breadcrumb":{"@id":"https:\/\/www.rucashk.com\/pt\/produto\/razer-deathstalker-v2-pro-clicky-optical-switch-us-black-keyboards\/#breadcrumblist"},"author":{"@id":"https:\/\/www.rucashk.com\/pt\/author\/admin\/#author"},"creator":{"@id":"https:\/\/www.rucashk.com\/pt\/author\/admin\/#author"},"image":{"@type":"ImageObject","url":"https:\/\/www.rucashk.com\/wp-content\/uploads\/2024\/01\/10001-1-3-1.jpg","@id":"https:\/\/www.rucashk.com\/pt\/produto\/razer-deathstalker-v2-pro-clicky-optical-switch-us-black-keyboards\/#mainImage","width":800,"height":800},"primaryImageOfPage":{"@id":"https:\/\/www.rucashk.com\/pt\/produto\/razer-deathstalker-v2-pro-clicky-optical-switch-us-black-keyboards\/#mainImage"},"datePublished":"2024-01-09T16:43:45+00:00","dateModified":"2025-06-21T05:38:43+00:00"},{"@type":"WebSite","@id":"https:\/\/www.rucashk.com\/pt\/#website","url":"https:\/\/www.rucashk.com\/pt\/","name":"Rucas - Wholesale and distribution worldwide","alternateName":"Rucas - One-stop AIoT Distribution Worldwide","description":"One-stop AIoT Distribution Worldwide","inLanguage":"pt-PT","publisher":{"@id":"https:\/\/www.rucashk.com\/pt\/#organization"}}]}},"aioseo_meta_data":{"post_id":"27669","title":null,"description":null,"keywords":null,"keyphrases":null,"primary_term":null,"canonical_url":null,"og_title":null,"og_description":null,"og_object_type":"default","og_image_type":"default","og_image_url":null,"og_image_width":null,"og_image_height":null,"og_image_custom_url":null,"og_image_custom_fields":null,"og_video":"","og_custom_url":null,"og_article_section":null,"og_article_tags":null,"twitter_use_og":false,"twitter_card":"default","twitter_image_type":"default","twitter_image_url":null,"twitter_image_custom_url":null,"twitter_image_custom_fields":null,"twitter_title":null,"twitter_description":null,"schema":{"blockGraphs":[],"customGraphs":[],"default":{"data":{"Article":[],"Course":[],"Dataset":[],"FAQPage":[],"Movie":[],"Person":[],"Product":[],"Recipe":[],"Service":[],"SoftwareApplication":[],"WebPage":[]},"graphName":"","isEnabled":true},"graphs":[]},"schema_type":"default","schema_type_options":null,"pillar_content":false,"robots_default":true,"robots_noindex":false,"robots_noarchive":false,"robots_nosnippet":false,"robots_nofollow":false,"robots_noimageindex":false,"robots_noodp":false,"robots_notranslate":false,"robots_max_snippet":"-1","robots_max_videopreview":"-1","robots_max_imagepreview":"large","priority":null,"frequency":"default","local_seo":null,"breadcrumb_settings":null,"limit_modified_date":false,"created":"2024-04-11 01:57:22","updated":"2025-06-22 18:40:58"},"aioseo_breadcrumb":"<div class=\"aioseo-breadcrumbs\"><span class=\"aioseo-breadcrumb\">\n\t<a href=\"https:\/\/www.rucashk.com\/pt\" title=\"Home\">Home<\/a>\n<\/span><span class=\"aioseo-breadcrumb-separator\">&raquo;<\/span><span class=\"aioseo-breadcrumb\">\n\t<a href=\"https:\/\/www.rucashk.com\/pt\/products\/\" title=\"Produtos\">Produtos<\/a>\n<\/span><span class=\"aioseo-breadcrumb-separator\">&raquo;<\/span><span class=\"aioseo-breadcrumb\">\n\t<a href=\"https:\/\/www.rucashk.com\/pt\/marca\/razer\/\" title=\"Razer\">Razer<\/a>\n<\/span><span class=\"aioseo-breadcrumb-separator\">&raquo;<\/span><span class=\"aioseo-breadcrumb\">\n\tRazer DeathStalker V2 Pro \u2013 Clicky Optical Switch \u2013 US \u2013 Black Keyboards\n<\/span><\/div>","aioseo_breadcrumb_json":[{"label":"Home","link":"https:\/\/www.rucashk.com\/pt"},{"label":"Produtos","link":"https:\/\/www.rucashk.com\/pt\/products\/"},{"label":"Razer","link":"https:\/\/www.rucashk.com\/pt\/marca\/razer\/"},{"label":"Razer DeathStalker V2 Pro &#8211; Clicky Optical Switch &#8211; US &#8211; Black Keyboards","link":"https:\/\/www.rucashk.com\/pt\/produto\/razer-deathstalker-v2-pro-clicky-optical-switch-us-black-keyboards\/"}],"_links":{"self":[{"href":"https:\/\/www.rucashk.com\/pt\/wp-json\/wp\/v2\/product\/27669","targetHints":{"allow":["GET"]}}],"collection":[{"href":"https:\/\/www.rucashk.com\/pt\/wp-json\/wp\/v2\/product"}],"about":[{"href":"https:\/\/www.rucashk.com\/pt\/wp-json\/wp\/v2\/types\/product"}],"wp:featuredmedia":[{"embeddable":true,"href":"https:\/\/www.rucashk.com\/pt\/wp-json\/wp\/v2\/media\/27830"}],"wp:attachment":[{"href":"https:\/\/www.rucashk.com\/pt\/wp-json\/wp\/v2\/media?parent=27669"}],"wp:term":[{"taxonomy":"product_brand","embeddable":true,"href":"https:\/\/www.rucashk.com\/pt\/wp-json\/wp\/v2\/product_brand?post=27669"},{"taxonomy":"product_cat","embeddable":true,"href":"https:\/\/www.rucashk.com\/pt\/wp-json\/wp\/v2\/product_cat?post=27669"},{"taxonomy":"product_tag","embeddable":true,"href":"https:\/\/www.rucashk.com\/pt\/wp-json\/wp\/v2\/product_tag?post=27669"}],"curies":[{"name":"wp","href":"https:\/\/api.w.org\/{rel}","templated":true}]}}