{"id":27667,"date":"2024-01-09T16:43:45","date_gmt":"2024-01-09T16:43:45","guid":{"rendered":"http:\/\/rucashk.com\/?post_type=product&#038;p=27667"},"modified":"2025-06-21T05:38:24","modified_gmt":"2025-06-21T05:38:24","slug":"razer-huntsman-mini-analog-us-keyboards","status":"publish","type":"product","link":"https:\/\/www.rucashk.com\/pt\/produto\/razer-huntsman-mini-analog-us-keyboards\/","title":{"rendered":"Razer Huntsman Mini Anal\u00f3gico \u2013 Teclados dos EUA"},"content":{"rendered":"<p align=\"center\" data-spm-anchor-id=\"a2g0o.detail.1000023.i0.3561fVZsfVZstY\"><strong>RAZER CA\u00c7ADOR V3 PRO MINI<\/strong><\/p>\n<p align=\"center\">PARA O PRO<\/p>\n<p align=\"center\">Experimente uma resposta sem rival em uma escala que voc\u00ea nunca conheceu com o Razer Huntsman V3 Pro Mini \u2013 um teclado 60% com nossos mais recentes switches \u00f3pticos anal\u00f3gicos. Armado com atua\u00e7\u00e3o ajust\u00e1vel e modo de disparo r\u00e1pido para entradas repetidas ultrarr\u00e1pidas, obtenha a velocidade necess\u00e1ria para chegar ao topo.<\/p>\n<p><img decoding=\"async\" alt=\"Razer Huntsman Mini Analog - US Keyboards\" class=\"aligncenter\" src=\"\/wp-content\/uploads\/replace\/5799740d836c9fc579134121b9f416f6.jpeg\" \/><\/p>\n<p align=\"center\"><strong>SWITCHES \u00d3PTICOS ANAL\u00d3GICOS RAZER\u2122 GEN-2<\/strong><\/p>\n<p align=\"center\">Gatilho r\u00e1pido e atua\u00e7\u00e3o ajust\u00e1vel<\/p>\n<p align=\"center\">Maximize a precis\u00e3o e a resposta com um miniteclado com nossos interruptores mais avan\u00e7ados, incluindo Rapid Trigger para entradas repetidas ultrarr\u00e1pidas, uma faixa de atua\u00e7\u00e3o ajust\u00e1vel de 0,1 a 4,0 mm e uma vida \u00fatil de 100 milh\u00f5es de pressionamentos de teclas.<\/p>\n<p><img decoding=\"async\" alt=\"Razer Huntsman Mini Analog - US Keyboards\" class=\"aligncenter\" src=\"\/wp-content\/uploads\/replace\/2e3c24d9f55cdb50bbb875c9de439f60.jpeg\" \/><\/p>\n<p>&nbsp;<\/p>\n<p style=\"text-align: center\"><strong>Gatilho ajust\u00e1vel<\/strong><br \/>\nPersonalize sua experi\u00eancia de jogo<br \/>\nAo contr\u00e1rio dos teclados tradicionais que s\u00f3 podem executar um comando por gatilho, o eixo \u00f3ptico de simula\u00e7\u00e3o Razer \u2122 Thundersnake permite que v\u00e1rios comandos sejam executados em um toque de tecla. Ao detectar a profundidade em que uma tecla \u00e9 pressionada, o eixo \u00f3ptico simulado pode executar diferentes comandos dependendo da profundidade do disparo.<\/p>\n<p>&nbsp;<\/p>\n<p><img decoding=\"async\" alt=\"Razer Huntsman Mini Analog - US Keyboards\" class=\"aligncenter\" src=\"\/wp-content\/uploads\/replace\/462783cd3b8229b9539457e66171cb11.jpeg\" \/><\/p>\n<p align=\"center\"><strong>CHAVES MODIFICADORAS DE DUPLA FINALIDADE<\/strong><\/p>\n<p align=\"center\">Para funcionalidade de teclas de seta de 4 dire\u00e7\u00f5es<\/p>\n<p align=\"center\">As teclas modificadoras no canto inferior direito deste pequeno teclado para jogos funcionam como teclas de seta quando tocadas, fornecendo navega\u00e7\u00e3o conveniente que normalmente voc\u00ea s\u00f3 pode obter em formatos maiores.<\/p>\n<p><img decoding=\"async\" alt=\"Razer Huntsman Mini Analog - US Keyboards\" class=\"aligncenter\" src=\"\/wp-content\/uploads\/replace\/1c7c14dce47f9bd1dbb6e11f65dd2a1f.jpeg\" \/><\/p>\n<p align=\"center\"><strong>TECLAS TEXTURADAS DOUBLESHOT PBT<\/strong><\/p>\n<p align=\"center\">Com fun\u00e7\u00f5es secund\u00e1rias impressas lateralmente<\/p>\n<p align=\"center\">Mais dur\u00e1veis do que as teclas normais, seu design resistente ao brilho e legendas \u00e0 prova de desbotamento s\u00e3o ideais para jogos competitivos intensos - completos com fun\u00e7\u00f5es secund\u00e1rias impressas na lateral para f\u00e1cil refer\u00eancia visual.<\/p>\n<p><img decoding=\"async\" alt=\"Razer Huntsman Mini Analog - US Keyboards\" class=\"aligncenter\" src=\"\/wp-content\/uploads\/replace\/23f6b5f528e90d44918e4f0003ff5b7c.jpeg\" \/><\/p>\n<p align=\"center\"><strong>FATOR DE FORMA COMPACTO 60%<\/strong><\/p>\n<p align=\"center\">Experi\u00eancia de jogo port\u00e1til e simplificada<\/p>\n<p align=\"center\">Projetado para f\u00e1cil posicionamento e espa\u00e7o m\u00e1ximo para manobrar o mouse, o design compacto do pequeno teclado para jogos tamb\u00e9m \u00e9 incrivelmente port\u00e1til, tornando-o a escolha perfeita para levar consigo em torneios offline.<\/p>\n<p><img decoding=\"async\" alt=\"Razer Huntsman Mini Analog - US Keyboards\" class=\"aligncenter\" src=\"\/wp-content\/uploads\/replace\/32ff9ab6c8caf65c1596cd2a3d77f8cb.jpeg\" \/><\/p>\n<p>&nbsp;<\/p>\n<div class=\"title--wrap--wDzGayX\">\n<div class=\"title--text--Lx66GPw\">\n<h1 class=\"title--title--RN9Pt03\">Especifica\u00e7\u00f5es<\/h1>\n<\/div>\n<\/div>\n<ul class=\"specification--list--fiWsSyv\">\n<li class=\"specification--line--iUJOqof\">\n<div class=\"specification--prop--RejitI8\">\n<div class=\"specification--title--UbVeyic\">Material do teclado: pl\u00e1stico PBT<\/div>\n<\/div>\n<div class=\"specification--prop--RejitI8\">\n<div class=\"specification--title--UbVeyic\">Teclado de tamanho completo: N\u00e3o<\/div>\n<\/div>\n<\/li>\n<li class=\"specification--line--iUJOqof\">\n<div class=\"specification--prop--RejitI8\">\n<div class=\"specification--title--UbVeyic\">Suporte de pulso: N\u00e3o<\/div>\n<\/div>\n<div class=\"specification--prop--RejitI8\">\n<div class=\"specification--title--UbVeyic\">Estilo: Fino<\/div>\n<\/div>\n<\/li>\n<li class=\"specification--line--iUJOqof\">\n<div class=\"specification--prop--RejitI8\">\n<div class=\"specification--title--UbVeyic\">Tipo de interface: USB<\/div>\n<\/div>\n<div class=\"specification--prop--RejitI8\">\n<div class=\"specification--title--UbVeyic\">Estilo de Opera\u00e7\u00e3o: Mec\u00e2nico<\/div>\n<\/div>\n<\/li>\n<li class=\"specification--line--iUJOqof\">\n<div class=\"specification--prop--RejitI8\">\n<div class=\"specification--title--UbVeyic\">L\u00edngua inglesa<\/div>\n<\/div>\n<div class=\"specification--prop--RejitI8\">\n<div class=\"specification--title--UbVeyic\">Padr\u00e3o de teclado: 61 teclas<\/div>\n<\/div>\n<\/li>\n<li class=\"specification--line--iUJOqof\">\n<div class=\"specification--prop--RejitI8\">\n<div class=\"specification--title--UbVeyic\">Aplica\u00e7\u00e3o: desktop, laptop<\/div>\n<\/div>\n<div class=\"specification--prop--RejitI8\">\n<div class=\"specification--title--UbVeyic\">Tipo: COM FIO<\/div>\n<\/div>\n<\/li>\n<li class=\"specification--line--iUJOqof\">\n<div class=\"specification--prop--RejitI8\">\n<div class=\"specification--title--UbVeyic\">Marca: Razer<\/div>\n<\/div>\n<div class=\"specification--prop--RejitI8\">\n<div class=\"specification--title--UbVeyic\">Origem: China Continental<\/div>\n<\/div>\n<\/li>\n<li class=\"specification--line--iUJOqof\">\n<div class=\"specification--prop--RejitI8\">\n<div class=\"specification--title--UbVeyic\">Certifica\u00e7\u00e3o: CE<\/div>\n<\/div>\n<\/li>\n<\/ul>","protected":false},"excerpt":{"rendered":"<p>Thundersnake Hunting Soul Light Spider Simulation Optical Axis Mini Edition<br \/>\nSmaller shape, greater accuracy<br \/>\nWith this smaller keyboard, the Thundersnake Hunting Soul Light Spider Simulation Optical Axis Mini Edition, you can dominate the game with its excellent control. We are introducing the first mini game keyboard equipped with a Razer Thundersnake simulation optical axis (60% of the standard size). This is a compact portable winning weapon that achieves excellent operation.<\/p>","protected":false},"featured_media":27818,"template":"","meta":[],"product_brand":[1379],"product_cat":[1322,1331],"product_tag":[],"class_list":{"0":"post-27667","1":"product","2":"type-product","3":"status-publish","4":"has-post-thumbnail","6":"product_brand-razer","7":"product_cat-other-a-brands","8":"product_cat-razer-other-a-brands","10":"first","11":"instock","12":"shipping-taxable","13":"product-type-simple"},"aioseo_notices":[],"aioseo_head":"\n\t\t<!-- All in One SEO Pro 4.5.9.2 - aioseo.com -->\n\t\t<meta name=\"description\" content=\"Thundersnake Hunting Soul Light Spider Simulation Optical Axis Mini Edition Smaller shape, greater accuracy With this smaller keyboard, the Thundersnake Hunting Soul Light Spider Simulation Optical Axis Mini Edition, you can dominate the game with its excellent control. We are introducing the first mini game keyboard equipped with a Razer Thundersnake simulation optical axis (60% of the standard size). This is a compact portable winning weapon that achieves excellent operation.\" \/>\n\t\t<meta name=\"robots\" content=\"max-image-preview:large\" \/>\n\t\t<link rel=\"canonical\" href=\"https:\/\/www.rucashk.com\/pt\/produto\/razer-huntsman-mini-analog-us-keyboards\/\" \/>\n\t\t<meta name=\"generator\" content=\"All in One SEO Pro (AIOSEO) 4.5.9.2\" \/>\n\t\t<meta property=\"og:locale\" content=\"pt_PT\" \/>\n\t\t<meta property=\"og:site_name\" content=\"Rucas - One-stop AIoT Distribution Worldwide\" \/>\n\t\t<meta property=\"og:type\" content=\"article\" \/>\n\t\t<meta property=\"og:title\" content=\"Razer Huntsman Mini Analog \u2013 US Keyboards - Rucas - Wholesale and Distribution\" \/>\n\t\t<meta property=\"og:description\" content=\"Thundersnake Hunting Soul Light Spider Simulation Optical Axis Mini Edition Smaller shape, greater accuracy With this smaller keyboard, the Thundersnake Hunting Soul Light Spider Simulation Optical Axis Mini Edition, you can dominate the game with its excellent control. We are introducing the first mini game keyboard equipped with a Razer Thundersnake simulation optical axis (60% of the standard size). This is a compact portable winning weapon that achieves excellent operation.\" \/>\n\t\t<meta property=\"og:url\" content=\"https:\/\/www.rucashk.com\/pt\/produto\/razer-huntsman-mini-analog-us-keyboards\/\" \/>\n\t\t<meta property=\"og:image\" content=\"https:\/\/www.rucashk.com\/wp-content\/uploads\/replace\/503b8e645f128a97ccde2b6290747646.jpeg\" \/>\n\t\t<meta property=\"og:image:secure_url\" content=\"https:\/\/www.rucashk.com\/wp-content\/uploads\/replace\/503b8e645f128a97ccde2b6290747646.jpeg\" \/>\n\t\t<meta property=\"og:image:width\" content=\"1456\" \/>\n\t\t<meta property=\"og:image:height\" content=\"816\" \/>\n\t\t<meta property=\"article:published_time\" content=\"2024-01-09T16:43:45+00:00\" \/>\n\t\t<meta property=\"article:modified_time\" content=\"2025-06-21T05:38:24+00:00\" \/>\n\t\t<meta name=\"twitter:card\" content=\"summary_large_image\" \/>\n\t\t<meta name=\"twitter:title\" content=\"Razer Huntsman Mini Analog \u2013 US Keyboards - Rucas - Wholesale and Distribution\" \/>\n\t\t<meta name=\"twitter:description\" content=\"Thundersnake Hunting Soul Light Spider Simulation Optical Axis Mini Edition Smaller shape, greater accuracy With this smaller keyboard, the Thundersnake Hunting Soul Light Spider Simulation Optical Axis Mini Edition, you can dominate the game with its excellent control. We are introducing the first mini game keyboard equipped with a Razer Thundersnake simulation optical axis (60% of the standard size). This is a compact portable winning weapon that achieves excellent operation.\" \/>\n\t\t<meta name=\"twitter:image\" content=\"https:\/\/www.rucashk.com\/wp-content\/uploads\/replace\/503b8e645f128a97ccde2b6290747646.jpeg\" \/>\n\t\t<script type=\"application\/ld+json\" class=\"aioseo-schema\">\n\t\t\t{\"@context\":\"https:\\\/\\\/schema.org\",\"@graph\":[{\"@type\":\"BreadcrumbList\",\"@id\":\"https:\\\/\\\/www.rucashk.com\\\/pt\\\/produto\\\/razer-huntsman-mini-analog-us-keyboards\\\/#breadcrumblist\",\"itemListElement\":[{\"@type\":\"ListItem\",\"@id\":\"https:\\\/\\\/www.rucashk.com\\\/pt\\\/#listItem\",\"position\":1,\"name\":\"Home\",\"item\":\"https:\\\/\\\/www.rucashk.com\\\/pt\\\/\",\"nextItem\":\"https:\\\/\\\/www.rucashk.com\\\/pt\\\/produto\\\/razer-huntsman-mini-analog-us-keyboards\\\/#listItem\"},{\"@type\":\"ListItem\",\"@id\":\"https:\\\/\\\/www.rucashk.com\\\/pt\\\/produto\\\/razer-huntsman-mini-analog-us-keyboards\\\/#listItem\",\"position\":2,\"name\":\"Razer Huntsman Mini Analog - US Keyboards\",\"previousItem\":\"https:\\\/\\\/www.rucashk.com\\\/pt\\\/#listItem\"}]},{\"@type\":\"Organization\",\"@id\":\"https:\\\/\\\/www.rucashk.com\\\/pt\\\/#organization\",\"name\":\"Rucas\",\"url\":\"https:\\\/\\\/www.rucashk.com\\\/pt\\\/\",\"logo\":{\"@type\":\"ImageObject\",\"url\":\"https:\\\/\\\/www.rucashk.com\\\/wp-content\\\/uploads\\\/2023\\\/12\\\/Rucas_campany_logo.png\",\"@id\":\"https:\\\/\\\/www.rucashk.com\\\/pt\\\/produto\\\/razer-huntsman-mini-analog-us-keyboards\\\/#organizationLogo\",\"width\":221,\"height\":65},\"image\":{\"@id\":\"https:\\\/\\\/www.rucashk.com\\\/pt\\\/#organizationLogo\"}},{\"@type\":\"Person\",\"@id\":\"https:\\\/\\\/www.rucashk.com\\\/pt\\\/author\\\/admin\\\/#author\",\"url\":\"https:\\\/\\\/www.rucashk.com\\\/pt\\\/author\\\/admin\\\/\",\"name\":\"admin\",\"image\":{\"@type\":\"ImageObject\",\"@id\":\"https:\\\/\\\/www.rucashk.com\\\/pt\\\/produto\\\/razer-huntsman-mini-analog-us-keyboards\\\/#authorImage\",\"url\":\"https:\\\/\\\/secure.gravatar.com\\\/avatar\\\/b7c8925b09a27e72b30232f8ecaadbd5af0f70a38c78096863fe51b64f031c24?s=96&d=mm&r=g\",\"width\":96,\"height\":96,\"caption\":\"admin\"}},{\"@type\":\"WebPage\",\"@id\":\"https:\\\/\\\/www.rucashk.com\\\/pt\\\/produto\\\/razer-huntsman-mini-analog-us-keyboards\\\/#webpage\",\"url\":\"https:\\\/\\\/www.rucashk.com\\\/pt\\\/produto\\\/razer-huntsman-mini-analog-us-keyboards\\\/\",\"name\":\"Razer Huntsman Mini Analog \\u2013 US Keyboards - Rucas - Wholesale and Distribution\",\"description\":\"Thundersnake Hunting Soul Light Spider Simulation Optical Axis Mini Edition Smaller shape, greater accuracy With this smaller keyboard, the Thundersnake Hunting Soul Light Spider Simulation Optical Axis Mini Edition, you can dominate the game with its excellent control. We are introducing the first mini game keyboard equipped with a Razer Thundersnake simulation optical axis (60% of the standard size). This is a compact portable winning weapon that achieves excellent operation.\",\"inLanguage\":\"pt-PT\",\"isPartOf\":{\"@id\":\"https:\\\/\\\/www.rucashk.com\\\/pt\\\/#website\"},\"breadcrumb\":{\"@id\":\"https:\\\/\\\/www.rucashk.com\\\/pt\\\/produto\\\/razer-huntsman-mini-analog-us-keyboards\\\/#breadcrumblist\"},\"author\":{\"@id\":\"https:\\\/\\\/www.rucashk.com\\\/pt\\\/author\\\/admin\\\/#author\"},\"creator\":{\"@id\":\"https:\\\/\\\/www.rucashk.com\\\/pt\\\/author\\\/admin\\\/#author\"},\"image\":{\"@type\":\"ImageObject\",\"url\":\"https:\\\/\\\/www.rucashk.com\\\/wp-content\\\/uploads\\\/2024\\\/01\\\/10001-46-1.jpg\",\"@id\":\"https:\\\/\\\/www.rucashk.com\\\/pt\\\/produto\\\/razer-huntsman-mini-analog-us-keyboards\\\/#mainImage\",\"width\":800,\"height\":800},\"primaryImageOfPage\":{\"@id\":\"https:\\\/\\\/www.rucashk.com\\\/pt\\\/produto\\\/razer-huntsman-mini-analog-us-keyboards\\\/#mainImage\"},\"datePublished\":\"2024-01-09T16:43:45+00:00\",\"dateModified\":\"2025-06-21T05:38:24+00:00\"},{\"@type\":\"WebSite\",\"@id\":\"https:\\\/\\\/www.rucashk.com\\\/pt\\\/#website\",\"url\":\"https:\\\/\\\/www.rucashk.com\\\/pt\\\/\",\"name\":\"Rucas - Wholesale and distribution worldwide\",\"alternateName\":\"Rucas - One-stop AIoT Distribution Worldwide\",\"description\":\"One-stop AIoT Distribution Worldwide\",\"inLanguage\":\"pt-PT\",\"publisher\":{\"@id\":\"https:\\\/\\\/www.rucashk.com\\\/pt\\\/#organization\"}}]}\n\t\t<\/script>\n\t\t<!-- All in One SEO Pro -->\r\n\t\t<title>Razer Huntsman Mini Analog \u2013 US Keyboards - Rucas - Wholesale and Distribution<\/title>\n\n","aioseo_head_json":{"title":"Razer Huntsman Mini Analog \u2013 US Keyboards - Rucas - Wholesale and Distribution","description":"Thundersnake Hunting Soul Light Spider Simulation Optical Axis Mini Edition Smaller shape, greater accuracy With this smaller keyboard, the Thundersnake Hunting Soul Light Spider Simulation Optical Axis Mini Edition, you can dominate the game with its excellent control. We are introducing the first mini game keyboard equipped with a Razer Thundersnake simulation optical axis (60% of the standard size). This is a compact portable winning weapon that achieves excellent operation.","canonical_url":"https:\/\/www.rucashk.com\/pt\/produto\/razer-huntsman-mini-analog-us-keyboards\/","robots":"max-image-preview:large","keywords":"","webmasterTools":{"miscellaneous":""},"og:locale":"pt_PT","og:site_name":"Rucas - One-stop AIoT Distribution Worldwide","og:type":"article","og:title":"Razer Huntsman Mini Analog \u2013 US Keyboards - Rucas - Wholesale and Distribution","og:description":"Thundersnake Hunting Soul Light Spider Simulation Optical Axis Mini Edition Smaller shape, greater accuracy With this smaller keyboard, the Thundersnake Hunting Soul Light Spider Simulation Optical Axis Mini Edition, you can dominate the game with its excellent control. We are introducing the first mini game keyboard equipped with a Razer Thundersnake simulation optical axis (60% of the standard size). This is a compact portable winning weapon that achieves excellent operation.","og:url":"https:\/\/www.rucashk.com\/pt\/produto\/razer-huntsman-mini-analog-us-keyboards\/","og:image":"https:\/\/www.rucashk.com\/wp-content\/uploads\/replace\/503b8e645f128a97ccde2b6290747646.jpeg","og:image:secure_url":"https:\/\/www.rucashk.com\/wp-content\/uploads\/replace\/503b8e645f128a97ccde2b6290747646.jpeg","og:image:width":1456,"og:image:height":816,"article:published_time":"2024-01-09T16:43:45+00:00","article:modified_time":"2025-06-21T05:38:24+00:00","twitter:card":"summary_large_image","twitter:title":"Razer Huntsman Mini Analog \u2013 US Keyboards - Rucas - Wholesale and Distribution","twitter:description":"Thundersnake Hunting Soul Light Spider Simulation Optical Axis Mini Edition Smaller shape, greater accuracy With this smaller keyboard, the Thundersnake Hunting Soul Light Spider Simulation Optical Axis Mini Edition, you can dominate the game with its excellent control. We are introducing the first mini game keyboard equipped with a Razer Thundersnake simulation optical axis (60% of the standard size). This is a compact portable winning weapon that achieves excellent operation.","twitter:image":"https:\/\/www.rucashk.com\/wp-content\/uploads\/replace\/503b8e645f128a97ccde2b6290747646.jpeg","schema":{"@context":"https:\/\/schema.org","@graph":[{"@type":"BreadcrumbList","@id":"https:\/\/www.rucashk.com\/pt\/produto\/razer-huntsman-mini-analog-us-keyboards\/#breadcrumblist","itemListElement":[{"@type":"ListItem","@id":"https:\/\/www.rucashk.com\/pt\/#listItem","position":1,"name":"Home","item":"https:\/\/www.rucashk.com\/pt\/","nextItem":"https:\/\/www.rucashk.com\/pt\/produto\/razer-huntsman-mini-analog-us-keyboards\/#listItem"},{"@type":"ListItem","@id":"https:\/\/www.rucashk.com\/pt\/produto\/razer-huntsman-mini-analog-us-keyboards\/#listItem","position":2,"name":"Razer Huntsman Mini Analog - US Keyboards","previousItem":"https:\/\/www.rucashk.com\/pt\/#listItem"}]},{"@type":"Organization","@id":"https:\/\/www.rucashk.com\/pt\/#organization","name":"Rucas","url":"https:\/\/www.rucashk.com\/pt\/","logo":{"@type":"ImageObject","url":"https:\/\/www.rucashk.com\/wp-content\/uploads\/2023\/12\/Rucas_campany_logo.png","@id":"https:\/\/www.rucashk.com\/pt\/produto\/razer-huntsman-mini-analog-us-keyboards\/#organizationLogo","width":221,"height":65},"image":{"@id":"https:\/\/www.rucashk.com\/pt\/#organizationLogo"}},{"@type":"Person","@id":"https:\/\/www.rucashk.com\/pt\/author\/admin\/#author","url":"https:\/\/www.rucashk.com\/pt\/author\/admin\/","name":"admin","image":{"@type":"ImageObject","@id":"https:\/\/www.rucashk.com\/pt\/produto\/razer-huntsman-mini-analog-us-keyboards\/#authorImage","url":"https:\/\/secure.gravatar.com\/avatar\/b7c8925b09a27e72b30232f8ecaadbd5af0f70a38c78096863fe51b64f031c24?s=96&d=mm&r=g","width":96,"height":96,"caption":"admin"}},{"@type":"WebPage","@id":"https:\/\/www.rucashk.com\/pt\/produto\/razer-huntsman-mini-analog-us-keyboards\/#webpage","url":"https:\/\/www.rucashk.com\/pt\/produto\/razer-huntsman-mini-analog-us-keyboards\/","name":"Razer Huntsman Mini Analog \u2013 US Keyboards - Rucas - Wholesale and Distribution","description":"Thundersnake Hunting Soul Light Spider Simulation Optical Axis Mini Edition Smaller shape, greater accuracy With this smaller keyboard, the Thundersnake Hunting Soul Light Spider Simulation Optical Axis Mini Edition, you can dominate the game with its excellent control. We are introducing the first mini game keyboard equipped with a Razer Thundersnake simulation optical axis (60% of the standard size). This is a compact portable winning weapon that achieves excellent operation.","inLanguage":"pt-PT","isPartOf":{"@id":"https:\/\/www.rucashk.com\/pt\/#website"},"breadcrumb":{"@id":"https:\/\/www.rucashk.com\/pt\/produto\/razer-huntsman-mini-analog-us-keyboards\/#breadcrumblist"},"author":{"@id":"https:\/\/www.rucashk.com\/pt\/author\/admin\/#author"},"creator":{"@id":"https:\/\/www.rucashk.com\/pt\/author\/admin\/#author"},"image":{"@type":"ImageObject","url":"https:\/\/www.rucashk.com\/wp-content\/uploads\/2024\/01\/10001-46-1.jpg","@id":"https:\/\/www.rucashk.com\/pt\/produto\/razer-huntsman-mini-analog-us-keyboards\/#mainImage","width":800,"height":800},"primaryImageOfPage":{"@id":"https:\/\/www.rucashk.com\/pt\/produto\/razer-huntsman-mini-analog-us-keyboards\/#mainImage"},"datePublished":"2024-01-09T16:43:45+00:00","dateModified":"2025-06-21T05:38:24+00:00"},{"@type":"WebSite","@id":"https:\/\/www.rucashk.com\/pt\/#website","url":"https:\/\/www.rucashk.com\/pt\/","name":"Rucas - Wholesale and distribution worldwide","alternateName":"Rucas - One-stop AIoT Distribution Worldwide","description":"One-stop AIoT Distribution Worldwide","inLanguage":"pt-PT","publisher":{"@id":"https:\/\/www.rucashk.com\/pt\/#organization"}}]}},"aioseo_meta_data":{"post_id":"27667","title":null,"description":null,"keywords":null,"keyphrases":null,"primary_term":null,"canonical_url":null,"og_title":null,"og_description":null,"og_object_type":"default","og_image_type":"default","og_image_url":null,"og_image_width":null,"og_image_height":null,"og_image_custom_url":null,"og_image_custom_fields":null,"og_video":"","og_custom_url":null,"og_article_section":null,"og_article_tags":null,"twitter_use_og":false,"twitter_card":"default","twitter_image_type":"default","twitter_image_url":null,"twitter_image_custom_url":null,"twitter_image_custom_fields":null,"twitter_title":null,"twitter_description":null,"schema":{"blockGraphs":[],"customGraphs":[],"default":{"data":{"Article":[],"Course":[],"Dataset":[],"FAQPage":[],"Movie":[],"Person":[],"Product":[],"Recipe":[],"Service":[],"SoftwareApplication":[],"WebPage":[]},"graphName":"","isEnabled":true},"graphs":[]},"schema_type":"default","schema_type_options":null,"pillar_content":false,"robots_default":true,"robots_noindex":false,"robots_noarchive":false,"robots_nosnippet":false,"robots_nofollow":false,"robots_noimageindex":false,"robots_noodp":false,"robots_notranslate":false,"robots_max_snippet":"-1","robots_max_videopreview":"-1","robots_max_imagepreview":"large","priority":null,"frequency":"default","local_seo":null,"breadcrumb_settings":null,"limit_modified_date":false,"created":"2024-04-11 01:57:22","updated":"2025-06-22 18:40:56"},"aioseo_breadcrumb":"<div class=\"aioseo-breadcrumbs\"><span class=\"aioseo-breadcrumb\">\n\t<a href=\"https:\/\/www.rucashk.com\/pt\" title=\"Home\">Home<\/a>\n<\/span><span class=\"aioseo-breadcrumb-separator\">&raquo;<\/span><span class=\"aioseo-breadcrumb\">\n\t<a href=\"https:\/\/www.rucashk.com\/pt\/products\/\" title=\"Produtos\">Produtos<\/a>\n<\/span><span class=\"aioseo-breadcrumb-separator\">&raquo;<\/span><span class=\"aioseo-breadcrumb\">\n\t<a href=\"https:\/\/www.rucashk.com\/pt\/marca\/razer\/\" title=\"Razer\">Razer<\/a>\n<\/span><span class=\"aioseo-breadcrumb-separator\">&raquo;<\/span><span class=\"aioseo-breadcrumb\">\n\tRazer Huntsman Mini Analog \u2013 US Keyboards\n<\/span><\/div>","aioseo_breadcrumb_json":[{"label":"Home","link":"https:\/\/www.rucashk.com\/pt"},{"label":"Produtos","link":"https:\/\/www.rucashk.com\/pt\/products\/"},{"label":"Razer","link":"https:\/\/www.rucashk.com\/pt\/marca\/razer\/"},{"label":"Razer Huntsman Mini Analog &#8211; US Keyboards","link":"https:\/\/www.rucashk.com\/pt\/produto\/razer-huntsman-mini-analog-us-keyboards\/"}],"_links":{"self":[{"href":"https:\/\/www.rucashk.com\/pt\/wp-json\/wp\/v2\/product\/27667","targetHints":{"allow":["GET"]}}],"collection":[{"href":"https:\/\/www.rucashk.com\/pt\/wp-json\/wp\/v2\/product"}],"about":[{"href":"https:\/\/www.rucashk.com\/pt\/wp-json\/wp\/v2\/types\/product"}],"wp:featuredmedia":[{"embeddable":true,"href":"https:\/\/www.rucashk.com\/pt\/wp-json\/wp\/v2\/media\/27818"}],"wp:attachment":[{"href":"https:\/\/www.rucashk.com\/pt\/wp-json\/wp\/v2\/media?parent=27667"}],"wp:term":[{"taxonomy":"product_brand","embeddable":true,"href":"https:\/\/www.rucashk.com\/pt\/wp-json\/wp\/v2\/product_brand?post=27667"},{"taxonomy":"product_cat","embeddable":true,"href":"https:\/\/www.rucashk.com\/pt\/wp-json\/wp\/v2\/product_cat?post=27667"},{"taxonomy":"product_tag","embeddable":true,"href":"https:\/\/www.rucashk.com\/pt\/wp-json\/wp\/v2\/product_tag?post=27667"}],"curies":[{"name":"wp","href":"https:\/\/api.w.org\/{rel}","templated":true}]}}