{"id":27642,"date":"2024-01-09T16:43:21","date_gmt":"2024-01-09T16:43:21","guid":{"rendered":"http:\/\/rucashk.com\/?post_type=product&#038;p=27642"},"modified":"2025-06-21T05:52:02","modified_gmt":"2025-06-21T05:52:02","slug":"razer-huntsman-v2-keyboards","status":"publish","type":"product","link":"https:\/\/www.rucashk.com\/pt\/produto\/razer-huntsman-v2-keyboards\/","title":{"rendered":"Teclados Razer Huntsman V2"},"content":{"rendered":"<p align=\"center\" data-spm-anchor-id=\"a2g0o.detail.1000023.i0.7f3a789b00HZxR\"><strong>Razer Huntsman V2 PUBG: Edi\u00e7\u00e3o BATTLEGROUNDS<\/strong><\/p>\n<p align=\"center\">TODO DESEMPENHO.<\/p>\n<p>&nbsp;<\/p>\n<p><img decoding=\"async\" alt=\"Razer Huntsman V2 Keyboards\" class=\"aligncenter\" src=\"\/wp-content\/uploads\/replace\/daf609cc2957b969e65db814d26bb6b5.jpeg\" \/><\/p>\n<p>&nbsp;<\/p>\n<p align=\"center\"><strong>INTERRUPTORES \u00d3PTICOS RAZER\u2122<\/strong><\/p>\n<p align=\"center\">Velocidade e Confiabilidade Absolutas<\/p>\n<p align=\"center\">Com velocidades de atua\u00e7\u00e3o ultrarr\u00e1pidas, apoiadas por uma vida \u00fatil de 100 milh\u00f5es de pressionamentos de tecla, os switches \u00f3pticos Razer\u2122 s\u00e3o superiores aos designs mec\u00e2nicos tradicionais \u2013 uma vantagem crucial e essencial para esportes eletr\u00f4nicos.<\/p>\n<p>&nbsp;<\/p>\n<p><img decoding=\"async\" alt=\"Razer Huntsman V2 Keyboards\" class=\"aligncenter\" src=\"\/wp-content\/uploads\/replace\/245b5372a9f887b182afa8f49c831989.jpeg\" \/><\/p>\n<p>&nbsp;<\/p>\n<p align=\"center\"><strong>TAXA DE PESQUISA VERDADEIRA DE 8.000 HZ<\/strong><\/p>\n<p align=\"center\">Lat\u00eancia quase zero<\/p>\n<p align=\"center\">Ao combinar uma taxa de polling real de 8.000 Hz com a resposta praticamente instant\u00e2nea dos switches \u00f3pticos Razer\u2122,<\/p>\n<p>&nbsp;<\/p>\n<p><img decoding=\"async\" alt=\"Razer Huntsman V2 Keyboards\" class=\"aligncenter\" src=\"\/wp-content\/uploads\/replace\/6d0c15d130fb718ea6f987b83727eec3.jpeg\" \/><\/p>\n<p>&nbsp;<\/p>\n<p align=\"center\"><strong>ZERO ATRASO DE DEBUNCE<\/strong><\/p>\n<p align=\"center\">Atua\u00e7\u00e3o Instant\u00e2nea<\/p>\n<p align=\"center\">Como os interruptores \u00f3pticos atuam atrav\u00e9s da luz, eles n\u00e3o sofrem os ressaltos encontrados nos interruptores mec\u00e2nicos tradicionais, garantindo que o sinal seja enviado no instante em que a chave \u00e9 acionada.<\/p>\n<p>&nbsp;<\/p>\n<p><img decoding=\"async\" alt=\"Razer Huntsman V2 Keyboards\" class=\"aligncenter\" src=\"\/wp-content\/uploads\/replace\/1a669cb84ee8a5e73ea832e614faa266.jpeg\" \/><\/p>\n<p>&nbsp;<\/p>\n<div class=\"title--wrap--wDzGayX\">\n<div class=\"title--text--Lx66GPw\">\n<h1 class=\"title--title--RN9Pt03\">Especifica\u00e7\u00f5es<\/h1>\n<\/div>\n<\/div>\n<ul class=\"specification--list--fiWsSyv\">\n<li class=\"specification--line--iUJOqof\">\n<div class=\"specification--prop--RejitI8\">\n<div class=\"specification--title--UbVeyic\">Teclado de tamanho completo: Sim<\/div>\n<\/div>\n<div class=\"specification--prop--RejitI8\">\n<div class=\"specification--title--UbVeyic\">Pacote: Sim<\/div>\n<\/div>\n<\/li>\n<li class=\"specification--line--iUJOqof\">\n<div class=\"specification--prop--RejitI8\">\n<div class=\"specification--title--UbVeyic\">Suporte de pulso: Sim<\/div>\n<\/div>\n<div class=\"specification--prop--RejitI8\">\n<div class=\"specification--title--UbVeyic\">Estilo: Padr\u00e3o<\/div>\n<\/div>\n<\/li>\n<li class=\"specification--line--iUJOqof\">\n<div class=\"specification--prop--RejitI8\">\n<div class=\"specification--title--UbVeyic\">Tipo de interface: USB<\/div>\n<\/div>\n<div class=\"specification--prop--RejitI8\">\n<div class=\"specification--title--UbVeyic\">Estilo de Opera\u00e7\u00e3o: Mec\u00e2nico<\/div>\n<\/div>\n<\/li>\n<li class=\"specification--line--iUJOqof\">\n<div class=\"specification--prop--RejitI8\">\n<div class=\"specification--title--UbVeyic\">L\u00edngua inglesa<\/div>\n<\/div>\n<div class=\"specification--prop--RejitI8\">\n<div class=\"specification--title--UbVeyic\">Padr\u00e3o de teclado: 104 teclas<\/div>\n<\/div>\n<\/li>\n<li class=\"specification--line--iUJOqof\">\n<div class=\"specification--prop--RejitI8\">\n<div class=\"specification--title--UbVeyic\">Aplica\u00e7\u00e3o: desktop, laptop<\/div>\n<\/div>\n<div class=\"specification--prop--RejitI8\">\n<div class=\"specification--title--UbVeyic\">Tipo: COM FIO<\/div>\n<\/div>\n<\/li>\n<li class=\"specification--line--iUJOqof\">\n<div class=\"specification--prop--RejitI8\">\n<div class=\"specification--title--UbVeyic\">Marca: Razer<\/div>\n<\/div>\n<div class=\"specification--prop--RejitI8\">\n<div class=\"specification--title--UbVeyic\">Origem: China Continental<\/div>\n<\/div>\n<\/li>\n<li class=\"specification--line--iUJOqof\">\n<div class=\"specification--prop--RejitI8\">\n<div class=\"specification--title--UbVeyic\">Certifica\u00e7\u00e3o: CE<\/div>\n<\/div>\n<\/li>\n<\/ul>","protected":false},"excerpt":{"rendered":"<p>Tecnologia Razer\u2122 HyperPolling com taxa de polling real de at\u00e9 8000 Hz<\/p>\n<p>Teclas totalmente program\u00e1veis com grava\u00e7\u00e3o de macro em tempo real<\/p>\n<p>N-key roll-over com anti-ghosting<\/p>\n<p>Op\u00e7\u00e3o de modo de jogo<\/p>\n<p data-spm-anchor-id=\"a2g0o.detail.1000023.i1.7f3a789b00HZxR\">Placa superior em alum\u00ednio fosco<\/p>","protected":false},"featured_media":27808,"template":"","meta":[],"product_brand":[1379],"product_cat":[1322,1331],"product_tag":[],"class_list":{"0":"post-27642","1":"product","2":"type-product","3":"status-publish","4":"has-post-thumbnail","6":"product_brand-razer","7":"product_cat-other-a-brands","8":"product_cat-razer-other-a-brands","10":"first","11":"instock","12":"shipping-taxable","13":"product-type-simple"},"aioseo_notices":[],"aioseo_head":"\n\t\t<!-- All in One SEO Pro 4.5.9.2 - aioseo.com -->\n\t\t<meta name=\"description\" content=\"Razer\u2122 HyperPolling Technology with up to true 8000 Hz polling rate Fully programmable keys with on-the-fly macro recording N-key roll-over with anti-ghosting Gaming mode option Aluminum matte top plate\" \/>\n\t\t<meta name=\"robots\" content=\"max-image-preview:large\" \/>\n\t\t<link rel=\"canonical\" href=\"https:\/\/www.rucashk.com\/pt\/produto\/razer-huntsman-v2-keyboards\/\" \/>\n\t\t<meta name=\"generator\" content=\"All in One SEO Pro (AIOSEO) 4.5.9.2\" \/>\n\t\t<meta property=\"og:locale\" content=\"pt_PT\" \/>\n\t\t<meta property=\"og:site_name\" content=\"Rucas - One-stop AIoT Distribution Worldwide\" \/>\n\t\t<meta property=\"og:type\" content=\"article\" \/>\n\t\t<meta property=\"og:title\" content=\"Razer Huntsman V2 Keyboards - Rucas - Wholesale and Distribution\" \/>\n\t\t<meta property=\"og:description\" content=\"Razer\u2122 HyperPolling Technology with up to true 8000 Hz polling rate Fully programmable keys with on-the-fly macro recording N-key roll-over with anti-ghosting Gaming mode option Aluminum matte top plate\" \/>\n\t\t<meta property=\"og:url\" content=\"https:\/\/www.rucashk.com\/pt\/produto\/razer-huntsman-v2-keyboards\/\" \/>\n\t\t<meta property=\"og:image\" content=\"https:\/\/www.rucashk.com\/wp-content\/uploads\/replace\/503b8e645f128a97ccde2b6290747646.jpeg\" \/>\n\t\t<meta property=\"og:image:secure_url\" content=\"https:\/\/www.rucashk.com\/wp-content\/uploads\/replace\/503b8e645f128a97ccde2b6290747646.jpeg\" \/>\n\t\t<meta property=\"og:image:width\" content=\"1456\" \/>\n\t\t<meta property=\"og:image:height\" content=\"816\" \/>\n\t\t<meta property=\"article:published_time\" content=\"2024-01-09T16:43:21+00:00\" \/>\n\t\t<meta property=\"article:modified_time\" content=\"2025-06-21T05:52:02+00:00\" \/>\n\t\t<meta name=\"twitter:card\" content=\"summary_large_image\" \/>\n\t\t<meta name=\"twitter:title\" content=\"Razer Huntsman V2 Keyboards - Rucas - Wholesale and Distribution\" \/>\n\t\t<meta name=\"twitter:description\" content=\"Razer\u2122 HyperPolling Technology with up to true 8000 Hz polling rate Fully programmable keys with on-the-fly macro recording N-key roll-over with anti-ghosting Gaming mode option Aluminum matte top plate\" \/>\n\t\t<meta name=\"twitter:image\" content=\"https:\/\/www.rucashk.com\/wp-content\/uploads\/replace\/503b8e645f128a97ccde2b6290747646.jpeg\" \/>\n\t\t<script type=\"application\/ld+json\" class=\"aioseo-schema\">\n\t\t\t{\"@context\":\"https:\\\/\\\/schema.org\",\"@graph\":[{\"@type\":\"BreadcrumbList\",\"@id\":\"https:\\\/\\\/www.rucashk.com\\\/pt\\\/produto\\\/razer-huntsman-v2-keyboards\\\/#breadcrumblist\",\"itemListElement\":[{\"@type\":\"ListItem\",\"@id\":\"https:\\\/\\\/www.rucashk.com\\\/pt\\\/#listItem\",\"position\":1,\"name\":\"Home\",\"item\":\"https:\\\/\\\/www.rucashk.com\\\/pt\\\/\",\"nextItem\":\"https:\\\/\\\/www.rucashk.com\\\/pt\\\/produto\\\/razer-huntsman-v2-keyboards\\\/#listItem\"},{\"@type\":\"ListItem\",\"@id\":\"https:\\\/\\\/www.rucashk.com\\\/pt\\\/produto\\\/razer-huntsman-v2-keyboards\\\/#listItem\",\"position\":2,\"name\":\"Razer Huntsman V2 Keyboards\",\"previousItem\":\"https:\\\/\\\/www.rucashk.com\\\/pt\\\/#listItem\"}]},{\"@type\":\"Organization\",\"@id\":\"https:\\\/\\\/www.rucashk.com\\\/pt\\\/#organization\",\"name\":\"Rucas\",\"url\":\"https:\\\/\\\/www.rucashk.com\\\/pt\\\/\",\"logo\":{\"@type\":\"ImageObject\",\"url\":\"https:\\\/\\\/www.rucashk.com\\\/wp-content\\\/uploads\\\/2023\\\/12\\\/Rucas_campany_logo.png\",\"@id\":\"https:\\\/\\\/www.rucashk.com\\\/pt\\\/produto\\\/razer-huntsman-v2-keyboards\\\/#organizationLogo\",\"width\":221,\"height\":65},\"image\":{\"@id\":\"https:\\\/\\\/www.rucashk.com\\\/pt\\\/#organizationLogo\"}},{\"@type\":\"Person\",\"@id\":\"https:\\\/\\\/www.rucashk.com\\\/pt\\\/author\\\/admin\\\/#author\",\"url\":\"https:\\\/\\\/www.rucashk.com\\\/pt\\\/author\\\/admin\\\/\",\"name\":\"admin\",\"image\":{\"@type\":\"ImageObject\",\"@id\":\"https:\\\/\\\/www.rucashk.com\\\/pt\\\/produto\\\/razer-huntsman-v2-keyboards\\\/#authorImage\",\"url\":\"https:\\\/\\\/secure.gravatar.com\\\/avatar\\\/b7c8925b09a27e72b30232f8ecaadbd5af0f70a38c78096863fe51b64f031c24?s=96&d=mm&r=g\",\"width\":96,\"height\":96,\"caption\":\"admin\"}},{\"@type\":\"WebPage\",\"@id\":\"https:\\\/\\\/www.rucashk.com\\\/pt\\\/produto\\\/razer-huntsman-v2-keyboards\\\/#webpage\",\"url\":\"https:\\\/\\\/www.rucashk.com\\\/pt\\\/produto\\\/razer-huntsman-v2-keyboards\\\/\",\"name\":\"Razer Huntsman V2 Keyboards - Rucas - Wholesale and Distribution\",\"description\":\"Razer\\u2122 HyperPolling Technology with up to true 8000 Hz polling rate Fully programmable keys with on-the-fly macro recording N-key roll-over with anti-ghosting Gaming mode option Aluminum matte top plate\",\"inLanguage\":\"pt-PT\",\"isPartOf\":{\"@id\":\"https:\\\/\\\/www.rucashk.com\\\/pt\\\/#website\"},\"breadcrumb\":{\"@id\":\"https:\\\/\\\/www.rucashk.com\\\/pt\\\/produto\\\/razer-huntsman-v2-keyboards\\\/#breadcrumblist\"},\"author\":{\"@id\":\"https:\\\/\\\/www.rucashk.com\\\/pt\\\/author\\\/admin\\\/#author\"},\"creator\":{\"@id\":\"https:\\\/\\\/www.rucashk.com\\\/pt\\\/author\\\/admin\\\/#author\"},\"image\":{\"@type\":\"ImageObject\",\"url\":\"https:\\\/\\\/www.rucashk.com\\\/wp-content\\\/uploads\\\/2024\\\/01\\\/10003-41-1.jpg\",\"@id\":\"https:\\\/\\\/www.rucashk.com\\\/pt\\\/produto\\\/razer-huntsman-v2-keyboards\\\/#mainImage\",\"width\":800,\"height\":800},\"primaryImageOfPage\":{\"@id\":\"https:\\\/\\\/www.rucashk.com\\\/pt\\\/produto\\\/razer-huntsman-v2-keyboards\\\/#mainImage\"},\"datePublished\":\"2024-01-09T16:43:21+00:00\",\"dateModified\":\"2025-06-21T05:52:02+00:00\"},{\"@type\":\"WebSite\",\"@id\":\"https:\\\/\\\/www.rucashk.com\\\/pt\\\/#website\",\"url\":\"https:\\\/\\\/www.rucashk.com\\\/pt\\\/\",\"name\":\"Rucas - Wholesale and distribution worldwide\",\"alternateName\":\"Rucas - One-stop AIoT Distribution Worldwide\",\"description\":\"One-stop AIoT Distribution Worldwide\",\"inLanguage\":\"pt-PT\",\"publisher\":{\"@id\":\"https:\\\/\\\/www.rucashk.com\\\/pt\\\/#organization\"}}]}\n\t\t<\/script>\n\t\t<!-- All in One SEO Pro -->\r\n\t\t<title>Razer Huntsman V2 Keyboards - Rucas - Wholesale and Distribution<\/title>\n\n","aioseo_head_json":{"title":"Razer Huntsman V2 Keyboards - Rucas - Wholesale and Distribution","description":"Razer\u2122 HyperPolling Technology with up to true 8000 Hz polling rate Fully programmable keys with on-the-fly macro recording N-key roll-over with anti-ghosting Gaming mode option Aluminum matte top plate","canonical_url":"https:\/\/www.rucashk.com\/pt\/produto\/razer-huntsman-v2-keyboards\/","robots":"max-image-preview:large","keywords":"","webmasterTools":{"miscellaneous":""},"og:locale":"pt_PT","og:site_name":"Rucas - One-stop AIoT Distribution Worldwide","og:type":"article","og:title":"Razer Huntsman V2 Keyboards - Rucas - Wholesale and Distribution","og:description":"Razer\u2122 HyperPolling Technology with up to true 8000 Hz polling rate Fully programmable keys with on-the-fly macro recording N-key roll-over with anti-ghosting Gaming mode option Aluminum matte top plate","og:url":"https:\/\/www.rucashk.com\/pt\/produto\/razer-huntsman-v2-keyboards\/","og:image":"https:\/\/www.rucashk.com\/wp-content\/uploads\/replace\/503b8e645f128a97ccde2b6290747646.jpeg","og:image:secure_url":"https:\/\/www.rucashk.com\/wp-content\/uploads\/replace\/503b8e645f128a97ccde2b6290747646.jpeg","og:image:width":1456,"og:image:height":816,"article:published_time":"2024-01-09T16:43:21+00:00","article:modified_time":"2025-06-21T05:52:02+00:00","twitter:card":"summary_large_image","twitter:title":"Razer Huntsman V2 Keyboards - Rucas - Wholesale and Distribution","twitter:description":"Razer\u2122 HyperPolling Technology with up to true 8000 Hz polling rate Fully programmable keys with on-the-fly macro recording N-key roll-over with anti-ghosting Gaming mode option Aluminum matte top plate","twitter:image":"https:\/\/www.rucashk.com\/wp-content\/uploads\/replace\/503b8e645f128a97ccde2b6290747646.jpeg","schema":{"@context":"https:\/\/schema.org","@graph":[{"@type":"BreadcrumbList","@id":"https:\/\/www.rucashk.com\/pt\/produto\/razer-huntsman-v2-keyboards\/#breadcrumblist","itemListElement":[{"@type":"ListItem","@id":"https:\/\/www.rucashk.com\/pt\/#listItem","position":1,"name":"Home","item":"https:\/\/www.rucashk.com\/pt\/","nextItem":"https:\/\/www.rucashk.com\/pt\/produto\/razer-huntsman-v2-keyboards\/#listItem"},{"@type":"ListItem","@id":"https:\/\/www.rucashk.com\/pt\/produto\/razer-huntsman-v2-keyboards\/#listItem","position":2,"name":"Razer Huntsman V2 Keyboards","previousItem":"https:\/\/www.rucashk.com\/pt\/#listItem"}]},{"@type":"Organization","@id":"https:\/\/www.rucashk.com\/pt\/#organization","name":"Rucas","url":"https:\/\/www.rucashk.com\/pt\/","logo":{"@type":"ImageObject","url":"https:\/\/www.rucashk.com\/wp-content\/uploads\/2023\/12\/Rucas_campany_logo.png","@id":"https:\/\/www.rucashk.com\/pt\/produto\/razer-huntsman-v2-keyboards\/#organizationLogo","width":221,"height":65},"image":{"@id":"https:\/\/www.rucashk.com\/pt\/#organizationLogo"}},{"@type":"Person","@id":"https:\/\/www.rucashk.com\/pt\/author\/admin\/#author","url":"https:\/\/www.rucashk.com\/pt\/author\/admin\/","name":"admin","image":{"@type":"ImageObject","@id":"https:\/\/www.rucashk.com\/pt\/produto\/razer-huntsman-v2-keyboards\/#authorImage","url":"https:\/\/secure.gravatar.com\/avatar\/b7c8925b09a27e72b30232f8ecaadbd5af0f70a38c78096863fe51b64f031c24?s=96&d=mm&r=g","width":96,"height":96,"caption":"admin"}},{"@type":"WebPage","@id":"https:\/\/www.rucashk.com\/pt\/produto\/razer-huntsman-v2-keyboards\/#webpage","url":"https:\/\/www.rucashk.com\/pt\/produto\/razer-huntsman-v2-keyboards\/","name":"Razer Huntsman V2 Keyboards - Rucas - Wholesale and Distribution","description":"Razer\u2122 HyperPolling Technology with up to true 8000 Hz polling rate Fully programmable keys with on-the-fly macro recording N-key roll-over with anti-ghosting Gaming mode option Aluminum matte top plate","inLanguage":"pt-PT","isPartOf":{"@id":"https:\/\/www.rucashk.com\/pt\/#website"},"breadcrumb":{"@id":"https:\/\/www.rucashk.com\/pt\/produto\/razer-huntsman-v2-keyboards\/#breadcrumblist"},"author":{"@id":"https:\/\/www.rucashk.com\/pt\/author\/admin\/#author"},"creator":{"@id":"https:\/\/www.rucashk.com\/pt\/author\/admin\/#author"},"image":{"@type":"ImageObject","url":"https:\/\/www.rucashk.com\/wp-content\/uploads\/2024\/01\/10003-41-1.jpg","@id":"https:\/\/www.rucashk.com\/pt\/produto\/razer-huntsman-v2-keyboards\/#mainImage","width":800,"height":800},"primaryImageOfPage":{"@id":"https:\/\/www.rucashk.com\/pt\/produto\/razer-huntsman-v2-keyboards\/#mainImage"},"datePublished":"2024-01-09T16:43:21+00:00","dateModified":"2025-06-21T05:52:02+00:00"},{"@type":"WebSite","@id":"https:\/\/www.rucashk.com\/pt\/#website","url":"https:\/\/www.rucashk.com\/pt\/","name":"Rucas - Wholesale and distribution worldwide","alternateName":"Rucas - One-stop AIoT Distribution Worldwide","description":"One-stop AIoT Distribution Worldwide","inLanguage":"pt-PT","publisher":{"@id":"https:\/\/www.rucashk.com\/pt\/#organization"}}]}},"aioseo_meta_data":{"post_id":"27642","title":null,"description":null,"keywords":null,"keyphrases":null,"primary_term":null,"canonical_url":null,"og_title":null,"og_description":null,"og_object_type":"default","og_image_type":"default","og_image_url":null,"og_image_width":null,"og_image_height":null,"og_image_custom_url":null,"og_image_custom_fields":null,"og_video":"","og_custom_url":null,"og_article_section":null,"og_article_tags":null,"twitter_use_og":false,"twitter_card":"default","twitter_image_type":"default","twitter_image_url":null,"twitter_image_custom_url":null,"twitter_image_custom_fields":null,"twitter_title":null,"twitter_description":null,"schema":{"blockGraphs":[],"customGraphs":[],"default":{"data":{"Article":[],"Course":[],"Dataset":[],"FAQPage":[],"Movie":[],"Person":[],"Product":[],"Recipe":[],"Service":[],"SoftwareApplication":[],"WebPage":[]},"graphName":"","isEnabled":true},"graphs":[]},"schema_type":"default","schema_type_options":null,"pillar_content":false,"robots_default":true,"robots_noindex":false,"robots_noarchive":false,"robots_nosnippet":false,"robots_nofollow":false,"robots_noimageindex":false,"robots_noodp":false,"robots_notranslate":false,"robots_max_snippet":"-1","robots_max_videopreview":"-1","robots_max_imagepreview":"large","priority":null,"frequency":"default","local_seo":null,"breadcrumb_settings":null,"limit_modified_date":false,"created":"2024-04-11 01:57:22","updated":"2025-06-22 18:40:56"},"aioseo_breadcrumb":"<div class=\"aioseo-breadcrumbs\"><span class=\"aioseo-breadcrumb\">\n\t<a href=\"https:\/\/www.rucashk.com\/pt\" title=\"Home\">Home<\/a>\n<\/span><span class=\"aioseo-breadcrumb-separator\">&raquo;<\/span><span class=\"aioseo-breadcrumb\">\n\t<a href=\"https:\/\/www.rucashk.com\/pt\/products\/\" title=\"Produtos\">Produtos<\/a>\n<\/span><span class=\"aioseo-breadcrumb-separator\">&raquo;<\/span><span class=\"aioseo-breadcrumb\">\n\t<a href=\"https:\/\/www.rucashk.com\/pt\/marca\/razer\/\" title=\"Razer\">Razer<\/a>\n<\/span><span class=\"aioseo-breadcrumb-separator\">&raquo;<\/span><span class=\"aioseo-breadcrumb\">\n\tRazer Huntsman V2 Keyboards\n<\/span><\/div>","aioseo_breadcrumb_json":[{"label":"Home","link":"https:\/\/www.rucashk.com\/pt"},{"label":"Produtos","link":"https:\/\/www.rucashk.com\/pt\/products\/"},{"label":"Razer","link":"https:\/\/www.rucashk.com\/pt\/marca\/razer\/"},{"label":"Razer Huntsman V2 Keyboards","link":"https:\/\/www.rucashk.com\/pt\/produto\/razer-huntsman-v2-keyboards\/"}],"_links":{"self":[{"href":"https:\/\/www.rucashk.com\/pt\/wp-json\/wp\/v2\/product\/27642","targetHints":{"allow":["GET"]}}],"collection":[{"href":"https:\/\/www.rucashk.com\/pt\/wp-json\/wp\/v2\/product"}],"about":[{"href":"https:\/\/www.rucashk.com\/pt\/wp-json\/wp\/v2\/types\/product"}],"wp:featuredmedia":[{"embeddable":true,"href":"https:\/\/www.rucashk.com\/pt\/wp-json\/wp\/v2\/media\/27808"}],"wp:attachment":[{"href":"https:\/\/www.rucashk.com\/pt\/wp-json\/wp\/v2\/media?parent=27642"}],"wp:term":[{"taxonomy":"product_brand","embeddable":true,"href":"https:\/\/www.rucashk.com\/pt\/wp-json\/wp\/v2\/product_brand?post=27642"},{"taxonomy":"product_cat","embeddable":true,"href":"https:\/\/www.rucashk.com\/pt\/wp-json\/wp\/v2\/product_cat?post=27642"},{"taxonomy":"product_tag","embeddable":true,"href":"https:\/\/www.rucashk.com\/pt\/wp-json\/wp\/v2\/product_tag?post=27642"}],"curies":[{"name":"wp","href":"https:\/\/api.w.org\/{rel}","templated":true}]}}