{"id":27641,"date":"2024-01-09T16:43:20","date_gmt":"2024-01-09T16:43:20","guid":{"rendered":"http:\/\/rucashk.com\/?post_type=product&#038;p=27641"},"modified":"2025-06-21T05:52:34","modified_gmt":"2025-06-21T05:52:34","slug":"razer-blackwidow-v3-mini-hyperspeed-phantom-edition-keyboards","status":"publish","type":"product","link":"https:\/\/www.rucashk.com\/pt\/produto\/razer-blackwidow-v3-mini-hyperspeed-phantom-edition-keyboards\/","title":{"rendered":"Razer BlackWidow V3 Mini HyperSpeed \u2013 Teclados Phantom Edition"},"content":{"rendered":"<p align=\"center\"><strong><span data-spm-anchor-id=\"a2g0o.detail.1000023.i0.1b68mfFxmfFxUL\">RAZER VI\u00daVA NEGRA V3 MINI HIPERVELOCIDADE<\/span><\/strong><\/p>\n<p align=\"center\">LIBERDADE ATRAV\u00c9S DA FORMA<\/p>\n<p align=\"center\">Compacto o suficiente para qualquer espa\u00e7o e vers\u00e1til o suficiente para todas as configura\u00e7\u00f5es \u2013 este \u00e9 o Razer BlackWidow V3 Mini HyperSpeed. Desfrute de jogos cont\u00ednuos em um pacote elegante com um teclado mec\u00e2nico para jogos sem fio 65% que oferece o equil\u00edbrio perfeito entre forma e fun\u00e7\u00e3o.<\/p>\n<p><img decoding=\"async\" alt=\"Razer BlackWidow V3 Mini HyperSpeed - Phantom Edition Keyboards\" class=\"aligncenter\" src=\"\/wp-content\/uploads\/replace\/e4419a9703f757241bd33aa9b4a16221.jpeg\" \/><\/p>\n<p align=\"center\"><strong>FATOR DE FORMA 65%<\/strong><\/p>\n<p align=\"center\"><strong>Para desempenho elegante e compacto<\/strong><\/p>\n<p align=\"center\">Sem linha de fun\u00e7\u00f5es, cluster inicial e teclado num\u00e9rico, este teclado \u00e9 semelhante a um teclado 60%, mas com uma diferen\u00e7a fundamental: ainda possui teclas de setas. Ao manter mais funcionalidade e ao mesmo tempo compacto, o Razer BlackWidow V3 Mini HyperSpeed \u00e9 ideal para configura\u00e7\u00f5es minimalistas ou menores onde o espa\u00e7o na mesa \u00e9 valioso.<\/p>\n<p><img decoding=\"async\" alt=\"Razer BlackWidow V3 Mini HyperSpeed - Phantom Edition Keyboards\" class=\"aligncenter\" src=\"\/wp-content\/uploads\/replace\/604de1764f64ba681e36d124da34d9f8.jpeg\" \/><\/p>\n<p align=\"center\"><strong>TECNOLOGIA SEM FIO DE HIPERVELOCIDADE RAZER\u2122<\/strong><\/p>\n<p align=\"center\">Para jogos sem fio de baixa lat\u00eancia<\/p>\n<p align=\"center\">Este teclado mec\u00e2nico para jogos sem fio 65% vem equipado com nossa mais avan\u00e7ada tecnologia sem fio para jogos de baixa lat\u00eancia e entradas hiperresponsivas - possibilitadas por meio de um protocolo de dados otimizado, frequ\u00eancia de r\u00e1dio ultrarr\u00e1pida e comuta\u00e7\u00e3o de frequ\u00eancia cont\u00ednua nos ambientes mais barulhentos e saturados de dados. . Com nosso suporte para v\u00e1rios dispositivos, simplifique sua configura\u00e7\u00e3o conectando seu mouse e teclado sem fio a um \u00fanico dongle \u2013 um recurso que pode ser ativado em nossos mais recentes perif\u00e9ricos Razer HyperSpeed<\/p>\n<p><img decoding=\"async\" alt=\"Razer BlackWidow V3 Mini HyperSpeed - Phantom Edition Keyboards\" class=\"aligncenter\" src=\"\/wp-content\/uploads\/replace\/93359caf20144e6ed16e0a32d64e9ef5.jpeg\" \/><\/p>\n<p align=\"center\"><strong>3 MODOS DE CONEX\u00c3O<\/strong><\/p>\n<p align=\"center\">SUPORTE PARA M\u00daLTIPLOS DISPOSITIVOS DE HIPERVELOCIDADE RAZER\u2122<\/p>\n<p align=\"center\">Simplifique sua configura\u00e7\u00e3o e libere uma porta USB conectando seu mouse e teclado sem fio a um \u00fanico dongle \u2013 um recurso que pode ser ativado em nossos mais recentes perif\u00e9ricos Razer HyperSpeed.<\/p>\n<p><img decoding=\"async\" alt=\"Razer BlackWidow V3 Mini HyperSpeed - Phantom Edition Keyboards\" class=\"aligncenter\" src=\"\/wp-content\/uploads\/replace\/446c93f2f5b63f42193bf149208a4cb5.jpeg\" \/><\/p>\n<p>&nbsp;<\/p>\n<div class=\"title--wrap--wDzGayX\">\n<div class=\"title--text--Lx66GPw\">\n<h1 class=\"title--title--RN9Pt03\">Especifica\u00e7\u00f5es<\/h1>\n<\/div>\n<\/div>\n<ul class=\"specification--list--fiWsSyv\">\n<li class=\"specification--line--iUJOqof\">\n<div class=\"specification--prop--RejitI8\">\n<div class=\"specification--title--UbVeyic\">Material do teclado: pl\u00e1stico ABS<\/div>\n<\/div>\n<div class=\"specification--prop--RejitI8\">\n<div class=\"specification--title--UbVeyic\">Teclado de tamanho completo: N\u00e3o<\/div>\n<\/div>\n<\/li>\n<li class=\"specification--line--iUJOqof\">\n<div class=\"specification--prop--RejitI8\">\n<div class=\"specification--title--UbVeyic\">Pacote: Sim<\/div>\n<\/div>\n<div class=\"specification--prop--RejitI8\">\n<div class=\"specification--title--UbVeyic\">Suporte de pulso: N\u00e3o<\/div>\n<\/div>\n<\/li>\n<li class=\"specification--line--iUJOqof\">\n<div class=\"specification--prop--RejitI8\">\n<div class=\"specification--title--UbVeyic\">Estilo: Mini<\/div>\n<\/div>\n<div class=\"specification--prop--RejitI8\">\n<div class=\"specification--title--UbVeyic\">Tipo de interface: USB, Bluetooth<\/div>\n<\/div>\n<\/li>\n<li class=\"specification--line--iUJOqof\">\n<div class=\"specification--prop--RejitI8\">\n<div class=\"specification--title--UbVeyic\">Estilo de Opera\u00e7\u00e3o: Mec\u00e2nico<\/div>\n<\/div>\n<div class=\"specification--prop--RejitI8\">\n<div class=\"specification--title--UbVeyic\">L\u00edngua inglesa<\/div>\n<\/div>\n<\/li>\n<li class=\"specification--line--iUJOqof\">\n<div class=\"specification--prop--RejitI8\">\n<div class=\"specification--title--UbVeyic\">Padr\u00e3o de teclado: 68 teclas<\/div>\n<\/div>\n<div class=\"specification--prop--RejitI8\">\n<div class=\"specification--title--UbVeyic\">Aplica\u00e7\u00e3o: desktop, laptop<\/div>\n<\/div>\n<\/li>\n<li class=\"specification--line--iUJOqof\">\n<div class=\"specification--prop--RejitI8\">\n<div class=\"specification--title--UbVeyic\">Tipo: 2,4 GHz sem fio<\/div>\n<\/div>\n<div class=\"specification--prop--RejitI8\">\n<div class=\"specification--title--UbVeyic\">Marca: Razer<\/div>\n<\/div>\n<\/li>\n<li class=\"specification--line--iUJOqof\">\n<div class=\"specification--prop--RejitI8\">\n<div class=\"specification--title--UbVeyic\">Origem: China Continental<\/div>\n<\/div>\n<div class=\"specification--prop--RejitI8\">\n<div class=\"specification--title--UbVeyic\">Certifica\u00e7\u00e3o: CE<\/div>\n<\/div>\n<\/li>\n<\/ul>","protected":false},"excerpt":{"rendered":"<p>Razer\u2122 HyperSpeed Wireless Technology<\/p>\n<p>Razer\u2122 HyperSpeed Multi-device Support<\/p>\n<p>80 million keystroke lifespan<\/p>\n<p>Razer Synapse 3 enabled<\/p>\n<p>N-key roll-over<\/p>\n<p>Teclas totalmente program\u00e1veis com grava\u00e7\u00e3o de macro em tempo real<\/p>\n<p>Op\u00e7\u00e3o de modo de jogo<\/p>\n<p>1000 Hz Ultrapolling<\/p>\n<p data-spm-anchor-id=\"a2g0o.detail.1000023.i1.1b68mfFxmfFxUL\">Constru\u00e7\u00e3o em alum\u00ednio<\/p>","protected":false},"featured_media":27797,"template":"","meta":[],"product_brand":[1379],"product_cat":[1322,1331],"product_tag":[],"class_list":{"0":"post-27641","1":"product","2":"type-product","3":"status-publish","4":"has-post-thumbnail","6":"product_brand-razer","7":"product_cat-other-a-brands","8":"product_cat-razer-other-a-brands","10":"first","11":"instock","12":"shipping-taxable","13":"product-type-simple"},"aioseo_notices":[],"aioseo_head":"\n\t\t<!-- All in One SEO Pro 4.5.9.2 - aioseo.com -->\n\t\t<meta name=\"description\" content=\"Razer\u2122 HyperSpeed Wireless Technology Razer\u2122 HyperSpeed Multi-device Support 80 million keystroke lifespan Razer Synapse 3 enabled N-key roll-over Fully programmable keys with on-the-fly macro recording Gaming mode option 1000 Hz Ultrapolling Aluminum construction\" \/>\n\t\t<meta name=\"robots\" content=\"max-image-preview:large\" \/>\n\t\t<link rel=\"canonical\" href=\"https:\/\/www.rucashk.com\/pt\/produto\/razer-blackwidow-v3-mini-hyperspeed-phantom-edition-keyboards\/\" \/>\n\t\t<meta name=\"generator\" content=\"All in One SEO Pro (AIOSEO) 4.5.9.2\" \/>\n\t\t<meta property=\"og:locale\" content=\"pt_PT\" \/>\n\t\t<meta property=\"og:site_name\" content=\"Rucas - One-stop AIoT Distribution Worldwide\" \/>\n\t\t<meta property=\"og:type\" content=\"article\" \/>\n\t\t<meta property=\"og:title\" content=\"Razer BlackWidow V3 Mini HyperSpeed \u2013 Phantom Edition Keyboards - Rucas - Wholesale and Distribution\" \/>\n\t\t<meta property=\"og:description\" content=\"Razer\u2122 HyperSpeed Wireless Technology Razer\u2122 HyperSpeed Multi-device Support 80 million keystroke lifespan Razer Synapse 3 enabled N-key roll-over Fully programmable keys with on-the-fly macro recording Gaming mode option 1000 Hz Ultrapolling Aluminum construction\" \/>\n\t\t<meta property=\"og:url\" content=\"https:\/\/www.rucashk.com\/pt\/produto\/razer-blackwidow-v3-mini-hyperspeed-phantom-edition-keyboards\/\" \/>\n\t\t<meta property=\"og:image\" content=\"https:\/\/www.rucashk.com\/wp-content\/uploads\/replace\/503b8e645f128a97ccde2b6290747646.jpeg\" \/>\n\t\t<meta property=\"og:image:secure_url\" content=\"https:\/\/www.rucashk.com\/wp-content\/uploads\/replace\/503b8e645f128a97ccde2b6290747646.jpeg\" \/>\n\t\t<meta property=\"og:image:width\" content=\"1456\" \/>\n\t\t<meta property=\"og:image:height\" content=\"816\" \/>\n\t\t<meta property=\"article:published_time\" content=\"2024-01-09T16:43:20+00:00\" \/>\n\t\t<meta property=\"article:modified_time\" content=\"2025-06-21T05:52:34+00:00\" \/>\n\t\t<meta name=\"twitter:card\" content=\"summary_large_image\" \/>\n\t\t<meta name=\"twitter:title\" content=\"Razer BlackWidow V3 Mini HyperSpeed \u2013 Phantom Edition Keyboards - Rucas - Wholesale and Distribution\" \/>\n\t\t<meta name=\"twitter:description\" content=\"Razer\u2122 HyperSpeed Wireless Technology Razer\u2122 HyperSpeed Multi-device Support 80 million keystroke lifespan Razer Synapse 3 enabled N-key roll-over Fully programmable keys with on-the-fly macro recording Gaming mode option 1000 Hz Ultrapolling Aluminum construction\" \/>\n\t\t<meta name=\"twitter:image\" content=\"https:\/\/www.rucashk.com\/wp-content\/uploads\/replace\/503b8e645f128a97ccde2b6290747646.jpeg\" \/>\n\t\t<script type=\"application\/ld+json\" class=\"aioseo-schema\">\n\t\t\t{\"@context\":\"https:\\\/\\\/schema.org\",\"@graph\":[{\"@type\":\"BreadcrumbList\",\"@id\":\"https:\\\/\\\/www.rucashk.com\\\/pt\\\/produto\\\/razer-blackwidow-v3-mini-hyperspeed-phantom-edition-keyboards\\\/#breadcrumblist\",\"itemListElement\":[{\"@type\":\"ListItem\",\"@id\":\"https:\\\/\\\/www.rucashk.com\\\/pt\\\/#listItem\",\"position\":1,\"name\":\"Home\",\"item\":\"https:\\\/\\\/www.rucashk.com\\\/pt\\\/\",\"nextItem\":\"https:\\\/\\\/www.rucashk.com\\\/pt\\\/produto\\\/razer-blackwidow-v3-mini-hyperspeed-phantom-edition-keyboards\\\/#listItem\"},{\"@type\":\"ListItem\",\"@id\":\"https:\\\/\\\/www.rucashk.com\\\/pt\\\/produto\\\/razer-blackwidow-v3-mini-hyperspeed-phantom-edition-keyboards\\\/#listItem\",\"position\":2,\"name\":\"Razer BlackWidow V3 Mini HyperSpeed - Phantom Edition Keyboards\",\"previousItem\":\"https:\\\/\\\/www.rucashk.com\\\/pt\\\/#listItem\"}]},{\"@type\":\"Organization\",\"@id\":\"https:\\\/\\\/www.rucashk.com\\\/pt\\\/#organization\",\"name\":\"Rucas\",\"url\":\"https:\\\/\\\/www.rucashk.com\\\/pt\\\/\",\"logo\":{\"@type\":\"ImageObject\",\"url\":\"https:\\\/\\\/www.rucashk.com\\\/wp-content\\\/uploads\\\/2023\\\/12\\\/Rucas_campany_logo.png\",\"@id\":\"https:\\\/\\\/www.rucashk.com\\\/pt\\\/produto\\\/razer-blackwidow-v3-mini-hyperspeed-phantom-edition-keyboards\\\/#organizationLogo\",\"width\":221,\"height\":65},\"image\":{\"@id\":\"https:\\\/\\\/www.rucashk.com\\\/pt\\\/#organizationLogo\"}},{\"@type\":\"Person\",\"@id\":\"https:\\\/\\\/www.rucashk.com\\\/pt\\\/author\\\/admin\\\/#author\",\"url\":\"https:\\\/\\\/www.rucashk.com\\\/pt\\\/author\\\/admin\\\/\",\"name\":\"admin\",\"image\":{\"@type\":\"ImageObject\",\"@id\":\"https:\\\/\\\/www.rucashk.com\\\/pt\\\/produto\\\/razer-blackwidow-v3-mini-hyperspeed-phantom-edition-keyboards\\\/#authorImage\",\"url\":\"https:\\\/\\\/secure.gravatar.com\\\/avatar\\\/b7c8925b09a27e72b30232f8ecaadbd5af0f70a38c78096863fe51b64f031c24?s=96&d=mm&r=g\",\"width\":96,\"height\":96,\"caption\":\"admin\"}},{\"@type\":\"WebPage\",\"@id\":\"https:\\\/\\\/www.rucashk.com\\\/pt\\\/produto\\\/razer-blackwidow-v3-mini-hyperspeed-phantom-edition-keyboards\\\/#webpage\",\"url\":\"https:\\\/\\\/www.rucashk.com\\\/pt\\\/produto\\\/razer-blackwidow-v3-mini-hyperspeed-phantom-edition-keyboards\\\/\",\"name\":\"Razer BlackWidow V3 Mini HyperSpeed \\u2013 Phantom Edition Keyboards - Rucas - Wholesale and Distribution\",\"description\":\"Razer\\u2122 HyperSpeed Wireless Technology Razer\\u2122 HyperSpeed Multi-device Support 80 million keystroke lifespan Razer Synapse 3 enabled N-key roll-over Fully programmable keys with on-the-fly macro recording Gaming mode option 1000 Hz Ultrapolling Aluminum construction\",\"inLanguage\":\"pt-PT\",\"isPartOf\":{\"@id\":\"https:\\\/\\\/www.rucashk.com\\\/pt\\\/#website\"},\"breadcrumb\":{\"@id\":\"https:\\\/\\\/www.rucashk.com\\\/pt\\\/produto\\\/razer-blackwidow-v3-mini-hyperspeed-phantom-edition-keyboards\\\/#breadcrumblist\"},\"author\":{\"@id\":\"https:\\\/\\\/www.rucashk.com\\\/pt\\\/author\\\/admin\\\/#author\"},\"creator\":{\"@id\":\"https:\\\/\\\/www.rucashk.com\\\/pt\\\/author\\\/admin\\\/#author\"},\"image\":{\"@type\":\"ImageObject\",\"url\":\"https:\\\/\\\/www.rucashk.com\\\/wp-content\\\/uploads\\\/2024\\\/01\\\/10001-43-1.jpg\",\"@id\":\"https:\\\/\\\/www.rucashk.com\\\/pt\\\/produto\\\/razer-blackwidow-v3-mini-hyperspeed-phantom-edition-keyboards\\\/#mainImage\",\"width\":800,\"height\":800},\"primaryImageOfPage\":{\"@id\":\"https:\\\/\\\/www.rucashk.com\\\/pt\\\/produto\\\/razer-blackwidow-v3-mini-hyperspeed-phantom-edition-keyboards\\\/#mainImage\"},\"datePublished\":\"2024-01-09T16:43:20+00:00\",\"dateModified\":\"2025-06-21T05:52:34+00:00\"},{\"@type\":\"WebSite\",\"@id\":\"https:\\\/\\\/www.rucashk.com\\\/pt\\\/#website\",\"url\":\"https:\\\/\\\/www.rucashk.com\\\/pt\\\/\",\"name\":\"Rucas - Wholesale and distribution worldwide\",\"alternateName\":\"Rucas - One-stop AIoT Distribution Worldwide\",\"description\":\"One-stop AIoT Distribution Worldwide\",\"inLanguage\":\"pt-PT\",\"publisher\":{\"@id\":\"https:\\\/\\\/www.rucashk.com\\\/pt\\\/#organization\"}}]}\n\t\t<\/script>\n\t\t<!-- All in One SEO Pro -->\r\n\t\t<title>Razer BlackWidow V3 Mini HyperSpeed \u2013 Phantom Edition Keyboards - Rucas - Wholesale and Distribution<\/title>\n\n","aioseo_head_json":{"title":"Razer BlackWidow V3 Mini HyperSpeed \u2013 Phantom Edition Keyboards - Rucas - Wholesale and Distribution","description":"Razer\u2122 HyperSpeed Wireless Technology Razer\u2122 HyperSpeed Multi-device Support 80 million keystroke lifespan Razer Synapse 3 enabled N-key roll-over Fully programmable keys with on-the-fly macro recording Gaming mode option 1000 Hz Ultrapolling Aluminum construction","canonical_url":"https:\/\/www.rucashk.com\/pt\/produto\/razer-blackwidow-v3-mini-hyperspeed-phantom-edition-keyboards\/","robots":"max-image-preview:large","keywords":"","webmasterTools":{"miscellaneous":""},"og:locale":"pt_PT","og:site_name":"Rucas - One-stop AIoT Distribution Worldwide","og:type":"article","og:title":"Razer BlackWidow V3 Mini HyperSpeed \u2013 Phantom Edition Keyboards - Rucas - Wholesale and Distribution","og:description":"Razer\u2122 HyperSpeed Wireless Technology Razer\u2122 HyperSpeed Multi-device Support 80 million keystroke lifespan Razer Synapse 3 enabled N-key roll-over Fully programmable keys with on-the-fly macro recording Gaming mode option 1000 Hz Ultrapolling Aluminum construction","og:url":"https:\/\/www.rucashk.com\/pt\/produto\/razer-blackwidow-v3-mini-hyperspeed-phantom-edition-keyboards\/","og:image":"https:\/\/www.rucashk.com\/wp-content\/uploads\/replace\/503b8e645f128a97ccde2b6290747646.jpeg","og:image:secure_url":"https:\/\/www.rucashk.com\/wp-content\/uploads\/replace\/503b8e645f128a97ccde2b6290747646.jpeg","og:image:width":1456,"og:image:height":816,"article:published_time":"2024-01-09T16:43:20+00:00","article:modified_time":"2025-06-21T05:52:34+00:00","twitter:card":"summary_large_image","twitter:title":"Razer BlackWidow V3 Mini HyperSpeed \u2013 Phantom Edition Keyboards - Rucas - Wholesale and Distribution","twitter:description":"Razer\u2122 HyperSpeed Wireless Technology Razer\u2122 HyperSpeed Multi-device Support 80 million keystroke lifespan Razer Synapse 3 enabled N-key roll-over Fully programmable keys with on-the-fly macro recording Gaming mode option 1000 Hz Ultrapolling Aluminum construction","twitter:image":"https:\/\/www.rucashk.com\/wp-content\/uploads\/replace\/503b8e645f128a97ccde2b6290747646.jpeg","schema":{"@context":"https:\/\/schema.org","@graph":[{"@type":"BreadcrumbList","@id":"https:\/\/www.rucashk.com\/pt\/produto\/razer-blackwidow-v3-mini-hyperspeed-phantom-edition-keyboards\/#breadcrumblist","itemListElement":[{"@type":"ListItem","@id":"https:\/\/www.rucashk.com\/pt\/#listItem","position":1,"name":"Home","item":"https:\/\/www.rucashk.com\/pt\/","nextItem":"https:\/\/www.rucashk.com\/pt\/produto\/razer-blackwidow-v3-mini-hyperspeed-phantom-edition-keyboards\/#listItem"},{"@type":"ListItem","@id":"https:\/\/www.rucashk.com\/pt\/produto\/razer-blackwidow-v3-mini-hyperspeed-phantom-edition-keyboards\/#listItem","position":2,"name":"Razer BlackWidow V3 Mini HyperSpeed - Phantom Edition Keyboards","previousItem":"https:\/\/www.rucashk.com\/pt\/#listItem"}]},{"@type":"Organization","@id":"https:\/\/www.rucashk.com\/pt\/#organization","name":"Rucas","url":"https:\/\/www.rucashk.com\/pt\/","logo":{"@type":"ImageObject","url":"https:\/\/www.rucashk.com\/wp-content\/uploads\/2023\/12\/Rucas_campany_logo.png","@id":"https:\/\/www.rucashk.com\/pt\/produto\/razer-blackwidow-v3-mini-hyperspeed-phantom-edition-keyboards\/#organizationLogo","width":221,"height":65},"image":{"@id":"https:\/\/www.rucashk.com\/pt\/#organizationLogo"}},{"@type":"Person","@id":"https:\/\/www.rucashk.com\/pt\/author\/admin\/#author","url":"https:\/\/www.rucashk.com\/pt\/author\/admin\/","name":"admin","image":{"@type":"ImageObject","@id":"https:\/\/www.rucashk.com\/pt\/produto\/razer-blackwidow-v3-mini-hyperspeed-phantom-edition-keyboards\/#authorImage","url":"https:\/\/secure.gravatar.com\/avatar\/b7c8925b09a27e72b30232f8ecaadbd5af0f70a38c78096863fe51b64f031c24?s=96&d=mm&r=g","width":96,"height":96,"caption":"admin"}},{"@type":"WebPage","@id":"https:\/\/www.rucashk.com\/pt\/produto\/razer-blackwidow-v3-mini-hyperspeed-phantom-edition-keyboards\/#webpage","url":"https:\/\/www.rucashk.com\/pt\/produto\/razer-blackwidow-v3-mini-hyperspeed-phantom-edition-keyboards\/","name":"Razer BlackWidow V3 Mini HyperSpeed \u2013 Phantom Edition Keyboards - Rucas - Wholesale and Distribution","description":"Razer\u2122 HyperSpeed Wireless Technology Razer\u2122 HyperSpeed Multi-device Support 80 million keystroke lifespan Razer Synapse 3 enabled N-key roll-over Fully programmable keys with on-the-fly macro recording Gaming mode option 1000 Hz Ultrapolling Aluminum construction","inLanguage":"pt-PT","isPartOf":{"@id":"https:\/\/www.rucashk.com\/pt\/#website"},"breadcrumb":{"@id":"https:\/\/www.rucashk.com\/pt\/produto\/razer-blackwidow-v3-mini-hyperspeed-phantom-edition-keyboards\/#breadcrumblist"},"author":{"@id":"https:\/\/www.rucashk.com\/pt\/author\/admin\/#author"},"creator":{"@id":"https:\/\/www.rucashk.com\/pt\/author\/admin\/#author"},"image":{"@type":"ImageObject","url":"https:\/\/www.rucashk.com\/wp-content\/uploads\/2024\/01\/10001-43-1.jpg","@id":"https:\/\/www.rucashk.com\/pt\/produto\/razer-blackwidow-v3-mini-hyperspeed-phantom-edition-keyboards\/#mainImage","width":800,"height":800},"primaryImageOfPage":{"@id":"https:\/\/www.rucashk.com\/pt\/produto\/razer-blackwidow-v3-mini-hyperspeed-phantom-edition-keyboards\/#mainImage"},"datePublished":"2024-01-09T16:43:20+00:00","dateModified":"2025-06-21T05:52:34+00:00"},{"@type":"WebSite","@id":"https:\/\/www.rucashk.com\/pt\/#website","url":"https:\/\/www.rucashk.com\/pt\/","name":"Rucas - Wholesale and distribution worldwide","alternateName":"Rucas - One-stop AIoT Distribution Worldwide","description":"One-stop AIoT Distribution Worldwide","inLanguage":"pt-PT","publisher":{"@id":"https:\/\/www.rucashk.com\/pt\/#organization"}}]}},"aioseo_meta_data":{"post_id":"27641","title":null,"description":null,"keywords":null,"keyphrases":null,"primary_term":null,"canonical_url":null,"og_title":null,"og_description":null,"og_object_type":"default","og_image_type":"default","og_image_url":null,"og_image_width":null,"og_image_height":null,"og_image_custom_url":null,"og_image_custom_fields":null,"og_video":"","og_custom_url":null,"og_article_section":null,"og_article_tags":null,"twitter_use_og":false,"twitter_card":"default","twitter_image_type":"default","twitter_image_url":null,"twitter_image_custom_url":null,"twitter_image_custom_fields":null,"twitter_title":null,"twitter_description":null,"schema":{"blockGraphs":[],"customGraphs":[],"default":{"data":{"Article":[],"Course":[],"Dataset":[],"FAQPage":[],"Movie":[],"Person":[],"Product":[],"Recipe":[],"Service":[],"SoftwareApplication":[],"WebPage":[]},"graphName":"","isEnabled":true},"graphs":[]},"schema_type":"default","schema_type_options":null,"pillar_content":false,"robots_default":true,"robots_noindex":false,"robots_noarchive":false,"robots_nosnippet":false,"robots_nofollow":false,"robots_noimageindex":false,"robots_noodp":false,"robots_notranslate":false,"robots_max_snippet":"-1","robots_max_videopreview":"-1","robots_max_imagepreview":"large","priority":null,"frequency":"default","local_seo":null,"breadcrumb_settings":null,"limit_modified_date":false,"created":"2024-04-11 01:57:22","updated":"2025-06-22 18:40:55"},"aioseo_breadcrumb":"<div class=\"aioseo-breadcrumbs\"><span class=\"aioseo-breadcrumb\">\n\t<a href=\"https:\/\/www.rucashk.com\/pt\" title=\"Home\">Home<\/a>\n<\/span><span class=\"aioseo-breadcrumb-separator\">&raquo;<\/span><span class=\"aioseo-breadcrumb\">\n\t<a href=\"https:\/\/www.rucashk.com\/pt\/products\/\" title=\"Produtos\">Produtos<\/a>\n<\/span><span class=\"aioseo-breadcrumb-separator\">&raquo;<\/span><span class=\"aioseo-breadcrumb\">\n\t<a href=\"https:\/\/www.rucashk.com\/pt\/marca\/razer\/\" title=\"Razer\">Razer<\/a>\n<\/span><span class=\"aioseo-breadcrumb-separator\">&raquo;<\/span><span class=\"aioseo-breadcrumb\">\n\tRazer BlackWidow V3 Mini HyperSpeed \u2013 Phantom Edition Keyboards\n<\/span><\/div>","aioseo_breadcrumb_json":[{"label":"Home","link":"https:\/\/www.rucashk.com\/pt"},{"label":"Produtos","link":"https:\/\/www.rucashk.com\/pt\/products\/"},{"label":"Razer","link":"https:\/\/www.rucashk.com\/pt\/marca\/razer\/"},{"label":"Razer BlackWidow V3 Mini HyperSpeed &#8211; Phantom Edition Keyboards","link":"https:\/\/www.rucashk.com\/pt\/produto\/razer-blackwidow-v3-mini-hyperspeed-phantom-edition-keyboards\/"}],"_links":{"self":[{"href":"https:\/\/www.rucashk.com\/pt\/wp-json\/wp\/v2\/product\/27641","targetHints":{"allow":["GET"]}}],"collection":[{"href":"https:\/\/www.rucashk.com\/pt\/wp-json\/wp\/v2\/product"}],"about":[{"href":"https:\/\/www.rucashk.com\/pt\/wp-json\/wp\/v2\/types\/product"}],"wp:featuredmedia":[{"embeddable":true,"href":"https:\/\/www.rucashk.com\/pt\/wp-json\/wp\/v2\/media\/27797"}],"wp:attachment":[{"href":"https:\/\/www.rucashk.com\/pt\/wp-json\/wp\/v2\/media?parent=27641"}],"wp:term":[{"taxonomy":"product_brand","embeddable":true,"href":"https:\/\/www.rucashk.com\/pt\/wp-json\/wp\/v2\/product_brand?post=27641"},{"taxonomy":"product_cat","embeddable":true,"href":"https:\/\/www.rucashk.com\/pt\/wp-json\/wp\/v2\/product_cat?post=27641"},{"taxonomy":"product_tag","embeddable":true,"href":"https:\/\/www.rucashk.com\/pt\/wp-json\/wp\/v2\/product_tag?post=27641"}],"curies":[{"name":"wp","href":"https:\/\/api.w.org\/{rel}","templated":true}]}}