{"id":27639,"date":"2024-01-09T16:43:20","date_gmt":"2024-01-09T16:43:20","guid":{"rendered":"http:\/\/rucashk.com\/?post_type=product&#038;p=27639"},"modified":"2025-06-21T05:52:49","modified_gmt":"2025-06-21T05:52:49","slug":"razer-deathadder-v2-halo-infinite-mice","status":"publish","type":"product","link":"https:\/\/www.rucashk.com\/pt\/produto\/razer-deathadder-v2-halo-infinite-mice\/","title":{"rendered":"Razer DeathAdder V2 \u2013 Ratos Halo Infinite"},"content":{"rendered":"<div id=\"nav-description\">\n<div class=\"extend--content--DlnAngg\">\n<div id=\"product-description\" class=\"description--product-description--nxRv0lW\" data-spm=\"1000023\" data-pl=\"product-description\">\n<div class=\"description--origin-part--SsZJoGC\">\n<div id=\"nav-description\" align=\"start\">\n<div>\n<div class=\"extend--content--DlnAngg\">\n<div>\n<div id=\"product-description\" class=\"description--product-description--nxRv0lW\">\n<div class=\"description--origin-part--SsZJoGC\">\n<div class=\"detailmodule_text\" align=\"start\">\n<p align=\"center\" data-spm-anchor-id=\"a2g0o.detail.1000023.i4.48ac57c94car9A\"><strong>ERGONOMIA SEM IGUAL<\/strong><\/p>\n<div><\/div>\n<p align=\"center\">Testemunhe um \u00edcone renascido com o Razer DeathAdder V2 \u2013 um mouse ergon\u00f4mico projetado com curvas mortais e linhas matadoras para uma arma que possui um manuseio como nenhum outro. Com sensores e switches de \u00faltima gera\u00e7\u00e3o em um formato mais leve, uma nova era de jogos de alto desempenho j\u00e1 tomou forma.<\/p>\n<div data-spm-anchor-id=\"a2g0o.detail.1000023.i3.48ac57c94car9A\"><\/div>\n<\/div>\n<div class=\"detailmodule_image\" align=\"start\"><img decoding=\"async\" class=\"detail-desc-decorate-image aligncenter\" src=\"\/wp-content\/uploads\/replace\/c20374644447da07f4d6122246496522.jpeg\" alt=\"Razer DeathAdder V2 - Halo Infinite Mice\" \/><\/div>\n<div class=\"detailmodule_text\" align=\"start\">\n<div><\/div>\n<p align=\"center\"><strong>SEJA UMA FOR\u00c7A IMPAR\u00c1VEL<\/strong><\/p>\n<div><\/div>\n<p align=\"center\">Uma arma digna do arsenal de todo Spartan, a capacidade de resposta e resili\u00eancia do nosso teclado mec\u00e2nico mais ic\u00f4nico traz o poder de fogo para a luta.<\/p>\n<div><\/div>\n<\/div>\n<div class=\"detailmodule_image\" align=\"start\"><img decoding=\"async\" class=\"detail-desc-decorate-image aligncenter\" src=\"\/wp-content\/uploads\/replace\/cd5f0036672ea2d9d181fd5e913da38e.jpeg\" alt=\"Razer DeathAdder V2 - Halo Infinite Mice\" \/><\/div>\n<div class=\"detailmodule_text\" align=\"start\">\n<div><\/div>\n<p align=\"center\"><strong>A MELHOR ERGONOMIA DA CLASSE<\/strong><\/p>\n<div><\/div>\n<p align=\"center\">Com mais de 10 milh\u00f5es de Razer DeathAdders vendidos, o mouse para jogos mais celebrado e premiado do mundo ganhou popularidade por meio de seu design ergon\u00f4mico excepcional. Perfeitamente adequado para segurar com a palma da m\u00e3o, tamb\u00e9m funciona bem com estilos de garra e ponta dos dedos.<\/p>\n<p style=\"text-align: center\">O Razer DeathAdder V2 d\u00e1 continuidade a esse legado, mantendo seu formato caracter\u00edstico enquanto perde mais peso para um manuseio mais r\u00e1pido e melhorar sua jogabilidade. Indo al\u00e9m da ergonomia convencional do escrit\u00f3rio, o design otimizado tamb\u00e9m oferece maior conforto para jogos \u2013 importante para aquelas incurs\u00f5es longas ou quando voc\u00ea est\u00e1 subindo na classifica\u00e7\u00e3o.<\/p>\n<div><\/div>\n<\/div>\n<div class=\"detailmodule_image\" align=\"start\"><img decoding=\"async\" class=\"detail-desc-decorate-image aligncenter\" src=\"\/wp-content\/uploads\/replace\/913bb8f74bb34df2ded9c040fba404b9.jpeg\" alt=\"Razer DeathAdder V2 - Halo Infinite Mice\" \/><\/div>\n<div class=\"detailmodule_text\" align=\"start\">\n<div><\/div>\n<p align=\"center\"><strong>INTERRUPTOR \u00d3PTICO DE MOUSE RAZER\u2122<\/strong><\/p>\n<div><\/div>\n<p align=\"center\">Utilizando um feixe de luz infravermelha para registrar cada clique, os interruptores deste mouse ergon\u00f4mico acionam com um tempo de resposta l\u00edder do setor de 0,2 milissegundos. Por n\u00e3o exigir mais o contato f\u00edsico tradicional, essa forma de atua\u00e7\u00e3o elimina a necessidade de atraso no debounce e nunca aciona cliques n\u00e3o intencionais, proporcionando controle mais pr\u00f3ximo e execu\u00e7\u00e3o perfeita.<\/p>\n<div><\/div>\n<\/div>\n<div class=\"detailmodule_image\" align=\"start\"><img decoding=\"async\" class=\"detail-desc-decorate-image aligncenter\" src=\"\/wp-content\/uploads\/replace\/9840b9460e8bcb3f95f89622ef67116b.jpeg\" alt=\"Razer DeathAdder V2 - Halo Infinite Mice\" \/><\/div>\n<div class=\"detailmodule_text\" align=\"start\">\n<div><\/div>\n<p align=\"center\"><strong>SENSOR \u00d3PTICO RAZER FOCUS+<\/strong><\/p>\n<div><\/div>\n<p align=\"center\">Nosso novo e aprimorado sensor possui 20.000 DPI l\u00edder do setor com precis\u00e3o de resolu\u00e7\u00e3o de 99,6%, garantindo que at\u00e9 mesmo o movimento mais sutil deste mouse ergon\u00f4mico seja rastreado com consist\u00eancia. Equipado com fun\u00e7\u00f5es inteligentes, o sensor torna-se ainda mais preciso, permitindo um n\u00edvel agudo de precis\u00e3o para tiros na cabe\u00e7a vencedores de jogos.<\/p>\n<div><\/div>\n<\/div>\n<div class=\"detailmodule_image\" align=\"start\"><img decoding=\"async\" class=\"detail-desc-decorate-image aligncenter\" src=\"\/wp-content\/uploads\/replace\/787996178a94ba0ae8b9846388f60817.jpeg\" alt=\"Razer DeathAdder V2 - Halo Infinite Mice\" \/><\/div>\n<div class=\"detailmodule_text\" align=\"start\">\n<div><\/div>\n<p align=\"center\"><strong>CABO RAZER SPEEDFLEX<\/strong><\/p>\n<div><\/div>\n<p align=\"center\">O cabo do Razer DeathAdder V2 tem maior flexibilidade e foi projetado para produzir arrasto m\u00ednimo, para que voc\u00ea possa realizar movimentos mais r\u00e1pidos e fluidos para um maior grau de controle.<\/p>\n<div><\/div>\n<\/div>\n<div class=\"detailmodule_image\" align=\"start\"><img decoding=\"async\" class=\"detail-desc-decorate-image aligncenter\" src=\"\/wp-content\/uploads\/replace\/f4acae106a0901d2ede94b0d6b1224fd.jpeg\" alt=\"Razer DeathAdder V2 - Halo Infinite Mice\" \/><\/div>\n<div class=\"detailmodule_text\" align=\"start\">\n<div><\/div>\n<p align=\"center\"><strong>E EMBALADO COM MUITO MAIS<\/strong><\/p>\n<div><\/div>\n<\/div>\n<div class=\"detailmodule_text\" align=\"start\">\n<div><\/div>\n<p align=\"center\"><strong>TACTILIDADE INSTINTIVA DA RODA DE ROLAGEM<\/strong><\/p>\n<div><\/div>\n<p align=\"center\">Perfeitamente ajustado para rolagem distinta e entalhada com menor resist\u00eancia - ent\u00e3o, alternar entre suas armas e executar saltos de coelho se torna uma verdadeira segunda natureza.<\/p>\n<\/div>\n<div class=\"detailmodule_text\" align=\"start\">\n<div><\/div>\n<p align=\"center\"><strong>8 BOT\u00d5ES PROGRAM\u00c1VEIS<\/strong><\/p>\n<div><\/div>\n<p align=\"center\">Este mouse para jogos vem com 8 bot\u00f5es program\u00e1veis que s\u00e3o totalmente configur\u00e1veis via Razer Synapse 3, dando acesso a macros e fun\u00e7\u00f5es secund\u00e1rias para que cada a\u00e7\u00e3o possa ser executada com facilidade.<\/p>\n<\/div>\n<div class=\"detailmodule_text\" align=\"start\">\n<div><\/div>\n<p align=\"center\"><strong>P\u00c9S DE RATO 100% PTFE<\/strong><\/p>\n<div><\/div>\n<p align=\"center\">Desfrute de movimentos suaves do mouse em qualquer superf\u00edcie com p\u00e9s de mouse feitos do mais puro e mais alto grau de PTFE \u2013 um material usado para revestir panelas antiaderentes.<\/p>\n<\/div>\n<div class=\"detailmodule_text\" align=\"start\">\n<div><\/div>\n<p align=\"center\"><strong>MEM\u00d3RIA AVAN\u00c7ADA A BORDO<\/strong><\/p>\n<div><\/div>\n<p align=\"center\">Salve e armazene at\u00e9 5 configura\u00e7\u00f5es de perfil na mem\u00f3ria interna e leve suas configura\u00e7\u00f5es para qualquer lugar, para que voc\u00ea esteja sempre pronto para competir com seus controles preferidos.<\/p>\n<div><\/div>\n<\/div>\n<div class=\"detailmodule_image\" align=\"start\"><img decoding=\"async\" class=\"detail-desc-decorate-image aligncenter\" src=\"\/wp-content\/uploads\/replace\/74f7d5f934204f80dd5a14567671be1a.jpeg\" alt=\"Razer DeathAdder V2 - Halo Infinite Mice\" \/><\/div>\n<div class=\"detailmodule_text\" align=\"start\">\n<div><\/div>\n<p align=\"center\"><strong>ALIMENTADO POR RAZER CHROMA\u2122 RGB<\/strong><\/p>\n<div><\/div>\n<p align=\"center\">Com 16,8 milh\u00f5es de cores, in\u00fameros padr\u00f5es e efeitos de ilumina\u00e7\u00e3o din\u00e2micos no jogo, experimente personaliza\u00e7\u00e3o RGB completa e imers\u00e3o mais profunda com o maior ecossistema de ilumina\u00e7\u00e3o do mundo para dispositivos de jogos. Suportando uma lista crescente de milhares de dispositivos e centenas de jogos e aplicativos, leve-o para o pr\u00f3ximo n\u00edvel com recursos avan\u00e7ados como Chroma Studio, Visualizer, Connect e Workshop.<\/p>\n<div><\/div>\n<\/div>\n<div class=\"detailmodule_image\" align=\"start\"><img decoding=\"async\" class=\"detail-desc-decorate-image aligncenter\" src=\"\/wp-content\/uploads\/replace\/4fb6185504c71199038f90bb5929bc39.jpeg\" alt=\"Razer DeathAdder V2 - Halo Infinite Mice\" \/><\/div>\n<div><\/div>\n<\/div>\n<\/div>\n<\/div>\n<\/div>\n<\/div>\n<\/div>\n<\/div>\n<\/div>\n<\/div>\n<\/div>\n<div class=\"comet-v2-divider comet-v2-divider-small split-line--wrap--uquPC9W\"><\/div>\n<div id=\"nav-specification\" data-pl=\"product-specs\">\n<div class=\"title--wrap--wDzGayX\">\n<div class=\"title--text--Lx66GPw\">\n<h1 class=\"title--title--RN9Pt03\">Especifica\u00e7\u00f5es<\/h1>\n<\/div>\n<\/div>\n<ul class=\"specification--list--fiWsSyv\">\n<li class=\"specification--line--iUJOqof\">\n<div class=\"specification--prop--RejitI8\">\n<div class=\"specification--title--UbVeyic\">Peso Bruto: 86g<\/div>\n<\/div>\n<div class=\"specification--prop--RejitI8\">\n<div class=\"specification--title--UbVeyic\">Modo de opera\u00e7\u00e3o: Optoeletr\u00f4nico<\/div>\n<\/div>\n<\/li>\n<li class=\"specification--line--iUJOqof\">\n<div class=\"specification--prop--RejitI8\">\n<div class=\"specification--title--UbVeyic\">N\u00famero de bot\u00f5es: 8<\/div>\n<\/div>\n<div class=\"specification--prop--RejitI8\">\n<div class=\"specification--title--UbVeyic\">N\u00famero de rolos: 1 unidade<\/div>\n<\/div>\n<\/li>\n<li class=\"specification--line--iUJOqof\">\n<div class=\"specification--prop--RejitI8\">\n<div class=\"specification--title--UbVeyic\">Orienta\u00e7\u00e3o da m\u00e3o: direita<\/div>\n<\/div>\n<div class=\"specification--prop--RejitI8\">\n<div class=\"specification--title--UbVeyic\" data-spm-anchor-id=\"a2g0o.detail.0.i7.48ac57c94car9A\">Pacote: Sim<\/div>\n<\/div>\n<\/li>\n<li class=\"specification--line--iUJOqof\">\n<div class=\"specification--prop--RejitI8\">\n<div class=\"specification--title--UbVeyic\">DPI: 20.000<\/div>\n<\/div>\n<div class=\"specification--prop--RejitI8\">\n<div class=\"specification--title--UbVeyic\">Tipo de interface: USB<\/div>\n<\/div>\n<\/li>\n<li class=\"specification--line--iUJOqof\">\n<div class=\"specification--prop--RejitI8\">\n<div class=\"specification--title--UbVeyic\">Tipo: COM FIO<\/div>\n<\/div>\n<div class=\"specification--prop--RejitI8\">\n<div class=\"specification--title--UbVeyic\">Marca: Razer<\/div>\n<\/div>\n<\/li>\n<li class=\"specification--line--iUJOqof\">\n<div class=\"specification--prop--RejitI8\">\n<div class=\"specification--title--UbVeyic\">Origem: China Continental<\/div>\n<\/div>\n<div class=\"specification--prop--RejitI8\">\n<div class=\"specification--title--UbVeyic\">Certifica\u00e7\u00e3o: CE<\/div>\n<\/div>\n<\/li>\n<li class=\"specification--line--iUJOqof\">\n<div class=\"specification--prop--RejitI8\">\n<div class=\"specification--title--UbVeyic\">acelera\u00e7\u00e3o: 50G<\/div>\n<\/div>\n<div class=\"specification--prop--RejitI8\">\n<div class=\"specification--title--UbVeyic\">Velocidade de movimento: 650 IPS<\/div>\n<\/div>\n<\/li>\n<\/ul>\n<\/div>","protected":false},"excerpt":{"rendered":"<p>Fator de forma: destro<\/p>\n<p>Conectividade: Com fio \u2013 Cabo Razer\u2122 Speedflex<\/p>\n<div class=\"detailmodule_text\" align=\"start\">\n<p class=\"detail-desc-decorate-content\" data-spm-anchor-id=\"a2g0o.detail.1000023.i5.48ac57c94car9A\">Sizes: 5&#8243; x 2.43&#8243; x 1.68&#8243;<\/p>\n<p>Weight: 0.18 Lbs \/ 82 g<\/p>\n<p>Compatibilidade com Dock: Nenhuma<\/p>\n<\/div>","protected":false},"featured_media":27786,"template":"","meta":[],"product_brand":[1379],"product_cat":[1322,1331],"product_tag":[],"class_list":{"0":"post-27639","1":"product","2":"type-product","3":"status-publish","4":"has-post-thumbnail","6":"product_brand-razer","7":"product_cat-other-a-brands","8":"product_cat-razer-other-a-brands","10":"first","11":"instock","12":"shipping-taxable","13":"product-type-simple"},"aioseo_notices":[],"aioseo_head":"\n\t\t<!-- All in One SEO Pro 4.5.9.2 - aioseo.com -->\n\t\t<meta name=\"description\" content=\"Form Factor: Right-Handed Connectivity: Wired - Razer\u2122 Speedflex Cable Sizes: 5&quot; x 2.43&quot; x 1.68&quot; Weight: 0.18 Lbs \/ 82 g Dock Compatibility: None\" \/>\n\t\t<meta name=\"robots\" content=\"max-image-preview:large\" \/>\n\t\t<link rel=\"canonical\" href=\"https:\/\/www.rucashk.com\/pt\/produto\/razer-deathadder-v2-halo-infinite-mice\/\" \/>\n\t\t<meta name=\"generator\" content=\"All in One SEO Pro (AIOSEO) 4.5.9.2\" \/>\n\t\t<meta property=\"og:locale\" content=\"pt_PT\" \/>\n\t\t<meta property=\"og:site_name\" content=\"Rucas - One-stop AIoT Distribution Worldwide\" \/>\n\t\t<meta property=\"og:type\" content=\"article\" \/>\n\t\t<meta property=\"og:title\" content=\"Razer DeathAdder V2 \u2013 Halo Infinite Mice - Rucas - Wholesale and Distribution\" \/>\n\t\t<meta property=\"og:description\" content=\"Form Factor: Right-Handed Connectivity: Wired - Razer\u2122 Speedflex Cable Sizes: 5&quot; x 2.43&quot; x 1.68&quot; Weight: 0.18 Lbs \/ 82 g Dock Compatibility: None\" \/>\n\t\t<meta property=\"og:url\" content=\"https:\/\/www.rucashk.com\/pt\/produto\/razer-deathadder-v2-halo-infinite-mice\/\" \/>\n\t\t<meta property=\"og:image\" content=\"https:\/\/www.rucashk.com\/wp-content\/uploads\/replace\/503b8e645f128a97ccde2b6290747646.jpeg\" \/>\n\t\t<meta property=\"og:image:secure_url\" content=\"https:\/\/www.rucashk.com\/wp-content\/uploads\/replace\/503b8e645f128a97ccde2b6290747646.jpeg\" \/>\n\t\t<meta property=\"og:image:width\" content=\"1456\" \/>\n\t\t<meta property=\"og:image:height\" content=\"816\" \/>\n\t\t<meta property=\"article:published_time\" content=\"2024-01-09T16:43:20+00:00\" \/>\n\t\t<meta property=\"article:modified_time\" content=\"2025-06-21T05:52:49+00:00\" \/>\n\t\t<meta name=\"twitter:card\" content=\"summary_large_image\" \/>\n\t\t<meta name=\"twitter:title\" content=\"Razer DeathAdder V2 \u2013 Halo Infinite Mice - Rucas - Wholesale and Distribution\" \/>\n\t\t<meta name=\"twitter:description\" content=\"Form Factor: Right-Handed Connectivity: Wired - Razer\u2122 Speedflex Cable Sizes: 5&quot; x 2.43&quot; x 1.68&quot; Weight: 0.18 Lbs \/ 82 g Dock Compatibility: None\" \/>\n\t\t<meta name=\"twitter:image\" content=\"https:\/\/www.rucashk.com\/wp-content\/uploads\/replace\/503b8e645f128a97ccde2b6290747646.jpeg\" \/>\n\t\t<script type=\"application\/ld+json\" class=\"aioseo-schema\">\n\t\t\t{\"@context\":\"https:\\\/\\\/schema.org\",\"@graph\":[{\"@type\":\"BreadcrumbList\",\"@id\":\"https:\\\/\\\/www.rucashk.com\\\/pt\\\/produto\\\/razer-deathadder-v2-halo-infinite-mice\\\/#breadcrumblist\",\"itemListElement\":[{\"@type\":\"ListItem\",\"@id\":\"https:\\\/\\\/www.rucashk.com\\\/pt\\\/#listItem\",\"position\":1,\"name\":\"Home\",\"item\":\"https:\\\/\\\/www.rucashk.com\\\/pt\\\/\",\"nextItem\":\"https:\\\/\\\/www.rucashk.com\\\/pt\\\/produto\\\/razer-deathadder-v2-halo-infinite-mice\\\/#listItem\"},{\"@type\":\"ListItem\",\"@id\":\"https:\\\/\\\/www.rucashk.com\\\/pt\\\/produto\\\/razer-deathadder-v2-halo-infinite-mice\\\/#listItem\",\"position\":2,\"name\":\"Razer DeathAdder V2 - Halo Infinite Mice\",\"previousItem\":\"https:\\\/\\\/www.rucashk.com\\\/pt\\\/#listItem\"}]},{\"@type\":\"Organization\",\"@id\":\"https:\\\/\\\/www.rucashk.com\\\/pt\\\/#organization\",\"name\":\"Rucas\",\"url\":\"https:\\\/\\\/www.rucashk.com\\\/pt\\\/\",\"logo\":{\"@type\":\"ImageObject\",\"url\":\"https:\\\/\\\/www.rucashk.com\\\/wp-content\\\/uploads\\\/2023\\\/12\\\/Rucas_campany_logo.png\",\"@id\":\"https:\\\/\\\/www.rucashk.com\\\/pt\\\/produto\\\/razer-deathadder-v2-halo-infinite-mice\\\/#organizationLogo\",\"width\":221,\"height\":65},\"image\":{\"@id\":\"https:\\\/\\\/www.rucashk.com\\\/pt\\\/#organizationLogo\"}},{\"@type\":\"Person\",\"@id\":\"https:\\\/\\\/www.rucashk.com\\\/pt\\\/author\\\/admin\\\/#author\",\"url\":\"https:\\\/\\\/www.rucashk.com\\\/pt\\\/author\\\/admin\\\/\",\"name\":\"admin\",\"image\":{\"@type\":\"ImageObject\",\"@id\":\"https:\\\/\\\/www.rucashk.com\\\/pt\\\/produto\\\/razer-deathadder-v2-halo-infinite-mice\\\/#authorImage\",\"url\":\"https:\\\/\\\/secure.gravatar.com\\\/avatar\\\/b7c8925b09a27e72b30232f8ecaadbd5af0f70a38c78096863fe51b64f031c24?s=96&d=mm&r=g\",\"width\":96,\"height\":96,\"caption\":\"admin\"}},{\"@type\":\"WebPage\",\"@id\":\"https:\\\/\\\/www.rucashk.com\\\/pt\\\/produto\\\/razer-deathadder-v2-halo-infinite-mice\\\/#webpage\",\"url\":\"https:\\\/\\\/www.rucashk.com\\\/pt\\\/produto\\\/razer-deathadder-v2-halo-infinite-mice\\\/\",\"name\":\"Razer DeathAdder V2 \\u2013 Halo Infinite Mice - Rucas - Wholesale and Distribution\",\"description\":\"Form Factor: Right-Handed Connectivity: Wired - Razer\\u2122 Speedflex Cable Sizes: 5\\\" x 2.43\\\" x 1.68\\\" Weight: 0.18 Lbs \\\/ 82 g Dock Compatibility: None\",\"inLanguage\":\"pt-PT\",\"isPartOf\":{\"@id\":\"https:\\\/\\\/www.rucashk.com\\\/pt\\\/#website\"},\"breadcrumb\":{\"@id\":\"https:\\\/\\\/www.rucashk.com\\\/pt\\\/produto\\\/razer-deathadder-v2-halo-infinite-mice\\\/#breadcrumblist\"},\"author\":{\"@id\":\"https:\\\/\\\/www.rucashk.com\\\/pt\\\/author\\\/admin\\\/#author\"},\"creator\":{\"@id\":\"https:\\\/\\\/www.rucashk.com\\\/pt\\\/author\\\/admin\\\/#author\"},\"image\":{\"@type\":\"ImageObject\",\"url\":\"https:\\\/\\\/www.rucashk.com\\\/wp-content\\\/uploads\\\/2024\\\/01\\\/10004-32-1.jpg\",\"@id\":\"https:\\\/\\\/www.rucashk.com\\\/pt\\\/produto\\\/razer-deathadder-v2-halo-infinite-mice\\\/#mainImage\",\"width\":800,\"height\":800},\"primaryImageOfPage\":{\"@id\":\"https:\\\/\\\/www.rucashk.com\\\/pt\\\/produto\\\/razer-deathadder-v2-halo-infinite-mice\\\/#mainImage\"},\"datePublished\":\"2024-01-09T16:43:20+00:00\",\"dateModified\":\"2025-06-21T05:52:49+00:00\"},{\"@type\":\"WebSite\",\"@id\":\"https:\\\/\\\/www.rucashk.com\\\/pt\\\/#website\",\"url\":\"https:\\\/\\\/www.rucashk.com\\\/pt\\\/\",\"name\":\"Rucas - Wholesale and distribution worldwide\",\"alternateName\":\"Rucas - One-stop AIoT Distribution Worldwide\",\"description\":\"One-stop AIoT Distribution Worldwide\",\"inLanguage\":\"pt-PT\",\"publisher\":{\"@id\":\"https:\\\/\\\/www.rucashk.com\\\/pt\\\/#organization\"}}]}\n\t\t<\/script>\n\t\t<!-- All in One SEO Pro -->\r\n\t\t<title>Razer DeathAdder V2 \u2013 Halo Infinite Mice - Rucas - Wholesale and Distribution<\/title>\n\n","aioseo_head_json":{"title":"Razer DeathAdder V2 \u2013 Halo Infinite Mice - Rucas - Wholesale and Distribution","description":"Form Factor: Right-Handed Connectivity: Wired - Razer\u2122 Speedflex Cable Sizes: 5\" x 2.43\" x 1.68\" Weight: 0.18 Lbs \/ 82 g Dock Compatibility: None","canonical_url":"https:\/\/www.rucashk.com\/pt\/produto\/razer-deathadder-v2-halo-infinite-mice\/","robots":"max-image-preview:large","keywords":"","webmasterTools":{"miscellaneous":""},"og:locale":"pt_PT","og:site_name":"Rucas - One-stop AIoT Distribution Worldwide","og:type":"article","og:title":"Razer DeathAdder V2 \u2013 Halo Infinite Mice - Rucas - Wholesale and Distribution","og:description":"Form Factor: Right-Handed Connectivity: Wired - Razer\u2122 Speedflex Cable Sizes: 5&quot; x 2.43&quot; x 1.68&quot; Weight: 0.18 Lbs \/ 82 g Dock Compatibility: None","og:url":"https:\/\/www.rucashk.com\/pt\/produto\/razer-deathadder-v2-halo-infinite-mice\/","og:image":"https:\/\/www.rucashk.com\/wp-content\/uploads\/replace\/503b8e645f128a97ccde2b6290747646.jpeg","og:image:secure_url":"https:\/\/www.rucashk.com\/wp-content\/uploads\/replace\/503b8e645f128a97ccde2b6290747646.jpeg","og:image:width":1456,"og:image:height":816,"article:published_time":"2024-01-09T16:43:20+00:00","article:modified_time":"2025-06-21T05:52:49+00:00","twitter:card":"summary_large_image","twitter:title":"Razer DeathAdder V2 \u2013 Halo Infinite Mice - Rucas - Wholesale and Distribution","twitter:description":"Form Factor: Right-Handed Connectivity: Wired - Razer\u2122 Speedflex Cable Sizes: 5&quot; x 2.43&quot; x 1.68&quot; Weight: 0.18 Lbs \/ 82 g Dock Compatibility: None","twitter:image":"https:\/\/www.rucashk.com\/wp-content\/uploads\/replace\/503b8e645f128a97ccde2b6290747646.jpeg","schema":{"@context":"https:\/\/schema.org","@graph":[{"@type":"BreadcrumbList","@id":"https:\/\/www.rucashk.com\/pt\/produto\/razer-deathadder-v2-halo-infinite-mice\/#breadcrumblist","itemListElement":[{"@type":"ListItem","@id":"https:\/\/www.rucashk.com\/pt\/#listItem","position":1,"name":"Home","item":"https:\/\/www.rucashk.com\/pt\/","nextItem":"https:\/\/www.rucashk.com\/pt\/produto\/razer-deathadder-v2-halo-infinite-mice\/#listItem"},{"@type":"ListItem","@id":"https:\/\/www.rucashk.com\/pt\/produto\/razer-deathadder-v2-halo-infinite-mice\/#listItem","position":2,"name":"Razer DeathAdder V2 - Halo Infinite Mice","previousItem":"https:\/\/www.rucashk.com\/pt\/#listItem"}]},{"@type":"Organization","@id":"https:\/\/www.rucashk.com\/pt\/#organization","name":"Rucas","url":"https:\/\/www.rucashk.com\/pt\/","logo":{"@type":"ImageObject","url":"https:\/\/www.rucashk.com\/wp-content\/uploads\/2023\/12\/Rucas_campany_logo.png","@id":"https:\/\/www.rucashk.com\/pt\/produto\/razer-deathadder-v2-halo-infinite-mice\/#organizationLogo","width":221,"height":65},"image":{"@id":"https:\/\/www.rucashk.com\/pt\/#organizationLogo"}},{"@type":"Person","@id":"https:\/\/www.rucashk.com\/pt\/author\/admin\/#author","url":"https:\/\/www.rucashk.com\/pt\/author\/admin\/","name":"admin","image":{"@type":"ImageObject","@id":"https:\/\/www.rucashk.com\/pt\/produto\/razer-deathadder-v2-halo-infinite-mice\/#authorImage","url":"https:\/\/secure.gravatar.com\/avatar\/b7c8925b09a27e72b30232f8ecaadbd5af0f70a38c78096863fe51b64f031c24?s=96&d=mm&r=g","width":96,"height":96,"caption":"admin"}},{"@type":"WebPage","@id":"https:\/\/www.rucashk.com\/pt\/produto\/razer-deathadder-v2-halo-infinite-mice\/#webpage","url":"https:\/\/www.rucashk.com\/pt\/produto\/razer-deathadder-v2-halo-infinite-mice\/","name":"Razer DeathAdder V2 \u2013 Halo Infinite Mice - Rucas - Wholesale and Distribution","description":"Form Factor: Right-Handed Connectivity: Wired - Razer\u2122 Speedflex Cable Sizes: 5\" x 2.43\" x 1.68\" Weight: 0.18 Lbs \/ 82 g Dock Compatibility: None","inLanguage":"pt-PT","isPartOf":{"@id":"https:\/\/www.rucashk.com\/pt\/#website"},"breadcrumb":{"@id":"https:\/\/www.rucashk.com\/pt\/produto\/razer-deathadder-v2-halo-infinite-mice\/#breadcrumblist"},"author":{"@id":"https:\/\/www.rucashk.com\/pt\/author\/admin\/#author"},"creator":{"@id":"https:\/\/www.rucashk.com\/pt\/author\/admin\/#author"},"image":{"@type":"ImageObject","url":"https:\/\/www.rucashk.com\/wp-content\/uploads\/2024\/01\/10004-32-1.jpg","@id":"https:\/\/www.rucashk.com\/pt\/produto\/razer-deathadder-v2-halo-infinite-mice\/#mainImage","width":800,"height":800},"primaryImageOfPage":{"@id":"https:\/\/www.rucashk.com\/pt\/produto\/razer-deathadder-v2-halo-infinite-mice\/#mainImage"},"datePublished":"2024-01-09T16:43:20+00:00","dateModified":"2025-06-21T05:52:49+00:00"},{"@type":"WebSite","@id":"https:\/\/www.rucashk.com\/pt\/#website","url":"https:\/\/www.rucashk.com\/pt\/","name":"Rucas - Wholesale and distribution worldwide","alternateName":"Rucas - One-stop AIoT Distribution Worldwide","description":"One-stop AIoT Distribution Worldwide","inLanguage":"pt-PT","publisher":{"@id":"https:\/\/www.rucashk.com\/pt\/#organization"}}]}},"aioseo_meta_data":{"post_id":"27639","title":null,"description":null,"keywords":null,"keyphrases":null,"primary_term":null,"canonical_url":null,"og_title":null,"og_description":null,"og_object_type":"default","og_image_type":"default","og_image_url":null,"og_image_width":null,"og_image_height":null,"og_image_custom_url":null,"og_image_custom_fields":null,"og_video":"","og_custom_url":null,"og_article_section":null,"og_article_tags":null,"twitter_use_og":false,"twitter_card":"default","twitter_image_type":"default","twitter_image_url":null,"twitter_image_custom_url":null,"twitter_image_custom_fields":null,"twitter_title":null,"twitter_description":null,"schema":{"blockGraphs":[],"customGraphs":[],"default":{"data":{"Article":[],"Course":[],"Dataset":[],"FAQPage":[],"Movie":[],"Person":[],"Product":[],"Recipe":[],"Service":[],"SoftwareApplication":[],"WebPage":[]},"graphName":"","isEnabled":true},"graphs":[]},"schema_type":"default","schema_type_options":null,"pillar_content":false,"robots_default":true,"robots_noindex":false,"robots_noarchive":false,"robots_nosnippet":false,"robots_nofollow":false,"robots_noimageindex":false,"robots_noodp":false,"robots_notranslate":false,"robots_max_snippet":"-1","robots_max_videopreview":"-1","robots_max_imagepreview":"large","priority":null,"frequency":"default","local_seo":null,"breadcrumb_settings":null,"limit_modified_date":false,"created":"2024-04-11 01:57:22","updated":"2025-06-22 18:40:55"},"aioseo_breadcrumb":"<div class=\"aioseo-breadcrumbs\"><span class=\"aioseo-breadcrumb\">\n\t<a href=\"https:\/\/www.rucashk.com\/pt\" title=\"Home\">Home<\/a>\n<\/span><span class=\"aioseo-breadcrumb-separator\">&raquo;<\/span><span class=\"aioseo-breadcrumb\">\n\t<a href=\"https:\/\/www.rucashk.com\/pt\/products\/\" title=\"Produtos\">Produtos<\/a>\n<\/span><span class=\"aioseo-breadcrumb-separator\">&raquo;<\/span><span class=\"aioseo-breadcrumb\">\n\t<a href=\"https:\/\/www.rucashk.com\/pt\/marca\/razer\/\" title=\"Razer\">Razer<\/a>\n<\/span><span class=\"aioseo-breadcrumb-separator\">&raquo;<\/span><span class=\"aioseo-breadcrumb\">\n\tRazer DeathAdder V2 \u2013 Halo Infinite Mice\n<\/span><\/div>","aioseo_breadcrumb_json":[{"label":"Home","link":"https:\/\/www.rucashk.com\/pt"},{"label":"Produtos","link":"https:\/\/www.rucashk.com\/pt\/products\/"},{"label":"Razer","link":"https:\/\/www.rucashk.com\/pt\/marca\/razer\/"},{"label":"Razer DeathAdder V2 &#8211; Halo Infinite Mice","link":"https:\/\/www.rucashk.com\/pt\/produto\/razer-deathadder-v2-halo-infinite-mice\/"}],"_links":{"self":[{"href":"https:\/\/www.rucashk.com\/pt\/wp-json\/wp\/v2\/product\/27639","targetHints":{"allow":["GET"]}}],"collection":[{"href":"https:\/\/www.rucashk.com\/pt\/wp-json\/wp\/v2\/product"}],"about":[{"href":"https:\/\/www.rucashk.com\/pt\/wp-json\/wp\/v2\/types\/product"}],"wp:featuredmedia":[{"embeddable":true,"href":"https:\/\/www.rucashk.com\/pt\/wp-json\/wp\/v2\/media\/27786"}],"wp:attachment":[{"href":"https:\/\/www.rucashk.com\/pt\/wp-json\/wp\/v2\/media?parent=27639"}],"wp:term":[{"taxonomy":"product_brand","embeddable":true,"href":"https:\/\/www.rucashk.com\/pt\/wp-json\/wp\/v2\/product_brand?post=27639"},{"taxonomy":"product_cat","embeddable":true,"href":"https:\/\/www.rucashk.com\/pt\/wp-json\/wp\/v2\/product_cat?post=27639"},{"taxonomy":"product_tag","embeddable":true,"href":"https:\/\/www.rucashk.com\/pt\/wp-json\/wp\/v2\/product_tag?post=27639"}],"curies":[{"name":"wp","href":"https:\/\/api.w.org\/{rel}","templated":true}]}}