{"id":27615,"date":"2024-01-09T16:42:58","date_gmt":"2024-01-09T16:42:58","guid":{"rendered":"http:\/\/rucashk.com\/?post_type=product&#038;p=27615"},"modified":"2025-06-21T05:54:02","modified_gmt":"2025-06-21T05:54:02","slug":"razer-deathadder-v2-pro-genshin-impact-edition-mice","status":"publish","type":"product","link":"https:\/\/www.rucashk.com\/pt\/produto\/razer-deathadder-v2-pro-genshin-impact-edition-mice\/","title":{"rendered":"Razer DeathAdder V2 Pro \u2013 Ratos Genshin Impact Edition"},"content":{"rendered":"<p align=\"center\" data-spm-anchor-id=\"a2g0o.detail.1000023.i0.56e2LeXOLeXOSR\"><strong>GUIANDO SUA M\u00c3O<\/strong><\/p>\n<p align=\"center\">N\u00e3o importa qual Constellation voc\u00ea escolheu, deixe as estrelas se alinharem e apontarem com precis\u00e3o com um mouse ergon\u00f4mico sem fio de primeira linha que \u00e9 extremamente confort\u00e1vel de usar e equipado com nossos mais recentes interruptores, sensores e o ultrarr\u00e1pido Razer HyperSpeed Wireless.<\/p>\n<p><img decoding=\"async\" class=\"aligncenter\" src=\"\/wp-content\/uploads\/replace\/aed9a57356c6517a6f590f0655ec715d.png\" alt=\"Razer DeathAdder V2 Pro - Genshin Impact Edition Mice\" \/><\/p>\n<p align=\"center\"><strong>RAZER\u2122 HIPERVELOCIDADE SEM FIO<\/strong><\/p>\n<p align=\"center\">25% mais r\u00e1pido do que qualquer outra tecnologia sem fio dispon\u00edvel, voc\u00ea nem perceber\u00e1 que est\u00e1 usando um mouse para jogos sem fio devido \u00e0 sua transmiss\u00e3o de alta velocidade, menor lat\u00eancia de clique e comuta\u00e7\u00e3o de frequ\u00eancia cont\u00ednua nos ambientes mais barulhentos e saturados de dados.<\/p>\n<p><img decoding=\"async\" class=\"aligncenter\" src=\"\/wp-content\/uploads\/replace\/1bce4ea08a8ca882a3776265b8cc2c43.jpeg\" alt=\"Razer DeathAdder V2 Pro - Genshin Impact Edition Mice\" \/><\/p>\n<p align=\"center\"><strong>SENSOR \u00d3PTICO RAZER\u2122 FOCUS+<\/strong><\/p>\n<p align=\"center\">Nosso novo e aprimorado sensor possui 20.000 DPI l\u00edder do setor com precis\u00e3o de resolu\u00e7\u00e3o de 99,6%, garantindo que at\u00e9 mesmo o movimento mais sutil deste mouse ergon\u00f4mico para jogos sem fio seja rastreado com consist\u00eancia. Equipado com fun\u00e7\u00f5es inteligentes, o sensor torna-se ainda mais preciso, permitindo um n\u00edvel agudo de precis\u00e3o para tiros na cabe\u00e7a vencedores de jogos.<\/p>\n<p><img decoding=\"async\" class=\"aligncenter\" src=\"\/wp-content\/uploads\/replace\/563ddf32bfea9cf46089c91b9dbf83fc.png\" alt=\"Razer DeathAdder V2 Pro - Genshin Impact Edition Mice\" \/><\/p>\n<p align=\"center\"><strong>INTERRUPTOR \u00d3PTICO DE MOUSE RAZER\u2122 DE 2\u00aa GERA\u00c7\u00c3O<\/strong><\/p>\n<p align=\"center\">Melhorado com maior feedback t\u00e1til, cada clique agora parece e soa mais satisfat\u00f3rio \u2013 atuando por meio de um feixe de luz infravermelha para um tempo de resposta l\u00edder do setor de 0,2 ms. Como essa forma de atua\u00e7\u00e3o n\u00e3o requer mais o contato f\u00edsico tradicional, ela elimina a necessidade de atraso no debounce e nunca aciona cliques n\u00e3o intencionais, proporcionando controle mais pr\u00f3ximo e execu\u00e7\u00e3o perfeita.<\/p>\n<p><img decoding=\"async\" class=\"aligncenter\" src=\"\/wp-content\/uploads\/replace\/f6eff806e51c048b2abae26ac6986578.png\" alt=\"Razer DeathAdder V2 Pro - Genshin Impact Edition Mice\" \/><\/p>\n<p align=\"center\"><strong>MEM\u00d3RIA AVAN\u00c7ADA A BORDO<\/strong><\/p>\n<p align=\"center\">Esteja pronto para competir em qualquer lugar com at\u00e9 5 perfis armazenados que lhe d\u00e3o acesso a layouts de teclas ideais, macros e duplica as entradas por meio da fun\u00e7\u00e3o Razer Hypershift.<\/p>\n<p align=\"center\"><strong>CARGA COMPAT\u00cdVEL COM RAZER<\/strong><\/p>\n<p align=\"center\">MOUSE DOCK CROMA*<\/p>\n<p align=\"center\">O Razer DeathAdder V2 Pro funciona com o mesmo dock de mouse usado para carregar o Razer Viper Ultimate ou o Razer Basilisk Ultimate \u2013 a atualiza\u00e7\u00e3o perfeita para sua esta\u00e7\u00e3o de batalha RGB que pode ser adquirida separadamente.<\/p>\n<p align=\"center\"><strong>TACTILIDADE DA RODA DE ROLAGEM AJUSTADA<\/strong><\/p>\n<p align=\"center\">Oferecendo feedback satisfat\u00f3rio com uma sensa\u00e7\u00e3o distinta e entalhada, a roda de rolagem tamb\u00e9m tem uma resist\u00eancia de rolagem mais baixa que parece mais f\u00e1cil e leve de usar \u2013 portanto, alternar entre armas e executar saltos de coelho torna-se verdadeiramente uma segunda natureza.<\/p>\n<p align=\"center\"><strong>MOLDADA POR INJEC\u00c7\u00c3O<\/strong><\/p>\n<p align=\"center\">APERTOS LATERAIS DE BORRACHA<\/p>\n<p align=\"center\">Para movimentos mais seguros, o mouse possui al\u00e7as de borracha que cobrem totalmente os lados esquerdo e direito \u2013 moldadas como parte da carca\u00e7a para garantir que nunca se soltem.<\/p>\n<p align=\"center\"><strong>P\u00c9S DE RATO 100% PTFE<\/strong><\/p>\n<p align=\"center\">Aproveite o movimento suave do mouse em qualquer superf\u00edcie<\/p>\n<p><img decoding=\"async\" class=\"aligncenter\" src=\"\/wp-content\/uploads\/replace\/5ab0bfbc49772338fc14640713df8e28.png\" alt=\"Razer DeathAdder V2 Pro - Genshin Impact Edition Mice\" \/><\/p>\n<p align=\"center\"><strong>DEIXE CONTROLAR<\/strong><\/p>\n<p align=\"center\"><strong>PEGAR V\u00d4O<\/strong><\/p>\n<p align=\"center\">Fa\u00e7a com que o mouse se mova com a mesma facilidade que Paimon, enquanto ele desliza pela superf\u00edcie lisa de tecido microtexturizado do tapete macio - apoiado por uma base de borracha antiderrapante para controle est\u00e1vel.<\/p>\n<p><img decoding=\"async\" class=\"aligncenter\" src=\"\/wp-content\/uploads\/replace\/364e1875ed6911cf7e99d0fbced5e54b.png\" alt=\"Razer DeathAdder V2 Pro - Genshin Impact Edition Mice\" \/><\/p>\n<p align=\"center\"><strong>OTIMIZADO PARA TODA SENSIBILIDADE<\/strong><\/p>\n<p align=\"center\">CONFIGURA\u00c7\u00d5ES E SENSORES<\/p>\n<p align=\"center\">Sensor de baixo sentido, alto sentido, laser ou \u00f3ptico \u2013 qualquer que seja sua configura\u00e7\u00e3o de sensibilidade ou mouse para jogos preferido, o Razer Goliathus oferece capacidade de resposta de rastreamento total para controle consistente e confi\u00e1vel no jogo.<\/p>\n<p><img decoding=\"async\" class=\"aligncenter\" src=\"\/wp-content\/uploads\/replace\/302cb185f4e08672b2897308080638db.png\" alt=\"Razer DeathAdder V2 Pro - Genshin Impact Edition Mice\" \/><\/p>\n<p align=\"center\"><strong>MAIS QUE ALIMENTO DE EMERG\u00caNCIA<\/strong><\/p>\n<p align=\"center\">Como nossa guia em Teyvat, Paimon nunca parou de apoiar os Viajantes em suas aventuras. Mas agora ela est\u00e1 aqui para melhorar ainda mais o seu jogo. Melhore sua jogabilidade e experimente sua magia em primeira m\u00e3o com nosso equipamento oficial Genshin Impact Edition. Voc\u00ea n\u00e3o est\u00e1 feliz por t\u00ea-la pescado naquele lago?<\/p>\n<p><img decoding=\"async\" class=\"aligncenter\" src=\"\/wp-content\/uploads\/replace\/04fa47c8dfed3d7c9e45daafc9dc3ce6.png\" alt=\"Razer DeathAdder V2 Pro - Genshin Impact Edition Mice\" \/><\/p>\n<p>&nbsp;<\/p>\n<div class=\"title--wrap--wDzGayX\">\n<div class=\"title--text--Lx66GPw\">\n<h1 class=\"title--title--RN9Pt03\">Especifica\u00e7\u00f5es<\/h1>\n<\/div>\n<\/div>\n<ul class=\"specification--list--fiWsSyv\">\n<li class=\"specification--line--iUJOqof\">\n<div class=\"specification--prop--RejitI8\">\n<div class=\"specification--title--UbVeyic\">Modo de opera\u00e7\u00e3o: Optoeletr\u00f4nico<\/div>\n<\/div>\n<div class=\"specification--prop--RejitI8\">\n<div class=\"specification--title--UbVeyic\">Tipo de energia: Recarreg\u00e1vel<\/div>\n<\/div>\n<\/li>\n<li class=\"specification--line--iUJOqof\">\n<div class=\"specification--prop--RejitI8\">\n<div class=\"specification--title--UbVeyic\">N\u00famero de rolos: 1 unidade<\/div>\n<\/div>\n<div class=\"specification--prop--RejitI8\">\n<div class=\"specification--title--UbVeyic\">Orienta\u00e7\u00e3o da m\u00e3o: direita<\/div>\n<\/div>\n<\/li>\n<li class=\"specification--line--iUJOqof\">\n<div class=\"specification--prop--RejitI8\">\n<div class=\"specification--title--UbVeyic\">Pacote: Sim<\/div>\n<\/div>\n<div class=\"specification--prop--RejitI8\">\n<div class=\"specification--title--UbVeyic\">DPI: 20.000<\/div>\n<\/div>\n<\/li>\n<li class=\"specification--line--iUJOqof\">\n<div class=\"specification--prop--RejitI8\">\n<div class=\"specification--title--UbVeyic\">Tipo: 2,4 GHz sem fio<\/div>\n<\/div>\n<div class=\"specification--prop--RejitI8\">\n<div class=\"specification--title--UbVeyic\">Marca: Razer<\/div>\n<\/div>\n<\/li>\n<li class=\"specification--line--iUJOqof\">\n<div class=\"specification--prop--RejitI8\">\n<div class=\"specification--title--UbVeyic\">Origem: China Continental<\/div>\n<\/div>\n<div class=\"specification--prop--RejitI8\">\n<div class=\"specification--title--UbVeyic\">Certifica\u00e7\u00e3o: CE<\/div>\n<\/div>\n<\/li>\n<\/ul>","protected":false},"excerpt":{"rendered":"<p style=\"font-weight: 400\"><span data-spm-anchor-id=\"a2g0o.detail.1000023.i3.2afbqQ1eqQ1eCJ\">Fator de forma: destro<\/span><\/p>\n<p style=\"font-weight: 400\">Conectividade: Razer\u2122 Hyperspeed Wireless<\/p>\n<p style=\"font-weight: 400\">\u00a0 \u00a0 \u00a0 \u00a0 \u00a0 \u00a0 \u00a0 \u00a0 \u00a0 \u00a0 Wired &#8211; Speedflex Cable<\/p>\n<p style=\"font-weight: 400\" data-spm-anchor-id=\"a2g0o.detail.1000023.i2.2afbqQ1eqQ1eCJ\">\u00a0 \u00a0 \u00a0 \u00a0 \u00a0 \u00a0 \u00a0 \u00a0 \u00a0 \u00a0 Bluetooth<\/p>\n<p>Sizes: \u00a05&#8243; x 2.43&#8243; x 1.68&#8243;<\/p>\n<p>Weight: 0.194 Lbs \/ 88 g (Excluding Dongle)<\/p>","protected":false},"featured_media":27781,"template":"","meta":[],"product_brand":[1379],"product_cat":[1322,1331],"product_tag":[],"class_list":{"0":"post-27615","1":"product","2":"type-product","3":"status-publish","4":"has-post-thumbnail","6":"product_brand-razer","7":"product_cat-other-a-brands","8":"product_cat-razer-other-a-brands","10":"first","11":"instock","12":"shipping-taxable","13":"product-type-simple"},"aioseo_notices":[],"aioseo_head":"\n\t\t<!-- All in One SEO Pro 4.5.9.2 - aioseo.com -->\n\t\t<meta name=\"description\" content=\"Form Factor: Right-Handed Connectivity: Razer\u2122 Hyperspeed Wireless Wired - Speedflex Cable Bluetooth Sizes: 5&quot; x 2.43&quot; x 1.68&quot; Weight: 0.194 Lbs \/ 88 g (Excluding Dongle)\" \/>\n\t\t<meta name=\"robots\" content=\"max-image-preview:large\" \/>\n\t\t<link rel=\"canonical\" href=\"https:\/\/www.rucashk.com\/pt\/produto\/razer-deathadder-v2-pro-genshin-impact-edition-mice\/\" \/>\n\t\t<meta name=\"generator\" content=\"All in One SEO Pro (AIOSEO) 4.5.9.2\" \/>\n\t\t<meta property=\"og:locale\" content=\"pt_PT\" \/>\n\t\t<meta property=\"og:site_name\" content=\"Rucas - One-stop AIoT Distribution Worldwide\" \/>\n\t\t<meta property=\"og:type\" content=\"article\" \/>\n\t\t<meta property=\"og:title\" content=\"Razer DeathAdder V2 Pro \u2013 Genshin Impact Edition Mice - Rucas - Wholesale and Distribution\" \/>\n\t\t<meta property=\"og:description\" content=\"Form Factor: Right-Handed Connectivity: Razer\u2122 Hyperspeed Wireless Wired - Speedflex Cable Bluetooth Sizes: 5&quot; x 2.43&quot; x 1.68&quot; Weight: 0.194 Lbs \/ 88 g (Excluding Dongle)\" \/>\n\t\t<meta property=\"og:url\" content=\"https:\/\/www.rucashk.com\/pt\/produto\/razer-deathadder-v2-pro-genshin-impact-edition-mice\/\" \/>\n\t\t<meta property=\"og:image\" content=\"https:\/\/www.rucashk.com\/wp-content\/uploads\/replace\/503b8e645f128a97ccde2b6290747646.jpeg\" \/>\n\t\t<meta property=\"og:image:secure_url\" content=\"https:\/\/www.rucashk.com\/wp-content\/uploads\/replace\/503b8e645f128a97ccde2b6290747646.jpeg\" \/>\n\t\t<meta property=\"og:image:width\" content=\"1456\" \/>\n\t\t<meta property=\"og:image:height\" content=\"816\" \/>\n\t\t<meta property=\"article:published_time\" content=\"2024-01-09T16:42:58+00:00\" \/>\n\t\t<meta property=\"article:modified_time\" content=\"2025-06-21T05:54:02+00:00\" \/>\n\t\t<meta name=\"twitter:card\" content=\"summary_large_image\" \/>\n\t\t<meta name=\"twitter:title\" content=\"Razer DeathAdder V2 Pro \u2013 Genshin Impact Edition Mice - Rucas - Wholesale and Distribution\" \/>\n\t\t<meta name=\"twitter:description\" content=\"Form Factor: Right-Handed Connectivity: Razer\u2122 Hyperspeed Wireless Wired - Speedflex Cable Bluetooth Sizes: 5&quot; x 2.43&quot; x 1.68&quot; Weight: 0.194 Lbs \/ 88 g (Excluding Dongle)\" \/>\n\t\t<meta name=\"twitter:image\" content=\"https:\/\/www.rucashk.com\/wp-content\/uploads\/replace\/503b8e645f128a97ccde2b6290747646.jpeg\" \/>\n\t\t<script type=\"application\/ld+json\" class=\"aioseo-schema\">\n\t\t\t{\"@context\":\"https:\\\/\\\/schema.org\",\"@graph\":[{\"@type\":\"BreadcrumbList\",\"@id\":\"https:\\\/\\\/www.rucashk.com\\\/pt\\\/produto\\\/razer-deathadder-v2-pro-genshin-impact-edition-mice\\\/#breadcrumblist\",\"itemListElement\":[{\"@type\":\"ListItem\",\"@id\":\"https:\\\/\\\/www.rucashk.com\\\/pt\\\/#listItem\",\"position\":1,\"name\":\"Home\",\"item\":\"https:\\\/\\\/www.rucashk.com\\\/pt\\\/\",\"nextItem\":\"https:\\\/\\\/www.rucashk.com\\\/pt\\\/produto\\\/razer-deathadder-v2-pro-genshin-impact-edition-mice\\\/#listItem\"},{\"@type\":\"ListItem\",\"@id\":\"https:\\\/\\\/www.rucashk.com\\\/pt\\\/produto\\\/razer-deathadder-v2-pro-genshin-impact-edition-mice\\\/#listItem\",\"position\":2,\"name\":\"Razer DeathAdder V2 Pro - Genshin Impact Edition Mice\",\"previousItem\":\"https:\\\/\\\/www.rucashk.com\\\/pt\\\/#listItem\"}]},{\"@type\":\"Organization\",\"@id\":\"https:\\\/\\\/www.rucashk.com\\\/pt\\\/#organization\",\"name\":\"Rucas\",\"url\":\"https:\\\/\\\/www.rucashk.com\\\/pt\\\/\",\"logo\":{\"@type\":\"ImageObject\",\"url\":\"https:\\\/\\\/www.rucashk.com\\\/wp-content\\\/uploads\\\/2023\\\/12\\\/Rucas_campany_logo.png\",\"@id\":\"https:\\\/\\\/www.rucashk.com\\\/pt\\\/produto\\\/razer-deathadder-v2-pro-genshin-impact-edition-mice\\\/#organizationLogo\",\"width\":221,\"height\":65},\"image\":{\"@id\":\"https:\\\/\\\/www.rucashk.com\\\/pt\\\/#organizationLogo\"}},{\"@type\":\"Person\",\"@id\":\"https:\\\/\\\/www.rucashk.com\\\/pt\\\/author\\\/admin\\\/#author\",\"url\":\"https:\\\/\\\/www.rucashk.com\\\/pt\\\/author\\\/admin\\\/\",\"name\":\"admin\",\"image\":{\"@type\":\"ImageObject\",\"@id\":\"https:\\\/\\\/www.rucashk.com\\\/pt\\\/produto\\\/razer-deathadder-v2-pro-genshin-impact-edition-mice\\\/#authorImage\",\"url\":\"https:\\\/\\\/secure.gravatar.com\\\/avatar\\\/b7c8925b09a27e72b30232f8ecaadbd5af0f70a38c78096863fe51b64f031c24?s=96&d=mm&r=g\",\"width\":96,\"height\":96,\"caption\":\"admin\"}},{\"@type\":\"WebPage\",\"@id\":\"https:\\\/\\\/www.rucashk.com\\\/pt\\\/produto\\\/razer-deathadder-v2-pro-genshin-impact-edition-mice\\\/#webpage\",\"url\":\"https:\\\/\\\/www.rucashk.com\\\/pt\\\/produto\\\/razer-deathadder-v2-pro-genshin-impact-edition-mice\\\/\",\"name\":\"Razer DeathAdder V2 Pro \\u2013 Genshin Impact Edition Mice - Rucas - Wholesale and Distribution\",\"description\":\"Form Factor: Right-Handed Connectivity: Razer\\u2122 Hyperspeed Wireless Wired - Speedflex Cable Bluetooth Sizes: 5\\\" x 2.43\\\" x 1.68\\\" Weight: 0.194 Lbs \\\/ 88 g (Excluding Dongle)\",\"inLanguage\":\"pt-PT\",\"isPartOf\":{\"@id\":\"https:\\\/\\\/www.rucashk.com\\\/pt\\\/#website\"},\"breadcrumb\":{\"@id\":\"https:\\\/\\\/www.rucashk.com\\\/pt\\\/produto\\\/razer-deathadder-v2-pro-genshin-impact-edition-mice\\\/#breadcrumblist\"},\"author\":{\"@id\":\"https:\\\/\\\/www.rucashk.com\\\/pt\\\/author\\\/admin\\\/#author\"},\"creator\":{\"@id\":\"https:\\\/\\\/www.rucashk.com\\\/pt\\\/author\\\/admin\\\/#author\"},\"image\":{\"@type\":\"ImageObject\",\"url\":\"https:\\\/\\\/www.rucashk.com\\\/wp-content\\\/uploads\\\/2024\\\/01\\\/10002-35-1.jpg\",\"@id\":\"https:\\\/\\\/www.rucashk.com\\\/pt\\\/produto\\\/razer-deathadder-v2-pro-genshin-impact-edition-mice\\\/#mainImage\",\"width\":800,\"height\":800},\"primaryImageOfPage\":{\"@id\":\"https:\\\/\\\/www.rucashk.com\\\/pt\\\/produto\\\/razer-deathadder-v2-pro-genshin-impact-edition-mice\\\/#mainImage\"},\"datePublished\":\"2024-01-09T16:42:58+00:00\",\"dateModified\":\"2025-06-21T05:54:02+00:00\"},{\"@type\":\"WebSite\",\"@id\":\"https:\\\/\\\/www.rucashk.com\\\/pt\\\/#website\",\"url\":\"https:\\\/\\\/www.rucashk.com\\\/pt\\\/\",\"name\":\"Rucas - Wholesale and distribution worldwide\",\"alternateName\":\"Rucas - One-stop AIoT Distribution Worldwide\",\"description\":\"One-stop AIoT Distribution Worldwide\",\"inLanguage\":\"pt-PT\",\"publisher\":{\"@id\":\"https:\\\/\\\/www.rucashk.com\\\/pt\\\/#organization\"}}]}\n\t\t<\/script>\n\t\t<!-- All in One SEO Pro -->\r\n\t\t<title>Razer DeathAdder V2 Pro \u2013 Genshin Impact Edition Mice - Rucas - Wholesale and Distribution<\/title>\n\n","aioseo_head_json":{"title":"Razer DeathAdder V2 Pro \u2013 Genshin Impact Edition Mice - Rucas - Wholesale and Distribution","description":"Form Factor: Right-Handed Connectivity: Razer\u2122 Hyperspeed Wireless Wired - Speedflex Cable Bluetooth Sizes: 5\" x 2.43\" x 1.68\" Weight: 0.194 Lbs \/ 88 g (Excluding Dongle)","canonical_url":"https:\/\/www.rucashk.com\/pt\/produto\/razer-deathadder-v2-pro-genshin-impact-edition-mice\/","robots":"max-image-preview:large","keywords":"","webmasterTools":{"miscellaneous":""},"og:locale":"pt_PT","og:site_name":"Rucas - One-stop AIoT Distribution Worldwide","og:type":"article","og:title":"Razer DeathAdder V2 Pro \u2013 Genshin Impact Edition Mice - Rucas - Wholesale and Distribution","og:description":"Form Factor: Right-Handed Connectivity: Razer\u2122 Hyperspeed Wireless Wired - Speedflex Cable Bluetooth Sizes: 5&quot; x 2.43&quot; x 1.68&quot; Weight: 0.194 Lbs \/ 88 g (Excluding Dongle)","og:url":"https:\/\/www.rucashk.com\/pt\/produto\/razer-deathadder-v2-pro-genshin-impact-edition-mice\/","og:image":"https:\/\/www.rucashk.com\/wp-content\/uploads\/replace\/503b8e645f128a97ccde2b6290747646.jpeg","og:image:secure_url":"https:\/\/www.rucashk.com\/wp-content\/uploads\/replace\/503b8e645f128a97ccde2b6290747646.jpeg","og:image:width":1456,"og:image:height":816,"article:published_time":"2024-01-09T16:42:58+00:00","article:modified_time":"2025-06-21T05:54:02+00:00","twitter:card":"summary_large_image","twitter:title":"Razer DeathAdder V2 Pro \u2013 Genshin Impact Edition Mice - Rucas - Wholesale and Distribution","twitter:description":"Form Factor: Right-Handed Connectivity: Razer\u2122 Hyperspeed Wireless Wired - Speedflex Cable Bluetooth Sizes: 5&quot; x 2.43&quot; x 1.68&quot; Weight: 0.194 Lbs \/ 88 g (Excluding Dongle)","twitter:image":"https:\/\/www.rucashk.com\/wp-content\/uploads\/replace\/503b8e645f128a97ccde2b6290747646.jpeg","schema":{"@context":"https:\/\/schema.org","@graph":[{"@type":"BreadcrumbList","@id":"https:\/\/www.rucashk.com\/pt\/produto\/razer-deathadder-v2-pro-genshin-impact-edition-mice\/#breadcrumblist","itemListElement":[{"@type":"ListItem","@id":"https:\/\/www.rucashk.com\/pt\/#listItem","position":1,"name":"Home","item":"https:\/\/www.rucashk.com\/pt\/","nextItem":"https:\/\/www.rucashk.com\/pt\/produto\/razer-deathadder-v2-pro-genshin-impact-edition-mice\/#listItem"},{"@type":"ListItem","@id":"https:\/\/www.rucashk.com\/pt\/produto\/razer-deathadder-v2-pro-genshin-impact-edition-mice\/#listItem","position":2,"name":"Razer DeathAdder V2 Pro - Genshin Impact Edition Mice","previousItem":"https:\/\/www.rucashk.com\/pt\/#listItem"}]},{"@type":"Organization","@id":"https:\/\/www.rucashk.com\/pt\/#organization","name":"Rucas","url":"https:\/\/www.rucashk.com\/pt\/","logo":{"@type":"ImageObject","url":"https:\/\/www.rucashk.com\/wp-content\/uploads\/2023\/12\/Rucas_campany_logo.png","@id":"https:\/\/www.rucashk.com\/pt\/produto\/razer-deathadder-v2-pro-genshin-impact-edition-mice\/#organizationLogo","width":221,"height":65},"image":{"@id":"https:\/\/www.rucashk.com\/pt\/#organizationLogo"}},{"@type":"Person","@id":"https:\/\/www.rucashk.com\/pt\/author\/admin\/#author","url":"https:\/\/www.rucashk.com\/pt\/author\/admin\/","name":"admin","image":{"@type":"ImageObject","@id":"https:\/\/www.rucashk.com\/pt\/produto\/razer-deathadder-v2-pro-genshin-impact-edition-mice\/#authorImage","url":"https:\/\/secure.gravatar.com\/avatar\/b7c8925b09a27e72b30232f8ecaadbd5af0f70a38c78096863fe51b64f031c24?s=96&d=mm&r=g","width":96,"height":96,"caption":"admin"}},{"@type":"WebPage","@id":"https:\/\/www.rucashk.com\/pt\/produto\/razer-deathadder-v2-pro-genshin-impact-edition-mice\/#webpage","url":"https:\/\/www.rucashk.com\/pt\/produto\/razer-deathadder-v2-pro-genshin-impact-edition-mice\/","name":"Razer DeathAdder V2 Pro \u2013 Genshin Impact Edition Mice - Rucas - Wholesale and Distribution","description":"Form Factor: Right-Handed Connectivity: Razer\u2122 Hyperspeed Wireless Wired - Speedflex Cable Bluetooth Sizes: 5\" x 2.43\" x 1.68\" Weight: 0.194 Lbs \/ 88 g (Excluding Dongle)","inLanguage":"pt-PT","isPartOf":{"@id":"https:\/\/www.rucashk.com\/pt\/#website"},"breadcrumb":{"@id":"https:\/\/www.rucashk.com\/pt\/produto\/razer-deathadder-v2-pro-genshin-impact-edition-mice\/#breadcrumblist"},"author":{"@id":"https:\/\/www.rucashk.com\/pt\/author\/admin\/#author"},"creator":{"@id":"https:\/\/www.rucashk.com\/pt\/author\/admin\/#author"},"image":{"@type":"ImageObject","url":"https:\/\/www.rucashk.com\/wp-content\/uploads\/2024\/01\/10002-35-1.jpg","@id":"https:\/\/www.rucashk.com\/pt\/produto\/razer-deathadder-v2-pro-genshin-impact-edition-mice\/#mainImage","width":800,"height":800},"primaryImageOfPage":{"@id":"https:\/\/www.rucashk.com\/pt\/produto\/razer-deathadder-v2-pro-genshin-impact-edition-mice\/#mainImage"},"datePublished":"2024-01-09T16:42:58+00:00","dateModified":"2025-06-21T05:54:02+00:00"},{"@type":"WebSite","@id":"https:\/\/www.rucashk.com\/pt\/#website","url":"https:\/\/www.rucashk.com\/pt\/","name":"Rucas - Wholesale and distribution worldwide","alternateName":"Rucas - One-stop AIoT Distribution Worldwide","description":"One-stop AIoT Distribution Worldwide","inLanguage":"pt-PT","publisher":{"@id":"https:\/\/www.rucashk.com\/pt\/#organization"}}]}},"aioseo_meta_data":{"post_id":"27615","title":null,"description":null,"keywords":null,"keyphrases":null,"primary_term":null,"canonical_url":null,"og_title":null,"og_description":null,"og_object_type":"default","og_image_type":"default","og_image_url":null,"og_image_width":null,"og_image_height":null,"og_image_custom_url":null,"og_image_custom_fields":null,"og_video":"","og_custom_url":null,"og_article_section":null,"og_article_tags":null,"twitter_use_og":false,"twitter_card":"default","twitter_image_type":"default","twitter_image_url":null,"twitter_image_custom_url":null,"twitter_image_custom_fields":null,"twitter_title":null,"twitter_description":null,"schema":{"blockGraphs":[],"customGraphs":[],"default":{"data":{"Article":[],"Course":[],"Dataset":[],"FAQPage":[],"Movie":[],"Person":[],"Product":[],"Recipe":[],"Service":[],"SoftwareApplication":[],"WebPage":[]},"graphName":"","isEnabled":true},"graphs":[]},"schema_type":"default","schema_type_options":null,"pillar_content":false,"robots_default":true,"robots_noindex":false,"robots_noarchive":false,"robots_nosnippet":false,"robots_nofollow":false,"robots_noimageindex":false,"robots_noodp":false,"robots_notranslate":false,"robots_max_snippet":"-1","robots_max_videopreview":"-1","robots_max_imagepreview":"large","priority":null,"frequency":"default","local_seo":null,"breadcrumb_settings":null,"limit_modified_date":false,"created":"2024-04-11 01:57:22","updated":"2025-06-22 18:40:01"},"aioseo_breadcrumb":"<div class=\"aioseo-breadcrumbs\"><span class=\"aioseo-breadcrumb\">\n\t<a href=\"https:\/\/www.rucashk.com\/pt\" title=\"Home\">Home<\/a>\n<\/span><span class=\"aioseo-breadcrumb-separator\">&raquo;<\/span><span class=\"aioseo-breadcrumb\">\n\t<a href=\"https:\/\/www.rucashk.com\/pt\/products\/\" title=\"Produtos\">Produtos<\/a>\n<\/span><span class=\"aioseo-breadcrumb-separator\">&raquo;<\/span><span class=\"aioseo-breadcrumb\">\n\t<a href=\"https:\/\/www.rucashk.com\/pt\/marca\/razer\/\" title=\"Razer\">Razer<\/a>\n<\/span><span class=\"aioseo-breadcrumb-separator\">&raquo;<\/span><span class=\"aioseo-breadcrumb\">\n\tRazer DeathAdder V2 Pro \u2013 Genshin Impact Edition Mice\n<\/span><\/div>","aioseo_breadcrumb_json":[{"label":"Home","link":"https:\/\/www.rucashk.com\/pt"},{"label":"Produtos","link":"https:\/\/www.rucashk.com\/pt\/products\/"},{"label":"Razer","link":"https:\/\/www.rucashk.com\/pt\/marca\/razer\/"},{"label":"Razer DeathAdder V2 Pro &#8211; Genshin Impact Edition Mice","link":"https:\/\/www.rucashk.com\/pt\/produto\/razer-deathadder-v2-pro-genshin-impact-edition-mice\/"}],"_links":{"self":[{"href":"https:\/\/www.rucashk.com\/pt\/wp-json\/wp\/v2\/product\/27615","targetHints":{"allow":["GET"]}}],"collection":[{"href":"https:\/\/www.rucashk.com\/pt\/wp-json\/wp\/v2\/product"}],"about":[{"href":"https:\/\/www.rucashk.com\/pt\/wp-json\/wp\/v2\/types\/product"}],"wp:featuredmedia":[{"embeddable":true,"href":"https:\/\/www.rucashk.com\/pt\/wp-json\/wp\/v2\/media\/27781"}],"wp:attachment":[{"href":"https:\/\/www.rucashk.com\/pt\/wp-json\/wp\/v2\/media?parent=27615"}],"wp:term":[{"taxonomy":"product_brand","embeddable":true,"href":"https:\/\/www.rucashk.com\/pt\/wp-json\/wp\/v2\/product_brand?post=27615"},{"taxonomy":"product_cat","embeddable":true,"href":"https:\/\/www.rucashk.com\/pt\/wp-json\/wp\/v2\/product_cat?post=27615"},{"taxonomy":"product_tag","embeddable":true,"href":"https:\/\/www.rucashk.com\/pt\/wp-json\/wp\/v2\/product_tag?post=27615"}],"curies":[{"name":"wp","href":"https:\/\/api.w.org\/{rel}","templated":true}]}}