{"id":27612,"date":"2024-01-09T16:42:58","date_gmt":"2024-01-09T16:42:58","guid":{"rendered":"http:\/\/rucashk.com\/?post_type=product&#038;p=27612"},"modified":"2025-06-21T05:53:54","modified_gmt":"2025-06-21T05:53:54","slug":"razer-naga-x-mice","status":"publish","type":"product","link":"https:\/\/www.rucashk.com\/pt\/produto\/razer-naga-x-mice\/","title":{"rendered":"Ratos Razer Naga X"},"content":{"rendered":"<div id=\"nav-description\">\n<div>\n<div class=\"extend--content--DlnAngg\">\n<div>\n<div id=\"product-description\" class=\"description--product-description--nxRv0lW\" data-spm=\"1000023\" data-pl=\"product-description\">\n<div class=\"description--origin-part--SsZJoGC\">\n<h2 align=\"start\"><strong data-spm-anchor-id=\"a2g0o.detail.1000023.i0.afad5bRJ5bRJSx\">SWITCHES DE MOUSE \u00d3PTICO RAZERTM DE 2\u00aa GERA\u00c7\u00c3O<\/strong><\/h2>\n<p align=\"start\">Melhorou<br \/>\ncom maior feedback t\u00e1til, cada clique agora parece e soa mais<br \/>\natua\u00e7\u00e3o satisfat\u00f3ria por meio de um feixe de luz infravermelha para um l\u00edder do setor<br \/>\ntempo de resposta de 0,2ms. Porque esta forma de atua\u00e7\u00e3o j\u00e1 n\u00e3o<br \/>\nrequer contato f\u00edsico tradicional, elimina a necessidade de rejei\u00e7\u00e3o<br \/>\natrasa e nunca aciona cliques N\u00c3O intencionais, proporcionando um controle mais pr\u00f3ximo<br \/>\ne execu\u00e7\u00e3o impec\u00e1vel.<\/p>\n<h2 align=\"start\"><img decoding=\"async\" alt=\"Razer Naga X Mice\" src=\"\/wp-content\/uploads\/replace\/4da446d40ee82ee3e64ee2a07a99b803.jpeg\" \/><\/p>\n<p><strong>FEITO PARA RAID<\/strong><\/h2>\n<p align=\"start\">Se<br \/>\nvoc\u00ea \u00e9 um tank, healer ou DPS, esteja sempre pronto para atacar com o Razer<br \/>\nNaga X-um mouse ergon\u00f4mico para jogos MMO com 16 bot\u00f5es program\u00e1veis. Feito<br \/>\nmais leve e equipado com outros recursos de \u00faltima gera\u00e7\u00e3o, \u00e9 hora de voc\u00ea ter<br \/>\npreparado para cobrir as toras.<\/p>\n<h2 align=\"start\"><img decoding=\"async\" alt=\"Razer Naga X Mice\" src=\"\/wp-content\/uploads\/replace\/d9d9b95b07eab13d7291d289bb238663.jpeg\" \/><\/p>\n<p><strong>ESPECIFICADO PARA CADA MMO<\/strong><\/h2>\n<p align=\"start\">Supere seu grupo e domine suas rota\u00e7\u00f5es com essas configura\u00e7\u00f5es de bot\u00e3o recomendadas.<br \/>\nMundo de Warcraft |  Final Fantasy XIV<\/p>\n<h2 align=\"start\"><img decoding=\"async\" alt=\"Razer Naga X Mice\" src=\"\/wp-content\/uploads\/replace\/91b8274fd7158e063d8cbbed119acc73.jpeg\" \/><\/p>\n<p><strong>DESIGN ERGON\u00d4MICO DE PESO M\u00c9DIO 85G<\/strong><\/h2>\n<p align=\"start\">Pesagem<br \/>\n30% menos que o Razer Naga Trinity, o mais leve do Razer Naga X,<br \/>\no formato ergon\u00f4mico faz com que cada passada pare\u00e7a f\u00e1cil. Recomendado para jogadores<br \/>\ncom m\u00e3os de tamanho m\u00e9dio a grande, este mouse para jogos MMO \u00e9 mais adequado<br \/>\npara aqueles que preferem estilos de empunhadura com palma ou garra.<\/p>\n<h2 align=\"start\">\n<strong>SENSOR \u00d3PTICO AVAN\u00c7ADO RAZERTM 5G<\/strong><\/h2>\n<p align=\"start\">Projetado<br \/>\ncom precis\u00e3o de rastreamento 99.4%, o sensor deste mouse para jogos MMO tamb\u00e9m<br \/>\npermite um n\u00edvel avan\u00e7ado de precis\u00e3o, pois pode ser calibrado via<br \/>\nRazer Synapse definindo um perfil de superf\u00edcie de mouse predefinido ou personalizado.<\/p>\n<h2 align=\"start\">\n<strong>P\u00c9S DE RATO 100% PTFE<\/strong><\/h2>\n<p align=\"start\">Desfrute de movimentos suaves do mouse em qualquer superf\u00edcie com p\u00e9s de mouse feitos do mais puro e mais alto grau de PTFE.<\/p>\n<h2 align=\"start\"><strong><br \/>\nCABO RAZERIM SPEEDFLEX<\/strong><\/h2>\n<p align=\"start\">Tecido<br \/>\npara maior flexibilidade e projetado para produzir arrasto m\u00ednimo, voc\u00ea<br \/>\nser capaz de executar movimentos mais r\u00e1pidos e suaves para um controle mais r\u00edgido do mouse.<\/p>\n<h2 align=\"start\">\n<img decoding=\"async\" alt=\"Razer Naga X Mice\" src=\"\/wp-content\/uploads\/replace\/6b7aacbd234aaac81c4ba85379488c29.jpeg\" \/><\/h2>\n<\/div>\n<\/div>\n<\/div>\n<\/div>\n<\/div>\n<\/div>\n<div class=\"comet-v2-divider comet-v2-divider-small split-line--wrap--uquPC9W\"><\/div>\n<div id=\"nav-specification\" data-pl=\"product-specs\" data-spm-anchor-id=\"a2g0o.detail.0.i10.afad5bRJ5bRJSx\">\n<div class=\"title--wrap--wDzGayX\">\n<div class=\"title--text--Lx66GPw\">\n<h1 class=\"title--title--RN9Pt03\">Especifica\u00e7\u00f5es<\/h1>\n<\/div>\n<\/div>\n<ul class=\"specification--list--fiWsSyv\">\n<li class=\"specification--line--iUJOqof\">\n<div class=\"specification--prop--RejitI8\">\n<div class=\"specification--title--UbVeyic\">Acelera\u00e7\u00e3o: 35G<\/div>\n<\/div>\n<div class=\"specification--prop--RejitI8\">\n<div class=\"specification--title--UbVeyic\">Modo de opera\u00e7\u00e3o: Optoeletr\u00f4nico<\/div>\n<\/div>\n<\/li>\n<li class=\"specification--line--iUJOqof\">\n<div class=\"specification--prop--RejitI8\">\n<div class=\"specification--title--UbVeyic\">Tipo de energia: Recarreg\u00e1vel<\/div>\n<\/div>\n<div class=\"specification--prop--RejitI8\">\n<div class=\"specification--title--UbVeyic\">N\u00famero de bot\u00f5es: 15<\/div>\n<\/div>\n<\/li>\n<li class=\"specification--line--iUJOqof\">\n<div class=\"specification--prop--RejitI8\">\n<div class=\"specification--title--UbVeyic\">N\u00famero de rolos: 1 unidade<\/div>\n<\/div>\n<div class=\"specification--prop--RejitI8\">\n<div class=\"specification--title--UbVeyic\">Orienta\u00e7\u00e3o da m\u00e3o: direita<\/div>\n<\/div>\n<\/li>\n<li class=\"specification--line--iUJOqof\">\n<div class=\"specification--prop--RejitI8\">\n<div class=\"specification--title--UbVeyic\">Pacote: Sim<\/div>\n<\/div>\n<div class=\"specification--prop--RejitI8\">\n<div class=\"specification--title--UbVeyic\">DPI: 18.000<\/div>\n<\/div>\n<\/li>\n<li class=\"specification--line--iUJOqof\">\n<div class=\"specification--prop--RejitI8\">\n<div class=\"specification--title--UbVeyic\">Tipo de interface: USB<\/div>\n<\/div>\n<div class=\"specification--prop--RejitI8\">\n<div class=\"specification--title--UbVeyic\">Tipo: COM FIO<\/div>\n<\/div>\n<\/li>\n<li class=\"specification--line--iUJOqof\">\n<div class=\"specification--prop--RejitI8\">\n<div class=\"specification--title--UbVeyic\">Marca: Razer<\/div>\n<\/div>\n<div class=\"specification--prop--RejitI8\">\n<div class=\"specification--title--UbVeyic\">Origem: China Continental<\/div>\n<\/div>\n<\/li>\n<li class=\"specification--line--iUJOqof\">\n<div class=\"specification--prop--RejitI8\">\n<div class=\"specification--title--UbVeyic\">Certifica\u00e7\u00e3o: CE<\/div>\n<\/div>\n<\/li>\n<\/ul>\n<\/div>","protected":false},"excerpt":{"rendered":"<p class=\"a-size-base-plus a-text-bold\" align=\"start\"><strong>Sobre este item<\/strong><\/p>\n<ul class=\"a-unordered-list a-vertical a-spacing-mini\">\n<li><span class=\"a-list-item\">Mais r\u00e1pido que os interruptores mec\u00e2nicos tradicionais<\/span><\/li>\n<li><span class=\"a-list-item\">Sensor \u00f3ptico 5G de alta precis\u00e3o de 18.000 DPI<\/span><\/li>\n<li><span class=\"a-list-item\">16 bot\u00f5es program\u00e1veis<\/span><\/li>\n<li><span class=\"a-list-item\">Ilumina\u00e7\u00e3o Chroma RGB imersiva e personaliz\u00e1vel<\/span><\/li>\n<li><span class=\"a-list-item\">Cabo sem arrastar para desempenho semelhante ao sem fio<\/span><\/li>\n<\/ul>","protected":false},"featured_media":27762,"template":"","meta":[],"product_brand":[1379],"product_cat":[1322,1331],"product_tag":[],"class_list":{"0":"post-27612","1":"product","2":"type-product","3":"status-publish","4":"has-post-thumbnail","6":"product_brand-razer","7":"product_cat-other-a-brands","8":"product_cat-razer-other-a-brands","10":"first","11":"instock","12":"shipping-taxable","13":"product-type-simple"},"aioseo_notices":[],"aioseo_head":"\n\t\t<!-- All in One SEO Pro 4.5.9.2 - aioseo.com -->\n\t\t<meta name=\"description\" content=\"About this item Faster Than Traditional Mechanical Switches High-Precision 18,000 DPI 5G Optical Sensor 16 Programmable Buttons Immersive, Customizable Chroma RGB Lighting Drag-Free Cord for Wireless-Like Performance\" \/>\n\t\t<meta name=\"robots\" content=\"max-image-preview:large\" \/>\n\t\t<link rel=\"canonical\" href=\"https:\/\/www.rucashk.com\/pt\/produto\/razer-naga-x-mice\/\" \/>\n\t\t<meta name=\"generator\" content=\"All in One SEO Pro (AIOSEO) 4.5.9.2\" \/>\n\t\t<meta property=\"og:locale\" content=\"pt_PT\" \/>\n\t\t<meta property=\"og:site_name\" content=\"Rucas - One-stop AIoT Distribution Worldwide\" \/>\n\t\t<meta property=\"og:type\" content=\"article\" \/>\n\t\t<meta property=\"og:title\" content=\"Razer Naga X Mice - Rucas - Wholesale and Distribution\" \/>\n\t\t<meta property=\"og:description\" content=\"About this item Faster Than Traditional Mechanical Switches High-Precision 18,000 DPI 5G Optical Sensor 16 Programmable Buttons Immersive, Customizable Chroma RGB Lighting Drag-Free Cord for Wireless-Like Performance\" \/>\n\t\t<meta property=\"og:url\" content=\"https:\/\/www.rucashk.com\/pt\/produto\/razer-naga-x-mice\/\" \/>\n\t\t<meta property=\"og:image\" content=\"https:\/\/www.rucashk.com\/wp-content\/uploads\/replace\/503b8e645f128a97ccde2b6290747646.jpeg\" \/>\n\t\t<meta property=\"og:image:secure_url\" content=\"https:\/\/www.rucashk.com\/wp-content\/uploads\/replace\/503b8e645f128a97ccde2b6290747646.jpeg\" \/>\n\t\t<meta property=\"og:image:width\" content=\"1456\" \/>\n\t\t<meta property=\"og:image:height\" content=\"816\" \/>\n\t\t<meta property=\"article:published_time\" content=\"2024-01-09T16:42:58+00:00\" \/>\n\t\t<meta property=\"article:modified_time\" content=\"2025-06-21T05:53:54+00:00\" \/>\n\t\t<meta name=\"twitter:card\" content=\"summary_large_image\" \/>\n\t\t<meta name=\"twitter:title\" content=\"Razer Naga X Mice - Rucas - Wholesale and Distribution\" \/>\n\t\t<meta name=\"twitter:description\" content=\"About this item Faster Than Traditional Mechanical Switches High-Precision 18,000 DPI 5G Optical Sensor 16 Programmable Buttons Immersive, Customizable Chroma RGB Lighting Drag-Free Cord for Wireless-Like Performance\" \/>\n\t\t<meta name=\"twitter:image\" content=\"https:\/\/www.rucashk.com\/wp-content\/uploads\/replace\/503b8e645f128a97ccde2b6290747646.jpeg\" \/>\n\t\t<script type=\"application\/ld+json\" class=\"aioseo-schema\">\n\t\t\t{\"@context\":\"https:\\\/\\\/schema.org\",\"@graph\":[{\"@type\":\"BreadcrumbList\",\"@id\":\"https:\\\/\\\/www.rucashk.com\\\/pt\\\/produto\\\/razer-naga-x-mice\\\/#breadcrumblist\",\"itemListElement\":[{\"@type\":\"ListItem\",\"@id\":\"https:\\\/\\\/www.rucashk.com\\\/pt\\\/#listItem\",\"position\":1,\"name\":\"Home\",\"item\":\"https:\\\/\\\/www.rucashk.com\\\/pt\\\/\",\"nextItem\":\"https:\\\/\\\/www.rucashk.com\\\/pt\\\/produto\\\/razer-naga-x-mice\\\/#listItem\"},{\"@type\":\"ListItem\",\"@id\":\"https:\\\/\\\/www.rucashk.com\\\/pt\\\/produto\\\/razer-naga-x-mice\\\/#listItem\",\"position\":2,\"name\":\"Razer Naga X Mice\",\"previousItem\":\"https:\\\/\\\/www.rucashk.com\\\/pt\\\/#listItem\"}]},{\"@type\":\"Organization\",\"@id\":\"https:\\\/\\\/www.rucashk.com\\\/pt\\\/#organization\",\"name\":\"Rucas\",\"url\":\"https:\\\/\\\/www.rucashk.com\\\/pt\\\/\",\"logo\":{\"@type\":\"ImageObject\",\"url\":\"https:\\\/\\\/www.rucashk.com\\\/wp-content\\\/uploads\\\/2023\\\/12\\\/Rucas_campany_logo.png\",\"@id\":\"https:\\\/\\\/www.rucashk.com\\\/pt\\\/produto\\\/razer-naga-x-mice\\\/#organizationLogo\",\"width\":221,\"height\":65},\"image\":{\"@id\":\"https:\\\/\\\/www.rucashk.com\\\/pt\\\/#organizationLogo\"}},{\"@type\":\"Person\",\"@id\":\"https:\\\/\\\/www.rucashk.com\\\/pt\\\/author\\\/admin\\\/#author\",\"url\":\"https:\\\/\\\/www.rucashk.com\\\/pt\\\/author\\\/admin\\\/\",\"name\":\"admin\",\"image\":{\"@type\":\"ImageObject\",\"@id\":\"https:\\\/\\\/www.rucashk.com\\\/pt\\\/produto\\\/razer-naga-x-mice\\\/#authorImage\",\"url\":\"https:\\\/\\\/secure.gravatar.com\\\/avatar\\\/b7c8925b09a27e72b30232f8ecaadbd5af0f70a38c78096863fe51b64f031c24?s=96&d=mm&r=g\",\"width\":96,\"height\":96,\"caption\":\"admin\"}},{\"@type\":\"WebPage\",\"@id\":\"https:\\\/\\\/www.rucashk.com\\\/pt\\\/produto\\\/razer-naga-x-mice\\\/#webpage\",\"url\":\"https:\\\/\\\/www.rucashk.com\\\/pt\\\/produto\\\/razer-naga-x-mice\\\/\",\"name\":\"Razer Naga X Mice - Rucas - Wholesale and Distribution\",\"description\":\"About this item Faster Than Traditional Mechanical Switches High-Precision 18,000 DPI 5G Optical Sensor 16 Programmable Buttons Immersive, Customizable Chroma RGB Lighting Drag-Free Cord for Wireless-Like Performance\",\"inLanguage\":\"pt-PT\",\"isPartOf\":{\"@id\":\"https:\\\/\\\/www.rucashk.com\\\/pt\\\/#website\"},\"breadcrumb\":{\"@id\":\"https:\\\/\\\/www.rucashk.com\\\/pt\\\/produto\\\/razer-naga-x-mice\\\/#breadcrumblist\"},\"author\":{\"@id\":\"https:\\\/\\\/www.rucashk.com\\\/pt\\\/author\\\/admin\\\/#author\"},\"creator\":{\"@id\":\"https:\\\/\\\/www.rucashk.com\\\/pt\\\/author\\\/admin\\\/#author\"},\"image\":{\"@type\":\"ImageObject\",\"url\":\"https:\\\/\\\/www.rucashk.com\\\/wp-content\\\/uploads\\\/2024\\\/01\\\/83a226d495670befb8fea12d1608fde.png\",\"@id\":\"https:\\\/\\\/www.rucashk.com\\\/pt\\\/produto\\\/razer-naga-x-mice\\\/#mainImage\",\"width\":654,\"height\":630},\"primaryImageOfPage\":{\"@id\":\"https:\\\/\\\/www.rucashk.com\\\/pt\\\/produto\\\/razer-naga-x-mice\\\/#mainImage\"},\"datePublished\":\"2024-01-09T16:42:58+00:00\",\"dateModified\":\"2025-06-21T05:53:54+00:00\"},{\"@type\":\"WebSite\",\"@id\":\"https:\\\/\\\/www.rucashk.com\\\/pt\\\/#website\",\"url\":\"https:\\\/\\\/www.rucashk.com\\\/pt\\\/\",\"name\":\"Rucas - Wholesale and distribution worldwide\",\"alternateName\":\"Rucas - One-stop AIoT Distribution Worldwide\",\"description\":\"One-stop AIoT Distribution Worldwide\",\"inLanguage\":\"pt-PT\",\"publisher\":{\"@id\":\"https:\\\/\\\/www.rucashk.com\\\/pt\\\/#organization\"}}]}\n\t\t<\/script>\n\t\t<!-- All in One SEO Pro -->\r\n\t\t<title>Razer Naga X Mice - Rucas - Wholesale and Distribution<\/title>\n\n","aioseo_head_json":{"title":"Razer Naga X Mice - Rucas - Wholesale and Distribution","description":"About this item Faster Than Traditional Mechanical Switches High-Precision 18,000 DPI 5G Optical Sensor 16 Programmable Buttons Immersive, Customizable Chroma RGB Lighting Drag-Free Cord for Wireless-Like Performance","canonical_url":"https:\/\/www.rucashk.com\/pt\/produto\/razer-naga-x-mice\/","robots":"max-image-preview:large","keywords":"","webmasterTools":{"miscellaneous":""},"og:locale":"pt_PT","og:site_name":"Rucas - One-stop AIoT Distribution Worldwide","og:type":"article","og:title":"Razer Naga X Mice - Rucas - Wholesale and Distribution","og:description":"About this item Faster Than Traditional Mechanical Switches High-Precision 18,000 DPI 5G Optical Sensor 16 Programmable Buttons Immersive, Customizable Chroma RGB Lighting Drag-Free Cord for Wireless-Like Performance","og:url":"https:\/\/www.rucashk.com\/pt\/produto\/razer-naga-x-mice\/","og:image":"https:\/\/www.rucashk.com\/wp-content\/uploads\/replace\/503b8e645f128a97ccde2b6290747646.jpeg","og:image:secure_url":"https:\/\/www.rucashk.com\/wp-content\/uploads\/replace\/503b8e645f128a97ccde2b6290747646.jpeg","og:image:width":1456,"og:image:height":816,"article:published_time":"2024-01-09T16:42:58+00:00","article:modified_time":"2025-06-21T05:53:54+00:00","twitter:card":"summary_large_image","twitter:title":"Razer Naga X Mice - Rucas - Wholesale and Distribution","twitter:description":"About this item Faster Than Traditional Mechanical Switches High-Precision 18,000 DPI 5G Optical Sensor 16 Programmable Buttons Immersive, Customizable Chroma RGB Lighting Drag-Free Cord for Wireless-Like Performance","twitter:image":"https:\/\/www.rucashk.com\/wp-content\/uploads\/replace\/503b8e645f128a97ccde2b6290747646.jpeg","schema":{"@context":"https:\/\/schema.org","@graph":[{"@type":"BreadcrumbList","@id":"https:\/\/www.rucashk.com\/pt\/produto\/razer-naga-x-mice\/#breadcrumblist","itemListElement":[{"@type":"ListItem","@id":"https:\/\/www.rucashk.com\/pt\/#listItem","position":1,"name":"Home","item":"https:\/\/www.rucashk.com\/pt\/","nextItem":"https:\/\/www.rucashk.com\/pt\/produto\/razer-naga-x-mice\/#listItem"},{"@type":"ListItem","@id":"https:\/\/www.rucashk.com\/pt\/produto\/razer-naga-x-mice\/#listItem","position":2,"name":"Razer Naga X Mice","previousItem":"https:\/\/www.rucashk.com\/pt\/#listItem"}]},{"@type":"Organization","@id":"https:\/\/www.rucashk.com\/pt\/#organization","name":"Rucas","url":"https:\/\/www.rucashk.com\/pt\/","logo":{"@type":"ImageObject","url":"https:\/\/www.rucashk.com\/wp-content\/uploads\/2023\/12\/Rucas_campany_logo.png","@id":"https:\/\/www.rucashk.com\/pt\/produto\/razer-naga-x-mice\/#organizationLogo","width":221,"height":65},"image":{"@id":"https:\/\/www.rucashk.com\/pt\/#organizationLogo"}},{"@type":"Person","@id":"https:\/\/www.rucashk.com\/pt\/author\/admin\/#author","url":"https:\/\/www.rucashk.com\/pt\/author\/admin\/","name":"admin","image":{"@type":"ImageObject","@id":"https:\/\/www.rucashk.com\/pt\/produto\/razer-naga-x-mice\/#authorImage","url":"https:\/\/secure.gravatar.com\/avatar\/b7c8925b09a27e72b30232f8ecaadbd5af0f70a38c78096863fe51b64f031c24?s=96&d=mm&r=g","width":96,"height":96,"caption":"admin"}},{"@type":"WebPage","@id":"https:\/\/www.rucashk.com\/pt\/produto\/razer-naga-x-mice\/#webpage","url":"https:\/\/www.rucashk.com\/pt\/produto\/razer-naga-x-mice\/","name":"Razer Naga X Mice - Rucas - Wholesale and Distribution","description":"About this item Faster Than Traditional Mechanical Switches High-Precision 18,000 DPI 5G Optical Sensor 16 Programmable Buttons Immersive, Customizable Chroma RGB Lighting Drag-Free Cord for Wireless-Like Performance","inLanguage":"pt-PT","isPartOf":{"@id":"https:\/\/www.rucashk.com\/pt\/#website"},"breadcrumb":{"@id":"https:\/\/www.rucashk.com\/pt\/produto\/razer-naga-x-mice\/#breadcrumblist"},"author":{"@id":"https:\/\/www.rucashk.com\/pt\/author\/admin\/#author"},"creator":{"@id":"https:\/\/www.rucashk.com\/pt\/author\/admin\/#author"},"image":{"@type":"ImageObject","url":"https:\/\/www.rucashk.com\/wp-content\/uploads\/2024\/01\/83a226d495670befb8fea12d1608fde.png","@id":"https:\/\/www.rucashk.com\/pt\/produto\/razer-naga-x-mice\/#mainImage","width":654,"height":630},"primaryImageOfPage":{"@id":"https:\/\/www.rucashk.com\/pt\/produto\/razer-naga-x-mice\/#mainImage"},"datePublished":"2024-01-09T16:42:58+00:00","dateModified":"2025-06-21T05:53:54+00:00"},{"@type":"WebSite","@id":"https:\/\/www.rucashk.com\/pt\/#website","url":"https:\/\/www.rucashk.com\/pt\/","name":"Rucas - Wholesale and distribution worldwide","alternateName":"Rucas - One-stop AIoT Distribution Worldwide","description":"One-stop AIoT Distribution Worldwide","inLanguage":"pt-PT","publisher":{"@id":"https:\/\/www.rucashk.com\/pt\/#organization"}}]}},"aioseo_meta_data":{"post_id":"27612","title":null,"description":null,"keywords":null,"keyphrases":null,"primary_term":null,"canonical_url":null,"og_title":null,"og_description":null,"og_object_type":"default","og_image_type":"default","og_image_url":null,"og_image_width":null,"og_image_height":null,"og_image_custom_url":null,"og_image_custom_fields":null,"og_video":"","og_custom_url":null,"og_article_section":null,"og_article_tags":null,"twitter_use_og":false,"twitter_card":"default","twitter_image_type":"default","twitter_image_url":null,"twitter_image_custom_url":null,"twitter_image_custom_fields":null,"twitter_title":null,"twitter_description":null,"schema":{"blockGraphs":[],"customGraphs":[],"default":{"data":{"Article":[],"Course":[],"Dataset":[],"FAQPage":[],"Movie":[],"Person":[],"Product":[],"Recipe":[],"Service":[],"SoftwareApplication":[],"WebPage":[]},"graphName":"","isEnabled":true},"graphs":[]},"schema_type":"default","schema_type_options":null,"pillar_content":false,"robots_default":true,"robots_noindex":false,"robots_noarchive":false,"robots_nosnippet":false,"robots_nofollow":false,"robots_noimageindex":false,"robots_noodp":false,"robots_notranslate":false,"robots_max_snippet":"-1","robots_max_videopreview":"-1","robots_max_imagepreview":"large","priority":null,"frequency":"default","local_seo":null,"breadcrumb_settings":null,"limit_modified_date":false,"created":"2024-04-11 01:57:22","updated":"2025-06-22 18:40:00"},"aioseo_breadcrumb":"<div class=\"aioseo-breadcrumbs\"><span class=\"aioseo-breadcrumb\">\n\t<a href=\"https:\/\/www.rucashk.com\/pt\" title=\"Home\">Home<\/a>\n<\/span><span class=\"aioseo-breadcrumb-separator\">&raquo;<\/span><span class=\"aioseo-breadcrumb\">\n\t<a href=\"https:\/\/www.rucashk.com\/pt\/products\/\" title=\"Produtos\">Produtos<\/a>\n<\/span><span class=\"aioseo-breadcrumb-separator\">&raquo;<\/span><span class=\"aioseo-breadcrumb\">\n\t<a href=\"https:\/\/www.rucashk.com\/pt\/marca\/razer\/\" title=\"Razer\">Razer<\/a>\n<\/span><span class=\"aioseo-breadcrumb-separator\">&raquo;<\/span><span class=\"aioseo-breadcrumb\">\n\tRazer Naga X Mice\n<\/span><\/div>","aioseo_breadcrumb_json":[{"label":"Home","link":"https:\/\/www.rucashk.com\/pt"},{"label":"Produtos","link":"https:\/\/www.rucashk.com\/pt\/products\/"},{"label":"Razer","link":"https:\/\/www.rucashk.com\/pt\/marca\/razer\/"},{"label":"Razer Naga X Mice","link":"https:\/\/www.rucashk.com\/pt\/produto\/razer-naga-x-mice\/"}],"_links":{"self":[{"href":"https:\/\/www.rucashk.com\/pt\/wp-json\/wp\/v2\/product\/27612","targetHints":{"allow":["GET"]}}],"collection":[{"href":"https:\/\/www.rucashk.com\/pt\/wp-json\/wp\/v2\/product"}],"about":[{"href":"https:\/\/www.rucashk.com\/pt\/wp-json\/wp\/v2\/types\/product"}],"wp:featuredmedia":[{"embeddable":true,"href":"https:\/\/www.rucashk.com\/pt\/wp-json\/wp\/v2\/media\/27762"}],"wp:attachment":[{"href":"https:\/\/www.rucashk.com\/pt\/wp-json\/wp\/v2\/media?parent=27612"}],"wp:term":[{"taxonomy":"product_brand","embeddable":true,"href":"https:\/\/www.rucashk.com\/pt\/wp-json\/wp\/v2\/product_brand?post=27612"},{"taxonomy":"product_cat","embeddable":true,"href":"https:\/\/www.rucashk.com\/pt\/wp-json\/wp\/v2\/product_cat?post=27612"},{"taxonomy":"product_tag","embeddable":true,"href":"https:\/\/www.rucashk.com\/pt\/wp-json\/wp\/v2\/product_tag?post=27612"}],"curies":[{"name":"wp","href":"https:\/\/api.w.org\/{rel}","templated":true}]}}