{"id":27586,"date":"2024-01-09T16:42:34","date_gmt":"2024-01-09T16:42:34","guid":{"rendered":"http:\/\/rucashk.com\/?post_type=product&#038;p=27586"},"modified":"2025-06-21T05:54:27","modified_gmt":"2025-06-21T05:54:27","slug":"razer-naga-v2-hyperspeed-mice","status":"publish","type":"product","link":"https:\/\/www.rucashk.com\/pt\/produto\/razer-naga-v2-hyperspeed-mice\/","title":{"rendered":"Ratos Razer Naga V2 HyperSpeed"},"content":{"rendered":"<div id=\"nav-description\">\n<div>\n<div class=\"extend--content--DlnAngg\">\n<div data-spm-anchor-id=\"a2g0o.detail.0.i7.7118IVgaIVgaQQ\">\n<div id=\"product-description\" class=\"description--product-description--nxRv0lW\" data-spm=\"1000023\" data-pl=\"product-description\">\n<div class=\"description--origin-part--SsZJoGC\">\n<p align=\"center\"><strong><span data-spm-anchor-id=\"a2g0o.detail.1000023.i1.7118IVgaIVgaQQ\">RAZER NAGA V2 HIPERVELOCIDADE<\/span><\/strong><\/p>\n<p align=\"center\">ADAPTAR E LIBERAR<\/p>\n<p align=\"center\">Chegue ao topo da sua guilda com o Razer Naga V2 HyperSpeed \u2013 o melhor mouse MMO ergon\u00f4mico sem fio do mercado. Otimize as rota\u00e7\u00f5es de habilidades com um arsenal de 19 bot\u00f5es e uma roda de rolagem de modo duplo. Potencialize a progress\u00e3o de ataques com potente desempenho sem fio apoiado por at\u00e9 250 horas de dura\u00e7\u00e3o da bateria no HyperSpeed Wireless.<\/p>\n<p align=\"start\"><img decoding=\"async\" class=\"aligncenter\" src=\"\/wp-content\/uploads\/replace\/a3cff11db40f0e6e6b774323a0076a5c.jpeg\" alt=\"Razer Naga V2 HyperSpeed Mice\" \/><\/p>\n<p align=\"center\"><strong>21 CONTROLES PROGRAM\u00c1VEIS<\/strong><\/p>\n<p align=\"center\">Bot\u00f5es posicionados ergonomicamente para controle otimizado<\/p>\n<p align=\"center\">Esteja voc\u00ea mapeando o essencial ou usando macros avan\u00e7adas, este mouse est\u00e1 equipado com bot\u00f5es posicionados ergonomicamente que permitem que voc\u00ea tenha um arsenal de comandos ao seu alcance.<\/p>\n<p style=\"text-align: center\" align=\"start\">1) Aumento de DPI<\/p>\n<p style=\"text-align: center\" align=\"start\">2) Est\u00e1gio de DPI para baixo<\/p>\n<p style=\"text-align: center\" align=\"start\">3) Clique esquerdo do mouse<\/p>\n<p style=\"text-align: center\" align=\"start\">4) Clique com o bot\u00e3o direito do mouse<\/p>\n<p style=\"text-align: center\" align=\"start\">5) Clique com inclina\u00e7\u00e3o esquerda<\/p>\n<p style=\"text-align: center\" align=\"start\">6) Rolar clique<\/p>\n<p style=\"text-align: center\" align=\"start\">7) Clique com a inclina\u00e7\u00e3o direita<\/p>\n<p style=\"text-align: center\" align=\"start\">8) Role para cima<\/p>\n<p style=\"text-align: center\" align=\"start\">9) Role para baixo<\/p>\n<p style=\"text-align: center\" align=\"start\">+12) Grade de polegar de 12 bot\u00f5es<\/p>\n<p align=\"start\"><img decoding=\"async\" class=\"aligncenter\" src=\"\/wp-content\/uploads\/replace\/e6652ea4eaeb74e00020b753d7a66e41.jpeg\" alt=\"Razer Naga V2 HyperSpeed Mice\" \/><\/p>\n<p align=\"center\"><strong>RAZER\u2122 HIPERSPEED WIRELESS (2,4 GHz) E BLUETOOTH<\/strong><\/p>\n<p align=\"center\">Desempenho de lat\u00eancia ultrabaixa ou bateria de longa dura\u00e7\u00e3o<\/p>\n<p align=\"center\">Obtenha um desempenho cont\u00ednuo e de baixa lat\u00eancia, mais r\u00e1pido do que outras tecnologias sem fio, ou mude para Bluetooth para mais horas de jogo.<\/p>\n<p align=\"start\"><img decoding=\"async\" class=\"aligncenter\" src=\"\/wp-content\/uploads\/replace\/cc3e91c862a9e647a6a938b64e653229.jpeg\" alt=\"Razer Naga V2 HyperSpeed Mice\" \/><img decoding=\"async\" class=\"aligncenter\" src=\"\/wp-content\/uploads\/replace\/f2af19f7c9557b553ea376e1dad4c586.jpeg\" alt=\"Razer Naga V2 HyperSpeed Mice\" \/><\/p>\n<p align=\"center\"><strong>ALIMENTADO PELA TECNOLOGIA RAZER\u2122 HYPERSCROLL<\/strong><\/p>\n<p align=\"center\">Roda de rolagem t\u00e1til ou de giro livre<\/p>\n<p align=\"center\">Execute comandos repetidos rapidamente ou explore o conte\u00fado no modo free-spin. Ative o modo t\u00e1til para maior precis\u00e3o e feedback satisfat\u00f3rio \u2013 perfeito para alternar entre armas ou habilidades.<\/p>\n<p align=\"start\"><img decoding=\"async\" class=\"aligncenter\" src=\"\/wp-content\/uploads\/replace\/e9c1e03ce4a9ce0403b7a24fa975b620.jpeg\" alt=\"Razer Naga V2 HyperSpeed Mice\" \/><img decoding=\"async\" class=\"aligncenter\" src=\"\/wp-content\/uploads\/replace\/3ef6e755fc32c900ea7bfd9d65023e56.jpeg\" alt=\"Razer Naga V2 HyperSpeed Mice\" data-spm-anchor-id=\"a2g0o.detail.1000023.i0.7118IVgaIVgaQQ\" \/><\/p>\n<p align=\"center\"><strong>RECURSOS MAIS AVAN\u00c7ADOS<\/strong><\/p>\n<p align=\"start\"><img decoding=\"async\" class=\"aligncenter\" src=\"\/wp-content\/uploads\/replace\/2195b4208c059e2e39a532be6939c422.jpeg\" alt=\"Razer Naga V2 HyperSpeed Mice\" \/><img decoding=\"async\" class=\"aligncenter\" src=\"\/wp-content\/uploads\/replace\/578c44132bcfca015eb2edd2ad6b0c73.jpeg\" alt=\"Razer Naga V2 HyperSpeed Mice\" \/><\/p>\n<\/div>\n<\/div>\n<\/div>\n<\/div>\n<\/div>\n<\/div>\n<div class=\"comet-v2-divider comet-v2-divider-small split-line--wrap--uquPC9W\"><\/div>\n<div id=\"nav-specification\" data-pl=\"product-specs\">\n<div class=\"title--wrap--wDzGayX\">\n<div class=\"title--text--Lx66GPw\">\n<h1 class=\"title--title--RN9Pt03\">Especifica\u00e7\u00f5es<\/h1>\n<\/div>\n<\/div>\n<ul class=\"specification--list--fiWsSyv\">\n<li class=\"specification--line--iUJOqof\">\n<div class=\"specification--prop--RejitI8\">\n<div class=\"specification--title--UbVeyic\">Peso Bruto: 50g<\/div>\n<\/div>\n<div class=\"specification--prop--RejitI8\">\n<div class=\"specification--title--UbVeyic\">Modo de opera\u00e7\u00e3o: Optoeletr\u00f4nico<\/div>\n<\/div>\n<\/li>\n<li class=\"specification--line--iUJOqof\">\n<div class=\"specification--prop--RejitI8\">\n<div class=\"specification--title--UbVeyic\">Tipo de energia: Bateria<\/div>\n<\/div>\n<div class=\"specification--prop--RejitI8\">\n<div class=\"specification--title--UbVeyic\">N\u00famero de rolos: 1 unidade<\/div>\n<\/div>\n<\/li>\n<li class=\"specification--line--iUJOqof\">\n<div class=\"specification--prop--RejitI8\">\n<div class=\"specification--title--UbVeyic\">Orienta\u00e7\u00e3o da m\u00e3o: direita<\/div>\n<\/div>\n<div class=\"specification--prop--RejitI8\">\n<div class=\"specification--title--UbVeyic\">Pacote: Sim<\/div>\n<\/div>\n<\/li>\n<li class=\"specification--line--iUJOqof\">\n<div class=\"specification--prop--RejitI8\">\n<div class=\"specification--title--UbVeyic\">DPI: 30.000<\/div>\n<\/div>\n<div class=\"specification--prop--RejitI8\">\n<div class=\"specification--title--UbVeyic\">Tipo de interface: bluetooth<\/div>\n<\/div>\n<\/li>\n<li class=\"specification--line--iUJOqof\">\n<div class=\"specification--prop--RejitI8\">\n<div class=\"specification--title--UbVeyic\">Tipo: 2,4 GHz sem fio<\/div>\n<\/div>\n<div class=\"specification--prop--RejitI8\">\n<div class=\"specification--title--UbVeyic\">Marca: Razer<\/div>\n<\/div>\n<\/li>\n<li class=\"specification--line--iUJOqof\">\n<div class=\"specification--prop--RejitI8\">\n<div class=\"specification--title--UbVeyic\">Origem: China Continental<\/div>\n<\/div>\n<div class=\"specification--prop--RejitI8\">\n<div class=\"specification--title--UbVeyic\">Certifica\u00e7\u00e3o: CE<\/div>\n<\/div>\n<\/li>\n<li class=\"specification--line--iUJOqof\">\n<div class=\"specification--prop--RejitI8\">\n<div class=\"specification--title--UbVeyic\">Acelera\u00e7\u00e3o m\u00e1xima: 50G<\/div>\n<\/div>\n<div class=\"specification--prop--RejitI8\">\n<div class=\"specification--title--UbVeyic\">Velocidade m\u00e1xima: 750 IPS<\/div>\n<\/div>\n<\/li>\n<li class=\"specification--line--iUJOqof\">\n<div class=\"specification--prop--RejitI8\">\n<div class=\"specification--title--UbVeyic\">Precis\u00e3o da resolu\u00e7\u00e3o: 99.8%<\/div>\n<\/div>\n<div class=\"specification--prop--RejitI8\">\n<div class=\"specification--title--UbVeyic\">Taxa de pesquisa: 1000 Hz<\/div>\n<\/div>\n<\/li>\n<\/ul>\n<\/div>","protected":false},"excerpt":{"rendered":"<p align=\"start\"><span data-spm-anchor-id=\"a2g0o.detail.1000023.i3.7118IVgaIVgaQQ\">TAMANHOS APROXIMADOS:<\/span><\/p>\n<p align=\"start\" data-spm-anchor-id=\"a2g0o.detail.1000023.i2.7118IVgaIVgaQQ\">Comprimento: 119,5 mm\/4,71 pol.<\/p>\n<p align=\"start\">Largura: 75,0 mm\/2,96 pol.<\/p>\n<p align=\"start\">Altura: 43,5 mm\/1,71 pol.<\/p>\n<p align=\"start\">PESO APROXIMADO:<\/p>\n<p align=\"start\">95 g\/0,21 lb (excluindo cabo e dongle)<\/p>","protected":false},"featured_media":27747,"template":"","meta":[],"product_brand":[1379],"product_cat":[1322,1331],"product_tag":[],"class_list":{"0":"post-27586","1":"product","2":"type-product","3":"status-publish","4":"has-post-thumbnail","6":"product_brand-razer","7":"product_cat-other-a-brands","8":"product_cat-razer-other-a-brands","10":"first","11":"instock","12":"shipping-taxable","13":"product-type-simple"},"aioseo_notices":[],"aioseo_head":"\n\t\t<!-- All in One SEO Pro 4.5.9.2 - aioseo.com -->\n\t\t<meta name=\"description\" content=\"APPROXIMATE SIZES: Length: 119.5 mm \/ 4.71 in Width: 75.0 mm \/ 2.96 in Height: 43.5 mm \/ 1.71 in APPROXIMATE WEIGHT: 95 g \/ 0.21 lbs (Excluding cable and dongle)\" \/>\n\t\t<meta name=\"robots\" content=\"max-image-preview:large\" \/>\n\t\t<link rel=\"canonical\" href=\"https:\/\/www.rucashk.com\/pt\/produto\/razer-naga-v2-hyperspeed-mice\/\" \/>\n\t\t<meta name=\"generator\" content=\"All in One SEO Pro (AIOSEO) 4.5.9.2\" \/>\n\t\t<meta property=\"og:locale\" content=\"pt_PT\" \/>\n\t\t<meta property=\"og:site_name\" content=\"Rucas - One-stop AIoT Distribution Worldwide\" \/>\n\t\t<meta property=\"og:type\" content=\"article\" \/>\n\t\t<meta property=\"og:title\" content=\"Razer Naga V2 HyperSpeed Mice - Rucas - Wholesale and Distribution\" \/>\n\t\t<meta property=\"og:description\" content=\"APPROXIMATE SIZES: Length: 119.5 mm \/ 4.71 in Width: 75.0 mm \/ 2.96 in Height: 43.5 mm \/ 1.71 in APPROXIMATE WEIGHT: 95 g \/ 0.21 lbs (Excluding cable and dongle)\" \/>\n\t\t<meta property=\"og:url\" content=\"https:\/\/www.rucashk.com\/pt\/produto\/razer-naga-v2-hyperspeed-mice\/\" \/>\n\t\t<meta property=\"og:image\" content=\"https:\/\/www.rucashk.com\/wp-content\/uploads\/replace\/503b8e645f128a97ccde2b6290747646.jpeg\" \/>\n\t\t<meta property=\"og:image:secure_url\" content=\"https:\/\/www.rucashk.com\/wp-content\/uploads\/replace\/503b8e645f128a97ccde2b6290747646.jpeg\" \/>\n\t\t<meta property=\"og:image:width\" content=\"1456\" \/>\n\t\t<meta property=\"og:image:height\" content=\"816\" \/>\n\t\t<meta property=\"article:published_time\" content=\"2024-01-09T16:42:34+00:00\" \/>\n\t\t<meta property=\"article:modified_time\" content=\"2025-06-21T05:54:27+00:00\" \/>\n\t\t<meta name=\"twitter:card\" content=\"summary_large_image\" \/>\n\t\t<meta name=\"twitter:title\" content=\"Razer Naga V2 HyperSpeed Mice - Rucas - Wholesale and Distribution\" \/>\n\t\t<meta name=\"twitter:description\" content=\"APPROXIMATE SIZES: Length: 119.5 mm \/ 4.71 in Width: 75.0 mm \/ 2.96 in Height: 43.5 mm \/ 1.71 in APPROXIMATE WEIGHT: 95 g \/ 0.21 lbs (Excluding cable and dongle)\" \/>\n\t\t<meta name=\"twitter:image\" content=\"https:\/\/www.rucashk.com\/wp-content\/uploads\/replace\/503b8e645f128a97ccde2b6290747646.jpeg\" \/>\n\t\t<script type=\"application\/ld+json\" class=\"aioseo-schema\">\n\t\t\t{\"@context\":\"https:\\\/\\\/schema.org\",\"@graph\":[{\"@type\":\"BreadcrumbList\",\"@id\":\"https:\\\/\\\/www.rucashk.com\\\/pt\\\/produto\\\/razer-naga-v2-hyperspeed-mice\\\/#breadcrumblist\",\"itemListElement\":[{\"@type\":\"ListItem\",\"@id\":\"https:\\\/\\\/www.rucashk.com\\\/pt\\\/#listItem\",\"position\":1,\"name\":\"Home\",\"item\":\"https:\\\/\\\/www.rucashk.com\\\/pt\\\/\",\"nextItem\":\"https:\\\/\\\/www.rucashk.com\\\/pt\\\/produto\\\/razer-naga-v2-hyperspeed-mice\\\/#listItem\"},{\"@type\":\"ListItem\",\"@id\":\"https:\\\/\\\/www.rucashk.com\\\/pt\\\/produto\\\/razer-naga-v2-hyperspeed-mice\\\/#listItem\",\"position\":2,\"name\":\"Razer Naga V2 HyperSpeed Mice\",\"previousItem\":\"https:\\\/\\\/www.rucashk.com\\\/pt\\\/#listItem\"}]},{\"@type\":\"Organization\",\"@id\":\"https:\\\/\\\/www.rucashk.com\\\/pt\\\/#organization\",\"name\":\"Rucas\",\"url\":\"https:\\\/\\\/www.rucashk.com\\\/pt\\\/\",\"logo\":{\"@type\":\"ImageObject\",\"url\":\"https:\\\/\\\/www.rucashk.com\\\/wp-content\\\/uploads\\\/2023\\\/12\\\/Rucas_campany_logo.png\",\"@id\":\"https:\\\/\\\/www.rucashk.com\\\/pt\\\/produto\\\/razer-naga-v2-hyperspeed-mice\\\/#organizationLogo\",\"width\":221,\"height\":65},\"image\":{\"@id\":\"https:\\\/\\\/www.rucashk.com\\\/pt\\\/#organizationLogo\"}},{\"@type\":\"Person\",\"@id\":\"https:\\\/\\\/www.rucashk.com\\\/pt\\\/author\\\/admin\\\/#author\",\"url\":\"https:\\\/\\\/www.rucashk.com\\\/pt\\\/author\\\/admin\\\/\",\"name\":\"admin\",\"image\":{\"@type\":\"ImageObject\",\"@id\":\"https:\\\/\\\/www.rucashk.com\\\/pt\\\/produto\\\/razer-naga-v2-hyperspeed-mice\\\/#authorImage\",\"url\":\"https:\\\/\\\/secure.gravatar.com\\\/avatar\\\/b7c8925b09a27e72b30232f8ecaadbd5af0f70a38c78096863fe51b64f031c24?s=96&d=mm&r=g\",\"width\":96,\"height\":96,\"caption\":\"admin\"}},{\"@type\":\"WebPage\",\"@id\":\"https:\\\/\\\/www.rucashk.com\\\/pt\\\/produto\\\/razer-naga-v2-hyperspeed-mice\\\/#webpage\",\"url\":\"https:\\\/\\\/www.rucashk.com\\\/pt\\\/produto\\\/razer-naga-v2-hyperspeed-mice\\\/\",\"name\":\"Razer Naga V2 HyperSpeed Mice - Rucas - Wholesale and Distribution\",\"description\":\"APPROXIMATE SIZES: Length: 119.5 mm \\\/ 4.71 in Width: 75.0 mm \\\/ 2.96 in Height: 43.5 mm \\\/ 1.71 in APPROXIMATE WEIGHT: 95 g \\\/ 0.21 lbs (Excluding cable and dongle)\",\"inLanguage\":\"pt-PT\",\"isPartOf\":{\"@id\":\"https:\\\/\\\/www.rucashk.com\\\/pt\\\/#website\"},\"breadcrumb\":{\"@id\":\"https:\\\/\\\/www.rucashk.com\\\/pt\\\/produto\\\/razer-naga-v2-hyperspeed-mice\\\/#breadcrumblist\"},\"author\":{\"@id\":\"https:\\\/\\\/www.rucashk.com\\\/pt\\\/author\\\/admin\\\/#author\"},\"creator\":{\"@id\":\"https:\\\/\\\/www.rucashk.com\\\/pt\\\/author\\\/admin\\\/#author\"},\"image\":{\"@type\":\"ImageObject\",\"url\":\"https:\\\/\\\/www.rucashk.com\\\/wp-content\\\/uploads\\\/2024\\\/01\\\/10001-36-1.jpg\",\"@id\":\"https:\\\/\\\/www.rucashk.com\\\/pt\\\/produto\\\/razer-naga-v2-hyperspeed-mice\\\/#mainImage\",\"width\":800,\"height\":800},\"primaryImageOfPage\":{\"@id\":\"https:\\\/\\\/www.rucashk.com\\\/pt\\\/produto\\\/razer-naga-v2-hyperspeed-mice\\\/#mainImage\"},\"datePublished\":\"2024-01-09T16:42:34+00:00\",\"dateModified\":\"2025-06-21T05:54:27+00:00\"},{\"@type\":\"WebSite\",\"@id\":\"https:\\\/\\\/www.rucashk.com\\\/pt\\\/#website\",\"url\":\"https:\\\/\\\/www.rucashk.com\\\/pt\\\/\",\"name\":\"Rucas - Wholesale and distribution worldwide\",\"alternateName\":\"Rucas - One-stop AIoT Distribution Worldwide\",\"description\":\"One-stop AIoT Distribution Worldwide\",\"inLanguage\":\"pt-PT\",\"publisher\":{\"@id\":\"https:\\\/\\\/www.rucashk.com\\\/pt\\\/#organization\"}}]}\n\t\t<\/script>\n\t\t<!-- All in One SEO Pro -->\r\n\t\t<title>Razer Naga V2 HyperSpeed Mice - Rucas - Wholesale and Distribution<\/title>\n\n","aioseo_head_json":{"title":"Razer Naga V2 HyperSpeed Mice - Rucas - Wholesale and Distribution","description":"APPROXIMATE SIZES: Length: 119.5 mm \/ 4.71 in Width: 75.0 mm \/ 2.96 in Height: 43.5 mm \/ 1.71 in APPROXIMATE WEIGHT: 95 g \/ 0.21 lbs (Excluding cable and dongle)","canonical_url":"https:\/\/www.rucashk.com\/pt\/produto\/razer-naga-v2-hyperspeed-mice\/","robots":"max-image-preview:large","keywords":"","webmasterTools":{"miscellaneous":""},"og:locale":"pt_PT","og:site_name":"Rucas - One-stop AIoT Distribution Worldwide","og:type":"article","og:title":"Razer Naga V2 HyperSpeed Mice - Rucas - Wholesale and Distribution","og:description":"APPROXIMATE SIZES: Length: 119.5 mm \/ 4.71 in Width: 75.0 mm \/ 2.96 in Height: 43.5 mm \/ 1.71 in APPROXIMATE WEIGHT: 95 g \/ 0.21 lbs (Excluding cable and dongle)","og:url":"https:\/\/www.rucashk.com\/pt\/produto\/razer-naga-v2-hyperspeed-mice\/","og:image":"https:\/\/www.rucashk.com\/wp-content\/uploads\/replace\/503b8e645f128a97ccde2b6290747646.jpeg","og:image:secure_url":"https:\/\/www.rucashk.com\/wp-content\/uploads\/replace\/503b8e645f128a97ccde2b6290747646.jpeg","og:image:width":1456,"og:image:height":816,"article:published_time":"2024-01-09T16:42:34+00:00","article:modified_time":"2025-06-21T05:54:27+00:00","twitter:card":"summary_large_image","twitter:title":"Razer Naga V2 HyperSpeed Mice - Rucas - Wholesale and Distribution","twitter:description":"APPROXIMATE SIZES: Length: 119.5 mm \/ 4.71 in Width: 75.0 mm \/ 2.96 in Height: 43.5 mm \/ 1.71 in APPROXIMATE WEIGHT: 95 g \/ 0.21 lbs (Excluding cable and dongle)","twitter:image":"https:\/\/www.rucashk.com\/wp-content\/uploads\/replace\/503b8e645f128a97ccde2b6290747646.jpeg","schema":{"@context":"https:\/\/schema.org","@graph":[{"@type":"BreadcrumbList","@id":"https:\/\/www.rucashk.com\/pt\/produto\/razer-naga-v2-hyperspeed-mice\/#breadcrumblist","itemListElement":[{"@type":"ListItem","@id":"https:\/\/www.rucashk.com\/pt\/#listItem","position":1,"name":"Home","item":"https:\/\/www.rucashk.com\/pt\/","nextItem":"https:\/\/www.rucashk.com\/pt\/produto\/razer-naga-v2-hyperspeed-mice\/#listItem"},{"@type":"ListItem","@id":"https:\/\/www.rucashk.com\/pt\/produto\/razer-naga-v2-hyperspeed-mice\/#listItem","position":2,"name":"Razer Naga V2 HyperSpeed Mice","previousItem":"https:\/\/www.rucashk.com\/pt\/#listItem"}]},{"@type":"Organization","@id":"https:\/\/www.rucashk.com\/pt\/#organization","name":"Rucas","url":"https:\/\/www.rucashk.com\/pt\/","logo":{"@type":"ImageObject","url":"https:\/\/www.rucashk.com\/wp-content\/uploads\/2023\/12\/Rucas_campany_logo.png","@id":"https:\/\/www.rucashk.com\/pt\/produto\/razer-naga-v2-hyperspeed-mice\/#organizationLogo","width":221,"height":65},"image":{"@id":"https:\/\/www.rucashk.com\/pt\/#organizationLogo"}},{"@type":"Person","@id":"https:\/\/www.rucashk.com\/pt\/author\/admin\/#author","url":"https:\/\/www.rucashk.com\/pt\/author\/admin\/","name":"admin","image":{"@type":"ImageObject","@id":"https:\/\/www.rucashk.com\/pt\/produto\/razer-naga-v2-hyperspeed-mice\/#authorImage","url":"https:\/\/secure.gravatar.com\/avatar\/b7c8925b09a27e72b30232f8ecaadbd5af0f70a38c78096863fe51b64f031c24?s=96&d=mm&r=g","width":96,"height":96,"caption":"admin"}},{"@type":"WebPage","@id":"https:\/\/www.rucashk.com\/pt\/produto\/razer-naga-v2-hyperspeed-mice\/#webpage","url":"https:\/\/www.rucashk.com\/pt\/produto\/razer-naga-v2-hyperspeed-mice\/","name":"Razer Naga V2 HyperSpeed Mice - Rucas - Wholesale and Distribution","description":"APPROXIMATE SIZES: Length: 119.5 mm \/ 4.71 in Width: 75.0 mm \/ 2.96 in Height: 43.5 mm \/ 1.71 in APPROXIMATE WEIGHT: 95 g \/ 0.21 lbs (Excluding cable and dongle)","inLanguage":"pt-PT","isPartOf":{"@id":"https:\/\/www.rucashk.com\/pt\/#website"},"breadcrumb":{"@id":"https:\/\/www.rucashk.com\/pt\/produto\/razer-naga-v2-hyperspeed-mice\/#breadcrumblist"},"author":{"@id":"https:\/\/www.rucashk.com\/pt\/author\/admin\/#author"},"creator":{"@id":"https:\/\/www.rucashk.com\/pt\/author\/admin\/#author"},"image":{"@type":"ImageObject","url":"https:\/\/www.rucashk.com\/wp-content\/uploads\/2024\/01\/10001-36-1.jpg","@id":"https:\/\/www.rucashk.com\/pt\/produto\/razer-naga-v2-hyperspeed-mice\/#mainImage","width":800,"height":800},"primaryImageOfPage":{"@id":"https:\/\/www.rucashk.com\/pt\/produto\/razer-naga-v2-hyperspeed-mice\/#mainImage"},"datePublished":"2024-01-09T16:42:34+00:00","dateModified":"2025-06-21T05:54:27+00:00"},{"@type":"WebSite","@id":"https:\/\/www.rucashk.com\/pt\/#website","url":"https:\/\/www.rucashk.com\/pt\/","name":"Rucas - Wholesale and distribution worldwide","alternateName":"Rucas - One-stop AIoT Distribution Worldwide","description":"One-stop AIoT Distribution Worldwide","inLanguage":"pt-PT","publisher":{"@id":"https:\/\/www.rucashk.com\/pt\/#organization"}}]}},"aioseo_meta_data":{"post_id":"27586","title":null,"description":null,"keywords":null,"keyphrases":null,"primary_term":null,"canonical_url":null,"og_title":null,"og_description":null,"og_object_type":"default","og_image_type":"default","og_image_url":null,"og_image_width":null,"og_image_height":null,"og_image_custom_url":null,"og_image_custom_fields":null,"og_video":"","og_custom_url":null,"og_article_section":null,"og_article_tags":null,"twitter_use_og":false,"twitter_card":"default","twitter_image_type":"default","twitter_image_url":null,"twitter_image_custom_url":null,"twitter_image_custom_fields":null,"twitter_title":null,"twitter_description":null,"schema":{"blockGraphs":[],"customGraphs":[],"default":{"data":{"Article":[],"Course":[],"Dataset":[],"FAQPage":[],"Movie":[],"Person":[],"Product":[],"Recipe":[],"Service":[],"SoftwareApplication":[],"WebPage":[]},"graphName":"","isEnabled":true},"graphs":[]},"schema_type":"default","schema_type_options":null,"pillar_content":false,"robots_default":true,"robots_noindex":false,"robots_noarchive":false,"robots_nosnippet":false,"robots_nofollow":false,"robots_noimageindex":false,"robots_noodp":false,"robots_notranslate":false,"robots_max_snippet":"-1","robots_max_videopreview":"-1","robots_max_imagepreview":"large","priority":null,"frequency":"default","local_seo":null,"breadcrumb_settings":null,"limit_modified_date":false,"created":"2024-04-11 01:57:22","updated":"2025-06-22 18:39:59"},"aioseo_breadcrumb":"<div class=\"aioseo-breadcrumbs\"><span class=\"aioseo-breadcrumb\">\n\t<a href=\"https:\/\/www.rucashk.com\/pt\" title=\"Home\">Home<\/a>\n<\/span><span class=\"aioseo-breadcrumb-separator\">&raquo;<\/span><span class=\"aioseo-breadcrumb\">\n\t<a href=\"https:\/\/www.rucashk.com\/pt\/products\/\" title=\"Produtos\">Produtos<\/a>\n<\/span><span class=\"aioseo-breadcrumb-separator\">&raquo;<\/span><span class=\"aioseo-breadcrumb\">\n\t<a href=\"https:\/\/www.rucashk.com\/pt\/marca\/razer\/\" title=\"Razer\">Razer<\/a>\n<\/span><span class=\"aioseo-breadcrumb-separator\">&raquo;<\/span><span class=\"aioseo-breadcrumb\">\n\tRazer Naga V2 HyperSpeed Mice\n<\/span><\/div>","aioseo_breadcrumb_json":[{"label":"Home","link":"https:\/\/www.rucashk.com\/pt"},{"label":"Produtos","link":"https:\/\/www.rucashk.com\/pt\/products\/"},{"label":"Razer","link":"https:\/\/www.rucashk.com\/pt\/marca\/razer\/"},{"label":"Razer Naga V2 HyperSpeed Mice","link":"https:\/\/www.rucashk.com\/pt\/produto\/razer-naga-v2-hyperspeed-mice\/"}],"_links":{"self":[{"href":"https:\/\/www.rucashk.com\/pt\/wp-json\/wp\/v2\/product\/27586","targetHints":{"allow":["GET"]}}],"collection":[{"href":"https:\/\/www.rucashk.com\/pt\/wp-json\/wp\/v2\/product"}],"about":[{"href":"https:\/\/www.rucashk.com\/pt\/wp-json\/wp\/v2\/types\/product"}],"wp:featuredmedia":[{"embeddable":true,"href":"https:\/\/www.rucashk.com\/pt\/wp-json\/wp\/v2\/media\/27747"}],"wp:attachment":[{"href":"https:\/\/www.rucashk.com\/pt\/wp-json\/wp\/v2\/media?parent=27586"}],"wp:term":[{"taxonomy":"product_brand","embeddable":true,"href":"https:\/\/www.rucashk.com\/pt\/wp-json\/wp\/v2\/product_brand?post=27586"},{"taxonomy":"product_cat","embeddable":true,"href":"https:\/\/www.rucashk.com\/pt\/wp-json\/wp\/v2\/product_cat?post=27586"},{"taxonomy":"product_tag","embeddable":true,"href":"https:\/\/www.rucashk.com\/pt\/wp-json\/wp\/v2\/product_tag?post=27586"}],"curies":[{"name":"wp","href":"https:\/\/api.w.org\/{rel}","templated":true}]}}