{"id":27561,"date":"2024-01-09T16:42:10","date_gmt":"2024-01-09T16:42:10","guid":{"rendered":"http:\/\/rucashk.com\/?post_type=product&#038;p=27561"},"modified":"2025-06-21T07:49:14","modified_gmt":"2025-06-21T07:49:14","slug":"razer-basilisk-v2-mice","status":"publish","type":"product","link":"https:\/\/www.rucashk.com\/pt\/produto\/razer-basilisk-v2-mice\/","title":{"rendered":"Ratos Razer Basilisk V2"},"content":{"rendered":"<p style=\"text-align: left\">Razer Basilisco V2<br \/>\nMouse para jogos com fio<\/p>\n<p><img decoding=\"async\" alt=\"Razer Basilisk V2 Mice\" src=\"\/wp-content\/uploads\/replace\/edd3dc12192198fb2efff5992897e4ff.jpeg\" \/><\/p>\n<p>&nbsp;<\/p>\n<p>SENSOR \u00d3PTICO RAZER FOCUS+<br \/>\nNosso novo e aprimorado sensor possui 20.000 DPI l\u00edder do setor com precis\u00e3o de resolu\u00e7\u00e3o de 99,6%, garantindo que at\u00e9 mesmo o movimento mais fino deste mouse \u00f3ptico para jogos seja rastreado com consist\u00eancia. Equipado com fun\u00e7\u00f5es inteligentes, o sensor torna-se ainda mais preciso, permitindo um n\u00edvel agudo de precis\u00e3o para tiros na cabe\u00e7a vencedores de jogos.<\/p>\n<p><img decoding=\"async\" alt=\"Razer Basilisk V2 Mice\" src=\"\/wp-content\/uploads\/replace\/84797807edeb4f9af1c2827d9eb8fcd4.jpeg\" data-spm-anchor-id=\"a2g0o.detail.1000023.i0.4c57x3PRx3PR0J\" \/><\/p>\n<p>&nbsp;<\/p>\n<p>P\u00c9S DE RATO 100% PTFE<\/p>\n<p>Desfrute de movimentos suaves do mouse em qualquer superf\u00edcie com p\u00e9s de mouse feitos do mais puro e mais alto grau de PTFE - um material usado para revestir panelas antiaderentes.<\/p>\n<p>CABO RAZER SPEEDFLEX<\/p>\n<p>O cabo do Razer Basilisk V2 tem maior flexibilidade e foi projetado para produzir arrasto m\u00ednimo, para que voc\u00ea possa realizar movimentos mais r\u00e1pidos e fluidos para um maior grau de controle.<\/p>\n<p>&nbsp;<\/p>\n<p>MEM\u00d3RIA AVAN\u00c7ADA A BORDO<\/p>\n<p>Salve e armazene at\u00e9 5 configura\u00e7\u00f5es de perfil na mem\u00f3ria interna e leve suas configura\u00e7\u00f5es para qualquer lugar, para que voc\u00ea esteja sempre pronto para competir com seus controles preferidos.<\/p>\n<p>&nbsp;<\/p>\n<p><img decoding=\"async\" alt=\"Razer Basilisk V2 Mice\" src=\"\/wp-content\/uploads\/replace\/dd9a38fe342c19a7b4ab5ba66daa94df.jpeg\" \/><\/p>\n<p>&nbsp;<\/p>\n<p>RAZER HIPERSHIFT<br \/>\nAproveite ao m\u00e1ximo este mouse program\u00e1vel mapeando seus 11 bot\u00f5es com o Razer Hypershift \u2013 um recurso avan\u00e7ado do Razer Synapse 3 que efetivamente duplica as entradas do mouse. Ao pressionar uma tecla, voc\u00ea pode alternar um perfil de bot\u00e3o secund\u00e1rio para poder alterar seu jogo rapidamente.<\/p>\n<p><img decoding=\"async\" alt=\"Razer Basilisk V2 Mice\" src=\"\/wp-content\/uploads\/replace\/abd26390a3a2a854b537c38db71d6585.jpeg\" \/><\/p>\n<p>&nbsp;<\/p>\n<p>CONFIGURA\u00c7\u00d5ES PERSONALIZADAS<br \/>\nObtenha vantagem na sua personaliza\u00e7\u00e3o usando estas configura\u00e7\u00f5es de bot\u00e3o recomendadas, otimizadas em v\u00e1rios jogos.<\/p>\n<p>&nbsp;<\/p>\n<p><img decoding=\"async\" alt=\"Razer Basilisk V2 Mice\" src=\"\/wp-content\/uploads\/replace\/555542be51fe6ef5e8fc405f37358209.jpeg\" \/><\/p>\n<p>&nbsp;<\/p>\n<p>Efeito de luz RGB personaliz\u00e1vel<br \/>\n\u00c9 personaliz\u00e1vel no LOGO do mouse e na roda de rolagem, para criar uma experi\u00eancia de jogo envolvente para os jogadores.<\/p>\n<p><img decoding=\"async\" alt=\"Razer Basilisk V2 Mice\" src=\"\/wp-content\/uploads\/replace\/0fbc11778b73fdc634ea31ac71bcf2ed.jpeg\" \/><\/p>\n<p>INTERRUPTOR \u00d3PTICO DO MOUSE<br \/>\nUtilizando um feixe de luz infravermelha para registrar cada clique, os interruptores deste mouse \u00f3ptico para jogos atuam com um tempo de resposta l\u00edder do setor de 0,2 milissegundos. Por n\u00e3o exigir mais o contato f\u00edsico tradicional, essa forma de atua\u00e7\u00e3o elimina a necessidade de atraso no debounce e nunca aciona cliques n\u00e3o intencionais, proporcionando controle mais pr\u00f3ximo e execu\u00e7\u00e3o perfeita.<\/p>\n<p><img decoding=\"async\" alt=\"Razer Basilisk V2 Mice\" src=\"\/wp-content\/uploads\/replace\/1a455dcf1bf10aaadc0ff2a98ec9cf3d.jpeg\" \/><\/p>\n<p>&nbsp;<\/p>\n<p>RESIST\u00caNCIA PERSONALIZ\u00c1VEL DA RODA DE ROLAGEM<br \/>\nO Razer Basilisk V2 vem com um mostrador na parte inferior que permite ajustar a resist\u00eancia da roda de rolagem para ser t\u00e3o suave ou t\u00e1til quanto voc\u00ea desejar. Com este n\u00edvel de personaliza\u00e7\u00e3o em um mouse para jogos, voc\u00ea ser\u00e1 capaz de realizar saltos de coelho, selecionar armas e outras a\u00e7\u00f5es da roda de rolagem com mais precis\u00e3o.<\/p>\n<p>&nbsp;<\/p>\n<p><img decoding=\"async\" alt=\"Razer Basilisk V2 Mice\" src=\"\/wp-content\/uploads\/replace\/5dcce622cf907c30b9c270531b723bf3.jpeg\" \/><\/p>\n<p>&nbsp;<\/p>\n<div class=\"title--wrap--wDzGayX\">\n<div class=\"title--text--Lx66GPw\">\n<h1 class=\"title--title--RN9Pt03\" data-spm-anchor-id=\"a2g0o.detail.0.i10.4c57x3PRx3PR0J\">Especifica\u00e7\u00f5es<\/h1>\n<\/div>\n<\/div>\n<ul class=\"specification--list--fiWsSyv\">\n<li class=\"specification--line--iUJOqof\">\n<div class=\"specification--prop--RejitI8\">\n<div class=\"specification--title--UbVeyic\">Acelera\u00e7\u00e3o: 50G<\/div>\n<\/div>\n<div class=\"specification--prop--RejitI8\">\n<div class=\"specification--title--UbVeyic\">Modelo do sensor: Pixart 3399 (20.000 DPI | 650 IPS | 50G)<\/div>\n<\/div>\n<\/li>\n<li class=\"specification--line--iUJOqof\">\n<div class=\"specification--prop--RejitI8\">\n<div class=\"specification--title--UbVeyic\">N\u00famero de bot\u00f5es: 11<\/div>\n<\/div>\n<div class=\"specification--prop--RejitI8\">\n<div class=\"specification--title--UbVeyic\">N\u00famero de rolos: 1 unidade<\/div>\n<\/div>\n<\/li>\n<li class=\"specification--line--iUJOqof\">\n<div class=\"specification--prop--RejitI8\">\n<div class=\"specification--title--UbVeyic\">Orienta\u00e7\u00e3o da m\u00e3o: direita<\/div>\n<\/div>\n<div class=\"specification--prop--RejitI8\">\n<div class=\"specification--title--UbVeyic\">Pacote: Sim<\/div>\n<\/div>\n<\/li>\n<li class=\"specification--line--iUJOqof\">\n<div class=\"specification--prop--RejitI8\">\n<div class=\"specification--title--UbVeyic\">DPI: 20.000<\/div>\n<\/div>\n<div class=\"specification--prop--RejitI8\">\n<div class=\"specification--title--UbVeyic\">Tipo de interface: USB<\/div>\n<\/div>\n<\/li>\n<li class=\"specification--line--iUJOqof\">\n<div class=\"specification--prop--RejitI8\">\n<div class=\"specification--title--UbVeyic\">Tipo: COM FIO<\/div>\n<\/div>\n<div class=\"specification--prop--RejitI8\">\n<div class=\"specification--title--UbVeyic\">Marca: Razer<\/div>\n<\/div>\n<\/li>\n<li class=\"specification--line--iUJOqof\">\n<div class=\"specification--prop--RejitI8\">\n<div class=\"specification--title--UbVeyic\">Origem: China Continental<\/div>\n<\/div>\n<div class=\"specification--prop--RejitI8\">\n<div class=\"specification--title--UbVeyic\">Certifica\u00e7\u00e3o: CE<\/div>\n<\/div>\n<\/li>\n<li class=\"specification--line--iUJOqof\">\n<div class=\"specification--prop--RejitI8\">\n<div class=\"specification--title--UbVeyic\">Modelo: Razer Basilisk V2<\/div>\n<\/div>\n<div class=\"specification--prop--RejitI8\">\n<div class=\"specification--title--UbVeyic\">Peso bruto: 94g<\/div>\n<\/div>\n<\/li>\n<li class=\"specification--line--iUJOqof\">\n<div class=\"specification--prop--RejitI8\">\n<div class=\"specification--title--UbVeyic\">N\u00famero de bot\u00f5es: 11<\/div>\n<\/div>\n<div class=\"specification--prop--RejitI8\">\n<div class=\"specification--title--UbVeyic\">Orienta\u00e7\u00e3o da m\u00e3o: Direito<\/div>\n<\/div>\n<\/li>\n<li class=\"specification--line--iUJOqof\">\n<div class=\"specification--prop--RejitI8\">\n<div class=\"specification--title--UbVeyic\">Embalagem: Sim<\/div>\n<\/div>\n<div class=\"specification--prop--RejitI8\">\n<div class=\"specification--title--UbVeyic\">Estilo: Dedo<\/div>\n<\/div>\n<\/li>\n<li class=\"specification--line--iUJOqof\">\n<div class=\"specification--prop--RejitI8\">\n<div class=\"specification--title--UbVeyic\">DPI: Outro<\/div>\n<\/div>\n<div class=\"specification--prop--RejitI8\">\n<div class=\"specification--title--UbVeyic\">Tipo: WIRED<\/div>\n<\/div>\n<\/li>\n<li class=\"specification--line--iUJOqof\">\n<div class=\"specification--prop--RejitI8\">\n<div class=\"specification--title--UbVeyic\">Nome da marca: Razer<\/div>\n<\/div>\n<div class=\"specification--prop--RejitI8\">\n<div class=\"specification--title--UbVeyic\">Origem: CN (Origem)<\/div>\n<\/div>\n<\/li>\n<li class=\"specification--line--iUJOqof\">\n<div class=\"specification--prop--RejitI8\">\n<div class=\"specification--title--UbVeyic\">Certificado: NENHUM<\/div>\n<\/div>\n<div class=\"specification--prop--RejitI8\">\n<div class=\"specification--title--UbVeyic\">Artigo: Mouse para Jogos<\/div>\n<\/div>\n<\/li>\n<li class=\"specification--line--iUJOqof\">\n<div class=\"specification--prop--RejitI8\">\n<div class=\"specification--title--UbVeyic\">Switch: Switches de mouse \u00f3ptico Razer classificados para 70 milh\u00f5es de cliques<\/div>\n<\/div>\n<div class=\"specification--prop--RejitI8\">\n<div class=\"specification--title--UbVeyic\">Acelera\u00e7\u00e3o: 50g<\/div>\n<\/div>\n<\/li>\n<li class=\"specification--line--iUJOqof\">\n<div class=\"specification--prop--RejitI8\">\n<div class=\"specification--title--UbVeyic\">Bot\u00f5es: 11 bot\u00f5es program\u00e1veis<\/div>\n<\/div>\n<div class=\"specification--prop--RejitI8\">\n<div class=\"specification--title--UbVeyic\">Comprimento do cabo: 2,1 m \/ 82,7 polegadas<\/div>\n<\/div>\n<\/li>\n<\/ul>","protected":false},"excerpt":{"rendered":"<p>O cabo do Razer Basilisk V2 tem maior flexibilidade e foi projetado para produzir arrasto m\u00ednimo, para que voc\u00ea possa realizar movimentos mais r\u00e1pidos e fluidos para um maior grau de controle.<\/p>\n<p>Salve e armazene at\u00e9 5 configura\u00e7\u00f5es de perfil na mem\u00f3ria interna e leve suas configura\u00e7\u00f5es para qualquer lugar, para que voc\u00ea esteja sempre pronto para competir com seus controles preferidos.<\/p>","protected":false},"featured_media":27722,"template":"","meta":[],"product_brand":[1379],"product_cat":[1322,1331],"product_tag":[],"class_list":{"0":"post-27561","1":"product","2":"type-product","3":"status-publish","4":"has-post-thumbnail","6":"product_brand-razer","7":"product_cat-other-a-brands","8":"product_cat-razer-other-a-brands","10":"first","11":"instock","12":"shipping-taxable","13":"product-type-simple"},"aioseo_notices":[],"aioseo_head":"\n\t\t<!-- All in One SEO Pro 4.5.9.2 - aioseo.com -->\n\t\t<meta name=\"description\" content=\"The Razer Basilisk V2&#039;s cable has greater flexibility and is designed to produce minimal drag, so that you can perform quicker, more fluid swipes for a higher degree of control. Save and store up to 5 profile configurations to the on-board memory and bring your settings anywhere-so you&#039;re always ready to compete with your preferred controls.\" \/>\n\t\t<meta name=\"robots\" content=\"max-image-preview:large\" \/>\n\t\t<link rel=\"canonical\" href=\"https:\/\/www.rucashk.com\/pt\/produto\/razer-basilisk-v2-mice\/\" \/>\n\t\t<meta name=\"generator\" content=\"All in One SEO Pro (AIOSEO) 4.5.9.2\" \/>\n\t\t<meta property=\"og:locale\" content=\"pt_PT\" \/>\n\t\t<meta property=\"og:site_name\" content=\"Rucas - One-stop AIoT Distribution Worldwide\" \/>\n\t\t<meta property=\"og:type\" content=\"article\" \/>\n\t\t<meta property=\"og:title\" content=\"Razer Basilisk V2 Mice - Rucas - Wholesale and Distribution\" \/>\n\t\t<meta property=\"og:description\" content=\"The Razer Basilisk V2&#039;s cable has greater flexibility and is designed to produce minimal drag, so that you can perform quicker, more fluid swipes for a higher degree of control. Save and store up to 5 profile configurations to the on-board memory and bring your settings anywhere-so you&#039;re always ready to compete with your preferred controls.\" \/>\n\t\t<meta property=\"og:url\" content=\"https:\/\/www.rucashk.com\/pt\/produto\/razer-basilisk-v2-mice\/\" \/>\n\t\t<meta property=\"og:image\" content=\"https:\/\/www.rucashk.com\/wp-content\/uploads\/replace\/503b8e645f128a97ccde2b6290747646.jpeg\" \/>\n\t\t<meta property=\"og:image:secure_url\" content=\"https:\/\/www.rucashk.com\/wp-content\/uploads\/replace\/503b8e645f128a97ccde2b6290747646.jpeg\" \/>\n\t\t<meta property=\"og:image:width\" content=\"1456\" \/>\n\t\t<meta property=\"og:image:height\" content=\"816\" \/>\n\t\t<meta property=\"article:published_time\" content=\"2024-01-09T16:42:10+00:00\" \/>\n\t\t<meta property=\"article:modified_time\" content=\"2025-06-21T07:49:14+00:00\" \/>\n\t\t<meta name=\"twitter:card\" content=\"summary_large_image\" \/>\n\t\t<meta name=\"twitter:title\" content=\"Razer Basilisk V2 Mice - Rucas - Wholesale and Distribution\" \/>\n\t\t<meta name=\"twitter:description\" content=\"The Razer Basilisk V2&#039;s cable has greater flexibility and is designed to produce minimal drag, so that you can perform quicker, more fluid swipes for a higher degree of control. Save and store up to 5 profile configurations to the on-board memory and bring your settings anywhere-so you&#039;re always ready to compete with your preferred controls.\" \/>\n\t\t<meta name=\"twitter:image\" content=\"https:\/\/www.rucashk.com\/wp-content\/uploads\/replace\/503b8e645f128a97ccde2b6290747646.jpeg\" \/>\n\t\t<script type=\"application\/ld+json\" class=\"aioseo-schema\">\n\t\t\t{\"@context\":\"https:\\\/\\\/schema.org\",\"@graph\":[{\"@type\":\"BreadcrumbList\",\"@id\":\"https:\\\/\\\/www.rucashk.com\\\/pt\\\/produto\\\/razer-basilisk-v2-mice\\\/#breadcrumblist\",\"itemListElement\":[{\"@type\":\"ListItem\",\"@id\":\"https:\\\/\\\/www.rucashk.com\\\/pt\\\/#listItem\",\"position\":1,\"name\":\"Home\",\"item\":\"https:\\\/\\\/www.rucashk.com\\\/pt\\\/\",\"nextItem\":\"https:\\\/\\\/www.rucashk.com\\\/pt\\\/produto\\\/razer-basilisk-v2-mice\\\/#listItem\"},{\"@type\":\"ListItem\",\"@id\":\"https:\\\/\\\/www.rucashk.com\\\/pt\\\/produto\\\/razer-basilisk-v2-mice\\\/#listItem\",\"position\":2,\"name\":\"Razer Basilisk V2 Mice\",\"previousItem\":\"https:\\\/\\\/www.rucashk.com\\\/pt\\\/#listItem\"}]},{\"@type\":\"Organization\",\"@id\":\"https:\\\/\\\/www.rucashk.com\\\/pt\\\/#organization\",\"name\":\"Rucas\",\"url\":\"https:\\\/\\\/www.rucashk.com\\\/pt\\\/\",\"logo\":{\"@type\":\"ImageObject\",\"url\":\"https:\\\/\\\/www.rucashk.com\\\/wp-content\\\/uploads\\\/2023\\\/12\\\/Rucas_campany_logo.png\",\"@id\":\"https:\\\/\\\/www.rucashk.com\\\/pt\\\/produto\\\/razer-basilisk-v2-mice\\\/#organizationLogo\",\"width\":221,\"height\":65},\"image\":{\"@id\":\"https:\\\/\\\/www.rucashk.com\\\/pt\\\/#organizationLogo\"}},{\"@type\":\"Person\",\"@id\":\"https:\\\/\\\/www.rucashk.com\\\/pt\\\/author\\\/admin\\\/#author\",\"url\":\"https:\\\/\\\/www.rucashk.com\\\/pt\\\/author\\\/admin\\\/\",\"name\":\"admin\",\"image\":{\"@type\":\"ImageObject\",\"@id\":\"https:\\\/\\\/www.rucashk.com\\\/pt\\\/produto\\\/razer-basilisk-v2-mice\\\/#authorImage\",\"url\":\"https:\\\/\\\/secure.gravatar.com\\\/avatar\\\/b7c8925b09a27e72b30232f8ecaadbd5af0f70a38c78096863fe51b64f031c24?s=96&d=mm&r=g\",\"width\":96,\"height\":96,\"caption\":\"admin\"}},{\"@type\":\"WebPage\",\"@id\":\"https:\\\/\\\/www.rucashk.com\\\/pt\\\/produto\\\/razer-basilisk-v2-mice\\\/#webpage\",\"url\":\"https:\\\/\\\/www.rucashk.com\\\/pt\\\/produto\\\/razer-basilisk-v2-mice\\\/\",\"name\":\"Razer Basilisk V2 Mice - Rucas - Wholesale and Distribution\",\"description\":\"The Razer Basilisk V2's cable has greater flexibility and is designed to produce minimal drag, so that you can perform quicker, more fluid swipes for a higher degree of control. Save and store up to 5 profile configurations to the on-board memory and bring your settings anywhere-so you're always ready to compete with your preferred controls.\",\"inLanguage\":\"pt-PT\",\"isPartOf\":{\"@id\":\"https:\\\/\\\/www.rucashk.com\\\/pt\\\/#website\"},\"breadcrumb\":{\"@id\":\"https:\\\/\\\/www.rucashk.com\\\/pt\\\/produto\\\/razer-basilisk-v2-mice\\\/#breadcrumblist\"},\"author\":{\"@id\":\"https:\\\/\\\/www.rucashk.com\\\/pt\\\/author\\\/admin\\\/#author\"},\"creator\":{\"@id\":\"https:\\\/\\\/www.rucashk.com\\\/pt\\\/author\\\/admin\\\/#author\"},\"image\":{\"@type\":\"ImageObject\",\"url\":\"https:\\\/\\\/www.rucashk.com\\\/wp-content\\\/uploads\\\/2024\\\/01\\\/10001-35-1.jpg\",\"@id\":\"https:\\\/\\\/www.rucashk.com\\\/pt\\\/produto\\\/razer-basilisk-v2-mice\\\/#mainImage\",\"width\":1000,\"height\":1000},\"primaryImageOfPage\":{\"@id\":\"https:\\\/\\\/www.rucashk.com\\\/pt\\\/produto\\\/razer-basilisk-v2-mice\\\/#mainImage\"},\"datePublished\":\"2024-01-09T16:42:10+00:00\",\"dateModified\":\"2025-06-21T07:49:14+00:00\"},{\"@type\":\"WebSite\",\"@id\":\"https:\\\/\\\/www.rucashk.com\\\/pt\\\/#website\",\"url\":\"https:\\\/\\\/www.rucashk.com\\\/pt\\\/\",\"name\":\"Rucas - Wholesale and distribution worldwide\",\"alternateName\":\"Rucas - One-stop AIoT Distribution Worldwide\",\"description\":\"One-stop AIoT Distribution Worldwide\",\"inLanguage\":\"pt-PT\",\"publisher\":{\"@id\":\"https:\\\/\\\/www.rucashk.com\\\/pt\\\/#organization\"}}]}\n\t\t<\/script>\n\t\t<!-- All in One SEO Pro -->\r\n\t\t<title>Razer Basilisk V2 Mice - Rucas - Wholesale and Distribution<\/title>\n\n","aioseo_head_json":{"title":"Razer Basilisk V2 Mice - Rucas - Wholesale and Distribution","description":"The Razer Basilisk V2's cable has greater flexibility and is designed to produce minimal drag, so that you can perform quicker, more fluid swipes for a higher degree of control. Save and store up to 5 profile configurations to the on-board memory and bring your settings anywhere-so you're always ready to compete with your preferred controls.","canonical_url":"https:\/\/www.rucashk.com\/pt\/produto\/razer-basilisk-v2-mice\/","robots":"max-image-preview:large","keywords":"","webmasterTools":{"miscellaneous":""},"og:locale":"pt_PT","og:site_name":"Rucas - One-stop AIoT Distribution Worldwide","og:type":"article","og:title":"Razer Basilisk V2 Mice - Rucas - Wholesale and Distribution","og:description":"The Razer Basilisk V2's cable has greater flexibility and is designed to produce minimal drag, so that you can perform quicker, more fluid swipes for a higher degree of control. Save and store up to 5 profile configurations to the on-board memory and bring your settings anywhere-so you're always ready to compete with your preferred controls.","og:url":"https:\/\/www.rucashk.com\/pt\/produto\/razer-basilisk-v2-mice\/","og:image":"https:\/\/www.rucashk.com\/wp-content\/uploads\/replace\/503b8e645f128a97ccde2b6290747646.jpeg","og:image:secure_url":"https:\/\/www.rucashk.com\/wp-content\/uploads\/replace\/503b8e645f128a97ccde2b6290747646.jpeg","og:image:width":1456,"og:image:height":816,"article:published_time":"2024-01-09T16:42:10+00:00","article:modified_time":"2025-06-21T07:49:14+00:00","twitter:card":"summary_large_image","twitter:title":"Razer Basilisk V2 Mice - Rucas - Wholesale and Distribution","twitter:description":"The Razer Basilisk V2's cable has greater flexibility and is designed to produce minimal drag, so that you can perform quicker, more fluid swipes for a higher degree of control. Save and store up to 5 profile configurations to the on-board memory and bring your settings anywhere-so you're always ready to compete with your preferred controls.","twitter:image":"https:\/\/www.rucashk.com\/wp-content\/uploads\/replace\/503b8e645f128a97ccde2b6290747646.jpeg","schema":{"@context":"https:\/\/schema.org","@graph":[{"@type":"BreadcrumbList","@id":"https:\/\/www.rucashk.com\/pt\/produto\/razer-basilisk-v2-mice\/#breadcrumblist","itemListElement":[{"@type":"ListItem","@id":"https:\/\/www.rucashk.com\/pt\/#listItem","position":1,"name":"Home","item":"https:\/\/www.rucashk.com\/pt\/","nextItem":"https:\/\/www.rucashk.com\/pt\/produto\/razer-basilisk-v2-mice\/#listItem"},{"@type":"ListItem","@id":"https:\/\/www.rucashk.com\/pt\/produto\/razer-basilisk-v2-mice\/#listItem","position":2,"name":"Razer Basilisk V2 Mice","previousItem":"https:\/\/www.rucashk.com\/pt\/#listItem"}]},{"@type":"Organization","@id":"https:\/\/www.rucashk.com\/pt\/#organization","name":"Rucas","url":"https:\/\/www.rucashk.com\/pt\/","logo":{"@type":"ImageObject","url":"https:\/\/www.rucashk.com\/wp-content\/uploads\/2023\/12\/Rucas_campany_logo.png","@id":"https:\/\/www.rucashk.com\/pt\/produto\/razer-basilisk-v2-mice\/#organizationLogo","width":221,"height":65},"image":{"@id":"https:\/\/www.rucashk.com\/pt\/#organizationLogo"}},{"@type":"Person","@id":"https:\/\/www.rucashk.com\/pt\/author\/admin\/#author","url":"https:\/\/www.rucashk.com\/pt\/author\/admin\/","name":"admin","image":{"@type":"ImageObject","@id":"https:\/\/www.rucashk.com\/pt\/produto\/razer-basilisk-v2-mice\/#authorImage","url":"https:\/\/secure.gravatar.com\/avatar\/b7c8925b09a27e72b30232f8ecaadbd5af0f70a38c78096863fe51b64f031c24?s=96&d=mm&r=g","width":96,"height":96,"caption":"admin"}},{"@type":"WebPage","@id":"https:\/\/www.rucashk.com\/pt\/produto\/razer-basilisk-v2-mice\/#webpage","url":"https:\/\/www.rucashk.com\/pt\/produto\/razer-basilisk-v2-mice\/","name":"Razer Basilisk V2 Mice - Rucas - Wholesale and Distribution","description":"The Razer Basilisk V2's cable has greater flexibility and is designed to produce minimal drag, so that you can perform quicker, more fluid swipes for a higher degree of control. Save and store up to 5 profile configurations to the on-board memory and bring your settings anywhere-so you're always ready to compete with your preferred controls.","inLanguage":"pt-PT","isPartOf":{"@id":"https:\/\/www.rucashk.com\/pt\/#website"},"breadcrumb":{"@id":"https:\/\/www.rucashk.com\/pt\/produto\/razer-basilisk-v2-mice\/#breadcrumblist"},"author":{"@id":"https:\/\/www.rucashk.com\/pt\/author\/admin\/#author"},"creator":{"@id":"https:\/\/www.rucashk.com\/pt\/author\/admin\/#author"},"image":{"@type":"ImageObject","url":"https:\/\/www.rucashk.com\/wp-content\/uploads\/2024\/01\/10001-35-1.jpg","@id":"https:\/\/www.rucashk.com\/pt\/produto\/razer-basilisk-v2-mice\/#mainImage","width":1000,"height":1000},"primaryImageOfPage":{"@id":"https:\/\/www.rucashk.com\/pt\/produto\/razer-basilisk-v2-mice\/#mainImage"},"datePublished":"2024-01-09T16:42:10+00:00","dateModified":"2025-06-21T07:49:14+00:00"},{"@type":"WebSite","@id":"https:\/\/www.rucashk.com\/pt\/#website","url":"https:\/\/www.rucashk.com\/pt\/","name":"Rucas - Wholesale and distribution worldwide","alternateName":"Rucas - One-stop AIoT Distribution Worldwide","description":"One-stop AIoT Distribution Worldwide","inLanguage":"pt-PT","publisher":{"@id":"https:\/\/www.rucashk.com\/pt\/#organization"}}]}},"aioseo_meta_data":{"post_id":"27561","title":null,"description":null,"keywords":null,"keyphrases":null,"primary_term":null,"canonical_url":null,"og_title":null,"og_description":null,"og_object_type":"default","og_image_type":"default","og_image_url":null,"og_image_width":null,"og_image_height":null,"og_image_custom_url":null,"og_image_custom_fields":null,"og_video":"","og_custom_url":null,"og_article_section":null,"og_article_tags":null,"twitter_use_og":false,"twitter_card":"default","twitter_image_type":"default","twitter_image_url":null,"twitter_image_custom_url":null,"twitter_image_custom_fields":null,"twitter_title":null,"twitter_description":null,"schema":{"blockGraphs":[],"customGraphs":[],"default":{"data":{"Article":[],"Course":[],"Dataset":[],"FAQPage":[],"Movie":[],"Person":[],"Product":[],"Recipe":[],"Service":[],"SoftwareApplication":[],"WebPage":[]},"graphName":"","isEnabled":true},"graphs":[]},"schema_type":"default","schema_type_options":null,"pillar_content":false,"robots_default":true,"robots_noindex":false,"robots_noarchive":false,"robots_nosnippet":false,"robots_nofollow":false,"robots_noimageindex":false,"robots_noodp":false,"robots_notranslate":false,"robots_max_snippet":"-1","robots_max_videopreview":"-1","robots_max_imagepreview":"large","priority":null,"frequency":"default","local_seo":null,"breadcrumb_settings":null,"limit_modified_date":false,"created":"2024-04-11 01:57:22","updated":"2025-06-22 18:39:55"},"aioseo_breadcrumb":"<div class=\"aioseo-breadcrumbs\"><span class=\"aioseo-breadcrumb\">\n\t<a href=\"https:\/\/www.rucashk.com\/pt\" title=\"Home\">Home<\/a>\n<\/span><span class=\"aioseo-breadcrumb-separator\">&raquo;<\/span><span class=\"aioseo-breadcrumb\">\n\t<a href=\"https:\/\/www.rucashk.com\/pt\/products\/\" title=\"Produtos\">Produtos<\/a>\n<\/span><span class=\"aioseo-breadcrumb-separator\">&raquo;<\/span><span class=\"aioseo-breadcrumb\">\n\t<a href=\"https:\/\/www.rucashk.com\/pt\/marca\/razer\/\" title=\"Razer\">Razer<\/a>\n<\/span><span class=\"aioseo-breadcrumb-separator\">&raquo;<\/span><span class=\"aioseo-breadcrumb\">\n\tRazer Basilisk V2 Mice\n<\/span><\/div>","aioseo_breadcrumb_json":[{"label":"Home","link":"https:\/\/www.rucashk.com\/pt"},{"label":"Produtos","link":"https:\/\/www.rucashk.com\/pt\/products\/"},{"label":"Razer","link":"https:\/\/www.rucashk.com\/pt\/marca\/razer\/"},{"label":"Razer Basilisk V2 Mice","link":"https:\/\/www.rucashk.com\/pt\/produto\/razer-basilisk-v2-mice\/"}],"_links":{"self":[{"href":"https:\/\/www.rucashk.com\/pt\/wp-json\/wp\/v2\/product\/27561","targetHints":{"allow":["GET"]}}],"collection":[{"href":"https:\/\/www.rucashk.com\/pt\/wp-json\/wp\/v2\/product"}],"about":[{"href":"https:\/\/www.rucashk.com\/pt\/wp-json\/wp\/v2\/types\/product"}],"wp:featuredmedia":[{"embeddable":true,"href":"https:\/\/www.rucashk.com\/pt\/wp-json\/wp\/v2\/media\/27722"}],"wp:attachment":[{"href":"https:\/\/www.rucashk.com\/pt\/wp-json\/wp\/v2\/media?parent=27561"}],"wp:term":[{"taxonomy":"product_brand","embeddable":true,"href":"https:\/\/www.rucashk.com\/pt\/wp-json\/wp\/v2\/product_brand?post=27561"},{"taxonomy":"product_cat","embeddable":true,"href":"https:\/\/www.rucashk.com\/pt\/wp-json\/wp\/v2\/product_cat?post=27561"},{"taxonomy":"product_tag","embeddable":true,"href":"https:\/\/www.rucashk.com\/pt\/wp-json\/wp\/v2\/product_tag?post=27561"}],"curies":[{"name":"wp","href":"https:\/\/api.w.org\/{rel}","templated":true}]}}