{"id":27560,"date":"2024-01-09T16:42:10","date_gmt":"2024-01-09T16:42:10","guid":{"rendered":"http:\/\/rucashk.com\/?post_type=product&#038;p=27560"},"modified":"2025-06-21T07:48:07","modified_gmt":"2025-06-21T07:48:07","slug":"razer-basilisk-x-hyperspeed-mice","status":"publish","type":"product","link":"https:\/\/www.rucashk.com\/pt\/produto\/razer-basilisk-x-hyperspeed-mice\/","title":{"rendered":"Ratos Razer Basilisk X HyperSpeed"},"content":{"rendered":"<h1 class=\"a-spacing-mini\"><span data-spm-anchor-id=\"a2g0o.detail.1000023.i1.76de7tqf7tqfO0\">Tecnologia sem fio Razer HyperSpeed ultrarr\u00e1pida<\/span><\/h1>\n<p>Com baixa lat\u00eancia e salto de frequ\u00eancia cont\u00ednuo em ambientes barulhentos, voc\u00ea nem perceber\u00e1 que est\u00e1 jogando com um mouse sem fio. Com conectividade de modo duplo, use Bluetooth para prolongar a vida \u00fatil da bateria.<\/p>\n<div><img decoding=\"async\" alt=\"Razer Basilisk X HyperSpeed Mice\" src=\"\/wp-content\/uploads\/replace\/9a01eb787b2929e95f3a7027ddefb163.jpeg\" \/><\/div>\n<div>\n<h1 class=\"a-spacing-mini\">Sensor \u00f3ptico avan\u00e7ado Razer 5G<\/h1>\n<p>Um sensor \u00f3ptico de 16.000 DPI garante que at\u00e9 mesmo o movimento mais sutil do mouse seja rastreado, proporcionando um n\u00edvel agudo de precis\u00e3o para tiros na cabe\u00e7a vencedores de jogos e manobras altamente evasivas.<\/p>\n<\/div>\n<div><img decoding=\"async\" alt=\"Razer Basilisk X HyperSpeed Mice\" src=\"\/wp-content\/uploads\/replace\/cffcb7a714b583db258c4b685066e2b1.png\" data-spm-anchor-id=\"a2g0o.detail.1000023.i0.76de7tqf7tqfO0\" \/><\/div>\n<div>\n<h1 class=\"a-spacing-mini\">Interruptores mec\u00e2nicos para mouse Razer<\/h1>\n<p>Projetados para oferecer cliques de mouse r\u00e1pidos e precisos, nossos Razer Mechanical Mouse Switches possuem durabilidade de at\u00e9 50 milh\u00f5es de cliques \u2013 ideal para jogos extensos.<\/p>\n<\/div>\n<div><img decoding=\"async\" alt=\"Razer Basilisk X HyperSpeed Mice\" src=\"\/wp-content\/uploads\/replace\/4d15aac94af957d1b40149afcfaacc8d.png\" \/><\/div>\n<div>\n<h1 class=\"a-spacing-mini\">Bateria de longa dura\u00e7\u00e3o<\/h1>\n<p>Ao jogar, o Razer HyperSpeed permite que voc\u00ea aproveite seu desempenho sem fio ultrarr\u00e1pido por at\u00e9 285 horas. Voc\u00ea tamb\u00e9m pode alternar para o modo Bluetooth para uso prolongado, com bateria de at\u00e9 450 horas.<\/p>\n<\/div>\n<div><img decoding=\"async\" alt=\"Razer Basilisk X HyperSpeed Mice\" src=\"\/wp-content\/uploads\/replace\/62380fca983296a630b33e1b5c231d8d.jpeg\" \/><\/div>\n<h1>6 bot\u00f5es program\u00e1veis<\/h1>\n<p>O mouse vem com 6 bot\u00f5es program\u00e1veis que s\u00e3o totalmente configur\u00e1veis via Razer Synapse 3, dando acesso a macros e fun\u00e7\u00f5es secund\u00e1rias para que cada a\u00e7\u00e3o possa ser executada com facilidade.<\/p>\n<p>&nbsp;<\/p>\n<div><img decoding=\"async\" alt=\"Razer Basilisk X HyperSpeed Mice\" src=\"\/wp-content\/uploads\/replace\/8f1c262b90ea2a8e18c3dd527a46110e.jpeg\" data-spm-anchor-id=\"a2g0o.detail.1000023.i2.76de7tqf7tqfO0\" \/><\/div>\n<div><\/div>\n<div>\n<h1>Armazenamento DPI integrado<\/h1>\n<p>Pr\u00e9-configure at\u00e9 5 est\u00e1gios de DPI personalizados no Razer Synapse 3 e leve suas configura\u00e7\u00f5es para qualquer lugar para estar sempre pronto para competir, n\u00e3o importa a arena.<\/p>\n<\/div>\n<div><img decoding=\"async\" alt=\"Razer Basilisk X HyperSpeed Mice\" src=\"\/wp-content\/uploads\/replace\/57ee1f007accf589f050a19713f8a8c8.jpeg\" \/><\/div>\n<div><\/div>\n<div><\/div>\n<div>\n<div class=\"title--wrap--wDzGayX\">\n<div class=\"title--text--Lx66GPw\">\n<h1 class=\"title--title--RN9Pt03\">Especifica\u00e7\u00f5es<\/h1>\n<\/div>\n<\/div>\n<ul class=\"specification--list--fiWsSyv\">\n<li class=\"specification--line--iUJOqof\">\n<div class=\"specification--prop--RejitI8\">\n<div class=\"specification--title--UbVeyic\">Tempo de lan\u00e7amento no mercado: dezembro-12<\/div>\n<\/div>\n<div class=\"specification--prop--RejitI8\">\n<div class=\"specification--title--UbVeyic\">Peso Bruto: 83g<\/div>\n<\/div>\n<\/li>\n<li class=\"specification--line--iUJOqof\">\n<div class=\"specification--prop--RejitI8\">\n<div class=\"specification--title--UbVeyic\">Modo de opera\u00e7\u00e3o: Optoeletr\u00f4nico<\/div>\n<\/div>\n<div class=\"specification--prop--RejitI8\">\n<div class=\"specification--title--UbVeyic\">Tipo de energia: Bateria<\/div>\n<\/div>\n<\/li>\n<li class=\"specification--line--iUJOqof\">\n<div class=\"specification--prop--RejitI8\">\n<div class=\"specification--title--UbVeyic\">N\u00famero de bot\u00f5es: 6<\/div>\n<\/div>\n<div class=\"specification--prop--RejitI8\">\n<div class=\"specification--title--UbVeyic\" data-spm-anchor-id=\"a2g0o.detail.0.i7.76de7tqf7tqfO0\">N\u00famero de rolos: 1 unidade<\/div>\n<\/div>\n<\/li>\n<li class=\"specification--line--iUJOqof\">\n<div class=\"specification--prop--RejitI8\">\n<div class=\"specification--title--UbVeyic\">Orienta\u00e7\u00e3o da m\u00e3o: direita<\/div>\n<\/div>\n<div class=\"specification--prop--RejitI8\">\n<div class=\"specification--title--UbVeyic\">Pacote: Sim<\/div>\n<\/div>\n<\/li>\n<li class=\"specification--line--iUJOqof\">\n<div class=\"specification--prop--RejitI8\">\n<div class=\"specification--title--UbVeyic\">Estilo: 3D<\/div>\n<\/div>\n<div class=\"specification--prop--RejitI8\">\n<div class=\"specification--title--UbVeyic\">Tipo de interface: bluetooth<\/div>\n<\/div>\n<\/li>\n<li class=\"specification--line--iUJOqof\">\n<div class=\"specification--prop--RejitI8\">\n<div class=\"specification--title--UbVeyic\">Tipo: Bluetooth Sem Fio<\/div>\n<\/div>\n<div class=\"specification--prop--RejitI8\">\n<div class=\"specification--title--UbVeyic\">Marca: Razer<\/div>\n<\/div>\n<\/li>\n<li class=\"specification--line--iUJOqof\">\n<div class=\"specification--prop--RejitI8\">\n<div class=\"specification--title--UbVeyic\">Origem: China Continental<\/div>\n<\/div>\n<div class=\"specification--prop--RejitI8\">\n<div class=\"specification--title--UbVeyic\">Certifica\u00e7\u00e3o: CE<\/div>\n<\/div>\n<\/li>\n<li class=\"specification--line--iUJOqof\">\n<div class=\"specification--prop--RejitI8\">\n<div class=\"specification--title--UbVeyic\">DPI: 16.000<\/div>\n<\/div>\n<\/li>\n<\/ul>\n<\/div>","protected":false},"excerpt":{"rendered":"<div>Tecnologia Razer HyperSpeed Wireless<\/div>\n<div>\n<div>Sensor \u00f3ptico avan\u00e7ado Razer 5G<\/div>\n<div>Bateria de longa dura\u00e7\u00e3o<\/div>\n<div>Interruptores mec\u00e2nicos para mouse Razer<\/div>\n<div>6 bot\u00f5es program\u00e1veis<\/div>\n<div>Sensor \u00f3ptico avan\u00e7ado Razer 5G com 16.000 DPI reais<\/div>\n<div>At\u00e9 450 polegadas por segundo (IPS) \/ acelera\u00e7\u00e3o de 40 G<\/div>\n<div>Ajuste de sensibilidade on-the-fly (est\u00e1gios padr\u00e3o: 800\/1800\/3200\/7200\/16000)<\/div>\n<div>Sem fio de modo duplo (2,4 GHz e BLE)<\/div>\n<div>Tecnologia HyperSpeed Wireless (usando Dongle de 2,4 GHz)<\/div>\n<div>Vida \u00fatil da bateria at\u00e9 285 horas (2,4 GHz)<\/div>\n<div>At\u00e9 450 horas (BLE) com bateria AA inclu\u00edda.<\/div>\n<div>Seis bot\u00f5es program\u00e1veis de forma independente<\/div>\n<div>Switches mec\u00e2nicos de mouse Razer classificados para 50 milh\u00f5es de cliques<\/div>\n<\/div>","protected":false},"featured_media":27718,"template":"","meta":[],"product_brand":[1379],"product_cat":[1322,1331],"product_tag":[],"class_list":{"0":"post-27560","1":"product","2":"type-product","3":"status-publish","4":"has-post-thumbnail","6":"product_brand-razer","7":"product_cat-other-a-brands","8":"product_cat-razer-other-a-brands","10":"first","11":"instock","12":"shipping-taxable","13":"product-type-simple"},"aioseo_notices":[],"aioseo_head":"\n\t\t<!-- All in One SEO Pro 4.5.9.2 - aioseo.com -->\n\t\t<meta name=\"description\" content=\"Razer HyperSpeed Wireless technology Razer 5G Advanced Optical Sensor Ultra-Long Battery Life Razer Mechanical Mouse Switches 6 Programmable Buttons Razer 5G Advanced Optical Sensor with true 16,000 DPI Up to 450 inches per second (IPS) \/ 40 G acceleration On-The-Fly Sensitivity Adjustment (Default stages: 800\/1800\/3200\/7200\/16000) Dual-mode wireless (2.4GHz and BLE) HyperSpeed Wireless technology (using 2.4GHz Dongle) Battery Life Up to 285 hours (2.4GHz) Up to 450 hrs (BLE) with included AA battery. Six independently programmable buttons Razer Mechanical Mouse Switches rated for 50M clicks\" \/>\n\t\t<meta name=\"robots\" content=\"max-image-preview:large\" \/>\n\t\t<link rel=\"canonical\" href=\"https:\/\/www.rucashk.com\/pt\/produto\/razer-basilisk-x-hyperspeed-mice\/\" \/>\n\t\t<meta name=\"generator\" content=\"All in One SEO Pro (AIOSEO) 4.5.9.2\" \/>\n\t\t<meta property=\"og:locale\" content=\"pt_PT\" \/>\n\t\t<meta property=\"og:site_name\" content=\"Rucas - One-stop AIoT Distribution Worldwide\" \/>\n\t\t<meta property=\"og:type\" content=\"article\" \/>\n\t\t<meta property=\"og:title\" content=\"Razer Basilisk X HyperSpeed Mice - Rucas - Wholesale and Distribution\" \/>\n\t\t<meta property=\"og:description\" content=\"Razer HyperSpeed Wireless technology Razer 5G Advanced Optical Sensor Ultra-Long Battery Life Razer Mechanical Mouse Switches 6 Programmable Buttons Razer 5G Advanced Optical Sensor with true 16,000 DPI Up to 450 inches per second (IPS) \/ 40 G acceleration On-The-Fly Sensitivity Adjustment (Default stages: 800\/1800\/3200\/7200\/16000) Dual-mode wireless (2.4GHz and BLE) HyperSpeed Wireless technology (using 2.4GHz Dongle) Battery Life Up to 285 hours (2.4GHz) Up to 450 hrs (BLE) with included AA battery. Six independently programmable buttons Razer Mechanical Mouse Switches rated for 50M clicks\" \/>\n\t\t<meta property=\"og:url\" content=\"https:\/\/www.rucashk.com\/pt\/produto\/razer-basilisk-x-hyperspeed-mice\/\" \/>\n\t\t<meta property=\"og:image\" content=\"https:\/\/www.rucashk.com\/wp-content\/uploads\/replace\/503b8e645f128a97ccde2b6290747646.jpeg\" \/>\n\t\t<meta property=\"og:image:secure_url\" content=\"https:\/\/www.rucashk.com\/wp-content\/uploads\/replace\/503b8e645f128a97ccde2b6290747646.jpeg\" \/>\n\t\t<meta property=\"og:image:width\" content=\"1456\" \/>\n\t\t<meta property=\"og:image:height\" content=\"816\" \/>\n\t\t<meta property=\"article:published_time\" content=\"2024-01-09T16:42:10+00:00\" \/>\n\t\t<meta property=\"article:modified_time\" content=\"2025-06-21T07:48:07+00:00\" \/>\n\t\t<meta name=\"twitter:card\" content=\"summary_large_image\" \/>\n\t\t<meta name=\"twitter:title\" content=\"Razer Basilisk X HyperSpeed Mice - Rucas - Wholesale and Distribution\" \/>\n\t\t<meta name=\"twitter:description\" content=\"Razer HyperSpeed Wireless technology Razer 5G Advanced Optical Sensor Ultra-Long Battery Life Razer Mechanical Mouse Switches 6 Programmable Buttons Razer 5G Advanced Optical Sensor with true 16,000 DPI Up to 450 inches per second (IPS) \/ 40 G acceleration On-The-Fly Sensitivity Adjustment (Default stages: 800\/1800\/3200\/7200\/16000) Dual-mode wireless (2.4GHz and BLE) HyperSpeed Wireless technology (using 2.4GHz Dongle) Battery Life Up to 285 hours (2.4GHz) Up to 450 hrs (BLE) with included AA battery. Six independently programmable buttons Razer Mechanical Mouse Switches rated for 50M clicks\" \/>\n\t\t<meta name=\"twitter:image\" content=\"https:\/\/www.rucashk.com\/wp-content\/uploads\/replace\/503b8e645f128a97ccde2b6290747646.jpeg\" \/>\n\t\t<script type=\"application\/ld+json\" class=\"aioseo-schema\">\n\t\t\t{\"@context\":\"https:\\\/\\\/schema.org\",\"@graph\":[{\"@type\":\"BreadcrumbList\",\"@id\":\"https:\\\/\\\/www.rucashk.com\\\/pt\\\/produto\\\/razer-basilisk-x-hyperspeed-mice\\\/#breadcrumblist\",\"itemListElement\":[{\"@type\":\"ListItem\",\"@id\":\"https:\\\/\\\/www.rucashk.com\\\/pt\\\/#listItem\",\"position\":1,\"name\":\"Home\",\"item\":\"https:\\\/\\\/www.rucashk.com\\\/pt\\\/\",\"nextItem\":\"https:\\\/\\\/www.rucashk.com\\\/pt\\\/produto\\\/razer-basilisk-x-hyperspeed-mice\\\/#listItem\"},{\"@type\":\"ListItem\",\"@id\":\"https:\\\/\\\/www.rucashk.com\\\/pt\\\/produto\\\/razer-basilisk-x-hyperspeed-mice\\\/#listItem\",\"position\":2,\"name\":\"Razer Basilisk X HyperSpeed Mice\",\"previousItem\":\"https:\\\/\\\/www.rucashk.com\\\/pt\\\/#listItem\"}]},{\"@type\":\"Organization\",\"@id\":\"https:\\\/\\\/www.rucashk.com\\\/pt\\\/#organization\",\"name\":\"Rucas\",\"url\":\"https:\\\/\\\/www.rucashk.com\\\/pt\\\/\",\"logo\":{\"@type\":\"ImageObject\",\"url\":\"https:\\\/\\\/www.rucashk.com\\\/wp-content\\\/uploads\\\/2023\\\/12\\\/Rucas_campany_logo.png\",\"@id\":\"https:\\\/\\\/www.rucashk.com\\\/pt\\\/produto\\\/razer-basilisk-x-hyperspeed-mice\\\/#organizationLogo\",\"width\":221,\"height\":65},\"image\":{\"@id\":\"https:\\\/\\\/www.rucashk.com\\\/pt\\\/#organizationLogo\"}},{\"@type\":\"Person\",\"@id\":\"https:\\\/\\\/www.rucashk.com\\\/pt\\\/author\\\/admin\\\/#author\",\"url\":\"https:\\\/\\\/www.rucashk.com\\\/pt\\\/author\\\/admin\\\/\",\"name\":\"admin\",\"image\":{\"@type\":\"ImageObject\",\"@id\":\"https:\\\/\\\/www.rucashk.com\\\/pt\\\/produto\\\/razer-basilisk-x-hyperspeed-mice\\\/#authorImage\",\"url\":\"https:\\\/\\\/secure.gravatar.com\\\/avatar\\\/b7c8925b09a27e72b30232f8ecaadbd5af0f70a38c78096863fe51b64f031c24?s=96&d=mm&r=g\",\"width\":96,\"height\":96,\"caption\":\"admin\"}},{\"@type\":\"WebPage\",\"@id\":\"https:\\\/\\\/www.rucashk.com\\\/pt\\\/produto\\\/razer-basilisk-x-hyperspeed-mice\\\/#webpage\",\"url\":\"https:\\\/\\\/www.rucashk.com\\\/pt\\\/produto\\\/razer-basilisk-x-hyperspeed-mice\\\/\",\"name\":\"Razer Basilisk X HyperSpeed Mice - Rucas - Wholesale and Distribution\",\"description\":\"Razer HyperSpeed Wireless technology Razer 5G Advanced Optical Sensor Ultra-Long Battery Life Razer Mechanical Mouse Switches 6 Programmable Buttons Razer 5G Advanced Optical Sensor with true 16,000 DPI Up to 450 inches per second (IPS) \\\/ 40 G acceleration On-The-Fly Sensitivity Adjustment (Default stages: 800\\\/1800\\\/3200\\\/7200\\\/16000) Dual-mode wireless (2.4GHz and BLE) HyperSpeed Wireless technology (using 2.4GHz Dongle) Battery Life Up to 285 hours (2.4GHz) Up to 450 hrs (BLE) with included AA battery. Six independently programmable buttons Razer Mechanical Mouse Switches rated for 50M clicks\",\"inLanguage\":\"pt-PT\",\"isPartOf\":{\"@id\":\"https:\\\/\\\/www.rucashk.com\\\/pt\\\/#website\"},\"breadcrumb\":{\"@id\":\"https:\\\/\\\/www.rucashk.com\\\/pt\\\/produto\\\/razer-basilisk-x-hyperspeed-mice\\\/#breadcrumblist\"},\"author\":{\"@id\":\"https:\\\/\\\/www.rucashk.com\\\/pt\\\/author\\\/admin\\\/#author\"},\"creator\":{\"@id\":\"https:\\\/\\\/www.rucashk.com\\\/pt\\\/author\\\/admin\\\/#author\"},\"image\":{\"@type\":\"ImageObject\",\"url\":\"https:\\\/\\\/www.rucashk.com\\\/wp-content\\\/uploads\\\/2024\\\/01\\\/10005-18-1.jpg\",\"@id\":\"https:\\\/\\\/www.rucashk.com\\\/pt\\\/produto\\\/razer-basilisk-x-hyperspeed-mice\\\/#mainImage\",\"width\":800,\"height\":800},\"primaryImageOfPage\":{\"@id\":\"https:\\\/\\\/www.rucashk.com\\\/pt\\\/produto\\\/razer-basilisk-x-hyperspeed-mice\\\/#mainImage\"},\"datePublished\":\"2024-01-09T16:42:10+00:00\",\"dateModified\":\"2025-06-21T07:48:07+00:00\"},{\"@type\":\"WebSite\",\"@id\":\"https:\\\/\\\/www.rucashk.com\\\/pt\\\/#website\",\"url\":\"https:\\\/\\\/www.rucashk.com\\\/pt\\\/\",\"name\":\"Rucas - Wholesale and distribution worldwide\",\"alternateName\":\"Rucas - One-stop AIoT Distribution Worldwide\",\"description\":\"One-stop AIoT Distribution Worldwide\",\"inLanguage\":\"pt-PT\",\"publisher\":{\"@id\":\"https:\\\/\\\/www.rucashk.com\\\/pt\\\/#organization\"}}]}\n\t\t<\/script>\n\t\t<!-- All in One SEO Pro -->\r\n\t\t<title>Razer Basilisk X HyperSpeed Mice - Rucas - Wholesale and Distribution<\/title>\n\n","aioseo_head_json":{"title":"Razer Basilisk X HyperSpeed Mice - Rucas - Wholesale and Distribution","description":"Razer HyperSpeed Wireless technology Razer 5G Advanced Optical Sensor Ultra-Long Battery Life Razer Mechanical Mouse Switches 6 Programmable Buttons Razer 5G Advanced Optical Sensor with true 16,000 DPI Up to 450 inches per second (IPS) \/ 40 G acceleration On-The-Fly Sensitivity Adjustment (Default stages: 800\/1800\/3200\/7200\/16000) Dual-mode wireless (2.4GHz and BLE) HyperSpeed Wireless technology (using 2.4GHz Dongle) Battery Life Up to 285 hours (2.4GHz) Up to 450 hrs (BLE) with included AA battery. Six independently programmable buttons Razer Mechanical Mouse Switches rated for 50M clicks","canonical_url":"https:\/\/www.rucashk.com\/pt\/produto\/razer-basilisk-x-hyperspeed-mice\/","robots":"max-image-preview:large","keywords":"","webmasterTools":{"miscellaneous":""},"og:locale":"pt_PT","og:site_name":"Rucas - One-stop AIoT Distribution Worldwide","og:type":"article","og:title":"Razer Basilisk X HyperSpeed Mice - Rucas - Wholesale and Distribution","og:description":"Razer HyperSpeed Wireless technology Razer 5G Advanced Optical Sensor Ultra-Long Battery Life Razer Mechanical Mouse Switches 6 Programmable Buttons Razer 5G Advanced Optical Sensor with true 16,000 DPI Up to 450 inches per second (IPS) \/ 40 G acceleration On-The-Fly Sensitivity Adjustment (Default stages: 800\/1800\/3200\/7200\/16000) Dual-mode wireless (2.4GHz and BLE) HyperSpeed Wireless technology (using 2.4GHz Dongle) Battery Life Up to 285 hours (2.4GHz) Up to 450 hrs (BLE) with included AA battery. Six independently programmable buttons Razer Mechanical Mouse Switches rated for 50M clicks","og:url":"https:\/\/www.rucashk.com\/pt\/produto\/razer-basilisk-x-hyperspeed-mice\/","og:image":"https:\/\/www.rucashk.com\/wp-content\/uploads\/replace\/503b8e645f128a97ccde2b6290747646.jpeg","og:image:secure_url":"https:\/\/www.rucashk.com\/wp-content\/uploads\/replace\/503b8e645f128a97ccde2b6290747646.jpeg","og:image:width":1456,"og:image:height":816,"article:published_time":"2024-01-09T16:42:10+00:00","article:modified_time":"2025-06-21T07:48:07+00:00","twitter:card":"summary_large_image","twitter:title":"Razer Basilisk X HyperSpeed Mice - Rucas - Wholesale and Distribution","twitter:description":"Razer HyperSpeed Wireless technology Razer 5G Advanced Optical Sensor Ultra-Long Battery Life Razer Mechanical Mouse Switches 6 Programmable Buttons Razer 5G Advanced Optical Sensor with true 16,000 DPI Up to 450 inches per second (IPS) \/ 40 G acceleration On-The-Fly Sensitivity Adjustment (Default stages: 800\/1800\/3200\/7200\/16000) Dual-mode wireless (2.4GHz and BLE) HyperSpeed Wireless technology (using 2.4GHz Dongle) Battery Life Up to 285 hours (2.4GHz) Up to 450 hrs (BLE) with included AA battery. Six independently programmable buttons Razer Mechanical Mouse Switches rated for 50M clicks","twitter:image":"https:\/\/www.rucashk.com\/wp-content\/uploads\/replace\/503b8e645f128a97ccde2b6290747646.jpeg","schema":{"@context":"https:\/\/schema.org","@graph":[{"@type":"BreadcrumbList","@id":"https:\/\/www.rucashk.com\/pt\/produto\/razer-basilisk-x-hyperspeed-mice\/#breadcrumblist","itemListElement":[{"@type":"ListItem","@id":"https:\/\/www.rucashk.com\/pt\/#listItem","position":1,"name":"Home","item":"https:\/\/www.rucashk.com\/pt\/","nextItem":"https:\/\/www.rucashk.com\/pt\/produto\/razer-basilisk-x-hyperspeed-mice\/#listItem"},{"@type":"ListItem","@id":"https:\/\/www.rucashk.com\/pt\/produto\/razer-basilisk-x-hyperspeed-mice\/#listItem","position":2,"name":"Razer Basilisk X HyperSpeed Mice","previousItem":"https:\/\/www.rucashk.com\/pt\/#listItem"}]},{"@type":"Organization","@id":"https:\/\/www.rucashk.com\/pt\/#organization","name":"Rucas","url":"https:\/\/www.rucashk.com\/pt\/","logo":{"@type":"ImageObject","url":"https:\/\/www.rucashk.com\/wp-content\/uploads\/2023\/12\/Rucas_campany_logo.png","@id":"https:\/\/www.rucashk.com\/pt\/produto\/razer-basilisk-x-hyperspeed-mice\/#organizationLogo","width":221,"height":65},"image":{"@id":"https:\/\/www.rucashk.com\/pt\/#organizationLogo"}},{"@type":"Person","@id":"https:\/\/www.rucashk.com\/pt\/author\/admin\/#author","url":"https:\/\/www.rucashk.com\/pt\/author\/admin\/","name":"admin","image":{"@type":"ImageObject","@id":"https:\/\/www.rucashk.com\/pt\/produto\/razer-basilisk-x-hyperspeed-mice\/#authorImage","url":"https:\/\/secure.gravatar.com\/avatar\/b7c8925b09a27e72b30232f8ecaadbd5af0f70a38c78096863fe51b64f031c24?s=96&d=mm&r=g","width":96,"height":96,"caption":"admin"}},{"@type":"WebPage","@id":"https:\/\/www.rucashk.com\/pt\/produto\/razer-basilisk-x-hyperspeed-mice\/#webpage","url":"https:\/\/www.rucashk.com\/pt\/produto\/razer-basilisk-x-hyperspeed-mice\/","name":"Razer Basilisk X HyperSpeed Mice - Rucas - Wholesale and Distribution","description":"Razer HyperSpeed Wireless technology Razer 5G Advanced Optical Sensor Ultra-Long Battery Life Razer Mechanical Mouse Switches 6 Programmable Buttons Razer 5G Advanced Optical Sensor with true 16,000 DPI Up to 450 inches per second (IPS) \/ 40 G acceleration On-The-Fly Sensitivity Adjustment (Default stages: 800\/1800\/3200\/7200\/16000) Dual-mode wireless (2.4GHz and BLE) HyperSpeed Wireless technology (using 2.4GHz Dongle) Battery Life Up to 285 hours (2.4GHz) Up to 450 hrs (BLE) with included AA battery. Six independently programmable buttons Razer Mechanical Mouse Switches rated for 50M clicks","inLanguage":"pt-PT","isPartOf":{"@id":"https:\/\/www.rucashk.com\/pt\/#website"},"breadcrumb":{"@id":"https:\/\/www.rucashk.com\/pt\/produto\/razer-basilisk-x-hyperspeed-mice\/#breadcrumblist"},"author":{"@id":"https:\/\/www.rucashk.com\/pt\/author\/admin\/#author"},"creator":{"@id":"https:\/\/www.rucashk.com\/pt\/author\/admin\/#author"},"image":{"@type":"ImageObject","url":"https:\/\/www.rucashk.com\/wp-content\/uploads\/2024\/01\/10005-18-1.jpg","@id":"https:\/\/www.rucashk.com\/pt\/produto\/razer-basilisk-x-hyperspeed-mice\/#mainImage","width":800,"height":800},"primaryImageOfPage":{"@id":"https:\/\/www.rucashk.com\/pt\/produto\/razer-basilisk-x-hyperspeed-mice\/#mainImage"},"datePublished":"2024-01-09T16:42:10+00:00","dateModified":"2025-06-21T07:48:07+00:00"},{"@type":"WebSite","@id":"https:\/\/www.rucashk.com\/pt\/#website","url":"https:\/\/www.rucashk.com\/pt\/","name":"Rucas - Wholesale and distribution worldwide","alternateName":"Rucas - One-stop AIoT Distribution Worldwide","description":"One-stop AIoT Distribution Worldwide","inLanguage":"pt-PT","publisher":{"@id":"https:\/\/www.rucashk.com\/pt\/#organization"}}]}},"aioseo_meta_data":{"post_id":"27560","title":null,"description":null,"keywords":null,"keyphrases":null,"primary_term":null,"canonical_url":null,"og_title":null,"og_description":null,"og_object_type":"default","og_image_type":"default","og_image_url":null,"og_image_width":null,"og_image_height":null,"og_image_custom_url":null,"og_image_custom_fields":null,"og_video":"","og_custom_url":null,"og_article_section":null,"og_article_tags":null,"twitter_use_og":false,"twitter_card":"default","twitter_image_type":"default","twitter_image_url":null,"twitter_image_custom_url":null,"twitter_image_custom_fields":null,"twitter_title":null,"twitter_description":null,"schema":{"blockGraphs":[],"customGraphs":[],"default":{"data":{"Article":[],"Course":[],"Dataset":[],"FAQPage":[],"Movie":[],"Person":[],"Product":[],"Recipe":[],"Service":[],"SoftwareApplication":[],"WebPage":[]},"graphName":"","isEnabled":true},"graphs":[]},"schema_type":"default","schema_type_options":null,"pillar_content":false,"robots_default":true,"robots_noindex":false,"robots_noarchive":false,"robots_nosnippet":false,"robots_nofollow":false,"robots_noimageindex":false,"robots_noodp":false,"robots_notranslate":false,"robots_max_snippet":"-1","robots_max_videopreview":"-1","robots_max_imagepreview":"large","priority":null,"frequency":"default","local_seo":null,"breadcrumb_settings":null,"limit_modified_date":false,"created":"2024-04-11 01:57:22","updated":"2025-06-22 18:38:59"},"aioseo_breadcrumb":"<div class=\"aioseo-breadcrumbs\"><span class=\"aioseo-breadcrumb\">\n\t<a href=\"https:\/\/www.rucashk.com\/pt\" title=\"Home\">Home<\/a>\n<\/span><span class=\"aioseo-breadcrumb-separator\">&raquo;<\/span><span class=\"aioseo-breadcrumb\">\n\t<a href=\"https:\/\/www.rucashk.com\/pt\/products\/\" title=\"Produtos\">Produtos<\/a>\n<\/span><span class=\"aioseo-breadcrumb-separator\">&raquo;<\/span><span class=\"aioseo-breadcrumb\">\n\t<a href=\"https:\/\/www.rucashk.com\/pt\/marca\/razer\/\" title=\"Razer\">Razer<\/a>\n<\/span><span class=\"aioseo-breadcrumb-separator\">&raquo;<\/span><span class=\"aioseo-breadcrumb\">\n\tRazer Basilisk X HyperSpeed Mice\n<\/span><\/div>","aioseo_breadcrumb_json":[{"label":"Home","link":"https:\/\/www.rucashk.com\/pt"},{"label":"Produtos","link":"https:\/\/www.rucashk.com\/pt\/products\/"},{"label":"Razer","link":"https:\/\/www.rucashk.com\/pt\/marca\/razer\/"},{"label":"Razer Basilisk X HyperSpeed Mice","link":"https:\/\/www.rucashk.com\/pt\/produto\/razer-basilisk-x-hyperspeed-mice\/"}],"_links":{"self":[{"href":"https:\/\/www.rucashk.com\/pt\/wp-json\/wp\/v2\/product\/27560","targetHints":{"allow":["GET"]}}],"collection":[{"href":"https:\/\/www.rucashk.com\/pt\/wp-json\/wp\/v2\/product"}],"about":[{"href":"https:\/\/www.rucashk.com\/pt\/wp-json\/wp\/v2\/types\/product"}],"wp:featuredmedia":[{"embeddable":true,"href":"https:\/\/www.rucashk.com\/pt\/wp-json\/wp\/v2\/media\/27718"}],"wp:attachment":[{"href":"https:\/\/www.rucashk.com\/pt\/wp-json\/wp\/v2\/media?parent=27560"}],"wp:term":[{"taxonomy":"product_brand","embeddable":true,"href":"https:\/\/www.rucashk.com\/pt\/wp-json\/wp\/v2\/product_brand?post=27560"},{"taxonomy":"product_cat","embeddable":true,"href":"https:\/\/www.rucashk.com\/pt\/wp-json\/wp\/v2\/product_cat?post=27560"},{"taxonomy":"product_tag","embeddable":true,"href":"https:\/\/www.rucashk.com\/pt\/wp-json\/wp\/v2\/product_tag?post=27560"}],"curies":[{"name":"wp","href":"https:\/\/api.w.org\/{rel}","templated":true}]}}