{"id":27559,"date":"2024-01-09T16:42:10","date_gmt":"2024-01-09T16:42:10","guid":{"rendered":"http:\/\/rucashk.com\/?post_type=product&#038;p=27559"},"modified":"2025-06-21T07:49:25","modified_gmt":"2025-06-21T07:49:25","slug":"razer-basilisk-ultimate-mice-mouse-only","status":"publish","type":"product","link":"https:\/\/www.rucashk.com\/pt\/produto\/razer-basilisk-ultimate-mice-mouse-only\/","title":{"rendered":"Ratos Razer Basilisk Ultimate (somente mouse)"},"content":{"rendered":"<div id=\"nav-description\">\n<div class=\"extend--content--DlnAngg\">\n<div data-spm-anchor-id=\"a2g0o.detail.0.i7.1b47eNbUeNbUDX\">\n<div id=\"product-description\" class=\"description--product-description--nxRv0lW\" data-spm=\"1000023\" data-pl=\"product-description\">\n<div class=\"description--origin-part--SsZJoGC\">\n<p>SENSOR \u00d3PTICO RAZER FOCUS+ CALIBRADO COM PRECIS\u00c3O DE 20K DPI<br \/>\nProjetado para precis\u00e3o, com Smart Tracking autom\u00e1tico e inteligente, sincroniza\u00e7\u00e3o de movimento com PC e sensor e detec\u00e7\u00e3o cont\u00ednua de decolagem<\/p>\n<\/div>\n<\/div>\n<\/div>\n<div data-spm-anchor-id=\"a2g0o.detail.0.i7.1b47eNbUeNbUDX\">\n<div id=\"product-description\" class=\"description--product-description--nxRv0lW\" data-spm=\"1000023\" data-pl=\"product-description\">\n<div class=\"description--origin-part--SsZJoGC\">\n<p><img decoding=\"async\" src=\"\/wp-content\/uploads\/replace\/4720dd9acbf4053762016875f0a27712.png\" alt=\"Razer Basilisk Ultimate (Mouse only)\" \/><\/p>\n<p>&nbsp;<\/p>\n<div id=\"product-description\" class=\"description--product-description--nxRv0lW\" data-spm=\"1000023\" data-pl=\"product-description\">\n<p>11 BOT\u00d5ES PROGRAM\u00c1VEIS<br \/>\nCada bot\u00e3o pode ser remapeado via Svnapse 3 para macros complexas (inclui um bot\u00e3o DPI inferior para evitar pressionamentos acidentais)<\/p>\n<\/div>\n<p>&nbsp;<\/p>\n<p><img decoding=\"async\" src=\"\/wp-content\/uploads\/replace\/5394baf0fd8987c403be065605b8cdb6.jpeg\" alt=\"Razer Basilisk Ultimate (Mouse only)\" \/><\/p>\n<p>&nbsp;<\/p>\n<p>RESIST\u00caNCIA PERSONALIZ\u00c1VEL DA RODA DE ROLAGEM<\/p>\n<p>Para sensibilidade personalizada<\/p>\n<p>&nbsp;<\/p>\n<p><img decoding=\"async\" src=\"\/wp-content\/uploads\/replace\/39a69a562db89410d9430273df617010.png\" alt=\"Razer Basilisk Ultimate (Mouse only)\" \/><\/p>\n<p>&nbsp;<\/p>\n<p>TECNOLOGIA SEM FIO DE HIPERVELOCIDADE RAZER ULTRA-R\u00c1PIDA<br \/>\nMais r\u00e1pido que mouses para jogos com fio<\/p>\n<p>&nbsp;<\/p>\n<p><img decoding=\"async\" src=\"\/wp-content\/uploads\/replace\/31a6cb15c8d9c3bde22aaeb82b3597f7.png\" alt=\"Razer Basilisk Ultimate (Mouse only)\" \/><\/p>\n<p>&nbsp;<\/p>\n<p>SENSOR \u00d3PTICO RAZER FOCUS+ 20K<\/p>\n<p>Para precis\u00e3o de ponta<\/p>\n<p>&nbsp;<\/p>\n<p><img decoding=\"async\" src=\"\/wp-content\/uploads\/replace\/34501b29f9aae86ee9ff463847df8d01.png\" alt=\"Razer Basilisk Ultimate (Mouse only)\" \/><\/p>\n<\/div>\n<\/div>\n<\/div>\n<p>&nbsp;<\/p>\n<div class=\"title--wrap--wDzGayX\">\n<div class=\"title--text--Lx66GPw\">\n<h1 class=\"title--title--RN9Pt03\" data-spm-anchor-id=\"a2g0o.detail.0.i11.1b47eNbUeNbUDX\">Especifica\u00e7\u00f5es<\/h1>\n<\/div>\n<\/div>\n<ul class=\"specification--list--fiWsSyv\">\n<li class=\"specification--line--iUJOqof\">\n<div class=\"specification--prop--RejitI8\">\n<div class=\"specification--title--UbVeyic\">Modo de opera\u00e7\u00e3o: Optoeletr\u00f4nico<\/div>\n<\/div>\n<div class=\"specification--prop--RejitI8\">\n<div class=\"specification--title--UbVeyic\">Tipo de energia: Bateria<\/div>\n<\/div>\n<\/li>\n<li class=\"specification--line--iUJOqof\">\n<div class=\"specification--prop--RejitI8\">\n<div class=\"specification--title--UbVeyic\">N\u00famero de bot\u00f5es: 11<\/div>\n<\/div>\n<div class=\"specification--prop--RejitI8\">\n<div class=\"specification--title--UbVeyic\">N\u00famero de rolos: 1 unidade<\/div>\n<\/div>\n<\/li>\n<li class=\"specification--line--iUJOqof\">\n<div class=\"specification--prop--RejitI8\">\n<div class=\"specification--title--UbVeyic\">Orienta\u00e7\u00e3o da m\u00e3o: direita<\/div>\n<\/div>\n<div class=\"specification--prop--RejitI8\">\n<div class=\"specification--title--UbVeyic\">Pacote: Sim<\/div>\n<\/div>\n<\/li>\n<li class=\"specification--line--iUJOqof\">\n<div class=\"specification--prop--RejitI8\">\n<div class=\"specification--title--UbVeyic\">Tipo de interface: USB<\/div>\n<\/div>\n<div class=\"specification--prop--RejitI8\">\n<div class=\"specification--title--UbVeyic\">Tipo: Bluetooth Sem Fio<\/div>\n<\/div>\n<\/li>\n<li class=\"specification--line--iUJOqof\">\n<div class=\"specification--prop--RejitI8\">\n<div class=\"specification--title--UbVeyic\">Marca: Razer<\/div>\n<\/div>\n<div class=\"specification--prop--RejitI8\">\n<div class=\"specification--title--UbVeyic\">Origem: China Continental<\/div>\n<\/div>\n<\/li>\n<li class=\"specification--line--iUJOqof\">\n<div class=\"specification--prop--RejitI8\">\n<div class=\"specification--title--UbVeyic\">Certifica\u00e7\u00e3o: CE<\/div>\n<\/div>\n<\/li>\n<\/ul>\n<\/div>\n<\/div>","protected":false},"excerpt":{"rendered":"<ul class=\"a-unordered-list a-vertical a-spacing-mini\">\n<li><span class=\"a-list-item\" data-spm-anchor-id=\"a2g0o.detail.1000023.i3.1b47eNbUeNbUDX\">25% mais r\u00e1pido que os ratos sem fio concorrentes: a tecnologia sem fio Razer HyperSpeed re\u00fane lat\u00eancia extremamente baixa e redu\u00e7\u00e3o de interfer\u00eancia para uma verdadeira liberdade sem fio<\/span><\/li>\n<li><span class=\"a-list-item\">3x mais r\u00e1pido que os switches mec\u00e2nicos tradicionais: os switches de mouse \u00f3ptico Razer usam atua\u00e7\u00e3o baseada em feixe de luz, registrando pressionamentos de bot\u00e3o na velocidade da luz<\/span><\/li>\n<li><span class=\"a-list-item\">Ilumina\u00e7\u00e3o Chroma personaliz\u00e1vel inclu\u00edda e base de carregamento de mouse RGB: Possui 16,8 milh\u00f5es de combina\u00e7\u00f5es de cores com perfis predefinidos inclu\u00eddos; fornece 5 horas de reprodu\u00e7\u00e3o sem fio em 10 minutos ap\u00f3s o carregamento<\/span><\/li>\n<li><span class=\"a-list-item\">11 Bot\u00f5es Program\u00e1veis: Permitem a reconfigura\u00e7\u00e3o e atribui\u00e7\u00e3o de fun\u00e7\u00f5es macro complexas atrav\u00e9s do Razer Synapse 3<\/span><\/li>\n<li><span class=\"a-list-item\">At\u00e9 100 horas de dura\u00e7\u00e3o da bateria: um sensor totalmente novo e hipereficiente e uma tecnologia sem fio permitem jogos prolongados<\/span><\/li>\n<\/ul>","protected":false},"featured_media":27713,"template":"","meta":[],"product_brand":[1379],"product_cat":[1322,1331],"product_tag":[],"class_list":{"0":"post-27559","1":"product","2":"type-product","3":"status-publish","4":"has-post-thumbnail","6":"product_brand-razer","7":"product_cat-other-a-brands","8":"product_cat-razer-other-a-brands","10":"first","11":"instock","12":"shipping-taxable","13":"product-type-simple"},"aioseo_notices":[],"aioseo_head":"\n\t\t<!-- All in One SEO Pro 4.5.9.2 - aioseo.com -->\n\t\t<meta name=\"description\" content=\"25% Faster Than Competing Wireless Mice: Razer HyperSpeed wireless technology brings together extreme low-latency and interference reduction for true wireless freedom 3x Quicker Than Traditional Mechanical Switches: Razer Optical mouse switches uses light beam-based actuation, registering button presses at the speed of light Included Customizable Chroma Lighting &amp; RGB Mouse Charging Dock: Features 16.8 million color combinations w, included preset profiles; provides 5 hours of wireless playtime within 10 minutes of charging 11 Programmable Buttons: Allows for reconfiguration and assignment of complex macro functions through Razer Synapse 3 Up to 100 Hour Battery Life: An all-new, hyper-efficient sensor and wireless technology allows for extended gaming\" \/>\n\t\t<meta name=\"robots\" content=\"max-image-preview:large\" \/>\n\t\t<link rel=\"canonical\" href=\"https:\/\/www.rucashk.com\/pt\/produto\/razer-basilisk-ultimate-mice-mouse-only\/\" \/>\n\t\t<meta name=\"generator\" content=\"All in One SEO Pro (AIOSEO) 4.5.9.2\" \/>\n\t\t<meta property=\"og:locale\" content=\"pt_PT\" \/>\n\t\t<meta property=\"og:site_name\" content=\"Rucas - One-stop AIoT Distribution Worldwide\" \/>\n\t\t<meta property=\"og:type\" content=\"article\" \/>\n\t\t<meta property=\"og:title\" content=\"Razer Basilisk Ultimate Mice (Mouse only) - Rucas - Wholesale and Distribution\" \/>\n\t\t<meta property=\"og:description\" content=\"25% Faster Than Competing Wireless Mice: Razer HyperSpeed wireless technology brings together extreme low-latency and interference reduction for true wireless freedom 3x Quicker Than Traditional Mechanical Switches: Razer Optical mouse switches uses light beam-based actuation, registering button presses at the speed of light Included Customizable Chroma Lighting &amp; RGB Mouse Charging Dock: Features 16.8 million color combinations w, included preset profiles; provides 5 hours of wireless playtime within 10 minutes of charging 11 Programmable Buttons: Allows for reconfiguration and assignment of complex macro functions through Razer Synapse 3 Up to 100 Hour Battery Life: An all-new, hyper-efficient sensor and wireless technology allows for extended gaming\" \/>\n\t\t<meta property=\"og:url\" content=\"https:\/\/www.rucashk.com\/pt\/produto\/razer-basilisk-ultimate-mice-mouse-only\/\" \/>\n\t\t<meta property=\"og:image\" content=\"https:\/\/www.rucashk.com\/wp-content\/uploads\/replace\/503b8e645f128a97ccde2b6290747646.jpeg\" \/>\n\t\t<meta property=\"og:image:secure_url\" content=\"https:\/\/www.rucashk.com\/wp-content\/uploads\/replace\/503b8e645f128a97ccde2b6290747646.jpeg\" \/>\n\t\t<meta property=\"og:image:width\" content=\"1456\" \/>\n\t\t<meta property=\"og:image:height\" content=\"816\" \/>\n\t\t<meta property=\"article:published_time\" content=\"2024-01-09T16:42:10+00:00\" \/>\n\t\t<meta property=\"article:modified_time\" content=\"2025-06-21T07:49:25+00:00\" \/>\n\t\t<meta name=\"twitter:card\" content=\"summary_large_image\" \/>\n\t\t<meta name=\"twitter:title\" content=\"Razer Basilisk Ultimate Mice (Mouse only) - Rucas - Wholesale and Distribution\" \/>\n\t\t<meta name=\"twitter:description\" content=\"25% Faster Than Competing Wireless Mice: Razer HyperSpeed wireless technology brings together extreme low-latency and interference reduction for true wireless freedom 3x Quicker Than Traditional Mechanical Switches: Razer Optical mouse switches uses light beam-based actuation, registering button presses at the speed of light Included Customizable Chroma Lighting &amp; RGB Mouse Charging Dock: Features 16.8 million color combinations w, included preset profiles; provides 5 hours of wireless playtime within 10 minutes of charging 11 Programmable Buttons: Allows for reconfiguration and assignment of complex macro functions through Razer Synapse 3 Up to 100 Hour Battery Life: An all-new, hyper-efficient sensor and wireless technology allows for extended gaming\" \/>\n\t\t<meta name=\"twitter:image\" content=\"https:\/\/www.rucashk.com\/wp-content\/uploads\/replace\/503b8e645f128a97ccde2b6290747646.jpeg\" \/>\n\t\t<script type=\"application\/ld+json\" class=\"aioseo-schema\">\n\t\t\t{\"@context\":\"https:\\\/\\\/schema.org\",\"@graph\":[{\"@type\":\"BreadcrumbList\",\"@id\":\"https:\\\/\\\/www.rucashk.com\\\/pt\\\/produto\\\/razer-basilisk-ultimate-mice-mouse-only\\\/#breadcrumblist\",\"itemListElement\":[{\"@type\":\"ListItem\",\"@id\":\"https:\\\/\\\/www.rucashk.com\\\/pt\\\/#listItem\",\"position\":1,\"name\":\"Home\",\"item\":\"https:\\\/\\\/www.rucashk.com\\\/pt\\\/\",\"nextItem\":\"https:\\\/\\\/www.rucashk.com\\\/pt\\\/produto\\\/razer-basilisk-ultimate-mice-mouse-only\\\/#listItem\"},{\"@type\":\"ListItem\",\"@id\":\"https:\\\/\\\/www.rucashk.com\\\/pt\\\/produto\\\/razer-basilisk-ultimate-mice-mouse-only\\\/#listItem\",\"position\":2,\"name\":\"Razer Basilisk Ultimate Mice (Mouse only)\",\"previousItem\":\"https:\\\/\\\/www.rucashk.com\\\/pt\\\/#listItem\"}]},{\"@type\":\"Organization\",\"@id\":\"https:\\\/\\\/www.rucashk.com\\\/pt\\\/#organization\",\"name\":\"Rucas\",\"url\":\"https:\\\/\\\/www.rucashk.com\\\/pt\\\/\",\"logo\":{\"@type\":\"ImageObject\",\"url\":\"https:\\\/\\\/www.rucashk.com\\\/wp-content\\\/uploads\\\/2023\\\/12\\\/Rucas_campany_logo.png\",\"@id\":\"https:\\\/\\\/www.rucashk.com\\\/pt\\\/produto\\\/razer-basilisk-ultimate-mice-mouse-only\\\/#organizationLogo\",\"width\":221,\"height\":65},\"image\":{\"@id\":\"https:\\\/\\\/www.rucashk.com\\\/pt\\\/#organizationLogo\"}},{\"@type\":\"Person\",\"@id\":\"https:\\\/\\\/www.rucashk.com\\\/pt\\\/author\\\/admin\\\/#author\",\"url\":\"https:\\\/\\\/www.rucashk.com\\\/pt\\\/author\\\/admin\\\/\",\"name\":\"admin\",\"image\":{\"@type\":\"ImageObject\",\"@id\":\"https:\\\/\\\/www.rucashk.com\\\/pt\\\/produto\\\/razer-basilisk-ultimate-mice-mouse-only\\\/#authorImage\",\"url\":\"https:\\\/\\\/secure.gravatar.com\\\/avatar\\\/b7c8925b09a27e72b30232f8ecaadbd5af0f70a38c78096863fe51b64f031c24?s=96&d=mm&r=g\",\"width\":96,\"height\":96,\"caption\":\"admin\"}},{\"@type\":\"WebPage\",\"@id\":\"https:\\\/\\\/www.rucashk.com\\\/pt\\\/produto\\\/razer-basilisk-ultimate-mice-mouse-only\\\/#webpage\",\"url\":\"https:\\\/\\\/www.rucashk.com\\\/pt\\\/produto\\\/razer-basilisk-ultimate-mice-mouse-only\\\/\",\"name\":\"Razer Basilisk Ultimate Mice (Mouse only) - Rucas - Wholesale and Distribution\",\"description\":\"25% Faster Than Competing Wireless Mice: Razer HyperSpeed wireless technology brings together extreme low-latency and interference reduction for true wireless freedom 3x Quicker Than Traditional Mechanical Switches: Razer Optical mouse switches uses light beam-based actuation, registering button presses at the speed of light Included Customizable Chroma Lighting & RGB Mouse Charging Dock: Features 16.8 million color combinations w, included preset profiles; provides 5 hours of wireless playtime within 10 minutes of charging 11 Programmable Buttons: Allows for reconfiguration and assignment of complex macro functions through Razer Synapse 3 Up to 100 Hour Battery Life: An all-new, hyper-efficient sensor and wireless technology allows for extended gaming\",\"inLanguage\":\"pt-PT\",\"isPartOf\":{\"@id\":\"https:\\\/\\\/www.rucashk.com\\\/pt\\\/#website\"},\"breadcrumb\":{\"@id\":\"https:\\\/\\\/www.rucashk.com\\\/pt\\\/produto\\\/razer-basilisk-ultimate-mice-mouse-only\\\/#breadcrumblist\"},\"author\":{\"@id\":\"https:\\\/\\\/www.rucashk.com\\\/pt\\\/author\\\/admin\\\/#author\"},\"creator\":{\"@id\":\"https:\\\/\\\/www.rucashk.com\\\/pt\\\/author\\\/admin\\\/#author\"},\"image\":{\"@type\":\"ImageObject\",\"url\":\"https:\\\/\\\/www.rucashk.com\\\/wp-content\\\/uploads\\\/2024\\\/01\\\/10001-2-1-1.jpg\",\"@id\":\"https:\\\/\\\/www.rucashk.com\\\/pt\\\/produto\\\/razer-basilisk-ultimate-mice-mouse-only\\\/#mainImage\",\"width\":1500,\"height\":1095},\"primaryImageOfPage\":{\"@id\":\"https:\\\/\\\/www.rucashk.com\\\/pt\\\/produto\\\/razer-basilisk-ultimate-mice-mouse-only\\\/#mainImage\"},\"datePublished\":\"2024-01-09T16:42:10+00:00\",\"dateModified\":\"2025-06-21T07:49:25+00:00\"},{\"@type\":\"WebSite\",\"@id\":\"https:\\\/\\\/www.rucashk.com\\\/pt\\\/#website\",\"url\":\"https:\\\/\\\/www.rucashk.com\\\/pt\\\/\",\"name\":\"Rucas - Wholesale and distribution worldwide\",\"alternateName\":\"Rucas - One-stop AIoT Distribution Worldwide\",\"description\":\"One-stop AIoT Distribution Worldwide\",\"inLanguage\":\"pt-PT\",\"publisher\":{\"@id\":\"https:\\\/\\\/www.rucashk.com\\\/pt\\\/#organization\"}}]}\n\t\t<\/script>\n\t\t<!-- All in One SEO Pro -->\r\n\t\t<title>Razer Basilisk Ultimate Mice (Mouse only) - Rucas - Wholesale and Distribution<\/title>\n\n","aioseo_head_json":{"title":"Razer Basilisk Ultimate Mice (Mouse only) - Rucas - Wholesale and Distribution","description":"25% Faster Than Competing Wireless Mice: Razer HyperSpeed wireless technology brings together extreme low-latency and interference reduction for true wireless freedom 3x Quicker Than Traditional Mechanical Switches: Razer Optical mouse switches uses light beam-based actuation, registering button presses at the speed of light Included Customizable Chroma Lighting & RGB Mouse Charging Dock: Features 16.8 million color combinations w, included preset profiles; provides 5 hours of wireless playtime within 10 minutes of charging 11 Programmable Buttons: Allows for reconfiguration and assignment of complex macro functions through Razer Synapse 3 Up to 100 Hour Battery Life: An all-new, hyper-efficient sensor and wireless technology allows for extended gaming","canonical_url":"https:\/\/www.rucashk.com\/pt\/produto\/razer-basilisk-ultimate-mice-mouse-only\/","robots":"max-image-preview:large","keywords":"","webmasterTools":{"miscellaneous":""},"og:locale":"pt_PT","og:site_name":"Rucas - One-stop AIoT Distribution Worldwide","og:type":"article","og:title":"Razer Basilisk Ultimate Mice (Mouse only) - Rucas - Wholesale and Distribution","og:description":"25% Faster Than Competing Wireless Mice: Razer HyperSpeed wireless technology brings together extreme low-latency and interference reduction for true wireless freedom 3x Quicker Than Traditional Mechanical Switches: Razer Optical mouse switches uses light beam-based actuation, registering button presses at the speed of light Included Customizable Chroma Lighting &amp; RGB Mouse Charging Dock: Features 16.8 million color combinations w, included preset profiles; provides 5 hours of wireless playtime within 10 minutes of charging 11 Programmable Buttons: Allows for reconfiguration and assignment of complex macro functions through Razer Synapse 3 Up to 100 Hour Battery Life: An all-new, hyper-efficient sensor and wireless technology allows for extended gaming","og:url":"https:\/\/www.rucashk.com\/pt\/produto\/razer-basilisk-ultimate-mice-mouse-only\/","og:image":"https:\/\/www.rucashk.com\/wp-content\/uploads\/replace\/503b8e645f128a97ccde2b6290747646.jpeg","og:image:secure_url":"https:\/\/www.rucashk.com\/wp-content\/uploads\/replace\/503b8e645f128a97ccde2b6290747646.jpeg","og:image:width":1456,"og:image:height":816,"article:published_time":"2024-01-09T16:42:10+00:00","article:modified_time":"2025-06-21T07:49:25+00:00","twitter:card":"summary_large_image","twitter:title":"Razer Basilisk Ultimate Mice (Mouse only) - Rucas - Wholesale and Distribution","twitter:description":"25% Faster Than Competing Wireless Mice: Razer HyperSpeed wireless technology brings together extreme low-latency and interference reduction for true wireless freedom 3x Quicker Than Traditional Mechanical Switches: Razer Optical mouse switches uses light beam-based actuation, registering button presses at the speed of light Included Customizable Chroma Lighting &amp; RGB Mouse Charging Dock: Features 16.8 million color combinations w, included preset profiles; provides 5 hours of wireless playtime within 10 minutes of charging 11 Programmable Buttons: Allows for reconfiguration and assignment of complex macro functions through Razer Synapse 3 Up to 100 Hour Battery Life: An all-new, hyper-efficient sensor and wireless technology allows for extended gaming","twitter:image":"https:\/\/www.rucashk.com\/wp-content\/uploads\/replace\/503b8e645f128a97ccde2b6290747646.jpeg","schema":{"@context":"https:\/\/schema.org","@graph":[{"@type":"BreadcrumbList","@id":"https:\/\/www.rucashk.com\/pt\/produto\/razer-basilisk-ultimate-mice-mouse-only\/#breadcrumblist","itemListElement":[{"@type":"ListItem","@id":"https:\/\/www.rucashk.com\/pt\/#listItem","position":1,"name":"Home","item":"https:\/\/www.rucashk.com\/pt\/","nextItem":"https:\/\/www.rucashk.com\/pt\/produto\/razer-basilisk-ultimate-mice-mouse-only\/#listItem"},{"@type":"ListItem","@id":"https:\/\/www.rucashk.com\/pt\/produto\/razer-basilisk-ultimate-mice-mouse-only\/#listItem","position":2,"name":"Razer Basilisk Ultimate Mice (Mouse only)","previousItem":"https:\/\/www.rucashk.com\/pt\/#listItem"}]},{"@type":"Organization","@id":"https:\/\/www.rucashk.com\/pt\/#organization","name":"Rucas","url":"https:\/\/www.rucashk.com\/pt\/","logo":{"@type":"ImageObject","url":"https:\/\/www.rucashk.com\/wp-content\/uploads\/2023\/12\/Rucas_campany_logo.png","@id":"https:\/\/www.rucashk.com\/pt\/produto\/razer-basilisk-ultimate-mice-mouse-only\/#organizationLogo","width":221,"height":65},"image":{"@id":"https:\/\/www.rucashk.com\/pt\/#organizationLogo"}},{"@type":"Person","@id":"https:\/\/www.rucashk.com\/pt\/author\/admin\/#author","url":"https:\/\/www.rucashk.com\/pt\/author\/admin\/","name":"admin","image":{"@type":"ImageObject","@id":"https:\/\/www.rucashk.com\/pt\/produto\/razer-basilisk-ultimate-mice-mouse-only\/#authorImage","url":"https:\/\/secure.gravatar.com\/avatar\/b7c8925b09a27e72b30232f8ecaadbd5af0f70a38c78096863fe51b64f031c24?s=96&d=mm&r=g","width":96,"height":96,"caption":"admin"}},{"@type":"WebPage","@id":"https:\/\/www.rucashk.com\/pt\/produto\/razer-basilisk-ultimate-mice-mouse-only\/#webpage","url":"https:\/\/www.rucashk.com\/pt\/produto\/razer-basilisk-ultimate-mice-mouse-only\/","name":"Razer Basilisk Ultimate Mice (Mouse only) - Rucas - Wholesale and Distribution","description":"25% Faster Than Competing Wireless Mice: Razer HyperSpeed wireless technology brings together extreme low-latency and interference reduction for true wireless freedom 3x Quicker Than Traditional Mechanical Switches: Razer Optical mouse switches uses light beam-based actuation, registering button presses at the speed of light Included Customizable Chroma Lighting & RGB Mouse Charging Dock: Features 16.8 million color combinations w, included preset profiles; provides 5 hours of wireless playtime within 10 minutes of charging 11 Programmable Buttons: Allows for reconfiguration and assignment of complex macro functions through Razer Synapse 3 Up to 100 Hour Battery Life: An all-new, hyper-efficient sensor and wireless technology allows for extended gaming","inLanguage":"pt-PT","isPartOf":{"@id":"https:\/\/www.rucashk.com\/pt\/#website"},"breadcrumb":{"@id":"https:\/\/www.rucashk.com\/pt\/produto\/razer-basilisk-ultimate-mice-mouse-only\/#breadcrumblist"},"author":{"@id":"https:\/\/www.rucashk.com\/pt\/author\/admin\/#author"},"creator":{"@id":"https:\/\/www.rucashk.com\/pt\/author\/admin\/#author"},"image":{"@type":"ImageObject","url":"https:\/\/www.rucashk.com\/wp-content\/uploads\/2024\/01\/10001-2-1-1.jpg","@id":"https:\/\/www.rucashk.com\/pt\/produto\/razer-basilisk-ultimate-mice-mouse-only\/#mainImage","width":1500,"height":1095},"primaryImageOfPage":{"@id":"https:\/\/www.rucashk.com\/pt\/produto\/razer-basilisk-ultimate-mice-mouse-only\/#mainImage"},"datePublished":"2024-01-09T16:42:10+00:00","dateModified":"2025-06-21T07:49:25+00:00"},{"@type":"WebSite","@id":"https:\/\/www.rucashk.com\/pt\/#website","url":"https:\/\/www.rucashk.com\/pt\/","name":"Rucas - Wholesale and distribution worldwide","alternateName":"Rucas - One-stop AIoT Distribution Worldwide","description":"One-stop AIoT Distribution Worldwide","inLanguage":"pt-PT","publisher":{"@id":"https:\/\/www.rucashk.com\/pt\/#organization"}}]}},"aioseo_meta_data":{"post_id":"27559","title":null,"description":null,"keywords":null,"keyphrases":null,"primary_term":null,"canonical_url":null,"og_title":null,"og_description":null,"og_object_type":"default","og_image_type":"default","og_image_url":null,"og_image_width":null,"og_image_height":null,"og_image_custom_url":null,"og_image_custom_fields":null,"og_video":"","og_custom_url":null,"og_article_section":null,"og_article_tags":null,"twitter_use_og":false,"twitter_card":"default","twitter_image_type":"default","twitter_image_url":null,"twitter_image_custom_url":null,"twitter_image_custom_fields":null,"twitter_title":null,"twitter_description":null,"schema":{"blockGraphs":[],"customGraphs":[],"default":{"data":{"Article":[],"Course":[],"Dataset":[],"FAQPage":[],"Movie":[],"Person":[],"Product":[],"Recipe":[],"Service":[],"SoftwareApplication":[],"WebPage":[]},"graphName":"","isEnabled":true},"graphs":[]},"schema_type":"default","schema_type_options":null,"pillar_content":false,"robots_default":true,"robots_noindex":false,"robots_noarchive":false,"robots_nosnippet":false,"robots_nofollow":false,"robots_noimageindex":false,"robots_noodp":false,"robots_notranslate":false,"robots_max_snippet":"-1","robots_max_videopreview":"-1","robots_max_imagepreview":"large","priority":null,"frequency":"default","local_seo":null,"breadcrumb_settings":null,"limit_modified_date":false,"created":"2024-04-11 01:57:22","updated":"2025-06-22 18:38:58"},"aioseo_breadcrumb":"<div class=\"aioseo-breadcrumbs\"><span class=\"aioseo-breadcrumb\">\n\t<a href=\"https:\/\/www.rucashk.com\/pt\" title=\"Home\">Home<\/a>\n<\/span><span class=\"aioseo-breadcrumb-separator\">&raquo;<\/span><span class=\"aioseo-breadcrumb\">\n\t<a href=\"https:\/\/www.rucashk.com\/pt\/products\/\" title=\"Produtos\">Produtos<\/a>\n<\/span><span class=\"aioseo-breadcrumb-separator\">&raquo;<\/span><span class=\"aioseo-breadcrumb\">\n\t<a href=\"https:\/\/www.rucashk.com\/pt\/marca\/razer\/\" title=\"Razer\">Razer<\/a>\n<\/span><span class=\"aioseo-breadcrumb-separator\">&raquo;<\/span><span class=\"aioseo-breadcrumb\">\n\tRazer Basilisk Ultimate Mice (Mouse only)\n<\/span><\/div>","aioseo_breadcrumb_json":[{"label":"Home","link":"https:\/\/www.rucashk.com\/pt"},{"label":"Produtos","link":"https:\/\/www.rucashk.com\/pt\/products\/"},{"label":"Razer","link":"https:\/\/www.rucashk.com\/pt\/marca\/razer\/"},{"label":"Razer Basilisk Ultimate Mice (Mouse only)","link":"https:\/\/www.rucashk.com\/pt\/produto\/razer-basilisk-ultimate-mice-mouse-only\/"}],"_links":{"self":[{"href":"https:\/\/www.rucashk.com\/pt\/wp-json\/wp\/v2\/product\/27559","targetHints":{"allow":["GET"]}}],"collection":[{"href":"https:\/\/www.rucashk.com\/pt\/wp-json\/wp\/v2\/product"}],"about":[{"href":"https:\/\/www.rucashk.com\/pt\/wp-json\/wp\/v2\/types\/product"}],"wp:featuredmedia":[{"embeddable":true,"href":"https:\/\/www.rucashk.com\/pt\/wp-json\/wp\/v2\/media\/27713"}],"wp:attachment":[{"href":"https:\/\/www.rucashk.com\/pt\/wp-json\/wp\/v2\/media?parent=27559"}],"wp:term":[{"taxonomy":"product_brand","embeddable":true,"href":"https:\/\/www.rucashk.com\/pt\/wp-json\/wp\/v2\/product_brand?post=27559"},{"taxonomy":"product_cat","embeddable":true,"href":"https:\/\/www.rucashk.com\/pt\/wp-json\/wp\/v2\/product_cat?post=27559"},{"taxonomy":"product_tag","embeddable":true,"href":"https:\/\/www.rucashk.com\/pt\/wp-json\/wp\/v2\/product_tag?post=27559"}],"curies":[{"name":"wp","href":"https:\/\/api.w.org\/{rel}","templated":true}]}}