{"id":27528,"date":"2024-01-09T16:41:48","date_gmt":"2024-01-09T16:41:48","guid":{"rendered":"http:\/\/rucashk.com\/?post_type=product&#038;p=27528"},"modified":"2025-06-21T07:50:18","modified_gmt":"2025-06-21T07:50:18","slug":"amazfit-active-smart-watch","status":"publish","type":"product","link":"https:\/\/www.rucashk.com\/pt\/produto\/amazfit-active-smart-watch\/","title":{"rendered":"Rel\u00f3gio inteligente ativo Amazfit"},"content":{"rendered":"<h1>Amazfit ativo<\/h1>\n<h3>Mantenha-se ativo, mantenha-se saud\u00e1vel<\/h3>\n<p>Design superleve com tela HD AMOLED de 1,75\u2033<br \/>\nBateria ultralonga de 14 dias<br \/>\nOrienta\u00e7\u00e3o de treinamento potencializada por Zepp Coachrm<br \/>\n5 Sistemas de posicionamento por sat\u00e9lite e navega\u00e7\u00e3o de rota<br \/>\nChamadas telef\u00f4nicas Bluetooth e reprodu\u00e7\u00e3o de m\u00fasica<\/p>\n<p><img decoding=\"async\" alt=\"Amazfit Active Smart Watch\" src=\"\/wp-content\/uploads\/replace\/9521e5ff196b9b5bed5468e90db6a52b.png\" \/><\/p>\n<p>&nbsp;<\/p>\n<p>O Amazfit Active possui estilo elegante, materiais poderosos e tela din\u00e2mica para mant\u00ea-lo confiante e pronto para a a\u00e7\u00e3o, a qualquer hora e em qualquer lugar.<\/p>\n<p><strong>24g<\/strong><\/p>\n<p>Moldura Met\u00e1lica<\/p>\n<p><strong>Resistente \u00e0 \u00e1gua<\/strong><\/p>\n<p>Grau 5 ATM<\/p>\n<p><strong>Pulseira de silicone<\/strong><\/p>\n<p>Macio e confort\u00e1vel<\/p>\n<p><strong>1.75<\/strong><br \/>\nTela HD AMOLED<br \/>\n<strong>100+<\/strong><\/p>\n<p>Grande escolha de mostradores de rel\u00f3gio<br \/>\n<strong>73%<\/strong><\/p>\n<p>Propor\u00e7\u00e3o tela-corpo<\/p>\n<p>&nbsp;<\/p>\n<p><img decoding=\"async\" alt=\"Amazfit Active Smart Watch\" src=\"\/wp-content\/uploads\/replace\/0e09b83db45c365fb6baf1689066007d.png\" \/><\/p>\n<p><strong>Mantenha-se saud\u00e1vel com monitoramento de sa\u00fade detalhado<\/strong><\/p>\n<p><strong>Mantenha o controle com medi\u00e7\u00e3o com um toque<\/strong><\/p>\n<p><strong>Fique por dentro com prontid\u00e3o.<\/strong><\/p>\n<p><img decoding=\"async\" alt=\"Amazfit Active Smart Watch\" src=\"\/wp-content\/uploads\/replace\/b769449227de0c988da0b546db8605f1.png\" \/><\/p>\n<p>&nbsp;<\/p>\n<p>Manter-se ativo \u00e9 muito f\u00e1cil quando voc\u00ea adora seus treinos.<br \/>\nQualquer que seja o esporte que fa\u00e7a voc\u00ea querer se movimentar, o Amazfit Active estar\u00e1 com voc\u00ea.<\/p>\n<p>&nbsp;<\/p>\n<p>Crie modelos de treino no aplicativo Zepp e sincronize-os com o rel\u00f3gio, para que voc\u00ea possa seguir uma rotina de exerc\u00edcios que o ajude a melhorar cada sess\u00e3o.<\/p>\n<p>&nbsp;<\/p>\n<p>Crie seus pr\u00f3prios modelos de treinamento intervalado diretamente no rel\u00f3gio, para uma sele\u00e7\u00e3o de 10 esportes diferentes.<\/p>\n<p>&nbsp;<\/p>\n<p>Importe um arquivo de rota do aplicativo Zepp e navegue com incr\u00edvel precis\u00e3o.<\/p>\n<p>&nbsp;<\/p>\n<p><img decoding=\"async\" alt=\"Amazfit Active Smart Watch\" src=\"\/wp-content\/uploads\/replace\/946dc07d0f89ea00c8e83af95fab1535.png\" \/><\/p>\n<p>&nbsp;<\/p>\n<p>Sincronize dados de atividade com adidas Running.Strava, komoot, Relive, Apple Health e Google Fit, atrav\u00e9s do aplicativo Zepp.<\/p>\n<p>&nbsp;<\/p>\n<p>Armazene m\u00fasicas no rel\u00f3gio e ou\u00e7a sua lista de reprodu\u00e7\u00e3o de treino sem telefone<\/p>\n<p>&nbsp;<\/p>\n<p>Com sua antena GPS polarizada circularmente l\u00edder do setor, o Amazfit Active rastrear\u00e1 cada curva que voc\u00ea fizer pelas ruas da cidade e cada trilha que voc\u00ea explorar ao ar livre<\/p>\n<p>&nbsp;<\/p>\n<p>Incrivelmente eficiente em termos de consumo de energia, intuitivo e com um enorme ecossistema de aplicativos para download e jogos divertidos, o sistema operacional Zepp torna mais f\u00e1cil maximizar seu estilo de vida ativo.<\/p>\n<p><img decoding=\"async\" alt=\"Amazfit Active Smart Watch\" src=\"\/wp-content\/uploads\/replace\/0822225364e29a5bdbe95f6637e73546.png\" \/><\/p>\n<div class=\"title--wrap--wDzGayX\">\n<div class=\"title--text--Lx66GPw\">\n<h1 class=\"title--title--RN9Pt03\">Especifica\u00e7\u00f5es<\/h1>\n<\/div>\n<\/div>\n<ul class=\"specification--list--fiWsSyv\">\n<li class=\"specification--line--iUJOqof\">\n<div class=\"specification--prop--RejitI8\">\n<div class=\"specification--title--UbVeyic\">Assistente de voz integrado: N\u00e3o<\/div>\n<\/div>\n<div class=\"specification--prop--RejitI8\">\n<div class=\"specification--title--UbVeyic\">Vers\u00e3o compat\u00edvel com Bluetooth: 5.3<\/div>\n<\/div>\n<\/li>\n<li class=\"specification--line--iUJOqof\">\n<div class=\"specification--prop--RejitI8\">\n<div class=\"specification--title--UbVeyic\">M\u00e9tricas medidas:Monitor de frequ\u00eancia card\u00edaca<\/div>\n<\/div>\n<div class=\"specification--prop--RejitI8\">\n<div class=\"specification--title--UbVeyic\">Atividade rastreada: rastreador de etapas<\/div>\n<\/div>\n<\/li>\n<li class=\"specification--line--iUJOqof\">\n<div class=\"specification--prop--RejitI8\">\n<div class=\"specification--title--UbVeyic\">Categoria:Rel\u00f3gios Inteligentes<\/div>\n<\/div>\n<div class=\"specification--prop--RejitI8\">\n<div class=\"specification--title--UbVeyic\">Grau \u00e0 prova d&#039;\u00e1gua: profissional \u00e0 prova d&#039;\u00e1gua<\/div>\n<\/div>\n<\/li>\n<li class=\"specification--line--iUJOqof\">\n<div class=\"specification--prop--RejitI8\">\n<div class=\"specification--title--UbVeyic\">Cart\u00e3o SIM dispon\u00edvel: N\u00e3o<\/div>\n<\/div>\n<div class=\"specification--prop--RejitI8\">\n<div class=\"specification--title--UbVeyic\">Mecanismo: N\u00e3o<\/div>\n<\/div>\n<\/li>\n<li class=\"specification--line--iUJOqof\">\n<div class=\"specification--prop--RejitI8\">\n<div class=\"specification--title--UbVeyic\">V\u00e1rios mostradores: sim<\/div>\n<\/div>\n<div class=\"specification--prop--RejitI8\">\n<div class=\"specification--title--UbVeyic\">GPS: Sim<\/div>\n<\/div>\n<\/li>\n<li class=\"specification--line--iUJOqof\">\n<div class=\"specification--prop--RejitI8\">\n<div class=\"specification--title--UbVeyic\">Modo de rede: Nenhum<\/div>\n<\/div>\n<div class=\"specification--prop--RejitI8\">\n<div class=\"specification--title--UbVeyic\">Capacidade da bateria:&lt;120mAh<\/div>\n<\/div>\n<\/li>\n<li class=\"specification--line--iUJOqof\">\n<div class=\"specification--prop--RejitI8\">\n<div class=\"specification--title--UbVeyic\">C\u00e2mera traseira: nenhuma<\/div>\n<\/div>\n<div class=\"specification--prop--RejitI8\">\n<div class=\"specification--title--UbVeyic\">RAM:&lt;128MB<\/div>\n<\/div>\n<\/li>\n<li class=\"specification--line--iUJOqof\">\n<div class=\"specification--prop--RejitI8\">\n<div class=\"specification--title--UbVeyic\">ROM:&lt;128 MB<\/div>\n<\/div>\n<div class=\"specification--prop--RejitI8\">\n<div class=\"specification--title--UbVeyic\">Sistema:Android Desgaste<\/div>\n<\/div>\n<\/li>\n<li class=\"specification--line--iUJOqof\">\n<div class=\"specification--prop--RejitI8\">\n<div class=\"specification--title--UbVeyic\">Tipo: No Pulso<\/div>\n<\/div>\n<div class=\"specification--prop--RejitI8\">\n<div class=\"specification--title--UbVeyic\">Compatibilidade: todos compat\u00edveis<\/div>\n<\/div>\n<\/li>\n<li class=\"specification--line--iUJOqof\">\n<div class=\"specification--prop--RejitI8\">\n<div class=\"specification--title--UbVeyic\">Idioma: ingl\u00eas, russo, espanhol, polon\u00eas, portugu\u00eas, franc\u00eas, alem\u00e3o, coreano, japon\u00eas, ucraniano<\/div>\n<\/div>\n<div class=\"specification--prop--RejitI8\">\n<div class=\"specification--title--UbVeyic\">Fun\u00e7\u00e3o: Passometro<\/div>\n<\/div>\n<\/li>\n<li class=\"specification--line--iUJOqof\">\n<div class=\"specification--prop--RejitI8\">\n<div class=\"specification--title--UbVeyic\">Marca: Amazonfit<\/div>\n<\/div>\n<div class=\"specification--prop--RejitI8\">\n<div class=\"specification--title--UbVeyic\">Origem:China Continental<\/div>\n<\/div>\n<\/li>\n<\/ul>","protected":false},"excerpt":{"rendered":"<p>Design superleve com tela HD AMOLED de 1,75\u2033<br \/>\nBateria ultralonga de 14 dias<br \/>\nOrienta\u00e7\u00e3o de treinamento potencializada por Zepp Coachrm<br \/>\n5 Sistemas de posicionamento por sat\u00e9lite e navega\u00e7\u00e3o de rota<br \/>\nChamadas telef\u00f4nicas Bluetooth e reprodu\u00e7\u00e3o de m\u00fasica<\/p>","protected":false},"featured_media":27678,"template":"","meta":[],"product_brand":[1416],"product_cat":[1339,1305],"product_tag":[],"class_list":{"0":"post-27528","1":"product","2":"type-product","3":"status-publish","4":"has-post-thumbnail","6":"product_brand-amazfit","7":"product_cat-amazfit-smartwatch","8":"product_cat-xiaomi-eco","10":"first","11":"instock","12":"shipping-taxable","13":"product-type-simple"},"aioseo_notices":[],"aioseo_head":"\n\t\t<!-- All in One SEO Pro 4.5.9.2 - aioseo.com -->\n\t\t<meta name=\"description\" content=\"Super-light Design with1.75&quot; HD AMOLED Display Ultra-long 14-day Battery Life Al-powered TrainingGuidance by Zepp Coachrm 5 Satellite Positioning Systems &amp; Route Navigation Bluetooth Phone Calls&amp; Music Playback\" \/>\n\t\t<meta name=\"robots\" content=\"max-image-preview:large\" \/>\n\t\t<link rel=\"canonical\" href=\"https:\/\/www.rucashk.com\/pt\/produto\/amazfit-active-smart-watch\/\" \/>\n\t\t<meta name=\"generator\" content=\"All in One SEO Pro (AIOSEO) 4.5.9.2\" \/>\n\t\t<meta property=\"og:locale\" content=\"pt_PT\" \/>\n\t\t<meta property=\"og:site_name\" content=\"Rucas - One-stop AIoT Distribution Worldwide\" \/>\n\t\t<meta property=\"og:type\" content=\"article\" \/>\n\t\t<meta property=\"og:title\" content=\"Amazfit Active Smart Watch - Rucas - Wholesale and Distribution\" \/>\n\t\t<meta property=\"og:description\" content=\"Super-light Design with1.75&quot; HD AMOLED Display Ultra-long 14-day Battery Life Al-powered TrainingGuidance by Zepp Coachrm 5 Satellite Positioning Systems &amp; Route Navigation Bluetooth Phone Calls&amp; Music Playback\" \/>\n\t\t<meta property=\"og:url\" content=\"https:\/\/www.rucashk.com\/pt\/produto\/amazfit-active-smart-watch\/\" \/>\n\t\t<meta property=\"og:image\" content=\"https:\/\/www.rucashk.com\/wp-content\/uploads\/replace\/503b8e645f128a97ccde2b6290747646.jpeg\" \/>\n\t\t<meta property=\"og:image:secure_url\" content=\"https:\/\/www.rucashk.com\/wp-content\/uploads\/replace\/503b8e645f128a97ccde2b6290747646.jpeg\" \/>\n\t\t<meta property=\"og:image:width\" content=\"1456\" \/>\n\t\t<meta property=\"og:image:height\" content=\"816\" \/>\n\t\t<meta property=\"article:published_time\" content=\"2024-01-09T16:41:48+00:00\" \/>\n\t\t<meta property=\"article:modified_time\" content=\"2025-06-21T07:50:18+00:00\" \/>\n\t\t<meta name=\"twitter:card\" content=\"summary_large_image\" \/>\n\t\t<meta name=\"twitter:title\" content=\"Amazfit Active Smart Watch - Rucas - Wholesale and Distribution\" \/>\n\t\t<meta name=\"twitter:description\" content=\"Super-light Design with1.75&quot; HD AMOLED Display Ultra-long 14-day Battery Life Al-powered TrainingGuidance by Zepp Coachrm 5 Satellite Positioning Systems &amp; Route Navigation Bluetooth Phone Calls&amp; Music Playback\" \/>\n\t\t<meta name=\"twitter:image\" content=\"https:\/\/www.rucashk.com\/wp-content\/uploads\/replace\/503b8e645f128a97ccde2b6290747646.jpeg\" \/>\n\t\t<script type=\"application\/ld+json\" class=\"aioseo-schema\">\n\t\t\t{\"@context\":\"https:\\\/\\\/schema.org\",\"@graph\":[{\"@type\":\"BreadcrumbList\",\"@id\":\"https:\\\/\\\/www.rucashk.com\\\/pt\\\/produto\\\/amazfit-active-smart-watch\\\/#breadcrumblist\",\"itemListElement\":[{\"@type\":\"ListItem\",\"@id\":\"https:\\\/\\\/www.rucashk.com\\\/pt\\\/#listItem\",\"position\":1,\"name\":\"Home\",\"item\":\"https:\\\/\\\/www.rucashk.com\\\/pt\\\/\",\"nextItem\":\"https:\\\/\\\/www.rucashk.com\\\/pt\\\/produto\\\/amazfit-active-smart-watch\\\/#listItem\"},{\"@type\":\"ListItem\",\"@id\":\"https:\\\/\\\/www.rucashk.com\\\/pt\\\/produto\\\/amazfit-active-smart-watch\\\/#listItem\",\"position\":2,\"name\":\"Amazfit Active Smart Watch\",\"previousItem\":\"https:\\\/\\\/www.rucashk.com\\\/pt\\\/#listItem\"}]},{\"@type\":\"Organization\",\"@id\":\"https:\\\/\\\/www.rucashk.com\\\/pt\\\/#organization\",\"name\":\"Rucas\",\"url\":\"https:\\\/\\\/www.rucashk.com\\\/pt\\\/\",\"logo\":{\"@type\":\"ImageObject\",\"url\":\"https:\\\/\\\/www.rucashk.com\\\/wp-content\\\/uploads\\\/2023\\\/12\\\/Rucas_campany_logo.png\",\"@id\":\"https:\\\/\\\/www.rucashk.com\\\/pt\\\/produto\\\/amazfit-active-smart-watch\\\/#organizationLogo\",\"width\":221,\"height\":65},\"image\":{\"@id\":\"https:\\\/\\\/www.rucashk.com\\\/pt\\\/#organizationLogo\"}},{\"@type\":\"Person\",\"@id\":\"https:\\\/\\\/www.rucashk.com\\\/pt\\\/author\\\/admin\\\/#author\",\"url\":\"https:\\\/\\\/www.rucashk.com\\\/pt\\\/author\\\/admin\\\/\",\"name\":\"admin\",\"image\":{\"@type\":\"ImageObject\",\"@id\":\"https:\\\/\\\/www.rucashk.com\\\/pt\\\/produto\\\/amazfit-active-smart-watch\\\/#authorImage\",\"url\":\"https:\\\/\\\/secure.gravatar.com\\\/avatar\\\/b7c8925b09a27e72b30232f8ecaadbd5af0f70a38c78096863fe51b64f031c24?s=96&d=mm&r=g\",\"width\":96,\"height\":96,\"caption\":\"admin\"}},{\"@type\":\"WebPage\",\"@id\":\"https:\\\/\\\/www.rucashk.com\\\/pt\\\/produto\\\/amazfit-active-smart-watch\\\/#webpage\",\"url\":\"https:\\\/\\\/www.rucashk.com\\\/pt\\\/produto\\\/amazfit-active-smart-watch\\\/\",\"name\":\"Amazfit Active Smart Watch - Rucas - Wholesale and Distribution\",\"description\":\"Super-light Design with1.75\\\" HD AMOLED Display Ultra-long 14-day Battery Life Al-powered TrainingGuidance by Zepp Coachrm 5 Satellite Positioning Systems & Route Navigation Bluetooth Phone Calls& Music Playback\",\"inLanguage\":\"pt-PT\",\"isPartOf\":{\"@id\":\"https:\\\/\\\/www.rucashk.com\\\/pt\\\/#website\"},\"breadcrumb\":{\"@id\":\"https:\\\/\\\/www.rucashk.com\\\/pt\\\/produto\\\/amazfit-active-smart-watch\\\/#breadcrumblist\"},\"author\":{\"@id\":\"https:\\\/\\\/www.rucashk.com\\\/pt\\\/author\\\/admin\\\/#author\"},\"creator\":{\"@id\":\"https:\\\/\\\/www.rucashk.com\\\/pt\\\/author\\\/admin\\\/#author\"},\"image\":{\"@type\":\"ImageObject\",\"url\":\"https:\\\/\\\/www.rucashk.com\\\/wp-content\\\/uploads\\\/2024\\\/01\\\/1-1-2-1.webp\",\"@id\":\"https:\\\/\\\/www.rucashk.com\\\/pt\\\/produto\\\/amazfit-active-smart-watch\\\/#mainImage\",\"width\":80,\"height\":80},\"primaryImageOfPage\":{\"@id\":\"https:\\\/\\\/www.rucashk.com\\\/pt\\\/produto\\\/amazfit-active-smart-watch\\\/#mainImage\"},\"datePublished\":\"2024-01-09T16:41:48+00:00\",\"dateModified\":\"2025-06-21T07:50:18+00:00\"},{\"@type\":\"WebSite\",\"@id\":\"https:\\\/\\\/www.rucashk.com\\\/pt\\\/#website\",\"url\":\"https:\\\/\\\/www.rucashk.com\\\/pt\\\/\",\"name\":\"Rucas - Wholesale and distribution worldwide\",\"alternateName\":\"Rucas - One-stop AIoT Distribution Worldwide\",\"description\":\"One-stop AIoT Distribution Worldwide\",\"inLanguage\":\"pt-PT\",\"publisher\":{\"@id\":\"https:\\\/\\\/www.rucashk.com\\\/pt\\\/#organization\"}}]}\n\t\t<\/script>\n\t\t<!-- All in One SEO Pro -->\r\n\t\t<title>Amazfit Active Smart Watch - Rucas - Wholesale and Distribution<\/title>\n\n","aioseo_head_json":{"title":"Amazfit Active Smart Watch - Rucas - Wholesale and Distribution","description":"Super-light Design with1.75\" HD AMOLED Display Ultra-long 14-day Battery Life Al-powered TrainingGuidance by Zepp Coachrm 5 Satellite Positioning Systems & Route Navigation Bluetooth Phone Calls& Music Playback","canonical_url":"https:\/\/www.rucashk.com\/pt\/produto\/amazfit-active-smart-watch\/","robots":"max-image-preview:large","keywords":"","webmasterTools":{"miscellaneous":""},"og:locale":"pt_PT","og:site_name":"Rucas - One-stop AIoT Distribution Worldwide","og:type":"article","og:title":"Amazfit Active Smart Watch - Rucas - Wholesale and Distribution","og:description":"Super-light Design with1.75&quot; HD AMOLED Display Ultra-long 14-day Battery Life Al-powered TrainingGuidance by Zepp Coachrm 5 Satellite Positioning Systems &amp; Route Navigation Bluetooth Phone Calls&amp; Music Playback","og:url":"https:\/\/www.rucashk.com\/pt\/produto\/amazfit-active-smart-watch\/","og:image":"https:\/\/www.rucashk.com\/wp-content\/uploads\/replace\/503b8e645f128a97ccde2b6290747646.jpeg","og:image:secure_url":"https:\/\/www.rucashk.com\/wp-content\/uploads\/replace\/503b8e645f128a97ccde2b6290747646.jpeg","og:image:width":1456,"og:image:height":816,"article:published_time":"2024-01-09T16:41:48+00:00","article:modified_time":"2025-06-21T07:50:18+00:00","twitter:card":"summary_large_image","twitter:title":"Amazfit Active Smart Watch - Rucas - Wholesale and Distribution","twitter:description":"Super-light Design with1.75&quot; HD AMOLED Display Ultra-long 14-day Battery Life Al-powered TrainingGuidance by Zepp Coachrm 5 Satellite Positioning Systems &amp; Route Navigation Bluetooth Phone Calls&amp; Music Playback","twitter:image":"https:\/\/www.rucashk.com\/wp-content\/uploads\/replace\/503b8e645f128a97ccde2b6290747646.jpeg","schema":{"@context":"https:\/\/schema.org","@graph":[{"@type":"BreadcrumbList","@id":"https:\/\/www.rucashk.com\/pt\/produto\/amazfit-active-smart-watch\/#breadcrumblist","itemListElement":[{"@type":"ListItem","@id":"https:\/\/www.rucashk.com\/pt\/#listItem","position":1,"name":"Home","item":"https:\/\/www.rucashk.com\/pt\/","nextItem":"https:\/\/www.rucashk.com\/pt\/produto\/amazfit-active-smart-watch\/#listItem"},{"@type":"ListItem","@id":"https:\/\/www.rucashk.com\/pt\/produto\/amazfit-active-smart-watch\/#listItem","position":2,"name":"Amazfit Active Smart Watch","previousItem":"https:\/\/www.rucashk.com\/pt\/#listItem"}]},{"@type":"Organization","@id":"https:\/\/www.rucashk.com\/pt\/#organization","name":"Rucas","url":"https:\/\/www.rucashk.com\/pt\/","logo":{"@type":"ImageObject","url":"https:\/\/www.rucashk.com\/wp-content\/uploads\/2023\/12\/Rucas_campany_logo.png","@id":"https:\/\/www.rucashk.com\/pt\/produto\/amazfit-active-smart-watch\/#organizationLogo","width":221,"height":65},"image":{"@id":"https:\/\/www.rucashk.com\/pt\/#organizationLogo"}},{"@type":"Person","@id":"https:\/\/www.rucashk.com\/pt\/author\/admin\/#author","url":"https:\/\/www.rucashk.com\/pt\/author\/admin\/","name":"admin","image":{"@type":"ImageObject","@id":"https:\/\/www.rucashk.com\/pt\/produto\/amazfit-active-smart-watch\/#authorImage","url":"https:\/\/secure.gravatar.com\/avatar\/b7c8925b09a27e72b30232f8ecaadbd5af0f70a38c78096863fe51b64f031c24?s=96&d=mm&r=g","width":96,"height":96,"caption":"admin"}},{"@type":"WebPage","@id":"https:\/\/www.rucashk.com\/pt\/produto\/amazfit-active-smart-watch\/#webpage","url":"https:\/\/www.rucashk.com\/pt\/produto\/amazfit-active-smart-watch\/","name":"Amazfit Active Smart Watch - Rucas - Wholesale and Distribution","description":"Super-light Design with1.75\" HD AMOLED Display Ultra-long 14-day Battery Life Al-powered TrainingGuidance by Zepp Coachrm 5 Satellite Positioning Systems & Route Navigation Bluetooth Phone Calls& Music Playback","inLanguage":"pt-PT","isPartOf":{"@id":"https:\/\/www.rucashk.com\/pt\/#website"},"breadcrumb":{"@id":"https:\/\/www.rucashk.com\/pt\/produto\/amazfit-active-smart-watch\/#breadcrumblist"},"author":{"@id":"https:\/\/www.rucashk.com\/pt\/author\/admin\/#author"},"creator":{"@id":"https:\/\/www.rucashk.com\/pt\/author\/admin\/#author"},"image":{"@type":"ImageObject","url":"https:\/\/www.rucashk.com\/wp-content\/uploads\/2024\/01\/1-1-2-1.webp","@id":"https:\/\/www.rucashk.com\/pt\/produto\/amazfit-active-smart-watch\/#mainImage","width":80,"height":80},"primaryImageOfPage":{"@id":"https:\/\/www.rucashk.com\/pt\/produto\/amazfit-active-smart-watch\/#mainImage"},"datePublished":"2024-01-09T16:41:48+00:00","dateModified":"2025-06-21T07:50:18+00:00"},{"@type":"WebSite","@id":"https:\/\/www.rucashk.com\/pt\/#website","url":"https:\/\/www.rucashk.com\/pt\/","name":"Rucas - Wholesale and distribution worldwide","alternateName":"Rucas - One-stop AIoT Distribution Worldwide","description":"One-stop AIoT Distribution Worldwide","inLanguage":"pt-PT","publisher":{"@id":"https:\/\/www.rucashk.com\/pt\/#organization"}}]}},"aioseo_meta_data":{"post_id":"27528","title":null,"description":null,"keywords":null,"keyphrases":null,"primary_term":null,"canonical_url":null,"og_title":null,"og_description":null,"og_object_type":"default","og_image_type":"default","og_image_url":null,"og_image_width":null,"og_image_height":null,"og_image_custom_url":null,"og_image_custom_fields":null,"og_video":"","og_custom_url":null,"og_article_section":null,"og_article_tags":null,"twitter_use_og":false,"twitter_card":"default","twitter_image_type":"default","twitter_image_url":null,"twitter_image_custom_url":null,"twitter_image_custom_fields":null,"twitter_title":null,"twitter_description":null,"schema":{"blockGraphs":[],"customGraphs":[],"default":{"data":{"Article":[],"Course":[],"Dataset":[],"FAQPage":[],"Movie":[],"Person":[],"Product":[],"Recipe":[],"Service":[],"SoftwareApplication":[],"WebPage":[]},"graphName":"","isEnabled":true},"graphs":[]},"schema_type":"default","schema_type_options":null,"pillar_content":false,"robots_default":true,"robots_noindex":false,"robots_noarchive":false,"robots_nosnippet":false,"robots_nofollow":false,"robots_noimageindex":false,"robots_noodp":false,"robots_notranslate":false,"robots_max_snippet":"-1","robots_max_videopreview":"-1","robots_max_imagepreview":"large","priority":null,"frequency":"default","local_seo":null,"breadcrumb_settings":null,"limit_modified_date":false,"created":"2024-04-11 01:57:22","updated":"2025-06-22 18:38:56"},"aioseo_breadcrumb":"<div class=\"aioseo-breadcrumbs\"><span class=\"aioseo-breadcrumb\">\n\t<a href=\"https:\/\/www.rucashk.com\/pt\" title=\"Home\">Home<\/a>\n<\/span><span class=\"aioseo-breadcrumb-separator\">&raquo;<\/span><span class=\"aioseo-breadcrumb\">\n\t<a href=\"https:\/\/www.rucashk.com\/pt\/products\/\" title=\"Produtos\">Produtos<\/a>\n<\/span><span class=\"aioseo-breadcrumb-separator\">&raquo;<\/span><span class=\"aioseo-breadcrumb\">\n\t<a href=\"https:\/\/www.rucashk.com\/pt\/marca\/amazfit\/\" title=\"Amazfit\">Amazfit<\/a>\n<\/span><span class=\"aioseo-breadcrumb-separator\">&raquo;<\/span><span class=\"aioseo-breadcrumb\">\n\tAmazfit Active Smart Watch\n<\/span><\/div>","aioseo_breadcrumb_json":[{"label":"Home","link":"https:\/\/www.rucashk.com\/pt"},{"label":"Produtos","link":"https:\/\/www.rucashk.com\/pt\/products\/"},{"label":"Amazfit","link":"https:\/\/www.rucashk.com\/pt\/marca\/amazfit\/"},{"label":"Amazfit Active Smart Watch","link":"https:\/\/www.rucashk.com\/pt\/produto\/amazfit-active-smart-watch\/"}],"_links":{"self":[{"href":"https:\/\/www.rucashk.com\/pt\/wp-json\/wp\/v2\/product\/27528","targetHints":{"allow":["GET"]}}],"collection":[{"href":"https:\/\/www.rucashk.com\/pt\/wp-json\/wp\/v2\/product"}],"about":[{"href":"https:\/\/www.rucashk.com\/pt\/wp-json\/wp\/v2\/types\/product"}],"wp:featuredmedia":[{"embeddable":true,"href":"https:\/\/www.rucashk.com\/pt\/wp-json\/wp\/v2\/media\/27678"}],"wp:attachment":[{"href":"https:\/\/www.rucashk.com\/pt\/wp-json\/wp\/v2\/media?parent=27528"}],"wp:term":[{"taxonomy":"product_brand","embeddable":true,"href":"https:\/\/www.rucashk.com\/pt\/wp-json\/wp\/v2\/product_brand?post=27528"},{"taxonomy":"product_cat","embeddable":true,"href":"https:\/\/www.rucashk.com\/pt\/wp-json\/wp\/v2\/product_cat?post=27528"},{"taxonomy":"product_tag","embeddable":true,"href":"https:\/\/www.rucashk.com\/pt\/wp-json\/wp\/v2\/product_tag?post=27528"}],"curies":[{"name":"wp","href":"https:\/\/api.w.org\/{rel}","templated":true}]}}