{"id":27492,"date":"2024-01-09T16:41:18","date_gmt":"2024-01-09T16:41:18","guid":{"rendered":"http:\/\/rucashk.com\/?post_type=product&#038;p=27492"},"modified":"2025-06-21T07:50:35","modified_gmt":"2025-06-21T07:50:35","slug":"razer-basilisk-v3-mice","status":"publish","type":"product","link":"https:\/\/www.rucashk.com\/pt\/produto\/razer-basilisk-v3-mice\/","title":{"rendered":"Ratos Razer Basilisk V3"},"content":{"rendered":"<h1 style=\"text-align: center\" align=\"center\"><span data-spm-anchor-id=\"a2g0o.detail.1000023.i0.12147f0I7f0Idw\">Razer BASILISK V3<\/span><\/h1>\n<h2 style=\"text-align: center\" align=\"center\">PERSONALIZA\u00c7\u00c3O DE ESPECTRO COMPLETO<\/h2>\n<p style=\"text-align: center\" align=\"center\">Crie, controle e defenda seu estilo de jogo com o novo Razer Basilisk V3 \u2013 o mouse ergon\u00f4mico para jogos por excel\u00eancia para desempenho personalizado. Com 10+1 bot\u00f5es program\u00e1veis, uma roda de rolagem inteligente e uma forte dose de Razer Chroma\u2122 RGB, \u00e9 hora de iluminar a competi\u00e7\u00e3o do seu jeito.<\/p>\n<p style=\"text-align: center\" align=\"center\"><img decoding=\"async\" class=\"aligncenter\" src=\"\/wp-content\/uploads\/replace\/0d7cd33249f7756687fb3156b5d8974c.png\" alt=\"Razer Basilisk V3 Mice\" \/><\/p>\n<p style=\"text-align: center\" align=\"center\">JOGUE DO SEU JEITO. COMO NUNCA ANTES.<br \/>\n10+1 BOT\u00d5ES PROGRAM\u00c1VEIS<br \/>\nAtribua todas as suas macros e fun\u00e7\u00f5es secund\u00e1rias a 11 bot\u00f5es de f\u00e1cil acesso, incluindo seu aclamado gatilho multifuncional, para executar a\u00e7\u00f5es essenciais como push-to-talk, ping e muito mais.<\/p>\n<p style=\"text-align: center\" align=\"center\"><img decoding=\"async\" class=\"aligncenter\" src=\"\/wp-content\/uploads\/replace\/0e13c632a0f841b5e49b4cf0f7459766.png\" alt=\"Razer Basilisk V3 Mice\" \/><\/p>\n<p style=\"text-align: center\" align=\"center\">DESEMPENHO DE ALTO PERFIL.<br \/>\nAlterne perfeitamente entre qualquer um dos seus perfis de bot\u00e3o personalizados por meio de um bot\u00e3o program\u00e1vel embaixo do mouse para desempenho otimizado em cada jogo e tarefa.<\/p>\n<p style=\"text-align: center\" align=\"center\"><img decoding=\"async\" class=\"aligncenter\" src=\"\/wp-content\/uploads\/replace\/c9b068981551d295e101da5957438983.png\" alt=\"Razer Basilisk V3 Mice\" \/><\/p>\n<p style=\"text-align: center\" align=\"center\">PERFEITO ROLAGEM.<br \/>\nRODA DE INCLINA\u00c7\u00c3O HYPERSCROLL Razer\u2122.<br \/>\nNossa mais recente inova\u00e7\u00e3o na roda de rolagem oferece um novo n\u00edvel de funcionalidade que voc\u00ea pode definitivamente identificar. Oferecendo dois tipos de rolagem para maior flexibilidade, tamb\u00e9m pode alternar automaticamente entre eles para um uso verdadeiramente cont\u00ednuo, gra\u00e7as a uma fun\u00e7\u00e3o inteligente de \u00faltima gera\u00e7\u00e3o.<\/p>\n<p style=\"text-align: center\" align=\"center\"><img decoding=\"async\" class=\"aligncenter\" src=\"\/wp-content\/uploads\/replace\/0200950c9dd8912e04f1a7dc1cd7d5b3.jpeg\" alt=\"Razer Basilisk V3 Mice\" \/><\/p>\n<p style=\"text-align: center\" align=\"center\">MODO DE CICLISMO T\u00c1TIL<br \/>\nPara rolagem com entalhes distintos e de alta precis\u00e3o, ideal para percorrer armas ou habilidades.<\/p>\n<p style=\"text-align: center\">MODO SMART-REEL<br \/>\nAtivada atrav\u00e9s do Razer Synapse, a roda de rolagem muda automaticamente do modo t\u00e1til para o modo de giro livre quando voc\u00ea rola mais r\u00e1pido.<\/p>\n<p style=\"text-align: center\">MODO DE ROLAGEM DE GIRO LIVRE<br \/>\nPara uma rolagem suave e de alta velocidade, perfeita para cobrir o conte\u00fado rapidamente ou emular comandos de jogo repetidos.<\/p>\n<p style=\"text-align: center\" align=\"center\"><img decoding=\"async\" class=\"aligncenter\" src=\"\/wp-content\/uploads\/replace\/4400c3834b223dbd026e85ef574560e6.png\" alt=\"Razer Basilisk V3 Mice\" \/><\/p>\n<p style=\"text-align: center\" align=\"center\">ROLAGEM DE 4 VIAS.<br \/>\nA dire\u00e7\u00e3o clara do design do Razer\u2122 HyperScroll Tilt Wheel d\u00e1 a este mouse para jogos personaliz\u00e1vel uma dimens\u00e3o adicional de movimento de rolagem e entrada.<\/p>\n<p style=\"text-align: center\" align=\"center\"><img decoding=\"async\" class=\"aligncenter\" src=\"\/wp-content\/uploads\/replace\/9360e448138a3a99a1fe3859923ea638.png\" alt=\"Razer Basilisk V3 Mice\" \/><img decoding=\"async\" src=\"\/wp-content\/uploads\/replace\/b776155298ce1bf666970318f70514bb.png\" alt=\"Razer Basilisk V3 Mice\" \/><\/p>\n<p style=\"text-align: center\" align=\"center\">PODER AL\u00c9M DA L\u00d3GICA. AT\u00c9 CADA DETALHE.<\/p>\n<p align=\"center\"><img decoding=\"async\" class=\"aligncenter\" src=\"\/wp-content\/uploads\/replace\/1121350e138309b9cb3675f3dacf4a78.png\" alt=\"Razer Basilisk V3 Mice\" \/><\/p>\n<p style=\"font-weight: 400\"><strong>Especifica\u00e7\u00f5es<\/strong><\/p>\n<p style=\"font-weight: 400\">Fator de forma: destro<\/p>\n<p style=\"font-weight: 400\">Conectividade: Com fio \u2013 Cabo Razer\u2122 Speedflex<\/p>\n<p style=\"font-weight: 400\">Vida \u00fatil da bateria: Nenhuma<\/p>\n<p style=\"font-weight: 400\">Ilumina\u00e7\u00e3o RGB: Razer Chroma\u2122 RGB<\/p>\n<p style=\"font-weight: 400\">Sensor: \u00d3ptico<\/p>\n<p style=\"font-weight: 400\">Sensibilidade m\u00e1xima (DPI): 26.000<\/p>\n<p style=\"font-weight: 400\">Velocidade m\u00e1xima (Ips): 650<\/p>\n<p style=\"font-weight: 400\">Acelera\u00e7\u00e3o m\u00e1xima (g): 50<\/p>\n<p style=\"font-weight: 400\">Bot\u00f5es program\u00e1veis: 11<\/p>\n<p style=\"font-weight: 400\">Tipo de switch: Switch \u00f3ptico de mouse Razer\u2122 de 2\u00aa gera\u00e7\u00e3o<\/p>\n<p style=\"font-weight: 400\">Ciclo de vida do switch: 70 milh\u00f5es de cliques<\/p>\n<p style=\"font-weight: 400\">Perfis de mem\u00f3ria integrados: 5<\/p>\n<p style=\"font-weight: 400\">P\u00e9s de mouse: p\u00e9s de mouse 100% PTFE<\/p>\n<p style=\"font-weight: 400\">Cabo: Cabo Razer\u2122 Speedflex<\/p>","protected":false},"excerpt":{"rendered":"<p style=\"font-weight: 400\">Tamanhos:<\/p>\n<p style=\"font-weight: 400\">Comprimento: 130 mm \/ 5,11 pol.<\/p>\n<p style=\"font-weight: 400\">Largura: 60 mm \/ 2,36 pol.<\/p>\n<p style=\"font-weight: 400\">Altura: 42,5 mm\/1,67 pol.<\/p>\n<p style=\"font-weight: 400\">Peso: 101 g\/3,56 on\u00e7as (excluindo cabo)<\/p>\n<p style=\"font-weight: 400\">Compatibilidade com Dock: Nenhuma<\/p>\n<p style=\"font-weight: 400\"><strong>O pacote inclui:<\/strong><\/p>\n<p style=\"font-weight: 400\">1 * mouse para jogos Basilisk V3<\/p>\n<p style=\"font-weight: 400\">1 * Manual do usu\u00e1rio<\/p>","protected":false},"featured_media":27658,"template":"","meta":[],"product_brand":[1379],"product_cat":[1322,1331],"product_tag":[],"class_list":{"0":"post-27492","1":"product","2":"type-product","3":"status-publish","4":"has-post-thumbnail","6":"product_brand-razer","7":"product_cat-other-a-brands","8":"product_cat-razer-other-a-brands","10":"first","11":"instock","12":"shipping-taxable","13":"product-type-simple"},"aioseo_notices":[],"aioseo_head":"\n\t\t<!-- All in One SEO Pro 4.5.9.2 - aioseo.com -->\n\t\t<meta name=\"description\" content=\"Sizes: Length: 130 Mm \/ 5.11 In Width: 60 Mm \/ 2.36 In Height: 42.5 Mm \/ 1.67 In Weight: 101 g \/ 3.56 Oz (Excluding Cable) Dock Compatibility: None Package Includes: 1 * Basilisk V3 Gaming Mouse 1 * User Manual\" \/>\n\t\t<meta name=\"robots\" content=\"max-image-preview:large\" \/>\n\t\t<link rel=\"canonical\" href=\"https:\/\/www.rucashk.com\/pt\/produto\/razer-basilisk-v3-mice\/\" \/>\n\t\t<meta name=\"generator\" content=\"All in One SEO Pro (AIOSEO) 4.5.9.2\" \/>\n\t\t<meta property=\"og:locale\" content=\"pt_PT\" \/>\n\t\t<meta property=\"og:site_name\" content=\"Rucas - One-stop AIoT Distribution Worldwide\" \/>\n\t\t<meta property=\"og:type\" content=\"article\" \/>\n\t\t<meta property=\"og:title\" content=\"Razer Basilisk V3 Mice - Rucas - Wholesale and Distribution\" \/>\n\t\t<meta property=\"og:description\" content=\"Sizes: Length: 130 Mm \/ 5.11 In Width: 60 Mm \/ 2.36 In Height: 42.5 Mm \/ 1.67 In Weight: 101 g \/ 3.56 Oz (Excluding Cable) Dock Compatibility: None Package Includes: 1 * Basilisk V3 Gaming Mouse 1 * User Manual\" \/>\n\t\t<meta property=\"og:url\" content=\"https:\/\/www.rucashk.com\/pt\/produto\/razer-basilisk-v3-mice\/\" \/>\n\t\t<meta property=\"og:image\" content=\"https:\/\/www.rucashk.com\/wp-content\/uploads\/replace\/503b8e645f128a97ccde2b6290747646.jpeg\" \/>\n\t\t<meta property=\"og:image:secure_url\" content=\"https:\/\/www.rucashk.com\/wp-content\/uploads\/replace\/503b8e645f128a97ccde2b6290747646.jpeg\" \/>\n\t\t<meta property=\"og:image:width\" content=\"1456\" \/>\n\t\t<meta property=\"og:image:height\" content=\"816\" \/>\n\t\t<meta property=\"article:published_time\" content=\"2024-01-09T16:41:18+00:00\" \/>\n\t\t<meta property=\"article:modified_time\" content=\"2025-06-21T07:50:35+00:00\" \/>\n\t\t<meta name=\"twitter:card\" content=\"summary_large_image\" \/>\n\t\t<meta name=\"twitter:title\" content=\"Razer Basilisk V3 Mice - Rucas - Wholesale and Distribution\" \/>\n\t\t<meta name=\"twitter:description\" content=\"Sizes: Length: 130 Mm \/ 5.11 In Width: 60 Mm \/ 2.36 In Height: 42.5 Mm \/ 1.67 In Weight: 101 g \/ 3.56 Oz (Excluding Cable) Dock Compatibility: None Package Includes: 1 * Basilisk V3 Gaming Mouse 1 * User Manual\" \/>\n\t\t<meta name=\"twitter:image\" content=\"https:\/\/www.rucashk.com\/wp-content\/uploads\/replace\/503b8e645f128a97ccde2b6290747646.jpeg\" \/>\n\t\t<script type=\"application\/ld+json\" class=\"aioseo-schema\">\n\t\t\t{\"@context\":\"https:\\\/\\\/schema.org\",\"@graph\":[{\"@type\":\"BreadcrumbList\",\"@id\":\"https:\\\/\\\/www.rucashk.com\\\/pt\\\/produto\\\/razer-basilisk-v3-mice\\\/#breadcrumblist\",\"itemListElement\":[{\"@type\":\"ListItem\",\"@id\":\"https:\\\/\\\/www.rucashk.com\\\/pt\\\/#listItem\",\"position\":1,\"name\":\"Home\",\"item\":\"https:\\\/\\\/www.rucashk.com\\\/pt\\\/\",\"nextItem\":\"https:\\\/\\\/www.rucashk.com\\\/pt\\\/produto\\\/razer-basilisk-v3-mice\\\/#listItem\"},{\"@type\":\"ListItem\",\"@id\":\"https:\\\/\\\/www.rucashk.com\\\/pt\\\/produto\\\/razer-basilisk-v3-mice\\\/#listItem\",\"position\":2,\"name\":\"Razer Basilisk V3 Mice\",\"previousItem\":\"https:\\\/\\\/www.rucashk.com\\\/pt\\\/#listItem\"}]},{\"@type\":\"Organization\",\"@id\":\"https:\\\/\\\/www.rucashk.com\\\/pt\\\/#organization\",\"name\":\"Rucas\",\"url\":\"https:\\\/\\\/www.rucashk.com\\\/pt\\\/\",\"logo\":{\"@type\":\"ImageObject\",\"url\":\"https:\\\/\\\/www.rucashk.com\\\/wp-content\\\/uploads\\\/2023\\\/12\\\/Rucas_campany_logo.png\",\"@id\":\"https:\\\/\\\/www.rucashk.com\\\/pt\\\/produto\\\/razer-basilisk-v3-mice\\\/#organizationLogo\",\"width\":221,\"height\":65},\"image\":{\"@id\":\"https:\\\/\\\/www.rucashk.com\\\/pt\\\/#organizationLogo\"}},{\"@type\":\"Person\",\"@id\":\"https:\\\/\\\/www.rucashk.com\\\/pt\\\/author\\\/admin\\\/#author\",\"url\":\"https:\\\/\\\/www.rucashk.com\\\/pt\\\/author\\\/admin\\\/\",\"name\":\"admin\",\"image\":{\"@type\":\"ImageObject\",\"@id\":\"https:\\\/\\\/www.rucashk.com\\\/pt\\\/produto\\\/razer-basilisk-v3-mice\\\/#authorImage\",\"url\":\"https:\\\/\\\/secure.gravatar.com\\\/avatar\\\/b7c8925b09a27e72b30232f8ecaadbd5af0f70a38c78096863fe51b64f031c24?s=96&d=mm&r=g\",\"width\":96,\"height\":96,\"caption\":\"admin\"}},{\"@type\":\"WebPage\",\"@id\":\"https:\\\/\\\/www.rucashk.com\\\/pt\\\/produto\\\/razer-basilisk-v3-mice\\\/#webpage\",\"url\":\"https:\\\/\\\/www.rucashk.com\\\/pt\\\/produto\\\/razer-basilisk-v3-mice\\\/\",\"name\":\"Razer Basilisk V3 Mice - Rucas - Wholesale and Distribution\",\"description\":\"Sizes: Length: 130 Mm \\\/ 5.11 In Width: 60 Mm \\\/ 2.36 In Height: 42.5 Mm \\\/ 1.67 In Weight: 101 g \\\/ 3.56 Oz (Excluding Cable) Dock Compatibility: None Package Includes: 1 * Basilisk V3 Gaming Mouse 1 * User Manual\",\"inLanguage\":\"pt-PT\",\"isPartOf\":{\"@id\":\"https:\\\/\\\/www.rucashk.com\\\/pt\\\/#website\"},\"breadcrumb\":{\"@id\":\"https:\\\/\\\/www.rucashk.com\\\/pt\\\/produto\\\/razer-basilisk-v3-mice\\\/#breadcrumblist\"},\"author\":{\"@id\":\"https:\\\/\\\/www.rucashk.com\\\/pt\\\/author\\\/admin\\\/#author\"},\"creator\":{\"@id\":\"https:\\\/\\\/www.rucashk.com\\\/pt\\\/author\\\/admin\\\/#author\"},\"image\":{\"@type\":\"ImageObject\",\"url\":\"https:\\\/\\\/www.rucashk.com\\\/wp-content\\\/uploads\\\/2024\\\/01\\\/10001-30-2.jpg\",\"@id\":\"https:\\\/\\\/www.rucashk.com\\\/pt\\\/produto\\\/razer-basilisk-v3-mice\\\/#mainImage\",\"width\":800,\"height\":800},\"primaryImageOfPage\":{\"@id\":\"https:\\\/\\\/www.rucashk.com\\\/pt\\\/produto\\\/razer-basilisk-v3-mice\\\/#mainImage\"},\"datePublished\":\"2024-01-09T16:41:18+00:00\",\"dateModified\":\"2025-06-21T07:50:35+00:00\"},{\"@type\":\"WebSite\",\"@id\":\"https:\\\/\\\/www.rucashk.com\\\/pt\\\/#website\",\"url\":\"https:\\\/\\\/www.rucashk.com\\\/pt\\\/\",\"name\":\"Rucas - Wholesale and distribution worldwide\",\"alternateName\":\"Rucas - One-stop AIoT Distribution Worldwide\",\"description\":\"One-stop AIoT Distribution Worldwide\",\"inLanguage\":\"pt-PT\",\"publisher\":{\"@id\":\"https:\\\/\\\/www.rucashk.com\\\/pt\\\/#organization\"}}]}\n\t\t<\/script>\n\t\t<!-- All in One SEO Pro -->\r\n\t\t<title>Razer Basilisk V3 Mice - Rucas - Wholesale and Distribution<\/title>\n\n","aioseo_head_json":{"title":"Razer Basilisk V3 Mice - Rucas - Wholesale and Distribution","description":"Sizes: Length: 130 Mm \/ 5.11 In Width: 60 Mm \/ 2.36 In Height: 42.5 Mm \/ 1.67 In Weight: 101 g \/ 3.56 Oz (Excluding Cable) Dock Compatibility: None Package Includes: 1 * Basilisk V3 Gaming Mouse 1 * User Manual","canonical_url":"https:\/\/www.rucashk.com\/pt\/produto\/razer-basilisk-v3-mice\/","robots":"max-image-preview:large","keywords":"","webmasterTools":{"miscellaneous":""},"og:locale":"pt_PT","og:site_name":"Rucas - One-stop AIoT Distribution Worldwide","og:type":"article","og:title":"Razer Basilisk V3 Mice - Rucas - Wholesale and Distribution","og:description":"Sizes: Length: 130 Mm \/ 5.11 In Width: 60 Mm \/ 2.36 In Height: 42.5 Mm \/ 1.67 In Weight: 101 g \/ 3.56 Oz (Excluding Cable) Dock Compatibility: None Package Includes: 1 * Basilisk V3 Gaming Mouse 1 * User Manual","og:url":"https:\/\/www.rucashk.com\/pt\/produto\/razer-basilisk-v3-mice\/","og:image":"https:\/\/www.rucashk.com\/wp-content\/uploads\/replace\/503b8e645f128a97ccde2b6290747646.jpeg","og:image:secure_url":"https:\/\/www.rucashk.com\/wp-content\/uploads\/replace\/503b8e645f128a97ccde2b6290747646.jpeg","og:image:width":1456,"og:image:height":816,"article:published_time":"2024-01-09T16:41:18+00:00","article:modified_time":"2025-06-21T07:50:35+00:00","twitter:card":"summary_large_image","twitter:title":"Razer Basilisk V3 Mice - Rucas - Wholesale and Distribution","twitter:description":"Sizes: Length: 130 Mm \/ 5.11 In Width: 60 Mm \/ 2.36 In Height: 42.5 Mm \/ 1.67 In Weight: 101 g \/ 3.56 Oz (Excluding Cable) Dock Compatibility: None Package Includes: 1 * Basilisk V3 Gaming Mouse 1 * User Manual","twitter:image":"https:\/\/www.rucashk.com\/wp-content\/uploads\/replace\/503b8e645f128a97ccde2b6290747646.jpeg","schema":{"@context":"https:\/\/schema.org","@graph":[{"@type":"BreadcrumbList","@id":"https:\/\/www.rucashk.com\/pt\/produto\/razer-basilisk-v3-mice\/#breadcrumblist","itemListElement":[{"@type":"ListItem","@id":"https:\/\/www.rucashk.com\/pt\/#listItem","position":1,"name":"Home","item":"https:\/\/www.rucashk.com\/pt\/","nextItem":"https:\/\/www.rucashk.com\/pt\/produto\/razer-basilisk-v3-mice\/#listItem"},{"@type":"ListItem","@id":"https:\/\/www.rucashk.com\/pt\/produto\/razer-basilisk-v3-mice\/#listItem","position":2,"name":"Razer Basilisk V3 Mice","previousItem":"https:\/\/www.rucashk.com\/pt\/#listItem"}]},{"@type":"Organization","@id":"https:\/\/www.rucashk.com\/pt\/#organization","name":"Rucas","url":"https:\/\/www.rucashk.com\/pt\/","logo":{"@type":"ImageObject","url":"https:\/\/www.rucashk.com\/wp-content\/uploads\/2023\/12\/Rucas_campany_logo.png","@id":"https:\/\/www.rucashk.com\/pt\/produto\/razer-basilisk-v3-mice\/#organizationLogo","width":221,"height":65},"image":{"@id":"https:\/\/www.rucashk.com\/pt\/#organizationLogo"}},{"@type":"Person","@id":"https:\/\/www.rucashk.com\/pt\/author\/admin\/#author","url":"https:\/\/www.rucashk.com\/pt\/author\/admin\/","name":"admin","image":{"@type":"ImageObject","@id":"https:\/\/www.rucashk.com\/pt\/produto\/razer-basilisk-v3-mice\/#authorImage","url":"https:\/\/secure.gravatar.com\/avatar\/b7c8925b09a27e72b30232f8ecaadbd5af0f70a38c78096863fe51b64f031c24?s=96&d=mm&r=g","width":96,"height":96,"caption":"admin"}},{"@type":"WebPage","@id":"https:\/\/www.rucashk.com\/pt\/produto\/razer-basilisk-v3-mice\/#webpage","url":"https:\/\/www.rucashk.com\/pt\/produto\/razer-basilisk-v3-mice\/","name":"Razer Basilisk V3 Mice - Rucas - Wholesale and Distribution","description":"Sizes: Length: 130 Mm \/ 5.11 In Width: 60 Mm \/ 2.36 In Height: 42.5 Mm \/ 1.67 In Weight: 101 g \/ 3.56 Oz (Excluding Cable) Dock Compatibility: None Package Includes: 1 * Basilisk V3 Gaming Mouse 1 * User Manual","inLanguage":"pt-PT","isPartOf":{"@id":"https:\/\/www.rucashk.com\/pt\/#website"},"breadcrumb":{"@id":"https:\/\/www.rucashk.com\/pt\/produto\/razer-basilisk-v3-mice\/#breadcrumblist"},"author":{"@id":"https:\/\/www.rucashk.com\/pt\/author\/admin\/#author"},"creator":{"@id":"https:\/\/www.rucashk.com\/pt\/author\/admin\/#author"},"image":{"@type":"ImageObject","url":"https:\/\/www.rucashk.com\/wp-content\/uploads\/2024\/01\/10001-30-2.jpg","@id":"https:\/\/www.rucashk.com\/pt\/produto\/razer-basilisk-v3-mice\/#mainImage","width":800,"height":800},"primaryImageOfPage":{"@id":"https:\/\/www.rucashk.com\/pt\/produto\/razer-basilisk-v3-mice\/#mainImage"},"datePublished":"2024-01-09T16:41:18+00:00","dateModified":"2025-06-21T07:50:35+00:00"},{"@type":"WebSite","@id":"https:\/\/www.rucashk.com\/pt\/#website","url":"https:\/\/www.rucashk.com\/pt\/","name":"Rucas - Wholesale and distribution worldwide","alternateName":"Rucas - One-stop AIoT Distribution Worldwide","description":"One-stop AIoT Distribution Worldwide","inLanguage":"pt-PT","publisher":{"@id":"https:\/\/www.rucashk.com\/pt\/#organization"}}]}},"aioseo_meta_data":{"post_id":"27492","title":null,"description":null,"keywords":null,"keyphrases":null,"primary_term":null,"canonical_url":null,"og_title":null,"og_description":null,"og_object_type":"default","og_image_type":"default","og_image_url":null,"og_image_width":null,"og_image_height":null,"og_image_custom_url":null,"og_image_custom_fields":null,"og_video":"","og_custom_url":null,"og_article_section":null,"og_article_tags":null,"twitter_use_og":false,"twitter_card":"default","twitter_image_type":"default","twitter_image_url":null,"twitter_image_custom_url":null,"twitter_image_custom_fields":null,"twitter_title":null,"twitter_description":null,"schema":{"blockGraphs":[],"customGraphs":[],"default":{"data":{"Article":[],"Course":[],"Dataset":[],"FAQPage":[],"Movie":[],"Person":[],"Product":[],"Recipe":[],"Service":[],"SoftwareApplication":[],"WebPage":[]},"graphName":"","isEnabled":true},"graphs":[]},"schema_type":"default","schema_type_options":null,"pillar_content":false,"robots_default":true,"robots_noindex":false,"robots_noarchive":false,"robots_nosnippet":false,"robots_nofollow":false,"robots_noimageindex":false,"robots_noodp":false,"robots_notranslate":false,"robots_max_snippet":"-1","robots_max_videopreview":"-1","robots_max_imagepreview":"large","priority":null,"frequency":"default","local_seo":null,"breadcrumb_settings":null,"limit_modified_date":false,"created":"2024-04-11 01:57:22","updated":"2025-06-22 18:37:56"},"aioseo_breadcrumb":"<div class=\"aioseo-breadcrumbs\"><span class=\"aioseo-breadcrumb\">\n\t<a href=\"https:\/\/www.rucashk.com\/pt\" title=\"Home\">Home<\/a>\n<\/span><span class=\"aioseo-breadcrumb-separator\">&raquo;<\/span><span class=\"aioseo-breadcrumb\">\n\t<a href=\"https:\/\/www.rucashk.com\/pt\/products\/\" title=\"Produtos\">Produtos<\/a>\n<\/span><span class=\"aioseo-breadcrumb-separator\">&raquo;<\/span><span class=\"aioseo-breadcrumb\">\n\t<a href=\"https:\/\/www.rucashk.com\/pt\/marca\/razer\/\" title=\"Razer\">Razer<\/a>\n<\/span><span class=\"aioseo-breadcrumb-separator\">&raquo;<\/span><span class=\"aioseo-breadcrumb\">\n\tRazer Basilisk V3 Mice\n<\/span><\/div>","aioseo_breadcrumb_json":[{"label":"Home","link":"https:\/\/www.rucashk.com\/pt"},{"label":"Produtos","link":"https:\/\/www.rucashk.com\/pt\/products\/"},{"label":"Razer","link":"https:\/\/www.rucashk.com\/pt\/marca\/razer\/"},{"label":"Razer Basilisk V3 Mice","link":"https:\/\/www.rucashk.com\/pt\/produto\/razer-basilisk-v3-mice\/"}],"_links":{"self":[{"href":"https:\/\/www.rucashk.com\/pt\/wp-json\/wp\/v2\/product\/27492","targetHints":{"allow":["GET"]}}],"collection":[{"href":"https:\/\/www.rucashk.com\/pt\/wp-json\/wp\/v2\/product"}],"about":[{"href":"https:\/\/www.rucashk.com\/pt\/wp-json\/wp\/v2\/types\/product"}],"wp:featuredmedia":[{"embeddable":true,"href":"https:\/\/www.rucashk.com\/pt\/wp-json\/wp\/v2\/media\/27658"}],"wp:attachment":[{"href":"https:\/\/www.rucashk.com\/pt\/wp-json\/wp\/v2\/media?parent=27492"}],"wp:term":[{"taxonomy":"product_brand","embeddable":true,"href":"https:\/\/www.rucashk.com\/pt\/wp-json\/wp\/v2\/product_brand?post=27492"},{"taxonomy":"product_cat","embeddable":true,"href":"https:\/\/www.rucashk.com\/pt\/wp-json\/wp\/v2\/product_cat?post=27492"},{"taxonomy":"product_tag","embeddable":true,"href":"https:\/\/www.rucashk.com\/pt\/wp-json\/wp\/v2\/product_tag?post=27492"}],"curies":[{"name":"wp","href":"https:\/\/api.w.org\/{rel}","templated":true}]}}