{"id":27491,"date":"2024-01-09T16:41:17","date_gmt":"2024-01-09T16:41:17","guid":{"rendered":"http:\/\/rucashk.com\/?post_type=product&#038;p=27491"},"modified":"2025-06-21T07:52:57","modified_gmt":"2025-06-21T07:52:57","slug":"razer-basilisk-v3-pro-mice","status":"publish","type":"product","link":"https:\/\/www.rucashk.com\/pt\/produto\/razer-basilisk-v3-pro-mice\/","title":{"rendered":"Ratos Razer Basilisk V3 Pro"},"content":{"rendered":"<h1 style=\"text-align: center\" align=\"center\">RAZER BASILISCO V3 PRO<\/h1>\n<p style=\"text-align: center\" align=\"center\">NOSSO MOUSE PARA JOGOS MAIS AVAN\u00c7ADO AT\u00c9<br \/>\nO rei retorna para aumentar o jogo. Conhe\u00e7a o Razer Basilisk V3 Pro \u2013 nosso mouse para jogos mais avan\u00e7ado at\u00e9 agora. Armado at\u00e9 os dentes com tecnologia l\u00edder do setor, libere seu potencial m\u00e1ximo com uma arma que ultrapassa os limites conhecidos de desempenho, personaliza\u00e7\u00e3o, conectividade e controle.<\/p>\n<p style=\"text-align: center\"><img decoding=\"async\" class=\"aligncenter\" src=\"\/wp-content\/uploads\/replace\/bb43e724067c4e3e63741385534dbc45.jpeg\" alt=\"Razer Basilisk V3 Pro Mice\" \/><\/p>\n<p style=\"text-align: center\" align=\"center\">RAZER HIPERSCROLL<br \/>\nRolo vertical e horizontal<br \/>\nAtive o modo de roda inteligente atrav\u00e9s do Leiyun 3. Quando voc\u00ea navega em p\u00e1ginas da web ou no conte\u00fado da tabela e desliza rapidamente a roda de rolagem, ela muda automaticamente para o modo de rolagem livre. Quando voc\u00ea precisar trocar de armas ou habilidades com precis\u00e3o, o rolo se ajustar\u00e1 automaticamente a um padr\u00e3o t\u00e1til com um sentido claro de par\u00e1grafo.<\/p>\n<p style=\"text-align: center\"><img decoding=\"async\" class=\"aligncenter\" src=\"\/wp-content\/uploads\/replace\/708e2f522de91168935bdb3328857c2e.png\" alt=\"Razer Basilisk V3 Pro Mice\" \/><\/p>\n<p style=\"text-align: center\" align=\"center\">MODO DE CICLISMO T\u00c1TIL<br \/>\nPara rolagem com entalhes distintos e de alta precis\u00e3o, ideal para percorrer armas ou habilidades.<br \/>\nMODO SMART-REEL<br \/>\nAtivada atrav\u00e9s do Razer Synapse, a roda de rolagem muda automaticamente do modo t\u00e1til para o modo de giro livre quando voc\u00ea rola mais r\u00e1pido.<\/p>\n<p style=\"text-align: center\" align=\"center\"><img decoding=\"async\" class=\"aligncenter\" src=\"\/wp-content\/uploads\/replace\/2057015fd1e0a01776cb68fdeddf3ce2.png\" alt=\"Razer Basilisk V3 Pro Mice\" \/><\/p>\n<p style=\"text-align: center\">MODO DE ROLAGEM DE GIRO LIVRE<br \/>\nPara uma rolagem suave e de alta velocidade, perfeita para cobrir o conte\u00fado rapidamente ou emular comandos de jogo repetidos.<br \/>\nACELERA\u00c7\u00c3O VIRTUAL<br \/>\nAo ativar esse recurso Razer Synapse, voc\u00ea poder\u00e1 aumentar a velocidade de rolagem do mouse quanto mais r\u00e1pido voc\u00ea rolar, permitindo navegar por documentos e artigos extensos em um ritmo ainda mais r\u00e1pido.<\/p>\n<p style=\"text-align: center\"><img decoding=\"async\" class=\"aligncenter\" src=\"\/wp-content\/uploads\/replace\/036e1113529aa99dbbb706b5b834af9c.jpeg\" alt=\"Razer Basilisk V3 Pro Mice\" \/><\/p>\n<p style=\"text-align: center\">ILUMINA\u00c7\u00c3O CROM\u00c1TICA DE 13 ZONAS COM SUBGLOW COMPLETO<br \/>\nEquipado com Razer Chroma\u2122 RGB<br \/>\nPersonalize cada zona com mais de 16,8 milh\u00f5es de cores e in\u00fameros efeitos de ilumina\u00e7\u00e3o e experimente maior imers\u00e3o \u00e0 medida que reagem dinamicamente com centenas de jogos integrados ao Chroma.<\/p>\n<p style=\"text-align: center\"><img decoding=\"async\" class=\"aligncenter\" src=\"\/wp-content\/uploads\/replace\/ce8145248b71b657a5d5e4eb57c50325.png\" alt=\"Razer Basilisk V3 Pro Mice\" \/><\/p>\n<p style=\"text-align: center\">RAZER\u2122 HIPERSPEED WIRELESS COM SUPORTE PARA M\u00daLTIPLOS DISPOSITIVOS<br \/>\nJogos de alto desempenho e baixa lat\u00eancia<br \/>\nDesfrute de jogos ultra-responsivos com velocidades 25% mais r\u00e1pidas do que outras tecnologias sem fio. Simplifique sua configura\u00e7\u00e3o e libere uma porta USB conectando seu mouse e teclado sem fio a um \u00fanico dongle \u2013 um recurso que pode ser ativado em nossos mais recentes perif\u00e9ricos Razer HyperSpeed.<\/p>\n<p style=\"text-align: center\"><img decoding=\"async\" class=\"aligncenter\" src=\"\/wp-content\/uploads\/replace\/997fd6cbb5770357c364d47598d9aab0.png\" alt=\"Razer Basilisk V3 Pro Mice\" \/><\/p>\n<p style=\"text-align: center\">FORMA ERGON\u00d4MICA IC\u00d4NICA COM 10+1 BOT\u00d5ES PROGRAM\u00c1VEIS<br \/>\nErgonomia e controle de ponta<br \/>\nAtribua controles e execute a\u00e7\u00f5es essenciais como push-to-talk, ping e muito mais<\/p>\n<p style=\"text-align: center\"><img decoding=\"async\" class=\"aligncenter\" src=\"\/wp-content\/uploads\/replace\/3f25c05020708150f16af4d2e4a19b43.jpeg\" alt=\"Razer Basilisk V3 Pro Mice\" \/><\/p>\n<p style=\"text-align: center\">SENSOR \u00d3PTICO RAZER\u2122 FOCUS PRO 30K<br \/>\nA melhor precis\u00e3o da categoria<br \/>\nO sensor l\u00edder da ind\u00fastria da Razer oferece desempenho de rastreamento impec\u00e1vel em uma ampla variedade de superf\u00edcies, incluindo vidro suportado por fun\u00e7\u00f5es inteligentes para mira e controle aprimorados.<\/p>\n<p style=\"text-align: center\" align=\"center\"><img decoding=\"async\" class=\"aligncenter\" src=\"\/wp-content\/uploads\/replace\/c45dfb5947b05e984adc6f9e44666f1d.png\" alt=\"Razer Basilisk V3 Pro Mice\" \/><\/p>\n<p style=\"text-align: center\">SWITCHES DE MOUSE \u00d3PTICO RAZER\u2122 GEN-3<br \/>\nA melhor precis\u00e3o da categoria<br \/>\nDesde um ciclo de vida aprimorado de 90 milh\u00f5es de cliques, sem problemas de clique duplo, at\u00e9 uma atua\u00e7\u00e3o impressionante de 0,2 ms sem atraso de rebote, desfrute de confiabilidade e velocidade que superam todas as outras.<\/p>\n<p style=\"text-align: center\" align=\"center\"><img decoding=\"async\" class=\"aligncenter\" src=\"\/wp-content\/uploads\/replace\/4233c4b3b243bc22fe4d8d6f71e8feb7.png\" alt=\"Razer Basilisk V3 Pro Mice\" \/><\/p>\n<p style=\"text-align: center\">ATUALIZE PARA CARREGAMENTO SEM FIO DE PR\u00d3XIMA GERA\u00c7\u00c3O<br \/>\nCompat\u00edvel com carregadores sem fio Razer e outros carregadores Qi<br \/>\nDesbloqueie a verdadeira capacidade do Razer Basilisk V3 Pro de carregamento conveniente e cont\u00ednuo emparelhando-o com os seguintes itens (ambos vendidos separadamente)<\/p>\n<p style=\"text-align: center\"><img decoding=\"async\" class=\"aligncenter\" src=\"\/wp-content\/uploads\/replace\/555d2e32a7eb8494543b321cc9fbc41c.png\" alt=\"Razer Basilisk V3 Pro Mice\" \/><\/p>\n<p align=\"center\">\n<h4 style=\"text-align: left\" align=\"center\">Especifica\u00e7\u00f5es<\/h4>\n<p style=\"text-align: left\" align=\"center\">FATOR DE FORMA: Destro<br \/>\nCONECTIVIDADE: Razer\u2122 HyperSpeed Wireless Bluetooth com fio \u2013 Cabo Speedflex USB tipo C<br \/>\nVIDA \u00daTIL DA BATERIA: At\u00e9 90 horas (HyperSpeed)<br \/>\nILUMINA\u00c7\u00c3O RGB: Razer Chroma\u2122 RGB<br \/>\nSENSOR: Sensor \u00f3ptico Focus Pro 30K<br \/>\nSENSIBILIDADE M\u00c1XIMA (DPI): 30.000<br \/>\nVELOCIDADE M\u00c1XIMA (IPS): 750<br \/>\nACELERA\u00c7\u00c3O M\u00c1XIMA (G): 70<br \/>\nBOT\u00d5ES PROGRAM\u00c1VEIS: 11<br \/>\nTIPO DE SWITCH: Switches de mouse \u00f3ptico Gen-3<br \/>\nCICLO DE VIDA DO SWITCH: 90 milh\u00f5es de cliques<br \/>\nPERFIS DE MEM\u00d3RIA A BORDO: 5<br \/>\nP\u00c9S DE RATO: 100% PTFE<br \/>\nCABO: Cabo Razer\u2122 Speedflex USB Tipo C<\/p>","protected":false},"excerpt":{"rendered":"<h4>TAMANHO APROXIMADO<\/h4>\n<p>Length: 130 mm \/ 5.11 in<br \/>\nWidth: 75.4 mm \/ 2.96 in<br \/>\nHeight: 42.5 mm \/ 1.67 in<\/p>\n<h4>PESO APROXIMADO<\/h4>\n<p>112 g\/3,95 on\u00e7as (excluindo cabo)<\/p>","protected":false},"featured_media":27653,"template":"","meta":[],"product_brand":[1379],"product_cat":[1322,1331],"product_tag":[],"class_list":{"0":"post-27491","1":"product","2":"type-product","3":"status-publish","4":"has-post-thumbnail","6":"product_brand-razer","7":"product_cat-other-a-brands","8":"product_cat-razer-other-a-brands","10":"first","11":"instock","12":"shipping-taxable","13":"product-type-simple"},"aioseo_notices":[],"aioseo_head":"\n\t\t<!-- All in One SEO Pro 4.5.9.2 - aioseo.com -->\n\t\t<meta name=\"description\" content=\"APPROXIMATE SIZE Length: 130 mm \/ 5.11 in Width: 75.4 mm \/ 2.96 in Height: 42.5 mm \/ 1.67 in APPROXIMATE WEIGHT 112 g \/ 3.95 oz (Excluding cable)\" \/>\n\t\t<meta name=\"robots\" content=\"max-image-preview:large\" \/>\n\t\t<link rel=\"canonical\" href=\"https:\/\/www.rucashk.com\/pt\/produto\/razer-basilisk-v3-pro-mice\/\" \/>\n\t\t<meta name=\"generator\" content=\"All in One SEO Pro (AIOSEO) 4.5.9.2\" \/>\n\t\t<meta property=\"og:locale\" content=\"pt_PT\" \/>\n\t\t<meta property=\"og:site_name\" content=\"Rucas - One-stop AIoT Distribution Worldwide\" \/>\n\t\t<meta property=\"og:type\" content=\"article\" \/>\n\t\t<meta property=\"og:title\" content=\"Razer Basilisk V3 Pro Mice - Rucas - Wholesale and Distribution\" \/>\n\t\t<meta property=\"og:description\" content=\"APPROXIMATE SIZE Length: 130 mm \/ 5.11 in Width: 75.4 mm \/ 2.96 in Height: 42.5 mm \/ 1.67 in APPROXIMATE WEIGHT 112 g \/ 3.95 oz (Excluding cable)\" \/>\n\t\t<meta property=\"og:url\" content=\"https:\/\/www.rucashk.com\/pt\/produto\/razer-basilisk-v3-pro-mice\/\" \/>\n\t\t<meta property=\"og:image\" content=\"https:\/\/www.rucashk.com\/wp-content\/uploads\/replace\/503b8e645f128a97ccde2b6290747646.jpeg\" \/>\n\t\t<meta property=\"og:image:secure_url\" content=\"https:\/\/www.rucashk.com\/wp-content\/uploads\/replace\/503b8e645f128a97ccde2b6290747646.jpeg\" \/>\n\t\t<meta property=\"og:image:width\" content=\"1456\" \/>\n\t\t<meta property=\"og:image:height\" content=\"816\" \/>\n\t\t<meta property=\"article:published_time\" content=\"2024-01-09T16:41:17+00:00\" \/>\n\t\t<meta property=\"article:modified_time\" content=\"2025-06-21T07:52:57+00:00\" \/>\n\t\t<meta name=\"twitter:card\" content=\"summary_large_image\" \/>\n\t\t<meta name=\"twitter:title\" content=\"Razer Basilisk V3 Pro Mice - Rucas - Wholesale and Distribution\" \/>\n\t\t<meta name=\"twitter:description\" content=\"APPROXIMATE SIZE Length: 130 mm \/ 5.11 in Width: 75.4 mm \/ 2.96 in Height: 42.5 mm \/ 1.67 in APPROXIMATE WEIGHT 112 g \/ 3.95 oz (Excluding cable)\" \/>\n\t\t<meta name=\"twitter:image\" content=\"https:\/\/www.rucashk.com\/wp-content\/uploads\/replace\/503b8e645f128a97ccde2b6290747646.jpeg\" \/>\n\t\t<script type=\"application\/ld+json\" class=\"aioseo-schema\">\n\t\t\t{\"@context\":\"https:\\\/\\\/schema.org\",\"@graph\":[{\"@type\":\"BreadcrumbList\",\"@id\":\"https:\\\/\\\/www.rucashk.com\\\/pt\\\/produto\\\/razer-basilisk-v3-pro-mice\\\/#breadcrumblist\",\"itemListElement\":[{\"@type\":\"ListItem\",\"@id\":\"https:\\\/\\\/www.rucashk.com\\\/pt\\\/#listItem\",\"position\":1,\"name\":\"Home\",\"item\":\"https:\\\/\\\/www.rucashk.com\\\/pt\\\/\",\"nextItem\":\"https:\\\/\\\/www.rucashk.com\\\/pt\\\/produto\\\/razer-basilisk-v3-pro-mice\\\/#listItem\"},{\"@type\":\"ListItem\",\"@id\":\"https:\\\/\\\/www.rucashk.com\\\/pt\\\/produto\\\/razer-basilisk-v3-pro-mice\\\/#listItem\",\"position\":2,\"name\":\"Razer Basilisk V3 Pro Mice\",\"previousItem\":\"https:\\\/\\\/www.rucashk.com\\\/pt\\\/#listItem\"}]},{\"@type\":\"Organization\",\"@id\":\"https:\\\/\\\/www.rucashk.com\\\/pt\\\/#organization\",\"name\":\"Rucas\",\"url\":\"https:\\\/\\\/www.rucashk.com\\\/pt\\\/\",\"logo\":{\"@type\":\"ImageObject\",\"url\":\"https:\\\/\\\/www.rucashk.com\\\/wp-content\\\/uploads\\\/2023\\\/12\\\/Rucas_campany_logo.png\",\"@id\":\"https:\\\/\\\/www.rucashk.com\\\/pt\\\/produto\\\/razer-basilisk-v3-pro-mice\\\/#organizationLogo\",\"width\":221,\"height\":65},\"image\":{\"@id\":\"https:\\\/\\\/www.rucashk.com\\\/pt\\\/#organizationLogo\"}},{\"@type\":\"Person\",\"@id\":\"https:\\\/\\\/www.rucashk.com\\\/pt\\\/author\\\/admin\\\/#author\",\"url\":\"https:\\\/\\\/www.rucashk.com\\\/pt\\\/author\\\/admin\\\/\",\"name\":\"admin\",\"image\":{\"@type\":\"ImageObject\",\"@id\":\"https:\\\/\\\/www.rucashk.com\\\/pt\\\/produto\\\/razer-basilisk-v3-pro-mice\\\/#authorImage\",\"url\":\"https:\\\/\\\/secure.gravatar.com\\\/avatar\\\/b7c8925b09a27e72b30232f8ecaadbd5af0f70a38c78096863fe51b64f031c24?s=96&d=mm&r=g\",\"width\":96,\"height\":96,\"caption\":\"admin\"}},{\"@type\":\"WebPage\",\"@id\":\"https:\\\/\\\/www.rucashk.com\\\/pt\\\/produto\\\/razer-basilisk-v3-pro-mice\\\/#webpage\",\"url\":\"https:\\\/\\\/www.rucashk.com\\\/pt\\\/produto\\\/razer-basilisk-v3-pro-mice\\\/\",\"name\":\"Razer Basilisk V3 Pro Mice - Rucas - Wholesale and Distribution\",\"description\":\"APPROXIMATE SIZE Length: 130 mm \\\/ 5.11 in Width: 75.4 mm \\\/ 2.96 in Height: 42.5 mm \\\/ 1.67 in APPROXIMATE WEIGHT 112 g \\\/ 3.95 oz (Excluding cable)\",\"inLanguage\":\"pt-PT\",\"isPartOf\":{\"@id\":\"https:\\\/\\\/www.rucashk.com\\\/pt\\\/#website\"},\"breadcrumb\":{\"@id\":\"https:\\\/\\\/www.rucashk.com\\\/pt\\\/produto\\\/razer-basilisk-v3-pro-mice\\\/#breadcrumblist\"},\"author\":{\"@id\":\"https:\\\/\\\/www.rucashk.com\\\/pt\\\/author\\\/admin\\\/#author\"},\"creator\":{\"@id\":\"https:\\\/\\\/www.rucashk.com\\\/pt\\\/author\\\/admin\\\/#author\"},\"image\":{\"@type\":\"ImageObject\",\"url\":\"https:\\\/\\\/www.rucashk.com\\\/wp-content\\\/uploads\\\/2024\\\/01\\\/10004-23.webp\",\"@id\":\"https:\\\/\\\/www.rucashk.com\\\/pt\\\/produto\\\/razer-basilisk-v3-pro-mice\\\/#mainImage\",\"width\":800,\"height\":800},\"primaryImageOfPage\":{\"@id\":\"https:\\\/\\\/www.rucashk.com\\\/pt\\\/produto\\\/razer-basilisk-v3-pro-mice\\\/#mainImage\"},\"datePublished\":\"2024-01-09T16:41:17+00:00\",\"dateModified\":\"2025-06-21T07:52:57+00:00\"},{\"@type\":\"WebSite\",\"@id\":\"https:\\\/\\\/www.rucashk.com\\\/pt\\\/#website\",\"url\":\"https:\\\/\\\/www.rucashk.com\\\/pt\\\/\",\"name\":\"Rucas - Wholesale and distribution worldwide\",\"alternateName\":\"Rucas - One-stop AIoT Distribution Worldwide\",\"description\":\"One-stop AIoT Distribution Worldwide\",\"inLanguage\":\"pt-PT\",\"publisher\":{\"@id\":\"https:\\\/\\\/www.rucashk.com\\\/pt\\\/#organization\"}}]}\n\t\t<\/script>\n\t\t<!-- All in One SEO Pro -->\r\n\t\t<title>Razer Basilisk V3 Pro Mice - Rucas - Wholesale and Distribution<\/title>\n\n","aioseo_head_json":{"title":"Razer Basilisk V3 Pro Mice - Rucas - Wholesale and Distribution","description":"APPROXIMATE SIZE Length: 130 mm \/ 5.11 in Width: 75.4 mm \/ 2.96 in Height: 42.5 mm \/ 1.67 in APPROXIMATE WEIGHT 112 g \/ 3.95 oz (Excluding cable)","canonical_url":"https:\/\/www.rucashk.com\/pt\/produto\/razer-basilisk-v3-pro-mice\/","robots":"max-image-preview:large","keywords":"","webmasterTools":{"miscellaneous":""},"og:locale":"pt_PT","og:site_name":"Rucas - One-stop AIoT Distribution Worldwide","og:type":"article","og:title":"Razer Basilisk V3 Pro Mice - Rucas - Wholesale and Distribution","og:description":"APPROXIMATE SIZE Length: 130 mm \/ 5.11 in Width: 75.4 mm \/ 2.96 in Height: 42.5 mm \/ 1.67 in APPROXIMATE WEIGHT 112 g \/ 3.95 oz (Excluding cable)","og:url":"https:\/\/www.rucashk.com\/pt\/produto\/razer-basilisk-v3-pro-mice\/","og:image":"https:\/\/www.rucashk.com\/wp-content\/uploads\/replace\/503b8e645f128a97ccde2b6290747646.jpeg","og:image:secure_url":"https:\/\/www.rucashk.com\/wp-content\/uploads\/replace\/503b8e645f128a97ccde2b6290747646.jpeg","og:image:width":1456,"og:image:height":816,"article:published_time":"2024-01-09T16:41:17+00:00","article:modified_time":"2025-06-21T07:52:57+00:00","twitter:card":"summary_large_image","twitter:title":"Razer Basilisk V3 Pro Mice - Rucas - Wholesale and Distribution","twitter:description":"APPROXIMATE SIZE Length: 130 mm \/ 5.11 in Width: 75.4 mm \/ 2.96 in Height: 42.5 mm \/ 1.67 in APPROXIMATE WEIGHT 112 g \/ 3.95 oz (Excluding cable)","twitter:image":"https:\/\/www.rucashk.com\/wp-content\/uploads\/replace\/503b8e645f128a97ccde2b6290747646.jpeg","schema":{"@context":"https:\/\/schema.org","@graph":[{"@type":"BreadcrumbList","@id":"https:\/\/www.rucashk.com\/pt\/produto\/razer-basilisk-v3-pro-mice\/#breadcrumblist","itemListElement":[{"@type":"ListItem","@id":"https:\/\/www.rucashk.com\/pt\/#listItem","position":1,"name":"Home","item":"https:\/\/www.rucashk.com\/pt\/","nextItem":"https:\/\/www.rucashk.com\/pt\/produto\/razer-basilisk-v3-pro-mice\/#listItem"},{"@type":"ListItem","@id":"https:\/\/www.rucashk.com\/pt\/produto\/razer-basilisk-v3-pro-mice\/#listItem","position":2,"name":"Razer Basilisk V3 Pro Mice","previousItem":"https:\/\/www.rucashk.com\/pt\/#listItem"}]},{"@type":"Organization","@id":"https:\/\/www.rucashk.com\/pt\/#organization","name":"Rucas","url":"https:\/\/www.rucashk.com\/pt\/","logo":{"@type":"ImageObject","url":"https:\/\/www.rucashk.com\/wp-content\/uploads\/2023\/12\/Rucas_campany_logo.png","@id":"https:\/\/www.rucashk.com\/pt\/produto\/razer-basilisk-v3-pro-mice\/#organizationLogo","width":221,"height":65},"image":{"@id":"https:\/\/www.rucashk.com\/pt\/#organizationLogo"}},{"@type":"Person","@id":"https:\/\/www.rucashk.com\/pt\/author\/admin\/#author","url":"https:\/\/www.rucashk.com\/pt\/author\/admin\/","name":"admin","image":{"@type":"ImageObject","@id":"https:\/\/www.rucashk.com\/pt\/produto\/razer-basilisk-v3-pro-mice\/#authorImage","url":"https:\/\/secure.gravatar.com\/avatar\/b7c8925b09a27e72b30232f8ecaadbd5af0f70a38c78096863fe51b64f031c24?s=96&d=mm&r=g","width":96,"height":96,"caption":"admin"}},{"@type":"WebPage","@id":"https:\/\/www.rucashk.com\/pt\/produto\/razer-basilisk-v3-pro-mice\/#webpage","url":"https:\/\/www.rucashk.com\/pt\/produto\/razer-basilisk-v3-pro-mice\/","name":"Razer Basilisk V3 Pro Mice - Rucas - Wholesale and Distribution","description":"APPROXIMATE SIZE Length: 130 mm \/ 5.11 in Width: 75.4 mm \/ 2.96 in Height: 42.5 mm \/ 1.67 in APPROXIMATE WEIGHT 112 g \/ 3.95 oz (Excluding cable)","inLanguage":"pt-PT","isPartOf":{"@id":"https:\/\/www.rucashk.com\/pt\/#website"},"breadcrumb":{"@id":"https:\/\/www.rucashk.com\/pt\/produto\/razer-basilisk-v3-pro-mice\/#breadcrumblist"},"author":{"@id":"https:\/\/www.rucashk.com\/pt\/author\/admin\/#author"},"creator":{"@id":"https:\/\/www.rucashk.com\/pt\/author\/admin\/#author"},"image":{"@type":"ImageObject","url":"https:\/\/www.rucashk.com\/wp-content\/uploads\/2024\/01\/10004-23.webp","@id":"https:\/\/www.rucashk.com\/pt\/produto\/razer-basilisk-v3-pro-mice\/#mainImage","width":800,"height":800},"primaryImageOfPage":{"@id":"https:\/\/www.rucashk.com\/pt\/produto\/razer-basilisk-v3-pro-mice\/#mainImage"},"datePublished":"2024-01-09T16:41:17+00:00","dateModified":"2025-06-21T07:52:57+00:00"},{"@type":"WebSite","@id":"https:\/\/www.rucashk.com\/pt\/#website","url":"https:\/\/www.rucashk.com\/pt\/","name":"Rucas - Wholesale and distribution worldwide","alternateName":"Rucas - One-stop AIoT Distribution Worldwide","description":"One-stop AIoT Distribution Worldwide","inLanguage":"pt-PT","publisher":{"@id":"https:\/\/www.rucashk.com\/pt\/#organization"}}]}},"aioseo_meta_data":{"post_id":"27491","title":null,"description":null,"keywords":null,"keyphrases":null,"primary_term":null,"canonical_url":null,"og_title":null,"og_description":null,"og_object_type":"default","og_image_type":"default","og_image_url":null,"og_image_width":null,"og_image_height":null,"og_image_custom_url":null,"og_image_custom_fields":null,"og_video":"","og_custom_url":null,"og_article_section":null,"og_article_tags":null,"twitter_use_og":false,"twitter_card":"default","twitter_image_type":"default","twitter_image_url":null,"twitter_image_custom_url":null,"twitter_image_custom_fields":null,"twitter_title":null,"twitter_description":null,"schema":{"blockGraphs":[],"customGraphs":[],"default":{"data":{"Article":[],"Course":[],"Dataset":[],"FAQPage":[],"Movie":[],"Person":[],"Product":[],"Recipe":[],"Service":[],"SoftwareApplication":[],"WebPage":[]},"graphName":"","isEnabled":true},"graphs":[]},"schema_type":"default","schema_type_options":null,"pillar_content":false,"robots_default":true,"robots_noindex":false,"robots_noarchive":false,"robots_nosnippet":false,"robots_nofollow":false,"robots_noimageindex":false,"robots_noodp":false,"robots_notranslate":false,"robots_max_snippet":"-1","robots_max_videopreview":"-1","robots_max_imagepreview":"large","priority":null,"frequency":"default","local_seo":null,"breadcrumb_settings":null,"limit_modified_date":false,"created":"2024-04-11 01:57:22","updated":"2025-06-22 18:37:56"},"aioseo_breadcrumb":"<div class=\"aioseo-breadcrumbs\"><span class=\"aioseo-breadcrumb\">\n\t<a href=\"https:\/\/www.rucashk.com\/pt\" title=\"Home\">Home<\/a>\n<\/span><span class=\"aioseo-breadcrumb-separator\">&raquo;<\/span><span class=\"aioseo-breadcrumb\">\n\t<a href=\"https:\/\/www.rucashk.com\/pt\/products\/\" title=\"Produtos\">Produtos<\/a>\n<\/span><span class=\"aioseo-breadcrumb-separator\">&raquo;<\/span><span class=\"aioseo-breadcrumb\">\n\t<a href=\"https:\/\/www.rucashk.com\/pt\/marca\/razer\/\" title=\"Razer\">Razer<\/a>\n<\/span><span class=\"aioseo-breadcrumb-separator\">&raquo;<\/span><span class=\"aioseo-breadcrumb\">\n\tRazer Basilisk V3 Pro Mice\n<\/span><\/div>","aioseo_breadcrumb_json":[{"label":"Home","link":"https:\/\/www.rucashk.com\/pt"},{"label":"Produtos","link":"https:\/\/www.rucashk.com\/pt\/products\/"},{"label":"Razer","link":"https:\/\/www.rucashk.com\/pt\/marca\/razer\/"},{"label":"Razer Basilisk V3 Pro Mice","link":"https:\/\/www.rucashk.com\/pt\/produto\/razer-basilisk-v3-pro-mice\/"}],"_links":{"self":[{"href":"https:\/\/www.rucashk.com\/pt\/wp-json\/wp\/v2\/product\/27491","targetHints":{"allow":["GET"]}}],"collection":[{"href":"https:\/\/www.rucashk.com\/pt\/wp-json\/wp\/v2\/product"}],"about":[{"href":"https:\/\/www.rucashk.com\/pt\/wp-json\/wp\/v2\/types\/product"}],"wp:featuredmedia":[{"embeddable":true,"href":"https:\/\/www.rucashk.com\/pt\/wp-json\/wp\/v2\/media\/27653"}],"wp:attachment":[{"href":"https:\/\/www.rucashk.com\/pt\/wp-json\/wp\/v2\/media?parent=27491"}],"wp:term":[{"taxonomy":"product_brand","embeddable":true,"href":"https:\/\/www.rucashk.com\/pt\/wp-json\/wp\/v2\/product_brand?post=27491"},{"taxonomy":"product_cat","embeddable":true,"href":"https:\/\/www.rucashk.com\/pt\/wp-json\/wp\/v2\/product_cat?post=27491"},{"taxonomy":"product_tag","embeddable":true,"href":"https:\/\/www.rucashk.com\/pt\/wp-json\/wp\/v2\/product_tag?post=27491"}],"curies":[{"name":"wp","href":"https:\/\/api.w.org\/{rel}","templated":true}]}}