{"id":27489,"date":"2024-01-09T16:41:17","date_gmt":"2024-01-09T16:41:17","guid":{"rendered":"http:\/\/rucashk.com\/?post_type=product&#038;p=27489"},"modified":"2025-06-21T07:51:56","modified_gmt":"2025-06-21T07:51:56","slug":"razer-viper-mini-mice","status":"publish","type":"product","link":"https:\/\/www.rucashk.com\/pt\/produto\/razer-viper-mini-mice\/","title":{"rendered":"Ratos Razer Viper Mini"},"content":{"rendered":"<p align=\"center\" data-spm-anchor-id=\"a2g0o.detail.1000023.i2.609aVJ2VVJ2VVf\"><strong>ULTRA-LEVE. ULTRA R\u00c1PIDO.<\/strong><\/p>\n<p align=\"center\">Nascido para ultrapassar os limites dos jogos ultraleves, o Razer Viper Mini assume um formato menor que permanece igualmente grande em desempenho. Reduzindo seu comprimento e largura de ader\u00eancia, trabalhamos com entusiastas e atletas de esportes eletr\u00f4nicos para aprimorar ainda mais seu design, garantindo que o controle absoluto agora esteja nas m\u00e3os de mais jogadores - ent\u00e3o pegue nosso mouse para jogos mais fino e leve at\u00e9 agora.<\/p>\n<p align=\"center\">\n<p align=\"center\"><img decoding=\"async\" alt=\"Razer Viper Mini Mice\" class=\"aligncenter\" src=\"\/wp-content\/uploads\/replace\/7c9af571db854df190474e7e54a24b6e.png\" \/><\/p>\n<p>&nbsp;<\/p>\n<p align=\"center\"><strong>DESIGN ULTRA LEVE 61G<\/strong><\/p>\n<p align=\"center\">O chassi ambidestro reduziu ainda mais o peso, para que voc\u00ea possa desfrutar de movimentos ainda mais r\u00e1pidos, mas permanece t\u00e3o dur\u00e1vel e s\u00f3lido como sempre. Recomendado para jogadores com m\u00e3os pequenas a m\u00e9dias, este mouse para jogos ultraleve \u00e9 mais adequado para aqueles que preferem estilos de garra ou ponta dos dedos.<\/p>\n<p align=\"center\">\n<p class=\"p\" align=\"center\"><img decoding=\"async\" alt=\"Razer Viper Mini Mice\" class=\"aligncenter\" src=\"\/wp-content\/uploads\/replace\/05d7d4b94f2d4db527e0e8320a8d0ec1.png\" \/><\/p>\n<p>&nbsp;<\/p>\n<p class=\"p\" align=\"center\"><strong>INTERRUPTOR \u00d3PTICO DE MOUSE RAZER\u2122<\/strong><\/p>\n<p class=\"p\" align=\"center\">Utilizando um feixe de luz infravermelha para registrar cada clique, os interruptores deste mouse leve para jogos atuam com um tempo de resposta l\u00edder do setor de 0,2 milissegundos. Por n\u00e3o exigir mais o contato f\u00edsico tradicional, essa forma de atua\u00e7\u00e3o elimina a necessidade de atraso no debounce e nunca aciona cliques n\u00e3o intencionais, proporcionando controle mais pr\u00f3ximo e execu\u00e7\u00e3o perfeita.<\/p>\n<p align=\"center\">\n<p class=\"p\" align=\"center\"><img decoding=\"async\" alt=\"Razer Viper Mini Mice\" class=\"aligncenter\" src=\"\/wp-content\/uploads\/replace\/5578ae4082f77c7f397987908fae91f6.png\" \/><\/p>\n<p>&nbsp;<\/p>\n<p class=\"p\" align=\"center\"><strong>CABO RAZER SPEEDFLEX<\/strong><\/p>\n<p class=\"p\" align=\"center\">O cabo do Razer Viper Mini tem maior flexibilidade e foi projetado para produzir arrasto m\u00ednimo, para que voc\u00ea possa realizar movimentos mais r\u00e1pidos e fluidos para um maior grau de controle.<\/p>\n<p class=\"p\" align=\"center\">\n<p align=\"center\"><img decoding=\"async\" alt=\"Razer Viper Mini Mice\" class=\"aligncenter\" src=\"\/wp-content\/uploads\/replace\/256336180ace99bcf276826f37124827.png\" \/><\/p>\n<p>&nbsp;<\/p>\n<p align=\"center\"><strong>SENSOR \u00d3PTICO DE 8500 DPI<\/strong><\/p>\n<p class=\"p\" align=\"center\">Com um sensor que rastreia perfeitamente seu movimento com zero spinouts, voc\u00ea n\u00e3o pode esperar nada al\u00e9m de precis\u00e3o de pixels, n\u00edtida e responsiva.<\/p>\n<p class=\"p\" align=\"center\">\n<p align=\"center\"><img decoding=\"async\" alt=\"Razer Viper Mini Mice\" class=\"aligncenter\" src=\"\/wp-content\/uploads\/replace\/0239bbca6ed7de8a8aaa9aac288ef648.png\" \/><\/p>\n<p>&nbsp;<\/p>\n<p class=\"p\" align=\"center\"><strong>P\u00c9S DE RATO 100% PTFE<\/strong><\/p>\n<p class=\"p\" align=\"center\">Desfrute de movimentos suaves do mouse em qualquer superf\u00edcie com p\u00e9s de mouse feitos do mais puro e mais alto grau de PTFE - um material usado para revestir panelas antiaderentes.<\/p>\n<p>&nbsp;<\/p>\n<p class=\"p\" align=\"center\"><img decoding=\"async\" alt=\"Razer Viper Mini Mice\" class=\"aligncenter\" src=\"\/wp-content\/uploads\/replace\/130e6e26a0088a0df56cd851ca193f07.png\" \/><\/p>\n<p>&nbsp;<\/p>\n<p class=\"p\" align=\"center\"><strong>6 BOT\u00d5ES PROGRAM\u00c1VEIS<\/strong><\/p>\n<p class=\"p\" align=\"center\">Totalmente configur\u00e1vel via Razer Synapse 3, o mouse possui 2 bot\u00f5es laterais \u00e0 esquerda e um pr\u00f3ximo \u00e0 roda de rolagem, dando acesso a macros e fun\u00e7\u00f5es secund\u00e1rias para que cada a\u00e7\u00e3o possa ser executada com facilidade.<\/p>\n<p>&nbsp;<\/p>\n<p class=\"p\" align=\"center\"><img decoding=\"async\" alt=\"Razer Viper Mini Mice\" class=\"aligncenter\" src=\"\/wp-content\/uploads\/replace\/984fc2b44920587a4068582c06ed8e35.png\" \/><\/p>\n<p class=\"p\" align=\"center\"><strong>PERFIL DE MEM\u00d3RIA A BORDO<\/strong><\/p>\n<p class=\"p\" align=\"center\">Acesse suas configura\u00e7\u00f5es personalizadas de DPI, configura\u00e7\u00f5es de bot\u00f5es e muito mais sem a necessidade de software instalado depois de salvar seu perfil favorito via Razer Synapse 3.<\/p>\n<p align=\"center\">\n<p class=\"p\" align=\"center\"><img decoding=\"async\" alt=\"Razer Viper Mini Mice\" class=\"aligncenter\" src=\"\/wp-content\/uploads\/replace\/128c237e50f6a67d0631b77814432f3d.png\" \/><\/p>\n<p>&nbsp;<\/p>\n<p class=\"p\" align=\"center\"><strong>ALIMENTADO POR RAZER<\/strong><\/p>\n<p class=\"p\" align=\"center\"><strong>CHROMA\u00ae RGB<\/strong><\/p>\n<p class=\"p\" align=\"center\"><span data-spm-anchor-id=\"a2g0o.detail.1000023.i1.609aVJ2VVJ2VVf\">Com 16,8 milh\u00f5es de cores, in\u00fameros padr\u00f5es, efeitos de ilumina\u00e7\u00e3o din\u00e2micos no jogo, experimente personaliza\u00e7\u00e3o RGB completa e imers\u00e3o mais profunda com o maior ecossistema de ilumina\u00e7\u00e3o do mundo para dispositivos de jogos. Suportando uma lista crescente de milhares de dispositivos e centenas de jogos e aplicativos, leve-o para o pr\u00f3ximo n\u00edvel com recursos avan\u00e7ados como Chroma Studio, Visualizer, Connect e Workshop.<\/span><\/p>\n<p class=\"p\" align=\"center\">\n<p><img decoding=\"async\" alt=\"Razer Viper Mini Mice\" class=\"aligncenter\" src=\"\/wp-content\/uploads\/replace\/0fa8af4a7f28708746be0eee7e8b7493.png\" \/><\/p>\n<p>&nbsp;<\/p>\n<p>FATOR ORM: Ambidestro<br \/>\nCONECTIVIDADE: Com fio \u2013 Cabo Razer\u2122 Speedflex<br \/>\nVIDA \u00daTIL DA BATERIA: Nenhuma<br \/>\nILUMINA\u00c7\u00c3O RGB: Razer Chroma\u2122 RGB Underglow<br \/>\nSENSOR: \u00d3ptico<br \/>\nSENSIBILIDADE M\u00c1XIMA (DPI): 8500<br \/>\nVELOCIDADE M\u00c1XIMA (IPS): 300<br \/>\nACELERA\u00c7\u00c3O M\u00c1XIMA (G): 35<br \/>\nBOT\u00d5ES PROGRAM\u00c1VEIS: 6<br \/>\nTIPO DE INTERRUPTOR: \u00d3ptico<br \/>\nCICLO DE VIDA DO SWITCH: 50 milh\u00f5es de cliques<br \/>\nPERFIS DE MEM\u00d3RIA A BORDO: 1<br \/>\nP\u00e9s de mouse: p\u00e9s de mouse 100% PTFE<br \/>\nCABO: Cabo Razer\u2122 Speedflex<br \/>\nRODA DE ROLAGEM DE INCLINA\u00c7\u00c3O: Nenhuma<\/p>\n<p>&nbsp;<\/p>","protected":false},"excerpt":{"rendered":"<p>TAMANHO APROXIMADO<\/p>\n<ul>\n<li>Comprimento: 118,3 mm\/4,70 pol.<\/li>\n<li>Largura: 61,4 mm\/2,40 pol.<\/li>\n<li>Altura: 38,3 mm\/1,50 pol.<\/li>\n<\/ul>\n<p>PESO APROXIMADO: 61 g\/0,13 lbs<\/p>","protected":false},"featured_media":27644,"template":"","meta":[],"product_brand":[1379],"product_cat":[1322,1331],"product_tag":[],"class_list":{"0":"post-27489","1":"product","2":"type-product","3":"status-publish","4":"has-post-thumbnail","6":"product_brand-razer","7":"product_cat-other-a-brands","8":"product_cat-razer-other-a-brands","10":"first","11":"instock","12":"shipping-taxable","13":"product-type-simple"},"aioseo_notices":[],"aioseo_head":"\n\t\t<!-- All in One SEO Pro 4.5.9.2 - aioseo.com -->\n\t\t<meta name=\"description\" content=\"APPROXIMATE SIZE Length: 118.3 mm \/ 4.70 in Width: 61.4 mm \/ 2.40 in Height: 38.3 mm \/ 1.50 in APPROXIMATE WEIGHT: 61 g \/ 0.13 lbs\" \/>\n\t\t<meta name=\"robots\" content=\"max-image-preview:large\" \/>\n\t\t<link rel=\"canonical\" href=\"https:\/\/www.rucashk.com\/pt\/produto\/razer-viper-mini-mice\/\" \/>\n\t\t<meta name=\"generator\" content=\"All in One SEO Pro (AIOSEO) 4.5.9.2\" \/>\n\t\t<meta property=\"og:locale\" content=\"pt_PT\" \/>\n\t\t<meta property=\"og:site_name\" content=\"Rucas - One-stop AIoT Distribution Worldwide\" \/>\n\t\t<meta property=\"og:type\" content=\"article\" \/>\n\t\t<meta property=\"og:title\" content=\"Razer Viper Mini Mice - Rucas - Wholesale and Distribution\" \/>\n\t\t<meta property=\"og:description\" content=\"APPROXIMATE SIZE Length: 118.3 mm \/ 4.70 in Width: 61.4 mm \/ 2.40 in Height: 38.3 mm \/ 1.50 in APPROXIMATE WEIGHT: 61 g \/ 0.13 lbs\" \/>\n\t\t<meta property=\"og:url\" content=\"https:\/\/www.rucashk.com\/pt\/produto\/razer-viper-mini-mice\/\" \/>\n\t\t<meta property=\"og:image\" content=\"https:\/\/www.rucashk.com\/wp-content\/uploads\/replace\/503b8e645f128a97ccde2b6290747646.jpeg\" \/>\n\t\t<meta property=\"og:image:secure_url\" content=\"https:\/\/www.rucashk.com\/wp-content\/uploads\/replace\/503b8e645f128a97ccde2b6290747646.jpeg\" \/>\n\t\t<meta property=\"og:image:width\" content=\"1456\" \/>\n\t\t<meta property=\"og:image:height\" content=\"816\" \/>\n\t\t<meta property=\"article:published_time\" content=\"2024-01-09T16:41:17+00:00\" \/>\n\t\t<meta property=\"article:modified_time\" content=\"2025-06-21T07:51:56+00:00\" \/>\n\t\t<meta name=\"twitter:card\" content=\"summary_large_image\" \/>\n\t\t<meta name=\"twitter:title\" content=\"Razer Viper Mini Mice - Rucas - Wholesale and Distribution\" \/>\n\t\t<meta name=\"twitter:description\" content=\"APPROXIMATE SIZE Length: 118.3 mm \/ 4.70 in Width: 61.4 mm \/ 2.40 in Height: 38.3 mm \/ 1.50 in APPROXIMATE WEIGHT: 61 g \/ 0.13 lbs\" \/>\n\t\t<meta name=\"twitter:image\" content=\"https:\/\/www.rucashk.com\/wp-content\/uploads\/replace\/503b8e645f128a97ccde2b6290747646.jpeg\" \/>\n\t\t<script type=\"application\/ld+json\" class=\"aioseo-schema\">\n\t\t\t{\"@context\":\"https:\\\/\\\/schema.org\",\"@graph\":[{\"@type\":\"BreadcrumbList\",\"@id\":\"https:\\\/\\\/www.rucashk.com\\\/pt\\\/produto\\\/razer-viper-mini-mice\\\/#breadcrumblist\",\"itemListElement\":[{\"@type\":\"ListItem\",\"@id\":\"https:\\\/\\\/www.rucashk.com\\\/pt\\\/#listItem\",\"position\":1,\"name\":\"Home\",\"item\":\"https:\\\/\\\/www.rucashk.com\\\/pt\\\/\",\"nextItem\":\"https:\\\/\\\/www.rucashk.com\\\/pt\\\/produto\\\/razer-viper-mini-mice\\\/#listItem\"},{\"@type\":\"ListItem\",\"@id\":\"https:\\\/\\\/www.rucashk.com\\\/pt\\\/produto\\\/razer-viper-mini-mice\\\/#listItem\",\"position\":2,\"name\":\"Razer Viper Mini Mice\",\"previousItem\":\"https:\\\/\\\/www.rucashk.com\\\/pt\\\/#listItem\"}]},{\"@type\":\"Organization\",\"@id\":\"https:\\\/\\\/www.rucashk.com\\\/pt\\\/#organization\",\"name\":\"Rucas\",\"url\":\"https:\\\/\\\/www.rucashk.com\\\/pt\\\/\",\"logo\":{\"@type\":\"ImageObject\",\"url\":\"https:\\\/\\\/www.rucashk.com\\\/wp-content\\\/uploads\\\/2023\\\/12\\\/Rucas_campany_logo.png\",\"@id\":\"https:\\\/\\\/www.rucashk.com\\\/pt\\\/produto\\\/razer-viper-mini-mice\\\/#organizationLogo\",\"width\":221,\"height\":65},\"image\":{\"@id\":\"https:\\\/\\\/www.rucashk.com\\\/pt\\\/#organizationLogo\"}},{\"@type\":\"Person\",\"@id\":\"https:\\\/\\\/www.rucashk.com\\\/pt\\\/author\\\/admin\\\/#author\",\"url\":\"https:\\\/\\\/www.rucashk.com\\\/pt\\\/author\\\/admin\\\/\",\"name\":\"admin\",\"image\":{\"@type\":\"ImageObject\",\"@id\":\"https:\\\/\\\/www.rucashk.com\\\/pt\\\/produto\\\/razer-viper-mini-mice\\\/#authorImage\",\"url\":\"https:\\\/\\\/secure.gravatar.com\\\/avatar\\\/b7c8925b09a27e72b30232f8ecaadbd5af0f70a38c78096863fe51b64f031c24?s=96&d=mm&r=g\",\"width\":96,\"height\":96,\"caption\":\"admin\"}},{\"@type\":\"WebPage\",\"@id\":\"https:\\\/\\\/www.rucashk.com\\\/pt\\\/produto\\\/razer-viper-mini-mice\\\/#webpage\",\"url\":\"https:\\\/\\\/www.rucashk.com\\\/pt\\\/produto\\\/razer-viper-mini-mice\\\/\",\"name\":\"Razer Viper Mini Mice - Rucas - Wholesale and Distribution\",\"description\":\"APPROXIMATE SIZE Length: 118.3 mm \\\/ 4.70 in Width: 61.4 mm \\\/ 2.40 in Height: 38.3 mm \\\/ 1.50 in APPROXIMATE WEIGHT: 61 g \\\/ 0.13 lbs\",\"inLanguage\":\"pt-PT\",\"isPartOf\":{\"@id\":\"https:\\\/\\\/www.rucashk.com\\\/pt\\\/#website\"},\"breadcrumb\":{\"@id\":\"https:\\\/\\\/www.rucashk.com\\\/pt\\\/produto\\\/razer-viper-mini-mice\\\/#breadcrumblist\"},\"author\":{\"@id\":\"https:\\\/\\\/www.rucashk.com\\\/pt\\\/author\\\/admin\\\/#author\"},\"creator\":{\"@id\":\"https:\\\/\\\/www.rucashk.com\\\/pt\\\/author\\\/admin\\\/#author\"},\"image\":{\"@type\":\"ImageObject\",\"url\":\"https:\\\/\\\/www.rucashk.com\\\/wp-content\\\/uploads\\\/2024\\\/01\\\/10001-25.webp\",\"@id\":\"https:\\\/\\\/www.rucashk.com\\\/pt\\\/produto\\\/razer-viper-mini-mice\\\/#mainImage\",\"width\":800,\"height\":800},\"primaryImageOfPage\":{\"@id\":\"https:\\\/\\\/www.rucashk.com\\\/pt\\\/produto\\\/razer-viper-mini-mice\\\/#mainImage\"},\"datePublished\":\"2024-01-09T16:41:17+00:00\",\"dateModified\":\"2025-06-21T07:51:56+00:00\"},{\"@type\":\"WebSite\",\"@id\":\"https:\\\/\\\/www.rucashk.com\\\/pt\\\/#website\",\"url\":\"https:\\\/\\\/www.rucashk.com\\\/pt\\\/\",\"name\":\"Rucas - Wholesale and distribution worldwide\",\"alternateName\":\"Rucas - One-stop AIoT Distribution Worldwide\",\"description\":\"One-stop AIoT Distribution Worldwide\",\"inLanguage\":\"pt-PT\",\"publisher\":{\"@id\":\"https:\\\/\\\/www.rucashk.com\\\/pt\\\/#organization\"}}]}\n\t\t<\/script>\n\t\t<!-- All in One SEO Pro -->\r\n\t\t<title>Razer Viper Mini Mice - Rucas - Wholesale and Distribution<\/title>\n\n","aioseo_head_json":{"title":"Razer Viper Mini Mice - Rucas - Wholesale and Distribution","description":"APPROXIMATE SIZE Length: 118.3 mm \/ 4.70 in Width: 61.4 mm \/ 2.40 in Height: 38.3 mm \/ 1.50 in APPROXIMATE WEIGHT: 61 g \/ 0.13 lbs","canonical_url":"https:\/\/www.rucashk.com\/pt\/produto\/razer-viper-mini-mice\/","robots":"max-image-preview:large","keywords":"","webmasterTools":{"miscellaneous":""},"og:locale":"pt_PT","og:site_name":"Rucas - One-stop AIoT Distribution Worldwide","og:type":"article","og:title":"Razer Viper Mini Mice - Rucas - Wholesale and Distribution","og:description":"APPROXIMATE SIZE Length: 118.3 mm \/ 4.70 in Width: 61.4 mm \/ 2.40 in Height: 38.3 mm \/ 1.50 in APPROXIMATE WEIGHT: 61 g \/ 0.13 lbs","og:url":"https:\/\/www.rucashk.com\/pt\/produto\/razer-viper-mini-mice\/","og:image":"https:\/\/www.rucashk.com\/wp-content\/uploads\/replace\/503b8e645f128a97ccde2b6290747646.jpeg","og:image:secure_url":"https:\/\/www.rucashk.com\/wp-content\/uploads\/replace\/503b8e645f128a97ccde2b6290747646.jpeg","og:image:width":1456,"og:image:height":816,"article:published_time":"2024-01-09T16:41:17+00:00","article:modified_time":"2025-06-21T07:51:56+00:00","twitter:card":"summary_large_image","twitter:title":"Razer Viper Mini Mice - Rucas - Wholesale and Distribution","twitter:description":"APPROXIMATE SIZE Length: 118.3 mm \/ 4.70 in Width: 61.4 mm \/ 2.40 in Height: 38.3 mm \/ 1.50 in APPROXIMATE WEIGHT: 61 g \/ 0.13 lbs","twitter:image":"https:\/\/www.rucashk.com\/wp-content\/uploads\/replace\/503b8e645f128a97ccde2b6290747646.jpeg","schema":{"@context":"https:\/\/schema.org","@graph":[{"@type":"BreadcrumbList","@id":"https:\/\/www.rucashk.com\/pt\/produto\/razer-viper-mini-mice\/#breadcrumblist","itemListElement":[{"@type":"ListItem","@id":"https:\/\/www.rucashk.com\/pt\/#listItem","position":1,"name":"Home","item":"https:\/\/www.rucashk.com\/pt\/","nextItem":"https:\/\/www.rucashk.com\/pt\/produto\/razer-viper-mini-mice\/#listItem"},{"@type":"ListItem","@id":"https:\/\/www.rucashk.com\/pt\/produto\/razer-viper-mini-mice\/#listItem","position":2,"name":"Razer Viper Mini Mice","previousItem":"https:\/\/www.rucashk.com\/pt\/#listItem"}]},{"@type":"Organization","@id":"https:\/\/www.rucashk.com\/pt\/#organization","name":"Rucas","url":"https:\/\/www.rucashk.com\/pt\/","logo":{"@type":"ImageObject","url":"https:\/\/www.rucashk.com\/wp-content\/uploads\/2023\/12\/Rucas_campany_logo.png","@id":"https:\/\/www.rucashk.com\/pt\/produto\/razer-viper-mini-mice\/#organizationLogo","width":221,"height":65},"image":{"@id":"https:\/\/www.rucashk.com\/pt\/#organizationLogo"}},{"@type":"Person","@id":"https:\/\/www.rucashk.com\/pt\/author\/admin\/#author","url":"https:\/\/www.rucashk.com\/pt\/author\/admin\/","name":"admin","image":{"@type":"ImageObject","@id":"https:\/\/www.rucashk.com\/pt\/produto\/razer-viper-mini-mice\/#authorImage","url":"https:\/\/secure.gravatar.com\/avatar\/b7c8925b09a27e72b30232f8ecaadbd5af0f70a38c78096863fe51b64f031c24?s=96&d=mm&r=g","width":96,"height":96,"caption":"admin"}},{"@type":"WebPage","@id":"https:\/\/www.rucashk.com\/pt\/produto\/razer-viper-mini-mice\/#webpage","url":"https:\/\/www.rucashk.com\/pt\/produto\/razer-viper-mini-mice\/","name":"Razer Viper Mini Mice - Rucas - Wholesale and Distribution","description":"APPROXIMATE SIZE Length: 118.3 mm \/ 4.70 in Width: 61.4 mm \/ 2.40 in Height: 38.3 mm \/ 1.50 in APPROXIMATE WEIGHT: 61 g \/ 0.13 lbs","inLanguage":"pt-PT","isPartOf":{"@id":"https:\/\/www.rucashk.com\/pt\/#website"},"breadcrumb":{"@id":"https:\/\/www.rucashk.com\/pt\/produto\/razer-viper-mini-mice\/#breadcrumblist"},"author":{"@id":"https:\/\/www.rucashk.com\/pt\/author\/admin\/#author"},"creator":{"@id":"https:\/\/www.rucashk.com\/pt\/author\/admin\/#author"},"image":{"@type":"ImageObject","url":"https:\/\/www.rucashk.com\/wp-content\/uploads\/2024\/01\/10001-25.webp","@id":"https:\/\/www.rucashk.com\/pt\/produto\/razer-viper-mini-mice\/#mainImage","width":800,"height":800},"primaryImageOfPage":{"@id":"https:\/\/www.rucashk.com\/pt\/produto\/razer-viper-mini-mice\/#mainImage"},"datePublished":"2024-01-09T16:41:17+00:00","dateModified":"2025-06-21T07:51:56+00:00"},{"@type":"WebSite","@id":"https:\/\/www.rucashk.com\/pt\/#website","url":"https:\/\/www.rucashk.com\/pt\/","name":"Rucas - Wholesale and distribution worldwide","alternateName":"Rucas - One-stop AIoT Distribution Worldwide","description":"One-stop AIoT Distribution Worldwide","inLanguage":"pt-PT","publisher":{"@id":"https:\/\/www.rucashk.com\/pt\/#organization"}}]}},"aioseo_meta_data":{"post_id":"27489","title":null,"description":null,"keywords":null,"keyphrases":null,"primary_term":null,"canonical_url":null,"og_title":null,"og_description":null,"og_object_type":"default","og_image_type":"default","og_image_url":null,"og_image_width":null,"og_image_height":null,"og_image_custom_url":null,"og_image_custom_fields":null,"og_video":"","og_custom_url":null,"og_article_section":null,"og_article_tags":null,"twitter_use_og":false,"twitter_card":"default","twitter_image_type":"default","twitter_image_url":null,"twitter_image_custom_url":null,"twitter_image_custom_fields":null,"twitter_title":null,"twitter_description":null,"schema":{"blockGraphs":[],"customGraphs":[],"default":{"data":{"Article":[],"Course":[],"Dataset":[],"FAQPage":[],"Movie":[],"Person":[],"Product":[],"Recipe":[],"Service":[],"SoftwareApplication":[],"WebPage":[]},"graphName":"","isEnabled":true},"graphs":[]},"schema_type":"default","schema_type_options":null,"pillar_content":false,"robots_default":true,"robots_noindex":false,"robots_noarchive":false,"robots_nosnippet":false,"robots_nofollow":false,"robots_noimageindex":false,"robots_noodp":false,"robots_notranslate":false,"robots_max_snippet":"-1","robots_max_videopreview":"-1","robots_max_imagepreview":"large","priority":null,"frequency":"default","local_seo":null,"breadcrumb_settings":null,"limit_modified_date":false,"created":"2024-04-11 01:57:22","updated":"2025-06-22 18:37:56"},"aioseo_breadcrumb":"<div class=\"aioseo-breadcrumbs\"><span class=\"aioseo-breadcrumb\">\n\t<a href=\"https:\/\/www.rucashk.com\/pt\" title=\"Home\">Home<\/a>\n<\/span><span class=\"aioseo-breadcrumb-separator\">&raquo;<\/span><span class=\"aioseo-breadcrumb\">\n\t<a href=\"https:\/\/www.rucashk.com\/pt\/products\/\" title=\"Produtos\">Produtos<\/a>\n<\/span><span class=\"aioseo-breadcrumb-separator\">&raquo;<\/span><span class=\"aioseo-breadcrumb\">\n\t<a href=\"https:\/\/www.rucashk.com\/pt\/marca\/razer\/\" title=\"Razer\">Razer<\/a>\n<\/span><span class=\"aioseo-breadcrumb-separator\">&raquo;<\/span><span class=\"aioseo-breadcrumb\">\n\tRazer Viper Mini Mice\n<\/span><\/div>","aioseo_breadcrumb_json":[{"label":"Home","link":"https:\/\/www.rucashk.com\/pt"},{"label":"Produtos","link":"https:\/\/www.rucashk.com\/pt\/products\/"},{"label":"Razer","link":"https:\/\/www.rucashk.com\/pt\/marca\/razer\/"},{"label":"Razer Viper Mini Mice","link":"https:\/\/www.rucashk.com\/pt\/produto\/razer-viper-mini-mice\/"}],"_links":{"self":[{"href":"https:\/\/www.rucashk.com\/pt\/wp-json\/wp\/v2\/product\/27489","targetHints":{"allow":["GET"]}}],"collection":[{"href":"https:\/\/www.rucashk.com\/pt\/wp-json\/wp\/v2\/product"}],"about":[{"href":"https:\/\/www.rucashk.com\/pt\/wp-json\/wp\/v2\/types\/product"}],"wp:featuredmedia":[{"embeddable":true,"href":"https:\/\/www.rucashk.com\/pt\/wp-json\/wp\/v2\/media\/27644"}],"wp:attachment":[{"href":"https:\/\/www.rucashk.com\/pt\/wp-json\/wp\/v2\/media?parent=27489"}],"wp:term":[{"taxonomy":"product_brand","embeddable":true,"href":"https:\/\/www.rucashk.com\/pt\/wp-json\/wp\/v2\/product_brand?post=27489"},{"taxonomy":"product_cat","embeddable":true,"href":"https:\/\/www.rucashk.com\/pt\/wp-json\/wp\/v2\/product_cat?post=27489"},{"taxonomy":"product_tag","embeddable":true,"href":"https:\/\/www.rucashk.com\/pt\/wp-json\/wp\/v2\/product_tag?post=27489"}],"curies":[{"name":"wp","href":"https:\/\/api.w.org\/{rel}","templated":true}]}}