{"id":27488,"date":"2024-01-09T16:41:17","date_gmt":"2024-01-09T16:41:17","guid":{"rendered":"http:\/\/rucashk.com\/?post_type=product&#038;p=27488"},"modified":"2025-06-21T07:53:31","modified_gmt":"2025-06-21T07:53:31","slug":"razer-viper-v2-pro-mice","status":"publish","type":"product","link":"https:\/\/www.rucashk.com\/pt\/produto\/razer-viper-v2-pro-mice\/","title":{"rendered":"Ratos Razer Viper V2 Pro"},"content":{"rendered":"<h2 style=\"text-align: center\">INTERRUPTORES DE MOUSE \u00d3PTICO RAZER\u201d GEN-3<\/h2>\n<p style=\"text-align: center\">Ciclo de vida de at\u00e9 90 milh\u00f5es de cliques<br \/>\n<img decoding=\"async\" alt=\"Razer Viper V2 Pro  Mice\" src=\"\/wp-content\/uploads\/replace\/d5c8079c30c1beb3edca1c192d45aab5.png\" \/><\/p>\n<p>&nbsp;<\/p>\n<h2 style=\"text-align: center\">SENSOR \u00d3PTICO RAZER\u201dFOCUS PRO 30K<\/h2>\n<p style=\"text-align: center\">A melhor precis\u00e3o da categoria<\/p>\n<p>&nbsp;<\/p>\n<p style=\"text-align: center\"><img decoding=\"async\" alt=\"Razer Viper V2 Pro  Mice\" src=\"\/wp-content\/uploads\/replace\/1e67547563f54212843686bc97653473.png\" data-spm-anchor-id=\"a2g0o.detail.1000023.i3.7cc6ZB8FZB8FeK\" \/><\/p>\n<p>&nbsp;<\/p>\n<h2 style=\"text-align: center\">DESIGN ULTRA LEVE<\/h2>\n<p style=\"text-align: center\">Sem peso morto<\/p>\n<p>&nbsp;<\/p>\n<p style=\"text-align: center\"><img decoding=\"async\" alt=\"Razer Viper V2 Pro  Mice\" src=\"\/wp-content\/uploads\/replace\/0ce2b3d25dc193790a8e4e3a3505b15d.jpeg\" data-spm-anchor-id=\"a2g0o.detail.1000023.i2.7cc6ZB8FZB8FeK\" \/><\/p>\n<h2><\/h2>\n<h2 style=\"text-align: center\">RAZER HIPERVELOCIDADE SEM FIO<\/h2>\n<p style=\"text-align: center\">25% mais r\u00e1pido que outros dispositivos sem fio<\/p>\n<p>&nbsp;<\/p>\n<p style=\"text-align: center\"><img decoding=\"async\" alt=\"Razer Viper V2 Pro  Mice\" src=\"\/wp-content\/uploads\/replace\/7ce5df13322ae029eaf90b043481c472.jpeg\" \/><\/p>\n<p>&nbsp;<\/p>\n<p align=\"center\" data-spm-anchor-id=\"a2g0o.detail.1000023.i1.985fOMM3OMM3NO\">O esports tem um novo predador de ponta. Como sucessor do<br \/>\npremiado Razer Viper Ultimate, nossa evolu\u00e7\u00e3o mais recente \u00e9 mais do que<br \/>\n20% mais leve e equipado com atualiza\u00e7\u00f5es completas para melhor desempenho.<\/p>\n<p>&nbsp;<\/p>\n<div align=\"start\">\n<p align=\"center\"><img decoding=\"async\" alt=\"Razer Viper V2 Pro  Mice\" class=\"aligncenter\" src=\"\/wp-content\/uploads\/replace\/363df5e5d401deed503f0b796b2bbe44.jpeg\" data-spm-anchor-id=\"a2g0o.detail.1000023.i4.7cc6ZB8FZB8FeK\" \/><\/p>\n<\/div>\n<p align=\"center\">\n<p align=\"center\">Com um dos mouses para jogos sem fio mais leves de todos os tempos, agora n\u00e3o h\u00e1 nada<br \/>\nte segurando.<\/p>\n<p align=\"center\">\n<p align=\"center\"><img decoding=\"async\" alt=\"Razer Viper V2 Pro  Mice\" class=\"aligncenter\" src=\"\/wp-content\/uploads\/replace\/c5611e2699e6df4187c69f17a61f19e7.jpeg\" data-spm-anchor-id=\"a2g0o.detail.1000023.i2.985fOMM3OMM3NO\" \/><\/p>\n<p align=\"center\">\n<p>FATOR DE FORMA: Sim\u00e9trico para destros<br \/>\nCONECTIVIDADE: Razer\u2122 HyperSpeed Wireless com fio \u2013 Cabo Speedflex<br \/>\nVIDA \u00daTIL DA BATERIA: At\u00e9 90 horas (movimento constante a 1000 Hz) At\u00e9 24 horas (com dongle sem fio HyperPolling, movimento constante a 4000 Hz)<br \/>\nILUMINA\u00c7\u00c3O RGB: Nenhuma<br \/>\nSENSOR: Sensor \u00f3ptico Focus Pro 30K<br \/>\nSENSIBILIDADE M\u00c1XIMA (DPI): 30.000<br \/>\nVELOCIDADE M\u00c1XIMA (IPS): 750<br \/>\nACELERA\u00c7\u00c3O M\u00c1XIMA (G): 70<br \/>\nBOT\u00d5ES PROGRAM\u00c1VEIS: 6<br \/>\nTIPO DE SWITCH: Switches de mouse \u00f3ptico Gen-3<br \/>\nCICLO DE VIDA DO SWITCH: 90 milh\u00f5es de cliques<br \/>\nPERFIS DE MEM\u00d3RIA A BORDO: 1<br \/>\nP\u00c9S DE RATO: 100% PTFE<br \/>\nCABO: Cabo Razer\u2122 Speedflex USB tipo C<br \/>\nRODA DE ROLAGEM DE INCLINA\u00c7\u00c3O: Nenhuma<\/p>\n<p>&nbsp;<\/p>","protected":false},"excerpt":{"rendered":"<h4>TAMANHO APROXIMADO<\/h4>\n<ul>\n<li>Comprimento: 126,5 mm\/4,98 pol.<\/li>\n<li>Largura: 66,2 mm\/2,61 pol.<\/li>\n<li>Altura: 37,8 mm\/1,49 pol.<\/li>\n<\/ul>\n<h4>PESO APROXIMADO: 58g<\/h4>","protected":false},"featured_media":27634,"template":"","meta":[],"product_brand":[1379],"product_cat":[1322,1331],"product_tag":[],"class_list":{"0":"post-27488","1":"product","2":"type-product","3":"status-publish","4":"has-post-thumbnail","6":"product_brand-razer","7":"product_cat-other-a-brands","8":"product_cat-razer-other-a-brands","10":"first","11":"instock","12":"shipping-taxable","13":"product-type-simple"},"aioseo_notices":[],"aioseo_head":"\n\t\t<!-- All in One SEO Pro 4.5.9.2 - aioseo.com -->\n\t\t<meta name=\"description\" content=\"APPROXIMATE SIZE Length: 126.5 mm \/ 4.98 in Width: 66.2 mm \/ 2.61 in Height: 37.8 mm \/ 1.49 in APPROXIMATE WEIGHT: 58 g\" \/>\n\t\t<meta name=\"robots\" content=\"max-image-preview:large\" \/>\n\t\t<link rel=\"canonical\" href=\"https:\/\/www.rucashk.com\/pt\/produto\/razer-viper-v2-pro-mice\/\" \/>\n\t\t<meta name=\"generator\" content=\"All in One SEO Pro (AIOSEO) 4.5.9.2\" \/>\n\t\t<meta property=\"og:locale\" content=\"pt_PT\" \/>\n\t\t<meta property=\"og:site_name\" content=\"Rucas - One-stop AIoT Distribution Worldwide\" \/>\n\t\t<meta property=\"og:type\" content=\"article\" \/>\n\t\t<meta property=\"og:title\" content=\"Razer Viper V2 Pro Mice - Rucas - Wholesale and Distribution\" \/>\n\t\t<meta property=\"og:description\" content=\"APPROXIMATE SIZE Length: 126.5 mm \/ 4.98 in Width: 66.2 mm \/ 2.61 in Height: 37.8 mm \/ 1.49 in APPROXIMATE WEIGHT: 58 g\" \/>\n\t\t<meta property=\"og:url\" content=\"https:\/\/www.rucashk.com\/pt\/produto\/razer-viper-v2-pro-mice\/\" \/>\n\t\t<meta property=\"og:image\" content=\"https:\/\/www.rucashk.com\/wp-content\/uploads\/replace\/503b8e645f128a97ccde2b6290747646.jpeg\" \/>\n\t\t<meta property=\"og:image:secure_url\" content=\"https:\/\/www.rucashk.com\/wp-content\/uploads\/replace\/503b8e645f128a97ccde2b6290747646.jpeg\" \/>\n\t\t<meta property=\"og:image:width\" content=\"1456\" \/>\n\t\t<meta property=\"og:image:height\" content=\"816\" \/>\n\t\t<meta property=\"article:published_time\" content=\"2024-01-09T16:41:17+00:00\" \/>\n\t\t<meta property=\"article:modified_time\" content=\"2025-06-21T07:53:31+00:00\" \/>\n\t\t<meta name=\"twitter:card\" content=\"summary_large_image\" \/>\n\t\t<meta name=\"twitter:title\" content=\"Razer Viper V2 Pro Mice - Rucas - Wholesale and Distribution\" \/>\n\t\t<meta name=\"twitter:description\" content=\"APPROXIMATE SIZE Length: 126.5 mm \/ 4.98 in Width: 66.2 mm \/ 2.61 in Height: 37.8 mm \/ 1.49 in APPROXIMATE WEIGHT: 58 g\" \/>\n\t\t<meta name=\"twitter:image\" content=\"https:\/\/www.rucashk.com\/wp-content\/uploads\/replace\/503b8e645f128a97ccde2b6290747646.jpeg\" \/>\n\t\t<script type=\"application\/ld+json\" class=\"aioseo-schema\">\n\t\t\t{\"@context\":\"https:\\\/\\\/schema.org\",\"@graph\":[{\"@type\":\"BreadcrumbList\",\"@id\":\"https:\\\/\\\/www.rucashk.com\\\/pt\\\/produto\\\/razer-viper-v2-pro-mice\\\/#breadcrumblist\",\"itemListElement\":[{\"@type\":\"ListItem\",\"@id\":\"https:\\\/\\\/www.rucashk.com\\\/pt\\\/#listItem\",\"position\":1,\"name\":\"Home\",\"item\":\"https:\\\/\\\/www.rucashk.com\\\/pt\\\/\",\"nextItem\":\"https:\\\/\\\/www.rucashk.com\\\/pt\\\/produto\\\/razer-viper-v2-pro-mice\\\/#listItem\"},{\"@type\":\"ListItem\",\"@id\":\"https:\\\/\\\/www.rucashk.com\\\/pt\\\/produto\\\/razer-viper-v2-pro-mice\\\/#listItem\",\"position\":2,\"name\":\"Razer Viper V2 Pro  Mice\",\"previousItem\":\"https:\\\/\\\/www.rucashk.com\\\/pt\\\/#listItem\"}]},{\"@type\":\"Organization\",\"@id\":\"https:\\\/\\\/www.rucashk.com\\\/pt\\\/#organization\",\"name\":\"Rucas\",\"url\":\"https:\\\/\\\/www.rucashk.com\\\/pt\\\/\",\"logo\":{\"@type\":\"ImageObject\",\"url\":\"https:\\\/\\\/www.rucashk.com\\\/wp-content\\\/uploads\\\/2023\\\/12\\\/Rucas_campany_logo.png\",\"@id\":\"https:\\\/\\\/www.rucashk.com\\\/pt\\\/produto\\\/razer-viper-v2-pro-mice\\\/#organizationLogo\",\"width\":221,\"height\":65},\"image\":{\"@id\":\"https:\\\/\\\/www.rucashk.com\\\/pt\\\/#organizationLogo\"}},{\"@type\":\"Person\",\"@id\":\"https:\\\/\\\/www.rucashk.com\\\/pt\\\/author\\\/admin\\\/#author\",\"url\":\"https:\\\/\\\/www.rucashk.com\\\/pt\\\/author\\\/admin\\\/\",\"name\":\"admin\",\"image\":{\"@type\":\"ImageObject\",\"@id\":\"https:\\\/\\\/www.rucashk.com\\\/pt\\\/produto\\\/razer-viper-v2-pro-mice\\\/#authorImage\",\"url\":\"https:\\\/\\\/secure.gravatar.com\\\/avatar\\\/b7c8925b09a27e72b30232f8ecaadbd5af0f70a38c78096863fe51b64f031c24?s=96&d=mm&r=g\",\"width\":96,\"height\":96,\"caption\":\"admin\"}},{\"@type\":\"WebPage\",\"@id\":\"https:\\\/\\\/www.rucashk.com\\\/pt\\\/produto\\\/razer-viper-v2-pro-mice\\\/#webpage\",\"url\":\"https:\\\/\\\/www.rucashk.com\\\/pt\\\/produto\\\/razer-viper-v2-pro-mice\\\/\",\"name\":\"Razer Viper V2 Pro Mice - Rucas - Wholesale and Distribution\",\"description\":\"APPROXIMATE SIZE Length: 126.5 mm \\\/ 4.98 in Width: 66.2 mm \\\/ 2.61 in Height: 37.8 mm \\\/ 1.49 in APPROXIMATE WEIGHT: 58 g\",\"inLanguage\":\"pt-PT\",\"isPartOf\":{\"@id\":\"https:\\\/\\\/www.rucashk.com\\\/pt\\\/#website\"},\"breadcrumb\":{\"@id\":\"https:\\\/\\\/www.rucashk.com\\\/pt\\\/produto\\\/razer-viper-v2-pro-mice\\\/#breadcrumblist\"},\"author\":{\"@id\":\"https:\\\/\\\/www.rucashk.com\\\/pt\\\/author\\\/admin\\\/#author\"},\"creator\":{\"@id\":\"https:\\\/\\\/www.rucashk.com\\\/pt\\\/author\\\/admin\\\/#author\"},\"image\":{\"@type\":\"ImageObject\",\"url\":\"https:\\\/\\\/www.rucashk.com\\\/wp-content\\\/uploads\\\/2024\\\/01\\\/10001-24.webp\",\"@id\":\"https:\\\/\\\/www.rucashk.com\\\/pt\\\/produto\\\/razer-viper-v2-pro-mice\\\/#mainImage\",\"width\":474,\"height\":474},\"primaryImageOfPage\":{\"@id\":\"https:\\\/\\\/www.rucashk.com\\\/pt\\\/produto\\\/razer-viper-v2-pro-mice\\\/#mainImage\"},\"datePublished\":\"2024-01-09T16:41:17+00:00\",\"dateModified\":\"2025-06-21T07:53:31+00:00\"},{\"@type\":\"WebSite\",\"@id\":\"https:\\\/\\\/www.rucashk.com\\\/pt\\\/#website\",\"url\":\"https:\\\/\\\/www.rucashk.com\\\/pt\\\/\",\"name\":\"Rucas - Wholesale and distribution worldwide\",\"alternateName\":\"Rucas - One-stop AIoT Distribution Worldwide\",\"description\":\"One-stop AIoT Distribution Worldwide\",\"inLanguage\":\"pt-PT\",\"publisher\":{\"@id\":\"https:\\\/\\\/www.rucashk.com\\\/pt\\\/#organization\"}}]}\n\t\t<\/script>\n\t\t<!-- All in One SEO Pro -->\r\n\t\t<title>Razer Viper V2 Pro Mice - Rucas - Wholesale and Distribution<\/title>\n\n","aioseo_head_json":{"title":"Razer Viper V2 Pro Mice - Rucas - Wholesale and Distribution","description":"APPROXIMATE SIZE Length: 126.5 mm \/ 4.98 in Width: 66.2 mm \/ 2.61 in Height: 37.8 mm \/ 1.49 in APPROXIMATE WEIGHT: 58 g","canonical_url":"https:\/\/www.rucashk.com\/pt\/produto\/razer-viper-v2-pro-mice\/","robots":"max-image-preview:large","keywords":"","webmasterTools":{"miscellaneous":""},"og:locale":"pt_PT","og:site_name":"Rucas - One-stop AIoT Distribution Worldwide","og:type":"article","og:title":"Razer Viper V2 Pro Mice - Rucas - Wholesale and Distribution","og:description":"APPROXIMATE SIZE Length: 126.5 mm \/ 4.98 in Width: 66.2 mm \/ 2.61 in Height: 37.8 mm \/ 1.49 in APPROXIMATE WEIGHT: 58 g","og:url":"https:\/\/www.rucashk.com\/pt\/produto\/razer-viper-v2-pro-mice\/","og:image":"https:\/\/www.rucashk.com\/wp-content\/uploads\/replace\/503b8e645f128a97ccde2b6290747646.jpeg","og:image:secure_url":"https:\/\/www.rucashk.com\/wp-content\/uploads\/replace\/503b8e645f128a97ccde2b6290747646.jpeg","og:image:width":1456,"og:image:height":816,"article:published_time":"2024-01-09T16:41:17+00:00","article:modified_time":"2025-06-21T07:53:31+00:00","twitter:card":"summary_large_image","twitter:title":"Razer Viper V2 Pro Mice - Rucas - Wholesale and Distribution","twitter:description":"APPROXIMATE SIZE Length: 126.5 mm \/ 4.98 in Width: 66.2 mm \/ 2.61 in Height: 37.8 mm \/ 1.49 in APPROXIMATE WEIGHT: 58 g","twitter:image":"https:\/\/www.rucashk.com\/wp-content\/uploads\/replace\/503b8e645f128a97ccde2b6290747646.jpeg","schema":{"@context":"https:\/\/schema.org","@graph":[{"@type":"BreadcrumbList","@id":"https:\/\/www.rucashk.com\/pt\/produto\/razer-viper-v2-pro-mice\/#breadcrumblist","itemListElement":[{"@type":"ListItem","@id":"https:\/\/www.rucashk.com\/pt\/#listItem","position":1,"name":"Home","item":"https:\/\/www.rucashk.com\/pt\/","nextItem":"https:\/\/www.rucashk.com\/pt\/produto\/razer-viper-v2-pro-mice\/#listItem"},{"@type":"ListItem","@id":"https:\/\/www.rucashk.com\/pt\/produto\/razer-viper-v2-pro-mice\/#listItem","position":2,"name":"Razer Viper V2 Pro  Mice","previousItem":"https:\/\/www.rucashk.com\/pt\/#listItem"}]},{"@type":"Organization","@id":"https:\/\/www.rucashk.com\/pt\/#organization","name":"Rucas","url":"https:\/\/www.rucashk.com\/pt\/","logo":{"@type":"ImageObject","url":"https:\/\/www.rucashk.com\/wp-content\/uploads\/2023\/12\/Rucas_campany_logo.png","@id":"https:\/\/www.rucashk.com\/pt\/produto\/razer-viper-v2-pro-mice\/#organizationLogo","width":221,"height":65},"image":{"@id":"https:\/\/www.rucashk.com\/pt\/#organizationLogo"}},{"@type":"Person","@id":"https:\/\/www.rucashk.com\/pt\/author\/admin\/#author","url":"https:\/\/www.rucashk.com\/pt\/author\/admin\/","name":"admin","image":{"@type":"ImageObject","@id":"https:\/\/www.rucashk.com\/pt\/produto\/razer-viper-v2-pro-mice\/#authorImage","url":"https:\/\/secure.gravatar.com\/avatar\/b7c8925b09a27e72b30232f8ecaadbd5af0f70a38c78096863fe51b64f031c24?s=96&d=mm&r=g","width":96,"height":96,"caption":"admin"}},{"@type":"WebPage","@id":"https:\/\/www.rucashk.com\/pt\/produto\/razer-viper-v2-pro-mice\/#webpage","url":"https:\/\/www.rucashk.com\/pt\/produto\/razer-viper-v2-pro-mice\/","name":"Razer Viper V2 Pro Mice - Rucas - Wholesale and Distribution","description":"APPROXIMATE SIZE Length: 126.5 mm \/ 4.98 in Width: 66.2 mm \/ 2.61 in Height: 37.8 mm \/ 1.49 in APPROXIMATE WEIGHT: 58 g","inLanguage":"pt-PT","isPartOf":{"@id":"https:\/\/www.rucashk.com\/pt\/#website"},"breadcrumb":{"@id":"https:\/\/www.rucashk.com\/pt\/produto\/razer-viper-v2-pro-mice\/#breadcrumblist"},"author":{"@id":"https:\/\/www.rucashk.com\/pt\/author\/admin\/#author"},"creator":{"@id":"https:\/\/www.rucashk.com\/pt\/author\/admin\/#author"},"image":{"@type":"ImageObject","url":"https:\/\/www.rucashk.com\/wp-content\/uploads\/2024\/01\/10001-24.webp","@id":"https:\/\/www.rucashk.com\/pt\/produto\/razer-viper-v2-pro-mice\/#mainImage","width":474,"height":474},"primaryImageOfPage":{"@id":"https:\/\/www.rucashk.com\/pt\/produto\/razer-viper-v2-pro-mice\/#mainImage"},"datePublished":"2024-01-09T16:41:17+00:00","dateModified":"2025-06-21T07:53:31+00:00"},{"@type":"WebSite","@id":"https:\/\/www.rucashk.com\/pt\/#website","url":"https:\/\/www.rucashk.com\/pt\/","name":"Rucas - Wholesale and distribution worldwide","alternateName":"Rucas - One-stop AIoT Distribution Worldwide","description":"One-stop AIoT Distribution Worldwide","inLanguage":"pt-PT","publisher":{"@id":"https:\/\/www.rucashk.com\/pt\/#organization"}}]}},"aioseo_meta_data":{"post_id":"27488","title":null,"description":null,"keywords":null,"keyphrases":null,"primary_term":null,"canonical_url":null,"og_title":null,"og_description":null,"og_object_type":"default","og_image_type":"default","og_image_url":null,"og_image_width":null,"og_image_height":null,"og_image_custom_url":null,"og_image_custom_fields":null,"og_video":"","og_custom_url":null,"og_article_section":null,"og_article_tags":null,"twitter_use_og":false,"twitter_card":"default","twitter_image_type":"default","twitter_image_url":null,"twitter_image_custom_url":null,"twitter_image_custom_fields":null,"twitter_title":null,"twitter_description":null,"schema":{"blockGraphs":[],"customGraphs":[],"default":{"data":{"Article":[],"Course":[],"Dataset":[],"FAQPage":[],"Movie":[],"Person":[],"Product":[],"Recipe":[],"Service":[],"SoftwareApplication":[],"WebPage":[]},"graphName":"","isEnabled":true},"graphs":[]},"schema_type":"default","schema_type_options":null,"pillar_content":false,"robots_default":true,"robots_noindex":false,"robots_noarchive":false,"robots_nosnippet":false,"robots_nofollow":false,"robots_noimageindex":false,"robots_noodp":false,"robots_notranslate":false,"robots_max_snippet":"-1","robots_max_videopreview":"-1","robots_max_imagepreview":"large","priority":null,"frequency":"default","local_seo":null,"breadcrumb_settings":null,"limit_modified_date":false,"created":"2024-04-11 01:57:22","updated":"2025-06-22 18:37:55"},"aioseo_breadcrumb":"<div class=\"aioseo-breadcrumbs\"><span class=\"aioseo-breadcrumb\">\n\t<a href=\"https:\/\/www.rucashk.com\/pt\" title=\"Home\">Home<\/a>\n<\/span><span class=\"aioseo-breadcrumb-separator\">&raquo;<\/span><span class=\"aioseo-breadcrumb\">\n\t<a href=\"https:\/\/www.rucashk.com\/pt\/products\/\" title=\"Produtos\">Produtos<\/a>\n<\/span><span class=\"aioseo-breadcrumb-separator\">&raquo;<\/span><span class=\"aioseo-breadcrumb\">\n\t<a href=\"https:\/\/www.rucashk.com\/pt\/marca\/razer\/\" title=\"Razer\">Razer<\/a>\n<\/span><span class=\"aioseo-breadcrumb-separator\">&raquo;<\/span><span class=\"aioseo-breadcrumb\">\n\tRazer Viper V2 Pro  Mice\n<\/span><\/div>","aioseo_breadcrumb_json":[{"label":"Home","link":"https:\/\/www.rucashk.com\/pt"},{"label":"Produtos","link":"https:\/\/www.rucashk.com\/pt\/products\/"},{"label":"Razer","link":"https:\/\/www.rucashk.com\/pt\/marca\/razer\/"},{"label":"Razer Viper V2 Pro  Mice","link":"https:\/\/www.rucashk.com\/pt\/produto\/razer-viper-v2-pro-mice\/"}],"_links":{"self":[{"href":"https:\/\/www.rucashk.com\/pt\/wp-json\/wp\/v2\/product\/27488","targetHints":{"allow":["GET"]}}],"collection":[{"href":"https:\/\/www.rucashk.com\/pt\/wp-json\/wp\/v2\/product"}],"about":[{"href":"https:\/\/www.rucashk.com\/pt\/wp-json\/wp\/v2\/types\/product"}],"wp:featuredmedia":[{"embeddable":true,"href":"https:\/\/www.rucashk.com\/pt\/wp-json\/wp\/v2\/media\/27634"}],"wp:attachment":[{"href":"https:\/\/www.rucashk.com\/pt\/wp-json\/wp\/v2\/media?parent=27488"}],"wp:term":[{"taxonomy":"product_brand","embeddable":true,"href":"https:\/\/www.rucashk.com\/pt\/wp-json\/wp\/v2\/product_brand?post=27488"},{"taxonomy":"product_cat","embeddable":true,"href":"https:\/\/www.rucashk.com\/pt\/wp-json\/wp\/v2\/product_cat?post=27488"},{"taxonomy":"product_tag","embeddable":true,"href":"https:\/\/www.rucashk.com\/pt\/wp-json\/wp\/v2\/product_tag?post=27488"}],"curies":[{"name":"wp","href":"https:\/\/api.w.org\/{rel}","templated":true}]}}