{"id":27487,"date":"2024-01-09T16:41:17","date_gmt":"2024-01-09T16:41:17","guid":{"rendered":"http:\/\/rucashk.com\/?post_type=product&#038;p=27487"},"modified":"2025-06-21T07:52:45","modified_gmt":"2025-06-21T07:52:45","slug":"razer-viper-mini-signature-edition-mice","status":"publish","type":"product","link":"https:\/\/www.rucashk.com\/pt\/produto\/razer-viper-mini-signature-edition-mice\/","title":{"rendered":"Ratos Razer Viper Mini Signature Edition"},"content":{"rendered":"<div class=\"detailmodule_text-image\" align=\"start\">\n<p align=\"center\" data-spm-anchor-id=\"a2g0o.detail.1000023.i0.2a842Khu2Khunq\">RAZER VIPER MINI SIGNATURE EDITION O MELHOR MOUSE PARA JOGOS DE DESEMPENHO LEVE<\/p>\n<p align=\"center\">O mouse dos seus sonhos acaba de ser superado. Para aqueles que ousam querer tudo, arme-se com uma obra-prima que supera a concorr\u00eancia em peso, design e desempenho. Apresentando o Razer Viper Mini Signature Edition \u2013 o mouse para jogos com melhor desempenho e leveza j\u00e1 criado.<\/p>\n<div><img decoding=\"async\" class=\"detail-desc-decorate-image aligncenter\" src=\"\/wp-content\/uploads\/replace\/3efc9b72a2116fbac95d6b0a05c4cfbe.png\" alt=\"Razer Viper Mini Signature Edition Mice\" \/><\/div>\n<\/div>\n<div class=\"detailmodule_text-image\" align=\"start\">\n<p align=\"center\">TAXA DE PESQUISA VERDADEIRA DE 8.000 HZ<\/p>\n<p align=\"center\">Intervalos de pesquisa l\u00edderes do setor &lt;0,125 ms<\/p>\n<div><img decoding=\"async\" class=\"detail-desc-decorate-image aligncenter\" src=\"\/wp-content\/uploads\/replace\/c66ca32b86825bfb9ccb9b8a1fb97932.png\" alt=\"Razer Viper Mini Signature Edition Mice\" \/><\/div>\n<\/div>\n<div class=\"detailmodule_text-image\" align=\"start\">\n<p align=\"center\">UMA OBRA-PRIMA DO JOGO NOSSO MOUSE MAIS LEVE J\u00c1 CRIADO<\/p>\n<p align=\"center\">Atrav\u00e9s de uma sele\u00e7\u00e3o cuidadosa de materiais e otimiza\u00e7\u00f5es de peso calculadas com impacto zero no desempenho, o Signature Edition se move e se sente como nenhum mouse que voc\u00ea j\u00e1 segurou.<\/p>\n<div><img decoding=\"async\" class=\"detail-desc-decorate-image aligncenter\" src=\"\/wp-content\/uploads\/replace\/74612eba77c0b4735e76b30f1895c075.png\" alt=\"Razer Viper Mini Signature Edition Mice\" \/><\/div>\n<\/div>\n<div class=\"detailmodule_text-image\" align=\"start\">\n<p align=\"center\">UM \u00cdCONE EM EXIBI\u00c7\u00c3O COMPLETA<\/p>\n<p align=\"center\">Se uma imagem vale mais que mil palavras, ent\u00e3o a Signature Edition j\u00e1 fez uma grande declara\u00e7\u00e3o em nossa comunidade. Espalhe a paix\u00e3o compartilhando a sua pr\u00f3pria<\/p>\n<div><img decoding=\"async\" class=\"detail-desc-decorate-image aligncenter\" src=\"\/wp-content\/uploads\/replace\/6074c9b81c01f6e442638b4fc53c64d5.png\" alt=\"Razer Viper Mini Signature Edition Mice\" \/><\/div>\n<\/div>\n<div class=\"detailmodule_text-image\" align=\"start\">\n<p class=\"detail-desc-decorate-content\" style=\"text-align: center\">1. 2 conjuntos de compressas para prepara\u00e7\u00e3o de \u00e1lcool<br \/>\n2. 1 conjunto de p\u00e9s de mouse PTFE<br \/>\n3. 1 conjunto de p\u00e9s de mouse Corning\u00ae Gorilla\u00ae Glass 3<br \/>\n4. 2 conjuntos de fita adesiva para mouse Razer<br \/>\n5. 1 pano de limpeza de microfibra<br \/>\n6. 1 edi\u00e7\u00e3o de assinatura Razer Viper Mini<br \/>\n7. 1 Dongle sem fio Razer HyperPolling para Razer Viper Mini Signature Edition<br \/>\n8. 1 cabo USB tipo A para USB tipo C Speedflex<\/p>\n<div><img decoding=\"async\" class=\"detail-desc-decorate-image aligncenter\" src=\"\/wp-content\/uploads\/replace\/94d9c6ed6602ccb43d627ab6feec3673.png\" alt=\"Razer Viper Mini Signature Edition Mice\" \/><\/div>\n<\/div>\n<div><\/div>\n<div><\/div>\n<div>\n<h3>especifica\u00e7\u00f5es<\/h3>\n<p class=\"detail-desc-decorate-content\" data-spm-anchor-id=\"a2g0o.detail.1000023.i1.2a842Khu2Khunq\">FATOR DE FORMA: Destro<br \/>\nCONECTIVIDADE:<br \/>\nRazer\u2122 HyperSpeed sem fio<br \/>\nCom fio \u2013 Cabo de carregamento Speedflex USB tipo C<br \/>\nVIDA \u00daTIL DA BATERIA:<br \/>\nAt\u00e9 60 horas em HyperSpeed Wireless a 1000 Hz<br \/>\nAt\u00e9 12 horas no HyperPolling Wireless a 8.000 Hz<br \/>\nSENSOR: Sensor \u00f3ptico Focus Pro 30K<br \/>\nSENSIBILIDADE M\u00c1XIMA (DPI):30000<br \/>\nVELOCIDADE M\u00c1XIMA (IPS):750<br \/>\nACELERA\u00c7\u00c3O M\u00c1XIMA (G):70<br \/>\nBOT\u00d5ES PROGRAM\u00c1VEIS: 5<br \/>\nTIPO DE INTERRUPTOR: Switches de mouse \u00f3ptico Gen-3<br \/>\nCICLO DE VIDA DO SWITCH: 90 milh\u00f5es de cliques<br \/>\nPERFIS DE MEM\u00d3RIA A BORDO: 1<br \/>\nP\u00c9S DE MOUSE: P\u00e9s de mouse 100% PTFE<br \/>\nCABO: Cabo de carregamento Speedflex USB tipo C<br \/>\nRODA DE ROLAGEM DE INCLINA\u00c7\u00c3O:Nenhum<\/p>\n<\/div>","protected":false},"excerpt":{"rendered":"<p>APPROXIMATE SIZE\uff1a<br \/>\nLength: 119 mm \/ 4.68 in<br \/>\nWidth: 62 mm \/ 2.44 in<br \/>\nHeight: 39 mm \/ 1.53 in<br \/>\nPESO APROXIMADO<br \/>\n49 g \/ 1.72 oz (Excluding cable)<\/p>","protected":false},"featured_media":27629,"template":"","meta":[],"product_brand":[1379],"product_cat":[1322,1331],"product_tag":[],"class_list":{"0":"post-27487","1":"product","2":"type-product","3":"status-publish","4":"has-post-thumbnail","6":"product_brand-razer","7":"product_cat-other-a-brands","8":"product_cat-razer-other-a-brands","10":"first","11":"instock","12":"shipping-taxable","13":"product-type-simple"},"aioseo_notices":[],"aioseo_head":"\n\t\t<!-- All in One SEO Pro 4.5.9.2 - aioseo.com -->\n\t\t<meta name=\"description\" content=\"APPROXIMATE SIZE\uff1a Length: 119 mm \/ 4.68 in Width: 62 mm \/ 2.44 in Height: 39 mm \/ 1.53 in APPROXIMATE WEIGHT 49 g \/ 1.72 oz (Excluding cable)\" \/>\n\t\t<meta name=\"robots\" content=\"max-image-preview:large\" \/>\n\t\t<link rel=\"canonical\" href=\"https:\/\/www.rucashk.com\/pt\/produto\/razer-viper-mini-signature-edition-mice\/\" \/>\n\t\t<meta name=\"generator\" content=\"All in One SEO Pro (AIOSEO) 4.5.9.2\" \/>\n\t\t<meta property=\"og:locale\" content=\"pt_PT\" \/>\n\t\t<meta property=\"og:site_name\" content=\"Rucas - One-stop AIoT Distribution Worldwide\" \/>\n\t\t<meta property=\"og:type\" content=\"article\" \/>\n\t\t<meta property=\"og:title\" content=\"Razer Viper Mini Signature Edition Mice - Rucas - Wholesale and Distribution\" \/>\n\t\t<meta property=\"og:description\" content=\"APPROXIMATE SIZE\uff1a Length: 119 mm \/ 4.68 in Width: 62 mm \/ 2.44 in Height: 39 mm \/ 1.53 in APPROXIMATE WEIGHT 49 g \/ 1.72 oz (Excluding cable)\" \/>\n\t\t<meta property=\"og:url\" content=\"https:\/\/www.rucashk.com\/pt\/produto\/razer-viper-mini-signature-edition-mice\/\" \/>\n\t\t<meta property=\"og:image\" content=\"https:\/\/www.rucashk.com\/wp-content\/uploads\/replace\/503b8e645f128a97ccde2b6290747646.jpeg\" \/>\n\t\t<meta property=\"og:image:secure_url\" content=\"https:\/\/www.rucashk.com\/wp-content\/uploads\/replace\/503b8e645f128a97ccde2b6290747646.jpeg\" \/>\n\t\t<meta property=\"og:image:width\" content=\"1456\" \/>\n\t\t<meta property=\"og:image:height\" content=\"816\" \/>\n\t\t<meta property=\"article:published_time\" content=\"2024-01-09T16:41:17+00:00\" \/>\n\t\t<meta property=\"article:modified_time\" content=\"2025-06-21T07:52:45+00:00\" \/>\n\t\t<meta name=\"twitter:card\" content=\"summary_large_image\" \/>\n\t\t<meta name=\"twitter:title\" content=\"Razer Viper Mini Signature Edition Mice - Rucas - Wholesale and Distribution\" \/>\n\t\t<meta name=\"twitter:description\" content=\"APPROXIMATE SIZE\uff1a Length: 119 mm \/ 4.68 in Width: 62 mm \/ 2.44 in Height: 39 mm \/ 1.53 in APPROXIMATE WEIGHT 49 g \/ 1.72 oz (Excluding cable)\" \/>\n\t\t<meta name=\"twitter:image\" content=\"https:\/\/www.rucashk.com\/wp-content\/uploads\/replace\/503b8e645f128a97ccde2b6290747646.jpeg\" \/>\n\t\t<script type=\"application\/ld+json\" class=\"aioseo-schema\">\n\t\t\t{\"@context\":\"https:\\\/\\\/schema.org\",\"@graph\":[{\"@type\":\"BreadcrumbList\",\"@id\":\"https:\\\/\\\/www.rucashk.com\\\/pt\\\/produto\\\/razer-viper-mini-signature-edition-mice\\\/#breadcrumblist\",\"itemListElement\":[{\"@type\":\"ListItem\",\"@id\":\"https:\\\/\\\/www.rucashk.com\\\/pt\\\/#listItem\",\"position\":1,\"name\":\"Home\",\"item\":\"https:\\\/\\\/www.rucashk.com\\\/pt\\\/\",\"nextItem\":\"https:\\\/\\\/www.rucashk.com\\\/pt\\\/produto\\\/razer-viper-mini-signature-edition-mice\\\/#listItem\"},{\"@type\":\"ListItem\",\"@id\":\"https:\\\/\\\/www.rucashk.com\\\/pt\\\/produto\\\/razer-viper-mini-signature-edition-mice\\\/#listItem\",\"position\":2,\"name\":\"Razer Viper Mini Signature Edition Mice\",\"previousItem\":\"https:\\\/\\\/www.rucashk.com\\\/pt\\\/#listItem\"}]},{\"@type\":\"Organization\",\"@id\":\"https:\\\/\\\/www.rucashk.com\\\/pt\\\/#organization\",\"name\":\"Rucas\",\"url\":\"https:\\\/\\\/www.rucashk.com\\\/pt\\\/\",\"logo\":{\"@type\":\"ImageObject\",\"url\":\"https:\\\/\\\/www.rucashk.com\\\/wp-content\\\/uploads\\\/2023\\\/12\\\/Rucas_campany_logo.png\",\"@id\":\"https:\\\/\\\/www.rucashk.com\\\/pt\\\/produto\\\/razer-viper-mini-signature-edition-mice\\\/#organizationLogo\",\"width\":221,\"height\":65},\"image\":{\"@id\":\"https:\\\/\\\/www.rucashk.com\\\/pt\\\/#organizationLogo\"}},{\"@type\":\"Person\",\"@id\":\"https:\\\/\\\/www.rucashk.com\\\/pt\\\/author\\\/admin\\\/#author\",\"url\":\"https:\\\/\\\/www.rucashk.com\\\/pt\\\/author\\\/admin\\\/\",\"name\":\"admin\",\"image\":{\"@type\":\"ImageObject\",\"@id\":\"https:\\\/\\\/www.rucashk.com\\\/pt\\\/produto\\\/razer-viper-mini-signature-edition-mice\\\/#authorImage\",\"url\":\"https:\\\/\\\/secure.gravatar.com\\\/avatar\\\/b7c8925b09a27e72b30232f8ecaadbd5af0f70a38c78096863fe51b64f031c24?s=96&d=mm&r=g\",\"width\":96,\"height\":96,\"caption\":\"admin\"}},{\"@type\":\"WebPage\",\"@id\":\"https:\\\/\\\/www.rucashk.com\\\/pt\\\/produto\\\/razer-viper-mini-signature-edition-mice\\\/#webpage\",\"url\":\"https:\\\/\\\/www.rucashk.com\\\/pt\\\/produto\\\/razer-viper-mini-signature-edition-mice\\\/\",\"name\":\"Razer Viper Mini Signature Edition Mice - Rucas - Wholesale and Distribution\",\"description\":\"APPROXIMATE SIZE\\uff1a Length: 119 mm \\\/ 4.68 in Width: 62 mm \\\/ 2.44 in Height: 39 mm \\\/ 1.53 in APPROXIMATE WEIGHT 49 g \\\/ 1.72 oz (Excluding cable)\",\"inLanguage\":\"pt-PT\",\"isPartOf\":{\"@id\":\"https:\\\/\\\/www.rucashk.com\\\/pt\\\/#website\"},\"breadcrumb\":{\"@id\":\"https:\\\/\\\/www.rucashk.com\\\/pt\\\/produto\\\/razer-viper-mini-signature-edition-mice\\\/#breadcrumblist\"},\"author\":{\"@id\":\"https:\\\/\\\/www.rucashk.com\\\/pt\\\/author\\\/admin\\\/#author\"},\"creator\":{\"@id\":\"https:\\\/\\\/www.rucashk.com\\\/pt\\\/author\\\/admin\\\/#author\"},\"image\":{\"@type\":\"ImageObject\",\"url\":\"https:\\\/\\\/www.rucashk.com\\\/wp-content\\\/uploads\\\/2024\\\/01\\\/10005-17.webp\",\"@id\":\"https:\\\/\\\/www.rucashk.com\\\/pt\\\/produto\\\/razer-viper-mini-signature-edition-mice\\\/#mainImage\",\"width\":640,\"height\":640},\"primaryImageOfPage\":{\"@id\":\"https:\\\/\\\/www.rucashk.com\\\/pt\\\/produto\\\/razer-viper-mini-signature-edition-mice\\\/#mainImage\"},\"datePublished\":\"2024-01-09T16:41:17+00:00\",\"dateModified\":\"2025-06-21T07:52:45+00:00\"},{\"@type\":\"WebSite\",\"@id\":\"https:\\\/\\\/www.rucashk.com\\\/pt\\\/#website\",\"url\":\"https:\\\/\\\/www.rucashk.com\\\/pt\\\/\",\"name\":\"Rucas - Wholesale and distribution worldwide\",\"alternateName\":\"Rucas - One-stop AIoT Distribution Worldwide\",\"description\":\"One-stop AIoT Distribution Worldwide\",\"inLanguage\":\"pt-PT\",\"publisher\":{\"@id\":\"https:\\\/\\\/www.rucashk.com\\\/pt\\\/#organization\"}}]}\n\t\t<\/script>\n\t\t<!-- All in One SEO Pro -->\r\n\t\t<title>Razer Viper Mini Signature Edition Mice - Rucas - Wholesale and Distribution<\/title>\n\n","aioseo_head_json":{"title":"Razer Viper Mini Signature Edition Mice - Rucas - Wholesale and Distribution","description":"APPROXIMATE SIZE\uff1a Length: 119 mm \/ 4.68 in Width: 62 mm \/ 2.44 in Height: 39 mm \/ 1.53 in APPROXIMATE WEIGHT 49 g \/ 1.72 oz (Excluding cable)","canonical_url":"https:\/\/www.rucashk.com\/pt\/produto\/razer-viper-mini-signature-edition-mice\/","robots":"max-image-preview:large","keywords":"","webmasterTools":{"miscellaneous":""},"og:locale":"pt_PT","og:site_name":"Rucas - One-stop AIoT Distribution Worldwide","og:type":"article","og:title":"Razer Viper Mini Signature Edition Mice - Rucas - Wholesale and Distribution","og:description":"APPROXIMATE SIZE\uff1a Length: 119 mm \/ 4.68 in Width: 62 mm \/ 2.44 in Height: 39 mm \/ 1.53 in APPROXIMATE WEIGHT 49 g \/ 1.72 oz (Excluding cable)","og:url":"https:\/\/www.rucashk.com\/pt\/produto\/razer-viper-mini-signature-edition-mice\/","og:image":"https:\/\/www.rucashk.com\/wp-content\/uploads\/replace\/503b8e645f128a97ccde2b6290747646.jpeg","og:image:secure_url":"https:\/\/www.rucashk.com\/wp-content\/uploads\/replace\/503b8e645f128a97ccde2b6290747646.jpeg","og:image:width":1456,"og:image:height":816,"article:published_time":"2024-01-09T16:41:17+00:00","article:modified_time":"2025-06-21T07:52:45+00:00","twitter:card":"summary_large_image","twitter:title":"Razer Viper Mini Signature Edition Mice - Rucas - Wholesale and Distribution","twitter:description":"APPROXIMATE SIZE\uff1a Length: 119 mm \/ 4.68 in Width: 62 mm \/ 2.44 in Height: 39 mm \/ 1.53 in APPROXIMATE WEIGHT 49 g \/ 1.72 oz (Excluding cable)","twitter:image":"https:\/\/www.rucashk.com\/wp-content\/uploads\/replace\/503b8e645f128a97ccde2b6290747646.jpeg","schema":{"@context":"https:\/\/schema.org","@graph":[{"@type":"BreadcrumbList","@id":"https:\/\/www.rucashk.com\/pt\/produto\/razer-viper-mini-signature-edition-mice\/#breadcrumblist","itemListElement":[{"@type":"ListItem","@id":"https:\/\/www.rucashk.com\/pt\/#listItem","position":1,"name":"Home","item":"https:\/\/www.rucashk.com\/pt\/","nextItem":"https:\/\/www.rucashk.com\/pt\/produto\/razer-viper-mini-signature-edition-mice\/#listItem"},{"@type":"ListItem","@id":"https:\/\/www.rucashk.com\/pt\/produto\/razer-viper-mini-signature-edition-mice\/#listItem","position":2,"name":"Razer Viper Mini Signature Edition Mice","previousItem":"https:\/\/www.rucashk.com\/pt\/#listItem"}]},{"@type":"Organization","@id":"https:\/\/www.rucashk.com\/pt\/#organization","name":"Rucas","url":"https:\/\/www.rucashk.com\/pt\/","logo":{"@type":"ImageObject","url":"https:\/\/www.rucashk.com\/wp-content\/uploads\/2023\/12\/Rucas_campany_logo.png","@id":"https:\/\/www.rucashk.com\/pt\/produto\/razer-viper-mini-signature-edition-mice\/#organizationLogo","width":221,"height":65},"image":{"@id":"https:\/\/www.rucashk.com\/pt\/#organizationLogo"}},{"@type":"Person","@id":"https:\/\/www.rucashk.com\/pt\/author\/admin\/#author","url":"https:\/\/www.rucashk.com\/pt\/author\/admin\/","name":"admin","image":{"@type":"ImageObject","@id":"https:\/\/www.rucashk.com\/pt\/produto\/razer-viper-mini-signature-edition-mice\/#authorImage","url":"https:\/\/secure.gravatar.com\/avatar\/b7c8925b09a27e72b30232f8ecaadbd5af0f70a38c78096863fe51b64f031c24?s=96&d=mm&r=g","width":96,"height":96,"caption":"admin"}},{"@type":"WebPage","@id":"https:\/\/www.rucashk.com\/pt\/produto\/razer-viper-mini-signature-edition-mice\/#webpage","url":"https:\/\/www.rucashk.com\/pt\/produto\/razer-viper-mini-signature-edition-mice\/","name":"Razer Viper Mini Signature Edition Mice - Rucas - Wholesale and Distribution","description":"APPROXIMATE SIZE\uff1a Length: 119 mm \/ 4.68 in Width: 62 mm \/ 2.44 in Height: 39 mm \/ 1.53 in APPROXIMATE WEIGHT 49 g \/ 1.72 oz (Excluding cable)","inLanguage":"pt-PT","isPartOf":{"@id":"https:\/\/www.rucashk.com\/pt\/#website"},"breadcrumb":{"@id":"https:\/\/www.rucashk.com\/pt\/produto\/razer-viper-mini-signature-edition-mice\/#breadcrumblist"},"author":{"@id":"https:\/\/www.rucashk.com\/pt\/author\/admin\/#author"},"creator":{"@id":"https:\/\/www.rucashk.com\/pt\/author\/admin\/#author"},"image":{"@type":"ImageObject","url":"https:\/\/www.rucashk.com\/wp-content\/uploads\/2024\/01\/10005-17.webp","@id":"https:\/\/www.rucashk.com\/pt\/produto\/razer-viper-mini-signature-edition-mice\/#mainImage","width":640,"height":640},"primaryImageOfPage":{"@id":"https:\/\/www.rucashk.com\/pt\/produto\/razer-viper-mini-signature-edition-mice\/#mainImage"},"datePublished":"2024-01-09T16:41:17+00:00","dateModified":"2025-06-21T07:52:45+00:00"},{"@type":"WebSite","@id":"https:\/\/www.rucashk.com\/pt\/#website","url":"https:\/\/www.rucashk.com\/pt\/","name":"Rucas - Wholesale and distribution worldwide","alternateName":"Rucas - One-stop AIoT Distribution Worldwide","description":"One-stop AIoT Distribution Worldwide","inLanguage":"pt-PT","publisher":{"@id":"https:\/\/www.rucashk.com\/pt\/#organization"}}]}},"aioseo_meta_data":{"post_id":"27487","title":null,"description":null,"keywords":null,"keyphrases":null,"primary_term":null,"canonical_url":null,"og_title":null,"og_description":null,"og_object_type":"default","og_image_type":"default","og_image_url":null,"og_image_width":null,"og_image_height":null,"og_image_custom_url":null,"og_image_custom_fields":null,"og_video":"","og_custom_url":null,"og_article_section":null,"og_article_tags":null,"twitter_use_og":false,"twitter_card":"default","twitter_image_type":"default","twitter_image_url":null,"twitter_image_custom_url":null,"twitter_image_custom_fields":null,"twitter_title":null,"twitter_description":null,"schema":{"blockGraphs":[],"customGraphs":[],"default":{"data":{"Article":[],"Course":[],"Dataset":[],"FAQPage":[],"Movie":[],"Person":[],"Product":[],"Recipe":[],"Service":[],"SoftwareApplication":[],"WebPage":[]},"graphName":"","isEnabled":true},"graphs":[]},"schema_type":"default","schema_type_options":null,"pillar_content":false,"robots_default":true,"robots_noindex":false,"robots_noarchive":false,"robots_nosnippet":false,"robots_nofollow":false,"robots_noimageindex":false,"robots_noodp":false,"robots_notranslate":false,"robots_max_snippet":"-1","robots_max_videopreview":"-1","robots_max_imagepreview":"large","priority":null,"frequency":"default","local_seo":null,"breadcrumb_settings":null,"limit_modified_date":false,"created":"2024-04-11 01:57:22","updated":"2025-06-22 18:37:55"},"aioseo_breadcrumb":"<div class=\"aioseo-breadcrumbs\"><span class=\"aioseo-breadcrumb\">\n\t<a href=\"https:\/\/www.rucashk.com\/pt\" title=\"Home\">Home<\/a>\n<\/span><span class=\"aioseo-breadcrumb-separator\">&raquo;<\/span><span class=\"aioseo-breadcrumb\">\n\t<a href=\"https:\/\/www.rucashk.com\/pt\/products\/\" title=\"Produtos\">Produtos<\/a>\n<\/span><span class=\"aioseo-breadcrumb-separator\">&raquo;<\/span><span class=\"aioseo-breadcrumb\">\n\t<a href=\"https:\/\/www.rucashk.com\/pt\/marca\/razer\/\" title=\"Razer\">Razer<\/a>\n<\/span><span class=\"aioseo-breadcrumb-separator\">&raquo;<\/span><span class=\"aioseo-breadcrumb\">\n\tRazer Viper Mini Signature Edition Mice\n<\/span><\/div>","aioseo_breadcrumb_json":[{"label":"Home","link":"https:\/\/www.rucashk.com\/pt"},{"label":"Produtos","link":"https:\/\/www.rucashk.com\/pt\/products\/"},{"label":"Razer","link":"https:\/\/www.rucashk.com\/pt\/marca\/razer\/"},{"label":"Razer Viper Mini Signature Edition Mice","link":"https:\/\/www.rucashk.com\/pt\/produto\/razer-viper-mini-signature-edition-mice\/"}],"_links":{"self":[{"href":"https:\/\/www.rucashk.com\/pt\/wp-json\/wp\/v2\/product\/27487","targetHints":{"allow":["GET"]}}],"collection":[{"href":"https:\/\/www.rucashk.com\/pt\/wp-json\/wp\/v2\/product"}],"about":[{"href":"https:\/\/www.rucashk.com\/pt\/wp-json\/wp\/v2\/types\/product"}],"wp:featuredmedia":[{"embeddable":true,"href":"https:\/\/www.rucashk.com\/pt\/wp-json\/wp\/v2\/media\/27629"}],"wp:attachment":[{"href":"https:\/\/www.rucashk.com\/pt\/wp-json\/wp\/v2\/media?parent=27487"}],"wp:term":[{"taxonomy":"product_brand","embeddable":true,"href":"https:\/\/www.rucashk.com\/pt\/wp-json\/wp\/v2\/product_brand?post=27487"},{"taxonomy":"product_cat","embeddable":true,"href":"https:\/\/www.rucashk.com\/pt\/wp-json\/wp\/v2\/product_cat?post=27487"},{"taxonomy":"product_tag","embeddable":true,"href":"https:\/\/www.rucashk.com\/pt\/wp-json\/wp\/v2\/product_tag?post=27487"}],"curies":[{"name":"wp","href":"https:\/\/api.w.org\/{rel}","templated":true}]}}