{"id":27486,"date":"2024-01-09T16:41:17","date_gmt":"2024-01-09T16:41:17","guid":{"rendered":"http:\/\/rucashk.com\/?post_type=product&#038;p=27486"},"modified":"2025-06-21T07:52:29","modified_gmt":"2025-06-21T07:52:29","slug":"razer-viper-v2-pro-pubg-battlegrounds-edition-mice","status":"publish","type":"product","link":"https:\/\/www.rucashk.com\/pt\/produto\/razer-viper-v2-pro-pubg-battlegrounds-edition-mice\/","title":{"rendered":"Ratos Razer Viper V2 Pro \u2013 PUBG: BATTLEGROUNDS Edition"},"content":{"rendered":"<p align=\"center\"><strong>Razer Viper V2 Pro \u2013 PUBG: Edi\u00e7\u00e3o BATTLEGROUNDS<\/strong><\/p>\n<p align=\"center\">Mouse esportivo sem fio ultraleve e ultrarr\u00e1pido<\/p>\n<p align=\"start\"><img decoding=\"async\" class=\"aligncenter\" src=\"\/wp-content\/uploads\/replace\/4414228778f4f8bc77e1278da7a6827e.jpeg\" alt=\"Razer Viper V2 Pro - PUBG: BATTLEGROUNDS Edition Mice\" \/><\/p>\n<p align=\"center\"><strong>PARA O PRO<\/strong><\/p>\n<p align=\"center\">Esports tem um novo predador de ponta, nossa evolu\u00e7\u00e3o mais recente \u00e9 mais do que 20% mais leve e equipada com atualiza\u00e7\u00f5es completas para melhor desempenho. Com um dos mouses para jogos sem fio mais leves de todos os tempos, nada o impede.<\/p>\n<p align=\"start\"><img decoding=\"async\" class=\"aligncenter\" src=\"\/wp-content\/uploads\/replace\/e60cc3af78aa4f6f575fe34cb55641cb.jpeg\" alt=\"Razer Viper V2 Pro - PUBG: BATTLEGROUNDS Edition Mice\" \/><\/p>\n<p align=\"center\"><strong>OTIMIZA\u00c7\u00d5ES ULTRA LEVES DE 58G<\/strong><\/p>\n<p align=\"start\"><img decoding=\"async\" class=\"aligncenter\" src=\"\/wp-content\/uploads\/replace\/1aa72be208c1b455c35bfa8e013fe3ab.jpeg\" alt=\"Razer Viper V2 Pro - PUBG: BATTLEGROUNDS Edition Mice\" \/><\/p>\n<p align=\"center\"><strong>SENSOR \u00d3PTICO RAZER FOCUS PRO 30K<\/strong><\/p>\n<p align=\"start\"><img decoding=\"async\" class=\"aligncenter\" src=\"\/wp-content\/uploads\/replace\/afefcf1f404e9d57b867f1fae2890613.jpeg\" alt=\"Razer Viper V2 Pro - PUBG: BATTLEGROUNDS Edition Mice\" \/><\/p>\n<p align=\"center\"><strong>RAZER \u00d3PTICO RAZER<\/strong><\/p>\n<p align=\"center\">INTERRUPTORES GEN-3<\/p>\n<p align=\"center\">Ciclo de vida de 90 milh\u00f5es de cliques sem problemas de clique duplo.<\/p>\n<p align=\"start\"><img decoding=\"async\" class=\"aligncenter\" src=\"\/wp-content\/uploads\/replace\/27870e7a7e8d62a85d22c140d957a5c8.jpeg\" alt=\"Razer Viper V2 Pro - PUBG: BATTLEGROUNDS Edition Mice\" \/><\/p>\n<p align=\"center\" data-spm-anchor-id=\"a2g0o.detail.1000023.i1.3be5sKymsKymQv\"><strong>RAZER HIPERVELOCIDADE SEM FIO<\/strong><\/p>\n<p align=\"center\">Experimente jogos ultrarr\u00e1pidos e de baixa lat\u00eancia com desempenho sem fio l\u00edder do setor,<\/p>\n<p align=\"start\"><img decoding=\"async\" class=\"aligncenter\" src=\"\/wp-content\/uploads\/replace\/a3b12b23afb5579a86f644979505bde5.jpeg\" alt=\"Razer Viper V2 Pro - PUBG: BATTLEGROUNDS Edition Mice\" \/><\/p>\n<p align=\"center\"><strong>AT\u00c9 80 HORAS<\/strong><\/p>\n<p align=\"center\">DA VIDA \u00daTIL DA BATERIA<\/p>\n<p align=\"center\">Aproveite uma quantidade absurda de jogos com um design recarreg\u00e1vel Tipo C.<\/p>\n<p align=\"start\"><img decoding=\"async\" class=\"aligncenter\" src=\"\/wp-content\/uploads\/replace\/c78fbad49e9de2b879caf2cd3bf77abb.jpeg\" alt=\"Razer Viper V2 Pro - PUBG: BATTLEGROUNDS Edition Mice\" \/><\/p>\n<p style=\"text-align: center\" align=\"start\">Dongle USB sem fio + adaptador de dongle USB<\/p>\n<p style=\"text-align: center\" align=\"start\">Cabo Speedflex Tipo A a Tipo C<\/p>\n<p align=\"start\"><img decoding=\"async\" class=\"aligncenter\" src=\"\/wp-content\/uploads\/replace\/cc505d2a42c67da7fb4db5618666de32.jpeg\" alt=\"Razer Viper V2 Pro - PUBG: BATTLEGROUNDS Edition Mice\" \/><\/p>\n<h4 class=\"specs-heading\">Especifica\u00e7\u00f5es<\/h4>\n<p align=\"start\">FATOR DE FORMA: Sim\u00e9trico para destros<\/p>\n<p align=\"start\">CONECTIVIDADE:<\/p>\n<p align=\"start\">Razer\u2122 HyperSpeed sem fio<\/p>\n<p align=\"start\">Com fio \u2013 Cabo Speedflex<\/p>\n<p align=\"start\">VIDA \u00daTIL DA BATERIA: At\u00e9 80 horas (movimento constante a 1000 Hz)<\/p>\n<p align=\"start\">SENSOR: Sensor \u00f3ptico Focus Pro 30K<\/p>\n<p align=\"start\">SENSIBILIDADE M\u00c1XIMA (DPI): 30000<\/p>\n<p align=\"start\">VELOCIDADE M\u00c1XIMA (IPS): 750<\/p>\n<p align=\"start\">ACELERA\u00c7\u00c3O M\u00c1XIMA (G): 70<\/p>\n<p align=\"start\">BOT\u00d5ES PROGRAM\u00c1VEIS: 5<\/p>\n<p align=\"start\">TIPO DE SWITCH: Switches de mouse \u00f3ptico Gen-3<\/p>\n<p align=\"start\">CICLO DE VIDA DO SWITCH: 90 milh\u00f5es de cliques<\/p>\n<p align=\"start\">PERFIS DE MEM\u00d3RIA A BORDO: 1<\/p>\n<p align=\"start\">P\u00c9S DO RATO: 100% PTFE<\/p>\n<p align=\"start\">CABO: Cabo Razer\u2122 Speedflex USB tipo C<\/p>","protected":false},"excerpt":{"rendered":"<p align=\"start\">TAMANHOS:<\/p>\n<p align=\"start\">Length: 126.7 mm \/ 4.99&#8243;<\/p>\n<p align=\"start\">Grip Width: 57.6 mm \/ 2.27&#8243;<\/p>\n<p align=\"start\" data-spm-anchor-id=\"a2g0o.detail.1000023.i7.3be5sKymsKymQv\">Height: 37.8 mm \/ 1.49&#8243;<\/p>\n<p align=\"start\">CONTE\u00daDO DA CAIXA:<\/p>\n<p align=\"start\">Razer Viper V2 Pro \u2013 PUBG: Edi\u00e7\u00e3o BATTLEGROUNDS<\/p>\n<p align=\"start\">Dongle USB sem fio + adaptador de dongle USB<\/p>\n<p align=\"start\">Cabo Speedflex Tipo A a Tipo C<\/p>\n<p align=\"start\" data-spm-anchor-id=\"a2g0o.detail.1000023.i5.3be5sKymsKymQv\">Guia de informa\u00e7\u00f5es importantes sobre o produto<\/p>","protected":false},"featured_media":27624,"template":"","meta":[],"product_brand":[1379],"product_cat":[1322,1331],"product_tag":[],"class_list":{"0":"post-27486","1":"product","2":"type-product","3":"status-publish","4":"has-post-thumbnail","6":"product_brand-razer","7":"product_cat-other-a-brands","8":"product_cat-razer-other-a-brands","10":"first","11":"instock","12":"shipping-taxable","13":"product-type-simple"},"aioseo_notices":[],"aioseo_head":"\n\t\t<!-- All in One SEO Pro 4.5.9.2 - aioseo.com -->\n\t\t<meta name=\"description\" content=\"SIZES : Length: 126.7 mm \/ 4.99&quot; Grip Width: 57.6 mm \/ 2.27&quot; Height: 37.8 mm \/ 1.49&quot; BOX CONTENTS : Razer Viper V2 Pro - PUBG: BATTLEGROUNDS Edition Wireless USB dongle + USB dongle adapter Type-A to Type-C Speedflex cable Important Product Information Guide\" \/>\n\t\t<meta name=\"robots\" content=\"max-image-preview:large\" \/>\n\t\t<link rel=\"canonical\" href=\"https:\/\/www.rucashk.com\/pt\/produto\/razer-viper-v2-pro-pubg-battlegrounds-edition-mice\/\" \/>\n\t\t<meta name=\"generator\" content=\"All in One SEO Pro (AIOSEO) 4.5.9.2\" \/>\n\t\t<meta property=\"og:locale\" content=\"pt_PT\" \/>\n\t\t<meta property=\"og:site_name\" content=\"Rucas - One-stop AIoT Distribution Worldwide\" \/>\n\t\t<meta property=\"og:type\" content=\"article\" \/>\n\t\t<meta property=\"og:title\" content=\"Razer Viper V2 Pro \u2013 PUBG: BATTLEGROUNDS Edition Mice - Rucas - Wholesale and Distribution\" \/>\n\t\t<meta property=\"og:description\" content=\"SIZES : Length: 126.7 mm \/ 4.99&quot; Grip Width: 57.6 mm \/ 2.27&quot; Height: 37.8 mm \/ 1.49&quot; BOX CONTENTS : Razer Viper V2 Pro - PUBG: BATTLEGROUNDS Edition Wireless USB dongle + USB dongle adapter Type-A to Type-C Speedflex cable Important Product Information Guide\" \/>\n\t\t<meta property=\"og:url\" content=\"https:\/\/www.rucashk.com\/pt\/produto\/razer-viper-v2-pro-pubg-battlegrounds-edition-mice\/\" \/>\n\t\t<meta property=\"og:image\" content=\"https:\/\/www.rucashk.com\/wp-content\/uploads\/replace\/503b8e645f128a97ccde2b6290747646.jpeg\" \/>\n\t\t<meta property=\"og:image:secure_url\" content=\"https:\/\/www.rucashk.com\/wp-content\/uploads\/replace\/503b8e645f128a97ccde2b6290747646.jpeg\" \/>\n\t\t<meta property=\"og:image:width\" content=\"1456\" \/>\n\t\t<meta property=\"og:image:height\" content=\"816\" \/>\n\t\t<meta property=\"article:published_time\" content=\"2024-01-09T16:41:17+00:00\" \/>\n\t\t<meta property=\"article:modified_time\" content=\"2025-06-21T07:52:29+00:00\" \/>\n\t\t<meta name=\"twitter:card\" content=\"summary_large_image\" \/>\n\t\t<meta name=\"twitter:title\" content=\"Razer Viper V2 Pro \u2013 PUBG: BATTLEGROUNDS Edition Mice - Rucas - Wholesale and Distribution\" \/>\n\t\t<meta name=\"twitter:description\" content=\"SIZES : Length: 126.7 mm \/ 4.99&quot; Grip Width: 57.6 mm \/ 2.27&quot; Height: 37.8 mm \/ 1.49&quot; BOX CONTENTS : Razer Viper V2 Pro - PUBG: BATTLEGROUNDS Edition Wireless USB dongle + USB dongle adapter Type-A to Type-C Speedflex cable Important Product Information Guide\" \/>\n\t\t<meta name=\"twitter:image\" content=\"https:\/\/www.rucashk.com\/wp-content\/uploads\/replace\/503b8e645f128a97ccde2b6290747646.jpeg\" \/>\n\t\t<script type=\"application\/ld+json\" class=\"aioseo-schema\">\n\t\t\t{\"@context\":\"https:\\\/\\\/schema.org\",\"@graph\":[{\"@type\":\"BreadcrumbList\",\"@id\":\"https:\\\/\\\/www.rucashk.com\\\/pt\\\/produto\\\/razer-viper-v2-pro-pubg-battlegrounds-edition-mice\\\/#breadcrumblist\",\"itemListElement\":[{\"@type\":\"ListItem\",\"@id\":\"https:\\\/\\\/www.rucashk.com\\\/pt\\\/#listItem\",\"position\":1,\"name\":\"Home\",\"item\":\"https:\\\/\\\/www.rucashk.com\\\/pt\\\/\",\"nextItem\":\"https:\\\/\\\/www.rucashk.com\\\/pt\\\/produto\\\/razer-viper-v2-pro-pubg-battlegrounds-edition-mice\\\/#listItem\"},{\"@type\":\"ListItem\",\"@id\":\"https:\\\/\\\/www.rucashk.com\\\/pt\\\/produto\\\/razer-viper-v2-pro-pubg-battlegrounds-edition-mice\\\/#listItem\",\"position\":2,\"name\":\"Razer Viper V2 Pro - PUBG: BATTLEGROUNDS Edition Mice\",\"previousItem\":\"https:\\\/\\\/www.rucashk.com\\\/pt\\\/#listItem\"}]},{\"@type\":\"Organization\",\"@id\":\"https:\\\/\\\/www.rucashk.com\\\/pt\\\/#organization\",\"name\":\"Rucas\",\"url\":\"https:\\\/\\\/www.rucashk.com\\\/pt\\\/\",\"logo\":{\"@type\":\"ImageObject\",\"url\":\"https:\\\/\\\/www.rucashk.com\\\/wp-content\\\/uploads\\\/2023\\\/12\\\/Rucas_campany_logo.png\",\"@id\":\"https:\\\/\\\/www.rucashk.com\\\/pt\\\/produto\\\/razer-viper-v2-pro-pubg-battlegrounds-edition-mice\\\/#organizationLogo\",\"width\":221,\"height\":65},\"image\":{\"@id\":\"https:\\\/\\\/www.rucashk.com\\\/pt\\\/#organizationLogo\"}},{\"@type\":\"Person\",\"@id\":\"https:\\\/\\\/www.rucashk.com\\\/pt\\\/author\\\/admin\\\/#author\",\"url\":\"https:\\\/\\\/www.rucashk.com\\\/pt\\\/author\\\/admin\\\/\",\"name\":\"admin\",\"image\":{\"@type\":\"ImageObject\",\"@id\":\"https:\\\/\\\/www.rucashk.com\\\/pt\\\/produto\\\/razer-viper-v2-pro-pubg-battlegrounds-edition-mice\\\/#authorImage\",\"url\":\"https:\\\/\\\/secure.gravatar.com\\\/avatar\\\/b7c8925b09a27e72b30232f8ecaadbd5af0f70a38c78096863fe51b64f031c24?s=96&d=mm&r=g\",\"width\":96,\"height\":96,\"caption\":\"admin\"}},{\"@type\":\"WebPage\",\"@id\":\"https:\\\/\\\/www.rucashk.com\\\/pt\\\/produto\\\/razer-viper-v2-pro-pubg-battlegrounds-edition-mice\\\/#webpage\",\"url\":\"https:\\\/\\\/www.rucashk.com\\\/pt\\\/produto\\\/razer-viper-v2-pro-pubg-battlegrounds-edition-mice\\\/\",\"name\":\"Razer Viper V2 Pro \\u2013 PUBG: BATTLEGROUNDS Edition Mice - Rucas - Wholesale and Distribution\",\"description\":\"SIZES : Length: 126.7 mm \\\/ 4.99\\\" Grip Width: 57.6 mm \\\/ 2.27\\\" Height: 37.8 mm \\\/ 1.49\\\" BOX CONTENTS : Razer Viper V2 Pro - PUBG: BATTLEGROUNDS Edition Wireless USB dongle + USB dongle adapter Type-A to Type-C Speedflex cable Important Product Information Guide\",\"inLanguage\":\"pt-PT\",\"isPartOf\":{\"@id\":\"https:\\\/\\\/www.rucashk.com\\\/pt\\\/#website\"},\"breadcrumb\":{\"@id\":\"https:\\\/\\\/www.rucashk.com\\\/pt\\\/produto\\\/razer-viper-v2-pro-pubg-battlegrounds-edition-mice\\\/#breadcrumblist\"},\"author\":{\"@id\":\"https:\\\/\\\/www.rucashk.com\\\/pt\\\/author\\\/admin\\\/#author\"},\"creator\":{\"@id\":\"https:\\\/\\\/www.rucashk.com\\\/pt\\\/author\\\/admin\\\/#author\"},\"image\":{\"@type\":\"ImageObject\",\"url\":\"https:\\\/\\\/www.rucashk.com\\\/wp-content\\\/uploads\\\/2024\\\/01\\\/10005-16.webp\",\"@id\":\"https:\\\/\\\/www.rucashk.com\\\/pt\\\/produto\\\/razer-viper-v2-pro-pubg-battlegrounds-edition-mice\\\/#mainImage\",\"width\":800,\"height\":800},\"primaryImageOfPage\":{\"@id\":\"https:\\\/\\\/www.rucashk.com\\\/pt\\\/produto\\\/razer-viper-v2-pro-pubg-battlegrounds-edition-mice\\\/#mainImage\"},\"datePublished\":\"2024-01-09T16:41:17+00:00\",\"dateModified\":\"2025-06-21T07:52:29+00:00\"},{\"@type\":\"WebSite\",\"@id\":\"https:\\\/\\\/www.rucashk.com\\\/pt\\\/#website\",\"url\":\"https:\\\/\\\/www.rucashk.com\\\/pt\\\/\",\"name\":\"Rucas - Wholesale and distribution worldwide\",\"alternateName\":\"Rucas - One-stop AIoT Distribution Worldwide\",\"description\":\"One-stop AIoT Distribution Worldwide\",\"inLanguage\":\"pt-PT\",\"publisher\":{\"@id\":\"https:\\\/\\\/www.rucashk.com\\\/pt\\\/#organization\"}}]}\n\t\t<\/script>\n\t\t<!-- All in One SEO Pro -->\r\n\t\t<title>Razer Viper V2 Pro \u2013 PUBG: BATTLEGROUNDS Edition Mice - Rucas - Wholesale and Distribution<\/title>\n\n","aioseo_head_json":{"title":"Razer Viper V2 Pro \u2013 PUBG: BATTLEGROUNDS Edition Mice - Rucas - Wholesale and Distribution","description":"SIZES : Length: 126.7 mm \/ 4.99\" Grip Width: 57.6 mm \/ 2.27\" Height: 37.8 mm \/ 1.49\" BOX CONTENTS : Razer Viper V2 Pro - PUBG: BATTLEGROUNDS Edition Wireless USB dongle + USB dongle adapter Type-A to Type-C Speedflex cable Important Product Information Guide","canonical_url":"https:\/\/www.rucashk.com\/pt\/produto\/razer-viper-v2-pro-pubg-battlegrounds-edition-mice\/","robots":"max-image-preview:large","keywords":"","webmasterTools":{"miscellaneous":""},"og:locale":"pt_PT","og:site_name":"Rucas - One-stop AIoT Distribution Worldwide","og:type":"article","og:title":"Razer Viper V2 Pro \u2013 PUBG: BATTLEGROUNDS Edition Mice - Rucas - Wholesale and Distribution","og:description":"SIZES : Length: 126.7 mm \/ 4.99&quot; Grip Width: 57.6 mm \/ 2.27&quot; Height: 37.8 mm \/ 1.49&quot; BOX CONTENTS : Razer Viper V2 Pro - PUBG: BATTLEGROUNDS Edition Wireless USB dongle + USB dongle adapter Type-A to Type-C Speedflex cable Important Product Information Guide","og:url":"https:\/\/www.rucashk.com\/pt\/produto\/razer-viper-v2-pro-pubg-battlegrounds-edition-mice\/","og:image":"https:\/\/www.rucashk.com\/wp-content\/uploads\/replace\/503b8e645f128a97ccde2b6290747646.jpeg","og:image:secure_url":"https:\/\/www.rucashk.com\/wp-content\/uploads\/replace\/503b8e645f128a97ccde2b6290747646.jpeg","og:image:width":1456,"og:image:height":816,"article:published_time":"2024-01-09T16:41:17+00:00","article:modified_time":"2025-06-21T07:52:29+00:00","twitter:card":"summary_large_image","twitter:title":"Razer Viper V2 Pro \u2013 PUBG: BATTLEGROUNDS Edition Mice - Rucas - Wholesale and Distribution","twitter:description":"SIZES : Length: 126.7 mm \/ 4.99&quot; Grip Width: 57.6 mm \/ 2.27&quot; Height: 37.8 mm \/ 1.49&quot; BOX CONTENTS : Razer Viper V2 Pro - PUBG: BATTLEGROUNDS Edition Wireless USB dongle + USB dongle adapter Type-A to Type-C Speedflex cable Important Product Information Guide","twitter:image":"https:\/\/www.rucashk.com\/wp-content\/uploads\/replace\/503b8e645f128a97ccde2b6290747646.jpeg","schema":{"@context":"https:\/\/schema.org","@graph":[{"@type":"BreadcrumbList","@id":"https:\/\/www.rucashk.com\/pt\/produto\/razer-viper-v2-pro-pubg-battlegrounds-edition-mice\/#breadcrumblist","itemListElement":[{"@type":"ListItem","@id":"https:\/\/www.rucashk.com\/pt\/#listItem","position":1,"name":"Home","item":"https:\/\/www.rucashk.com\/pt\/","nextItem":"https:\/\/www.rucashk.com\/pt\/produto\/razer-viper-v2-pro-pubg-battlegrounds-edition-mice\/#listItem"},{"@type":"ListItem","@id":"https:\/\/www.rucashk.com\/pt\/produto\/razer-viper-v2-pro-pubg-battlegrounds-edition-mice\/#listItem","position":2,"name":"Razer Viper V2 Pro - PUBG: BATTLEGROUNDS Edition Mice","previousItem":"https:\/\/www.rucashk.com\/pt\/#listItem"}]},{"@type":"Organization","@id":"https:\/\/www.rucashk.com\/pt\/#organization","name":"Rucas","url":"https:\/\/www.rucashk.com\/pt\/","logo":{"@type":"ImageObject","url":"https:\/\/www.rucashk.com\/wp-content\/uploads\/2023\/12\/Rucas_campany_logo.png","@id":"https:\/\/www.rucashk.com\/pt\/produto\/razer-viper-v2-pro-pubg-battlegrounds-edition-mice\/#organizationLogo","width":221,"height":65},"image":{"@id":"https:\/\/www.rucashk.com\/pt\/#organizationLogo"}},{"@type":"Person","@id":"https:\/\/www.rucashk.com\/pt\/author\/admin\/#author","url":"https:\/\/www.rucashk.com\/pt\/author\/admin\/","name":"admin","image":{"@type":"ImageObject","@id":"https:\/\/www.rucashk.com\/pt\/produto\/razer-viper-v2-pro-pubg-battlegrounds-edition-mice\/#authorImage","url":"https:\/\/secure.gravatar.com\/avatar\/b7c8925b09a27e72b30232f8ecaadbd5af0f70a38c78096863fe51b64f031c24?s=96&d=mm&r=g","width":96,"height":96,"caption":"admin"}},{"@type":"WebPage","@id":"https:\/\/www.rucashk.com\/pt\/produto\/razer-viper-v2-pro-pubg-battlegrounds-edition-mice\/#webpage","url":"https:\/\/www.rucashk.com\/pt\/produto\/razer-viper-v2-pro-pubg-battlegrounds-edition-mice\/","name":"Razer Viper V2 Pro \u2013 PUBG: BATTLEGROUNDS Edition Mice - Rucas - Wholesale and Distribution","description":"SIZES : Length: 126.7 mm \/ 4.99\" Grip Width: 57.6 mm \/ 2.27\" Height: 37.8 mm \/ 1.49\" BOX CONTENTS : Razer Viper V2 Pro - PUBG: BATTLEGROUNDS Edition Wireless USB dongle + USB dongle adapter Type-A to Type-C Speedflex cable Important Product Information Guide","inLanguage":"pt-PT","isPartOf":{"@id":"https:\/\/www.rucashk.com\/pt\/#website"},"breadcrumb":{"@id":"https:\/\/www.rucashk.com\/pt\/produto\/razer-viper-v2-pro-pubg-battlegrounds-edition-mice\/#breadcrumblist"},"author":{"@id":"https:\/\/www.rucashk.com\/pt\/author\/admin\/#author"},"creator":{"@id":"https:\/\/www.rucashk.com\/pt\/author\/admin\/#author"},"image":{"@type":"ImageObject","url":"https:\/\/www.rucashk.com\/wp-content\/uploads\/2024\/01\/10005-16.webp","@id":"https:\/\/www.rucashk.com\/pt\/produto\/razer-viper-v2-pro-pubg-battlegrounds-edition-mice\/#mainImage","width":800,"height":800},"primaryImageOfPage":{"@id":"https:\/\/www.rucashk.com\/pt\/produto\/razer-viper-v2-pro-pubg-battlegrounds-edition-mice\/#mainImage"},"datePublished":"2024-01-09T16:41:17+00:00","dateModified":"2025-06-21T07:52:29+00:00"},{"@type":"WebSite","@id":"https:\/\/www.rucashk.com\/pt\/#website","url":"https:\/\/www.rucashk.com\/pt\/","name":"Rucas - Wholesale and distribution worldwide","alternateName":"Rucas - One-stop AIoT Distribution Worldwide","description":"One-stop AIoT Distribution Worldwide","inLanguage":"pt-PT","publisher":{"@id":"https:\/\/www.rucashk.com\/pt\/#organization"}}]}},"aioseo_meta_data":{"post_id":"27486","title":null,"description":null,"keywords":null,"keyphrases":null,"primary_term":null,"canonical_url":null,"og_title":null,"og_description":null,"og_object_type":"default","og_image_type":"default","og_image_url":null,"og_image_width":null,"og_image_height":null,"og_image_custom_url":null,"og_image_custom_fields":null,"og_video":"","og_custom_url":null,"og_article_section":null,"og_article_tags":null,"twitter_use_og":false,"twitter_card":"default","twitter_image_type":"default","twitter_image_url":null,"twitter_image_custom_url":null,"twitter_image_custom_fields":null,"twitter_title":null,"twitter_description":null,"schema":{"blockGraphs":[],"customGraphs":[],"default":{"data":{"Article":[],"Course":[],"Dataset":[],"FAQPage":[],"Movie":[],"Person":[],"Product":[],"Recipe":[],"Service":[],"SoftwareApplication":[],"WebPage":[]},"graphName":"","isEnabled":true},"graphs":[]},"schema_type":"default","schema_type_options":null,"pillar_content":false,"robots_default":true,"robots_noindex":false,"robots_noarchive":false,"robots_nosnippet":false,"robots_nofollow":false,"robots_noimageindex":false,"robots_noodp":false,"robots_notranslate":false,"robots_max_snippet":"-1","robots_max_videopreview":"-1","robots_max_imagepreview":"large","priority":null,"frequency":"default","local_seo":null,"breadcrumb_settings":null,"limit_modified_date":false,"created":"2024-04-11 01:57:22","updated":"2025-06-22 18:37:55"},"aioseo_breadcrumb":"<div class=\"aioseo-breadcrumbs\"><span class=\"aioseo-breadcrumb\">\n\t<a href=\"https:\/\/www.rucashk.com\/pt\" title=\"Home\">Home<\/a>\n<\/span><span class=\"aioseo-breadcrumb-separator\">&raquo;<\/span><span class=\"aioseo-breadcrumb\">\n\t<a href=\"https:\/\/www.rucashk.com\/pt\/products\/\" title=\"Produtos\">Produtos<\/a>\n<\/span><span class=\"aioseo-breadcrumb-separator\">&raquo;<\/span><span class=\"aioseo-breadcrumb\">\n\t<a href=\"https:\/\/www.rucashk.com\/pt\/marca\/razer\/\" title=\"Razer\">Razer<\/a>\n<\/span><span class=\"aioseo-breadcrumb-separator\">&raquo;<\/span><span class=\"aioseo-breadcrumb\">\n\tRazer Viper V2 Pro \u2013 PUBG: BATTLEGROUNDS Edition Mice\n<\/span><\/div>","aioseo_breadcrumb_json":[{"label":"Home","link":"https:\/\/www.rucashk.com\/pt"},{"label":"Produtos","link":"https:\/\/www.rucashk.com\/pt\/products\/"},{"label":"Razer","link":"https:\/\/www.rucashk.com\/pt\/marca\/razer\/"},{"label":"Razer Viper V2 Pro &#8211; PUBG: BATTLEGROUNDS Edition Mice","link":"https:\/\/www.rucashk.com\/pt\/produto\/razer-viper-v2-pro-pubg-battlegrounds-edition-mice\/"}],"_links":{"self":[{"href":"https:\/\/www.rucashk.com\/pt\/wp-json\/wp\/v2\/product\/27486","targetHints":{"allow":["GET"]}}],"collection":[{"href":"https:\/\/www.rucashk.com\/pt\/wp-json\/wp\/v2\/product"}],"about":[{"href":"https:\/\/www.rucashk.com\/pt\/wp-json\/wp\/v2\/types\/product"}],"wp:featuredmedia":[{"embeddable":true,"href":"https:\/\/www.rucashk.com\/pt\/wp-json\/wp\/v2\/media\/27624"}],"wp:attachment":[{"href":"https:\/\/www.rucashk.com\/pt\/wp-json\/wp\/v2\/media?parent=27486"}],"wp:term":[{"taxonomy":"product_brand","embeddable":true,"href":"https:\/\/www.rucashk.com\/pt\/wp-json\/wp\/v2\/product_brand?post=27486"},{"taxonomy":"product_cat","embeddable":true,"href":"https:\/\/www.rucashk.com\/pt\/wp-json\/wp\/v2\/product_cat?post=27486"},{"taxonomy":"product_tag","embeddable":true,"href":"https:\/\/www.rucashk.com\/pt\/wp-json\/wp\/v2\/product_tag?post=27486"}],"curies":[{"name":"wp","href":"https:\/\/api.w.org\/{rel}","templated":true}]}}