{"id":27485,"date":"2024-01-09T16:41:17","date_gmt":"2024-01-09T16:41:17","guid":{"rendered":"http:\/\/rucashk.com\/?post_type=product&#038;p=27485"},"modified":"2025-06-21T07:52:18","modified_gmt":"2025-06-21T07:52:18","slug":"logitech-c920s-pro-hd-webcam-webcams","status":"publish","type":"product","link":"https:\/\/www.rucashk.com\/pt\/produto\/logitech-c920s-pro-hd-webcam-webcams\/","title":{"rendered":"Webcams Logitech C920s PRO HD WEBCAM"},"content":{"rendered":"<h2 class=\"body-copy-title font-title-l font-brown-bold dc-black tc-black mc-black\" style=\"text-align: center\">CHAMADAS DE V\u00cdDEO COM CLAREZA FULL HD<\/h2>\n<p style=\"text-align: center\">A C920s oferece v\u00eddeo Full HD incrivelmente n\u00edtido e detalhado (1080p a 30fps) com lente de vidro Full HD, campo de vis\u00e3o de 78\u00b0 e corre\u00e7\u00e3o autom\u00e1tica de luz HD, al\u00e9m de microfones duplos para som est\u00e9reo n\u00edtido. Tudo o que voc\u00ea precisa para ter uma \u00f3tima apar\u00eancia em teleconfer\u00eancias e gravar demonstra\u00e7\u00f5es sofisticadas. O obturador de privacidade acopl\u00e1vel protege a lente e mant\u00e9m sua privacidade quando voc\u00ea precisar.<\/p>\n<p><img fetchpriority=\"high\" decoding=\"async\" class=\"wp-image-36062 aligncenter\" src=\"\/wp-content\/uploads\/replace\/44cd52f7f492169801a91059a5c66d02.png\" alt=\"Logitech C920s PRO HD WEBCAM Webcams\" width=\"858\" height=\"386\" \/><\/p>\n<p>&nbsp;<\/p>\n<h2 class=\"font-title-m js-title\" style=\"text-align: center\">\u00d3TIMAS CHAMADAS DE V\u00cdDEO. PRIVACIDADE INCLU\u00cdDA.<\/h2>\n<div class=\"body-copy-ctn js-body-copy-ctn rte-field\">\n<p style=\"text-align: center\">Cause uma forte impress\u00e3o em suas chamadas de videoconfer\u00eancia com um campo de vis\u00e3o diagonal fixo de 78\u00b0 para enquadrar voc\u00ea e seu espa\u00e7o perfeitamente, al\u00e9m de Full HD a 1080p\/30fps ou 720p\/30fps. A lente de vidro de cinco elementos captura imagens n\u00edtidas e cores claras, enquanto o foco autom\u00e1tico se ajusta de maneira suave e precisa para defini\u00e7\u00e3o consistente e v\u00eddeo fluido. Feche o obturador de privacidade quando quiser ficar fora da c\u00e2mera.<\/p>\n<\/div>\n<p>&nbsp;<\/p>\n<p><img decoding=\"async\" class=\"wp-image-36063 aligncenter\" src=\"\/wp-content\/uploads\/replace\/01244f299661a68a9ffce2fc23031573.png\" alt=\"Logitech C920s PRO HD WEBCAM Webcams\" width=\"858\" height=\"372\" \/><\/p>\n<p>&nbsp;<\/p>\n<h2 class=\"body-copy-title font-title-m font-brown-bold\" style=\"text-align: center\">MIC DUPLO<br \/>\n\u00c1UDIO EST\u00c9REO<\/h2>\n<p style=\"text-align: center\">Dois microfones, um de cada lado da c\u00e2mera, capturam um som mais realista de uma ampla variedade de \u00e2ngulos, para que sua voz soe natural e clara em chamadas em confer\u00eancia.<\/p>\n<p>&nbsp;<\/p>\n<p><img decoding=\"async\" class=\"wp-image-36064 aligncenter\" src=\"\/wp-content\/uploads\/replace\/7a4005dbe8112a371e06dac9b6ff20f3.png\" alt=\"Logitech C920s PRO HD WEBCAM Webcams\" width=\"856\" height=\"485\" \/><\/p>\n<p>&nbsp;<\/p>\n<h2 class=\"body-copy-title font-title-m font-brown-bold\" style=\"text-align: center\">V\u00cdDEO REUNI\u00c3O MAESTRO<\/h2>\n<p style=\"text-align: center\">Escolha como voc\u00ea aparecer\u00e1 nas videochamadas. Use o software de webcam Logi Tune para ajustar configura\u00e7\u00f5es como zoom e campo de vis\u00e3o para se apresentar da melhor maneira poss\u00edvel. Mantenha sua webcam atualizada e participe de reuni\u00f5es com apenas um clique.<\/p>\n<p>&nbsp;<\/p>\n<p><img loading=\"lazy\" decoding=\"async\" class=\"wp-image-36065 aligncenter\" src=\"\/wp-content\/uploads\/replace\/8737460bdbeba6056b688d018e959ae2.png\" alt=\"Logitech C920s PRO HD WEBCAM Webcams\" width=\"855\" height=\"556\" \/><\/p>\n<p>&nbsp;<\/p>\n<h2 class=\"body-copy-title font-title-m font-brown-bold\" style=\"text-align: center\">ECOSSISTEMA DE ENGRENAGEM \u00d3TIMO<\/h2>\n<p style=\"text-align: center\">O software Logitech G HUB oferece um portal \u00fanico para otimizar e personalizar todos os seus equipamentos Logitech G suportados: mouses, teclados, fones de ouvido, alto-falantes e webcams.<\/p>\n<p>&nbsp;<\/p>\n<p><img loading=\"lazy\" decoding=\"async\" class=\"wp-image-36066 aligncenter\" src=\"\/wp-content\/uploads\/replace\/06a9e38957a6ede10c6e320027514f18.png\" alt=\"Logitech C920s PRO HD WEBCAM Webcams\" width=\"854\" height=\"481\" \/><\/p>\n<p>&nbsp;<\/p>\n<h2 class=\"font-title-m js-title\" style=\"text-align: center\">LENTE DE VIDRO HD COM TAMPA DE PRIVACIDADE<\/h2>\n<div class=\"body-copy-ctn js-body-copy-ctn rte-field\">\n<p style=\"text-align: center\">A lente de vidro full HD de cinco elementos e o foco autom\u00e1tico premium capturam imagens n\u00edtidas e claras, ajustando-se de maneira suave e precisa para fornecer alta defini\u00e7\u00e3o consistente em chamadas em confer\u00eancia. Uma conveniente capa de privacidade protege a lente e a sua privacidade.<\/p>\n<\/div>\n<p><img loading=\"lazy\" decoding=\"async\" class=\"wp-image-36067 aligncenter\" src=\"\/wp-content\/uploads\/replace\/246845276b25164af24a4b65b0ed78fd.png\" alt=\"Logitech C920s PRO HD WEBCAM Webcams\" width=\"853\" height=\"523\" \/><\/p>\n<p>&nbsp;<\/p>\n<p>&nbsp;<\/p>\n<h4 class=\"specs-heading\">Especifica\u00e7\u00f5es<\/h4>\n<div class=\"specs-column\">\n<div class=\"specs-group\">\n<div class=\"specs-block\">\n<div class=\"specs-description\"><strong>Resolu\u00e7\u00e3o m\u00e1xima<\/strong>: 1080p\/30 fps \u2013 720p\/30 fps<\/div>\n<\/div>\n<div class=\"specs-block\">\n<div class=\"specs-description\"><strong>C\u00e2mera mega pixel<\/strong>: 3<\/div>\n<\/div>\n<div class=\"specs-block\">\n<div class=\"specs-description\"><strong>Tipo de foco<\/strong>: Auto-foco<\/div>\n<\/div>\n<div class=\"specs-block\">\n<div class=\"specs-description\"><strong>Tipo de lente<\/strong>: Vidro<\/div>\n<\/div>\n<div class=\"specs-block\">\n<div class=\"specs-description\"><strong>Microfone embutido<\/strong>: Est\u00e9reo<\/div>\n<\/div>\n<div class=\"specs-block\">\n<div class=\"specs-description\"><strong>Alcance do microfone<\/strong>: At\u00e9 1 metro<\/div>\n<\/div>\n<div class=\"specs-block\">\n<div class=\"specs-description\"><strong>Campo de vis\u00e3o diagonal (dFoV)<\/strong>: 78\u00b0<\/div>\n<\/div>\n<div class=\"specs-block\">\n<div class=\"specs-description\"><strong>Zoom digital<\/strong>: 1,2x<\/div>\n<\/div>\n<div class=\"specs-block\">\n<div class=\"specs-description\">O clipe de montagem universal pronto para trip\u00e9 cabe em laptops, LCD ou monitores<\/div>\n<\/div>\n<\/div>\n<\/div>","protected":false},"excerpt":{"rendered":"<h5 class=\"specs-title\">Dimens\u00f5es incluindo clipe de montagem fixo<\/h5>\n<ul class=\"specs-description-list\">\n<li><strong>Altura<\/strong>: 43,3 mm<\/li>\n<li><strong>Largura<\/strong>: 94mm<\/li>\n<li><strong>Profundidade<\/strong>: 71mm<\/li>\n<li><strong>Comprimento do cabo<\/strong>: 1,5m<\/li>\n<li><strong>Peso<\/strong>: 162g<\/li>\n<\/ul>","protected":false},"featured_media":27620,"template":"","meta":[],"product_brand":[1380],"product_cat":[1332,1322],"product_tag":[],"class_list":{"0":"post-27485","1":"product","2":"type-product","3":"status-publish","4":"has-post-thumbnail","6":"product_brand-logitech","7":"product_cat-logitech-other-a-brands","8":"product_cat-other-a-brands","10":"first","11":"instock","12":"shipping-taxable","13":"product-type-simple"},"aioseo_notices":[],"aioseo_head":"\n\t\t<!-- All in One SEO Pro 4.5.9.2 - aioseo.com -->\n\t\t<meta name=\"description\" content=\"Dimensions including fixed mounting clip Height: 43.3 mm Width: 94 mm Depth: 71 mm Cable length: 1.5 m Weight: 162 g\" \/>\n\t\t<meta name=\"robots\" content=\"max-image-preview:large\" \/>\n\t\t<link rel=\"canonical\" href=\"https:\/\/www.rucashk.com\/pt\/produto\/logitech-c920s-pro-hd-webcam-webcams\/\" \/>\n\t\t<meta name=\"generator\" content=\"All in One SEO Pro (AIOSEO) 4.5.9.2\" \/>\n\t\t<meta property=\"og:locale\" content=\"pt_PT\" \/>\n\t\t<meta property=\"og:site_name\" content=\"Rucas - One-stop AIoT Distribution Worldwide\" \/>\n\t\t<meta property=\"og:type\" content=\"article\" \/>\n\t\t<meta property=\"og:title\" content=\"Logitech C920s PRO HD WEBCAM Webcams - Rucas - Wholesale and Distribution\" \/>\n\t\t<meta property=\"og:description\" content=\"Dimensions including fixed mounting clip Height: 43.3 mm Width: 94 mm Depth: 71 mm Cable length: 1.5 m Weight: 162 g\" \/>\n\t\t<meta property=\"og:url\" content=\"https:\/\/www.rucashk.com\/pt\/produto\/logitech-c920s-pro-hd-webcam-webcams\/\" \/>\n\t\t<meta property=\"og:image\" content=\"https:\/\/www.rucashk.com\/wp-content\/uploads\/replace\/503b8e645f128a97ccde2b6290747646.jpeg\" \/>\n\t\t<meta property=\"og:image:secure_url\" content=\"https:\/\/www.rucashk.com\/wp-content\/uploads\/replace\/503b8e645f128a97ccde2b6290747646.jpeg\" \/>\n\t\t<meta property=\"og:image:width\" content=\"1456\" \/>\n\t\t<meta property=\"og:image:height\" content=\"816\" \/>\n\t\t<meta property=\"article:published_time\" content=\"2024-01-09T16:41:17+00:00\" \/>\n\t\t<meta property=\"article:modified_time\" content=\"2025-06-21T07:52:18+00:00\" \/>\n\t\t<meta name=\"twitter:card\" content=\"summary_large_image\" \/>\n\t\t<meta name=\"twitter:title\" content=\"Logitech C920s PRO HD WEBCAM Webcams - Rucas - Wholesale and Distribution\" \/>\n\t\t<meta name=\"twitter:description\" content=\"Dimensions including fixed mounting clip Height: 43.3 mm Width: 94 mm Depth: 71 mm Cable length: 1.5 m Weight: 162 g\" \/>\n\t\t<meta name=\"twitter:image\" content=\"https:\/\/www.rucashk.com\/wp-content\/uploads\/replace\/503b8e645f128a97ccde2b6290747646.jpeg\" \/>\n\t\t<script type=\"application\/ld+json\" class=\"aioseo-schema\">\n\t\t\t{\"@context\":\"https:\\\/\\\/schema.org\",\"@graph\":[{\"@type\":\"BreadcrumbList\",\"@id\":\"https:\\\/\\\/www.rucashk.com\\\/pt\\\/produto\\\/logitech-c920s-pro-hd-webcam-webcams\\\/#breadcrumblist\",\"itemListElement\":[{\"@type\":\"ListItem\",\"@id\":\"https:\\\/\\\/www.rucashk.com\\\/pt\\\/#listItem\",\"position\":1,\"name\":\"Home\",\"item\":\"https:\\\/\\\/www.rucashk.com\\\/pt\\\/\",\"nextItem\":\"https:\\\/\\\/www.rucashk.com\\\/pt\\\/produto\\\/logitech-c920s-pro-hd-webcam-webcams\\\/#listItem\"},{\"@type\":\"ListItem\",\"@id\":\"https:\\\/\\\/www.rucashk.com\\\/pt\\\/produto\\\/logitech-c920s-pro-hd-webcam-webcams\\\/#listItem\",\"position\":2,\"name\":\"Logitech C920s PRO HD WEBCAM Webcams\",\"previousItem\":\"https:\\\/\\\/www.rucashk.com\\\/pt\\\/#listItem\"}]},{\"@type\":\"Organization\",\"@id\":\"https:\\\/\\\/www.rucashk.com\\\/pt\\\/#organization\",\"name\":\"Rucas\",\"url\":\"https:\\\/\\\/www.rucashk.com\\\/pt\\\/\",\"logo\":{\"@type\":\"ImageObject\",\"url\":\"https:\\\/\\\/www.rucashk.com\\\/wp-content\\\/uploads\\\/2023\\\/12\\\/Rucas_campany_logo.png\",\"@id\":\"https:\\\/\\\/www.rucashk.com\\\/pt\\\/produto\\\/logitech-c920s-pro-hd-webcam-webcams\\\/#organizationLogo\",\"width\":221,\"height\":65},\"image\":{\"@id\":\"https:\\\/\\\/www.rucashk.com\\\/pt\\\/#organizationLogo\"}},{\"@type\":\"Person\",\"@id\":\"https:\\\/\\\/www.rucashk.com\\\/pt\\\/author\\\/admin\\\/#author\",\"url\":\"https:\\\/\\\/www.rucashk.com\\\/pt\\\/author\\\/admin\\\/\",\"name\":\"admin\",\"image\":{\"@type\":\"ImageObject\",\"@id\":\"https:\\\/\\\/www.rucashk.com\\\/pt\\\/produto\\\/logitech-c920s-pro-hd-webcam-webcams\\\/#authorImage\",\"url\":\"https:\\\/\\\/secure.gravatar.com\\\/avatar\\\/b7c8925b09a27e72b30232f8ecaadbd5af0f70a38c78096863fe51b64f031c24?s=96&d=mm&r=g\",\"width\":96,\"height\":96,\"caption\":\"admin\"}},{\"@type\":\"WebPage\",\"@id\":\"https:\\\/\\\/www.rucashk.com\\\/pt\\\/produto\\\/logitech-c920s-pro-hd-webcam-webcams\\\/#webpage\",\"url\":\"https:\\\/\\\/www.rucashk.com\\\/pt\\\/produto\\\/logitech-c920s-pro-hd-webcam-webcams\\\/\",\"name\":\"Logitech C920s PRO HD WEBCAM Webcams - Rucas - Wholesale and Distribution\",\"description\":\"Dimensions including fixed mounting clip Height: 43.3 mm Width: 94 mm Depth: 71 mm Cable length: 1.5 m Weight: 162 g\",\"inLanguage\":\"pt-PT\",\"isPartOf\":{\"@id\":\"https:\\\/\\\/www.rucashk.com\\\/pt\\\/#website\"},\"breadcrumb\":{\"@id\":\"https:\\\/\\\/www.rucashk.com\\\/pt\\\/produto\\\/logitech-c920s-pro-hd-webcam-webcams\\\/#breadcrumblist\"},\"author\":{\"@id\":\"https:\\\/\\\/www.rucashk.com\\\/pt\\\/author\\\/admin\\\/#author\"},\"creator\":{\"@id\":\"https:\\\/\\\/www.rucashk.com\\\/pt\\\/author\\\/admin\\\/#author\"},\"image\":{\"@type\":\"ImageObject\",\"url\":\"https:\\\/\\\/www.rucashk.com\\\/wp-content\\\/uploads\\\/2024\\\/01\\\/10001-21.webp\",\"@id\":\"https:\\\/\\\/www.rucashk.com\\\/pt\\\/produto\\\/logitech-c920s-pro-hd-webcam-webcams\\\/#mainImage\",\"width\":800,\"height\":800},\"primaryImageOfPage\":{\"@id\":\"https:\\\/\\\/www.rucashk.com\\\/pt\\\/produto\\\/logitech-c920s-pro-hd-webcam-webcams\\\/#mainImage\"},\"datePublished\":\"2024-01-09T16:41:17+00:00\",\"dateModified\":\"2025-06-21T07:52:18+00:00\"},{\"@type\":\"WebSite\",\"@id\":\"https:\\\/\\\/www.rucashk.com\\\/pt\\\/#website\",\"url\":\"https:\\\/\\\/www.rucashk.com\\\/pt\\\/\",\"name\":\"Rucas - Wholesale and distribution worldwide\",\"alternateName\":\"Rucas - One-stop AIoT Distribution Worldwide\",\"description\":\"One-stop AIoT Distribution Worldwide\",\"inLanguage\":\"pt-PT\",\"publisher\":{\"@id\":\"https:\\\/\\\/www.rucashk.com\\\/pt\\\/#organization\"}}]}\n\t\t<\/script>\n\t\t<!-- All in One SEO Pro -->\r\n\t\t<title>Logitech C920s PRO HD WEBCAM Webcams - Rucas - Wholesale and Distribution<\/title>\n\n","aioseo_head_json":{"title":"Logitech C920s PRO HD WEBCAM Webcams - Rucas - Wholesale and Distribution","description":"Dimensions including fixed mounting clip Height: 43.3 mm Width: 94 mm Depth: 71 mm Cable length: 1.5 m Weight: 162 g","canonical_url":"https:\/\/www.rucashk.com\/pt\/produto\/logitech-c920s-pro-hd-webcam-webcams\/","robots":"max-image-preview:large","keywords":"","webmasterTools":{"miscellaneous":""},"og:locale":"pt_PT","og:site_name":"Rucas - One-stop AIoT Distribution Worldwide","og:type":"article","og:title":"Logitech C920s PRO HD WEBCAM Webcams - Rucas - Wholesale and Distribution","og:description":"Dimensions including fixed mounting clip Height: 43.3 mm Width: 94 mm Depth: 71 mm Cable length: 1.5 m Weight: 162 g","og:url":"https:\/\/www.rucashk.com\/pt\/produto\/logitech-c920s-pro-hd-webcam-webcams\/","og:image":"https:\/\/www.rucashk.com\/wp-content\/uploads\/replace\/503b8e645f128a97ccde2b6290747646.jpeg","og:image:secure_url":"https:\/\/www.rucashk.com\/wp-content\/uploads\/replace\/503b8e645f128a97ccde2b6290747646.jpeg","og:image:width":1456,"og:image:height":816,"article:published_time":"2024-01-09T16:41:17+00:00","article:modified_time":"2025-06-21T07:52:18+00:00","twitter:card":"summary_large_image","twitter:title":"Logitech C920s PRO HD WEBCAM Webcams - Rucas - Wholesale and Distribution","twitter:description":"Dimensions including fixed mounting clip Height: 43.3 mm Width: 94 mm Depth: 71 mm Cable length: 1.5 m Weight: 162 g","twitter:image":"https:\/\/www.rucashk.com\/wp-content\/uploads\/replace\/503b8e645f128a97ccde2b6290747646.jpeg","schema":{"@context":"https:\/\/schema.org","@graph":[{"@type":"BreadcrumbList","@id":"https:\/\/www.rucashk.com\/pt\/produto\/logitech-c920s-pro-hd-webcam-webcams\/#breadcrumblist","itemListElement":[{"@type":"ListItem","@id":"https:\/\/www.rucashk.com\/pt\/#listItem","position":1,"name":"Home","item":"https:\/\/www.rucashk.com\/pt\/","nextItem":"https:\/\/www.rucashk.com\/pt\/produto\/logitech-c920s-pro-hd-webcam-webcams\/#listItem"},{"@type":"ListItem","@id":"https:\/\/www.rucashk.com\/pt\/produto\/logitech-c920s-pro-hd-webcam-webcams\/#listItem","position":2,"name":"Logitech C920s PRO HD WEBCAM Webcams","previousItem":"https:\/\/www.rucashk.com\/pt\/#listItem"}]},{"@type":"Organization","@id":"https:\/\/www.rucashk.com\/pt\/#organization","name":"Rucas","url":"https:\/\/www.rucashk.com\/pt\/","logo":{"@type":"ImageObject","url":"https:\/\/www.rucashk.com\/wp-content\/uploads\/2023\/12\/Rucas_campany_logo.png","@id":"https:\/\/www.rucashk.com\/pt\/produto\/logitech-c920s-pro-hd-webcam-webcams\/#organizationLogo","width":221,"height":65},"image":{"@id":"https:\/\/www.rucashk.com\/pt\/#organizationLogo"}},{"@type":"Person","@id":"https:\/\/www.rucashk.com\/pt\/author\/admin\/#author","url":"https:\/\/www.rucashk.com\/pt\/author\/admin\/","name":"admin","image":{"@type":"ImageObject","@id":"https:\/\/www.rucashk.com\/pt\/produto\/logitech-c920s-pro-hd-webcam-webcams\/#authorImage","url":"https:\/\/secure.gravatar.com\/avatar\/b7c8925b09a27e72b30232f8ecaadbd5af0f70a38c78096863fe51b64f031c24?s=96&d=mm&r=g","width":96,"height":96,"caption":"admin"}},{"@type":"WebPage","@id":"https:\/\/www.rucashk.com\/pt\/produto\/logitech-c920s-pro-hd-webcam-webcams\/#webpage","url":"https:\/\/www.rucashk.com\/pt\/produto\/logitech-c920s-pro-hd-webcam-webcams\/","name":"Logitech C920s PRO HD WEBCAM Webcams - Rucas - Wholesale and Distribution","description":"Dimensions including fixed mounting clip Height: 43.3 mm Width: 94 mm Depth: 71 mm Cable length: 1.5 m Weight: 162 g","inLanguage":"pt-PT","isPartOf":{"@id":"https:\/\/www.rucashk.com\/pt\/#website"},"breadcrumb":{"@id":"https:\/\/www.rucashk.com\/pt\/produto\/logitech-c920s-pro-hd-webcam-webcams\/#breadcrumblist"},"author":{"@id":"https:\/\/www.rucashk.com\/pt\/author\/admin\/#author"},"creator":{"@id":"https:\/\/www.rucashk.com\/pt\/author\/admin\/#author"},"image":{"@type":"ImageObject","url":"https:\/\/www.rucashk.com\/wp-content\/uploads\/2024\/01\/10001-21.webp","@id":"https:\/\/www.rucashk.com\/pt\/produto\/logitech-c920s-pro-hd-webcam-webcams\/#mainImage","width":800,"height":800},"primaryImageOfPage":{"@id":"https:\/\/www.rucashk.com\/pt\/produto\/logitech-c920s-pro-hd-webcam-webcams\/#mainImage"},"datePublished":"2024-01-09T16:41:17+00:00","dateModified":"2025-06-21T07:52:18+00:00"},{"@type":"WebSite","@id":"https:\/\/www.rucashk.com\/pt\/#website","url":"https:\/\/www.rucashk.com\/pt\/","name":"Rucas - Wholesale and distribution worldwide","alternateName":"Rucas - One-stop AIoT Distribution Worldwide","description":"One-stop AIoT Distribution Worldwide","inLanguage":"pt-PT","publisher":{"@id":"https:\/\/www.rucashk.com\/pt\/#organization"}}]}},"aioseo_meta_data":{"post_id":"27485","title":null,"description":null,"keywords":null,"keyphrases":null,"primary_term":null,"canonical_url":null,"og_title":null,"og_description":null,"og_object_type":"default","og_image_type":"default","og_image_url":null,"og_image_width":null,"og_image_height":null,"og_image_custom_url":null,"og_image_custom_fields":null,"og_video":"","og_custom_url":null,"og_article_section":null,"og_article_tags":null,"twitter_use_og":false,"twitter_card":"default","twitter_image_type":"default","twitter_image_url":null,"twitter_image_custom_url":null,"twitter_image_custom_fields":null,"twitter_title":null,"twitter_description":null,"schema":{"blockGraphs":[],"customGraphs":[],"default":{"data":{"Article":[],"Course":[],"Dataset":[],"FAQPage":[],"Movie":[],"Person":[],"Product":[],"Recipe":[],"Service":[],"SoftwareApplication":[],"WebPage":[]},"graphName":"","isEnabled":true},"graphs":[]},"schema_type":"default","schema_type_options":null,"pillar_content":false,"robots_default":true,"robots_noindex":false,"robots_noarchive":false,"robots_nosnippet":false,"robots_nofollow":false,"robots_noimageindex":false,"robots_noodp":false,"robots_notranslate":false,"robots_max_snippet":"-1","robots_max_videopreview":"-1","robots_max_imagepreview":"large","priority":null,"frequency":"default","local_seo":null,"breadcrumb_settings":null,"limit_modified_date":false,"created":"2024-04-11 01:57:22","updated":"2025-06-22 18:37:55"},"aioseo_breadcrumb":"<div class=\"aioseo-breadcrumbs\"><span class=\"aioseo-breadcrumb\">\n\t<a href=\"https:\/\/www.rucashk.com\/pt\" title=\"Home\">Home<\/a>\n<\/span><span class=\"aioseo-breadcrumb-separator\">&raquo;<\/span><span class=\"aioseo-breadcrumb\">\n\t<a href=\"https:\/\/www.rucashk.com\/pt\/products\/\" title=\"Produtos\">Produtos<\/a>\n<\/span><span class=\"aioseo-breadcrumb-separator\">&raquo;<\/span><span class=\"aioseo-breadcrumb\">\n\t<a href=\"https:\/\/www.rucashk.com\/pt\/marca\/logitech\/\" title=\"Logitech\">Logitech<\/a>\n<\/span><span class=\"aioseo-breadcrumb-separator\">&raquo;<\/span><span class=\"aioseo-breadcrumb\">\n\tLogitech C920s PRO HD WEBCAM Webcams\n<\/span><\/div>","aioseo_breadcrumb_json":[{"label":"Home","link":"https:\/\/www.rucashk.com\/pt"},{"label":"Produtos","link":"https:\/\/www.rucashk.com\/pt\/products\/"},{"label":"Logitech","link":"https:\/\/www.rucashk.com\/pt\/marca\/logitech\/"},{"label":"Logitech C920s PRO HD WEBCAM Webcams","link":"https:\/\/www.rucashk.com\/pt\/produto\/logitech-c920s-pro-hd-webcam-webcams\/"}],"_links":{"self":[{"href":"https:\/\/www.rucashk.com\/pt\/wp-json\/wp\/v2\/product\/27485","targetHints":{"allow":["GET"]}}],"collection":[{"href":"https:\/\/www.rucashk.com\/pt\/wp-json\/wp\/v2\/product"}],"about":[{"href":"https:\/\/www.rucashk.com\/pt\/wp-json\/wp\/v2\/types\/product"}],"wp:featuredmedia":[{"embeddable":true,"href":"https:\/\/www.rucashk.com\/pt\/wp-json\/wp\/v2\/media\/27620"}],"wp:attachment":[{"href":"https:\/\/www.rucashk.com\/pt\/wp-json\/wp\/v2\/media?parent=27485"}],"wp:term":[{"taxonomy":"product_brand","embeddable":true,"href":"https:\/\/www.rucashk.com\/pt\/wp-json\/wp\/v2\/product_brand?post=27485"},{"taxonomy":"product_cat","embeddable":true,"href":"https:\/\/www.rucashk.com\/pt\/wp-json\/wp\/v2\/product_cat?post=27485"},{"taxonomy":"product_tag","embeddable":true,"href":"https:\/\/www.rucashk.com\/pt\/wp-json\/wp\/v2\/product_tag?post=27485"}],"curies":[{"name":"wp","href":"https:\/\/api.w.org\/{rel}","templated":true}]}}