{"id":27484,"date":"2024-01-09T16:41:16","date_gmt":"2024-01-09T16:41:16","guid":{"rendered":"http:\/\/rucashk.com\/?post_type=product&#038;p=27484"},"modified":"2025-06-21T09:28:49","modified_gmt":"2025-06-21T09:28:49","slug":"logitech-c505-hd-webcam-webcams","status":"publish","type":"product","link":"https:\/\/www.rucashk.com\/pt\/produto\/logitech-c505-hd-webcam-webcams\/","title":{"rendered":"Webcams Logitech C505 HD WEBCAM"},"content":{"rendered":"<h2 class=\"body-copy-title font-title-l font-brown-bold dc-black tc-black mc-black\" style=\"text-align: center\">UMA WEBCAM COM ALCANCE ESTENDIDO<\/h2>\n<p style=\"text-align: center\">A C505 \u00e9 uma webcam com v\u00eddeo HD 720p e um microfone de longo alcance que suporta conversas n\u00edtidas e naturais a at\u00e9 3 metros de dist\u00e2ncia. Al\u00e9m disso, um cabo USB-A extra longo de 2 m oferece op\u00e7\u00f5es de montagem vers\u00e1teis e exclusivas.<\/p>\n<p><img fetchpriority=\"high\" decoding=\"async\" class=\"wp-image-36053 aligncenter\" src=\"\/wp-content\/uploads\/replace\/b1b582102598f9161df9b9888dbaffdf.png\" alt=\"Logitech C505 HD WEBCAM  Webcams\" width=\"855\" height=\"325\" \/><\/p>\n<p>&nbsp;<\/p>\n<h2 class=\"font-title-m js-title\" style=\"text-align: center\">V\u00cdDEO PANOR\u00c2MICO HD 720P<\/h2>\n<div class=\"body-copy-ctn js-body-copy-ctn rte-field\">\n<p style=\"text-align: center\">Aprimore a \u00f3ptica integrada do laptop com uma webcam que oferece qualidade de v\u00eddeo n\u00edtida, suave e colorida com resolu\u00e7\u00e3o widescreen HD 720p\/30 fps. A C505 oferece um campo de vis\u00e3o diagonal de 60\u00b0, foco fixo e corre\u00e7\u00e3o autom\u00e1tica de luz que se ajusta \u00e0 ilumina\u00e7\u00e3o do seu espa\u00e7o de reuni\u00e3o.<\/p>\n<\/div>\n<p>&nbsp;<\/p>\n<p><img decoding=\"async\" class=\"wp-image-36054 aligncenter\" src=\"\/wp-content\/uploads\/replace\/9e3667a5c7c2038112b23b0d952b6085.png\" alt=\"Logitech C505 HD WEBCAM  Webcams\" width=\"857\" height=\"483\" \/><\/p>\n<p>&nbsp;<\/p>\n<h2 class=\"h3\" style=\"text-align: center\">\u00c1UDIO CLARO E NATURAL<\/h2>\n<p style=\"text-align: center\">O microfone \u00fanico e omnidirecional possui tecnologia de redu\u00e7\u00e3o de ru\u00eddo e foi projetado para suportar conversas claras e naturais a at\u00e9 3 metros de dist\u00e2ncia, mesmo em ambientes movimentados, como espa\u00e7os de trabalho abertos e salas de aula.<\/p>\n<p>&nbsp;<\/p>\n<p><img decoding=\"async\" class=\"wp-image-36055 aligncenter\" src=\"\/wp-content\/uploads\/replace\/9a6b60623d0bad7e9dd494db192e8640.png\" alt=\"Logitech C505 HD WEBCAM  Webcams\" width=\"857\" height=\"483\" \/><\/p>\n<p>&nbsp;<\/p>\n<h2 class=\"h3\" style=\"text-align: center\">O CABO DE 2M ESTENDE AS OP\u00c7\u00d5ES DE CONFIGURA\u00c7\u00c3O<\/h2>\n<p style=\"text-align: center\">Com seu cabo USB-A extra longo de 2 m e clipe universal, o C505 oferece uma ampla gama de possibilidades vers\u00e1teis de montagem. Seja tradicional e posicione-o com seguran\u00e7a em um laptop ou tela externa, ou seja criativo e monte-o em uma prateleira ou acess\u00f3rio a at\u00e9 2 m de dist\u00e2ncia do seu computador.<\/p>\n<p style=\"text-align: center\">\n<p><img loading=\"lazy\" decoding=\"async\" class=\"wp-image-36056 aligncenter\" src=\"\/wp-content\/uploads\/replace\/0cbb4ddd4471a2213cb36f06448508e1.png\" alt=\"Logitech C505 HD WEBCAM  Webcams\" width=\"855\" height=\"479\" \/><\/p>\n<p>&nbsp;<\/p>\n<p>&nbsp;<\/p>\n<h4 class=\"specs-heading\">Especifica\u00e7\u00f5es<\/h4>\n<div class=\"specs-column\">\n<div class=\"specs-group\">\n<div class=\"specs-block\">\n<div class=\"specs-description\"><strong>Resolu\u00e7\u00e3o m\u00e1xima<\/strong>: 720p\/30fps<\/div>\n<\/div>\n<div class=\"specs-block\">\n<div class=\"specs-description\"><strong>C\u00e2mera mega pixel<\/strong>: 1.2<\/div>\n<\/div>\n<div class=\"specs-block\">\n<div class=\"specs-description\"><strong>Tipo de foco<\/strong>: Fixo<\/div>\n<\/div>\n<div class=\"specs-block\">\n<div class=\"specs-description\"><strong>Tipo de lente<\/strong>: pl\u00e1stico<\/div>\n<\/div>\n<div class=\"specs-block\">\n<div class=\"specs-description\"><strong>Microfone embutido<\/strong>: Mono<\/div>\n<\/div>\n<div class=\"specs-block\">\n<div class=\"specs-description\"><strong>Alcance do microfone<\/strong>: At\u00e9 2,74 m<\/div>\n<\/div>\n<div class=\"specs-block\">\n<div class=\"specs-description\"><strong>Campo de vis\u00e3o diagonal (dFoV)<\/strong>: 60\u00b0<\/div>\n<\/div>\n<div class=\"specs-block\">\n<div class=\"specs-description\">Clipe de montagem universal para laptops, LCD ou monitores<\/div>\n<\/div>\n<\/div>\n<\/div>","protected":false},"excerpt":{"rendered":"<h5 class=\"specs-title\">Dimens\u00f5es incluindo clipe de montagem fixo<\/h5>\n<ul class=\"specs-description-list\">\n<li><strong>Altura<\/strong>: 31,91mm<\/li>\n<li><strong>Largura<\/strong>: 72,91mm<\/li>\n<li><strong>Profundidade<\/strong>: 66,64mm<\/li>\n<li><strong>Comprimento do cabo<\/strong>: 2m<\/li>\n<li><strong>Peso<\/strong>: 75g<\/li>\n<\/ul>","protected":false},"featured_media":27616,"template":"","meta":[],"product_brand":[1380],"product_cat":[1332,1322],"product_tag":[],"class_list":{"0":"post-27484","1":"product","2":"type-product","3":"status-publish","4":"has-post-thumbnail","6":"product_brand-logitech","7":"product_cat-logitech-other-a-brands","8":"product_cat-other-a-brands","10":"first","11":"instock","12":"shipping-taxable","13":"product-type-simple"},"aioseo_notices":[],"aioseo_head":"\n\t\t<!-- All in One SEO Pro 4.5.9.2 - aioseo.com -->\n\t\t<meta name=\"description\" content=\"Dimensions including fixed mounting clip Height: 31.91 mm Width: 72.91 mm Depth: 66.64 mm Cable length: 2 m Weight: 75 g\" \/>\n\t\t<meta name=\"robots\" content=\"max-image-preview:large\" \/>\n\t\t<link rel=\"canonical\" href=\"https:\/\/www.rucashk.com\/pt\/produto\/logitech-c505-hd-webcam-webcams\/\" \/>\n\t\t<meta name=\"generator\" content=\"All in One SEO Pro (AIOSEO) 4.5.9.2\" \/>\n\t\t<meta property=\"og:locale\" content=\"pt_PT\" \/>\n\t\t<meta property=\"og:site_name\" content=\"Rucas - One-stop AIoT Distribution Worldwide\" \/>\n\t\t<meta property=\"og:type\" content=\"article\" \/>\n\t\t<meta property=\"og:title\" content=\"Logitech C505 HD WEBCAM Webcams - Rucas - Wholesale and Distribution\" \/>\n\t\t<meta property=\"og:description\" content=\"Dimensions including fixed mounting clip Height: 31.91 mm Width: 72.91 mm Depth: 66.64 mm Cable length: 2 m Weight: 75 g\" \/>\n\t\t<meta property=\"og:url\" content=\"https:\/\/www.rucashk.com\/pt\/produto\/logitech-c505-hd-webcam-webcams\/\" \/>\n\t\t<meta property=\"og:image\" content=\"https:\/\/www.rucashk.com\/wp-content\/uploads\/replace\/503b8e645f128a97ccde2b6290747646.jpeg\" \/>\n\t\t<meta property=\"og:image:secure_url\" content=\"https:\/\/www.rucashk.com\/wp-content\/uploads\/replace\/503b8e645f128a97ccde2b6290747646.jpeg\" \/>\n\t\t<meta property=\"og:image:width\" content=\"1456\" \/>\n\t\t<meta property=\"og:image:height\" content=\"816\" \/>\n\t\t<meta property=\"article:published_time\" content=\"2024-01-09T16:41:16+00:00\" \/>\n\t\t<meta property=\"article:modified_time\" content=\"2025-06-21T09:28:49+00:00\" \/>\n\t\t<meta name=\"twitter:card\" content=\"summary_large_image\" \/>\n\t\t<meta name=\"twitter:title\" content=\"Logitech C505 HD WEBCAM Webcams - Rucas - Wholesale and Distribution\" \/>\n\t\t<meta name=\"twitter:description\" content=\"Dimensions including fixed mounting clip Height: 31.91 mm Width: 72.91 mm Depth: 66.64 mm Cable length: 2 m Weight: 75 g\" \/>\n\t\t<meta name=\"twitter:image\" content=\"https:\/\/www.rucashk.com\/wp-content\/uploads\/replace\/503b8e645f128a97ccde2b6290747646.jpeg\" \/>\n\t\t<script type=\"application\/ld+json\" class=\"aioseo-schema\">\n\t\t\t{\"@context\":\"https:\\\/\\\/schema.org\",\"@graph\":[{\"@type\":\"BreadcrumbList\",\"@id\":\"https:\\\/\\\/www.rucashk.com\\\/pt\\\/produto\\\/logitech-c505-hd-webcam-webcams\\\/#breadcrumblist\",\"itemListElement\":[{\"@type\":\"ListItem\",\"@id\":\"https:\\\/\\\/www.rucashk.com\\\/pt\\\/#listItem\",\"position\":1,\"name\":\"Home\",\"item\":\"https:\\\/\\\/www.rucashk.com\\\/pt\\\/\",\"nextItem\":\"https:\\\/\\\/www.rucashk.com\\\/pt\\\/produto\\\/logitech-c505-hd-webcam-webcams\\\/#listItem\"},{\"@type\":\"ListItem\",\"@id\":\"https:\\\/\\\/www.rucashk.com\\\/pt\\\/produto\\\/logitech-c505-hd-webcam-webcams\\\/#listItem\",\"position\":2,\"name\":\"Logitech C505 HD WEBCAM  Webcams\",\"previousItem\":\"https:\\\/\\\/www.rucashk.com\\\/pt\\\/#listItem\"}]},{\"@type\":\"Organization\",\"@id\":\"https:\\\/\\\/www.rucashk.com\\\/pt\\\/#organization\",\"name\":\"Rucas\",\"url\":\"https:\\\/\\\/www.rucashk.com\\\/pt\\\/\",\"logo\":{\"@type\":\"ImageObject\",\"url\":\"https:\\\/\\\/www.rucashk.com\\\/wp-content\\\/uploads\\\/2023\\\/12\\\/Rucas_campany_logo.png\",\"@id\":\"https:\\\/\\\/www.rucashk.com\\\/pt\\\/produto\\\/logitech-c505-hd-webcam-webcams\\\/#organizationLogo\",\"width\":221,\"height\":65},\"image\":{\"@id\":\"https:\\\/\\\/www.rucashk.com\\\/pt\\\/#organizationLogo\"}},{\"@type\":\"Person\",\"@id\":\"https:\\\/\\\/www.rucashk.com\\\/pt\\\/author\\\/admin\\\/#author\",\"url\":\"https:\\\/\\\/www.rucashk.com\\\/pt\\\/author\\\/admin\\\/\",\"name\":\"admin\",\"image\":{\"@type\":\"ImageObject\",\"@id\":\"https:\\\/\\\/www.rucashk.com\\\/pt\\\/produto\\\/logitech-c505-hd-webcam-webcams\\\/#authorImage\",\"url\":\"https:\\\/\\\/secure.gravatar.com\\\/avatar\\\/b7c8925b09a27e72b30232f8ecaadbd5af0f70a38c78096863fe51b64f031c24?s=96&d=mm&r=g\",\"width\":96,\"height\":96,\"caption\":\"admin\"}},{\"@type\":\"WebPage\",\"@id\":\"https:\\\/\\\/www.rucashk.com\\\/pt\\\/produto\\\/logitech-c505-hd-webcam-webcams\\\/#webpage\",\"url\":\"https:\\\/\\\/www.rucashk.com\\\/pt\\\/produto\\\/logitech-c505-hd-webcam-webcams\\\/\",\"name\":\"Logitech C505 HD WEBCAM Webcams - Rucas - Wholesale and Distribution\",\"description\":\"Dimensions including fixed mounting clip Height: 31.91 mm Width: 72.91 mm Depth: 66.64 mm Cable length: 2 m Weight: 75 g\",\"inLanguage\":\"pt-PT\",\"isPartOf\":{\"@id\":\"https:\\\/\\\/www.rucashk.com\\\/pt\\\/#website\"},\"breadcrumb\":{\"@id\":\"https:\\\/\\\/www.rucashk.com\\\/pt\\\/produto\\\/logitech-c505-hd-webcam-webcams\\\/#breadcrumblist\"},\"author\":{\"@id\":\"https:\\\/\\\/www.rucashk.com\\\/pt\\\/author\\\/admin\\\/#author\"},\"creator\":{\"@id\":\"https:\\\/\\\/www.rucashk.com\\\/pt\\\/author\\\/admin\\\/#author\"},\"image\":{\"@type\":\"ImageObject\",\"url\":\"https:\\\/\\\/www.rucashk.com\\\/wp-content\\\/uploads\\\/2024\\\/01\\\/10002-18.webp\",\"@id\":\"https:\\\/\\\/www.rucashk.com\\\/pt\\\/produto\\\/logitech-c505-hd-webcam-webcams\\\/#mainImage\",\"width\":800,\"height\":800},\"primaryImageOfPage\":{\"@id\":\"https:\\\/\\\/www.rucashk.com\\\/pt\\\/produto\\\/logitech-c505-hd-webcam-webcams\\\/#mainImage\"},\"datePublished\":\"2024-01-09T16:41:16+00:00\",\"dateModified\":\"2025-06-21T09:28:49+00:00\"},{\"@type\":\"WebSite\",\"@id\":\"https:\\\/\\\/www.rucashk.com\\\/pt\\\/#website\",\"url\":\"https:\\\/\\\/www.rucashk.com\\\/pt\\\/\",\"name\":\"Rucas - Wholesale and distribution worldwide\",\"alternateName\":\"Rucas - One-stop AIoT Distribution Worldwide\",\"description\":\"One-stop AIoT Distribution Worldwide\",\"inLanguage\":\"pt-PT\",\"publisher\":{\"@id\":\"https:\\\/\\\/www.rucashk.com\\\/pt\\\/#organization\"}}]}\n\t\t<\/script>\n\t\t<!-- All in One SEO Pro -->\r\n\t\t<title>Logitech C505 HD WEBCAM Webcams - Rucas - Wholesale and Distribution<\/title>\n\n","aioseo_head_json":{"title":"Logitech C505 HD WEBCAM Webcams - Rucas - Wholesale and Distribution","description":"Dimensions including fixed mounting clip Height: 31.91 mm Width: 72.91 mm Depth: 66.64 mm Cable length: 2 m Weight: 75 g","canonical_url":"https:\/\/www.rucashk.com\/pt\/produto\/logitech-c505-hd-webcam-webcams\/","robots":"max-image-preview:large","keywords":"","webmasterTools":{"miscellaneous":""},"og:locale":"pt_PT","og:site_name":"Rucas - One-stop AIoT Distribution Worldwide","og:type":"article","og:title":"Logitech C505 HD WEBCAM Webcams - Rucas - Wholesale and Distribution","og:description":"Dimensions including fixed mounting clip Height: 31.91 mm Width: 72.91 mm Depth: 66.64 mm Cable length: 2 m Weight: 75 g","og:url":"https:\/\/www.rucashk.com\/pt\/produto\/logitech-c505-hd-webcam-webcams\/","og:image":"https:\/\/www.rucashk.com\/wp-content\/uploads\/replace\/503b8e645f128a97ccde2b6290747646.jpeg","og:image:secure_url":"https:\/\/www.rucashk.com\/wp-content\/uploads\/replace\/503b8e645f128a97ccde2b6290747646.jpeg","og:image:width":1456,"og:image:height":816,"article:published_time":"2024-01-09T16:41:16+00:00","article:modified_time":"2025-06-21T09:28:49+00:00","twitter:card":"summary_large_image","twitter:title":"Logitech C505 HD WEBCAM Webcams - Rucas - Wholesale and Distribution","twitter:description":"Dimensions including fixed mounting clip Height: 31.91 mm Width: 72.91 mm Depth: 66.64 mm Cable length: 2 m Weight: 75 g","twitter:image":"https:\/\/www.rucashk.com\/wp-content\/uploads\/replace\/503b8e645f128a97ccde2b6290747646.jpeg","schema":{"@context":"https:\/\/schema.org","@graph":[{"@type":"BreadcrumbList","@id":"https:\/\/www.rucashk.com\/pt\/produto\/logitech-c505-hd-webcam-webcams\/#breadcrumblist","itemListElement":[{"@type":"ListItem","@id":"https:\/\/www.rucashk.com\/pt\/#listItem","position":1,"name":"Home","item":"https:\/\/www.rucashk.com\/pt\/","nextItem":"https:\/\/www.rucashk.com\/pt\/produto\/logitech-c505-hd-webcam-webcams\/#listItem"},{"@type":"ListItem","@id":"https:\/\/www.rucashk.com\/pt\/produto\/logitech-c505-hd-webcam-webcams\/#listItem","position":2,"name":"Logitech C505 HD WEBCAM  Webcams","previousItem":"https:\/\/www.rucashk.com\/pt\/#listItem"}]},{"@type":"Organization","@id":"https:\/\/www.rucashk.com\/pt\/#organization","name":"Rucas","url":"https:\/\/www.rucashk.com\/pt\/","logo":{"@type":"ImageObject","url":"https:\/\/www.rucashk.com\/wp-content\/uploads\/2023\/12\/Rucas_campany_logo.png","@id":"https:\/\/www.rucashk.com\/pt\/produto\/logitech-c505-hd-webcam-webcams\/#organizationLogo","width":221,"height":65},"image":{"@id":"https:\/\/www.rucashk.com\/pt\/#organizationLogo"}},{"@type":"Person","@id":"https:\/\/www.rucashk.com\/pt\/author\/admin\/#author","url":"https:\/\/www.rucashk.com\/pt\/author\/admin\/","name":"admin","image":{"@type":"ImageObject","@id":"https:\/\/www.rucashk.com\/pt\/produto\/logitech-c505-hd-webcam-webcams\/#authorImage","url":"https:\/\/secure.gravatar.com\/avatar\/b7c8925b09a27e72b30232f8ecaadbd5af0f70a38c78096863fe51b64f031c24?s=96&d=mm&r=g","width":96,"height":96,"caption":"admin"}},{"@type":"WebPage","@id":"https:\/\/www.rucashk.com\/pt\/produto\/logitech-c505-hd-webcam-webcams\/#webpage","url":"https:\/\/www.rucashk.com\/pt\/produto\/logitech-c505-hd-webcam-webcams\/","name":"Logitech C505 HD WEBCAM Webcams - Rucas - Wholesale and Distribution","description":"Dimensions including fixed mounting clip Height: 31.91 mm Width: 72.91 mm Depth: 66.64 mm Cable length: 2 m Weight: 75 g","inLanguage":"pt-PT","isPartOf":{"@id":"https:\/\/www.rucashk.com\/pt\/#website"},"breadcrumb":{"@id":"https:\/\/www.rucashk.com\/pt\/produto\/logitech-c505-hd-webcam-webcams\/#breadcrumblist"},"author":{"@id":"https:\/\/www.rucashk.com\/pt\/author\/admin\/#author"},"creator":{"@id":"https:\/\/www.rucashk.com\/pt\/author\/admin\/#author"},"image":{"@type":"ImageObject","url":"https:\/\/www.rucashk.com\/wp-content\/uploads\/2024\/01\/10002-18.webp","@id":"https:\/\/www.rucashk.com\/pt\/produto\/logitech-c505-hd-webcam-webcams\/#mainImage","width":800,"height":800},"primaryImageOfPage":{"@id":"https:\/\/www.rucashk.com\/pt\/produto\/logitech-c505-hd-webcam-webcams\/#mainImage"},"datePublished":"2024-01-09T16:41:16+00:00","dateModified":"2025-06-21T09:28:49+00:00"},{"@type":"WebSite","@id":"https:\/\/www.rucashk.com\/pt\/#website","url":"https:\/\/www.rucashk.com\/pt\/","name":"Rucas - Wholesale and distribution worldwide","alternateName":"Rucas - One-stop AIoT Distribution Worldwide","description":"One-stop AIoT Distribution Worldwide","inLanguage":"pt-PT","publisher":{"@id":"https:\/\/www.rucashk.com\/pt\/#organization"}}]}},"aioseo_meta_data":{"post_id":"27484","title":null,"description":null,"keywords":null,"keyphrases":null,"primary_term":null,"canonical_url":null,"og_title":null,"og_description":null,"og_object_type":"default","og_image_type":"default","og_image_url":null,"og_image_width":null,"og_image_height":null,"og_image_custom_url":null,"og_image_custom_fields":null,"og_video":"","og_custom_url":null,"og_article_section":null,"og_article_tags":null,"twitter_use_og":false,"twitter_card":"default","twitter_image_type":"default","twitter_image_url":null,"twitter_image_custom_url":null,"twitter_image_custom_fields":null,"twitter_title":null,"twitter_description":null,"schema":{"blockGraphs":[],"customGraphs":[],"default":{"data":{"Article":[],"Course":[],"Dataset":[],"FAQPage":[],"Movie":[],"Person":[],"Product":[],"Recipe":[],"Service":[],"SoftwareApplication":[],"WebPage":[]},"graphName":"","isEnabled":true},"graphs":[]},"schema_type":"default","schema_type_options":null,"pillar_content":false,"robots_default":true,"robots_noindex":false,"robots_noarchive":false,"robots_nosnippet":false,"robots_nofollow":false,"robots_noimageindex":false,"robots_noodp":false,"robots_notranslate":false,"robots_max_snippet":"-1","robots_max_videopreview":"-1","robots_max_imagepreview":"large","priority":null,"frequency":"default","local_seo":null,"breadcrumb_settings":null,"limit_modified_date":false,"created":"2024-04-11 01:57:22","updated":"2025-06-22 18:37:54"},"aioseo_breadcrumb":"<div class=\"aioseo-breadcrumbs\"><span class=\"aioseo-breadcrumb\">\n\t<a href=\"https:\/\/www.rucashk.com\/pt\" title=\"Home\">Home<\/a>\n<\/span><span class=\"aioseo-breadcrumb-separator\">&raquo;<\/span><span class=\"aioseo-breadcrumb\">\n\t<a href=\"https:\/\/www.rucashk.com\/pt\/products\/\" title=\"Produtos\">Produtos<\/a>\n<\/span><span class=\"aioseo-breadcrumb-separator\">&raquo;<\/span><span class=\"aioseo-breadcrumb\">\n\t<a href=\"https:\/\/www.rucashk.com\/pt\/marca\/logitech\/\" title=\"Logitech\">Logitech<\/a>\n<\/span><span class=\"aioseo-breadcrumb-separator\">&raquo;<\/span><span class=\"aioseo-breadcrumb\">\n\tLogitech C505 HD WEBCAM  Webcams\n<\/span><\/div>","aioseo_breadcrumb_json":[{"label":"Home","link":"https:\/\/www.rucashk.com\/pt"},{"label":"Produtos","link":"https:\/\/www.rucashk.com\/pt\/products\/"},{"label":"Logitech","link":"https:\/\/www.rucashk.com\/pt\/marca\/logitech\/"},{"label":"Logitech C505 HD WEBCAM  Webcams","link":"https:\/\/www.rucashk.com\/pt\/produto\/logitech-c505-hd-webcam-webcams\/"}],"_links":{"self":[{"href":"https:\/\/www.rucashk.com\/pt\/wp-json\/wp\/v2\/product\/27484","targetHints":{"allow":["GET"]}}],"collection":[{"href":"https:\/\/www.rucashk.com\/pt\/wp-json\/wp\/v2\/product"}],"about":[{"href":"https:\/\/www.rucashk.com\/pt\/wp-json\/wp\/v2\/types\/product"}],"wp:featuredmedia":[{"embeddable":true,"href":"https:\/\/www.rucashk.com\/pt\/wp-json\/wp\/v2\/media\/27616"}],"wp:attachment":[{"href":"https:\/\/www.rucashk.com\/pt\/wp-json\/wp\/v2\/media?parent=27484"}],"wp:term":[{"taxonomy":"product_brand","embeddable":true,"href":"https:\/\/www.rucashk.com\/pt\/wp-json\/wp\/v2\/product_brand?post=27484"},{"taxonomy":"product_cat","embeddable":true,"href":"https:\/\/www.rucashk.com\/pt\/wp-json\/wp\/v2\/product_cat?post=27484"},{"taxonomy":"product_tag","embeddable":true,"href":"https:\/\/www.rucashk.com\/pt\/wp-json\/wp\/v2\/product_tag?post=27484"}],"curies":[{"name":"wp","href":"https:\/\/api.w.org\/{rel}","templated":true}]}}