{"id":27422,"date":"2024-01-09T16:40:54","date_gmt":"2024-01-09T16:40:54","guid":{"rendered":"http:\/\/rucashk.com\/?post_type=product&#038;p=27422"},"modified":"2025-06-21T09:29:26","modified_gmt":"2025-06-21T09:29:26","slug":"logitech-c922-pro-hd-stream-webcam-webcams","status":"publish","type":"product","link":"https:\/\/www.rucashk.com\/pt\/produto\/logitech-c922-pro-hd-stream-webcam-webcams\/","title":{"rendered":"Webcams Logitech C922 PRO HD STREAM WEBCAM"},"content":{"rendered":"<h2 class=\"body-copy-title font-title-m font-brown-bold dc-black tc-black mc-black\" style=\"text-align: center\">STREAMING COMPLETO EM ALTA DEFINI\u00c7\u00c3O 1080P<\/h2>\n<p style=\"text-align: center\">Transmita e grave v\u00eddeos vibrantes e realistas. A C922 possui uma lente de vidro com foco autom\u00e1tico e um campo de vis\u00e3o diagonal de 78\u00b0. O streaming Full HD captura todos os detalhes, cores brilhantes e naturais e v\u00eddeo fluido em 1080p\/30fps \u2013 e em HD a 720p\/60fps. Use o Capture para ampliar, deslocar e editar.<\/p>\n<p>&nbsp;<\/p>\n<p><img fetchpriority=\"high\" decoding=\"async\" class=\"wp-image-35987 aligncenter\" src=\"\/wp-content\/uploads\/replace\/7a065fe0d18640875b815b58d6ffd8c1.png\" alt=\"Logitech C922 PRO HD STREAM WEBCAM Webcams\" width=\"859\" height=\"481\" \/><\/p>\n<p style=\"text-align: center\">\n<h2 class=\"h3\" style=\"text-align: center\">TAXA DE QUADROS HIPER-R\u00c1PIDA<\/h2>\n<p style=\"text-align: center\">Streamers s\u00e9rios precisam de uma taxa de quadros hiper-r\u00e1pida de 60 fps a 720p para um v\u00eddeo particularmente suave, e \u00e9 exatamente isso que o C922 oferece. Voc\u00ea estar\u00e1 transmitindo ao vivo sem atrasos ou distor\u00e7\u00f5es.<\/p>\n<p style=\"text-align: center\">\n<p><img decoding=\"async\" class=\"wp-image-35988 aligncenter\" src=\"\/wp-content\/uploads\/replace\/70f81bb65473ecbcdf8634bd8e021ec7.png\" alt=\"Logitech C922 PRO HD STREAM WEBCAM Webcams\" width=\"857\" height=\"483\" \/><\/p>\n<p>&nbsp;<\/p>\n<h2 class=\"h3\" style=\"text-align: center\">CORRE\u00c7\u00c3O AUTOM\u00c1TICA DE LUZ<\/h2>\n<p style=\"text-align: center\">O foco autom\u00e1tico HD e a corre\u00e7\u00e3o de luz funcionam para ajustar as condi\u00e7\u00f5es de ilumina\u00e7\u00e3o, produzindo v\u00eddeos n\u00edtidos e de alta defini\u00e7\u00e3o em qualquer ilumina\u00e7\u00e3o, para que voc\u00ea sempre tenha uma \u00f3tima apar\u00eancia em sua transmiss\u00e3o.<\/p>\n<p>&nbsp;<\/p>\n<p><img decoding=\"async\" class=\"wp-image-35989 aligncenter\" src=\"\/wp-content\/uploads\/replace\/ea7486336378daa0e2d5f8a756c6d65d.png\" alt=\"Logitech C922 PRO HD STREAM WEBCAM Webcams\" width=\"855\" height=\"479\" \/><\/p>\n<p style=\"text-align: center\">\n<h2 class=\"body-copy-title font-title-m font-brown-bold\" style=\"text-align: center\">XSPLIT DE 3 MESES<br \/>\nLICEN\u00c7A PREMIUM<\/h2>\n<p style=\"text-align: center\">A solu\u00e7\u00e3o completa de transmiss\u00e3o ao vivo inclui um conjunto completo de recursos para XSplit Broadcaster e XSplit Gamecaster, oferecendo tudo que voc\u00ea precisa para transmitir como um profissional. Voucher de 3 meses inclu\u00eddo.<\/p>\n<p>&nbsp;<\/p>\n<p><img loading=\"lazy\" decoding=\"async\" class=\"wp-image-35990 aligncenter\" src=\"\/wp-content\/uploads\/replace\/0b5d4537d792b57e881b65f9a7e71d5d.png\" alt=\"Logitech C922 PRO HD STREAM WEBCAM Webcams\" width=\"855\" height=\"479\" \/><\/p>\n<p style=\"text-align: center\">\n<h2 class=\"body-copy-title font-title-m font-brown-bold\" style=\"text-align: center\">V\u00cdDEO REUNI\u00c3O MAESTRO<\/h2>\n<p style=\"text-align: center\">Escolha como voc\u00ea aparecer\u00e1 nas videochamadas. Use o software de webcam Logi Tune para ajustar configura\u00e7\u00f5es como zoom e campo de vis\u00e3o para se apresentar da melhor maneira poss\u00edvel. Mantenha sua webcam atualizada e participe de reuni\u00f5es com apenas um clique.<\/p>\n<p>&nbsp;<\/p>\n<p><img loading=\"lazy\" decoding=\"async\" class=\"wp-image-35991 aligncenter\" src=\"\/wp-content\/uploads\/replace\/33212426a5ff1e72f28a4028aaabdceb.png\" alt=\"Logitech C922 PRO HD STREAM WEBCAM Webcams\" width=\"853\" height=\"529\" \/><\/p>\n<p>&nbsp;<\/p>\n<h2 class=\"body-copy-title font-title-m font-brown-bold\" style=\"text-align: center\">ECOSSISTEMA DE ENGRENAGEM \u00d3TIMO<\/h2>\n<p style=\"text-align: center\">O software Logitech G HUB oferece um portal \u00fanico para otimizar e personalizar todos os seus equipamentos Logitech G suportados: mouses, teclados, fones de ouvido, alto-falantes e webcams.<\/p>\n<p>&nbsp;<\/p>\n<p><img loading=\"lazy\" decoding=\"async\" class=\"wp-image-35992 aligncenter\" src=\"\/wp-content\/uploads\/replace\/ee6030b6fd6369d27ae2a95dfbff7bbf.png\" alt=\"Logitech C922 PRO HD STREAM WEBCAM Webcams\" width=\"852\" height=\"477\" \/><\/p>\n<p>&nbsp;<\/p>\n<h4 class=\"specs-heading\">Especifica\u00e7\u00f5es<\/h4>\n<div class=\"specs-column\">\n<div class=\"specs-group\">\n<div class=\"specs-block\">\n<div class=\"specs-description\"><strong>Resolu\u00e7\u00e3o m\u00e1xima<\/strong>: 1080p\/30 fps \u2013 720p\/ 60 fps<\/div>\n<\/div>\n<div class=\"specs-block\">\n<div class=\"specs-description\"><strong>C\u00e2mera mega pixel<\/strong>: 3<\/div>\n<\/div>\n<div class=\"specs-block\">\n<div class=\"specs-description\"><strong>Tipo de foco<\/strong>: Auto-foco<\/div>\n<\/div>\n<div class=\"specs-block\">\n<div class=\"specs-description\"><strong>Tipo de lente<\/strong>: Vidro<\/div>\n<\/div>\n<div class=\"specs-block\">\n<div class=\"specs-description\"><strong>Microfone embutido<\/strong>: Est\u00e9reo<\/div>\n<\/div>\n<div class=\"specs-block\">\n<div class=\"specs-description\"><strong>Alcance do microfone<\/strong>: At\u00e9 1 metro<\/div>\n<\/div>\n<div class=\"specs-block\">\n<div class=\"specs-description\"><strong>Campo de vis\u00e3o diagonal (dFoV)<\/strong>: 78\u00b0<\/div>\n<\/div>\n<div class=\"specs-block\">\n<div class=\"specs-description\"><strong>Zoom digital<\/strong>: 1,2x<\/div>\n<\/div>\n<div class=\"specs-block\">\n<div class=\"specs-description\">O clipe de montagem universal pronto para trip\u00e9 cabe em laptops, LCD ou monitores<\/div>\n<\/div>\n<\/div>\n<\/div>\n<p>&nbsp;<\/p>","protected":false},"excerpt":{"rendered":"<h5 class=\"specs-title\">Dimens\u00f5es incluindo clipe de montagem fixo<\/h5>\n<ul class=\"specs-description-list\">\n<li><strong>Altura<\/strong>: 44mm<\/li>\n<li><strong>Largura<\/strong>: 95mm<\/li>\n<li><strong>Profundidade<\/strong>: 71mm<\/li>\n<li><strong>Comprimento do cabo<\/strong>: 1,5m<\/li>\n<li><strong>Peso<\/strong>: 162g<\/li>\n<\/ul>","protected":false},"featured_media":27587,"template":"","meta":[],"product_brand":[1380],"product_cat":[1332,1322],"product_tag":[],"class_list":{"0":"post-27422","1":"product","2":"type-product","3":"status-publish","4":"has-post-thumbnail","6":"product_brand-logitech","7":"product_cat-logitech-other-a-brands","8":"product_cat-other-a-brands","10":"first","11":"instock","12":"shipping-taxable","13":"product-type-simple"},"aioseo_notices":[],"aioseo_head":"\n\t\t<!-- All in One SEO Pro 4.5.9.2 - aioseo.com -->\n\t\t<meta name=\"description\" content=\"Dimensions including fixed mounting clip Height: 44 mm Width: 95 mm Depth: 71 mm Cable length: 1.5 m Weight: 162 g\" \/>\n\t\t<meta name=\"robots\" content=\"max-image-preview:large\" \/>\n\t\t<link rel=\"canonical\" href=\"https:\/\/www.rucashk.com\/pt\/produto\/logitech-c922-pro-hd-stream-webcam-webcams\/\" \/>\n\t\t<meta name=\"generator\" content=\"All in One SEO Pro (AIOSEO) 4.5.9.2\" \/>\n\t\t<meta property=\"og:locale\" content=\"pt_PT\" \/>\n\t\t<meta property=\"og:site_name\" content=\"Rucas - One-stop AIoT Distribution Worldwide\" \/>\n\t\t<meta property=\"og:type\" content=\"article\" \/>\n\t\t<meta property=\"og:title\" content=\"Logitech C922 PRO HD STREAM WEBCAM Webcams - Rucas - Wholesale and Distribution\" \/>\n\t\t<meta property=\"og:description\" content=\"Dimensions including fixed mounting clip Height: 44 mm Width: 95 mm Depth: 71 mm Cable length: 1.5 m Weight: 162 g\" \/>\n\t\t<meta property=\"og:url\" content=\"https:\/\/www.rucashk.com\/pt\/produto\/logitech-c922-pro-hd-stream-webcam-webcams\/\" \/>\n\t\t<meta property=\"og:image\" content=\"https:\/\/www.rucashk.com\/wp-content\/uploads\/replace\/503b8e645f128a97ccde2b6290747646.jpeg\" \/>\n\t\t<meta property=\"og:image:secure_url\" content=\"https:\/\/www.rucashk.com\/wp-content\/uploads\/replace\/503b8e645f128a97ccde2b6290747646.jpeg\" \/>\n\t\t<meta property=\"og:image:width\" content=\"1456\" \/>\n\t\t<meta property=\"og:image:height\" content=\"816\" \/>\n\t\t<meta property=\"article:published_time\" content=\"2024-01-09T16:40:54+00:00\" \/>\n\t\t<meta property=\"article:modified_time\" content=\"2025-06-21T09:29:26+00:00\" \/>\n\t\t<meta name=\"twitter:card\" content=\"summary_large_image\" \/>\n\t\t<meta name=\"twitter:title\" content=\"Logitech C922 PRO HD STREAM WEBCAM Webcams - Rucas - Wholesale and Distribution\" \/>\n\t\t<meta name=\"twitter:description\" content=\"Dimensions including fixed mounting clip Height: 44 mm Width: 95 mm Depth: 71 mm Cable length: 1.5 m Weight: 162 g\" \/>\n\t\t<meta name=\"twitter:image\" content=\"https:\/\/www.rucashk.com\/wp-content\/uploads\/replace\/503b8e645f128a97ccde2b6290747646.jpeg\" \/>\n\t\t<script type=\"application\/ld+json\" class=\"aioseo-schema\">\n\t\t\t{\"@context\":\"https:\\\/\\\/schema.org\",\"@graph\":[{\"@type\":\"BreadcrumbList\",\"@id\":\"https:\\\/\\\/www.rucashk.com\\\/pt\\\/produto\\\/logitech-c922-pro-hd-stream-webcam-webcams\\\/#breadcrumblist\",\"itemListElement\":[{\"@type\":\"ListItem\",\"@id\":\"https:\\\/\\\/www.rucashk.com\\\/pt\\\/#listItem\",\"position\":1,\"name\":\"Home\",\"item\":\"https:\\\/\\\/www.rucashk.com\\\/pt\\\/\",\"nextItem\":\"https:\\\/\\\/www.rucashk.com\\\/pt\\\/produto\\\/logitech-c922-pro-hd-stream-webcam-webcams\\\/#listItem\"},{\"@type\":\"ListItem\",\"@id\":\"https:\\\/\\\/www.rucashk.com\\\/pt\\\/produto\\\/logitech-c922-pro-hd-stream-webcam-webcams\\\/#listItem\",\"position\":2,\"name\":\"Logitech C922 PRO HD STREAM WEBCAM Webcams\",\"previousItem\":\"https:\\\/\\\/www.rucashk.com\\\/pt\\\/#listItem\"}]},{\"@type\":\"Organization\",\"@id\":\"https:\\\/\\\/www.rucashk.com\\\/pt\\\/#organization\",\"name\":\"Rucas\",\"url\":\"https:\\\/\\\/www.rucashk.com\\\/pt\\\/\",\"logo\":{\"@type\":\"ImageObject\",\"url\":\"https:\\\/\\\/www.rucashk.com\\\/wp-content\\\/uploads\\\/2023\\\/12\\\/Rucas_campany_logo.png\",\"@id\":\"https:\\\/\\\/www.rucashk.com\\\/pt\\\/produto\\\/logitech-c922-pro-hd-stream-webcam-webcams\\\/#organizationLogo\",\"width\":221,\"height\":65},\"image\":{\"@id\":\"https:\\\/\\\/www.rucashk.com\\\/pt\\\/#organizationLogo\"}},{\"@type\":\"Person\",\"@id\":\"https:\\\/\\\/www.rucashk.com\\\/pt\\\/author\\\/admin\\\/#author\",\"url\":\"https:\\\/\\\/www.rucashk.com\\\/pt\\\/author\\\/admin\\\/\",\"name\":\"admin\",\"image\":{\"@type\":\"ImageObject\",\"@id\":\"https:\\\/\\\/www.rucashk.com\\\/pt\\\/produto\\\/logitech-c922-pro-hd-stream-webcam-webcams\\\/#authorImage\",\"url\":\"https:\\\/\\\/secure.gravatar.com\\\/avatar\\\/b7c8925b09a27e72b30232f8ecaadbd5af0f70a38c78096863fe51b64f031c24?s=96&d=mm&r=g\",\"width\":96,\"height\":96,\"caption\":\"admin\"}},{\"@type\":\"WebPage\",\"@id\":\"https:\\\/\\\/www.rucashk.com\\\/pt\\\/produto\\\/logitech-c922-pro-hd-stream-webcam-webcams\\\/#webpage\",\"url\":\"https:\\\/\\\/www.rucashk.com\\\/pt\\\/produto\\\/logitech-c922-pro-hd-stream-webcam-webcams\\\/\",\"name\":\"Logitech C922 PRO HD STREAM WEBCAM Webcams - Rucas - Wholesale and Distribution\",\"description\":\"Dimensions including fixed mounting clip Height: 44 mm Width: 95 mm Depth: 71 mm Cable length: 1.5 m Weight: 162 g\",\"inLanguage\":\"pt-PT\",\"isPartOf\":{\"@id\":\"https:\\\/\\\/www.rucashk.com\\\/pt\\\/#website\"},\"breadcrumb\":{\"@id\":\"https:\\\/\\\/www.rucashk.com\\\/pt\\\/produto\\\/logitech-c922-pro-hd-stream-webcam-webcams\\\/#breadcrumblist\"},\"author\":{\"@id\":\"https:\\\/\\\/www.rucashk.com\\\/pt\\\/author\\\/admin\\\/#author\"},\"creator\":{\"@id\":\"https:\\\/\\\/www.rucashk.com\\\/pt\\\/author\\\/admin\\\/#author\"},\"image\":{\"@type\":\"ImageObject\",\"url\":\"https:\\\/\\\/www.rucashk.com\\\/wp-content\\\/uploads\\\/2024\\\/01\\\/10002-24-2.jpg\",\"@id\":\"https:\\\/\\\/www.rucashk.com\\\/pt\\\/produto\\\/logitech-c922-pro-hd-stream-webcam-webcams\\\/#mainImage\",\"width\":800,\"height\":800},\"primaryImageOfPage\":{\"@id\":\"https:\\\/\\\/www.rucashk.com\\\/pt\\\/produto\\\/logitech-c922-pro-hd-stream-webcam-webcams\\\/#mainImage\"},\"datePublished\":\"2024-01-09T16:40:54+00:00\",\"dateModified\":\"2025-06-21T09:29:26+00:00\"},{\"@type\":\"WebSite\",\"@id\":\"https:\\\/\\\/www.rucashk.com\\\/pt\\\/#website\",\"url\":\"https:\\\/\\\/www.rucashk.com\\\/pt\\\/\",\"name\":\"Rucas - Wholesale and distribution worldwide\",\"alternateName\":\"Rucas - One-stop AIoT Distribution Worldwide\",\"description\":\"One-stop AIoT Distribution Worldwide\",\"inLanguage\":\"pt-PT\",\"publisher\":{\"@id\":\"https:\\\/\\\/www.rucashk.com\\\/pt\\\/#organization\"}}]}\n\t\t<\/script>\n\t\t<!-- All in One SEO Pro -->\r\n\t\t<title>Logitech C922 PRO HD STREAM WEBCAM Webcams - Rucas - Wholesale and Distribution<\/title>\n\n","aioseo_head_json":{"title":"Logitech C922 PRO HD STREAM WEBCAM Webcams - Rucas - Wholesale and Distribution","description":"Dimensions including fixed mounting clip Height: 44 mm Width: 95 mm Depth: 71 mm Cable length: 1.5 m Weight: 162 g","canonical_url":"https:\/\/www.rucashk.com\/pt\/produto\/logitech-c922-pro-hd-stream-webcam-webcams\/","robots":"max-image-preview:large","keywords":"","webmasterTools":{"miscellaneous":""},"og:locale":"pt_PT","og:site_name":"Rucas - One-stop AIoT Distribution Worldwide","og:type":"article","og:title":"Logitech C922 PRO HD STREAM WEBCAM Webcams - Rucas - Wholesale and Distribution","og:description":"Dimensions including fixed mounting clip Height: 44 mm Width: 95 mm Depth: 71 mm Cable length: 1.5 m Weight: 162 g","og:url":"https:\/\/www.rucashk.com\/pt\/produto\/logitech-c922-pro-hd-stream-webcam-webcams\/","og:image":"https:\/\/www.rucashk.com\/wp-content\/uploads\/replace\/503b8e645f128a97ccde2b6290747646.jpeg","og:image:secure_url":"https:\/\/www.rucashk.com\/wp-content\/uploads\/replace\/503b8e645f128a97ccde2b6290747646.jpeg","og:image:width":1456,"og:image:height":816,"article:published_time":"2024-01-09T16:40:54+00:00","article:modified_time":"2025-06-21T09:29:26+00:00","twitter:card":"summary_large_image","twitter:title":"Logitech C922 PRO HD STREAM WEBCAM Webcams - Rucas - Wholesale and Distribution","twitter:description":"Dimensions including fixed mounting clip Height: 44 mm Width: 95 mm Depth: 71 mm Cable length: 1.5 m Weight: 162 g","twitter:image":"https:\/\/www.rucashk.com\/wp-content\/uploads\/replace\/503b8e645f128a97ccde2b6290747646.jpeg","schema":{"@context":"https:\/\/schema.org","@graph":[{"@type":"BreadcrumbList","@id":"https:\/\/www.rucashk.com\/pt\/produto\/logitech-c922-pro-hd-stream-webcam-webcams\/#breadcrumblist","itemListElement":[{"@type":"ListItem","@id":"https:\/\/www.rucashk.com\/pt\/#listItem","position":1,"name":"Home","item":"https:\/\/www.rucashk.com\/pt\/","nextItem":"https:\/\/www.rucashk.com\/pt\/produto\/logitech-c922-pro-hd-stream-webcam-webcams\/#listItem"},{"@type":"ListItem","@id":"https:\/\/www.rucashk.com\/pt\/produto\/logitech-c922-pro-hd-stream-webcam-webcams\/#listItem","position":2,"name":"Logitech C922 PRO HD STREAM WEBCAM Webcams","previousItem":"https:\/\/www.rucashk.com\/pt\/#listItem"}]},{"@type":"Organization","@id":"https:\/\/www.rucashk.com\/pt\/#organization","name":"Rucas","url":"https:\/\/www.rucashk.com\/pt\/","logo":{"@type":"ImageObject","url":"https:\/\/www.rucashk.com\/wp-content\/uploads\/2023\/12\/Rucas_campany_logo.png","@id":"https:\/\/www.rucashk.com\/pt\/produto\/logitech-c922-pro-hd-stream-webcam-webcams\/#organizationLogo","width":221,"height":65},"image":{"@id":"https:\/\/www.rucashk.com\/pt\/#organizationLogo"}},{"@type":"Person","@id":"https:\/\/www.rucashk.com\/pt\/author\/admin\/#author","url":"https:\/\/www.rucashk.com\/pt\/author\/admin\/","name":"admin","image":{"@type":"ImageObject","@id":"https:\/\/www.rucashk.com\/pt\/produto\/logitech-c922-pro-hd-stream-webcam-webcams\/#authorImage","url":"https:\/\/secure.gravatar.com\/avatar\/b7c8925b09a27e72b30232f8ecaadbd5af0f70a38c78096863fe51b64f031c24?s=96&d=mm&r=g","width":96,"height":96,"caption":"admin"}},{"@type":"WebPage","@id":"https:\/\/www.rucashk.com\/pt\/produto\/logitech-c922-pro-hd-stream-webcam-webcams\/#webpage","url":"https:\/\/www.rucashk.com\/pt\/produto\/logitech-c922-pro-hd-stream-webcam-webcams\/","name":"Logitech C922 PRO HD STREAM WEBCAM Webcams - Rucas - Wholesale and Distribution","description":"Dimensions including fixed mounting clip Height: 44 mm Width: 95 mm Depth: 71 mm Cable length: 1.5 m Weight: 162 g","inLanguage":"pt-PT","isPartOf":{"@id":"https:\/\/www.rucashk.com\/pt\/#website"},"breadcrumb":{"@id":"https:\/\/www.rucashk.com\/pt\/produto\/logitech-c922-pro-hd-stream-webcam-webcams\/#breadcrumblist"},"author":{"@id":"https:\/\/www.rucashk.com\/pt\/author\/admin\/#author"},"creator":{"@id":"https:\/\/www.rucashk.com\/pt\/author\/admin\/#author"},"image":{"@type":"ImageObject","url":"https:\/\/www.rucashk.com\/wp-content\/uploads\/2024\/01\/10002-24-2.jpg","@id":"https:\/\/www.rucashk.com\/pt\/produto\/logitech-c922-pro-hd-stream-webcam-webcams\/#mainImage","width":800,"height":800},"primaryImageOfPage":{"@id":"https:\/\/www.rucashk.com\/pt\/produto\/logitech-c922-pro-hd-stream-webcam-webcams\/#mainImage"},"datePublished":"2024-01-09T16:40:54+00:00","dateModified":"2025-06-21T09:29:26+00:00"},{"@type":"WebSite","@id":"https:\/\/www.rucashk.com\/pt\/#website","url":"https:\/\/www.rucashk.com\/pt\/","name":"Rucas - Wholesale and distribution worldwide","alternateName":"Rucas - One-stop AIoT Distribution Worldwide","description":"One-stop AIoT Distribution Worldwide","inLanguage":"pt-PT","publisher":{"@id":"https:\/\/www.rucashk.com\/pt\/#organization"}}]}},"aioseo_meta_data":{"post_id":"27422","title":null,"description":null,"keywords":null,"keyphrases":null,"primary_term":null,"canonical_url":null,"og_title":null,"og_description":null,"og_object_type":"default","og_image_type":"default","og_image_url":null,"og_image_width":null,"og_image_height":null,"og_image_custom_url":null,"og_image_custom_fields":null,"og_video":"","og_custom_url":null,"og_article_section":null,"og_article_tags":null,"twitter_use_og":false,"twitter_card":"default","twitter_image_type":"default","twitter_image_url":null,"twitter_image_custom_url":null,"twitter_image_custom_fields":null,"twitter_title":null,"twitter_description":null,"schema":{"blockGraphs":[],"customGraphs":[],"default":{"data":{"Article":[],"Course":[],"Dataset":[],"FAQPage":[],"Movie":[],"Person":[],"Product":[],"Recipe":[],"Service":[],"SoftwareApplication":[],"WebPage":[]},"graphName":"","isEnabled":true},"graphs":[]},"schema_type":"default","schema_type_options":null,"pillar_content":false,"robots_default":true,"robots_noindex":false,"robots_noarchive":false,"robots_nosnippet":false,"robots_nofollow":false,"robots_noimageindex":false,"robots_noodp":false,"robots_notranslate":false,"robots_max_snippet":"-1","robots_max_videopreview":"-1","robots_max_imagepreview":"large","priority":null,"frequency":"default","local_seo":null,"breadcrumb_settings":null,"limit_modified_date":false,"created":"2024-04-11 01:57:22","updated":"2025-06-22 18:36:56"},"aioseo_breadcrumb":"<div class=\"aioseo-breadcrumbs\"><span class=\"aioseo-breadcrumb\">\n\t<a href=\"https:\/\/www.rucashk.com\/pt\" title=\"Home\">Home<\/a>\n<\/span><span class=\"aioseo-breadcrumb-separator\">&raquo;<\/span><span class=\"aioseo-breadcrumb\">\n\t<a href=\"https:\/\/www.rucashk.com\/pt\/products\/\" title=\"Produtos\">Produtos<\/a>\n<\/span><span class=\"aioseo-breadcrumb-separator\">&raquo;<\/span><span class=\"aioseo-breadcrumb\">\n\t<a href=\"https:\/\/www.rucashk.com\/pt\/marca\/logitech\/\" title=\"Logitech\">Logitech<\/a>\n<\/span><span class=\"aioseo-breadcrumb-separator\">&raquo;<\/span><span class=\"aioseo-breadcrumb\">\n\tLogitech C922 PRO HD STREAM WEBCAM Webcams\n<\/span><\/div>","aioseo_breadcrumb_json":[{"label":"Home","link":"https:\/\/www.rucashk.com\/pt"},{"label":"Produtos","link":"https:\/\/www.rucashk.com\/pt\/products\/"},{"label":"Logitech","link":"https:\/\/www.rucashk.com\/pt\/marca\/logitech\/"},{"label":"Logitech C922 PRO HD STREAM WEBCAM Webcams","link":"https:\/\/www.rucashk.com\/pt\/produto\/logitech-c922-pro-hd-stream-webcam-webcams\/"}],"_links":{"self":[{"href":"https:\/\/www.rucashk.com\/pt\/wp-json\/wp\/v2\/product\/27422","targetHints":{"allow":["GET"]}}],"collection":[{"href":"https:\/\/www.rucashk.com\/pt\/wp-json\/wp\/v2\/product"}],"about":[{"href":"https:\/\/www.rucashk.com\/pt\/wp-json\/wp\/v2\/types\/product"}],"wp:featuredmedia":[{"embeddable":true,"href":"https:\/\/www.rucashk.com\/pt\/wp-json\/wp\/v2\/media\/27587"}],"wp:attachment":[{"href":"https:\/\/www.rucashk.com\/pt\/wp-json\/wp\/v2\/media?parent=27422"}],"wp:term":[{"taxonomy":"product_brand","embeddable":true,"href":"https:\/\/www.rucashk.com\/pt\/wp-json\/wp\/v2\/product_brand?post=27422"},{"taxonomy":"product_cat","embeddable":true,"href":"https:\/\/www.rucashk.com\/pt\/wp-json\/wp\/v2\/product_cat?post=27422"},{"taxonomy":"product_tag","embeddable":true,"href":"https:\/\/www.rucashk.com\/pt\/wp-json\/wp\/v2\/product_tag?post=27422"}],"curies":[{"name":"wp","href":"https:\/\/api.w.org\/{rel}","templated":true}]}}