{"id":27421,"date":"2024-01-09T16:40:54","date_gmt":"2024-01-09T16:40:54","guid":{"rendered":"http:\/\/rucashk.com\/?post_type=product&#038;p=27421"},"modified":"2025-06-21T09:29:46","modified_gmt":"2025-06-21T09:29:46","slug":"logitech-logitech-streamcam-webcams","status":"publish","type":"product","link":"https:\/\/www.rucashk.com\/pt\/produto\/logitech-logitech-streamcam-webcams\/","title":{"rendered":"Logitech LOGITECH STREAM CAM Webcams"},"content":{"rendered":"<h2 class=\"font-title-m js-title\" style=\"text-align: center\">FULL HD 1080P A 60 FPS<\/h2>\n<div class=\"body-copy-ctn js-body-copy-ctn rte-field\">\n<p style=\"text-align: center\">Transmita e grave v\u00eddeos para YouTube, Twitch e muito mais em resolu\u00e7\u00e3o full HD 1080p a 60 quadros por segundo. N\u00e3o importa o tipo de conte\u00fado que voc\u00ea cria, o StreamCam produz conte\u00fado n\u00edtido com movimentos suaves que parecem naturais na tela.<\/p>\n<\/div>\n<p><img fetchpriority=\"high\" decoding=\"async\" class=\"wp-image-35973 aligncenter\" src=\"\/wp-content\/uploads\/replace\/ec0a6741ffd443af88cdf5c0f0c0a1e7.png\" alt=\"Logitech LOGITECH STREAMCAM Webcams\" width=\"855\" height=\"564\" \/><\/p>\n<p style=\"text-align: center\">\n<h2 class=\"h3\" style=\"text-align: center\">LENTE DE VIDRO PREMIUM COM FOCO AUTOM\u00c1TICO INTELIGENTE<\/h2>\n<p style=\"text-align: center\">A lente de vidro premium da StreamCam oferece qualidade de imagem vibrante e realista com detalhes n\u00edtidos. Um campo de vis\u00e3o de 78 graus mant\u00e9m voc\u00ea na frente e no centro. O foco autom\u00e1tico ajusta a lente de forma inteligente e em tempo real para que voc\u00ea permane\u00e7a sempre focado, mesmo quando se aproxima ou se afasta da c\u00e2mera.<\/p>\n<p>&nbsp;<\/p>\n<p><img decoding=\"async\" class=\"wp-image-35974 aligncenter\" src=\"\/wp-content\/uploads\/replace\/5f83f421e49d2e5a1a423b1a171f05a3.png\" alt=\"Logitech LOGITECH STREAMCAM Webcams\" width=\"854\" height=\"481\" \/><\/p>\n<p>&nbsp;<\/p>\n<h2 class=\"h3\" style=\"text-align: center\">ENQUADRAMENTO AUTOM\u00c1TICO E EXPOSI\u00c7\u00c3O INTELIGENTE<\/h2>\n<p style=\"text-align: center\">O modo de enquadramento autom\u00e1tico inteligente ajusta dinamicamente o enquadramento para mant\u00ea-lo no centro da foto, mesmo quando voc\u00ea se move para a esquerda ou para a direita. O sistema de exposi\u00e7\u00e3o inteligente ajusta a abertura e a velocidade ISO em tempo real para garantir tons de pele precisos e proporcionar uma apar\u00eancia mais natural e saud\u00e1vel, mesmo em condi\u00e7\u00f5es de ilumina\u00e7\u00e3o variadas. Com StreamCam, voc\u00ea pode ter certeza de que sempre ter\u00e1 uma \u00f3tima apar\u00eancia.<\/p>\n<p style=\"text-align: center\">\n<p><img decoding=\"async\" class=\"wp-image-35975 aligncenter\" src=\"\/wp-content\/uploads\/replace\/b53dcb6329c016d9eb6e5afa59274c54.png\" alt=\"Logitech LOGITECH STREAMCAM Webcams\" width=\"852\" height=\"480\" \/><\/p>\n<p>&nbsp;<\/p>\n<h2 class=\"body-copy-title font-title-m font-brown-bold\" style=\"text-align: center\">OTIMIZADO PARA SOFTWARE POPULAR DE TRANSMISS\u00c3O AO VIVO<\/h2>\n<p style=\"text-align: center\">StreamCam \u00e9 otimizado para Streamlabs Desktop, Open Broadcaster Software (OBS) e outros softwares populares de transmiss\u00e3o ao vivo. Transmita facilmente para Twitch, YouTube e todos os seus sites de streaming favoritos<\/p>\n<p>&nbsp;<\/p>\n<p><img loading=\"lazy\" decoding=\"async\" class=\"wp-image-35976 aligncenter\" src=\"\/wp-content\/uploads\/replace\/a15d89dc2769c8d14eff668a6552b28a.png\" alt=\"Logitech LOGITECH STREAMCAM Webcams\" width=\"850\" height=\"575\" \/><\/p>\n<p>&nbsp;<\/p>\n<h2 class=\"h3\" style=\"text-align: center\">CONTROLE MELHORADO COM O SOFTWARE LOGITECH CAPTURE<\/h2>\n<p style=\"text-align: center\">Pronto para levar seu conte\u00fado para o pr\u00f3ximo n\u00edvel? Combine o StreamCam com o software Logitech Capture inclu\u00eddo para desbloquear recursos poderosos que automatizam a exposi\u00e7\u00e3o do foco e muito mais.<\/p>\n<p style=\"text-align: center\">\n<p><img loading=\"lazy\" decoding=\"async\" class=\"wp-image-35977 aligncenter\" src=\"\/wp-content\/uploads\/replace\/68d3fe1a8942989e6c7e3a937378a7aa.png\" alt=\"Logitech LOGITECH STREAMCAM Webcams\" width=\"850\" height=\"479\" \/><\/p>\n<p>&nbsp;<\/p>\n<h2 class=\"body-copy-title font-title-m font-brown-bold\" style=\"text-align: center\">CONECTA COM USB-C<\/h2>\n<p style=\"text-align: center\">Padr\u00e3o para conex\u00f5es r\u00e1pidas e confi\u00e1veis, StreamCam usa USB Type-C para garantir velocidades de transfer\u00eancia de v\u00eddeo eficientes. Compat\u00edvel com Windows 10 e macOS 10.14 e superior.<\/p>\n<p>&nbsp;<\/p>\n<p><img loading=\"lazy\" decoding=\"async\" class=\"wp-image-35978 aligncenter\" src=\"\/wp-content\/uploads\/replace\/3fc21710cc8985ebad9ad1b42ce4aa02.png\" alt=\"Logitech LOGITECH STREAMCAM Webcams\" width=\"850\" height=\"524\" \/><\/p>\n<p>&nbsp;<\/p>\n<h2 class=\"font-title-m js-title\" style=\"text-align: center\">CRIE E TRANSMITA COMO NUNCA ANTES<\/h2>\n<div class=\"body-copy-ctn js-body-copy-ctn rte-field\">\n<p style=\"text-align: center\">Digite, grave e transmita com ferramentas de design modernas que elevam a configura\u00e7\u00e3o da sua mesa. Trabalhe silenciosamente com um teclado e mouse finos e leves. Aumente suas videoconfer\u00eancias e apresenta\u00e7\u00f5es com StreamCam e o headset Zone 900. \u00c9 tudo que voc\u00ea precisa para possuir seu espa\u00e7o e levar seu conte\u00fado para o pr\u00f3ximo n\u00edvel.<\/p>\n<\/div>\n<p>&nbsp;<\/p>\n<p><img loading=\"lazy\" decoding=\"async\" class=\"wp-image-35979 aligncenter\" src=\"\/wp-content\/uploads\/replace\/3d828a63eae7e5c55c017b8557987fd3.png\" alt=\"Logitech LOGITECH STREAMCAM Webcams\" width=\"852\" height=\"545\" \/><\/p>\n<p>&nbsp;<\/p>\n<p>&nbsp;<\/p>\n<h4 class=\"specs-heading\">Especifica\u00e7\u00f5es<\/h4>\n<div class=\"specs-column\">\n<div class=\"specs-group\">\n<div class=\"specs-block\">\n<div class=\"specs-description\"><strong>Resolu\u00e7\u00e3o m\u00e1xima de v\u00eddeo<\/strong>: 1080p\/60 fps em MJPEG<\/div>\n<\/div>\n<div class=\"specs-block\">\n<h5 class=\"specs-title\">Resolu\u00e7\u00f5es suportadas<\/h5>\n<ul class=\"specs-description-list\">\n<li>1920&#215;1080, 1280&#215;720, 960&#215;540, 848&#215;480, 640&#215;360, 320&#215;240<\/li>\n<\/ul>\n<\/div>\n<div class=\"specs-block\">\n<h5 class=\"specs-title\">Taxa de quadros suportada<\/h5>\n<ul class=\"specs-description-list\">\n<li><strong>MJPEG<\/strong>: 60 fps, 30 fps, 24 fps, 20 fps, 15 fps, 10 fps, 7,5 fps, 5 fps<\/li>\n<li><strong>YUY2, NV12<\/strong>: 30 fps, 24 fps, 20 fps, 15 fps, 10 fps, 7,5 fps, 5 fps<\/li>\n<\/ul>\n<\/div>\n<div class=\"specs-block\">\n<h5 class=\"specs-title\">Lente<\/h5>\n<ul class=\"specs-description-list\">\n<li>Lente de vidro Full HD premium<\/li>\n<li>f\/2.0 \u2013 dist\u00e2ncia focal 3,7 mm<\/li>\n<li><strong>Campo de vis\u00e3o<\/strong>: 78\u00b0 (diagonal)<\/li>\n<\/ul>\n<\/div>\n<div class=\"specs-block\">\n<h5 class=\"specs-title\">Foco<\/h5>\n<ul class=\"specs-description-list\">\n<li>Foco autom\u00e1tico (de 10 cm ao infinito) \/ foco autom\u00e1tico baseado em rosto com Logitech Capture<\/li>\n<\/ul>\n<\/div>\n<div class=\"specs-block\">\n<h5 class=\"specs-title\">\u00c1udio integrado<\/h5>\n<ul class=\"specs-description-list\">\n<li>Microfone omnidirecional duplo com filtro de redu\u00e7\u00e3o de ru\u00eddo<\/li>\n<li>Canal est\u00e9reo ou mono duplo<\/li>\n<\/ul>\n<\/div>\n<div class=\"specs-block\">\n<h5 class=\"specs-title\">Luzes indicadoras ao vivo<\/h5>\n<ul class=\"specs-description-list\">\n<li>LED branco<\/li>\n<\/ul>\n<\/div>\n<\/div>\n<\/div>","protected":false},"excerpt":{"rendered":"<div class=\"specs-block\">\n<h5 class=\"specs-title\">Sem montaria<\/h5>\n<ul class=\"specs-description-list\">\n<li><strong>Altura<\/strong>: 66mm<\/li>\n<li><strong>Largura<\/strong>: 58mm<\/li>\n<li><strong>Profundidade<\/strong>: 48mm<\/li>\n<li><strong>Peso<\/strong>: 150g<\/li>\n<\/ul>\n<\/div>\n<div class=\"specs-block\">\n<h5 class=\"specs-title\">Com suporte para monitor<\/h5>\n<ul class=\"specs-description-list\">\n<li><strong>Altura<\/strong>: 85mm<\/li>\n<li><strong>Largura<\/strong>: 58mm<\/li>\n<li><strong>Profundidade<\/strong>: 48mm<\/li>\n<li><strong>Peso<\/strong>: 222g<\/li>\n<\/ul>\n<\/div>","protected":false},"featured_media":27577,"template":"","meta":[],"product_brand":[1380],"product_cat":[1332,1322],"product_tag":[],"class_list":{"0":"post-27421","1":"product","2":"type-product","3":"status-publish","4":"has-post-thumbnail","6":"product_brand-logitech","7":"product_cat-logitech-other-a-brands","8":"product_cat-other-a-brands","10":"first","11":"instock","12":"shipping-taxable","13":"product-type-simple"},"aioseo_notices":[],"aioseo_head":"\n\t\t<!-- All in One SEO Pro 4.5.9.2 - aioseo.com -->\n\t\t<meta name=\"description\" content=\"Without mount Height: 66 mm Width: 58 mm Depth: 48 mm Weight: 150 g With monitor mount Height: 85 mm Width: 58 mm Depth: 48 mm Weight: 222 g\" \/>\n\t\t<meta name=\"robots\" content=\"max-image-preview:large\" \/>\n\t\t<link rel=\"canonical\" href=\"https:\/\/www.rucashk.com\/pt\/produto\/logitech-logitech-streamcam-webcams\/\" \/>\n\t\t<meta name=\"generator\" content=\"All in One SEO Pro (AIOSEO) 4.5.9.2\" \/>\n\t\t<meta property=\"og:locale\" content=\"pt_PT\" \/>\n\t\t<meta property=\"og:site_name\" content=\"Rucas - One-stop AIoT Distribution Worldwide\" \/>\n\t\t<meta property=\"og:type\" content=\"article\" \/>\n\t\t<meta property=\"og:title\" content=\"Logitech LOGITECH STREAMCAM Webcams - Rucas - Wholesale and Distribution\" \/>\n\t\t<meta property=\"og:description\" content=\"Without mount Height: 66 mm Width: 58 mm Depth: 48 mm Weight: 150 g With monitor mount Height: 85 mm Width: 58 mm Depth: 48 mm Weight: 222 g\" \/>\n\t\t<meta property=\"og:url\" content=\"https:\/\/www.rucashk.com\/pt\/produto\/logitech-logitech-streamcam-webcams\/\" \/>\n\t\t<meta property=\"og:image\" content=\"https:\/\/www.rucashk.com\/wp-content\/uploads\/replace\/503b8e645f128a97ccde2b6290747646.jpeg\" \/>\n\t\t<meta property=\"og:image:secure_url\" content=\"https:\/\/www.rucashk.com\/wp-content\/uploads\/replace\/503b8e645f128a97ccde2b6290747646.jpeg\" \/>\n\t\t<meta property=\"og:image:width\" content=\"1456\" \/>\n\t\t<meta property=\"og:image:height\" content=\"816\" \/>\n\t\t<meta property=\"article:published_time\" content=\"2024-01-09T16:40:54+00:00\" \/>\n\t\t<meta property=\"article:modified_time\" content=\"2025-06-21T09:29:46+00:00\" \/>\n\t\t<meta name=\"twitter:card\" content=\"summary_large_image\" \/>\n\t\t<meta name=\"twitter:title\" content=\"Logitech LOGITECH STREAMCAM Webcams - Rucas - Wholesale and Distribution\" \/>\n\t\t<meta name=\"twitter:description\" content=\"Without mount Height: 66 mm Width: 58 mm Depth: 48 mm Weight: 150 g With monitor mount Height: 85 mm Width: 58 mm Depth: 48 mm Weight: 222 g\" \/>\n\t\t<meta name=\"twitter:image\" content=\"https:\/\/www.rucashk.com\/wp-content\/uploads\/replace\/503b8e645f128a97ccde2b6290747646.jpeg\" \/>\n\t\t<script type=\"application\/ld+json\" class=\"aioseo-schema\">\n\t\t\t{\"@context\":\"https:\\\/\\\/schema.org\",\"@graph\":[{\"@type\":\"BreadcrumbList\",\"@id\":\"https:\\\/\\\/www.rucashk.com\\\/pt\\\/produto\\\/logitech-logitech-streamcam-webcams\\\/#breadcrumblist\",\"itemListElement\":[{\"@type\":\"ListItem\",\"@id\":\"https:\\\/\\\/www.rucashk.com\\\/pt\\\/#listItem\",\"position\":1,\"name\":\"Home\",\"item\":\"https:\\\/\\\/www.rucashk.com\\\/pt\\\/\",\"nextItem\":\"https:\\\/\\\/www.rucashk.com\\\/pt\\\/produto\\\/logitech-logitech-streamcam-webcams\\\/#listItem\"},{\"@type\":\"ListItem\",\"@id\":\"https:\\\/\\\/www.rucashk.com\\\/pt\\\/produto\\\/logitech-logitech-streamcam-webcams\\\/#listItem\",\"position\":2,\"name\":\"Logitech LOGITECH STREAMCAM Webcams\",\"previousItem\":\"https:\\\/\\\/www.rucashk.com\\\/pt\\\/#listItem\"}]},{\"@type\":\"Organization\",\"@id\":\"https:\\\/\\\/www.rucashk.com\\\/pt\\\/#organization\",\"name\":\"Rucas\",\"url\":\"https:\\\/\\\/www.rucashk.com\\\/pt\\\/\",\"logo\":{\"@type\":\"ImageObject\",\"url\":\"https:\\\/\\\/www.rucashk.com\\\/wp-content\\\/uploads\\\/2023\\\/12\\\/Rucas_campany_logo.png\",\"@id\":\"https:\\\/\\\/www.rucashk.com\\\/pt\\\/produto\\\/logitech-logitech-streamcam-webcams\\\/#organizationLogo\",\"width\":221,\"height\":65},\"image\":{\"@id\":\"https:\\\/\\\/www.rucashk.com\\\/pt\\\/#organizationLogo\"}},{\"@type\":\"Person\",\"@id\":\"https:\\\/\\\/www.rucashk.com\\\/pt\\\/author\\\/admin\\\/#author\",\"url\":\"https:\\\/\\\/www.rucashk.com\\\/pt\\\/author\\\/admin\\\/\",\"name\":\"admin\",\"image\":{\"@type\":\"ImageObject\",\"@id\":\"https:\\\/\\\/www.rucashk.com\\\/pt\\\/produto\\\/logitech-logitech-streamcam-webcams\\\/#authorImage\",\"url\":\"https:\\\/\\\/secure.gravatar.com\\\/avatar\\\/b7c8925b09a27e72b30232f8ecaadbd5af0f70a38c78096863fe51b64f031c24?s=96&d=mm&r=g\",\"width\":96,\"height\":96,\"caption\":\"admin\"}},{\"@type\":\"WebPage\",\"@id\":\"https:\\\/\\\/www.rucashk.com\\\/pt\\\/produto\\\/logitech-logitech-streamcam-webcams\\\/#webpage\",\"url\":\"https:\\\/\\\/www.rucashk.com\\\/pt\\\/produto\\\/logitech-logitech-streamcam-webcams\\\/\",\"name\":\"Logitech LOGITECH STREAMCAM Webcams - Rucas - Wholesale and Distribution\",\"description\":\"Without mount Height: 66 mm Width: 58 mm Depth: 48 mm Weight: 150 g With monitor mount Height: 85 mm Width: 58 mm Depth: 48 mm Weight: 222 g\",\"inLanguage\":\"pt-PT\",\"isPartOf\":{\"@id\":\"https:\\\/\\\/www.rucashk.com\\\/pt\\\/#website\"},\"breadcrumb\":{\"@id\":\"https:\\\/\\\/www.rucashk.com\\\/pt\\\/produto\\\/logitech-logitech-streamcam-webcams\\\/#breadcrumblist\"},\"author\":{\"@id\":\"https:\\\/\\\/www.rucashk.com\\\/pt\\\/author\\\/admin\\\/#author\"},\"creator\":{\"@id\":\"https:\\\/\\\/www.rucashk.com\\\/pt\\\/author\\\/admin\\\/#author\"},\"image\":{\"@type\":\"ImageObject\",\"url\":\"https:\\\/\\\/www.rucashk.com\\\/wp-content\\\/uploads\\\/2024\\\/01\\\/10001-16.webp\",\"@id\":\"https:\\\/\\\/www.rucashk.com\\\/pt\\\/produto\\\/logitech-logitech-streamcam-webcams\\\/#mainImage\",\"width\":800,\"height\":800},\"primaryImageOfPage\":{\"@id\":\"https:\\\/\\\/www.rucashk.com\\\/pt\\\/produto\\\/logitech-logitech-streamcam-webcams\\\/#mainImage\"},\"datePublished\":\"2024-01-09T16:40:54+00:00\",\"dateModified\":\"2025-06-21T09:29:46+00:00\"},{\"@type\":\"WebSite\",\"@id\":\"https:\\\/\\\/www.rucashk.com\\\/pt\\\/#website\",\"url\":\"https:\\\/\\\/www.rucashk.com\\\/pt\\\/\",\"name\":\"Rucas - Wholesale and distribution worldwide\",\"alternateName\":\"Rucas - One-stop AIoT Distribution Worldwide\",\"description\":\"One-stop AIoT Distribution Worldwide\",\"inLanguage\":\"pt-PT\",\"publisher\":{\"@id\":\"https:\\\/\\\/www.rucashk.com\\\/pt\\\/#organization\"}}]}\n\t\t<\/script>\n\t\t<!-- All in One SEO Pro -->\r\n\t\t<title>Logitech LOGITECH STREAMCAM Webcams - Rucas - Wholesale and Distribution<\/title>\n\n","aioseo_head_json":{"title":"Logitech LOGITECH STREAMCAM Webcams - Rucas - Wholesale and Distribution","description":"Without mount Height: 66 mm Width: 58 mm Depth: 48 mm Weight: 150 g With monitor mount Height: 85 mm Width: 58 mm Depth: 48 mm Weight: 222 g","canonical_url":"https:\/\/www.rucashk.com\/pt\/produto\/logitech-logitech-streamcam-webcams\/","robots":"max-image-preview:large","keywords":"","webmasterTools":{"miscellaneous":""},"og:locale":"pt_PT","og:site_name":"Rucas - One-stop AIoT Distribution Worldwide","og:type":"article","og:title":"Logitech LOGITECH STREAMCAM Webcams - Rucas - Wholesale and Distribution","og:description":"Without mount Height: 66 mm Width: 58 mm Depth: 48 mm Weight: 150 g With monitor mount Height: 85 mm Width: 58 mm Depth: 48 mm Weight: 222 g","og:url":"https:\/\/www.rucashk.com\/pt\/produto\/logitech-logitech-streamcam-webcams\/","og:image":"https:\/\/www.rucashk.com\/wp-content\/uploads\/replace\/503b8e645f128a97ccde2b6290747646.jpeg","og:image:secure_url":"https:\/\/www.rucashk.com\/wp-content\/uploads\/replace\/503b8e645f128a97ccde2b6290747646.jpeg","og:image:width":1456,"og:image:height":816,"article:published_time":"2024-01-09T16:40:54+00:00","article:modified_time":"2025-06-21T09:29:46+00:00","twitter:card":"summary_large_image","twitter:title":"Logitech LOGITECH STREAMCAM Webcams - Rucas - Wholesale and Distribution","twitter:description":"Without mount Height: 66 mm Width: 58 mm Depth: 48 mm Weight: 150 g With monitor mount Height: 85 mm Width: 58 mm Depth: 48 mm Weight: 222 g","twitter:image":"https:\/\/www.rucashk.com\/wp-content\/uploads\/replace\/503b8e645f128a97ccde2b6290747646.jpeg","schema":{"@context":"https:\/\/schema.org","@graph":[{"@type":"BreadcrumbList","@id":"https:\/\/www.rucashk.com\/pt\/produto\/logitech-logitech-streamcam-webcams\/#breadcrumblist","itemListElement":[{"@type":"ListItem","@id":"https:\/\/www.rucashk.com\/pt\/#listItem","position":1,"name":"Home","item":"https:\/\/www.rucashk.com\/pt\/","nextItem":"https:\/\/www.rucashk.com\/pt\/produto\/logitech-logitech-streamcam-webcams\/#listItem"},{"@type":"ListItem","@id":"https:\/\/www.rucashk.com\/pt\/produto\/logitech-logitech-streamcam-webcams\/#listItem","position":2,"name":"Logitech LOGITECH STREAMCAM Webcams","previousItem":"https:\/\/www.rucashk.com\/pt\/#listItem"}]},{"@type":"Organization","@id":"https:\/\/www.rucashk.com\/pt\/#organization","name":"Rucas","url":"https:\/\/www.rucashk.com\/pt\/","logo":{"@type":"ImageObject","url":"https:\/\/www.rucashk.com\/wp-content\/uploads\/2023\/12\/Rucas_campany_logo.png","@id":"https:\/\/www.rucashk.com\/pt\/produto\/logitech-logitech-streamcam-webcams\/#organizationLogo","width":221,"height":65},"image":{"@id":"https:\/\/www.rucashk.com\/pt\/#organizationLogo"}},{"@type":"Person","@id":"https:\/\/www.rucashk.com\/pt\/author\/admin\/#author","url":"https:\/\/www.rucashk.com\/pt\/author\/admin\/","name":"admin","image":{"@type":"ImageObject","@id":"https:\/\/www.rucashk.com\/pt\/produto\/logitech-logitech-streamcam-webcams\/#authorImage","url":"https:\/\/secure.gravatar.com\/avatar\/b7c8925b09a27e72b30232f8ecaadbd5af0f70a38c78096863fe51b64f031c24?s=96&d=mm&r=g","width":96,"height":96,"caption":"admin"}},{"@type":"WebPage","@id":"https:\/\/www.rucashk.com\/pt\/produto\/logitech-logitech-streamcam-webcams\/#webpage","url":"https:\/\/www.rucashk.com\/pt\/produto\/logitech-logitech-streamcam-webcams\/","name":"Logitech LOGITECH STREAMCAM Webcams - Rucas - Wholesale and Distribution","description":"Without mount Height: 66 mm Width: 58 mm Depth: 48 mm Weight: 150 g With monitor mount Height: 85 mm Width: 58 mm Depth: 48 mm Weight: 222 g","inLanguage":"pt-PT","isPartOf":{"@id":"https:\/\/www.rucashk.com\/pt\/#website"},"breadcrumb":{"@id":"https:\/\/www.rucashk.com\/pt\/produto\/logitech-logitech-streamcam-webcams\/#breadcrumblist"},"author":{"@id":"https:\/\/www.rucashk.com\/pt\/author\/admin\/#author"},"creator":{"@id":"https:\/\/www.rucashk.com\/pt\/author\/admin\/#author"},"image":{"@type":"ImageObject","url":"https:\/\/www.rucashk.com\/wp-content\/uploads\/2024\/01\/10001-16.webp","@id":"https:\/\/www.rucashk.com\/pt\/produto\/logitech-logitech-streamcam-webcams\/#mainImage","width":800,"height":800},"primaryImageOfPage":{"@id":"https:\/\/www.rucashk.com\/pt\/produto\/logitech-logitech-streamcam-webcams\/#mainImage"},"datePublished":"2024-01-09T16:40:54+00:00","dateModified":"2025-06-21T09:29:46+00:00"},{"@type":"WebSite","@id":"https:\/\/www.rucashk.com\/pt\/#website","url":"https:\/\/www.rucashk.com\/pt\/","name":"Rucas - Wholesale and distribution worldwide","alternateName":"Rucas - One-stop AIoT Distribution Worldwide","description":"One-stop AIoT Distribution Worldwide","inLanguage":"pt-PT","publisher":{"@id":"https:\/\/www.rucashk.com\/pt\/#organization"}}]}},"aioseo_meta_data":{"post_id":"27421","title":null,"description":null,"keywords":null,"keyphrases":null,"primary_term":null,"canonical_url":null,"og_title":null,"og_description":null,"og_object_type":"default","og_image_type":"default","og_image_url":null,"og_image_width":null,"og_image_height":null,"og_image_custom_url":null,"og_image_custom_fields":null,"og_video":"","og_custom_url":null,"og_article_section":null,"og_article_tags":null,"twitter_use_og":false,"twitter_card":"default","twitter_image_type":"default","twitter_image_url":null,"twitter_image_custom_url":null,"twitter_image_custom_fields":null,"twitter_title":null,"twitter_description":null,"schema":{"blockGraphs":[],"customGraphs":[],"default":{"data":{"Article":[],"Course":[],"Dataset":[],"FAQPage":[],"Movie":[],"Person":[],"Product":[],"Recipe":[],"Service":[],"SoftwareApplication":[],"WebPage":[]},"graphName":"","isEnabled":true},"graphs":[]},"schema_type":"default","schema_type_options":null,"pillar_content":false,"robots_default":true,"robots_noindex":false,"robots_noarchive":false,"robots_nosnippet":false,"robots_nofollow":false,"robots_noimageindex":false,"robots_noodp":false,"robots_notranslate":false,"robots_max_snippet":"-1","robots_max_videopreview":"-1","robots_max_imagepreview":"large","priority":null,"frequency":"default","local_seo":null,"breadcrumb_settings":null,"limit_modified_date":false,"created":"2024-04-11 01:57:22","updated":"2025-06-22 18:36:56"},"aioseo_breadcrumb":"<div class=\"aioseo-breadcrumbs\"><span class=\"aioseo-breadcrumb\">\n\t<a href=\"https:\/\/www.rucashk.com\/pt\" title=\"Home\">Home<\/a>\n<\/span><span class=\"aioseo-breadcrumb-separator\">&raquo;<\/span><span class=\"aioseo-breadcrumb\">\n\t<a href=\"https:\/\/www.rucashk.com\/pt\/products\/\" title=\"Produtos\">Produtos<\/a>\n<\/span><span class=\"aioseo-breadcrumb-separator\">&raquo;<\/span><span class=\"aioseo-breadcrumb\">\n\t<a href=\"https:\/\/www.rucashk.com\/pt\/marca\/logitech\/\" title=\"Logitech\">Logitech<\/a>\n<\/span><span class=\"aioseo-breadcrumb-separator\">&raquo;<\/span><span class=\"aioseo-breadcrumb\">\n\tLogitech LOGITECH STREAMCAM Webcams\n<\/span><\/div>","aioseo_breadcrumb_json":[{"label":"Home","link":"https:\/\/www.rucashk.com\/pt"},{"label":"Produtos","link":"https:\/\/www.rucashk.com\/pt\/products\/"},{"label":"Logitech","link":"https:\/\/www.rucashk.com\/pt\/marca\/logitech\/"},{"label":"Logitech LOGITECH STREAMCAM Webcams","link":"https:\/\/www.rucashk.com\/pt\/produto\/logitech-logitech-streamcam-webcams\/"}],"_links":{"self":[{"href":"https:\/\/www.rucashk.com\/pt\/wp-json\/wp\/v2\/product\/27421","targetHints":{"allow":["GET"]}}],"collection":[{"href":"https:\/\/www.rucashk.com\/pt\/wp-json\/wp\/v2\/product"}],"about":[{"href":"https:\/\/www.rucashk.com\/pt\/wp-json\/wp\/v2\/types\/product"}],"wp:featuredmedia":[{"embeddable":true,"href":"https:\/\/www.rucashk.com\/pt\/wp-json\/wp\/v2\/media\/27577"}],"wp:attachment":[{"href":"https:\/\/www.rucashk.com\/pt\/wp-json\/wp\/v2\/media?parent=27421"}],"wp:term":[{"taxonomy":"product_brand","embeddable":true,"href":"https:\/\/www.rucashk.com\/pt\/wp-json\/wp\/v2\/product_brand?post=27421"},{"taxonomy":"product_cat","embeddable":true,"href":"https:\/\/www.rucashk.com\/pt\/wp-json\/wp\/v2\/product_cat?post=27421"},{"taxonomy":"product_tag","embeddable":true,"href":"https:\/\/www.rucashk.com\/pt\/wp-json\/wp\/v2\/product_tag?post=27421"}],"curies":[{"name":"wp","href":"https:\/\/api.w.org\/{rel}","templated":true}]}}