{"id":27420,"date":"2024-01-09T16:40:54","date_gmt":"2024-01-09T16:40:54","guid":{"rendered":"http:\/\/rucashk.com\/?post_type=product&#038;p=27420"},"modified":"2025-06-21T09:29:17","modified_gmt":"2025-06-21T09:29:17","slug":"logitech-logitech-brio-stream-webcams","status":"publish","type":"product","link":"https:\/\/www.rucashk.com\/pt\/produto\/logitech-logitech-brio-stream-webcams\/","title":{"rendered":"Logitech LOGITECH BRIO STREAM Webcams"},"content":{"rendered":"<h2 class=\"body-copy-title font-title-l font-brown-bold dc-black tc-black mc-black\" style=\"text-align: center\">CHAMADAS DE V\u00cdDEO DE N\u00cdVEL PROFISSIONAL EM 4K HD<\/h2>\n<p style=\"text-align: center\">Obtenha excel\u00eancia em colabora\u00e7\u00e3o por v\u00eddeo em sua mesa com uma webcam 4K projetada para desempenho e resultados de n\u00edvel profissional. O Brio Stream captura todos os detalhes do v\u00eddeo com excelente resolu\u00e7\u00e3o, cor e detalhes. O compartilhamento ass\u00edncrono de apresenta\u00e7\u00f5es e a grava\u00e7\u00e3o de v\u00eddeo s\u00e3o ultra suaves, n\u00edtidos e, com taxas de quadros de at\u00e9 90 qps, a c\u00e2mera fornece um fluxo de v\u00eddeo notavelmente elegante e fluido.<\/p>\n<p><img fetchpriority=\"high\" decoding=\"async\" class=\"wp-image-35961 aligncenter\" src=\"\/wp-content\/uploads\/replace\/7e0cab482a81cdbdfc8a9ae4a01e6bc9.png\" alt=\"Logitech LOGITECH BRIO STREAM Webcams\" width=\"861\" height=\"485\" \/><\/p>\n<p>&nbsp;<\/p>\n<h2 class=\"body-copy-title font-title-l font-brown-bold\" style=\"text-align: center\">OLHE PROFISSIONAL SOB QUALQUER LUZ<\/h2>\n<p style=\"text-align: center\">Conhe\u00e7a, transmita e grave com o Brio Stream sob qualquer luz e tenha sempre uma apar\u00eancia profissional no v\u00eddeo. Seja com pouca luz, luz solar direta ou condi\u00e7\u00f5es de ilumina\u00e7\u00e3o de alto contraste, o RightLight 3 com alta faixa din\u00e2mica (HDR) se ajusta automaticamente para sempre destacar o assunto mais importante: voc\u00ea.<\/p>\n<p style=\"text-align: center\">\n<p><img decoding=\"async\" class=\"wp-image-35962 aligncenter\" src=\"\/wp-content\/uploads\/replace\/f051b5bde037bbeadea40a73022f1801.png\" alt=\"Logitech LOGITECH BRIO STREAM Webcams\" width=\"856\" height=\"511\" \/><\/p>\n<p>&nbsp;<\/p>\n<h2 class=\"h3\" style=\"text-align: center\">GRAVA\u00c7\u00c3O ULTRA-SUAVE<\/h2>\n<p style=\"text-align: center\">O Brio Stream mant\u00e9m uma alta taxa de quadros (at\u00e9 90 fps) em qualquer condi\u00e7\u00e3o de ilumina\u00e7\u00e3o para fornecer grava\u00e7\u00e3o de alta qualidade, compartilhamento ass\u00edncrono de apresenta\u00e7\u00f5es e transmiss\u00f5es suaves e fluidas que acompanham cada movimento seu. As taxas de quadros mais altas s\u00e3o ideais para qualquer situa\u00e7\u00e3o que exija c\u00e2mera lenta ou um fluxo de v\u00eddeo fluido e extra suave.<\/p>\n<p>&nbsp;<\/p>\n<p><img decoding=\"async\" class=\"wp-image-35963 aligncenter\" src=\"\/wp-content\/uploads\/replace\/a062a5b91edcbcbb412628914114a41e.png\" alt=\"Logitech LOGITECH BRIO STREAM Webcams\" width=\"855\" height=\"496\" \/><\/p>\n<p>&nbsp;<\/p>\n<h2 class=\"h3\" style=\"text-align: center\">A SEGURAN\u00c7A ENCONTRA A CONVENI\u00caNCIA<\/h2>\n<p style=\"text-align: center\">Fa\u00e7a login de forma segura e f\u00e1cil no seu computador com o reconhecimento facial do Windows Hello \u2013 \u00e9 uma senha a menos para digitar ou lembrar. Basta olhar para a lente Brio Stream e pronto.<\/p>\n<p style=\"text-align: center\">\n<p><img loading=\"lazy\" decoding=\"async\" class=\"wp-image-35964 aligncenter\" src=\"\/wp-content\/uploads\/replace\/b466cb890861e4a44915cae43d5f2db6.png\" alt=\"Logitech LOGITECH BRIO STREAM Webcams\" width=\"853\" height=\"495\" \/><\/p>\n<p>&nbsp;<\/p>\n<h2 class=\"h3\" style=\"text-align: center\">ALIMENTE SUA CRIATIVIDADE<\/h2>\n<p style=\"text-align: center\">Esteja voc\u00ea em uma reuni\u00e3o virtual, transmiss\u00e3o ao vivo ou grava\u00e7\u00e3o, o Brio Stream otimiza a experi\u00eancia de v\u00eddeo para voc\u00ea e seu p\u00fablico. Com o Logi Tune, voc\u00ea pode personalizar a forma como se apresenta com filtros personalizados, dFOV e muito mais, para ter sempre a melhor apar\u00eancia. Voc\u00ea tamb\u00e9m pode aproveitar as vantagens do Logitech Capture para cria\u00e7\u00e3o de conte\u00fado tudo-em-um. Ou use o GHub com OBS integrado para transmiss\u00e3o ao vivo personalizada.<\/p>\n<p>&nbsp;<\/p>\n<p><img loading=\"lazy\" decoding=\"async\" class=\"wp-image-35965 aligncenter\" src=\"\/wp-content\/uploads\/replace\/626270fe9a89f293b5dc463745c1ee08.png\" alt=\"Logitech LOGITECH BRIO STREAM Webcams\" width=\"854\" height=\"424\" \/><\/p>\n<p>&nbsp;<\/p>\n<h2 class=\"h3\" style=\"text-align: center\">LICEN\u00c7A XSPLIT PREMIUM DE 12 MESES<\/h2>\n<p style=\"text-align: center\">A Logitech trabalhou em estreita colabora\u00e7\u00e3o com o XSplit para fornecer uma solu\u00e7\u00e3o completa de transmiss\u00e3o ao vivo que oferece compatibilidade com 4K e alta taxa de quadros.<\/p>\n<p>&nbsp;<\/p>\n<p><img loading=\"lazy\" decoding=\"async\" class=\"wp-image-35966 aligncenter\" src=\"\/wp-content\/uploads\/replace\/38272a12e0b5578aabb282af4f80e100.png\" alt=\"Logitech LOGITECH BRIO STREAM Webcams\" width=\"854\" height=\"481\" \/><\/p>\n<p>&nbsp;<\/p>\n<p>&nbsp;<\/p>\n<h4 class=\"specs-heading\">Especifica\u00e7\u00f5es<\/h4>\n<div class=\"specs-column\">\n<div class=\"specs-group\">\n<div class=\"specs-block\">\n<h5 class=\"specs-title\">M\u00faltiplas resolu\u00e7\u00f5es<\/h5>\n<ul class=\"specs-description-list\">\n<li>4K\/30fps (at\u00e9 4096 x 2160 pixels)<\/li>\n<li>1080p\/30 ou 60 fps (at\u00e9 1920 x 1080 pixels)<\/li>\n<li>720p\/30, 60 ou 90 fps (at\u00e9 1280 x 720 pixels)<\/li>\n<\/ul>\n<\/div>\n<div class=\"specs-block\">\n<div class=\"specs-description\"><strong>Tipo de foco<\/strong>: Auto-foco<\/div>\n<\/div>\n<div class=\"specs-block\">\n<div class=\"specs-description\"><strong>Tipo de lente<\/strong>: Vidro<\/div>\n<\/div>\n<div class=\"specs-block\">\n<div class=\"specs-description\"><strong>Microfone embutido<\/strong>: est\u00e9reo, duplo omnidirecional<\/div>\n<\/div>\n<div class=\"specs-block\">\n<div class=\"specs-description\"><strong>Campo de vis\u00e3o diagonal (dFoV)<\/strong>: 90\u00b0\/78\u00b0\/65\u00b0<\/div>\n<\/div>\n<div class=\"specs-block\">\n<div class=\"specs-description\"><strong>Zoom digital<\/strong>: 5x<\/div>\n<\/div>\n<div class=\"specs-block\">\n<h5 class=\"specs-title\">Conectividade USB<\/h5>\n<\/div>\n<\/div>\n<\/div>","protected":false},"excerpt":{"rendered":"<div class=\"specs-block\">\n<h5 class=\"specs-title\">Webcam<\/h5>\n<ul class=\"specs-description-list\">\n<li><strong>Altura<\/strong>: 27mm<\/li>\n<li><strong>Largura<\/strong>: 102mm<\/li>\n<li><strong>Profundidade<\/strong>: 27mm<\/li>\n<li><strong>Comprimento do cabo<\/strong>: 2,2 m<\/li>\n<li><strong>Peso<\/strong>: 63g<\/li>\n<\/ul>\n<\/div>\n<div class=\"specs-block\">\n<h5 class=\"specs-title\">CLIPE DE MONTAGEM ACOPL\u00c1VEL<\/h5>\n<ul class=\"specs-description-list\">\n<li><strong>Altura<\/strong>: 19mm<\/li>\n<li><strong>Largura<\/strong>: 36mm<\/li>\n<li><strong>Profundidade<\/strong>: 63mm<\/li>\n<li><strong>Peso<\/strong>: 44g<\/li>\n<\/ul>\n<\/div>","protected":false},"featured_media":27572,"template":"","meta":[],"product_brand":[1380],"product_cat":[1332,1322],"product_tag":[],"class_list":{"0":"post-27420","1":"product","2":"type-product","3":"status-publish","4":"has-post-thumbnail","6":"product_brand-logitech","7":"product_cat-logitech-other-a-brands","8":"product_cat-other-a-brands","10":"first","11":"instock","12":"shipping-taxable","13":"product-type-simple"},"aioseo_notices":[],"aioseo_head":"\n\t\t<!-- All in One SEO Pro 4.5.9.2 - aioseo.com -->\n\t\t<meta name=\"description\" content=\"Webcam Height: 27 mm Width: 102 mm Depth: 27 mm Cable length: 2.2 m Weight: 63 g ATTACHABLE MOUNTING CLIP Height: 19 mm Width: 36 mm Depth: 63 mm Weight: 44 g\" \/>\n\t\t<meta name=\"robots\" content=\"max-image-preview:large\" \/>\n\t\t<link rel=\"canonical\" href=\"https:\/\/www.rucashk.com\/pt\/produto\/logitech-logitech-brio-stream-webcams\/\" \/>\n\t\t<meta name=\"generator\" content=\"All in One SEO Pro (AIOSEO) 4.5.9.2\" \/>\n\t\t<meta property=\"og:locale\" content=\"pt_PT\" \/>\n\t\t<meta property=\"og:site_name\" content=\"Rucas - One-stop AIoT Distribution Worldwide\" \/>\n\t\t<meta property=\"og:type\" content=\"article\" \/>\n\t\t<meta property=\"og:title\" content=\"Logitech LOGITECH BRIO STREAM Webcams - Rucas - Wholesale and Distribution\" \/>\n\t\t<meta property=\"og:description\" content=\"Webcam Height: 27 mm Width: 102 mm Depth: 27 mm Cable length: 2.2 m Weight: 63 g ATTACHABLE MOUNTING CLIP Height: 19 mm Width: 36 mm Depth: 63 mm Weight: 44 g\" \/>\n\t\t<meta property=\"og:url\" content=\"https:\/\/www.rucashk.com\/pt\/produto\/logitech-logitech-brio-stream-webcams\/\" \/>\n\t\t<meta property=\"og:image\" content=\"https:\/\/www.rucashk.com\/wp-content\/uploads\/replace\/503b8e645f128a97ccde2b6290747646.jpeg\" \/>\n\t\t<meta property=\"og:image:secure_url\" content=\"https:\/\/www.rucashk.com\/wp-content\/uploads\/replace\/503b8e645f128a97ccde2b6290747646.jpeg\" \/>\n\t\t<meta property=\"og:image:width\" content=\"1456\" \/>\n\t\t<meta property=\"og:image:height\" content=\"816\" \/>\n\t\t<meta property=\"article:published_time\" content=\"2024-01-09T16:40:54+00:00\" \/>\n\t\t<meta property=\"article:modified_time\" content=\"2025-06-21T09:29:17+00:00\" \/>\n\t\t<meta name=\"twitter:card\" content=\"summary_large_image\" \/>\n\t\t<meta name=\"twitter:title\" content=\"Logitech LOGITECH BRIO STREAM Webcams - Rucas - Wholesale and Distribution\" \/>\n\t\t<meta name=\"twitter:description\" content=\"Webcam Height: 27 mm Width: 102 mm Depth: 27 mm Cable length: 2.2 m Weight: 63 g ATTACHABLE MOUNTING CLIP Height: 19 mm Width: 36 mm Depth: 63 mm Weight: 44 g\" \/>\n\t\t<meta name=\"twitter:image\" content=\"https:\/\/www.rucashk.com\/wp-content\/uploads\/replace\/503b8e645f128a97ccde2b6290747646.jpeg\" \/>\n\t\t<script type=\"application\/ld+json\" class=\"aioseo-schema\">\n\t\t\t{\"@context\":\"https:\\\/\\\/schema.org\",\"@graph\":[{\"@type\":\"BreadcrumbList\",\"@id\":\"https:\\\/\\\/www.rucashk.com\\\/pt\\\/produto\\\/logitech-logitech-brio-stream-webcams\\\/#breadcrumblist\",\"itemListElement\":[{\"@type\":\"ListItem\",\"@id\":\"https:\\\/\\\/www.rucashk.com\\\/pt\\\/#listItem\",\"position\":1,\"name\":\"Home\",\"item\":\"https:\\\/\\\/www.rucashk.com\\\/pt\\\/\",\"nextItem\":\"https:\\\/\\\/www.rucashk.com\\\/pt\\\/produto\\\/logitech-logitech-brio-stream-webcams\\\/#listItem\"},{\"@type\":\"ListItem\",\"@id\":\"https:\\\/\\\/www.rucashk.com\\\/pt\\\/produto\\\/logitech-logitech-brio-stream-webcams\\\/#listItem\",\"position\":2,\"name\":\"Logitech LOGITECH BRIO STREAM Webcams\",\"previousItem\":\"https:\\\/\\\/www.rucashk.com\\\/pt\\\/#listItem\"}]},{\"@type\":\"Organization\",\"@id\":\"https:\\\/\\\/www.rucashk.com\\\/pt\\\/#organization\",\"name\":\"Rucas\",\"url\":\"https:\\\/\\\/www.rucashk.com\\\/pt\\\/\",\"logo\":{\"@type\":\"ImageObject\",\"url\":\"https:\\\/\\\/www.rucashk.com\\\/wp-content\\\/uploads\\\/2023\\\/12\\\/Rucas_campany_logo.png\",\"@id\":\"https:\\\/\\\/www.rucashk.com\\\/pt\\\/produto\\\/logitech-logitech-brio-stream-webcams\\\/#organizationLogo\",\"width\":221,\"height\":65},\"image\":{\"@id\":\"https:\\\/\\\/www.rucashk.com\\\/pt\\\/#organizationLogo\"}},{\"@type\":\"Person\",\"@id\":\"https:\\\/\\\/www.rucashk.com\\\/pt\\\/author\\\/admin\\\/#author\",\"url\":\"https:\\\/\\\/www.rucashk.com\\\/pt\\\/author\\\/admin\\\/\",\"name\":\"admin\",\"image\":{\"@type\":\"ImageObject\",\"@id\":\"https:\\\/\\\/www.rucashk.com\\\/pt\\\/produto\\\/logitech-logitech-brio-stream-webcams\\\/#authorImage\",\"url\":\"https:\\\/\\\/secure.gravatar.com\\\/avatar\\\/b7c8925b09a27e72b30232f8ecaadbd5af0f70a38c78096863fe51b64f031c24?s=96&d=mm&r=g\",\"width\":96,\"height\":96,\"caption\":\"admin\"}},{\"@type\":\"WebPage\",\"@id\":\"https:\\\/\\\/www.rucashk.com\\\/pt\\\/produto\\\/logitech-logitech-brio-stream-webcams\\\/#webpage\",\"url\":\"https:\\\/\\\/www.rucashk.com\\\/pt\\\/produto\\\/logitech-logitech-brio-stream-webcams\\\/\",\"name\":\"Logitech LOGITECH BRIO STREAM Webcams - Rucas - Wholesale and Distribution\",\"description\":\"Webcam Height: 27 mm Width: 102 mm Depth: 27 mm Cable length: 2.2 m Weight: 63 g ATTACHABLE MOUNTING CLIP Height: 19 mm Width: 36 mm Depth: 63 mm Weight: 44 g\",\"inLanguage\":\"pt-PT\",\"isPartOf\":{\"@id\":\"https:\\\/\\\/www.rucashk.com\\\/pt\\\/#website\"},\"breadcrumb\":{\"@id\":\"https:\\\/\\\/www.rucashk.com\\\/pt\\\/produto\\\/logitech-logitech-brio-stream-webcams\\\/#breadcrumblist\"},\"author\":{\"@id\":\"https:\\\/\\\/www.rucashk.com\\\/pt\\\/author\\\/admin\\\/#author\"},\"creator\":{\"@id\":\"https:\\\/\\\/www.rucashk.com\\\/pt\\\/author\\\/admin\\\/#author\"},\"image\":{\"@type\":\"ImageObject\",\"url\":\"https:\\\/\\\/www.rucashk.com\\\/wp-content\\\/uploads\\\/2024\\\/01\\\/10005-9.webp\",\"@id\":\"https:\\\/\\\/www.rucashk.com\\\/pt\\\/produto\\\/logitech-logitech-brio-stream-webcams\\\/#mainImage\",\"width\":800,\"height\":800},\"primaryImageOfPage\":{\"@id\":\"https:\\\/\\\/www.rucashk.com\\\/pt\\\/produto\\\/logitech-logitech-brio-stream-webcams\\\/#mainImage\"},\"datePublished\":\"2024-01-09T16:40:54+00:00\",\"dateModified\":\"2025-06-21T09:29:17+00:00\"},{\"@type\":\"WebSite\",\"@id\":\"https:\\\/\\\/www.rucashk.com\\\/pt\\\/#website\",\"url\":\"https:\\\/\\\/www.rucashk.com\\\/pt\\\/\",\"name\":\"Rucas - Wholesale and distribution worldwide\",\"alternateName\":\"Rucas - One-stop AIoT Distribution Worldwide\",\"description\":\"One-stop AIoT Distribution Worldwide\",\"inLanguage\":\"pt-PT\",\"publisher\":{\"@id\":\"https:\\\/\\\/www.rucashk.com\\\/pt\\\/#organization\"}}]}\n\t\t<\/script>\n\t\t<!-- All in One SEO Pro -->\r\n\t\t<title>Logitech LOGITECH BRIO STREAM Webcams - Rucas - Wholesale and Distribution<\/title>\n\n","aioseo_head_json":{"title":"Logitech LOGITECH BRIO STREAM Webcams - Rucas - Wholesale and Distribution","description":"Webcam Height: 27 mm Width: 102 mm Depth: 27 mm Cable length: 2.2 m Weight: 63 g ATTACHABLE MOUNTING CLIP Height: 19 mm Width: 36 mm Depth: 63 mm Weight: 44 g","canonical_url":"https:\/\/www.rucashk.com\/pt\/produto\/logitech-logitech-brio-stream-webcams\/","robots":"max-image-preview:large","keywords":"","webmasterTools":{"miscellaneous":""},"og:locale":"pt_PT","og:site_name":"Rucas - One-stop AIoT Distribution Worldwide","og:type":"article","og:title":"Logitech LOGITECH BRIO STREAM Webcams - Rucas - Wholesale and Distribution","og:description":"Webcam Height: 27 mm Width: 102 mm Depth: 27 mm Cable length: 2.2 m Weight: 63 g ATTACHABLE MOUNTING CLIP Height: 19 mm Width: 36 mm Depth: 63 mm Weight: 44 g","og:url":"https:\/\/www.rucashk.com\/pt\/produto\/logitech-logitech-brio-stream-webcams\/","og:image":"https:\/\/www.rucashk.com\/wp-content\/uploads\/replace\/503b8e645f128a97ccde2b6290747646.jpeg","og:image:secure_url":"https:\/\/www.rucashk.com\/wp-content\/uploads\/replace\/503b8e645f128a97ccde2b6290747646.jpeg","og:image:width":1456,"og:image:height":816,"article:published_time":"2024-01-09T16:40:54+00:00","article:modified_time":"2025-06-21T09:29:17+00:00","twitter:card":"summary_large_image","twitter:title":"Logitech LOGITECH BRIO STREAM Webcams - Rucas - Wholesale and Distribution","twitter:description":"Webcam Height: 27 mm Width: 102 mm Depth: 27 mm Cable length: 2.2 m Weight: 63 g ATTACHABLE MOUNTING CLIP Height: 19 mm Width: 36 mm Depth: 63 mm Weight: 44 g","twitter:image":"https:\/\/www.rucashk.com\/wp-content\/uploads\/replace\/503b8e645f128a97ccde2b6290747646.jpeg","schema":{"@context":"https:\/\/schema.org","@graph":[{"@type":"BreadcrumbList","@id":"https:\/\/www.rucashk.com\/pt\/produto\/logitech-logitech-brio-stream-webcams\/#breadcrumblist","itemListElement":[{"@type":"ListItem","@id":"https:\/\/www.rucashk.com\/pt\/#listItem","position":1,"name":"Home","item":"https:\/\/www.rucashk.com\/pt\/","nextItem":"https:\/\/www.rucashk.com\/pt\/produto\/logitech-logitech-brio-stream-webcams\/#listItem"},{"@type":"ListItem","@id":"https:\/\/www.rucashk.com\/pt\/produto\/logitech-logitech-brio-stream-webcams\/#listItem","position":2,"name":"Logitech LOGITECH BRIO STREAM Webcams","previousItem":"https:\/\/www.rucashk.com\/pt\/#listItem"}]},{"@type":"Organization","@id":"https:\/\/www.rucashk.com\/pt\/#organization","name":"Rucas","url":"https:\/\/www.rucashk.com\/pt\/","logo":{"@type":"ImageObject","url":"https:\/\/www.rucashk.com\/wp-content\/uploads\/2023\/12\/Rucas_campany_logo.png","@id":"https:\/\/www.rucashk.com\/pt\/produto\/logitech-logitech-brio-stream-webcams\/#organizationLogo","width":221,"height":65},"image":{"@id":"https:\/\/www.rucashk.com\/pt\/#organizationLogo"}},{"@type":"Person","@id":"https:\/\/www.rucashk.com\/pt\/author\/admin\/#author","url":"https:\/\/www.rucashk.com\/pt\/author\/admin\/","name":"admin","image":{"@type":"ImageObject","@id":"https:\/\/www.rucashk.com\/pt\/produto\/logitech-logitech-brio-stream-webcams\/#authorImage","url":"https:\/\/secure.gravatar.com\/avatar\/b7c8925b09a27e72b30232f8ecaadbd5af0f70a38c78096863fe51b64f031c24?s=96&d=mm&r=g","width":96,"height":96,"caption":"admin"}},{"@type":"WebPage","@id":"https:\/\/www.rucashk.com\/pt\/produto\/logitech-logitech-brio-stream-webcams\/#webpage","url":"https:\/\/www.rucashk.com\/pt\/produto\/logitech-logitech-brio-stream-webcams\/","name":"Logitech LOGITECH BRIO STREAM Webcams - Rucas - Wholesale and Distribution","description":"Webcam Height: 27 mm Width: 102 mm Depth: 27 mm Cable length: 2.2 m Weight: 63 g ATTACHABLE MOUNTING CLIP Height: 19 mm Width: 36 mm Depth: 63 mm Weight: 44 g","inLanguage":"pt-PT","isPartOf":{"@id":"https:\/\/www.rucashk.com\/pt\/#website"},"breadcrumb":{"@id":"https:\/\/www.rucashk.com\/pt\/produto\/logitech-logitech-brio-stream-webcams\/#breadcrumblist"},"author":{"@id":"https:\/\/www.rucashk.com\/pt\/author\/admin\/#author"},"creator":{"@id":"https:\/\/www.rucashk.com\/pt\/author\/admin\/#author"},"image":{"@type":"ImageObject","url":"https:\/\/www.rucashk.com\/wp-content\/uploads\/2024\/01\/10005-9.webp","@id":"https:\/\/www.rucashk.com\/pt\/produto\/logitech-logitech-brio-stream-webcams\/#mainImage","width":800,"height":800},"primaryImageOfPage":{"@id":"https:\/\/www.rucashk.com\/pt\/produto\/logitech-logitech-brio-stream-webcams\/#mainImage"},"datePublished":"2024-01-09T16:40:54+00:00","dateModified":"2025-06-21T09:29:17+00:00"},{"@type":"WebSite","@id":"https:\/\/www.rucashk.com\/pt\/#website","url":"https:\/\/www.rucashk.com\/pt\/","name":"Rucas - Wholesale and distribution worldwide","alternateName":"Rucas - One-stop AIoT Distribution Worldwide","description":"One-stop AIoT Distribution Worldwide","inLanguage":"pt-PT","publisher":{"@id":"https:\/\/www.rucashk.com\/pt\/#organization"}}]}},"aioseo_meta_data":{"post_id":"27420","title":null,"description":null,"keywords":null,"keyphrases":null,"primary_term":null,"canonical_url":null,"og_title":null,"og_description":null,"og_object_type":"default","og_image_type":"default","og_image_url":null,"og_image_width":null,"og_image_height":null,"og_image_custom_url":null,"og_image_custom_fields":null,"og_video":"","og_custom_url":null,"og_article_section":null,"og_article_tags":null,"twitter_use_og":false,"twitter_card":"default","twitter_image_type":"default","twitter_image_url":null,"twitter_image_custom_url":null,"twitter_image_custom_fields":null,"twitter_title":null,"twitter_description":null,"schema":{"blockGraphs":[],"customGraphs":[],"default":{"data":{"Article":[],"Course":[],"Dataset":[],"FAQPage":[],"Movie":[],"Person":[],"Product":[],"Recipe":[],"Service":[],"SoftwareApplication":[],"WebPage":[]},"graphName":"","isEnabled":true},"graphs":[]},"schema_type":"default","schema_type_options":null,"pillar_content":false,"robots_default":true,"robots_noindex":false,"robots_noarchive":false,"robots_nosnippet":false,"robots_nofollow":false,"robots_noimageindex":false,"robots_noodp":false,"robots_notranslate":false,"robots_max_snippet":"-1","robots_max_videopreview":"-1","robots_max_imagepreview":"large","priority":null,"frequency":"default","local_seo":null,"breadcrumb_settings":null,"limit_modified_date":false,"created":"2024-04-11 01:57:22","updated":"2025-06-22 18:36:56"},"aioseo_breadcrumb":"<div class=\"aioseo-breadcrumbs\"><span class=\"aioseo-breadcrumb\">\n\t<a href=\"https:\/\/www.rucashk.com\/pt\" title=\"Home\">Home<\/a>\n<\/span><span class=\"aioseo-breadcrumb-separator\">&raquo;<\/span><span class=\"aioseo-breadcrumb\">\n\t<a href=\"https:\/\/www.rucashk.com\/pt\/products\/\" title=\"Produtos\">Produtos<\/a>\n<\/span><span class=\"aioseo-breadcrumb-separator\">&raquo;<\/span><span class=\"aioseo-breadcrumb\">\n\t<a href=\"https:\/\/www.rucashk.com\/pt\/marca\/logitech\/\" title=\"Logitech\">Logitech<\/a>\n<\/span><span class=\"aioseo-breadcrumb-separator\">&raquo;<\/span><span class=\"aioseo-breadcrumb\">\n\tLogitech LOGITECH BRIO STREAM Webcams\n<\/span><\/div>","aioseo_breadcrumb_json":[{"label":"Home","link":"https:\/\/www.rucashk.com\/pt"},{"label":"Produtos","link":"https:\/\/www.rucashk.com\/pt\/products\/"},{"label":"Logitech","link":"https:\/\/www.rucashk.com\/pt\/marca\/logitech\/"},{"label":"Logitech LOGITECH BRIO STREAM Webcams","link":"https:\/\/www.rucashk.com\/pt\/produto\/logitech-logitech-brio-stream-webcams\/"}],"_links":{"self":[{"href":"https:\/\/www.rucashk.com\/pt\/wp-json\/wp\/v2\/product\/27420","targetHints":{"allow":["GET"]}}],"collection":[{"href":"https:\/\/www.rucashk.com\/pt\/wp-json\/wp\/v2\/product"}],"about":[{"href":"https:\/\/www.rucashk.com\/pt\/wp-json\/wp\/v2\/types\/product"}],"wp:featuredmedia":[{"embeddable":true,"href":"https:\/\/www.rucashk.com\/pt\/wp-json\/wp\/v2\/media\/27572"}],"wp:attachment":[{"href":"https:\/\/www.rucashk.com\/pt\/wp-json\/wp\/v2\/media?parent=27420"}],"wp:term":[{"taxonomy":"product_brand","embeddable":true,"href":"https:\/\/www.rucashk.com\/pt\/wp-json\/wp\/v2\/product_brand?post=27420"},{"taxonomy":"product_cat","embeddable":true,"href":"https:\/\/www.rucashk.com\/pt\/wp-json\/wp\/v2\/product_cat?post=27420"},{"taxonomy":"product_tag","embeddable":true,"href":"https:\/\/www.rucashk.com\/pt\/wp-json\/wp\/v2\/product_tag?post=27420"}],"curies":[{"name":"wp","href":"https:\/\/api.w.org\/{rel}","templated":true}]}}