{"id":27418,"date":"2024-01-09T16:40:53","date_gmt":"2024-01-09T16:40:53","guid":{"rendered":"http:\/\/rucashk.com\/?post_type=product&#038;p=27418"},"modified":"2025-06-21T09:30:30","modified_gmt":"2025-06-21T09:30:30","slug":"logitech-k480-bluetooth-multi-device-keyboard-keyboards","status":"publish","type":"product","link":"https:\/\/www.rucashk.com\/pt\/produto\/logitech-k480-bluetooth-multi-device-keyboard-keyboards\/","title":{"rendered":"Teclados Logitech K480 BLUETOOTH MULTI-DEVICE TECLADO"},"content":{"rendered":"<h2 class=\"body-copy-title font-title-l font-brown-bold\" style=\"text-align: center\">MODERNO E MULTI-DISPOSITIVO<\/h2>\n<p style=\"text-align: center\">O K480 \u00e9 um teclado para v\u00e1rios dispositivos confort\u00e1vel e que economiza espa\u00e7o, proporcionando melhor digita\u00e7\u00e3o em seu laptop, tablet ou telefone. Emparelhe at\u00e9 3 dispositivos e alterne facilmente a digita\u00e7\u00e3o entre eles. Altamente dur\u00e1vel e com bateria de longa dura\u00e7\u00e3o, este teclado multitarefa com design compacto \u00e9 o que todos precisam para fazer mais em qualquer lugar.<\/p>\n<p><img fetchpriority=\"high\" decoding=\"async\" class=\"wp-image-35936 aligncenter\" src=\"https:\/\/www.rucashk.com\/wp-content\/uploads\/2023\/10\/f42806dd258466e1ed094cdbafe1b5c-300x149.png\" alt=\"Logitech K480 BLUETOOTH MULTI-DEVICE KEYBOARD Keyboards\" width=\"856\" height=\"425\" \/><\/p>\n<p>&nbsp;<\/p>\n<h2 class=\"body-copy-title font-title-l font-brown-bold\" style=\"text-align: center\">CONFORT\u00c1VEL E COMPACTO<\/h2>\n<p style=\"text-align: center\">Este layout minimalista apresenta todas as teclas que voc\u00ea precisa em um design que economiza espa\u00e7o \u2013 al\u00e9m de permitir que voc\u00ea coloque o mouse mais perto de voc\u00ea, o que significa menos alcance do bra\u00e7o, mais conforto e melhor postura corporal. As teclas escavadas oferecem uma experi\u00eancia de digita\u00e7\u00e3o fluida e confort\u00e1vel.<\/p>\n<p><img decoding=\"async\" class=\"wp-image-35937 aligncenter\" src=\"https:\/\/www.rucashk.com\/wp-content\/uploads\/2023\/10\/e0611b4d26d05427d89e20be3603241-300x165.png\" alt=\"Logitech K480 BLUETOOTH MULTI-DEVICE KEYBOARD Keyboards\" width=\"855\" height=\"470\" \/><\/p>\n<p>&nbsp;<\/p>\n<h2 class=\"h3\" style=\"text-align: center\">F\u00c1CIL DE TRANSPORTAR<\/h2>\n<p style=\"text-align: center\">\u00c9 fino, leve e f\u00e1cil de levar para onde voc\u00ea precisar. K480 com\u00a0<i>Bluetooth<\/i><sup>\u00ae<\/sup>\u00a0a tecnologia sem fio permite que voc\u00ea digite em seu laptop, telefone ou tablet, sem a necessidade de fios ou cabos, para que voc\u00ea possa trabalhar em qualquer lugar.<\/p>\n<p>&nbsp;<\/p>\n<p><img decoding=\"async\" class=\"wp-image-35938 aligncenter\" src=\"https:\/\/www.rucashk.com\/wp-content\/uploads\/2023\/10\/2526d826ccf19c69bc895a9e8356742-300x169.png\" alt=\"Logitech K480 BLUETOOTH MULTI-DEVICE KEYBOARD Keyboards\" width=\"854\" height=\"481\" \/><\/p>\n<p>&nbsp;<\/p>\n<h2 class=\"h3\" style=\"text-align: center\">DIGITE EM QUALQUER DISPOSITIVO<\/h2>\n<p style=\"text-align: center\">Qualquer dispositivo, qualquer sistema operacional. O K480 se conecta a qualquer\u00a0<em>Bluetooth<\/em>- dispositivo habilitado com suporte para teclado externo, para que voc\u00ea possa trabalhar perfeitamente com o Windows<sup>\u00ae<\/sup>, macOS, Chrome OS\u2122, Android\u2122, iOS e iPadOS.<\/p>\n<p>&nbsp;<\/p>\n<p><img loading=\"lazy\" decoding=\"async\" class=\"wp-image-35939 aligncenter\" src=\"https:\/\/www.rucashk.com\/wp-content\/uploads\/2023\/10\/0f98b9690118484e6e6dd5045a80027-300x169.png\" alt=\"Logitech K480 BLUETOOTH MULTI-DEVICE KEYBOARD Keyboards\" width=\"850\" height=\"479\" \/><\/p>\n<p>&nbsp;<\/p>\n<h2 class=\"h3\" style=\"text-align: center\">DISQUE E INTERRUPTOR<\/h2>\n<p style=\"text-align: center\">O K480 Multi-Device permite emparelhar at\u00e9 tr\u00eas dispositivos e alternar facilmente as conex\u00f5es entre eles. Basta girar o dial para digitar, alternar e continuar digitando.<\/p>\n<p>&nbsp;<\/p>\n<p><img loading=\"lazy\" decoding=\"async\" class=\"wp-image-35940 aligncenter\" src=\"https:\/\/www.rucashk.com\/wp-content\/uploads\/2023\/10\/b5b30c366e79f3eef2fdeb9c3e10aca-300x169.png\" alt=\"Logitech K480 BLUETOOTH MULTI-DEVICE KEYBOARD Keyboards\" width=\"850\" height=\"479\" \/><\/p>\n<p>&nbsp;<\/p>\n<h2 class=\"h3\" style=\"text-align: center\">VER E DIGITE<\/h2>\n<p style=\"text-align: center\">A base integrada para telefone e tablet mant\u00e9m a tela no \u00e2ngulo certo para que voc\u00ea possa visualizar enquanto digita. Compat\u00edvel com a maioria dos telefones e tablets de at\u00e9 10,5 mm de espessura e 258 mm de largura.<\/p>\n<p>&nbsp;<\/p>\n<p><img loading=\"lazy\" decoding=\"async\" class=\"wp-image-35941 aligncenter\" src=\"https:\/\/www.rucashk.com\/wp-content\/uploads\/2023\/10\/32f295b13fef5bb831f87b311a615bb-300x170.png\" alt=\"Logitech K480 BLUETOOTH MULTI-DEVICE KEYBOARD Keyboards\" width=\"851\" height=\"482\" \/><\/p>\n<p>&nbsp;<\/p>\n<h2 class=\"body-copy-title font-title-l font-brown-bold\" style=\"text-align: center\">CONSTRU\u00cdDO PARA CONTINUAR<\/h2>\n<p style=\"text-align: center\">O K480 foi constru\u00eddo com os mesmos padr\u00f5es de alta qualidade e confiabilidade que tornaram a Logitech a l\u00edder global #1 em mouses e teclados. At\u00e9 24 meses de dura\u00e7\u00e3o da bateria eliminam o inc\u00f4modo de trocas frequentes de bateria, com um pr\u00e1tico bot\u00e3o liga\/desliga e tecnologia de economia de energia que preservam a vida \u00fatil da bateria. O K480 tamb\u00e9m \u00e9 resistente a derramamentos para sobreviver a pequenos acidentes.<\/p>\n<p>&nbsp;<\/p>\n<p><img loading=\"lazy\" decoding=\"async\" class=\"wp-image-35942 aligncenter\" src=\"https:\/\/www.rucashk.com\/wp-content\/uploads\/2023\/10\/c6139fceb8d28ec111339010d16331d-300x179.png\" alt=\"Logitech K480 BLUETOOTH MULTI-DEVICE KEYBOARD Keyboards\" width=\"851\" height=\"508\" \/><\/p>\n<p>&nbsp;<\/p>\n<p>&nbsp;<\/p>\n<h4 class=\"specs-heading\">Especifica\u00e7\u00f5es<\/h4>\n<div class=\"specs-column\">\n<div class=\"specs-group\">\n<div class=\"specs-block\">\n<h5 class=\"specs-title\">Tipo de conex\u00e3o<\/h5>\n<ul class=\"specs-description-list\">\n<li>Bluetooth<\/li>\n<li>Alcance sem fio: &gt; Alcance sem fio de 10m<\/li>\n<\/ul>\n<\/div>\n<div class=\"specs-block\">\n<h5 class=\"specs-title\">Aplicativo de personaliza\u00e7\u00e3o<\/h5>\n<ul class=\"specs-description-list\">\n<li>Compat\u00edvel com Logi Options+ no Windows e macOS<\/li>\n<\/ul>\n<\/div>\n<div class=\"specs-block\">\n<h5 class=\"specs-title\">Luzes Indicadoras (LED)<\/h5>\n<ul class=\"specs-description-list\">\n<li>Luz indicadora de bateria<\/li>\n<\/ul>\n<\/div>\n<div class=\"specs-block\">\n<h5 class=\"specs-title\">Bateria<\/h5>\n<ul class=\"specs-description-list\">\n<li>Bateria: 2 x AAA (inclu\u00edda)<\/li>\n<li>Vida \u00fatil da bateria: 24 meses<\/li>\n<\/ul>\n<\/div>\n<div class=\"specs-block\">\n<h5 class=\"specs-title\">Chaves Especiais<\/h5>\n<ul class=\"specs-description-list\">\n<li>Teclas de atalho, troca f\u00e1cil<\/li>\n<li>Conectar\/alimentar: interruptor liga\/desliga<\/li>\n<\/ul>\n<\/div>\n<div class=\"specs-block\">\n<h5 class=\"specs-title\">Vida-chave<\/h5>\n<ul class=\"specs-description-list\">\n<li>At\u00e9 5 milh\u00f5es de pressionamentos de teclas<\/li>\n<\/ul>\n<\/div>\n<div class=\"specs-block\">\n<h5 class=\"specs-title\">Capa e suporte para tablet<\/h5>\n<ul class=\"specs-description-list\">\n<li>Compat\u00edvel com a maioria dos telefones e tablets de at\u00e9 10,5 mm de espessura e 258 mm de largura.<\/li>\n<\/ul>\n<\/div>\n<\/div>\n<\/div>","protected":false},"excerpt":{"rendered":"<div class=\"specs-block\">\n<div><a href=\"https:\/\/www.logitech.com\/en-gb\/products\/keyboards\/k480-multi-device-wireless.html\" data-analytics-title=\"k480-multi-device-wireless\" aria-current=\"location\">Teclado multidispositivo Bluetooth K480<\/a><\/div>\n<div class=\"specs-description\"><strong>Altura<\/strong>: 195mm<\/div>\n<\/div>\n<div class=\"specs-block\">\n<div class=\"specs-description\"><strong>Largura<\/strong>: 299 mil\u00edmetros<\/div>\n<\/div>\n<div class=\"specs-block\">\n<div class=\"specs-description\"><strong>Profundidade<\/strong>: 20mm<\/div>\n<\/div>\n<div class=\"specs-block\">\n<div class=\"specs-description\"><strong>Peso<\/strong>: 820g<\/div>\n<\/div>","protected":false},"featured_media":27562,"template":"","meta":[],"product_brand":[1380],"product_cat":[1332,1322],"product_tag":[],"class_list":{"0":"post-27418","1":"product","2":"type-product","3":"status-publish","4":"has-post-thumbnail","6":"product_brand-logitech","7":"product_cat-logitech-other-a-brands","8":"product_cat-other-a-brands","10":"first","11":"instock","12":"shipping-taxable","13":"product-type-simple"},"aioseo_notices":[],"aioseo_head":"\n\t\t<!-- All in One SEO Pro 4.5.9.2 - aioseo.com -->\n\t\t<meta name=\"description\" content=\"K480 Bluetooth Multi-Device Keyboard Height: 195 mm Width: 299 mm Depth: 20 mm Weight: 820 g\" \/>\n\t\t<meta name=\"robots\" content=\"max-image-preview:large\" \/>\n\t\t<link rel=\"canonical\" href=\"https:\/\/www.rucashk.com\/pt\/produto\/logitech-k480-bluetooth-multi-device-keyboard-keyboards\/\" \/>\n\t\t<meta name=\"generator\" content=\"All in One SEO Pro (AIOSEO) 4.5.9.2\" \/>\n\t\t<meta property=\"og:locale\" content=\"pt_PT\" \/>\n\t\t<meta property=\"og:site_name\" content=\"Rucas - One-stop AIoT Distribution Worldwide\" \/>\n\t\t<meta property=\"og:type\" content=\"article\" \/>\n\t\t<meta property=\"og:title\" content=\"Logitech K480 BLUETOOTH MULTI-DEVICE KEYBOARD Keyboards - Rucas - Wholesale and Distribution\" \/>\n\t\t<meta property=\"og:description\" content=\"K480 Bluetooth Multi-Device Keyboard Height: 195 mm Width: 299 mm Depth: 20 mm Weight: 820 g\" \/>\n\t\t<meta property=\"og:url\" content=\"https:\/\/www.rucashk.com\/pt\/produto\/logitech-k480-bluetooth-multi-device-keyboard-keyboards\/\" \/>\n\t\t<meta property=\"og:image\" content=\"https:\/\/www.rucashk.com\/wp-content\/uploads\/replace\/503b8e645f128a97ccde2b6290747646.jpeg\" \/>\n\t\t<meta property=\"og:image:secure_url\" content=\"https:\/\/www.rucashk.com\/wp-content\/uploads\/replace\/503b8e645f128a97ccde2b6290747646.jpeg\" \/>\n\t\t<meta property=\"og:image:width\" content=\"1456\" \/>\n\t\t<meta property=\"og:image:height\" content=\"816\" \/>\n\t\t<meta property=\"article:published_time\" content=\"2024-01-09T16:40:53+00:00\" \/>\n\t\t<meta property=\"article:modified_time\" content=\"2025-06-21T09:30:30+00:00\" \/>\n\t\t<meta name=\"twitter:card\" content=\"summary_large_image\" \/>\n\t\t<meta name=\"twitter:title\" content=\"Logitech K480 BLUETOOTH MULTI-DEVICE KEYBOARD Keyboards - Rucas - Wholesale and Distribution\" \/>\n\t\t<meta name=\"twitter:description\" content=\"K480 Bluetooth Multi-Device Keyboard Height: 195 mm Width: 299 mm Depth: 20 mm Weight: 820 g\" \/>\n\t\t<meta name=\"twitter:image\" content=\"https:\/\/www.rucashk.com\/wp-content\/uploads\/replace\/503b8e645f128a97ccde2b6290747646.jpeg\" \/>\n\t\t<script type=\"application\/ld+json\" class=\"aioseo-schema\">\n\t\t\t{\"@context\":\"https:\\\/\\\/schema.org\",\"@graph\":[{\"@type\":\"BreadcrumbList\",\"@id\":\"https:\\\/\\\/www.rucashk.com\\\/pt\\\/produto\\\/logitech-k480-bluetooth-multi-device-keyboard-keyboards\\\/#breadcrumblist\",\"itemListElement\":[{\"@type\":\"ListItem\",\"@id\":\"https:\\\/\\\/www.rucashk.com\\\/pt\\\/#listItem\",\"position\":1,\"name\":\"Home\",\"item\":\"https:\\\/\\\/www.rucashk.com\\\/pt\\\/\",\"nextItem\":\"https:\\\/\\\/www.rucashk.com\\\/pt\\\/produto\\\/logitech-k480-bluetooth-multi-device-keyboard-keyboards\\\/#listItem\"},{\"@type\":\"ListItem\",\"@id\":\"https:\\\/\\\/www.rucashk.com\\\/pt\\\/produto\\\/logitech-k480-bluetooth-multi-device-keyboard-keyboards\\\/#listItem\",\"position\":2,\"name\":\"Logitech K480 BLUETOOTH MULTI-DEVICE KEYBOARD Keyboards\",\"previousItem\":\"https:\\\/\\\/www.rucashk.com\\\/pt\\\/#listItem\"}]},{\"@type\":\"Organization\",\"@id\":\"https:\\\/\\\/www.rucashk.com\\\/pt\\\/#organization\",\"name\":\"Rucas\",\"url\":\"https:\\\/\\\/www.rucashk.com\\\/pt\\\/\",\"logo\":{\"@type\":\"ImageObject\",\"url\":\"https:\\\/\\\/www.rucashk.com\\\/wp-content\\\/uploads\\\/2023\\\/12\\\/Rucas_campany_logo.png\",\"@id\":\"https:\\\/\\\/www.rucashk.com\\\/pt\\\/produto\\\/logitech-k480-bluetooth-multi-device-keyboard-keyboards\\\/#organizationLogo\",\"width\":221,\"height\":65},\"image\":{\"@id\":\"https:\\\/\\\/www.rucashk.com\\\/pt\\\/#organizationLogo\"}},{\"@type\":\"Person\",\"@id\":\"https:\\\/\\\/www.rucashk.com\\\/pt\\\/author\\\/admin\\\/#author\",\"url\":\"https:\\\/\\\/www.rucashk.com\\\/pt\\\/author\\\/admin\\\/\",\"name\":\"admin\",\"image\":{\"@type\":\"ImageObject\",\"@id\":\"https:\\\/\\\/www.rucashk.com\\\/pt\\\/produto\\\/logitech-k480-bluetooth-multi-device-keyboard-keyboards\\\/#authorImage\",\"url\":\"https:\\\/\\\/secure.gravatar.com\\\/avatar\\\/b7c8925b09a27e72b30232f8ecaadbd5af0f70a38c78096863fe51b64f031c24?s=96&d=mm&r=g\",\"width\":96,\"height\":96,\"caption\":\"admin\"}},{\"@type\":\"WebPage\",\"@id\":\"https:\\\/\\\/www.rucashk.com\\\/pt\\\/produto\\\/logitech-k480-bluetooth-multi-device-keyboard-keyboards\\\/#webpage\",\"url\":\"https:\\\/\\\/www.rucashk.com\\\/pt\\\/produto\\\/logitech-k480-bluetooth-multi-device-keyboard-keyboards\\\/\",\"name\":\"Logitech K480 BLUETOOTH MULTI-DEVICE KEYBOARD Keyboards - Rucas - Wholesale and Distribution\",\"description\":\"K480 Bluetooth Multi-Device Keyboard Height: 195 mm Width: 299 mm Depth: 20 mm Weight: 820 g\",\"inLanguage\":\"pt-PT\",\"isPartOf\":{\"@id\":\"https:\\\/\\\/www.rucashk.com\\\/pt\\\/#website\"},\"breadcrumb\":{\"@id\":\"https:\\\/\\\/www.rucashk.com\\\/pt\\\/produto\\\/logitech-k480-bluetooth-multi-device-keyboard-keyboards\\\/#breadcrumblist\"},\"author\":{\"@id\":\"https:\\\/\\\/www.rucashk.com\\\/pt\\\/author\\\/admin\\\/#author\"},\"creator\":{\"@id\":\"https:\\\/\\\/www.rucashk.com\\\/pt\\\/author\\\/admin\\\/#author\"},\"image\":{\"@type\":\"ImageObject\",\"url\":\"https:\\\/\\\/www.rucashk.com\\\/wp-content\\\/uploads\\\/2024\\\/01\\\/10005-14-1.jpg\",\"@id\":\"https:\\\/\\\/www.rucashk.com\\\/pt\\\/produto\\\/logitech-k480-bluetooth-multi-device-keyboard-keyboards\\\/#mainImage\",\"width\":1000,\"height\":1000},\"primaryImageOfPage\":{\"@id\":\"https:\\\/\\\/www.rucashk.com\\\/pt\\\/produto\\\/logitech-k480-bluetooth-multi-device-keyboard-keyboards\\\/#mainImage\"},\"datePublished\":\"2024-01-09T16:40:53+00:00\",\"dateModified\":\"2025-06-21T09:30:30+00:00\"},{\"@type\":\"WebSite\",\"@id\":\"https:\\\/\\\/www.rucashk.com\\\/pt\\\/#website\",\"url\":\"https:\\\/\\\/www.rucashk.com\\\/pt\\\/\",\"name\":\"Rucas - Wholesale and distribution worldwide\",\"alternateName\":\"Rucas - One-stop AIoT Distribution Worldwide\",\"description\":\"One-stop AIoT Distribution Worldwide\",\"inLanguage\":\"pt-PT\",\"publisher\":{\"@id\":\"https:\\\/\\\/www.rucashk.com\\\/pt\\\/#organization\"}}]}\n\t\t<\/script>\n\t\t<!-- All in One SEO Pro -->\r\n\t\t<title>Logitech K480 BLUETOOTH MULTI-DEVICE KEYBOARD Keyboards - Rucas - Wholesale and Distribution<\/title>\n\n","aioseo_head_json":{"title":"Logitech K480 BLUETOOTH MULTI-DEVICE KEYBOARD Keyboards - Rucas - Wholesale and Distribution","description":"K480 Bluetooth Multi-Device Keyboard Height: 195 mm Width: 299 mm Depth: 20 mm Weight: 820 g","canonical_url":"https:\/\/www.rucashk.com\/pt\/produto\/logitech-k480-bluetooth-multi-device-keyboard-keyboards\/","robots":"max-image-preview:large","keywords":"","webmasterTools":{"miscellaneous":""},"og:locale":"pt_PT","og:site_name":"Rucas - One-stop AIoT Distribution Worldwide","og:type":"article","og:title":"Logitech K480 BLUETOOTH MULTI-DEVICE KEYBOARD Keyboards - Rucas - Wholesale and Distribution","og:description":"K480 Bluetooth Multi-Device Keyboard Height: 195 mm Width: 299 mm Depth: 20 mm Weight: 820 g","og:url":"https:\/\/www.rucashk.com\/pt\/produto\/logitech-k480-bluetooth-multi-device-keyboard-keyboards\/","og:image":"https:\/\/www.rucashk.com\/wp-content\/uploads\/replace\/503b8e645f128a97ccde2b6290747646.jpeg","og:image:secure_url":"https:\/\/www.rucashk.com\/wp-content\/uploads\/replace\/503b8e645f128a97ccde2b6290747646.jpeg","og:image:width":1456,"og:image:height":816,"article:published_time":"2024-01-09T16:40:53+00:00","article:modified_time":"2025-06-21T09:30:30+00:00","twitter:card":"summary_large_image","twitter:title":"Logitech K480 BLUETOOTH MULTI-DEVICE KEYBOARD Keyboards - Rucas - Wholesale and Distribution","twitter:description":"K480 Bluetooth Multi-Device Keyboard Height: 195 mm Width: 299 mm Depth: 20 mm Weight: 820 g","twitter:image":"https:\/\/www.rucashk.com\/wp-content\/uploads\/replace\/503b8e645f128a97ccde2b6290747646.jpeg","schema":{"@context":"https:\/\/schema.org","@graph":[{"@type":"BreadcrumbList","@id":"https:\/\/www.rucashk.com\/pt\/produto\/logitech-k480-bluetooth-multi-device-keyboard-keyboards\/#breadcrumblist","itemListElement":[{"@type":"ListItem","@id":"https:\/\/www.rucashk.com\/pt\/#listItem","position":1,"name":"Home","item":"https:\/\/www.rucashk.com\/pt\/","nextItem":"https:\/\/www.rucashk.com\/pt\/produto\/logitech-k480-bluetooth-multi-device-keyboard-keyboards\/#listItem"},{"@type":"ListItem","@id":"https:\/\/www.rucashk.com\/pt\/produto\/logitech-k480-bluetooth-multi-device-keyboard-keyboards\/#listItem","position":2,"name":"Logitech K480 BLUETOOTH MULTI-DEVICE KEYBOARD Keyboards","previousItem":"https:\/\/www.rucashk.com\/pt\/#listItem"}]},{"@type":"Organization","@id":"https:\/\/www.rucashk.com\/pt\/#organization","name":"Rucas","url":"https:\/\/www.rucashk.com\/pt\/","logo":{"@type":"ImageObject","url":"https:\/\/www.rucashk.com\/wp-content\/uploads\/2023\/12\/Rucas_campany_logo.png","@id":"https:\/\/www.rucashk.com\/pt\/produto\/logitech-k480-bluetooth-multi-device-keyboard-keyboards\/#organizationLogo","width":221,"height":65},"image":{"@id":"https:\/\/www.rucashk.com\/pt\/#organizationLogo"}},{"@type":"Person","@id":"https:\/\/www.rucashk.com\/pt\/author\/admin\/#author","url":"https:\/\/www.rucashk.com\/pt\/author\/admin\/","name":"admin","image":{"@type":"ImageObject","@id":"https:\/\/www.rucashk.com\/pt\/produto\/logitech-k480-bluetooth-multi-device-keyboard-keyboards\/#authorImage","url":"https:\/\/secure.gravatar.com\/avatar\/b7c8925b09a27e72b30232f8ecaadbd5af0f70a38c78096863fe51b64f031c24?s=96&d=mm&r=g","width":96,"height":96,"caption":"admin"}},{"@type":"WebPage","@id":"https:\/\/www.rucashk.com\/pt\/produto\/logitech-k480-bluetooth-multi-device-keyboard-keyboards\/#webpage","url":"https:\/\/www.rucashk.com\/pt\/produto\/logitech-k480-bluetooth-multi-device-keyboard-keyboards\/","name":"Logitech K480 BLUETOOTH MULTI-DEVICE KEYBOARD Keyboards - Rucas - Wholesale and Distribution","description":"K480 Bluetooth Multi-Device Keyboard Height: 195 mm Width: 299 mm Depth: 20 mm Weight: 820 g","inLanguage":"pt-PT","isPartOf":{"@id":"https:\/\/www.rucashk.com\/pt\/#website"},"breadcrumb":{"@id":"https:\/\/www.rucashk.com\/pt\/produto\/logitech-k480-bluetooth-multi-device-keyboard-keyboards\/#breadcrumblist"},"author":{"@id":"https:\/\/www.rucashk.com\/pt\/author\/admin\/#author"},"creator":{"@id":"https:\/\/www.rucashk.com\/pt\/author\/admin\/#author"},"image":{"@type":"ImageObject","url":"https:\/\/www.rucashk.com\/wp-content\/uploads\/2024\/01\/10005-14-1.jpg","@id":"https:\/\/www.rucashk.com\/pt\/produto\/logitech-k480-bluetooth-multi-device-keyboard-keyboards\/#mainImage","width":1000,"height":1000},"primaryImageOfPage":{"@id":"https:\/\/www.rucashk.com\/pt\/produto\/logitech-k480-bluetooth-multi-device-keyboard-keyboards\/#mainImage"},"datePublished":"2024-01-09T16:40:53+00:00","dateModified":"2025-06-21T09:30:30+00:00"},{"@type":"WebSite","@id":"https:\/\/www.rucashk.com\/pt\/#website","url":"https:\/\/www.rucashk.com\/pt\/","name":"Rucas - Wholesale and distribution worldwide","alternateName":"Rucas - One-stop AIoT Distribution Worldwide","description":"One-stop AIoT Distribution Worldwide","inLanguage":"pt-PT","publisher":{"@id":"https:\/\/www.rucashk.com\/pt\/#organization"}}]}},"aioseo_meta_data":{"post_id":"27418","title":null,"description":null,"keywords":null,"keyphrases":null,"primary_term":null,"canonical_url":null,"og_title":null,"og_description":null,"og_object_type":"default","og_image_type":"default","og_image_url":null,"og_image_width":null,"og_image_height":null,"og_image_custom_url":null,"og_image_custom_fields":null,"og_video":"","og_custom_url":null,"og_article_section":null,"og_article_tags":null,"twitter_use_og":false,"twitter_card":"default","twitter_image_type":"default","twitter_image_url":null,"twitter_image_custom_url":null,"twitter_image_custom_fields":null,"twitter_title":null,"twitter_description":null,"schema":{"blockGraphs":[],"customGraphs":[],"default":{"data":{"Article":[],"Course":[],"Dataset":[],"FAQPage":[],"Movie":[],"Person":[],"Product":[],"Recipe":[],"Service":[],"SoftwareApplication":[],"WebPage":[]},"graphName":"","isEnabled":true},"graphs":[]},"schema_type":"default","schema_type_options":null,"pillar_content":false,"robots_default":true,"robots_noindex":false,"robots_noarchive":false,"robots_nosnippet":false,"robots_nofollow":false,"robots_noimageindex":false,"robots_noodp":false,"robots_notranslate":false,"robots_max_snippet":"-1","robots_max_videopreview":"-1","robots_max_imagepreview":"large","priority":null,"frequency":"default","local_seo":null,"breadcrumb_settings":null,"limit_modified_date":false,"created":"2024-04-11 01:57:22","updated":"2025-06-22 18:36:55"},"aioseo_breadcrumb":"<div class=\"aioseo-breadcrumbs\"><span class=\"aioseo-breadcrumb\">\n\t<a href=\"https:\/\/www.rucashk.com\/pt\" title=\"Home\">Home<\/a>\n<\/span><span class=\"aioseo-breadcrumb-separator\">&raquo;<\/span><span class=\"aioseo-breadcrumb\">\n\t<a href=\"https:\/\/www.rucashk.com\/pt\/products\/\" title=\"Produtos\">Produtos<\/a>\n<\/span><span class=\"aioseo-breadcrumb-separator\">&raquo;<\/span><span class=\"aioseo-breadcrumb\">\n\t<a href=\"https:\/\/www.rucashk.com\/pt\/marca\/logitech\/\" title=\"Logitech\">Logitech<\/a>\n<\/span><span class=\"aioseo-breadcrumb-separator\">&raquo;<\/span><span class=\"aioseo-breadcrumb\">\n\tLogitech K480 BLUETOOTH MULTI-DEVICE KEYBOARD Keyboards\n<\/span><\/div>","aioseo_breadcrumb_json":[{"label":"Home","link":"https:\/\/www.rucashk.com\/pt"},{"label":"Produtos","link":"https:\/\/www.rucashk.com\/pt\/products\/"},{"label":"Logitech","link":"https:\/\/www.rucashk.com\/pt\/marca\/logitech\/"},{"label":"Logitech K480 BLUETOOTH MULTI-DEVICE KEYBOARD Keyboards","link":"https:\/\/www.rucashk.com\/pt\/produto\/logitech-k480-bluetooth-multi-device-keyboard-keyboards\/"}],"_links":{"self":[{"href":"https:\/\/www.rucashk.com\/pt\/wp-json\/wp\/v2\/product\/27418","targetHints":{"allow":["GET"]}}],"collection":[{"href":"https:\/\/www.rucashk.com\/pt\/wp-json\/wp\/v2\/product"}],"about":[{"href":"https:\/\/www.rucashk.com\/pt\/wp-json\/wp\/v2\/types\/product"}],"wp:featuredmedia":[{"embeddable":true,"href":"https:\/\/www.rucashk.com\/pt\/wp-json\/wp\/v2\/media\/27562"}],"wp:attachment":[{"href":"https:\/\/www.rucashk.com\/pt\/wp-json\/wp\/v2\/media?parent=27418"}],"wp:term":[{"taxonomy":"product_brand","embeddable":true,"href":"https:\/\/www.rucashk.com\/pt\/wp-json\/wp\/v2\/product_brand?post=27418"},{"taxonomy":"product_cat","embeddable":true,"href":"https:\/\/www.rucashk.com\/pt\/wp-json\/wp\/v2\/product_cat?post=27418"},{"taxonomy":"product_tag","embeddable":true,"href":"https:\/\/www.rucashk.com\/pt\/wp-json\/wp\/v2\/product_tag?post=27418"}],"curies":[{"name":"wp","href":"https:\/\/api.w.org\/{rel}","templated":true}]}}