{"id":27416,"date":"2024-01-09T16:40:53","date_gmt":"2024-01-09T16:40:53","guid":{"rendered":"http:\/\/rucashk.com\/?post_type=product&#038;p=27416"},"modified":"2025-06-21T09:29:56","modified_gmt":"2025-06-21T09:29:56","slug":"logitech-k780-multi-device-wireless-keyboard-keyboards","status":"publish","type":"product","link":"https:\/\/www.rucashk.com\/pt\/produto\/logitech-k780-multi-device-wireless-keyboard-keyboards\/","title":{"rendered":"Teclados Logitech K780 MULTI-DEVICE WIRELESS TECLADO"},"content":{"rendered":"<h2 class=\"body-copy-title font-title-l font-brown-bold\" style=\"text-align: center\">FLUXO DE M\u00daLTIPLOS DISPOSITIVOS<\/h2>\n<p style=\"text-align: center\">Conecte at\u00e9 tr\u00eas dispositivos e alterne entre eles. O Easy-Switch permite que voc\u00ea digite no seu laptop ou computador e continue digitando no seu telefone ou tablet, tudo com o toque de um bot\u00e3o. Desbloqueie mais personaliza\u00e7\u00f5es com o Logitech Options Software que permite personalizar teclas, criar atalhos de teclas de atalho ou verificar o n\u00edvel da bateria.<\/p>\n<p style=\"text-align: center\">\n<p><img fetchpriority=\"high\" decoding=\"async\" class=\"wp-image-35914 aligncenter\" src=\"https:\/\/www.rucashk.com\/wp-content\/uploads\/2023\/10\/33f96caf90582a7946d44af611116f4-300x165.png\" alt=\"Logitech K780 MULTI-DEVICE WIRELESS KEYBOARD Keyboards\" width=\"858\" height=\"472\" \/><\/p>\n<p>&nbsp;<\/p>\n<h2 class=\"h3\" style=\"text-align: center\">COMPACTO COM UM BER\u00c7O INTEGRADO<\/h2>\n<p style=\"text-align: center\">Todas as teclas que voc\u00ea precisa em um formato compacto, ideal para estruturas menores ou espa\u00e7os de trabalho apertados. Com um teclado num\u00e9rico integrado voc\u00ea pode realizar toda a entrada de dados com menos alcance e mais espa\u00e7o para o mouse. O suporte de borracha integrado acomoda uma variedade de dispositivos em um \u00e2ngulo de vis\u00e3o confort\u00e1vel, desde smartphones at\u00e9 um iPad de 12\u201d.<\/p>\n<p>&nbsp;<\/p>\n<p><img decoding=\"async\" class=\"wp-image-35915 aligncenter\" src=\"https:\/\/www.rucashk.com\/wp-content\/uploads\/2023\/10\/c3b834e3c3782f51fe55fc2495e6234-300x169.png\" alt=\"Logitech K780 MULTI-DEVICE WIRELESS KEYBOARD Keyboards\" width=\"857\" height=\"483\" \/><\/p>\n<p>&nbsp;<\/p>\n<h2 class=\"h3\" style=\"text-align: center\">DIGITA\u00c7\u00c3O CONFORT\u00c1VEL, SILENCIOSA E PRECISA<\/h2>\n<p style=\"text-align: center\">As teclas Perfect Stroke s\u00e3o cuidadosamente elaboradas para fornecer uma experi\u00eancia de digita\u00e7\u00e3o fluida e ultraprecisa \u2013 com uma capacidade de resposta que voc\u00ea sente, mas n\u00e3o ouve. O design redondo das teclas combina com o formato das pontas dos dedos, proporcionando uma sensa\u00e7\u00e3o de digita\u00e7\u00e3o suave e confort\u00e1vel.<\/p>\n<p style=\"text-align: center\">\n<p><img decoding=\"async\" class=\"wp-image-35916 aligncenter\" src=\"https:\/\/www.rucashk.com\/wp-content\/uploads\/2023\/10\/63d2847afd899a8dd0d72228a2658b0-300x170.png\" alt=\"Logitech K780 MULTI-DEVICE WIRELESS KEYBOARD Keyboards\" width=\"856\" height=\"485\" \/><\/p>\n<p>&nbsp;<\/p>\n<h2 class=\"font-title-l js-title\" style=\"text-align: center\">FLEX\u00cdVEL E COMPAT\u00cdVEL<\/h2>\n<div class=\"body-copy-ctn js-body-copy-ctn rte-field\">\n<p style=\"text-align: center\">Conecte-se do jeito que voc\u00ea quiser. O K780 pode ser emparelhado rapidamente via\u00a0<em>Bluetooth<\/em><sup>\u00ae<\/sup>\u00a0tecnologia sem fio ou o receptor Unifying USB. Compat\u00edvel com Windows<sup>\u00ae<\/sup>, Chrome OS<sup>\u2122<\/sup>, macOS, Android<sup>\u2122<\/sup>, iOS e iPadOS - ele at\u00e9 mapeia teclas e atalhos para seu sistema operacional preferido, para que voc\u00ea possa fluir facilmente de um dispositivo para outro.<\/p>\n<\/div>\n<p>&nbsp;<\/p>\n<p><img loading=\"lazy\" decoding=\"async\" class=\"wp-image-35917 aligncenter\" src=\"https:\/\/www.rucashk.com\/wp-content\/uploads\/2023\/10\/c7cff403d6417fc438a6a7915699e61-300x182.png\" alt=\"Logitech K780 MULTI-DEVICE WIRELESS KEYBOARD Keyboards\" width=\"855\" height=\"519\" \/><\/p>\n<p>&nbsp;<\/p>\n<h2 class=\"h3\" style=\"text-align: center\">CONSTRU\u00cdDO PARA CONTINUAR<\/h2>\n<p style=\"text-align: center\">O K780 foi constru\u00eddo com os mesmos padr\u00f5es de alta qualidade e confiabilidade que tornaram a Logitech a l\u00edder global em mouses e teclados At\u00e9 24 meses de dura\u00e7\u00e3o da bateria eliminam o inc\u00f4modo de trocas frequentes de bateria, com um pr\u00e1tico bot\u00e3o liga\/desliga e tecnologia de economia de energia que preservar a vida \u00fatil da bateria.<\/p>\n<p>&nbsp;<\/p>\n<p><img loading=\"lazy\" decoding=\"async\" class=\"wp-image-35918 aligncenter\" src=\"https:\/\/www.rucashk.com\/wp-content\/uploads\/2023\/10\/9c7cbe5633cad6cae4a64560f40deaa-300x169.png\" alt=\"Logitech K780 MULTI-DEVICE WIRELESS KEYBOARD Keyboards\" width=\"854\" height=\"481\" \/><\/p>\n<p>&nbsp;<\/p>\n<h4 class=\"specs-heading\">Especifica\u00e7\u00f5es<\/h4>\n<div class=\"specs-column\">\n<div class=\"specs-group\">\n<div class=\"specs-block\">\n<h5 class=\"specs-title\">Tipo de conex\u00e3o<\/h5>\n<ul class=\"specs-description-list\">\n<li>Protocolo unificador Logitech (2,4 GHz)<\/li>\n<li>Tecnologia Bluetooth Inteligente<\/li>\n<li><strong>Alcance sem fio<\/strong>: &gt;10 m de alcance sem fio<\/li>\n<\/ul>\n<\/div>\n<div class=\"specs-block\">\n<h5 class=\"specs-title\">Aplicativo de personaliza\u00e7\u00e3o<\/h5>\n<ul class=\"specs-description-list\">\n<li>Compat\u00edvel com Logi Options+ no Windows e macOS<\/li>\n<\/ul>\n<\/div>\n<div class=\"specs-block\"><\/div>\n<div class=\"specs-block\">\n<h5 class=\"specs-title\">Bateria<\/h5>\n<ul class=\"specs-description-list\">\n<li>Bateria: 2 x AAA (inclu\u00edda)<\/li>\n<li><strong>Bateria<\/strong>: 18 meses<\/li>\n<\/ul>\n<\/div>\n<div class=\"specs-block\">\n<h5 class=\"specs-title\">Chaves Especiais<\/h5>\n<ul class=\"specs-description-list\">\n<li>Teclas de atalho, troca f\u00e1cil<\/li>\n<li><strong>Conectar\/Alimentar<\/strong>: Interruptor liga\/desliga<\/li>\n<\/ul>\n<\/div>\n<div class=\"specs-block\">\n<h5 class=\"specs-title\">Vida-chave<\/h5>\n<ul class=\"specs-description-list\">\n<li>At\u00e9 10 milh\u00f5es de pressionamentos de teclas<\/li>\n<\/ul>\n<\/div>\n<div class=\"specs-block\"><\/div>\n<div class=\"specs-block\">\n<h5 class=\"specs-title\">Sustentabilidade<\/h5>\n<ul class=\"specs-description-list\">\n<li><strong>Pegada de carbono do produto<\/strong>: 9,48 kg CO2e<\/li>\n<\/ul>\n<\/div>\n<div class=\"specs-block\">\n<div class=\"specs-description\">Certificado neutro em carbono<\/div>\n<\/div>\n<\/div>\n<\/div>","protected":false},"excerpt":{"rendered":"<div class=\"specs-block\">\n<div>\n<p>Teclado sem fio para v\u00e1rios dispositivos K780<\/p>\n<\/div>\n<div class=\"specs-description\"><strong>Altura<\/strong>: 158mm<\/div>\n<\/div>\n<div class=\"specs-block\">\n<div class=\"specs-description\"><strong>Largura<\/strong>: 380 mil\u00edmetros<\/div>\n<\/div>\n<div class=\"specs-block\">\n<div class=\"specs-description\"><strong>Profundidade<\/strong>: 8 mm na frente, 22 mm atr\u00e1s<\/div>\n<\/div>\n<div class=\"specs-block\">\n<div class=\"specs-description\"><strong>Peso<\/strong>: 875g<\/div>\n<\/div>","protected":false},"featured_media":27548,"template":"","meta":[],"product_brand":[1380],"product_cat":[1332,1322],"product_tag":[],"class_list":{"0":"post-27416","1":"product","2":"type-product","3":"status-publish","4":"has-post-thumbnail","6":"product_brand-logitech","7":"product_cat-logitech-other-a-brands","8":"product_cat-other-a-brands","10":"first","11":"instock","12":"shipping-taxable","13":"product-type-simple"},"aioseo_notices":[],"aioseo_head":"\n\t\t<!-- All in One SEO Pro 4.5.9.2 - aioseo.com -->\n\t\t<meta name=\"description\" content=\"K780 Multi-Device Wireless Keyboard Height: 158 mm Width: 380 mm Depth: 8 mm at front, 22 mm at back Weight: 875 g\" \/>\n\t\t<meta name=\"robots\" content=\"max-image-preview:large\" \/>\n\t\t<link rel=\"canonical\" href=\"https:\/\/www.rucashk.com\/pt\/produto\/logitech-k780-multi-device-wireless-keyboard-keyboards\/\" \/>\n\t\t<meta name=\"generator\" content=\"All in One SEO Pro (AIOSEO) 4.5.9.2\" \/>\n\t\t<meta property=\"og:locale\" content=\"pt_PT\" \/>\n\t\t<meta property=\"og:site_name\" content=\"Rucas - One-stop AIoT Distribution Worldwide\" \/>\n\t\t<meta property=\"og:type\" content=\"article\" \/>\n\t\t<meta property=\"og:title\" content=\"Logitech K780 MULTI-DEVICE WIRELESS KEYBOARD Keyboards - Rucas - Wholesale and Distribution\" \/>\n\t\t<meta property=\"og:description\" content=\"K780 Multi-Device Wireless Keyboard Height: 158 mm Width: 380 mm Depth: 8 mm at front, 22 mm at back Weight: 875 g\" \/>\n\t\t<meta property=\"og:url\" content=\"https:\/\/www.rucashk.com\/pt\/produto\/logitech-k780-multi-device-wireless-keyboard-keyboards\/\" \/>\n\t\t<meta property=\"og:image\" content=\"https:\/\/www.rucashk.com\/wp-content\/uploads\/replace\/503b8e645f128a97ccde2b6290747646.jpeg\" \/>\n\t\t<meta property=\"og:image:secure_url\" content=\"https:\/\/www.rucashk.com\/wp-content\/uploads\/replace\/503b8e645f128a97ccde2b6290747646.jpeg\" \/>\n\t\t<meta property=\"og:image:width\" content=\"1456\" \/>\n\t\t<meta property=\"og:image:height\" content=\"816\" \/>\n\t\t<meta property=\"article:published_time\" content=\"2024-01-09T16:40:53+00:00\" \/>\n\t\t<meta property=\"article:modified_time\" content=\"2025-06-21T09:29:56+00:00\" \/>\n\t\t<meta name=\"twitter:card\" content=\"summary_large_image\" \/>\n\t\t<meta name=\"twitter:title\" content=\"Logitech K780 MULTI-DEVICE WIRELESS KEYBOARD Keyboards - Rucas - Wholesale and Distribution\" \/>\n\t\t<meta name=\"twitter:description\" content=\"K780 Multi-Device Wireless Keyboard Height: 158 mm Width: 380 mm Depth: 8 mm at front, 22 mm at back Weight: 875 g\" \/>\n\t\t<meta name=\"twitter:image\" content=\"https:\/\/www.rucashk.com\/wp-content\/uploads\/replace\/503b8e645f128a97ccde2b6290747646.jpeg\" \/>\n\t\t<script type=\"application\/ld+json\" class=\"aioseo-schema\">\n\t\t\t{\"@context\":\"https:\\\/\\\/schema.org\",\"@graph\":[{\"@type\":\"BreadcrumbList\",\"@id\":\"https:\\\/\\\/www.rucashk.com\\\/pt\\\/produto\\\/logitech-k780-multi-device-wireless-keyboard-keyboards\\\/#breadcrumblist\",\"itemListElement\":[{\"@type\":\"ListItem\",\"@id\":\"https:\\\/\\\/www.rucashk.com\\\/pt\\\/#listItem\",\"position\":1,\"name\":\"Home\",\"item\":\"https:\\\/\\\/www.rucashk.com\\\/pt\\\/\",\"nextItem\":\"https:\\\/\\\/www.rucashk.com\\\/pt\\\/produto\\\/logitech-k780-multi-device-wireless-keyboard-keyboards\\\/#listItem\"},{\"@type\":\"ListItem\",\"@id\":\"https:\\\/\\\/www.rucashk.com\\\/pt\\\/produto\\\/logitech-k780-multi-device-wireless-keyboard-keyboards\\\/#listItem\",\"position\":2,\"name\":\"Logitech K780 MULTI-DEVICE WIRELESS KEYBOARD Keyboards\",\"previousItem\":\"https:\\\/\\\/www.rucashk.com\\\/pt\\\/#listItem\"}]},{\"@type\":\"Organization\",\"@id\":\"https:\\\/\\\/www.rucashk.com\\\/pt\\\/#organization\",\"name\":\"Rucas\",\"url\":\"https:\\\/\\\/www.rucashk.com\\\/pt\\\/\",\"logo\":{\"@type\":\"ImageObject\",\"url\":\"https:\\\/\\\/www.rucashk.com\\\/wp-content\\\/uploads\\\/2023\\\/12\\\/Rucas_campany_logo.png\",\"@id\":\"https:\\\/\\\/www.rucashk.com\\\/pt\\\/produto\\\/logitech-k780-multi-device-wireless-keyboard-keyboards\\\/#organizationLogo\",\"width\":221,\"height\":65},\"image\":{\"@id\":\"https:\\\/\\\/www.rucashk.com\\\/pt\\\/#organizationLogo\"}},{\"@type\":\"Person\",\"@id\":\"https:\\\/\\\/www.rucashk.com\\\/pt\\\/author\\\/admin\\\/#author\",\"url\":\"https:\\\/\\\/www.rucashk.com\\\/pt\\\/author\\\/admin\\\/\",\"name\":\"admin\",\"image\":{\"@type\":\"ImageObject\",\"@id\":\"https:\\\/\\\/www.rucashk.com\\\/pt\\\/produto\\\/logitech-k780-multi-device-wireless-keyboard-keyboards\\\/#authorImage\",\"url\":\"https:\\\/\\\/secure.gravatar.com\\\/avatar\\\/b7c8925b09a27e72b30232f8ecaadbd5af0f70a38c78096863fe51b64f031c24?s=96&d=mm&r=g\",\"width\":96,\"height\":96,\"caption\":\"admin\"}},{\"@type\":\"WebPage\",\"@id\":\"https:\\\/\\\/www.rucashk.com\\\/pt\\\/produto\\\/logitech-k780-multi-device-wireless-keyboard-keyboards\\\/#webpage\",\"url\":\"https:\\\/\\\/www.rucashk.com\\\/pt\\\/produto\\\/logitech-k780-multi-device-wireless-keyboard-keyboards\\\/\",\"name\":\"Logitech K780 MULTI-DEVICE WIRELESS KEYBOARD Keyboards - Rucas - Wholesale and Distribution\",\"description\":\"K780 Multi-Device Wireless Keyboard Height: 158 mm Width: 380 mm Depth: 8 mm at front, 22 mm at back Weight: 875 g\",\"inLanguage\":\"pt-PT\",\"isPartOf\":{\"@id\":\"https:\\\/\\\/www.rucashk.com\\\/pt\\\/#website\"},\"breadcrumb\":{\"@id\":\"https:\\\/\\\/www.rucashk.com\\\/pt\\\/produto\\\/logitech-k780-multi-device-wireless-keyboard-keyboards\\\/#breadcrumblist\"},\"author\":{\"@id\":\"https:\\\/\\\/www.rucashk.com\\\/pt\\\/author\\\/admin\\\/#author\"},\"creator\":{\"@id\":\"https:\\\/\\\/www.rucashk.com\\\/pt\\\/author\\\/admin\\\/#author\"},\"image\":{\"@type\":\"ImageObject\",\"url\":\"https:\\\/\\\/www.rucashk.com\\\/wp-content\\\/uploads\\\/2024\\\/01\\\/10005-13-2.jpg\",\"@id\":\"https:\\\/\\\/www.rucashk.com\\\/pt\\\/produto\\\/logitech-k780-multi-device-wireless-keyboard-keyboards\\\/#mainImage\",\"width\":800,\"height\":800},\"primaryImageOfPage\":{\"@id\":\"https:\\\/\\\/www.rucashk.com\\\/pt\\\/produto\\\/logitech-k780-multi-device-wireless-keyboard-keyboards\\\/#mainImage\"},\"datePublished\":\"2024-01-09T16:40:53+00:00\",\"dateModified\":\"2025-06-21T09:29:56+00:00\"},{\"@type\":\"WebSite\",\"@id\":\"https:\\\/\\\/www.rucashk.com\\\/pt\\\/#website\",\"url\":\"https:\\\/\\\/www.rucashk.com\\\/pt\\\/\",\"name\":\"Rucas - Wholesale and distribution worldwide\",\"alternateName\":\"Rucas - One-stop AIoT Distribution Worldwide\",\"description\":\"One-stop AIoT Distribution Worldwide\",\"inLanguage\":\"pt-PT\",\"publisher\":{\"@id\":\"https:\\\/\\\/www.rucashk.com\\\/pt\\\/#organization\"}}]}\n\t\t<\/script>\n\t\t<!-- All in One SEO Pro -->\r\n\t\t<title>Logitech K780 MULTI-DEVICE WIRELESS KEYBOARD Keyboards - Rucas - Wholesale and Distribution<\/title>\n\n","aioseo_head_json":{"title":"Logitech K780 MULTI-DEVICE WIRELESS KEYBOARD Keyboards - Rucas - Wholesale and Distribution","description":"K780 Multi-Device Wireless Keyboard Height: 158 mm Width: 380 mm Depth: 8 mm at front, 22 mm at back Weight: 875 g","canonical_url":"https:\/\/www.rucashk.com\/pt\/produto\/logitech-k780-multi-device-wireless-keyboard-keyboards\/","robots":"max-image-preview:large","keywords":"","webmasterTools":{"miscellaneous":""},"og:locale":"pt_PT","og:site_name":"Rucas - One-stop AIoT Distribution Worldwide","og:type":"article","og:title":"Logitech K780 MULTI-DEVICE WIRELESS KEYBOARD Keyboards - Rucas - Wholesale and Distribution","og:description":"K780 Multi-Device Wireless Keyboard Height: 158 mm Width: 380 mm Depth: 8 mm at front, 22 mm at back Weight: 875 g","og:url":"https:\/\/www.rucashk.com\/pt\/produto\/logitech-k780-multi-device-wireless-keyboard-keyboards\/","og:image":"https:\/\/www.rucashk.com\/wp-content\/uploads\/replace\/503b8e645f128a97ccde2b6290747646.jpeg","og:image:secure_url":"https:\/\/www.rucashk.com\/wp-content\/uploads\/replace\/503b8e645f128a97ccde2b6290747646.jpeg","og:image:width":1456,"og:image:height":816,"article:published_time":"2024-01-09T16:40:53+00:00","article:modified_time":"2025-06-21T09:29:56+00:00","twitter:card":"summary_large_image","twitter:title":"Logitech K780 MULTI-DEVICE WIRELESS KEYBOARD Keyboards - Rucas - Wholesale and Distribution","twitter:description":"K780 Multi-Device Wireless Keyboard Height: 158 mm Width: 380 mm Depth: 8 mm at front, 22 mm at back Weight: 875 g","twitter:image":"https:\/\/www.rucashk.com\/wp-content\/uploads\/replace\/503b8e645f128a97ccde2b6290747646.jpeg","schema":{"@context":"https:\/\/schema.org","@graph":[{"@type":"BreadcrumbList","@id":"https:\/\/www.rucashk.com\/pt\/produto\/logitech-k780-multi-device-wireless-keyboard-keyboards\/#breadcrumblist","itemListElement":[{"@type":"ListItem","@id":"https:\/\/www.rucashk.com\/pt\/#listItem","position":1,"name":"Home","item":"https:\/\/www.rucashk.com\/pt\/","nextItem":"https:\/\/www.rucashk.com\/pt\/produto\/logitech-k780-multi-device-wireless-keyboard-keyboards\/#listItem"},{"@type":"ListItem","@id":"https:\/\/www.rucashk.com\/pt\/produto\/logitech-k780-multi-device-wireless-keyboard-keyboards\/#listItem","position":2,"name":"Logitech K780 MULTI-DEVICE WIRELESS KEYBOARD Keyboards","previousItem":"https:\/\/www.rucashk.com\/pt\/#listItem"}]},{"@type":"Organization","@id":"https:\/\/www.rucashk.com\/pt\/#organization","name":"Rucas","url":"https:\/\/www.rucashk.com\/pt\/","logo":{"@type":"ImageObject","url":"https:\/\/www.rucashk.com\/wp-content\/uploads\/2023\/12\/Rucas_campany_logo.png","@id":"https:\/\/www.rucashk.com\/pt\/produto\/logitech-k780-multi-device-wireless-keyboard-keyboards\/#organizationLogo","width":221,"height":65},"image":{"@id":"https:\/\/www.rucashk.com\/pt\/#organizationLogo"}},{"@type":"Person","@id":"https:\/\/www.rucashk.com\/pt\/author\/admin\/#author","url":"https:\/\/www.rucashk.com\/pt\/author\/admin\/","name":"admin","image":{"@type":"ImageObject","@id":"https:\/\/www.rucashk.com\/pt\/produto\/logitech-k780-multi-device-wireless-keyboard-keyboards\/#authorImage","url":"https:\/\/secure.gravatar.com\/avatar\/b7c8925b09a27e72b30232f8ecaadbd5af0f70a38c78096863fe51b64f031c24?s=96&d=mm&r=g","width":96,"height":96,"caption":"admin"}},{"@type":"WebPage","@id":"https:\/\/www.rucashk.com\/pt\/produto\/logitech-k780-multi-device-wireless-keyboard-keyboards\/#webpage","url":"https:\/\/www.rucashk.com\/pt\/produto\/logitech-k780-multi-device-wireless-keyboard-keyboards\/","name":"Logitech K780 MULTI-DEVICE WIRELESS KEYBOARD Keyboards - Rucas - Wholesale and Distribution","description":"K780 Multi-Device Wireless Keyboard Height: 158 mm Width: 380 mm Depth: 8 mm at front, 22 mm at back Weight: 875 g","inLanguage":"pt-PT","isPartOf":{"@id":"https:\/\/www.rucashk.com\/pt\/#website"},"breadcrumb":{"@id":"https:\/\/www.rucashk.com\/pt\/produto\/logitech-k780-multi-device-wireless-keyboard-keyboards\/#breadcrumblist"},"author":{"@id":"https:\/\/www.rucashk.com\/pt\/author\/admin\/#author"},"creator":{"@id":"https:\/\/www.rucashk.com\/pt\/author\/admin\/#author"},"image":{"@type":"ImageObject","url":"https:\/\/www.rucashk.com\/wp-content\/uploads\/2024\/01\/10005-13-2.jpg","@id":"https:\/\/www.rucashk.com\/pt\/produto\/logitech-k780-multi-device-wireless-keyboard-keyboards\/#mainImage","width":800,"height":800},"primaryImageOfPage":{"@id":"https:\/\/www.rucashk.com\/pt\/produto\/logitech-k780-multi-device-wireless-keyboard-keyboards\/#mainImage"},"datePublished":"2024-01-09T16:40:53+00:00","dateModified":"2025-06-21T09:29:56+00:00"},{"@type":"WebSite","@id":"https:\/\/www.rucashk.com\/pt\/#website","url":"https:\/\/www.rucashk.com\/pt\/","name":"Rucas - Wholesale and distribution worldwide","alternateName":"Rucas - One-stop AIoT Distribution Worldwide","description":"One-stop AIoT Distribution Worldwide","inLanguage":"pt-PT","publisher":{"@id":"https:\/\/www.rucashk.com\/pt\/#organization"}}]}},"aioseo_meta_data":{"post_id":"27416","title":null,"description":null,"keywords":null,"keyphrases":null,"primary_term":null,"canonical_url":null,"og_title":null,"og_description":null,"og_object_type":"default","og_image_type":"default","og_image_url":null,"og_image_width":null,"og_image_height":null,"og_image_custom_url":null,"og_image_custom_fields":null,"og_video":"","og_custom_url":null,"og_article_section":null,"og_article_tags":null,"twitter_use_og":false,"twitter_card":"default","twitter_image_type":"default","twitter_image_url":null,"twitter_image_custom_url":null,"twitter_image_custom_fields":null,"twitter_title":null,"twitter_description":null,"schema":{"blockGraphs":[],"customGraphs":[],"default":{"data":{"Article":[],"Course":[],"Dataset":[],"FAQPage":[],"Movie":[],"Person":[],"Product":[],"Recipe":[],"Service":[],"SoftwareApplication":[],"WebPage":[]},"graphName":"","isEnabled":true},"graphs":[]},"schema_type":"default","schema_type_options":null,"pillar_content":false,"robots_default":true,"robots_noindex":false,"robots_noarchive":false,"robots_nosnippet":false,"robots_nofollow":false,"robots_noimageindex":false,"robots_noodp":false,"robots_notranslate":false,"robots_max_snippet":"-1","robots_max_videopreview":"-1","robots_max_imagepreview":"large","priority":null,"frequency":"default","local_seo":null,"breadcrumb_settings":null,"limit_modified_date":false,"created":"2024-04-11 01:57:22","updated":"2025-06-22 18:36:54"},"aioseo_breadcrumb":"<div class=\"aioseo-breadcrumbs\"><span class=\"aioseo-breadcrumb\">\n\t<a href=\"https:\/\/www.rucashk.com\/pt\" title=\"Home\">Home<\/a>\n<\/span><span class=\"aioseo-breadcrumb-separator\">&raquo;<\/span><span class=\"aioseo-breadcrumb\">\n\t<a href=\"https:\/\/www.rucashk.com\/pt\/products\/\" title=\"Produtos\">Produtos<\/a>\n<\/span><span class=\"aioseo-breadcrumb-separator\">&raquo;<\/span><span class=\"aioseo-breadcrumb\">\n\t<a href=\"https:\/\/www.rucashk.com\/pt\/marca\/logitech\/\" title=\"Logitech\">Logitech<\/a>\n<\/span><span class=\"aioseo-breadcrumb-separator\">&raquo;<\/span><span class=\"aioseo-breadcrumb\">\n\tLogitech K780 MULTI-DEVICE WIRELESS KEYBOARD Keyboards\n<\/span><\/div>","aioseo_breadcrumb_json":[{"label":"Home","link":"https:\/\/www.rucashk.com\/pt"},{"label":"Produtos","link":"https:\/\/www.rucashk.com\/pt\/products\/"},{"label":"Logitech","link":"https:\/\/www.rucashk.com\/pt\/marca\/logitech\/"},{"label":"Logitech K780 MULTI-DEVICE WIRELESS KEYBOARD Keyboards","link":"https:\/\/www.rucashk.com\/pt\/produto\/logitech-k780-multi-device-wireless-keyboard-keyboards\/"}],"_links":{"self":[{"href":"https:\/\/www.rucashk.com\/pt\/wp-json\/wp\/v2\/product\/27416","targetHints":{"allow":["GET"]}}],"collection":[{"href":"https:\/\/www.rucashk.com\/pt\/wp-json\/wp\/v2\/product"}],"about":[{"href":"https:\/\/www.rucashk.com\/pt\/wp-json\/wp\/v2\/types\/product"}],"wp:featuredmedia":[{"embeddable":true,"href":"https:\/\/www.rucashk.com\/pt\/wp-json\/wp\/v2\/media\/27548"}],"wp:attachment":[{"href":"https:\/\/www.rucashk.com\/pt\/wp-json\/wp\/v2\/media?parent=27416"}],"wp:term":[{"taxonomy":"product_brand","embeddable":true,"href":"https:\/\/www.rucashk.com\/pt\/wp-json\/wp\/v2\/product_brand?post=27416"},{"taxonomy":"product_cat","embeddable":true,"href":"https:\/\/www.rucashk.com\/pt\/wp-json\/wp\/v2\/product_cat?post=27416"},{"taxonomy":"product_tag","embeddable":true,"href":"https:\/\/www.rucashk.com\/pt\/wp-json\/wp\/v2\/product_tag?post=27416"}],"curies":[{"name":"wp","href":"https:\/\/api.w.org\/{rel}","templated":true}]}}