{"id":27414,"date":"2024-01-09T16:40:53","date_gmt":"2024-01-09T16:40:53","guid":{"rendered":"http:\/\/rucashk.com\/?post_type=product&#038;p=27414"},"modified":"2025-06-21T09:30:13","modified_gmt":"2025-06-21T09:30:13","slug":"logitech-k400-plus-wireless-touch-keyboard-keyboards","status":"publish","type":"product","link":"https:\/\/www.rucashk.com\/pt\/produto\/logitech-k400-plus-wireless-touch-keyboard-keyboards\/","title":{"rendered":"Teclados Logitech K400 PLUS WIRELESS TOUCH KEYBOARD"},"content":{"rendered":"<h2 class=\"body-copy-title font-title-l font-brown-bold\" style=\"text-align: center\">CONTROLE TOTAL DO SOF\u00c1<\/h2>\n<p style=\"text-align: center\">Teclado plug-and-play sem fio com touchpad integrado para controle total do PC conectado \u00e0 TV a partir do sof\u00e1. O K400 \u00e9 um teclado silencioso e f\u00e1cil de usar com touchpad integrado, al\u00e9m de todas as teclas de atalho que os usu\u00e1rios de Windows e Android conhecem e adoram. Completo com controles de m\u00eddia que facilitam a navega\u00e7\u00e3o na sua TV controlada por PC.<\/p>\n<p><img decoding=\"async\" class=\"aligncenter\" src=\"\/wp-content\/uploads\/replace\/26e22064e1bf1c5cc5ebdfd57b9636f6.png\" alt=\"Logitech K400 PLUS WIRELESS TOUCH KEYBOARD Keyboards\" width=\"798px\" data-spm-anchor-id=\"a2g0o.detail.1000023.i2.3eb5JfGAJfGALc\" \/><\/p>\n<p>&nbsp;<\/p>\n<h2 class=\"body-copy-title font-title-l font-brown-bold\" style=\"text-align: center\">PROJETADO PARA CONTROLE DESLIGADO<\/h2>\n<p style=\"text-align: center\">O touchpad integrado mant\u00e9m sua digita\u00e7\u00e3o e navega\u00e7\u00e3o em um s\u00f3 lugar. Quando se trata de TV controlada por PC, o K400 facilita a navega\u00e7\u00e3o, sem a necessidade de conectar teclado e mouse separadamente (ou sair do sof\u00e1). Assim, voc\u00ea pode assistir a v\u00eddeos, navegar na web ou conversar com amigos sem problemas.<\/p>\n<p><img fetchpriority=\"high\" decoding=\"async\" class=\"wp-image-35887 aligncenter\" src=\"https:\/\/www.rucashk.com\/wp-content\/uploads\/2023\/10\/31789586baf381222053112ccdff281-300x164.png\" alt=\"Logitech K400 PLUS WIRELESS TOUCH KEYBOARD Keyboards\" width=\"858\" height=\"469\" \/><\/p>\n<p>&nbsp;<\/p>\n<h2 class=\"h3\" style=\"text-align: center\">TECLAS SILENCIOSAS, GRANDE TOUCHPAD<\/h2>\n<p style=\"text-align: center\">Teclas confort\u00e1veis e silenciosas e um touchpad grande facilitam a navega\u00e7\u00e3o no entretenimento e at\u00e9 mesmo a configura\u00e7\u00e3o \u00e9 f\u00e1cil gra\u00e7as ao pequeno receptor USB Unifying plug-and-play.<\/p>\n<p>&nbsp;<\/p>\n<p><img decoding=\"async\" class=\"wp-image-35889 aligncenter\" src=\"https:\/\/www.rucashk.com\/wp-content\/uploads\/2023\/10\/c040b137d9a29adb7199b129786c085-300x169.png\" alt=\"Logitech K400 PLUS WIRELESS TOUCH KEYBOARD Keyboards\" width=\"857\" height=\"483\" \/><\/p>\n<p>&nbsp;<\/p>\n<h2 class=\"h3\" style=\"text-align: center\">SEM FIO E COMPAT\u00cdVEL<\/h2>\n<p style=\"text-align: center\">A tecnologia sem fio poderosa e sem atrasos oferece at\u00e9 10 metros de liberdade, sem atrasos ou interrup\u00e7\u00f5es. Projetado para uso com Windows 7, Windows 8, Windows 10 e posterior, Android 7 ou posterior e Chrome OS<sup>\u2122<\/sup>.<\/p>\n<p><img decoding=\"async\" class=\"wp-image-35890 aligncenter\" src=\"https:\/\/www.rucashk.com\/wp-content\/uploads\/2023\/10\/a9a0ee99f788cb0b819ab99c1524c5b-300x168.png\" alt=\"Logitech K400 PLUS WIRELESS TOUCH KEYBOARD Keyboards\" width=\"857\" height=\"480\" \/><\/p>\n<p>&nbsp;<\/p>\n<h2 class=\"h3\" style=\"text-align: center\">CUSTOMIZ\u00c1VEL<\/h2>\n<p style=\"text-align: center\">Use-o imediatamente ou personalize seus controles com o software Logitech Options. Os controles predefinidos facilitam ajustar o volume, fazer sele\u00e7\u00f5es ou usar seus atalhos favoritos do Windows e Android.<\/p>\n<p><img loading=\"lazy\" decoding=\"async\" class=\"wp-image-35891 aligncenter\" src=\"https:\/\/www.rucashk.com\/wp-content\/uploads\/2023\/10\/37e62712d67462a802c0621fe00272f-300x169.png\" alt=\"Logitech K400 PLUS WIRELESS TOUCH KEYBOARD Keyboards\" width=\"856\" height=\"482\" \/><\/p>\n<p>&nbsp;<\/p>\n<h4 class=\"specs-heading\">Especifica\u00e7\u00f5es<\/h4>\n<div class=\"specs-column\">\n<div class=\"specs-group\">\n<div class=\"specs-block\">\n<h5 class=\"specs-title\">Tipo de conex\u00e3o<\/h5>\n<ul class=\"specs-description-list\">\n<li>Protocolo unificador Logitech (2,4 GHz)<\/li>\n<li><strong>Alcance sem fio<\/strong>: &gt;10 m de alcance sem fio<\/li>\n<\/ul>\n<\/div>\n<div class=\"specs-block\">\n<h5 class=\"specs-title\">Software opcional<\/h5>\n<ul class=\"specs-description-list\">\n<li>Op\u00e7\u00f5es da Logitech<\/li>\n<\/ul>\n<\/div>\n<div class=\"specs-block\">\n<h5 class=\"specs-title\">Bateria<\/h5>\n<ul class=\"specs-description-list\">\n<li><strong>Bateria<\/strong>: 2 x AA (inclu\u00eddo)<\/li>\n<li><strong>Bateria<\/strong>: 18 meses<\/li>\n<\/ul>\n<\/div>\n<div class=\"specs-block\">\n<h5 class=\"specs-title\">Chaves Especiais<\/h5>\n<ul class=\"specs-description-list\">\n<li>Silenciar, diminuir volume, aumentar volume<\/li>\n<li><strong>Conectar\/Alimentar<\/strong>: Interruptor liga\/desliga<\/li>\n<\/ul>\n<\/div>\n<div class=\"specs-block\">\n<h5 class=\"specs-title\">Vida-chave<\/h5>\n<ul class=\"specs-description-list\">\n<li>At\u00e9 5 milh\u00f5es de pressionamentos de teclas<\/li>\n<\/ul>\n<\/div>\n<div class=\"specs-block\">\n<h5 class=\"specs-title\">Barulho de digita\u00e7\u00e3o<\/h5>\n<ul class=\"specs-description-list\">\n<li>Dentro de 55 dBA para todas as chaves<\/li>\n<\/ul>\n<\/div>\n<div class=\"specs-block\">\n<h5 class=\"specs-title\">Sustentabilidade<\/h5>\n<ul class=\"specs-description-list\">\n<li><strong>Pegada de carbono do produto<\/strong>: 4,9 kg CO2e<\/li>\n<\/ul>\n<\/div>\n<div class=\"specs-block\">\n<div class=\"specs-description\">Certificado neutro em carbono<\/div>\n<\/div>\n<\/div>\n<\/div>\n<p>&nbsp;<\/p>","protected":false},"excerpt":{"rendered":"<div class=\"specs-block\">\n<h5 class=\"specs-title\">Geral<\/h5>\n<ul class=\"specs-description-list\">\n<li><strong>Altura<\/strong>: 139,9 mil\u00edmetros<\/li>\n<li><strong>Largura<\/strong>: 354,3 mm<\/li>\n<li><strong>Profundidade<\/strong>: 23,5mm<\/li>\n<li><strong>Peso<\/strong>: 390 g (com baterias)<\/li>\n<\/ul>\n<\/div>\n<div class=\"specs-block\">\n<h5 class=\"specs-title\">Touchpad<\/h5>\n<ul class=\"specs-description-list\">\n<li><strong>Altura<\/strong>: 76mm<\/li>\n<li><strong>Largura<\/strong>: 47mm<\/li>\n<\/ul>\n<\/div>","protected":false},"featured_media":27537,"template":"","meta":[],"product_brand":[1380],"product_cat":[1332,1322],"product_tag":[],"class_list":{"0":"post-27414","1":"product","2":"type-product","3":"status-publish","4":"has-post-thumbnail","6":"product_brand-logitech","7":"product_cat-logitech-other-a-brands","8":"product_cat-other-a-brands","10":"first","11":"instock","12":"shipping-taxable","13":"product-type-simple"},"aioseo_notices":[],"aioseo_head":"\n\t\t<!-- All in One SEO Pro 4.5.9.2 - aioseo.com -->\n\t\t<meta name=\"description\" content=\"Overall Height: 139.9 mm Width: 354.3 mm Depth: 23.5 mm Weight: 390 g (with batteries) Touchpad Height: 76 mm Width: 47 mm\" \/>\n\t\t<meta name=\"robots\" content=\"max-image-preview:large\" \/>\n\t\t<link rel=\"canonical\" href=\"https:\/\/www.rucashk.com\/pt\/produto\/logitech-k400-plus-wireless-touch-keyboard-keyboards\/\" \/>\n\t\t<meta name=\"generator\" content=\"All in One SEO Pro (AIOSEO) 4.5.9.2\" \/>\n\t\t<meta property=\"og:locale\" content=\"pt_PT\" \/>\n\t\t<meta property=\"og:site_name\" content=\"Rucas - One-stop AIoT Distribution Worldwide\" \/>\n\t\t<meta property=\"og:type\" content=\"article\" \/>\n\t\t<meta property=\"og:title\" content=\"Logitech K400 PLUS WIRELESS TOUCH KEYBOARD Keyboards - Rucas - Wholesale and Distribution\" \/>\n\t\t<meta property=\"og:description\" content=\"Overall Height: 139.9 mm Width: 354.3 mm Depth: 23.5 mm Weight: 390 g (with batteries) Touchpad Height: 76 mm Width: 47 mm\" \/>\n\t\t<meta property=\"og:url\" content=\"https:\/\/www.rucashk.com\/pt\/produto\/logitech-k400-plus-wireless-touch-keyboard-keyboards\/\" \/>\n\t\t<meta property=\"og:image\" content=\"https:\/\/www.rucashk.com\/wp-content\/uploads\/replace\/503b8e645f128a97ccde2b6290747646.jpeg\" \/>\n\t\t<meta property=\"og:image:secure_url\" content=\"https:\/\/www.rucashk.com\/wp-content\/uploads\/replace\/503b8e645f128a97ccde2b6290747646.jpeg\" \/>\n\t\t<meta property=\"og:image:width\" content=\"1456\" \/>\n\t\t<meta property=\"og:image:height\" content=\"816\" \/>\n\t\t<meta property=\"article:published_time\" content=\"2024-01-09T16:40:53+00:00\" \/>\n\t\t<meta property=\"article:modified_time\" content=\"2025-06-21T09:30:13+00:00\" \/>\n\t\t<meta name=\"twitter:card\" content=\"summary_large_image\" \/>\n\t\t<meta name=\"twitter:title\" content=\"Logitech K400 PLUS WIRELESS TOUCH KEYBOARD Keyboards - Rucas - Wholesale and Distribution\" \/>\n\t\t<meta name=\"twitter:description\" content=\"Overall Height: 139.9 mm Width: 354.3 mm Depth: 23.5 mm Weight: 390 g (with batteries) Touchpad Height: 76 mm Width: 47 mm\" \/>\n\t\t<meta name=\"twitter:image\" content=\"https:\/\/www.rucashk.com\/wp-content\/uploads\/replace\/503b8e645f128a97ccde2b6290747646.jpeg\" \/>\n\t\t<script type=\"application\/ld+json\" class=\"aioseo-schema\">\n\t\t\t{\"@context\":\"https:\\\/\\\/schema.org\",\"@graph\":[{\"@type\":\"BreadcrumbList\",\"@id\":\"https:\\\/\\\/www.rucashk.com\\\/pt\\\/produto\\\/logitech-k400-plus-wireless-touch-keyboard-keyboards\\\/#breadcrumblist\",\"itemListElement\":[{\"@type\":\"ListItem\",\"@id\":\"https:\\\/\\\/www.rucashk.com\\\/pt\\\/#listItem\",\"position\":1,\"name\":\"Home\",\"item\":\"https:\\\/\\\/www.rucashk.com\\\/pt\\\/\",\"nextItem\":\"https:\\\/\\\/www.rucashk.com\\\/pt\\\/produto\\\/logitech-k400-plus-wireless-touch-keyboard-keyboards\\\/#listItem\"},{\"@type\":\"ListItem\",\"@id\":\"https:\\\/\\\/www.rucashk.com\\\/pt\\\/produto\\\/logitech-k400-plus-wireless-touch-keyboard-keyboards\\\/#listItem\",\"position\":2,\"name\":\"Logitech K400 PLUS WIRELESS TOUCH KEYBOARD Keyboards\",\"previousItem\":\"https:\\\/\\\/www.rucashk.com\\\/pt\\\/#listItem\"}]},{\"@type\":\"Organization\",\"@id\":\"https:\\\/\\\/www.rucashk.com\\\/pt\\\/#organization\",\"name\":\"Rucas\",\"url\":\"https:\\\/\\\/www.rucashk.com\\\/pt\\\/\",\"logo\":{\"@type\":\"ImageObject\",\"url\":\"https:\\\/\\\/www.rucashk.com\\\/wp-content\\\/uploads\\\/2023\\\/12\\\/Rucas_campany_logo.png\",\"@id\":\"https:\\\/\\\/www.rucashk.com\\\/pt\\\/produto\\\/logitech-k400-plus-wireless-touch-keyboard-keyboards\\\/#organizationLogo\",\"width\":221,\"height\":65},\"image\":{\"@id\":\"https:\\\/\\\/www.rucashk.com\\\/pt\\\/#organizationLogo\"}},{\"@type\":\"Person\",\"@id\":\"https:\\\/\\\/www.rucashk.com\\\/pt\\\/author\\\/admin\\\/#author\",\"url\":\"https:\\\/\\\/www.rucashk.com\\\/pt\\\/author\\\/admin\\\/\",\"name\":\"admin\",\"image\":{\"@type\":\"ImageObject\",\"@id\":\"https:\\\/\\\/www.rucashk.com\\\/pt\\\/produto\\\/logitech-k400-plus-wireless-touch-keyboard-keyboards\\\/#authorImage\",\"url\":\"https:\\\/\\\/secure.gravatar.com\\\/avatar\\\/b7c8925b09a27e72b30232f8ecaadbd5af0f70a38c78096863fe51b64f031c24?s=96&d=mm&r=g\",\"width\":96,\"height\":96,\"caption\":\"admin\"}},{\"@type\":\"WebPage\",\"@id\":\"https:\\\/\\\/www.rucashk.com\\\/pt\\\/produto\\\/logitech-k400-plus-wireless-touch-keyboard-keyboards\\\/#webpage\",\"url\":\"https:\\\/\\\/www.rucashk.com\\\/pt\\\/produto\\\/logitech-k400-plus-wireless-touch-keyboard-keyboards\\\/\",\"name\":\"Logitech K400 PLUS WIRELESS TOUCH KEYBOARD Keyboards - Rucas - Wholesale and Distribution\",\"description\":\"Overall Height: 139.9 mm Width: 354.3 mm Depth: 23.5 mm Weight: 390 g (with batteries) Touchpad Height: 76 mm Width: 47 mm\",\"inLanguage\":\"pt-PT\",\"isPartOf\":{\"@id\":\"https:\\\/\\\/www.rucashk.com\\\/pt\\\/#website\"},\"breadcrumb\":{\"@id\":\"https:\\\/\\\/www.rucashk.com\\\/pt\\\/produto\\\/logitech-k400-plus-wireless-touch-keyboard-keyboards\\\/#breadcrumblist\"},\"author\":{\"@id\":\"https:\\\/\\\/www.rucashk.com\\\/pt\\\/author\\\/admin\\\/#author\"},\"creator\":{\"@id\":\"https:\\\/\\\/www.rucashk.com\\\/pt\\\/author\\\/admin\\\/#author\"},\"image\":{\"@type\":\"ImageObject\",\"url\":\"https:\\\/\\\/www.rucashk.com\\\/wp-content\\\/uploads\\\/2024\\\/01\\\/10001-22-2.jpg\",\"@id\":\"https:\\\/\\\/www.rucashk.com\\\/pt\\\/produto\\\/logitech-k400-plus-wireless-touch-keyboard-keyboards\\\/#mainImage\",\"width\":1500,\"height\":1500},\"primaryImageOfPage\":{\"@id\":\"https:\\\/\\\/www.rucashk.com\\\/pt\\\/produto\\\/logitech-k400-plus-wireless-touch-keyboard-keyboards\\\/#mainImage\"},\"datePublished\":\"2024-01-09T16:40:53+00:00\",\"dateModified\":\"2025-06-21T09:30:13+00:00\"},{\"@type\":\"WebSite\",\"@id\":\"https:\\\/\\\/www.rucashk.com\\\/pt\\\/#website\",\"url\":\"https:\\\/\\\/www.rucashk.com\\\/pt\\\/\",\"name\":\"Rucas - Wholesale and distribution worldwide\",\"alternateName\":\"Rucas - One-stop AIoT Distribution Worldwide\",\"description\":\"One-stop AIoT Distribution Worldwide\",\"inLanguage\":\"pt-PT\",\"publisher\":{\"@id\":\"https:\\\/\\\/www.rucashk.com\\\/pt\\\/#organization\"}}]}\n\t\t<\/script>\n\t\t<!-- All in One SEO Pro -->\r\n\t\t<title>Logitech K400 PLUS WIRELESS TOUCH KEYBOARD Keyboards - Rucas - Wholesale and Distribution<\/title>\n\n","aioseo_head_json":{"title":"Logitech K400 PLUS WIRELESS TOUCH KEYBOARD Keyboards - Rucas - Wholesale and Distribution","description":"Overall Height: 139.9 mm Width: 354.3 mm Depth: 23.5 mm Weight: 390 g (with batteries) Touchpad Height: 76 mm Width: 47 mm","canonical_url":"https:\/\/www.rucashk.com\/pt\/produto\/logitech-k400-plus-wireless-touch-keyboard-keyboards\/","robots":"max-image-preview:large","keywords":"","webmasterTools":{"miscellaneous":""},"og:locale":"pt_PT","og:site_name":"Rucas - One-stop AIoT Distribution Worldwide","og:type":"article","og:title":"Logitech K400 PLUS WIRELESS TOUCH KEYBOARD Keyboards - Rucas - Wholesale and Distribution","og:description":"Overall Height: 139.9 mm Width: 354.3 mm Depth: 23.5 mm Weight: 390 g (with batteries) Touchpad Height: 76 mm Width: 47 mm","og:url":"https:\/\/www.rucashk.com\/pt\/produto\/logitech-k400-plus-wireless-touch-keyboard-keyboards\/","og:image":"https:\/\/www.rucashk.com\/wp-content\/uploads\/replace\/503b8e645f128a97ccde2b6290747646.jpeg","og:image:secure_url":"https:\/\/www.rucashk.com\/wp-content\/uploads\/replace\/503b8e645f128a97ccde2b6290747646.jpeg","og:image:width":1456,"og:image:height":816,"article:published_time":"2024-01-09T16:40:53+00:00","article:modified_time":"2025-06-21T09:30:13+00:00","twitter:card":"summary_large_image","twitter:title":"Logitech K400 PLUS WIRELESS TOUCH KEYBOARD Keyboards - Rucas - Wholesale and Distribution","twitter:description":"Overall Height: 139.9 mm Width: 354.3 mm Depth: 23.5 mm Weight: 390 g (with batteries) Touchpad Height: 76 mm Width: 47 mm","twitter:image":"https:\/\/www.rucashk.com\/wp-content\/uploads\/replace\/503b8e645f128a97ccde2b6290747646.jpeg","schema":{"@context":"https:\/\/schema.org","@graph":[{"@type":"BreadcrumbList","@id":"https:\/\/www.rucashk.com\/pt\/produto\/logitech-k400-plus-wireless-touch-keyboard-keyboards\/#breadcrumblist","itemListElement":[{"@type":"ListItem","@id":"https:\/\/www.rucashk.com\/pt\/#listItem","position":1,"name":"Home","item":"https:\/\/www.rucashk.com\/pt\/","nextItem":"https:\/\/www.rucashk.com\/pt\/produto\/logitech-k400-plus-wireless-touch-keyboard-keyboards\/#listItem"},{"@type":"ListItem","@id":"https:\/\/www.rucashk.com\/pt\/produto\/logitech-k400-plus-wireless-touch-keyboard-keyboards\/#listItem","position":2,"name":"Logitech K400 PLUS WIRELESS TOUCH KEYBOARD Keyboards","previousItem":"https:\/\/www.rucashk.com\/pt\/#listItem"}]},{"@type":"Organization","@id":"https:\/\/www.rucashk.com\/pt\/#organization","name":"Rucas","url":"https:\/\/www.rucashk.com\/pt\/","logo":{"@type":"ImageObject","url":"https:\/\/www.rucashk.com\/wp-content\/uploads\/2023\/12\/Rucas_campany_logo.png","@id":"https:\/\/www.rucashk.com\/pt\/produto\/logitech-k400-plus-wireless-touch-keyboard-keyboards\/#organizationLogo","width":221,"height":65},"image":{"@id":"https:\/\/www.rucashk.com\/pt\/#organizationLogo"}},{"@type":"Person","@id":"https:\/\/www.rucashk.com\/pt\/author\/admin\/#author","url":"https:\/\/www.rucashk.com\/pt\/author\/admin\/","name":"admin","image":{"@type":"ImageObject","@id":"https:\/\/www.rucashk.com\/pt\/produto\/logitech-k400-plus-wireless-touch-keyboard-keyboards\/#authorImage","url":"https:\/\/secure.gravatar.com\/avatar\/b7c8925b09a27e72b30232f8ecaadbd5af0f70a38c78096863fe51b64f031c24?s=96&d=mm&r=g","width":96,"height":96,"caption":"admin"}},{"@type":"WebPage","@id":"https:\/\/www.rucashk.com\/pt\/produto\/logitech-k400-plus-wireless-touch-keyboard-keyboards\/#webpage","url":"https:\/\/www.rucashk.com\/pt\/produto\/logitech-k400-plus-wireless-touch-keyboard-keyboards\/","name":"Logitech K400 PLUS WIRELESS TOUCH KEYBOARD Keyboards - Rucas - Wholesale and Distribution","description":"Overall Height: 139.9 mm Width: 354.3 mm Depth: 23.5 mm Weight: 390 g (with batteries) Touchpad Height: 76 mm Width: 47 mm","inLanguage":"pt-PT","isPartOf":{"@id":"https:\/\/www.rucashk.com\/pt\/#website"},"breadcrumb":{"@id":"https:\/\/www.rucashk.com\/pt\/produto\/logitech-k400-plus-wireless-touch-keyboard-keyboards\/#breadcrumblist"},"author":{"@id":"https:\/\/www.rucashk.com\/pt\/author\/admin\/#author"},"creator":{"@id":"https:\/\/www.rucashk.com\/pt\/author\/admin\/#author"},"image":{"@type":"ImageObject","url":"https:\/\/www.rucashk.com\/wp-content\/uploads\/2024\/01\/10001-22-2.jpg","@id":"https:\/\/www.rucashk.com\/pt\/produto\/logitech-k400-plus-wireless-touch-keyboard-keyboards\/#mainImage","width":1500,"height":1500},"primaryImageOfPage":{"@id":"https:\/\/www.rucashk.com\/pt\/produto\/logitech-k400-plus-wireless-touch-keyboard-keyboards\/#mainImage"},"datePublished":"2024-01-09T16:40:53+00:00","dateModified":"2025-06-21T09:30:13+00:00"},{"@type":"WebSite","@id":"https:\/\/www.rucashk.com\/pt\/#website","url":"https:\/\/www.rucashk.com\/pt\/","name":"Rucas - Wholesale and distribution worldwide","alternateName":"Rucas - One-stop AIoT Distribution Worldwide","description":"One-stop AIoT Distribution Worldwide","inLanguage":"pt-PT","publisher":{"@id":"https:\/\/www.rucashk.com\/pt\/#organization"}}]}},"aioseo_meta_data":{"post_id":"27414","title":null,"description":null,"keywords":null,"keyphrases":null,"primary_term":null,"canonical_url":null,"og_title":null,"og_description":null,"og_object_type":"default","og_image_type":"default","og_image_url":null,"og_image_width":null,"og_image_height":null,"og_image_custom_url":null,"og_image_custom_fields":null,"og_video":"","og_custom_url":null,"og_article_section":null,"og_article_tags":null,"twitter_use_og":false,"twitter_card":"default","twitter_image_type":"default","twitter_image_url":null,"twitter_image_custom_url":null,"twitter_image_custom_fields":null,"twitter_title":null,"twitter_description":null,"schema":{"blockGraphs":[],"customGraphs":[],"default":{"data":{"Article":[],"Course":[],"Dataset":[],"FAQPage":[],"Movie":[],"Person":[],"Product":[],"Recipe":[],"Service":[],"SoftwareApplication":[],"WebPage":[]},"graphName":"","isEnabled":true},"graphs":[]},"schema_type":"default","schema_type_options":null,"pillar_content":false,"robots_default":true,"robots_noindex":false,"robots_noarchive":false,"robots_nosnippet":false,"robots_nofollow":false,"robots_noimageindex":false,"robots_noodp":false,"robots_notranslate":false,"robots_max_snippet":"-1","robots_max_videopreview":"-1","robots_max_imagepreview":"large","priority":null,"frequency":"default","local_seo":null,"breadcrumb_settings":null,"limit_modified_date":false,"created":"2024-04-11 01:57:22","updated":"2025-06-22 18:35:56"},"aioseo_breadcrumb":"<div class=\"aioseo-breadcrumbs\"><span class=\"aioseo-breadcrumb\">\n\t<a href=\"https:\/\/www.rucashk.com\/pt\" title=\"Home\">Home<\/a>\n<\/span><span class=\"aioseo-breadcrumb-separator\">&raquo;<\/span><span class=\"aioseo-breadcrumb\">\n\t<a href=\"https:\/\/www.rucashk.com\/pt\/products\/\" title=\"Produtos\">Produtos<\/a>\n<\/span><span class=\"aioseo-breadcrumb-separator\">&raquo;<\/span><span class=\"aioseo-breadcrumb\">\n\t<a href=\"https:\/\/www.rucashk.com\/pt\/marca\/logitech\/\" title=\"Logitech\">Logitech<\/a>\n<\/span><span class=\"aioseo-breadcrumb-separator\">&raquo;<\/span><span class=\"aioseo-breadcrumb\">\n\tLogitech K400 PLUS WIRELESS TOUCH KEYBOARD Keyboards\n<\/span><\/div>","aioseo_breadcrumb_json":[{"label":"Home","link":"https:\/\/www.rucashk.com\/pt"},{"label":"Produtos","link":"https:\/\/www.rucashk.com\/pt\/products\/"},{"label":"Logitech","link":"https:\/\/www.rucashk.com\/pt\/marca\/logitech\/"},{"label":"Logitech K400 PLUS WIRELESS TOUCH KEYBOARD Keyboards","link":"https:\/\/www.rucashk.com\/pt\/produto\/logitech-k400-plus-wireless-touch-keyboard-keyboards\/"}],"_links":{"self":[{"href":"https:\/\/www.rucashk.com\/pt\/wp-json\/wp\/v2\/product\/27414","targetHints":{"allow":["GET"]}}],"collection":[{"href":"https:\/\/www.rucashk.com\/pt\/wp-json\/wp\/v2\/product"}],"about":[{"href":"https:\/\/www.rucashk.com\/pt\/wp-json\/wp\/v2\/types\/product"}],"wp:featuredmedia":[{"embeddable":true,"href":"https:\/\/www.rucashk.com\/pt\/wp-json\/wp\/v2\/media\/27537"}],"wp:attachment":[{"href":"https:\/\/www.rucashk.com\/pt\/wp-json\/wp\/v2\/media?parent=27414"}],"wp:term":[{"taxonomy":"product_brand","embeddable":true,"href":"https:\/\/www.rucashk.com\/pt\/wp-json\/wp\/v2\/product_brand?post=27414"},{"taxonomy":"product_cat","embeddable":true,"href":"https:\/\/www.rucashk.com\/pt\/wp-json\/wp\/v2\/product_cat?post=27414"},{"taxonomy":"product_tag","embeddable":true,"href":"https:\/\/www.rucashk.com\/pt\/wp-json\/wp\/v2\/product_tag?post=27414"}],"curies":[{"name":"wp","href":"https:\/\/api.w.org\/{rel}","templated":true}]}}