{"id":27372,"date":"2024-01-09T16:40:32","date_gmt":"2024-01-09T16:40:32","guid":{"rendered":"http:\/\/rucashk.com\/?post_type=product&#038;p=27372"},"modified":"2025-06-21T09:31:01","modified_gmt":"2025-06-21T09:31:01","slug":"logitech-k270-wireless-keyboard-keyboards","status":"publish","type":"product","link":"https:\/\/www.rucashk.com\/pt\/produto\/logitech-k270-wireless-keyboard-keyboards\/","title":{"rendered":"Logitech K270 TECLADO SEM FIO Teclados"},"content":{"rendered":"<h2 class=\"body-copy-title font-title-l font-brown-bold\" style=\"text-align: center\">ESSENCIAL SEM FIOS DE TAMANHO COMPLETO<\/h2>\n<p style=\"text-align: center\">Totalmente sem fio e pronto para conectar-se \u00e0 sua configura\u00e7\u00e3o, o K270 \u00e9 um teclado plug-and-play que torna o trabalho simples e f\u00e1cil. Equipado com um teclado num\u00e9rico e todas as teclas de atalho necess\u00e1rias para realizar o trabalho, \u00e9 um parceiro confi\u00e1vel e dur\u00e1vel para sua mesa - em casa ou no trabalho.<\/p>\n<p>&nbsp;<\/p>\n<p><img fetchpriority=\"high\" decoding=\"async\" class=\"wp-image-35875 aligncenter\" src=\"https:\/\/www.rucashk.com\/wp-content\/uploads\/2023\/10\/ab743ed49288de5a741c8577cccb5c0-300x122.png\" alt=\"Logitech K270 WIRELESS KEYBOARD Keyboards\" width=\"851\" height=\"346\" \/><\/p>\n<p>&nbsp;<\/p>\n<h2 class=\"h3\" style=\"text-align: center\">CONFORT\u00c1VEL E EFICIENTE<\/h2>\n<p style=\"text-align: center\">O teclado de tamanho normal inclui um teclado num\u00e9rico e oito atalhos convenientes, facilitando a entrada de dados e a navega\u00e7\u00e3o \u2013 com acesso f\u00e1cil \u00e0 Internet, e-mails, m\u00fasica e muito mais. As robustas pernas inclin\u00e1veis permitem ajustar a altura do teclado de acordo com sua prefer\u00eancia.<\/p>\n<p>&nbsp;<\/p>\n<p><img decoding=\"async\" class=\"wp-image-35876 aligncenter\" src=\"https:\/\/www.rucashk.com\/wp-content\/uploads\/2023\/10\/0008287cbf1fe230251ff3b477390d7-300x164.png\" alt=\"Logitech K270 WIRELESS KEYBOARD Keyboards\" width=\"856\" height=\"468\" \/><\/p>\n<h2 class=\"h3\" style=\"text-align: center\">CONSTRU\u00cdDO PARA DURAR<\/h2>\n<p style=\"text-align: center\">O teclado K270 foi constru\u00eddo com os mesmos padr\u00f5es de alta qualidade e confiabilidade que tornaram a Logitech a l\u00edder global #1 em mouses e teclados. At\u00e9 24 meses de dura\u00e7\u00e3o da bateria eliminam o inc\u00f4modo de trocas frequentes de bateria, com um pr\u00e1tico bot\u00e3o liga\/desliga e tecnologia de economia de energia para preservar a vida \u00fatil da bateria.<\/p>\n<div class=\"parsys-ctn\">\n<div class=\"pangea-cmp pangea-image aem-margin-options mmrxl\" data-aem-id=\"image_editable_copy_-i888b594fda537ede960b664ce5c549a1\">\n<div class=\"aem-content-ctn no-container\">\n<div class=\"aem-padding-options tprs mprxl\" data-aem-id=\"image_editable_copy_-i888b594fda537ede960b664ce5c549a1-padding-options\"><\/div>\n<\/div>\n<\/div>\n<\/div>\n<p>&nbsp;<\/p>\n<p><img decoding=\"async\" class=\"wp-image-35877 aligncenter\" src=\"https:\/\/www.rucashk.com\/wp-content\/uploads\/2023\/10\/384f8885814e01087a3b848a6d7786e-300x168.png\" alt=\"Logitech K270 WIRELESS KEYBOARD Keyboards\" width=\"855\" height=\"479\" \/><\/p>\n<p>&nbsp;<\/p>\n<h2 class=\"h3\" style=\"text-align: center\">PROJETADO PARA CONTINUAR<\/h2>\n<p style=\"text-align: center\">Com garantia inclu\u00edda de 3 anos, \u00e0 prova de derramamento. O design e os caracteres impressos dur\u00e1veis mant\u00eam voc\u00ea no caminho certo por muitos anos, apesar de quaisquer contratempos no trabalho.<\/p>\n<p><img loading=\"lazy\" decoding=\"async\" class=\"wp-image-35878 aligncenter\" src=\"https:\/\/www.rucashk.com\/wp-content\/uploads\/2023\/10\/bee34dfe3cf47fc9e0c4e55ccb8e070-300x169.png\" alt=\"Logitech K270 WIRELESS KEYBOARD Keyboards\" width=\"854\" height=\"481\" \/><\/p>\n<p>&nbsp;<\/p>\n<h2 class=\"h3\" style=\"text-align: center\">DIGITANDO SINTA QUE VOC\u00ca AMA<\/h2>\n<p style=\"text-align: center\">Este teclado est\u00e1vel proporciona uma sensa\u00e7\u00e3o de digita\u00e7\u00e3o familiar, com teclas de perfil profundo e um retorno el\u00e1stico e responsivo.<\/p>\n<p>\u00a0<img loading=\"lazy\" decoding=\"async\" class=\"wp-image-35879 aligncenter\" src=\"https:\/\/www.rucashk.com\/wp-content\/uploads\/2023\/10\/32946521d02e10ebea741696a0a82e7-300x168.png\" alt=\"Logitech K270 WIRELESS KEYBOARD Keyboards\" width=\"848\" height=\"475\" \/><\/p>\n<p>&nbsp;<\/p>\n<h2 class=\"h3\" style=\"text-align: center\">SIMPLESMENTE SEM FIO<\/h2>\n<p style=\"text-align: center\">F\u00e1cil de conectar, f\u00e1cil de usar. Esque\u00e7a interrup\u00e7\u00f5es e atrasos gra\u00e7as a uma conex\u00e3o sem fio forte e confi\u00e1vel com alcance de at\u00e9 10 m. O K270 vem com um receptor Logitech Unifying USB que permite emparelhar at\u00e9 seis ferramentas Logitech compat\u00edveis, para que voc\u00ea possa adicionar seu mouse Logitech ao mesmo receptor. Menos cabos, menos complica\u00e7\u00f5es e um fluxo de trabalho f\u00e1cil.<\/p>\n<p>&nbsp;<\/p>\n<p><img loading=\"lazy\" decoding=\"async\" class=\"wp-image-35880 aligncenter\" src=\"https:\/\/www.rucashk.com\/wp-content\/uploads\/2023\/10\/36534149bcf8824ba5936d881dbaa19-300x168.png\" alt=\"Logitech K270 WIRELESS KEYBOARD Keyboards\" width=\"850\" height=\"476\" \/><\/p>\n<p>&nbsp;<\/p>\n<p>&nbsp;<\/p>\n<h4 class=\"specs-heading\">Especifica\u00e7\u00f5es<\/h4>\n<div class=\"specs-column\">\n<div class=\"specs-group\">\n<div class=\"specs-block\">\n<h5 class=\"specs-title\">Tipo de conex\u00e3o<\/h5>\n<ul class=\"specs-description-list\">\n<li>Protocolo unificador Logitech (2,4 GHz)<\/li>\n<li>Alcance sem fio: &gt;10 m de alcance sem fio<\/li>\n<\/ul>\n<\/div>\n<div class=\"specs-block\">\n<h5 class=\"specs-title\">Bateria<\/h5>\n<ul class=\"specs-description-list\">\n<li><strong>Bateria<\/strong>: 18 meses<\/li>\n<li><strong>Bateria<\/strong>: 2 x AAA (inclu\u00eddo)<\/li>\n<\/ul>\n<\/div>\n<div class=\"specs-block\">\n<h5 class=\"specs-title\">Chaves Especiais<\/h5>\n<ul class=\"specs-description-list\">\n<li>Teclas de atalho (por exemplo, Internet, e-mail, teclas de m\u00eddia, volume)<\/li>\n<\/ul>\n<\/div>\n<div class=\"specs-block\">\n<h5 class=\"specs-title\">Vida-chave<\/h5>\n<ul class=\"specs-description-list\">\n<li>At\u00e9 5 milh\u00f5es de pressionamentos de teclas<\/li>\n<\/ul>\n<\/div>\n<div class=\"specs-block\">\n<h5 class=\"specs-title\">Sustentabilidade<\/h5>\n<ul class=\"specs-description-list\">\n<li><strong>Pl\u00e1sticos pretos<\/strong>: 38% material reciclado p\u00f3s-consumo<\/li>\n<\/ul>\n<\/div>\n<div class=\"specs-block\">\n<div class=\"specs-description\">Certificado neutro em carbono<\/div>\n<\/div>\n<\/div>\n<\/div>","protected":false},"excerpt":{"rendered":"<div class=\"specs-block\">\n<div><a href=\"https:\/\/www.logitech.com\/en-gb\/products\/keyboards\/k270-unifying-wireless.html\" data-analytics-title=\"k270-unifying-wireless\" aria-current=\"location\">Teclado sem fio K270<\/a><\/div>\n<div class=\"specs-description\"><strong>Altura<\/strong>: 149mm<\/div>\n<\/div>\n<div class=\"specs-block\">\n<div class=\"specs-description\"><strong>Largura<\/strong>: 441,5mm<\/div>\n<\/div>\n<div class=\"specs-block\">\n<div class=\"specs-description\"><strong>Profundidade<\/strong>: 18 mm na frente, 22 mm atr\u00e1s<\/div>\n<\/div>\n<div class=\"specs-block\">\n<div class=\"specs-description\"><strong>Peso<\/strong>: 498g<\/div>\n<\/div>","protected":false},"featured_media":27532,"template":"","meta":[],"product_brand":[1380],"product_cat":[1332,1322],"product_tag":[],"class_list":{"0":"post-27372","1":"product","2":"type-product","3":"status-publish","4":"has-post-thumbnail","6":"product_brand-logitech","7":"product_cat-logitech-other-a-brands","8":"product_cat-other-a-brands","10":"first","11":"instock","12":"shipping-taxable","13":"product-type-simple"},"aioseo_notices":[],"aioseo_head":"\n\t\t<!-- All in One SEO Pro 4.5.9.2 - aioseo.com -->\n\t\t<meta name=\"description\" content=\"K270 Wireless Keyboard Height: 149 mm Width: 441.5 mm Depth: 18 mm at front, 22 mm at back Weight: 498 g\" \/>\n\t\t<meta name=\"robots\" content=\"max-image-preview:large\" \/>\n\t\t<link rel=\"canonical\" href=\"https:\/\/www.rucashk.com\/pt\/produto\/logitech-k270-wireless-keyboard-keyboards\/\" \/>\n\t\t<meta name=\"generator\" content=\"All in One SEO Pro (AIOSEO) 4.5.9.2\" \/>\n\t\t<meta property=\"og:locale\" content=\"pt_PT\" \/>\n\t\t<meta property=\"og:site_name\" content=\"Rucas - One-stop AIoT Distribution Worldwide\" \/>\n\t\t<meta property=\"og:type\" content=\"article\" \/>\n\t\t<meta property=\"og:title\" content=\"Logitech K270 WIRELESS KEYBOARD Keyboards - Rucas - Wholesale and Distribution\" \/>\n\t\t<meta property=\"og:description\" content=\"K270 Wireless Keyboard Height: 149 mm Width: 441.5 mm Depth: 18 mm at front, 22 mm at back Weight: 498 g\" \/>\n\t\t<meta property=\"og:url\" content=\"https:\/\/www.rucashk.com\/pt\/produto\/logitech-k270-wireless-keyboard-keyboards\/\" \/>\n\t\t<meta property=\"og:image\" content=\"https:\/\/www.rucashk.com\/wp-content\/uploads\/replace\/503b8e645f128a97ccde2b6290747646.jpeg\" \/>\n\t\t<meta property=\"og:image:secure_url\" content=\"https:\/\/www.rucashk.com\/wp-content\/uploads\/replace\/503b8e645f128a97ccde2b6290747646.jpeg\" \/>\n\t\t<meta property=\"og:image:width\" content=\"1456\" \/>\n\t\t<meta property=\"og:image:height\" content=\"816\" \/>\n\t\t<meta property=\"article:published_time\" content=\"2024-01-09T16:40:32+00:00\" \/>\n\t\t<meta property=\"article:modified_time\" content=\"2025-06-21T09:31:01+00:00\" \/>\n\t\t<meta name=\"twitter:card\" content=\"summary_large_image\" \/>\n\t\t<meta name=\"twitter:title\" content=\"Logitech K270 WIRELESS KEYBOARD Keyboards - Rucas - Wholesale and Distribution\" \/>\n\t\t<meta name=\"twitter:description\" content=\"K270 Wireless Keyboard Height: 149 mm Width: 441.5 mm Depth: 18 mm at front, 22 mm at back Weight: 498 g\" \/>\n\t\t<meta name=\"twitter:image\" content=\"https:\/\/www.rucashk.com\/wp-content\/uploads\/replace\/503b8e645f128a97ccde2b6290747646.jpeg\" \/>\n\t\t<script type=\"application\/ld+json\" class=\"aioseo-schema\">\n\t\t\t{\"@context\":\"https:\\\/\\\/schema.org\",\"@graph\":[{\"@type\":\"BreadcrumbList\",\"@id\":\"https:\\\/\\\/www.rucashk.com\\\/pt\\\/produto\\\/logitech-k270-wireless-keyboard-keyboards\\\/#breadcrumblist\",\"itemListElement\":[{\"@type\":\"ListItem\",\"@id\":\"https:\\\/\\\/www.rucashk.com\\\/pt\\\/#listItem\",\"position\":1,\"name\":\"Home\",\"item\":\"https:\\\/\\\/www.rucashk.com\\\/pt\\\/\",\"nextItem\":\"https:\\\/\\\/www.rucashk.com\\\/pt\\\/produto\\\/logitech-k270-wireless-keyboard-keyboards\\\/#listItem\"},{\"@type\":\"ListItem\",\"@id\":\"https:\\\/\\\/www.rucashk.com\\\/pt\\\/produto\\\/logitech-k270-wireless-keyboard-keyboards\\\/#listItem\",\"position\":2,\"name\":\"Logitech K270 WIRELESS KEYBOARD Keyboards\",\"previousItem\":\"https:\\\/\\\/www.rucashk.com\\\/pt\\\/#listItem\"}]},{\"@type\":\"Organization\",\"@id\":\"https:\\\/\\\/www.rucashk.com\\\/pt\\\/#organization\",\"name\":\"Rucas\",\"url\":\"https:\\\/\\\/www.rucashk.com\\\/pt\\\/\",\"logo\":{\"@type\":\"ImageObject\",\"url\":\"https:\\\/\\\/www.rucashk.com\\\/wp-content\\\/uploads\\\/2023\\\/12\\\/Rucas_campany_logo.png\",\"@id\":\"https:\\\/\\\/www.rucashk.com\\\/pt\\\/produto\\\/logitech-k270-wireless-keyboard-keyboards\\\/#organizationLogo\",\"width\":221,\"height\":65},\"image\":{\"@id\":\"https:\\\/\\\/www.rucashk.com\\\/pt\\\/#organizationLogo\"}},{\"@type\":\"Person\",\"@id\":\"https:\\\/\\\/www.rucashk.com\\\/pt\\\/author\\\/admin\\\/#author\",\"url\":\"https:\\\/\\\/www.rucashk.com\\\/pt\\\/author\\\/admin\\\/\",\"name\":\"admin\",\"image\":{\"@type\":\"ImageObject\",\"@id\":\"https:\\\/\\\/www.rucashk.com\\\/pt\\\/produto\\\/logitech-k270-wireless-keyboard-keyboards\\\/#authorImage\",\"url\":\"https:\\\/\\\/secure.gravatar.com\\\/avatar\\\/b7c8925b09a27e72b30232f8ecaadbd5af0f70a38c78096863fe51b64f031c24?s=96&d=mm&r=g\",\"width\":96,\"height\":96,\"caption\":\"admin\"}},{\"@type\":\"WebPage\",\"@id\":\"https:\\\/\\\/www.rucashk.com\\\/pt\\\/produto\\\/logitech-k270-wireless-keyboard-keyboards\\\/#webpage\",\"url\":\"https:\\\/\\\/www.rucashk.com\\\/pt\\\/produto\\\/logitech-k270-wireless-keyboard-keyboards\\\/\",\"name\":\"Logitech K270 WIRELESS KEYBOARD Keyboards - Rucas - Wholesale and Distribution\",\"description\":\"K270 Wireless Keyboard Height: 149 mm Width: 441.5 mm Depth: 18 mm at front, 22 mm at back Weight: 498 g\",\"inLanguage\":\"pt-PT\",\"isPartOf\":{\"@id\":\"https:\\\/\\\/www.rucashk.com\\\/pt\\\/#website\"},\"breadcrumb\":{\"@id\":\"https:\\\/\\\/www.rucashk.com\\\/pt\\\/produto\\\/logitech-k270-wireless-keyboard-keyboards\\\/#breadcrumblist\"},\"author\":{\"@id\":\"https:\\\/\\\/www.rucashk.com\\\/pt\\\/author\\\/admin\\\/#author\"},\"creator\":{\"@id\":\"https:\\\/\\\/www.rucashk.com\\\/pt\\\/author\\\/admin\\\/#author\"},\"image\":{\"@type\":\"ImageObject\",\"url\":\"https:\\\/\\\/www.rucashk.com\\\/wp-content\\\/uploads\\\/2024\\\/01\\\/10003-17-1.jpg\",\"@id\":\"https:\\\/\\\/www.rucashk.com\\\/pt\\\/produto\\\/logitech-k270-wireless-keyboard-keyboards\\\/#mainImage\",\"width\":750,\"height\":1000},\"primaryImageOfPage\":{\"@id\":\"https:\\\/\\\/www.rucashk.com\\\/pt\\\/produto\\\/logitech-k270-wireless-keyboard-keyboards\\\/#mainImage\"},\"datePublished\":\"2024-01-09T16:40:32+00:00\",\"dateModified\":\"2025-06-21T09:31:01+00:00\"},{\"@type\":\"WebSite\",\"@id\":\"https:\\\/\\\/www.rucashk.com\\\/pt\\\/#website\",\"url\":\"https:\\\/\\\/www.rucashk.com\\\/pt\\\/\",\"name\":\"Rucas - Wholesale and distribution worldwide\",\"alternateName\":\"Rucas - One-stop AIoT Distribution Worldwide\",\"description\":\"One-stop AIoT Distribution Worldwide\",\"inLanguage\":\"pt-PT\",\"publisher\":{\"@id\":\"https:\\\/\\\/www.rucashk.com\\\/pt\\\/#organization\"}}]}\n\t\t<\/script>\n\t\t<!-- All in One SEO Pro -->\r\n\t\t<title>Logitech K270 WIRELESS KEYBOARD Keyboards - Rucas - Wholesale and Distribution<\/title>\n\n","aioseo_head_json":{"title":"Logitech K270 WIRELESS KEYBOARD Keyboards - Rucas - Wholesale and Distribution","description":"K270 Wireless Keyboard Height: 149 mm Width: 441.5 mm Depth: 18 mm at front, 22 mm at back Weight: 498 g","canonical_url":"https:\/\/www.rucashk.com\/pt\/produto\/logitech-k270-wireless-keyboard-keyboards\/","robots":"max-image-preview:large","keywords":"","webmasterTools":{"miscellaneous":""},"og:locale":"pt_PT","og:site_name":"Rucas - One-stop AIoT Distribution Worldwide","og:type":"article","og:title":"Logitech K270 WIRELESS KEYBOARD Keyboards - Rucas - Wholesale and Distribution","og:description":"K270 Wireless Keyboard Height: 149 mm Width: 441.5 mm Depth: 18 mm at front, 22 mm at back Weight: 498 g","og:url":"https:\/\/www.rucashk.com\/pt\/produto\/logitech-k270-wireless-keyboard-keyboards\/","og:image":"https:\/\/www.rucashk.com\/wp-content\/uploads\/replace\/503b8e645f128a97ccde2b6290747646.jpeg","og:image:secure_url":"https:\/\/www.rucashk.com\/wp-content\/uploads\/replace\/503b8e645f128a97ccde2b6290747646.jpeg","og:image:width":1456,"og:image:height":816,"article:published_time":"2024-01-09T16:40:32+00:00","article:modified_time":"2025-06-21T09:31:01+00:00","twitter:card":"summary_large_image","twitter:title":"Logitech K270 WIRELESS KEYBOARD Keyboards - Rucas - Wholesale and Distribution","twitter:description":"K270 Wireless Keyboard Height: 149 mm Width: 441.5 mm Depth: 18 mm at front, 22 mm at back Weight: 498 g","twitter:image":"https:\/\/www.rucashk.com\/wp-content\/uploads\/replace\/503b8e645f128a97ccde2b6290747646.jpeg","schema":{"@context":"https:\/\/schema.org","@graph":[{"@type":"BreadcrumbList","@id":"https:\/\/www.rucashk.com\/pt\/produto\/logitech-k270-wireless-keyboard-keyboards\/#breadcrumblist","itemListElement":[{"@type":"ListItem","@id":"https:\/\/www.rucashk.com\/pt\/#listItem","position":1,"name":"Home","item":"https:\/\/www.rucashk.com\/pt\/","nextItem":"https:\/\/www.rucashk.com\/pt\/produto\/logitech-k270-wireless-keyboard-keyboards\/#listItem"},{"@type":"ListItem","@id":"https:\/\/www.rucashk.com\/pt\/produto\/logitech-k270-wireless-keyboard-keyboards\/#listItem","position":2,"name":"Logitech K270 WIRELESS KEYBOARD Keyboards","previousItem":"https:\/\/www.rucashk.com\/pt\/#listItem"}]},{"@type":"Organization","@id":"https:\/\/www.rucashk.com\/pt\/#organization","name":"Rucas","url":"https:\/\/www.rucashk.com\/pt\/","logo":{"@type":"ImageObject","url":"https:\/\/www.rucashk.com\/wp-content\/uploads\/2023\/12\/Rucas_campany_logo.png","@id":"https:\/\/www.rucashk.com\/pt\/produto\/logitech-k270-wireless-keyboard-keyboards\/#organizationLogo","width":221,"height":65},"image":{"@id":"https:\/\/www.rucashk.com\/pt\/#organizationLogo"}},{"@type":"Person","@id":"https:\/\/www.rucashk.com\/pt\/author\/admin\/#author","url":"https:\/\/www.rucashk.com\/pt\/author\/admin\/","name":"admin","image":{"@type":"ImageObject","@id":"https:\/\/www.rucashk.com\/pt\/produto\/logitech-k270-wireless-keyboard-keyboards\/#authorImage","url":"https:\/\/secure.gravatar.com\/avatar\/b7c8925b09a27e72b30232f8ecaadbd5af0f70a38c78096863fe51b64f031c24?s=96&d=mm&r=g","width":96,"height":96,"caption":"admin"}},{"@type":"WebPage","@id":"https:\/\/www.rucashk.com\/pt\/produto\/logitech-k270-wireless-keyboard-keyboards\/#webpage","url":"https:\/\/www.rucashk.com\/pt\/produto\/logitech-k270-wireless-keyboard-keyboards\/","name":"Logitech K270 WIRELESS KEYBOARD Keyboards - Rucas - Wholesale and Distribution","description":"K270 Wireless Keyboard Height: 149 mm Width: 441.5 mm Depth: 18 mm at front, 22 mm at back Weight: 498 g","inLanguage":"pt-PT","isPartOf":{"@id":"https:\/\/www.rucashk.com\/pt\/#website"},"breadcrumb":{"@id":"https:\/\/www.rucashk.com\/pt\/produto\/logitech-k270-wireless-keyboard-keyboards\/#breadcrumblist"},"author":{"@id":"https:\/\/www.rucashk.com\/pt\/author\/admin\/#author"},"creator":{"@id":"https:\/\/www.rucashk.com\/pt\/author\/admin\/#author"},"image":{"@type":"ImageObject","url":"https:\/\/www.rucashk.com\/wp-content\/uploads\/2024\/01\/10003-17-1.jpg","@id":"https:\/\/www.rucashk.com\/pt\/produto\/logitech-k270-wireless-keyboard-keyboards\/#mainImage","width":750,"height":1000},"primaryImageOfPage":{"@id":"https:\/\/www.rucashk.com\/pt\/produto\/logitech-k270-wireless-keyboard-keyboards\/#mainImage"},"datePublished":"2024-01-09T16:40:32+00:00","dateModified":"2025-06-21T09:31:01+00:00"},{"@type":"WebSite","@id":"https:\/\/www.rucashk.com\/pt\/#website","url":"https:\/\/www.rucashk.com\/pt\/","name":"Rucas - Wholesale and distribution worldwide","alternateName":"Rucas - One-stop AIoT Distribution Worldwide","description":"One-stop AIoT Distribution Worldwide","inLanguage":"pt-PT","publisher":{"@id":"https:\/\/www.rucashk.com\/pt\/#organization"}}]}},"aioseo_meta_data":{"post_id":"27372","title":null,"description":null,"keywords":null,"keyphrases":null,"primary_term":null,"canonical_url":null,"og_title":null,"og_description":null,"og_object_type":"default","og_image_type":"default","og_image_url":null,"og_image_width":null,"og_image_height":null,"og_image_custom_url":null,"og_image_custom_fields":null,"og_video":"","og_custom_url":null,"og_article_section":null,"og_article_tags":null,"twitter_use_og":false,"twitter_card":"default","twitter_image_type":"default","twitter_image_url":null,"twitter_image_custom_url":null,"twitter_image_custom_fields":null,"twitter_title":null,"twitter_description":null,"schema":{"blockGraphs":[],"customGraphs":[],"default":{"data":{"Article":[],"Course":[],"Dataset":[],"FAQPage":[],"Movie":[],"Person":[],"Product":[],"Recipe":[],"Service":[],"SoftwareApplication":[],"WebPage":[]},"graphName":"","isEnabled":true},"graphs":[]},"schema_type":"default","schema_type_options":null,"pillar_content":false,"robots_default":true,"robots_noindex":false,"robots_noarchive":false,"robots_nosnippet":false,"robots_nofollow":false,"robots_noimageindex":false,"robots_noodp":false,"robots_notranslate":false,"robots_max_snippet":"-1","robots_max_videopreview":"-1","robots_max_imagepreview":"large","priority":null,"frequency":"default","local_seo":null,"breadcrumb_settings":null,"limit_modified_date":false,"created":"2024-04-11 01:57:22","updated":"2025-06-22 18:35:55"},"aioseo_breadcrumb":"<div class=\"aioseo-breadcrumbs\"><span class=\"aioseo-breadcrumb\">\n\t<a href=\"https:\/\/www.rucashk.com\/pt\" title=\"Home\">Home<\/a>\n<\/span><span class=\"aioseo-breadcrumb-separator\">&raquo;<\/span><span class=\"aioseo-breadcrumb\">\n\t<a href=\"https:\/\/www.rucashk.com\/pt\/products\/\" title=\"Produtos\">Produtos<\/a>\n<\/span><span class=\"aioseo-breadcrumb-separator\">&raquo;<\/span><span class=\"aioseo-breadcrumb\">\n\t<a href=\"https:\/\/www.rucashk.com\/pt\/marca\/logitech\/\" title=\"Logitech\">Logitech<\/a>\n<\/span><span class=\"aioseo-breadcrumb-separator\">&raquo;<\/span><span class=\"aioseo-breadcrumb\">\n\tLogitech K270 WIRELESS KEYBOARD Keyboards\n<\/span><\/div>","aioseo_breadcrumb_json":[{"label":"Home","link":"https:\/\/www.rucashk.com\/pt"},{"label":"Produtos","link":"https:\/\/www.rucashk.com\/pt\/products\/"},{"label":"Logitech","link":"https:\/\/www.rucashk.com\/pt\/marca\/logitech\/"},{"label":"Logitech K270 WIRELESS KEYBOARD Keyboards","link":"https:\/\/www.rucashk.com\/pt\/produto\/logitech-k270-wireless-keyboard-keyboards\/"}],"_links":{"self":[{"href":"https:\/\/www.rucashk.com\/pt\/wp-json\/wp\/v2\/product\/27372","targetHints":{"allow":["GET"]}}],"collection":[{"href":"https:\/\/www.rucashk.com\/pt\/wp-json\/wp\/v2\/product"}],"about":[{"href":"https:\/\/www.rucashk.com\/pt\/wp-json\/wp\/v2\/types\/product"}],"wp:featuredmedia":[{"embeddable":true,"href":"https:\/\/www.rucashk.com\/pt\/wp-json\/wp\/v2\/media\/27532"}],"wp:attachment":[{"href":"https:\/\/www.rucashk.com\/pt\/wp-json\/wp\/v2\/media?parent=27372"}],"wp:term":[{"taxonomy":"product_brand","embeddable":true,"href":"https:\/\/www.rucashk.com\/pt\/wp-json\/wp\/v2\/product_brand?post=27372"},{"taxonomy":"product_cat","embeddable":true,"href":"https:\/\/www.rucashk.com\/pt\/wp-json\/wp\/v2\/product_cat?post=27372"},{"taxonomy":"product_tag","embeddable":true,"href":"https:\/\/www.rucashk.com\/pt\/wp-json\/wp\/v2\/product_tag?post=27372"}],"curies":[{"name":"wp","href":"https:\/\/api.w.org\/{rel}","templated":true}]}}