{"id":27371,"date":"2024-01-09T16:40:32","date_gmt":"2024-01-09T16:40:32","guid":{"rendered":"http:\/\/rucashk.com\/?post_type=product&#038;p=27371"},"modified":"2025-06-21T09:31:09","modified_gmt":"2025-06-21T09:31:09","slug":"logitech-k380-multi-device-bluetooth-keyboard-keyboards","status":"publish","type":"product","link":"https:\/\/www.rucashk.com\/pt\/produto\/logitech-k380-multi-device-bluetooth-keyboard-keyboards\/","title":{"rendered":"Teclados Logitech K380 MULTI-DEVICE BLUETOOTH TECLADO"},"content":{"rendered":"<h2 class=\"h3\" style=\"text-align: center\">SEU ESPA\u00c7O. EM QUALQUER LUGAR.<\/h2>\n<p style=\"text-align: center\">Minimalista, moderno e m\u00f3vel. O teclado multidispositivo K380 fino e leve \u00e9 equipado com\u00a0<em>Bluetooth<\/em><sup>\u00ae<\/sup>\u00a0para que voc\u00ea possa realizar v\u00e1rias tarefas ao mesmo tempo em casa, em qualquer lugar ou em seu caf\u00e9 favorito. Digite em um laptop, telefone ou tablet e tenha seu espa\u00e7o onde quer que voc\u00ea v\u00e1.<\/p>\n<p>&nbsp;<\/p>\n<p><img fetchpriority=\"high\" decoding=\"async\" class=\"wp-image-35856 aligncenter\" src=\"https:\/\/www.rucashk.com\/wp-content\/uploads\/2023\/10\/2f890581eac493f6a8419edfe231cd3-300x169.png\" alt=\"Logitech K380 MULTI-DEVICE BLUETOOTH KEYBOARD Keyboards\" width=\"859\" height=\"484\" \/><\/p>\n<p>&nbsp;<\/p>\n<h2 class=\"h3\" style=\"text-align: center\">DIGITE QUALQUER COISA<\/h2>\n<p style=\"text-align: center\">Qualquer dispositivo, qualquer sistema operacional. O K380 Multi-Device se conecta a todos os dispositivos sem fio Bluetooth com suporte para teclado externo, para que voc\u00ea possa trabalhar perfeitamente com o Windows<sup>\u00ae<\/sup>, macOS, iPadOS, Chrome OS\u2122, Android\u2122, iOS e at\u00e9 Apple TV.<\/p>\n<p style=\"text-align: center\">\n<p><img decoding=\"async\" class=\"wp-image-35858 aligncenter\" src=\"https:\/\/www.rucashk.com\/wp-content\/uploads\/2023\/10\/b9cf350a7571f4aa75c34f5bb22753e-1-300x150.png\" alt=\"Logitech K380 MULTI-DEVICE BLUETOOTH KEYBOARD Keyboards\" width=\"856\" height=\"428\" \/><\/p>\n<p>&nbsp;<\/p>\n<h2 class=\"h3\" style=\"text-align: center\">TIPO. INTERRUPTOR F\u00c1CIL. TIPO.<\/h2>\n<p style=\"text-align: center\">Conecte at\u00e9 tr\u00eas dispositivos, mesmo com sistemas operacionais diferentes, e alterne entre eles com um toque. Assim, voc\u00ea pode digitar, alternar e continuar digitando.<\/p>\n<p>&nbsp;<\/p>\n<p><img decoding=\"async\" class=\"wp-image-35859 aligncenter\" src=\"https:\/\/www.rucashk.com\/wp-content\/uploads\/2023\/10\/31a8221d6afede8cb32780ed6415726-300x168.png\" alt=\"Logitech K380 MULTI-DEVICE BLUETOOTH KEYBOARD Keyboards\" width=\"855\" height=\"479\" \/><\/p>\n<p>&nbsp;<\/p>\n<h2 class=\"h3\" style=\"text-align: center\">DIGITA\u00c7\u00c3O CONFORT\u00c1VEL ESTILO PORT\u00c1TIL<\/h2>\n<p style=\"text-align: center\">Todas as teclas em um design compacto. O tamanho extra pequeno permite que voc\u00ea coloque o mouse mais pr\u00f3ximo para alcan\u00e7ar menos bra\u00e7o, mais conforto e melhor postura corporal. As teclas de tesoura arredondadas e discretas adoram o formato das pontas dos dedos, oferecendo uma experi\u00eancia de digita\u00e7\u00e3o fluida, silenciosa e familiar, semelhante \u00e0 de um laptop. Al\u00e9m disso, cabe na sua bolsa.<\/p>\n<p>&nbsp;<\/p>\n<p><img loading=\"lazy\" decoding=\"async\" class=\"wp-image-35860 aligncenter\" src=\"https:\/\/www.rucashk.com\/wp-content\/uploads\/2023\/10\/85eba80cd9ca7a81f92b7878962d92f-300x150.png\" alt=\"Logitech K380 MULTI-DEVICE BLUETOOTH KEYBOARD Keyboards\" width=\"854\" height=\"427\" \/><\/p>\n<p>&nbsp;<\/p>\n<h2 class=\"h3\" style=\"text-align: center\">2 ANOS DE VIDA \u00daTIL DA BATERIA SEM PREOCUPA\u00c7\u00d5ES<\/h2>\n<p style=\"text-align: center\">Dois anos, duas pilhas alcalinas AAA pr\u00e9-instaladas. Ent\u00e3o voc\u00ea pode ter prazer em esquecer tudo isso.<\/p>\n<p style=\"text-align: center\">\n<p><img loading=\"lazy\" decoding=\"async\" class=\"wp-image-35861 aligncenter\" src=\"https:\/\/www.rucashk.com\/wp-content\/uploads\/2023\/10\/704917619a39345c6ba9e4d352a1a32-300x169.png\" alt=\"Logitech K380 MULTI-DEVICE BLUETOOTH KEYBOARD Keyboards\" width=\"854\" height=\"481\" \/><\/p>\n<p>&nbsp;<\/p>\n<h2 class=\"body-copy-title font-title-l font-brown-bold dc-black tc-black mc-black\" style=\"text-align: center\">CRIE E TRANSMITA COMO NUNCA ANTES<\/h2>\n<p style=\"text-align: center\">Digite, grave e transmita com ferramentas de design modernas que elevam a configura\u00e7\u00e3o da sua mesa. Trabalhe silenciosamente com um teclado e mouse finos e leves. Aumente suas videoconfer\u00eancias e apresenta\u00e7\u00f5es com a webcam Brio 500 e os leves fones de ouvido sem fio Zone Vibe 100. \u00c9 tudo que voc\u00ea precisa para possuir seu espa\u00e7o e levar seu conte\u00fado para o pr\u00f3ximo n\u00edvel.<\/p>\n<p>&nbsp;<\/p>\n<p><img loading=\"lazy\" decoding=\"async\" class=\"wp-image-35862 aligncenter\" src=\"https:\/\/www.rucashk.com\/wp-content\/uploads\/2023\/10\/078a5dd3765cb8fe42a2f8177940929-300x190.png\" alt=\"Logitech K380 MULTI-DEVICE BLUETOOTH KEYBOARD Keyboards\" width=\"856\" height=\"542\" \/><\/p>\n<p>&nbsp;<\/p>\n<p>&nbsp;<\/p>\n<h4 class=\"specs-heading\">Especifica\u00e7\u00f5es<\/h4>\n<div class=\"specs-column\">\n<div class=\"specs-group\">\n<div class=\"specs-block\">\n<div class=\"specs-description\"><strong>Tipo de conex\u00e3o<\/strong>: Bluetooth Cl\u00e1ssico (3.0)<\/div>\n<\/div>\n<div class=\"specs-block\">\n<div class=\"specs-description\"><strong>Alcance sem fio<\/strong>: 10 metros<\/div>\n<\/div>\n<div class=\"specs-block\">\n<div class=\"specs-description\"><strong>Aplicativo de personaliza\u00e7\u00e3o<\/strong>: Compat\u00edvel com Logi Options+ no Windows\u00ae e macOS<\/div>\n<\/div>\n<div class=\"specs-block\">\n<div class=\"specs-description\"><strong>Bateria<\/strong>: 2 x AAA<\/div>\n<\/div>\n<div class=\"specs-block\">\n<div class=\"specs-description\"><strong>Bateria<\/strong>: 24 meses<\/div>\n<\/div>\n<div class=\"specs-block\">\n<div class=\"specs-description\"><strong>Luzes Indicadoras (LED)<\/strong>: LED de bateria, 3 LEDs de canal Bluetooth<\/div>\n<\/div>\n<div class=\"specs-block\">\n<div class=\"specs-description\"><strong>Chaves Especiais<\/strong>: Teclas de atalho, Easy-Switch\u2122<\/div>\n<\/div>\n<div class=\"specs-block\">\n<div class=\"specs-description\"><strong>Conectar \/ Energia<\/strong>: Interruptor liga\/desliga<\/div>\n<\/div>\n<\/div>\n<\/div>","protected":false},"excerpt":{"rendered":"<div class=\"specs-block\">\n<div>\n<p>Teclado Bluetooth para v\u00e1rios dispositivos K380<\/p>\n<\/div>\n<div class=\"specs-description\"><strong>Altura<\/strong>: 124mm<\/div>\n<\/div>\n<div class=\"specs-block\">\n<div class=\"specs-description\"><strong>Largura<\/strong>: 279 mil\u00edmetros<\/div>\n<\/div>\n<div class=\"specs-block\">\n<div class=\"specs-description\"><strong>Profundidade<\/strong>: 16mm<\/div>\n<\/div>\n<div class=\"specs-block\">\n<div class=\"specs-description\"><strong>Peso<\/strong>: 423 g incluindo baterias<\/div>\n<\/div>","protected":false},"featured_media":27516,"template":"","meta":[],"product_brand":[1380],"product_cat":[1332,1322],"product_tag":[],"class_list":{"0":"post-27371","1":"product","2":"type-product","3":"status-publish","4":"has-post-thumbnail","6":"product_brand-logitech","7":"product_cat-logitech-other-a-brands","8":"product_cat-other-a-brands","10":"first","11":"instock","12":"shipping-taxable","13":"product-type-simple"},"aioseo_notices":[],"aioseo_head":"\n\t\t<!-- All in One SEO Pro 4.5.9.2 - aioseo.com -->\n\t\t<meta name=\"description\" content=\"K380 Multi-Device Bluetooth Keyboard Height: 124 mm Width: 279 mm Depth: 16 mm Weight: 423 g including batteries\" \/>\n\t\t<meta name=\"robots\" content=\"max-image-preview:large\" \/>\n\t\t<link rel=\"canonical\" href=\"https:\/\/www.rucashk.com\/pt\/produto\/logitech-k380-multi-device-bluetooth-keyboard-keyboards\/\" \/>\n\t\t<meta name=\"generator\" content=\"All in One SEO Pro (AIOSEO) 4.5.9.2\" \/>\n\t\t<meta property=\"og:locale\" content=\"pt_PT\" \/>\n\t\t<meta property=\"og:site_name\" content=\"Rucas - One-stop AIoT Distribution Worldwide\" \/>\n\t\t<meta property=\"og:type\" content=\"article\" \/>\n\t\t<meta property=\"og:title\" content=\"Logitech K380 MULTI-DEVICE BLUETOOTH KEYBOARD Keyboards - Rucas - Wholesale and Distribution\" \/>\n\t\t<meta property=\"og:description\" content=\"K380 Multi-Device Bluetooth Keyboard Height: 124 mm Width: 279 mm Depth: 16 mm Weight: 423 g including batteries\" \/>\n\t\t<meta property=\"og:url\" content=\"https:\/\/www.rucashk.com\/pt\/produto\/logitech-k380-multi-device-bluetooth-keyboard-keyboards\/\" \/>\n\t\t<meta property=\"og:image\" content=\"https:\/\/www.rucashk.com\/wp-content\/uploads\/replace\/503b8e645f128a97ccde2b6290747646.jpeg\" \/>\n\t\t<meta property=\"og:image:secure_url\" content=\"https:\/\/www.rucashk.com\/wp-content\/uploads\/replace\/503b8e645f128a97ccde2b6290747646.jpeg\" \/>\n\t\t<meta property=\"og:image:width\" content=\"1456\" \/>\n\t\t<meta property=\"og:image:height\" content=\"816\" \/>\n\t\t<meta property=\"article:published_time\" content=\"2024-01-09T16:40:32+00:00\" \/>\n\t\t<meta property=\"article:modified_time\" content=\"2025-06-21T09:31:09+00:00\" \/>\n\t\t<meta name=\"twitter:card\" content=\"summary_large_image\" \/>\n\t\t<meta name=\"twitter:title\" content=\"Logitech K380 MULTI-DEVICE BLUETOOTH KEYBOARD Keyboards - Rucas - Wholesale and Distribution\" \/>\n\t\t<meta name=\"twitter:description\" content=\"K380 Multi-Device Bluetooth Keyboard Height: 124 mm Width: 279 mm Depth: 16 mm Weight: 423 g including batteries\" \/>\n\t\t<meta name=\"twitter:image\" content=\"https:\/\/www.rucashk.com\/wp-content\/uploads\/replace\/503b8e645f128a97ccde2b6290747646.jpeg\" \/>\n\t\t<script type=\"application\/ld+json\" class=\"aioseo-schema\">\n\t\t\t{\"@context\":\"https:\\\/\\\/schema.org\",\"@graph\":[{\"@type\":\"BreadcrumbList\",\"@id\":\"https:\\\/\\\/www.rucashk.com\\\/pt\\\/produto\\\/logitech-k380-multi-device-bluetooth-keyboard-keyboards\\\/#breadcrumblist\",\"itemListElement\":[{\"@type\":\"ListItem\",\"@id\":\"https:\\\/\\\/www.rucashk.com\\\/pt\\\/#listItem\",\"position\":1,\"name\":\"Home\",\"item\":\"https:\\\/\\\/www.rucashk.com\\\/pt\\\/\",\"nextItem\":\"https:\\\/\\\/www.rucashk.com\\\/pt\\\/produto\\\/logitech-k380-multi-device-bluetooth-keyboard-keyboards\\\/#listItem\"},{\"@type\":\"ListItem\",\"@id\":\"https:\\\/\\\/www.rucashk.com\\\/pt\\\/produto\\\/logitech-k380-multi-device-bluetooth-keyboard-keyboards\\\/#listItem\",\"position\":2,\"name\":\"Logitech K380 MULTI-DEVICE BLUETOOTH KEYBOARD Keyboards\",\"previousItem\":\"https:\\\/\\\/www.rucashk.com\\\/pt\\\/#listItem\"}]},{\"@type\":\"Organization\",\"@id\":\"https:\\\/\\\/www.rucashk.com\\\/pt\\\/#organization\",\"name\":\"Rucas\",\"url\":\"https:\\\/\\\/www.rucashk.com\\\/pt\\\/\",\"logo\":{\"@type\":\"ImageObject\",\"url\":\"https:\\\/\\\/www.rucashk.com\\\/wp-content\\\/uploads\\\/2023\\\/12\\\/Rucas_campany_logo.png\",\"@id\":\"https:\\\/\\\/www.rucashk.com\\\/pt\\\/produto\\\/logitech-k380-multi-device-bluetooth-keyboard-keyboards\\\/#organizationLogo\",\"width\":221,\"height\":65},\"image\":{\"@id\":\"https:\\\/\\\/www.rucashk.com\\\/pt\\\/#organizationLogo\"}},{\"@type\":\"Person\",\"@id\":\"https:\\\/\\\/www.rucashk.com\\\/pt\\\/author\\\/admin\\\/#author\",\"url\":\"https:\\\/\\\/www.rucashk.com\\\/pt\\\/author\\\/admin\\\/\",\"name\":\"admin\",\"image\":{\"@type\":\"ImageObject\",\"@id\":\"https:\\\/\\\/www.rucashk.com\\\/pt\\\/produto\\\/logitech-k380-multi-device-bluetooth-keyboard-keyboards\\\/#authorImage\",\"url\":\"https:\\\/\\\/secure.gravatar.com\\\/avatar\\\/b7c8925b09a27e72b30232f8ecaadbd5af0f70a38c78096863fe51b64f031c24?s=96&d=mm&r=g\",\"width\":96,\"height\":96,\"caption\":\"admin\"}},{\"@type\":\"WebPage\",\"@id\":\"https:\\\/\\\/www.rucashk.com\\\/pt\\\/produto\\\/logitech-k380-multi-device-bluetooth-keyboard-keyboards\\\/#webpage\",\"url\":\"https:\\\/\\\/www.rucashk.com\\\/pt\\\/produto\\\/logitech-k380-multi-device-bluetooth-keyboard-keyboards\\\/\",\"name\":\"Logitech K380 MULTI-DEVICE BLUETOOTH KEYBOARD Keyboards - Rucas - Wholesale and Distribution\",\"description\":\"K380 Multi-Device Bluetooth Keyboard Height: 124 mm Width: 279 mm Depth: 16 mm Weight: 423 g including batteries\",\"inLanguage\":\"pt-PT\",\"isPartOf\":{\"@id\":\"https:\\\/\\\/www.rucashk.com\\\/pt\\\/#website\"},\"breadcrumb\":{\"@id\":\"https:\\\/\\\/www.rucashk.com\\\/pt\\\/produto\\\/logitech-k380-multi-device-bluetooth-keyboard-keyboards\\\/#breadcrumblist\"},\"author\":{\"@id\":\"https:\\\/\\\/www.rucashk.com\\\/pt\\\/author\\\/admin\\\/#author\"},\"creator\":{\"@id\":\"https:\\\/\\\/www.rucashk.com\\\/pt\\\/author\\\/admin\\\/#author\"},\"image\":{\"@type\":\"ImageObject\",\"url\":\"https:\\\/\\\/www.rucashk.com\\\/wp-content\\\/uploads\\\/2024\\\/01\\\/10001-20-2.jpg\",\"@id\":\"https:\\\/\\\/www.rucashk.com\\\/pt\\\/produto\\\/logitech-k380-multi-device-bluetooth-keyboard-keyboards\\\/#mainImage\",\"width\":1080,\"height\":1080},\"primaryImageOfPage\":{\"@id\":\"https:\\\/\\\/www.rucashk.com\\\/pt\\\/produto\\\/logitech-k380-multi-device-bluetooth-keyboard-keyboards\\\/#mainImage\"},\"datePublished\":\"2024-01-09T16:40:32+00:00\",\"dateModified\":\"2025-06-21T09:31:09+00:00\"},{\"@type\":\"WebSite\",\"@id\":\"https:\\\/\\\/www.rucashk.com\\\/pt\\\/#website\",\"url\":\"https:\\\/\\\/www.rucashk.com\\\/pt\\\/\",\"name\":\"Rucas - Wholesale and distribution worldwide\",\"alternateName\":\"Rucas - One-stop AIoT Distribution Worldwide\",\"description\":\"One-stop AIoT Distribution Worldwide\",\"inLanguage\":\"pt-PT\",\"publisher\":{\"@id\":\"https:\\\/\\\/www.rucashk.com\\\/pt\\\/#organization\"}}]}\n\t\t<\/script>\n\t\t<!-- All in One SEO Pro -->\r\n\t\t<title>Logitech K380 MULTI-DEVICE BLUETOOTH KEYBOARD Keyboards - Rucas - Wholesale and Distribution<\/title>\n\n","aioseo_head_json":{"title":"Logitech K380 MULTI-DEVICE BLUETOOTH KEYBOARD Keyboards - Rucas - Wholesale and Distribution","description":"K380 Multi-Device Bluetooth Keyboard Height: 124 mm Width: 279 mm Depth: 16 mm Weight: 423 g including batteries","canonical_url":"https:\/\/www.rucashk.com\/pt\/produto\/logitech-k380-multi-device-bluetooth-keyboard-keyboards\/","robots":"max-image-preview:large","keywords":"","webmasterTools":{"miscellaneous":""},"og:locale":"pt_PT","og:site_name":"Rucas - One-stop AIoT Distribution Worldwide","og:type":"article","og:title":"Logitech K380 MULTI-DEVICE BLUETOOTH KEYBOARD Keyboards - Rucas - Wholesale and Distribution","og:description":"K380 Multi-Device Bluetooth Keyboard Height: 124 mm Width: 279 mm Depth: 16 mm Weight: 423 g including batteries","og:url":"https:\/\/www.rucashk.com\/pt\/produto\/logitech-k380-multi-device-bluetooth-keyboard-keyboards\/","og:image":"https:\/\/www.rucashk.com\/wp-content\/uploads\/replace\/503b8e645f128a97ccde2b6290747646.jpeg","og:image:secure_url":"https:\/\/www.rucashk.com\/wp-content\/uploads\/replace\/503b8e645f128a97ccde2b6290747646.jpeg","og:image:width":1456,"og:image:height":816,"article:published_time":"2024-01-09T16:40:32+00:00","article:modified_time":"2025-06-21T09:31:09+00:00","twitter:card":"summary_large_image","twitter:title":"Logitech K380 MULTI-DEVICE BLUETOOTH KEYBOARD Keyboards - Rucas - Wholesale and Distribution","twitter:description":"K380 Multi-Device Bluetooth Keyboard Height: 124 mm Width: 279 mm Depth: 16 mm Weight: 423 g including batteries","twitter:image":"https:\/\/www.rucashk.com\/wp-content\/uploads\/replace\/503b8e645f128a97ccde2b6290747646.jpeg","schema":{"@context":"https:\/\/schema.org","@graph":[{"@type":"BreadcrumbList","@id":"https:\/\/www.rucashk.com\/pt\/produto\/logitech-k380-multi-device-bluetooth-keyboard-keyboards\/#breadcrumblist","itemListElement":[{"@type":"ListItem","@id":"https:\/\/www.rucashk.com\/pt\/#listItem","position":1,"name":"Home","item":"https:\/\/www.rucashk.com\/pt\/","nextItem":"https:\/\/www.rucashk.com\/pt\/produto\/logitech-k380-multi-device-bluetooth-keyboard-keyboards\/#listItem"},{"@type":"ListItem","@id":"https:\/\/www.rucashk.com\/pt\/produto\/logitech-k380-multi-device-bluetooth-keyboard-keyboards\/#listItem","position":2,"name":"Logitech K380 MULTI-DEVICE BLUETOOTH KEYBOARD Keyboards","previousItem":"https:\/\/www.rucashk.com\/pt\/#listItem"}]},{"@type":"Organization","@id":"https:\/\/www.rucashk.com\/pt\/#organization","name":"Rucas","url":"https:\/\/www.rucashk.com\/pt\/","logo":{"@type":"ImageObject","url":"https:\/\/www.rucashk.com\/wp-content\/uploads\/2023\/12\/Rucas_campany_logo.png","@id":"https:\/\/www.rucashk.com\/pt\/produto\/logitech-k380-multi-device-bluetooth-keyboard-keyboards\/#organizationLogo","width":221,"height":65},"image":{"@id":"https:\/\/www.rucashk.com\/pt\/#organizationLogo"}},{"@type":"Person","@id":"https:\/\/www.rucashk.com\/pt\/author\/admin\/#author","url":"https:\/\/www.rucashk.com\/pt\/author\/admin\/","name":"admin","image":{"@type":"ImageObject","@id":"https:\/\/www.rucashk.com\/pt\/produto\/logitech-k380-multi-device-bluetooth-keyboard-keyboards\/#authorImage","url":"https:\/\/secure.gravatar.com\/avatar\/b7c8925b09a27e72b30232f8ecaadbd5af0f70a38c78096863fe51b64f031c24?s=96&d=mm&r=g","width":96,"height":96,"caption":"admin"}},{"@type":"WebPage","@id":"https:\/\/www.rucashk.com\/pt\/produto\/logitech-k380-multi-device-bluetooth-keyboard-keyboards\/#webpage","url":"https:\/\/www.rucashk.com\/pt\/produto\/logitech-k380-multi-device-bluetooth-keyboard-keyboards\/","name":"Logitech K380 MULTI-DEVICE BLUETOOTH KEYBOARD Keyboards - Rucas - Wholesale and Distribution","description":"K380 Multi-Device Bluetooth Keyboard Height: 124 mm Width: 279 mm Depth: 16 mm Weight: 423 g including batteries","inLanguage":"pt-PT","isPartOf":{"@id":"https:\/\/www.rucashk.com\/pt\/#website"},"breadcrumb":{"@id":"https:\/\/www.rucashk.com\/pt\/produto\/logitech-k380-multi-device-bluetooth-keyboard-keyboards\/#breadcrumblist"},"author":{"@id":"https:\/\/www.rucashk.com\/pt\/author\/admin\/#author"},"creator":{"@id":"https:\/\/www.rucashk.com\/pt\/author\/admin\/#author"},"image":{"@type":"ImageObject","url":"https:\/\/www.rucashk.com\/wp-content\/uploads\/2024\/01\/10001-20-2.jpg","@id":"https:\/\/www.rucashk.com\/pt\/produto\/logitech-k380-multi-device-bluetooth-keyboard-keyboards\/#mainImage","width":1080,"height":1080},"primaryImageOfPage":{"@id":"https:\/\/www.rucashk.com\/pt\/produto\/logitech-k380-multi-device-bluetooth-keyboard-keyboards\/#mainImage"},"datePublished":"2024-01-09T16:40:32+00:00","dateModified":"2025-06-21T09:31:09+00:00"},{"@type":"WebSite","@id":"https:\/\/www.rucashk.com\/pt\/#website","url":"https:\/\/www.rucashk.com\/pt\/","name":"Rucas - Wholesale and distribution worldwide","alternateName":"Rucas - One-stop AIoT Distribution Worldwide","description":"One-stop AIoT Distribution Worldwide","inLanguage":"pt-PT","publisher":{"@id":"https:\/\/www.rucashk.com\/pt\/#organization"}}]}},"aioseo_meta_data":{"post_id":"27371","title":null,"description":null,"keywords":null,"keyphrases":null,"primary_term":null,"canonical_url":null,"og_title":null,"og_description":null,"og_object_type":"default","og_image_type":"default","og_image_url":null,"og_image_width":null,"og_image_height":null,"og_image_custom_url":null,"og_image_custom_fields":null,"og_video":"","og_custom_url":null,"og_article_section":null,"og_article_tags":null,"twitter_use_og":false,"twitter_card":"default","twitter_image_type":"default","twitter_image_url":null,"twitter_image_custom_url":null,"twitter_image_custom_fields":null,"twitter_title":null,"twitter_description":null,"schema":{"blockGraphs":[],"customGraphs":[],"default":{"data":{"Article":[],"Course":[],"Dataset":[],"FAQPage":[],"Movie":[],"Person":[],"Product":[],"Recipe":[],"Service":[],"SoftwareApplication":[],"WebPage":[]},"graphName":"","isEnabled":true},"graphs":[]},"schema_type":"default","schema_type_options":null,"pillar_content":false,"robots_default":true,"robots_noindex":false,"robots_noarchive":false,"robots_nosnippet":false,"robots_nofollow":false,"robots_noimageindex":false,"robots_noodp":false,"robots_notranslate":false,"robots_max_snippet":"-1","robots_max_videopreview":"-1","robots_max_imagepreview":"large","priority":null,"frequency":"default","local_seo":null,"breadcrumb_settings":null,"limit_modified_date":false,"created":"2024-04-11 01:57:22","updated":"2025-06-22 18:35:55"},"aioseo_breadcrumb":"<div class=\"aioseo-breadcrumbs\"><span class=\"aioseo-breadcrumb\">\n\t<a href=\"https:\/\/www.rucashk.com\/pt\" title=\"Home\">Home<\/a>\n<\/span><span class=\"aioseo-breadcrumb-separator\">&raquo;<\/span><span class=\"aioseo-breadcrumb\">\n\t<a href=\"https:\/\/www.rucashk.com\/pt\/products\/\" title=\"Produtos\">Produtos<\/a>\n<\/span><span class=\"aioseo-breadcrumb-separator\">&raquo;<\/span><span class=\"aioseo-breadcrumb\">\n\t<a href=\"https:\/\/www.rucashk.com\/pt\/marca\/logitech\/\" title=\"Logitech\">Logitech<\/a>\n<\/span><span class=\"aioseo-breadcrumb-separator\">&raquo;<\/span><span class=\"aioseo-breadcrumb\">\n\tLogitech K380 MULTI-DEVICE BLUETOOTH KEYBOARD Keyboards\n<\/span><\/div>","aioseo_breadcrumb_json":[{"label":"Home","link":"https:\/\/www.rucashk.com\/pt"},{"label":"Produtos","link":"https:\/\/www.rucashk.com\/pt\/products\/"},{"label":"Logitech","link":"https:\/\/www.rucashk.com\/pt\/marca\/logitech\/"},{"label":"Logitech K380 MULTI-DEVICE BLUETOOTH KEYBOARD Keyboards","link":"https:\/\/www.rucashk.com\/pt\/produto\/logitech-k380-multi-device-bluetooth-keyboard-keyboards\/"}],"_links":{"self":[{"href":"https:\/\/www.rucashk.com\/pt\/wp-json\/wp\/v2\/product\/27371","targetHints":{"allow":["GET"]}}],"collection":[{"href":"https:\/\/www.rucashk.com\/pt\/wp-json\/wp\/v2\/product"}],"about":[{"href":"https:\/\/www.rucashk.com\/pt\/wp-json\/wp\/v2\/types\/product"}],"wp:featuredmedia":[{"embeddable":true,"href":"https:\/\/www.rucashk.com\/pt\/wp-json\/wp\/v2\/media\/27516"}],"wp:attachment":[{"href":"https:\/\/www.rucashk.com\/pt\/wp-json\/wp\/v2\/media?parent=27371"}],"wp:term":[{"taxonomy":"product_brand","embeddable":true,"href":"https:\/\/www.rucashk.com\/pt\/wp-json\/wp\/v2\/product_brand?post=27371"},{"taxonomy":"product_cat","embeddable":true,"href":"https:\/\/www.rucashk.com\/pt\/wp-json\/wp\/v2\/product_cat?post=27371"},{"taxonomy":"product_tag","embeddable":true,"href":"https:\/\/www.rucashk.com\/pt\/wp-json\/wp\/v2\/product_tag?post=27371"}],"curies":[{"name":"wp","href":"https:\/\/api.w.org\/{rel}","templated":true}]}}