{"id":27370,"date":"2024-01-09T16:40:32","date_gmt":"2024-01-09T16:40:32","guid":{"rendered":"http:\/\/rucashk.com\/?post_type=product&#038;p=27370"},"modified":"2025-06-21T09:30:39","modified_gmt":"2025-06-21T09:30:39","slug":"logitech-pop-keys-keyboards","status":"publish","type":"product","link":"https:\/\/www.rucashk.com\/pt\/produto\/logitech-pop-keys-keyboards\/","title":{"rendered":"Teclados Logitech POP KEYS"},"content":{"rendered":"<h2 class=\"h3\" style=\"text-align: center\">SENTIMENTOS NA PONTA DOS DEDOS<\/h2>\n<p style=\"text-align: center\">Feliz? Nervoso? Apaixonado? O POP Keys vem com oito teclas de emoji troc\u00e1veis que voc\u00ea pode facilmente misturar e combinar* para se adequar ao seu humor. Voc\u00ea pode atribu\u00ed-los a qualquer emoji existente de sua prefer\u00eancia usando o aplicativo Logi Options + ou tocar na tecla do menu emoji para escolher entre toda a gama de emojis enquanto conversa com amigos.<\/p>\n<p>&nbsp;<\/p>\n<p><img fetchpriority=\"high\" decoding=\"async\" class=\"wp-image-35844 aligncenter\" src=\"https:\/\/www.rucashk.com\/wp-content\/uploads\/2023\/10\/8b27619da7b99a5eef124ca7579ea65-300x169.png\" alt=\"Logitech POP KEYS Keyboards\" width=\"857\" height=\"483\" \/><\/p>\n<p>&nbsp;<\/p>\n<h2 class=\"h3\" style=\"text-align: center\">CONECTE-SE A TR\u00caS DISPOSITIVOS DE UMA VEZ<\/h2>\n<p style=\"text-align: center\">Liberte a sua personalidade em v\u00e1rios dispositivos ao mesmo tempo usando as teclas Easy Switch do POP Keys, que permitem emparelhar at\u00e9 3 dispositivos e alternar a digita\u00e7\u00e3o entre eles com um \u00fanico toque. Conecte-se ao seu computador, tablet ou telefone\u00a0<em>usando Bluetooth<\/em><sup>\u00ae<\/sup>\u00a0tecnologia sem fio ou receptor USB Logi Bolt.<\/p>\n<p style=\"text-align: center\">Funciona em Windows, macOS, Chrome OS, Android, iOS e iPadOS.<\/p>\n<p>&nbsp;<\/p>\n<p><img decoding=\"async\" class=\"wp-image-35845 aligncenter\" src=\"https:\/\/www.rucashk.com\/wp-content\/uploads\/2023\/10\/79f585240a1e41e612db4ec0c12ddeb-300x168.png\" alt=\"Logitech POP KEYS Keyboards\" width=\"857\" height=\"480\" \/><\/p>\n<p>&nbsp;<\/p>\n<h2 class=\"h3\" style=\"text-align: center\">COMPACTO E CONFORT\u00c1VEL<\/h2>\n<p style=\"text-align: center\">Todas as chaves que voc\u00ea precisa em uma moldura que economiza espa\u00e7o. Colher<\/p>\n<p style=\"text-align: center\">teclas redondas adaptadas ao formato das pontas dos dedos para uma digita\u00e7\u00e3o confort\u00e1vel e suave. Al\u00e9m disso, o design compacto do POP Keys permite que voc\u00ea coloque o mouse mais pr\u00f3ximo para alcan\u00e7ar menos bra\u00e7o, mais conforto e melhor postura corporal.<\/p>\n<p>&nbsp;<\/p>\n<p><img decoding=\"async\" class=\"wp-image-35846 aligncenter\" src=\"https:\/\/www.rucashk.com\/wp-content\/uploads\/2023\/10\/8d83304636c3fc80865b70ed3c3cbc0-300x169.png\" alt=\"Logitech POP KEYS Keyboards\" width=\"854\" height=\"481\" \/><\/p>\n<p>&nbsp;<\/p>\n<h2 class=\"h3\" style=\"text-align: center\">SEU PARA O LONGO PRAZO<\/h2>\n<p style=\"text-align: center\">No verdadeiro estilo da Logitech, o POP Keys foi projetado para durar. Com bateria de at\u00e9 tr\u00eas anos e teclas que podem suportar at\u00e9 50 milh\u00f5es de toques (isso \u00e9 muito), voc\u00ea pode criar, conversar e se expressar o quanto quiser.<\/p>\n<p><img loading=\"lazy\" decoding=\"async\" class=\"wp-image-35847 aligncenter\" src=\"https:\/\/www.rucashk.com\/wp-content\/uploads\/2023\/10\/e0aea940afd9d1d45559e2663a9cf05-300x168.png\" alt=\"Logitech POP KEYS Keyboards\" width=\"855\" height=\"479\" \/><\/p>\n<p>&nbsp;<\/p>\n<h2 class=\"body-copy-title font-title-l font-brown-bold dc-black tc-black mc-black\" style=\"text-align: center\">EXPERIMENTE A EXPERI\u00caNCIA COMPLETA DE AUTO-EXPRESS\u00c3O<\/h2>\n<p style=\"text-align: center\">Domine o seu espa\u00e7o com os acess\u00f3rios certos para levar a sua produtividade e estilo a novos n\u00edveis. Descubra POP Mouse, StreamCam, G733 e Logitech Desk Mat.<\/p>\n<p>&nbsp;<\/p>\n<p><img loading=\"lazy\" decoding=\"async\" class=\"wp-image-35848 aligncenter\" src=\"https:\/\/www.rucashk.com\/wp-content\/uploads\/2023\/10\/aae5bc4fcda71766b3ec40a30682885-300x191.png\" alt=\"Logitech POP KEYS Keyboards\" width=\"851\" height=\"542\" \/><\/p>\n<p>&nbsp;<\/p>\n<p>&nbsp;<\/p>\n<h4 class=\"specs-heading\">Especifica\u00e7\u00f5es<\/h4>\n<div class=\"specs-column\">\n<div class=\"specs-group\">\n<div class=\"specs-block\">\n<div class=\"specs-description\"><strong>Tipo de conex\u00e3o<\/strong>: Bluetooth sem fio de baixa energia (Bluetooth 5.1)<\/div>\n<\/div>\n<div class=\"specs-block\">\n<div class=\"specs-description\"><strong>Alcance sem fio<\/strong>: 10 metros<\/div>\n<\/div>\n<div class=\"specs-block\">\n<div class=\"specs-description\">Interruptores mec\u00e2nicos (marrom, t\u00e1teis)<\/div>\n<\/div>\n<div class=\"specs-block\">\n<div class=\"specs-description\"><strong>Bateria<\/strong>: 2 x AAA<\/div>\n<\/div>\n<div class=\"specs-block\">\n<div class=\"specs-description\"><strong>Vida \u00fatil da bateria<\/strong>: 36 meses<\/div>\n<\/div>\n<div class=\"specs-block\">\n<div class=\"specs-description\"><strong>Luzes Indicadoras (LED)<\/strong>: LED de bateria, 3 LEDs de canal Bluetooth, LED de Caps Lock<\/div>\n<\/div>\n<div class=\"specs-block\">\n<h5 class=\"specs-title\">Aplicativo de personaliza\u00e7\u00e3o<\/h5>\n<ul class=\"specs-description-list\">\n<li>Compat\u00edvel com Logi Options+ no Windows e macOS<\/li>\n<\/ul>\n<\/div>\n<div class=\"specs-block\">\n<h5 class=\"specs-title\">Sustentabilidade<\/h5>\n<ul class=\"specs-description-list\">\n<li><strong>Explos\u00e3o de pl\u00e1sticos<\/strong>: 41% material reciclado p\u00f3s-consumo<\/li>\n<li><strong>Pl\u00e1sticos Daydream, Heartbreaker, Mist e Cosmos<\/strong>: 20% material reciclado p\u00f3s-consumo<\/li>\n<\/ul>\n<\/div>\n<div class=\"specs-block\">\n<div class=\"specs-description\">Certificado neutro em carbono<\/div>\n<\/div>\n<\/div>\n<\/div>","protected":false},"excerpt":{"rendered":"<div class=\"specs-block\">\n<div><a href=\"https:\/\/www.logitech.com\/en-gb\/products\/keyboards\/pop-keys-wireless-mechanical.html\" data-analytics-title=\"pop-keys-wireless-mechanical\" aria-current=\"location\">Chaves POP<\/a><\/div>\n<div class=\"specs-description\"><strong>Altura<\/strong>: 138,47 mm<\/div>\n<\/div>\n<div class=\"specs-block\">\n<div class=\"specs-description\"><strong>Largura<\/strong>: 321,2 mm<\/div>\n<\/div>\n<div class=\"specs-block\">\n<div class=\"specs-description\"><strong>Profundidade<\/strong>: 35,4mm<\/div>\n<\/div>\n<div class=\"specs-block\">\n<div class=\"specs-description\"><strong>Peso (com baterias)<\/strong>: 779g<\/div>\n<\/div>","protected":false},"featured_media":27510,"template":"","meta":[],"product_brand":[1380],"product_cat":[1332,1322],"product_tag":[],"class_list":{"0":"post-27370","1":"product","2":"type-product","3":"status-publish","4":"has-post-thumbnail","6":"product_brand-logitech","7":"product_cat-logitech-other-a-brands","8":"product_cat-other-a-brands","10":"first","11":"instock","12":"shipping-taxable","13":"product-type-simple"},"aioseo_notices":[],"aioseo_head":"\n\t\t<!-- All in One SEO Pro 4.5.9.2 - aioseo.com -->\n\t\t<meta name=\"description\" content=\"POP Keys Height: 138.47 mm Width: 321.2 mm Depth: 35.4 mm Weight (with batteries): 779 g\" \/>\n\t\t<meta name=\"robots\" content=\"max-image-preview:large\" \/>\n\t\t<link rel=\"canonical\" href=\"https:\/\/www.rucashk.com\/pt\/produto\/logitech-pop-keys-keyboards\/\" \/>\n\t\t<meta name=\"generator\" content=\"All in One SEO Pro (AIOSEO) 4.5.9.2\" \/>\n\t\t<meta property=\"og:locale\" content=\"pt_PT\" \/>\n\t\t<meta property=\"og:site_name\" content=\"Rucas - One-stop AIoT Distribution Worldwide\" \/>\n\t\t<meta property=\"og:type\" content=\"article\" \/>\n\t\t<meta property=\"og:title\" content=\"Logitech POP KEYS Keyboards - Rucas - Wholesale and Distribution\" \/>\n\t\t<meta property=\"og:description\" content=\"POP Keys Height: 138.47 mm Width: 321.2 mm Depth: 35.4 mm Weight (with batteries): 779 g\" \/>\n\t\t<meta property=\"og:url\" content=\"https:\/\/www.rucashk.com\/pt\/produto\/logitech-pop-keys-keyboards\/\" \/>\n\t\t<meta property=\"og:image\" content=\"https:\/\/www.rucashk.com\/wp-content\/uploads\/replace\/503b8e645f128a97ccde2b6290747646.jpeg\" \/>\n\t\t<meta property=\"og:image:secure_url\" content=\"https:\/\/www.rucashk.com\/wp-content\/uploads\/replace\/503b8e645f128a97ccde2b6290747646.jpeg\" \/>\n\t\t<meta property=\"og:image:width\" content=\"1456\" \/>\n\t\t<meta property=\"og:image:height\" content=\"816\" \/>\n\t\t<meta property=\"article:published_time\" content=\"2024-01-09T16:40:32+00:00\" \/>\n\t\t<meta property=\"article:modified_time\" content=\"2025-06-21T09:30:39+00:00\" \/>\n\t\t<meta name=\"twitter:card\" content=\"summary_large_image\" \/>\n\t\t<meta name=\"twitter:title\" content=\"Logitech POP KEYS Keyboards - Rucas - Wholesale and Distribution\" \/>\n\t\t<meta name=\"twitter:description\" content=\"POP Keys Height: 138.47 mm Width: 321.2 mm Depth: 35.4 mm Weight (with batteries): 779 g\" \/>\n\t\t<meta name=\"twitter:image\" content=\"https:\/\/www.rucashk.com\/wp-content\/uploads\/replace\/503b8e645f128a97ccde2b6290747646.jpeg\" \/>\n\t\t<script type=\"application\/ld+json\" class=\"aioseo-schema\">\n\t\t\t{\"@context\":\"https:\\\/\\\/schema.org\",\"@graph\":[{\"@type\":\"BreadcrumbList\",\"@id\":\"https:\\\/\\\/www.rucashk.com\\\/pt\\\/produto\\\/logitech-pop-keys-keyboards\\\/#breadcrumblist\",\"itemListElement\":[{\"@type\":\"ListItem\",\"@id\":\"https:\\\/\\\/www.rucashk.com\\\/pt\\\/#listItem\",\"position\":1,\"name\":\"Home\",\"item\":\"https:\\\/\\\/www.rucashk.com\\\/pt\\\/\",\"nextItem\":\"https:\\\/\\\/www.rucashk.com\\\/pt\\\/produto\\\/logitech-pop-keys-keyboards\\\/#listItem\"},{\"@type\":\"ListItem\",\"@id\":\"https:\\\/\\\/www.rucashk.com\\\/pt\\\/produto\\\/logitech-pop-keys-keyboards\\\/#listItem\",\"position\":2,\"name\":\"Logitech POP KEYS Keyboards\",\"previousItem\":\"https:\\\/\\\/www.rucashk.com\\\/pt\\\/#listItem\"}]},{\"@type\":\"Organization\",\"@id\":\"https:\\\/\\\/www.rucashk.com\\\/pt\\\/#organization\",\"name\":\"Rucas\",\"url\":\"https:\\\/\\\/www.rucashk.com\\\/pt\\\/\",\"logo\":{\"@type\":\"ImageObject\",\"url\":\"https:\\\/\\\/www.rucashk.com\\\/wp-content\\\/uploads\\\/2023\\\/12\\\/Rucas_campany_logo.png\",\"@id\":\"https:\\\/\\\/www.rucashk.com\\\/pt\\\/produto\\\/logitech-pop-keys-keyboards\\\/#organizationLogo\",\"width\":221,\"height\":65},\"image\":{\"@id\":\"https:\\\/\\\/www.rucashk.com\\\/pt\\\/#organizationLogo\"}},{\"@type\":\"Person\",\"@id\":\"https:\\\/\\\/www.rucashk.com\\\/pt\\\/author\\\/admin\\\/#author\",\"url\":\"https:\\\/\\\/www.rucashk.com\\\/pt\\\/author\\\/admin\\\/\",\"name\":\"admin\",\"image\":{\"@type\":\"ImageObject\",\"@id\":\"https:\\\/\\\/www.rucashk.com\\\/pt\\\/produto\\\/logitech-pop-keys-keyboards\\\/#authorImage\",\"url\":\"https:\\\/\\\/secure.gravatar.com\\\/avatar\\\/b7c8925b09a27e72b30232f8ecaadbd5af0f70a38c78096863fe51b64f031c24?s=96&d=mm&r=g\",\"width\":96,\"height\":96,\"caption\":\"admin\"}},{\"@type\":\"WebPage\",\"@id\":\"https:\\\/\\\/www.rucashk.com\\\/pt\\\/produto\\\/logitech-pop-keys-keyboards\\\/#webpage\",\"url\":\"https:\\\/\\\/www.rucashk.com\\\/pt\\\/produto\\\/logitech-pop-keys-keyboards\\\/\",\"name\":\"Logitech POP KEYS Keyboards - Rucas - Wholesale and Distribution\",\"description\":\"POP Keys Height: 138.47 mm Width: 321.2 mm Depth: 35.4 mm Weight (with batteries): 779 g\",\"inLanguage\":\"pt-PT\",\"isPartOf\":{\"@id\":\"https:\\\/\\\/www.rucashk.com\\\/pt\\\/#website\"},\"breadcrumb\":{\"@id\":\"https:\\\/\\\/www.rucashk.com\\\/pt\\\/produto\\\/logitech-pop-keys-keyboards\\\/#breadcrumblist\"},\"author\":{\"@id\":\"https:\\\/\\\/www.rucashk.com\\\/pt\\\/author\\\/admin\\\/#author\"},\"creator\":{\"@id\":\"https:\\\/\\\/www.rucashk.com\\\/pt\\\/author\\\/admin\\\/#author\"},\"image\":{\"@type\":\"ImageObject\",\"url\":\"https:\\\/\\\/www.rucashk.com\\\/wp-content\\\/uploads\\\/2024\\\/01\\\/10001-19-1.jpg\",\"@id\":\"https:\\\/\\\/www.rucashk.com\\\/pt\\\/produto\\\/logitech-pop-keys-keyboards\\\/#mainImage\",\"width\":750,\"height\":1000},\"primaryImageOfPage\":{\"@id\":\"https:\\\/\\\/www.rucashk.com\\\/pt\\\/produto\\\/logitech-pop-keys-keyboards\\\/#mainImage\"},\"datePublished\":\"2024-01-09T16:40:32+00:00\",\"dateModified\":\"2025-06-21T09:30:39+00:00\"},{\"@type\":\"WebSite\",\"@id\":\"https:\\\/\\\/www.rucashk.com\\\/pt\\\/#website\",\"url\":\"https:\\\/\\\/www.rucashk.com\\\/pt\\\/\",\"name\":\"Rucas - Wholesale and distribution worldwide\",\"alternateName\":\"Rucas - One-stop AIoT Distribution Worldwide\",\"description\":\"One-stop AIoT Distribution Worldwide\",\"inLanguage\":\"pt-PT\",\"publisher\":{\"@id\":\"https:\\\/\\\/www.rucashk.com\\\/pt\\\/#organization\"}}]}\n\t\t<\/script>\n\t\t<!-- All in One SEO Pro -->\r\n\t\t<title>Logitech POP KEYS Keyboards - Rucas - Wholesale and Distribution<\/title>\n\n","aioseo_head_json":{"title":"Logitech POP KEYS Keyboards - Rucas - Wholesale and Distribution","description":"POP Keys Height: 138.47 mm Width: 321.2 mm Depth: 35.4 mm Weight (with batteries): 779 g","canonical_url":"https:\/\/www.rucashk.com\/pt\/produto\/logitech-pop-keys-keyboards\/","robots":"max-image-preview:large","keywords":"","webmasterTools":{"miscellaneous":""},"og:locale":"pt_PT","og:site_name":"Rucas - One-stop AIoT Distribution Worldwide","og:type":"article","og:title":"Logitech POP KEYS Keyboards - Rucas - Wholesale and Distribution","og:description":"POP Keys Height: 138.47 mm Width: 321.2 mm Depth: 35.4 mm Weight (with batteries): 779 g","og:url":"https:\/\/www.rucashk.com\/pt\/produto\/logitech-pop-keys-keyboards\/","og:image":"https:\/\/www.rucashk.com\/wp-content\/uploads\/replace\/503b8e645f128a97ccde2b6290747646.jpeg","og:image:secure_url":"https:\/\/www.rucashk.com\/wp-content\/uploads\/replace\/503b8e645f128a97ccde2b6290747646.jpeg","og:image:width":1456,"og:image:height":816,"article:published_time":"2024-01-09T16:40:32+00:00","article:modified_time":"2025-06-21T09:30:39+00:00","twitter:card":"summary_large_image","twitter:title":"Logitech POP KEYS Keyboards - Rucas - Wholesale and Distribution","twitter:description":"POP Keys Height: 138.47 mm Width: 321.2 mm Depth: 35.4 mm Weight (with batteries): 779 g","twitter:image":"https:\/\/www.rucashk.com\/wp-content\/uploads\/replace\/503b8e645f128a97ccde2b6290747646.jpeg","schema":{"@context":"https:\/\/schema.org","@graph":[{"@type":"BreadcrumbList","@id":"https:\/\/www.rucashk.com\/pt\/produto\/logitech-pop-keys-keyboards\/#breadcrumblist","itemListElement":[{"@type":"ListItem","@id":"https:\/\/www.rucashk.com\/pt\/#listItem","position":1,"name":"Home","item":"https:\/\/www.rucashk.com\/pt\/","nextItem":"https:\/\/www.rucashk.com\/pt\/produto\/logitech-pop-keys-keyboards\/#listItem"},{"@type":"ListItem","@id":"https:\/\/www.rucashk.com\/pt\/produto\/logitech-pop-keys-keyboards\/#listItem","position":2,"name":"Logitech POP KEYS Keyboards","previousItem":"https:\/\/www.rucashk.com\/pt\/#listItem"}]},{"@type":"Organization","@id":"https:\/\/www.rucashk.com\/pt\/#organization","name":"Rucas","url":"https:\/\/www.rucashk.com\/pt\/","logo":{"@type":"ImageObject","url":"https:\/\/www.rucashk.com\/wp-content\/uploads\/2023\/12\/Rucas_campany_logo.png","@id":"https:\/\/www.rucashk.com\/pt\/produto\/logitech-pop-keys-keyboards\/#organizationLogo","width":221,"height":65},"image":{"@id":"https:\/\/www.rucashk.com\/pt\/#organizationLogo"}},{"@type":"Person","@id":"https:\/\/www.rucashk.com\/pt\/author\/admin\/#author","url":"https:\/\/www.rucashk.com\/pt\/author\/admin\/","name":"admin","image":{"@type":"ImageObject","@id":"https:\/\/www.rucashk.com\/pt\/produto\/logitech-pop-keys-keyboards\/#authorImage","url":"https:\/\/secure.gravatar.com\/avatar\/b7c8925b09a27e72b30232f8ecaadbd5af0f70a38c78096863fe51b64f031c24?s=96&d=mm&r=g","width":96,"height":96,"caption":"admin"}},{"@type":"WebPage","@id":"https:\/\/www.rucashk.com\/pt\/produto\/logitech-pop-keys-keyboards\/#webpage","url":"https:\/\/www.rucashk.com\/pt\/produto\/logitech-pop-keys-keyboards\/","name":"Logitech POP KEYS Keyboards - Rucas - Wholesale and Distribution","description":"POP Keys Height: 138.47 mm Width: 321.2 mm Depth: 35.4 mm Weight (with batteries): 779 g","inLanguage":"pt-PT","isPartOf":{"@id":"https:\/\/www.rucashk.com\/pt\/#website"},"breadcrumb":{"@id":"https:\/\/www.rucashk.com\/pt\/produto\/logitech-pop-keys-keyboards\/#breadcrumblist"},"author":{"@id":"https:\/\/www.rucashk.com\/pt\/author\/admin\/#author"},"creator":{"@id":"https:\/\/www.rucashk.com\/pt\/author\/admin\/#author"},"image":{"@type":"ImageObject","url":"https:\/\/www.rucashk.com\/wp-content\/uploads\/2024\/01\/10001-19-1.jpg","@id":"https:\/\/www.rucashk.com\/pt\/produto\/logitech-pop-keys-keyboards\/#mainImage","width":750,"height":1000},"primaryImageOfPage":{"@id":"https:\/\/www.rucashk.com\/pt\/produto\/logitech-pop-keys-keyboards\/#mainImage"},"datePublished":"2024-01-09T16:40:32+00:00","dateModified":"2025-06-21T09:30:39+00:00"},{"@type":"WebSite","@id":"https:\/\/www.rucashk.com\/pt\/#website","url":"https:\/\/www.rucashk.com\/pt\/","name":"Rucas - Wholesale and distribution worldwide","alternateName":"Rucas - One-stop AIoT Distribution Worldwide","description":"One-stop AIoT Distribution Worldwide","inLanguage":"pt-PT","publisher":{"@id":"https:\/\/www.rucashk.com\/pt\/#organization"}}]}},"aioseo_meta_data":{"post_id":"27370","title":null,"description":null,"keywords":null,"keyphrases":null,"primary_term":null,"canonical_url":null,"og_title":null,"og_description":null,"og_object_type":"default","og_image_type":"default","og_image_url":null,"og_image_width":null,"og_image_height":null,"og_image_custom_url":null,"og_image_custom_fields":null,"og_video":"","og_custom_url":null,"og_article_section":null,"og_article_tags":null,"twitter_use_og":false,"twitter_card":"default","twitter_image_type":"default","twitter_image_url":null,"twitter_image_custom_url":null,"twitter_image_custom_fields":null,"twitter_title":null,"twitter_description":null,"schema":{"blockGraphs":[],"customGraphs":[],"default":{"data":{"Article":[],"Course":[],"Dataset":[],"FAQPage":[],"Movie":[],"Person":[],"Product":[],"Recipe":[],"Service":[],"SoftwareApplication":[],"WebPage":[]},"graphName":"","isEnabled":true},"graphs":[]},"schema_type":"default","schema_type_options":null,"pillar_content":false,"robots_default":true,"robots_noindex":false,"robots_noarchive":false,"robots_nosnippet":false,"robots_nofollow":false,"robots_noimageindex":false,"robots_noodp":false,"robots_notranslate":false,"robots_max_snippet":"-1","robots_max_videopreview":"-1","robots_max_imagepreview":"large","priority":null,"frequency":"default","local_seo":null,"breadcrumb_settings":null,"limit_modified_date":false,"created":"2024-04-11 01:57:22","updated":"2025-06-22 18:35:55"},"aioseo_breadcrumb":"<div class=\"aioseo-breadcrumbs\"><span class=\"aioseo-breadcrumb\">\n\t<a href=\"https:\/\/www.rucashk.com\/pt\" title=\"Home\">Home<\/a>\n<\/span><span class=\"aioseo-breadcrumb-separator\">&raquo;<\/span><span class=\"aioseo-breadcrumb\">\n\t<a href=\"https:\/\/www.rucashk.com\/pt\/products\/\" title=\"Produtos\">Produtos<\/a>\n<\/span><span class=\"aioseo-breadcrumb-separator\">&raquo;<\/span><span class=\"aioseo-breadcrumb\">\n\t<a href=\"https:\/\/www.rucashk.com\/pt\/marca\/logitech\/\" title=\"Logitech\">Logitech<\/a>\n<\/span><span class=\"aioseo-breadcrumb-separator\">&raquo;<\/span><span class=\"aioseo-breadcrumb\">\n\tLogitech POP KEYS Keyboards\n<\/span><\/div>","aioseo_breadcrumb_json":[{"label":"Home","link":"https:\/\/www.rucashk.com\/pt"},{"label":"Produtos","link":"https:\/\/www.rucashk.com\/pt\/products\/"},{"label":"Logitech","link":"https:\/\/www.rucashk.com\/pt\/marca\/logitech\/"},{"label":"Logitech POP KEYS Keyboards","link":"https:\/\/www.rucashk.com\/pt\/produto\/logitech-pop-keys-keyboards\/"}],"_links":{"self":[{"href":"https:\/\/www.rucashk.com\/pt\/wp-json\/wp\/v2\/product\/27370","targetHints":{"allow":["GET"]}}],"collection":[{"href":"https:\/\/www.rucashk.com\/pt\/wp-json\/wp\/v2\/product"}],"about":[{"href":"https:\/\/www.rucashk.com\/pt\/wp-json\/wp\/v2\/types\/product"}],"wp:featuredmedia":[{"embeddable":true,"href":"https:\/\/www.rucashk.com\/pt\/wp-json\/wp\/v2\/media\/27510"}],"wp:attachment":[{"href":"https:\/\/www.rucashk.com\/pt\/wp-json\/wp\/v2\/media?parent=27370"}],"wp:term":[{"taxonomy":"product_brand","embeddable":true,"href":"https:\/\/www.rucashk.com\/pt\/wp-json\/wp\/v2\/product_brand?post=27370"},{"taxonomy":"product_cat","embeddable":true,"href":"https:\/\/www.rucashk.com\/pt\/wp-json\/wp\/v2\/product_cat?post=27370"},{"taxonomy":"product_tag","embeddable":true,"href":"https:\/\/www.rucashk.com\/pt\/wp-json\/wp\/v2\/product_tag?post=27370"}],"curies":[{"name":"wp","href":"https:\/\/api.w.org\/{rel}","templated":true}]}}