{"id":27369,"date":"2024-01-09T16:40:32","date_gmt":"2024-01-09T16:40:32","guid":{"rendered":"http:\/\/rucashk.com\/?post_type=product&#038;p=27369"},"modified":"2025-06-21T09:30:54","modified_gmt":"2025-06-21T09:30:54","slug":"logitech-ergo-k860-keyboards","status":"publish","type":"product","link":"https:\/\/www.rucashk.com\/pt\/produto\/logitech-ergo-k860-keyboards\/","title":{"rendered":"Teclados Logitech ERGO K860"},"content":{"rendered":"<div align=\"start\">\n<h2 class=\"font-title-l js-title\" style=\"text-align: center\">PRECIS\u00c3O SEM ESFOR\u00c7O COM TECLAS DE CURSO PERFEITAS<\/h2>\n<div class=\"body-copy-ctn js-body-copy-ctn rte-field\">\n<p style=\"text-align: center\">Uma experi\u00eancia de digita\u00e7\u00e3o fluida e ultraprecisa, sem comprometer a velocidade e a precis\u00e3o. Seus dedos deslizam sem esfor\u00e7o pela superf\u00edcie fosca das teclas, e os detalhes t\u00e1teis facilitam a orienta\u00e7\u00e3o dos dedos e a manuten\u00e7\u00e3o do foco. O layout dividido e a curva convexa promovem um posicionamento mais natural das m\u00e3os e dos dedos.<\/p>\n<\/div>\n<div><img decoding=\"async\" alt=\"Logitech ERGO K860 Keyboards\" class=\"aligncenter\" src=\"\/wp-content\/uploads\/replace\/c0004f7d048a1ebf4f3437d1b822c0e5.jpeg\" \/><\/div>\n<div><\/div>\n<\/div>\n<div align=\"start\">\n<h2 class=\"font-title-m js-title\" style=\"text-align: center\">TRABALHE MELHOR. TRABALHE MAIS SAUD\u00c1VEL.<\/h2>\n<div class=\"body-copy-ctn js-body-copy-ctn rte-field\">\n<p style=\"text-align: center\">Tenha o melhor desempenho com a solu\u00e7\u00e3o ergon\u00f4mica avan\u00e7ada que inclui uma combina\u00e7\u00e3o ergon\u00f4mica de teclado e mouse, al\u00e9m da webcam e do fone de ouvido certos para uma boa postura durante as chamadas.<\/p>\n<\/div>\n<\/div>\n<div align=\"start\">\n<div>\n<img decoding=\"async\" alt=\"Logitech ERGO K860 Keyboards\" class=\"aligncenter\" src=\"\/wp-content\/uploads\/replace\/303c0c2683445545c4e63200267ac54d.jpeg\" \/><\/div>\n<\/div>\n<div align=\"start\">\n<div data-spm-anchor-id=\"a2g0o.detail.1000023.i0.24e61193Wk4A99\"><\/div>\n<h2 style=\"text-align: center\">Digita\u00e7\u00e3o ultraprecisa com teclas de toque perfeito<\/h2>\n<p style=\"text-align: center\">Digite com confian\u00e7a em teclas criadas para precis\u00e3o e fluidez. Os dedos deslizam sem esfor\u00e7o pela superf\u00edcie fosca das teclas. E as teclas escavadas facilitam a orienta\u00e7\u00e3o dos dedos e a manuten\u00e7\u00e3o do foco.<\/p>\n<div>\n<img decoding=\"async\" alt=\"Logitech ERGO K860 Keyboards\" class=\"aligncenter\" src=\"\/wp-content\/uploads\/replace\/3538a12d6caaec1d0b6ad83def400021.jpeg\" \/><\/div>\n<\/div>\n<div align=\"start\">\n<div><\/div>\n<h2 style=\"text-align: center\">54% Mais suporte para pulso<\/h2>\n<p style=\"text-align: center\">O apoio para os pulsos almofadado coloca os bra\u00e7os logo acima do teclado, oferecendo ao 54% mais suporte para os pulsos, evitando tens\u00e3o e reduzindo a flex\u00e3o do pulso em 25%.<\/p>\n<div>\n<img decoding=\"async\" alt=\"Logitech ERGO K860 Keyboards\" class=\"aligncenter\" src=\"\/wp-content\/uploads\/replace\/1994d2e34c3f9e28557bcea0bcb66fba.jpeg\" \/><\/div>\n<\/div>\n<div align=\"start\">\n<div><\/div>\n<h2 style=\"text-align: center\">3 camadas de conforto<\/h2>\n<p>O ERGO K860 vem com tr\u00eas camadas separadas: 1. Tecido com revestimento resistente a manchas e f\u00e1cil de limpar; 2. Suporta espuma de alta densidade para uma sensa\u00e7\u00e3o firme; 3. Espuma viscoel\u00e1stica confort\u00e1vel para conforto sustentado.<\/p>\n<div>\n<img decoding=\"async\" alt=\"Logitech ERGO K860 Keyboards\" class=\"aligncenter\" src=\"\/wp-content\/uploads\/replace\/5050daa9552d69dc607ebaa0c3e871b8.jpeg\" \/><\/div>\n<\/div>\n<div align=\"start\">\n<h2><\/h2>\n<h2 style=\"text-align: center\">Elevador de palma ajust\u00e1vel<\/h2>\n<p style=\"text-align: center\">Mantenha os pulsos em uma posi\u00e7\u00e3o natural e confort\u00e1vel, esteja sentado ou em p\u00e9, com um inovador recurso de eleva\u00e7\u00e3o da palma da m\u00e3o. Incline as pernas de 0\u00b0, -4\u00b0 e -7\u00b0 e levante as palmas das m\u00e3os para uma posi\u00e7\u00e3o ergon\u00f4mica ideal.<\/p>\n<div>\n<img decoding=\"async\" alt=\"Logitech ERGO K860 Keyboards\" class=\"aligncenter\" src=\"\/wp-content\/uploads\/replace\/b4de75f49fe3e1d5bf6e8a63d2e4528b.jpeg\" \/><\/div>\n<\/div>\n<div><\/div>\n<div><\/div>\n<div>\n<h4 class=\"specs-heading\">Especifica\u00e7\u00f5es<\/h4>\n<div class=\"specs-column\">\n<div class=\"specs-group\">\n<div class=\"specs-block\">\n<h5 class=\"specs-title\">Suporte de conex\u00e3o<\/h5>\n<ul class=\"specs-description-list\">\n<li>Receptor USB<\/li>\n<li>Tecnologia Bluetooth de baixo consumo de energia<\/li>\n<\/ul>\n<\/div>\n<div class=\"specs-block\">\n<h5 class=\"specs-title\">Aplicativo de personaliza\u00e7\u00e3o<\/h5>\n<ul class=\"specs-description-list\">\n<li>Compat\u00edvel com Logi Options+ no Windows e macOS<\/li>\n<\/ul>\n<\/div>\n<div class=\"specs-block\">\n<h5 class=\"specs-title\">Tipo de Bateria<\/h5>\n<ul class=\"specs-description-list\">\n<li>2 pilhas AAA<\/li>\n<\/ul>\n<\/div>\n<div class=\"specs-block\">\n<h5 class=\"specs-title\">Alcance sem fio<\/h5>\n<ul class=\"specs-description-list\">\n<li>Alcance sem fio de 10 m<\/li>\n<li>Criptografia sem fio<\/li>\n<\/ul>\n<\/div>\n<div class=\"specs-block\">\n<h5 class=\"specs-title\">Sustentabilidade<\/h5>\n<ul class=\"specs-description-list\">\n<li><strong>Pl\u00e1sticos de grafite<\/strong>: 71% material reciclado p\u00f3s-consumo<\/li>\n<li><strong>Embalagem de papel<\/strong>: Certificado FSC\u2122<\/li>\n<\/ul>\n<\/div>\n<div class=\"specs-block\">\n<div class=\"specs-description\">Certificado neutro em carbono<\/div>\n<\/div>\n<\/div>\n<\/div>\n<\/div>","protected":false},"excerpt":{"rendered":"<div class=\"specs-block\">\n<div>\n<p class=\"sec-nav-title\"><a class=\"sec-nav-title-link\" href=\"https:\/\/www.logitech.com\/en-gb\/products\/keyboards\/k860-split-ergonomic.html\" data-analytics-title=\"contentlogitechenproductskeyboardsk860-split-ergonomic\">ERGO K860<\/a><\/p>\n<\/div>\n<div class=\"specs-description\"><strong>Altura<\/strong>: 233 mil\u00edmetros<\/div>\n<\/div>\n<div class=\"specs-block\">\n<div class=\"specs-description\"><strong>Largura<\/strong>: 456 mil\u00edmetros<\/div>\n<\/div>\n<div class=\"specs-block\">\n<div class=\"specs-description\"><strong>Profundidade<\/strong>: 48mm<\/div>\n<\/div>\n<div class=\"specs-block\">\n<div class=\"specs-description\"><strong>Peso<\/strong>: 1160g<\/div>\n<\/div>","protected":false},"featured_media":27506,"template":"","meta":[],"product_brand":[1380],"product_cat":[1332,1322],"product_tag":[],"class_list":{"0":"post-27369","1":"product","2":"type-product","3":"status-publish","4":"has-post-thumbnail","6":"product_brand-logitech","7":"product_cat-logitech-other-a-brands","8":"product_cat-other-a-brands","10":"first","11":"instock","12":"shipping-taxable","13":"product-type-simple"},"aioseo_notices":[],"aioseo_head":"\n\t\t<!-- All in One SEO Pro 4.5.9.2 - aioseo.com -->\n\t\t<meta name=\"description\" content=\"ERGO K860 Height: 233 mm Width: 456 mm Depth: 48 mm Weight: 1160 g\" \/>\n\t\t<meta name=\"robots\" content=\"max-image-preview:large\" \/>\n\t\t<link rel=\"canonical\" href=\"https:\/\/www.rucashk.com\/pt\/produto\/logitech-ergo-k860-keyboards\/\" \/>\n\t\t<meta name=\"generator\" content=\"All in One SEO Pro (AIOSEO) 4.5.9.2\" \/>\n\t\t<meta property=\"og:locale\" content=\"pt_PT\" \/>\n\t\t<meta property=\"og:site_name\" content=\"Rucas - One-stop AIoT Distribution Worldwide\" \/>\n\t\t<meta property=\"og:type\" content=\"article\" \/>\n\t\t<meta property=\"og:title\" content=\"Logitech ERGO K860 Keyboards - Rucas - Wholesale and Distribution\" \/>\n\t\t<meta property=\"og:description\" content=\"ERGO K860 Height: 233 mm Width: 456 mm Depth: 48 mm Weight: 1160 g\" \/>\n\t\t<meta property=\"og:url\" content=\"https:\/\/www.rucashk.com\/pt\/produto\/logitech-ergo-k860-keyboards\/\" \/>\n\t\t<meta property=\"og:image\" content=\"https:\/\/www.rucashk.com\/wp-content\/uploads\/replace\/503b8e645f128a97ccde2b6290747646.jpeg\" \/>\n\t\t<meta property=\"og:image:secure_url\" content=\"https:\/\/www.rucashk.com\/wp-content\/uploads\/replace\/503b8e645f128a97ccde2b6290747646.jpeg\" \/>\n\t\t<meta property=\"og:image:width\" content=\"1456\" \/>\n\t\t<meta property=\"og:image:height\" content=\"816\" \/>\n\t\t<meta property=\"article:published_time\" content=\"2024-01-09T16:40:32+00:00\" \/>\n\t\t<meta property=\"article:modified_time\" content=\"2025-06-21T09:30:54+00:00\" \/>\n\t\t<meta name=\"twitter:card\" content=\"summary_large_image\" \/>\n\t\t<meta name=\"twitter:title\" content=\"Logitech ERGO K860 Keyboards - Rucas - Wholesale and Distribution\" \/>\n\t\t<meta name=\"twitter:description\" content=\"ERGO K860 Height: 233 mm Width: 456 mm Depth: 48 mm Weight: 1160 g\" \/>\n\t\t<meta name=\"twitter:image\" content=\"https:\/\/www.rucashk.com\/wp-content\/uploads\/replace\/503b8e645f128a97ccde2b6290747646.jpeg\" \/>\n\t\t<script type=\"application\/ld+json\" class=\"aioseo-schema\">\n\t\t\t{\"@context\":\"https:\\\/\\\/schema.org\",\"@graph\":[{\"@type\":\"BreadcrumbList\",\"@id\":\"https:\\\/\\\/www.rucashk.com\\\/pt\\\/produto\\\/logitech-ergo-k860-keyboards\\\/#breadcrumblist\",\"itemListElement\":[{\"@type\":\"ListItem\",\"@id\":\"https:\\\/\\\/www.rucashk.com\\\/pt\\\/#listItem\",\"position\":1,\"name\":\"Home\",\"item\":\"https:\\\/\\\/www.rucashk.com\\\/pt\\\/\",\"nextItem\":\"https:\\\/\\\/www.rucashk.com\\\/pt\\\/produto\\\/logitech-ergo-k860-keyboards\\\/#listItem\"},{\"@type\":\"ListItem\",\"@id\":\"https:\\\/\\\/www.rucashk.com\\\/pt\\\/produto\\\/logitech-ergo-k860-keyboards\\\/#listItem\",\"position\":2,\"name\":\"Logitech ERGO K860 Keyboards\",\"previousItem\":\"https:\\\/\\\/www.rucashk.com\\\/pt\\\/#listItem\"}]},{\"@type\":\"Organization\",\"@id\":\"https:\\\/\\\/www.rucashk.com\\\/pt\\\/#organization\",\"name\":\"Rucas\",\"url\":\"https:\\\/\\\/www.rucashk.com\\\/pt\\\/\",\"logo\":{\"@type\":\"ImageObject\",\"url\":\"https:\\\/\\\/www.rucashk.com\\\/wp-content\\\/uploads\\\/2023\\\/12\\\/Rucas_campany_logo.png\",\"@id\":\"https:\\\/\\\/www.rucashk.com\\\/pt\\\/produto\\\/logitech-ergo-k860-keyboards\\\/#organizationLogo\",\"width\":221,\"height\":65},\"image\":{\"@id\":\"https:\\\/\\\/www.rucashk.com\\\/pt\\\/#organizationLogo\"}},{\"@type\":\"Person\",\"@id\":\"https:\\\/\\\/www.rucashk.com\\\/pt\\\/author\\\/admin\\\/#author\",\"url\":\"https:\\\/\\\/www.rucashk.com\\\/pt\\\/author\\\/admin\\\/\",\"name\":\"admin\",\"image\":{\"@type\":\"ImageObject\",\"@id\":\"https:\\\/\\\/www.rucashk.com\\\/pt\\\/produto\\\/logitech-ergo-k860-keyboards\\\/#authorImage\",\"url\":\"https:\\\/\\\/secure.gravatar.com\\\/avatar\\\/b7c8925b09a27e72b30232f8ecaadbd5af0f70a38c78096863fe51b64f031c24?s=96&d=mm&r=g\",\"width\":96,\"height\":96,\"caption\":\"admin\"}},{\"@type\":\"WebPage\",\"@id\":\"https:\\\/\\\/www.rucashk.com\\\/pt\\\/produto\\\/logitech-ergo-k860-keyboards\\\/#webpage\",\"url\":\"https:\\\/\\\/www.rucashk.com\\\/pt\\\/produto\\\/logitech-ergo-k860-keyboards\\\/\",\"name\":\"Logitech ERGO K860 Keyboards - Rucas - Wholesale and Distribution\",\"description\":\"ERGO K860 Height: 233 mm Width: 456 mm Depth: 48 mm Weight: 1160 g\",\"inLanguage\":\"pt-PT\",\"isPartOf\":{\"@id\":\"https:\\\/\\\/www.rucashk.com\\\/pt\\\/#website\"},\"breadcrumb\":{\"@id\":\"https:\\\/\\\/www.rucashk.com\\\/pt\\\/produto\\\/logitech-ergo-k860-keyboards\\\/#breadcrumblist\"},\"author\":{\"@id\":\"https:\\\/\\\/www.rucashk.com\\\/pt\\\/author\\\/admin\\\/#author\"},\"creator\":{\"@id\":\"https:\\\/\\\/www.rucashk.com\\\/pt\\\/author\\\/admin\\\/#author\"},\"image\":{\"@type\":\"ImageObject\",\"url\":\"https:\\\/\\\/www.rucashk.com\\\/wp-content\\\/uploads\\\/2024\\\/01\\\/10004-8.webp\",\"@id\":\"https:\\\/\\\/www.rucashk.com\\\/pt\\\/produto\\\/logitech-ergo-k860-keyboards\\\/#mainImage\",\"width\":800,\"height\":800},\"primaryImageOfPage\":{\"@id\":\"https:\\\/\\\/www.rucashk.com\\\/pt\\\/produto\\\/logitech-ergo-k860-keyboards\\\/#mainImage\"},\"datePublished\":\"2024-01-09T16:40:32+00:00\",\"dateModified\":\"2025-06-21T09:30:54+00:00\"},{\"@type\":\"WebSite\",\"@id\":\"https:\\\/\\\/www.rucashk.com\\\/pt\\\/#website\",\"url\":\"https:\\\/\\\/www.rucashk.com\\\/pt\\\/\",\"name\":\"Rucas - Wholesale and distribution worldwide\",\"alternateName\":\"Rucas - One-stop AIoT Distribution Worldwide\",\"description\":\"One-stop AIoT Distribution Worldwide\",\"inLanguage\":\"pt-PT\",\"publisher\":{\"@id\":\"https:\\\/\\\/www.rucashk.com\\\/pt\\\/#organization\"}}]}\n\t\t<\/script>\n\t\t<!-- All in One SEO Pro -->\r\n\t\t<title>Logitech ERGO K860 Keyboards - Rucas - Wholesale and Distribution<\/title>\n\n","aioseo_head_json":{"title":"Logitech ERGO K860 Keyboards - Rucas - Wholesale and Distribution","description":"ERGO K860 Height: 233 mm Width: 456 mm Depth: 48 mm Weight: 1160 g","canonical_url":"https:\/\/www.rucashk.com\/pt\/produto\/logitech-ergo-k860-keyboards\/","robots":"max-image-preview:large","keywords":"","webmasterTools":{"miscellaneous":""},"og:locale":"pt_PT","og:site_name":"Rucas - One-stop AIoT Distribution Worldwide","og:type":"article","og:title":"Logitech ERGO K860 Keyboards - Rucas - Wholesale and Distribution","og:description":"ERGO K860 Height: 233 mm Width: 456 mm Depth: 48 mm Weight: 1160 g","og:url":"https:\/\/www.rucashk.com\/pt\/produto\/logitech-ergo-k860-keyboards\/","og:image":"https:\/\/www.rucashk.com\/wp-content\/uploads\/replace\/503b8e645f128a97ccde2b6290747646.jpeg","og:image:secure_url":"https:\/\/www.rucashk.com\/wp-content\/uploads\/replace\/503b8e645f128a97ccde2b6290747646.jpeg","og:image:width":1456,"og:image:height":816,"article:published_time":"2024-01-09T16:40:32+00:00","article:modified_time":"2025-06-21T09:30:54+00:00","twitter:card":"summary_large_image","twitter:title":"Logitech ERGO K860 Keyboards - Rucas - Wholesale and Distribution","twitter:description":"ERGO K860 Height: 233 mm Width: 456 mm Depth: 48 mm Weight: 1160 g","twitter:image":"https:\/\/www.rucashk.com\/wp-content\/uploads\/replace\/503b8e645f128a97ccde2b6290747646.jpeg","schema":{"@context":"https:\/\/schema.org","@graph":[{"@type":"BreadcrumbList","@id":"https:\/\/www.rucashk.com\/pt\/produto\/logitech-ergo-k860-keyboards\/#breadcrumblist","itemListElement":[{"@type":"ListItem","@id":"https:\/\/www.rucashk.com\/pt\/#listItem","position":1,"name":"Home","item":"https:\/\/www.rucashk.com\/pt\/","nextItem":"https:\/\/www.rucashk.com\/pt\/produto\/logitech-ergo-k860-keyboards\/#listItem"},{"@type":"ListItem","@id":"https:\/\/www.rucashk.com\/pt\/produto\/logitech-ergo-k860-keyboards\/#listItem","position":2,"name":"Logitech ERGO K860 Keyboards","previousItem":"https:\/\/www.rucashk.com\/pt\/#listItem"}]},{"@type":"Organization","@id":"https:\/\/www.rucashk.com\/pt\/#organization","name":"Rucas","url":"https:\/\/www.rucashk.com\/pt\/","logo":{"@type":"ImageObject","url":"https:\/\/www.rucashk.com\/wp-content\/uploads\/2023\/12\/Rucas_campany_logo.png","@id":"https:\/\/www.rucashk.com\/pt\/produto\/logitech-ergo-k860-keyboards\/#organizationLogo","width":221,"height":65},"image":{"@id":"https:\/\/www.rucashk.com\/pt\/#organizationLogo"}},{"@type":"Person","@id":"https:\/\/www.rucashk.com\/pt\/author\/admin\/#author","url":"https:\/\/www.rucashk.com\/pt\/author\/admin\/","name":"admin","image":{"@type":"ImageObject","@id":"https:\/\/www.rucashk.com\/pt\/produto\/logitech-ergo-k860-keyboards\/#authorImage","url":"https:\/\/secure.gravatar.com\/avatar\/b7c8925b09a27e72b30232f8ecaadbd5af0f70a38c78096863fe51b64f031c24?s=96&d=mm&r=g","width":96,"height":96,"caption":"admin"}},{"@type":"WebPage","@id":"https:\/\/www.rucashk.com\/pt\/produto\/logitech-ergo-k860-keyboards\/#webpage","url":"https:\/\/www.rucashk.com\/pt\/produto\/logitech-ergo-k860-keyboards\/","name":"Logitech ERGO K860 Keyboards - Rucas - Wholesale and Distribution","description":"ERGO K860 Height: 233 mm Width: 456 mm Depth: 48 mm Weight: 1160 g","inLanguage":"pt-PT","isPartOf":{"@id":"https:\/\/www.rucashk.com\/pt\/#website"},"breadcrumb":{"@id":"https:\/\/www.rucashk.com\/pt\/produto\/logitech-ergo-k860-keyboards\/#breadcrumblist"},"author":{"@id":"https:\/\/www.rucashk.com\/pt\/author\/admin\/#author"},"creator":{"@id":"https:\/\/www.rucashk.com\/pt\/author\/admin\/#author"},"image":{"@type":"ImageObject","url":"https:\/\/www.rucashk.com\/wp-content\/uploads\/2024\/01\/10004-8.webp","@id":"https:\/\/www.rucashk.com\/pt\/produto\/logitech-ergo-k860-keyboards\/#mainImage","width":800,"height":800},"primaryImageOfPage":{"@id":"https:\/\/www.rucashk.com\/pt\/produto\/logitech-ergo-k860-keyboards\/#mainImage"},"datePublished":"2024-01-09T16:40:32+00:00","dateModified":"2025-06-21T09:30:54+00:00"},{"@type":"WebSite","@id":"https:\/\/www.rucashk.com\/pt\/#website","url":"https:\/\/www.rucashk.com\/pt\/","name":"Rucas - Wholesale and distribution worldwide","alternateName":"Rucas - One-stop AIoT Distribution Worldwide","description":"One-stop AIoT Distribution Worldwide","inLanguage":"pt-PT","publisher":{"@id":"https:\/\/www.rucashk.com\/pt\/#organization"}}]}},"aioseo_meta_data":{"post_id":"27369","title":null,"description":null,"keywords":null,"keyphrases":null,"primary_term":null,"canonical_url":null,"og_title":null,"og_description":null,"og_object_type":"default","og_image_type":"default","og_image_url":null,"og_image_width":null,"og_image_height":null,"og_image_custom_url":null,"og_image_custom_fields":null,"og_video":"","og_custom_url":null,"og_article_section":null,"og_article_tags":null,"twitter_use_og":false,"twitter_card":"default","twitter_image_type":"default","twitter_image_url":null,"twitter_image_custom_url":null,"twitter_image_custom_fields":null,"twitter_title":null,"twitter_description":null,"schema":{"blockGraphs":[],"customGraphs":[],"default":{"data":{"Article":[],"Course":[],"Dataset":[],"FAQPage":[],"Movie":[],"Person":[],"Product":[],"Recipe":[],"Service":[],"SoftwareApplication":[],"WebPage":[]},"graphName":"","isEnabled":true},"graphs":[]},"schema_type":"default","schema_type_options":null,"pillar_content":false,"robots_default":true,"robots_noindex":false,"robots_noarchive":false,"robots_nosnippet":false,"robots_nofollow":false,"robots_noimageindex":false,"robots_noodp":false,"robots_notranslate":false,"robots_max_snippet":"-1","robots_max_videopreview":"-1","robots_max_imagepreview":"large","priority":null,"frequency":"default","local_seo":null,"breadcrumb_settings":null,"limit_modified_date":false,"created":"2024-04-11 01:57:22","updated":"2025-06-22 18:35:55"},"aioseo_breadcrumb":"<div class=\"aioseo-breadcrumbs\"><span class=\"aioseo-breadcrumb\">\n\t<a href=\"https:\/\/www.rucashk.com\/pt\" title=\"Home\">Home<\/a>\n<\/span><span class=\"aioseo-breadcrumb-separator\">&raquo;<\/span><span class=\"aioseo-breadcrumb\">\n\t<a href=\"https:\/\/www.rucashk.com\/pt\/products\/\" title=\"Produtos\">Produtos<\/a>\n<\/span><span class=\"aioseo-breadcrumb-separator\">&raquo;<\/span><span class=\"aioseo-breadcrumb\">\n\t<a href=\"https:\/\/www.rucashk.com\/pt\/marca\/logitech\/\" title=\"Logitech\">Logitech<\/a>\n<\/span><span class=\"aioseo-breadcrumb-separator\">&raquo;<\/span><span class=\"aioseo-breadcrumb\">\n\tLogitech ERGO K860 Keyboards\n<\/span><\/div>","aioseo_breadcrumb_json":[{"label":"Home","link":"https:\/\/www.rucashk.com\/pt"},{"label":"Produtos","link":"https:\/\/www.rucashk.com\/pt\/products\/"},{"label":"Logitech","link":"https:\/\/www.rucashk.com\/pt\/marca\/logitech\/"},{"label":"Logitech ERGO K860 Keyboards","link":"https:\/\/www.rucashk.com\/pt\/produto\/logitech-ergo-k860-keyboards\/"}],"_links":{"self":[{"href":"https:\/\/www.rucashk.com\/pt\/wp-json\/wp\/v2\/product\/27369","targetHints":{"allow":["GET"]}}],"collection":[{"href":"https:\/\/www.rucashk.com\/pt\/wp-json\/wp\/v2\/product"}],"about":[{"href":"https:\/\/www.rucashk.com\/pt\/wp-json\/wp\/v2\/types\/product"}],"wp:featuredmedia":[{"embeddable":true,"href":"https:\/\/www.rucashk.com\/pt\/wp-json\/wp\/v2\/media\/27506"}],"wp:attachment":[{"href":"https:\/\/www.rucashk.com\/pt\/wp-json\/wp\/v2\/media?parent=27369"}],"wp:term":[{"taxonomy":"product_brand","embeddable":true,"href":"https:\/\/www.rucashk.com\/pt\/wp-json\/wp\/v2\/product_brand?post=27369"},{"taxonomy":"product_cat","embeddable":true,"href":"https:\/\/www.rucashk.com\/pt\/wp-json\/wp\/v2\/product_cat?post=27369"},{"taxonomy":"product_tag","embeddable":true,"href":"https:\/\/www.rucashk.com\/pt\/wp-json\/wp\/v2\/product_tag?post=27369"}],"curies":[{"name":"wp","href":"https:\/\/api.w.org\/{rel}","templated":true}]}}