{"id":27368,"date":"2024-01-09T16:40:32","date_gmt":"2024-01-09T16:40:32","guid":{"rendered":"http:\/\/rucashk.com\/?post_type=product&#038;p=27368"},"modified":"2025-06-21T09:30:46","modified_gmt":"2025-06-21T09:30:46","slug":"logitech-mx-keys-mini-keyboards","status":"publish","type":"product","link":"https:\/\/www.rucashk.com\/pt\/produto\/logitech-mx-keys-mini-keyboards\/","title":{"rendered":"Mini teclados Logitech MX Keys"},"content":{"rendered":"<h2 class=\"body-copy-title font-title-m font-brown-bold\" style=\"text-align: center\">DOMINE-O. COM UM MINI.<\/h2>\n<p style=\"text-align: center\">Conhe\u00e7a MX Keys Mini \u2013 um teclado minimalista feito para criadores.<br \/>\nUm formato menor e teclas mais inteligentes resultam em uma maneira mais poderosa de criar, fazer e fazer.<\/p>\n<p style=\"text-align: center\">\n<p align=\"start\"><img decoding=\"async\" class=\"aligncenter\" src=\"\/wp-content\/uploads\/replace\/774df2359220af1ae57911cab0c0e726.jpeg\" alt=\"Logitech MX Keys Mini Keyboards\" \/><\/p>\n<div><\/div>\n<h2 class=\"font-title-m js-title\" style=\"text-align: center\">TAMANHO MINI, ENORME CONFORTO<\/h2>\n<div class=\"body-copy-ctn js-body-copy-ctn rte-field\" style=\"text-align: center\">\n<p>Trabalhe em um teclado minimalista que coloca todas as teclas, comandos e atalhos ao seu alcance.<br \/>\nO formato minimalista alinha seus ombros e permite que voc\u00ea coloque o mouse mais pr\u00f3ximo do teclado para alcan\u00e7ar menos as m\u00e3os \u2013 para melhor postura e ergonomia aprimorada.<\/p>\n<\/div>\n<div style=\"text-align: center\"><\/div>\n<p align=\"start\"><img decoding=\"async\" class=\"aligncenter\" src=\"\/wp-content\/uploads\/replace\/057400b33907410fa9c9b9f628f88764.png\" alt=\"Logitech MX Keys Mini Keyboards\" \/><\/p>\n<div><\/div>\n<h2 class=\"font-title-m js-title\" style=\"text-align: center\">DIGITA\u00c7\u00c3O ULTRA-FLUIDA<\/h2>\n<div class=\"body-copy-ctn js-body-copy-ctn rte-field\" style=\"text-align: center\">\n<p>Cada pressionamento de tecla \u00e9 fluido, natural e preciso no MX Keys Mini.<br \/>\nA maior estabilidade das teclas reduz o ru\u00eddo e otimiza a capacidade de resposta para que voc\u00ea sinta \u2013 mas n\u00e3o ou\u00e7a \u2013 cada pressionamento de tecla. E todo o corpo do MX Keys Mini \u00e9 mantido unido por uma \u00fanica placa de metal \u2013 para uma constru\u00e7\u00e3o extremamente s\u00f3lida que nunca desliza pela sua mesa.<\/p>\n<\/div>\n<div style=\"text-align: center\"><\/div>\n<p align=\"start\"><img decoding=\"async\" class=\"aligncenter\" src=\"\/wp-content\/uploads\/replace\/80b3d266d8b4397b4ee0615f187da1cb.png\" alt=\"Logitech MX Keys Mini Keyboards\" \/><\/p>\n<div><\/div>\n<h2 class=\"font-title-m js-title\" style=\"text-align: center\">ILUMINA\u00c7\u00c3O INTELIGENTE. MAIS INTELIGENTE.<\/h2>\n<div class=\"body-copy-ctn js-body-copy-ctn rte-field\" style=\"text-align: center\">\n<p>Sensores de proximidade detectam suas m\u00e3os, iluminando o teclado no momento em que seus dedos se aproximam. As teclas retroiluminadas ajustam-se automaticamente \u00e0s condi\u00e7\u00f5es de ilumina\u00e7\u00e3o e desligam-se quando voc\u00ea se afasta, economizando energia para aqueles momentos de inspira\u00e7\u00e3o.<\/p>\n<p>A intensidade da retroilumina\u00e7\u00e3o adapta-se automaticamente \u00e0s condi\u00e7\u00f5es de ilumina\u00e7\u00e3o ou pode ser definida manualmente.<\/p>\n<p>&nbsp;<\/p>\n<\/div>\n<p align=\"start\"><img decoding=\"async\" class=\"aligncenter\" src=\"\/wp-content\/uploads\/replace\/b67d4c928ebe02f910f9673de9a7b603.jpeg\" alt=\"Logitech MX Keys Mini Keyboards\" \/><\/p>\n<div><\/div>\n<h2 class=\"font-hero-s js-title\" style=\"text-align: center\">CARREGUE R\u00c1PIDO, CONECTE MAIS R\u00c1PIDO<\/h2>\n<div class=\"body-copy-ctn js-body-copy-ctn rte-field\">\n<p style=\"text-align: center\">MX Keys Mini permanece ligado por at\u00e9 10 dias com carga total \u2013 ou at\u00e9 5 meses com a luz de fundo desligada. Use o cabo de carregamento USB-C para recarregar a energia.<\/p>\n<p style=\"text-align: center\">Emparelhe facilmente o MX Keys Mini com at\u00e9 tr\u00eas dispositivos ao mesmo tempo via\u00a0<em>Bluetooth<sup>\u00ae<\/sup><\/em>\u00a0Baixo consumo de energia, n\u00e3o h\u00e1 necessidade de usar portas USB para conectar.<\/p>\n<p>&nbsp;<\/p>\n<\/div>\n<p align=\"start\"><img decoding=\"async\" class=\"aligncenter\" src=\"\/wp-content\/uploads\/replace\/31d307e3d1a8943206a091df0f70136a.png\" alt=\"Logitech MX Keys Mini Keyboards\" \/><\/p>\n<h2><\/h2>\n<h2 class=\"font-title-m js-title\" style=\"text-align: center\">CRIE EM UM FLUXO SEM EMENDA<\/h2>\n<div class=\"body-copy-ctn js-body-copy-ctn rte-field\">\n<p style=\"text-align: center\">MX Keys Mini segue seu MX Anywhere 3 ou MX Master 3 habilitado para tecnologia Flow de um computador para outro, o que significa que voc\u00ea pode digitar em v\u00e1rios dispositivos em um fluxo de trabalho fluido.<\/p>\n<p style=\"text-align: center\">Transfira arquivos, documentos e imagens entre dispositivos e macOS e Windows<sup>\u00ae<\/sup>\u00a0sistemas operacionais com Logi Options+<\/p>\n<p>&nbsp;<\/p>\n<\/div>\n<p align=\"start\"><img decoding=\"async\" class=\"aligncenter\" src=\"\/wp-content\/uploads\/replace\/1c4aae518a0633c3ec78cc6e794aa13b.png\" alt=\"Logitech MX Keys Mini Keyboards\" \/><\/p>\n<h2><\/h2>\n<h2 class=\"body-copy-title font-title-l font-brown-bold\" style=\"text-align: center\">PROJETADO PARA UM FUTURO POSITIVO<\/h2>\n<p style=\"text-align: center\">Nosso objetivo Projetar para a sustentabilidade. Isso significa que, \u00e0 medida que inovamos a nossa nova gera\u00e7\u00e3o de produtos, reduzimos a sua pegada de carbono de todas as formas poss\u00edveis \u2013 desde a sua constru\u00e7\u00e3o geral at\u00e9 ao mais \u00ednfimo componente. Tudo sem comprometer a qualidade e o desempenho.<\/p>\n<p style=\"text-align: center\">\n<p align=\"start\"><img decoding=\"async\" class=\"aligncenter\" src=\"\/wp-content\/uploads\/replace\/9423b1677efc5dfed0a91012b423ed25.png\" alt=\"Logitech MX Keys Mini Keyboards\" \/><\/p>\n<h4 class=\"specs-heading\">Especifica\u00e7\u00f5es<\/h4>\n<div class=\"specs-column\">\n<div class=\"specs-group\">\n<div class=\"specs-block\">\n<h5 class=\"specs-title\">Teclado iluminado sem fio minimalista<\/h5>\n<\/div>\n<div class=\"specs-block\">\n<h5 class=\"specs-title\">Bateria<\/h5>\n<ul class=\"specs-description-list\">\n<li>Bateria Li-Po recarreg\u00e1vel (1500 mAh)<\/li>\n<\/ul>\n<\/div>\n<div class=\"specs-block\">\n<h5 class=\"specs-title\">Aplicativo de personaliza\u00e7\u00e3o<\/h5>\n<ul class=\"specs-description-list\">\n<li>Compat\u00edvel com Logi Options+ no Windows e macOS<\/li>\n<\/ul>\n<\/div>\n<div class=\"specs-block\"><\/div>\n<div class=\"specs-block\">\n<h5 class=\"specs-title\">Sustentabilidade<\/h5>\n<ul class=\"specs-description-list\">\n<li><strong>Pl\u00e1sticos de grafite<\/strong>: 30% material reciclado p\u00f3s-consumo<\/li>\n<li><strong>Pl\u00e1sticos cinza claro e rosa<\/strong>: 12% material reciclado p\u00f3s-consumo<\/li>\n<li><strong>Embalagem de papel<\/strong>: Certificado FSC\u2122<\/li>\n<\/ul>\n<\/div>\n<div class=\"specs-block\">\n<div class=\"specs-description\"><strong>Pegada de carbono do produto<\/strong>: 10,78 kg CO2e<\/div>\n<\/div>\n<div class=\"specs-block\">\n<div class=\"specs-description\">Certificado neutro em carbono<\/div>\n<\/div>\n<\/div>\n<\/div>","protected":false},"excerpt":{"rendered":"<h5 class=\"specs-title\">Miniteclado MX Keys<\/h5>\n<ul class=\"specs-description-list\">\n<li><strong>Altura<\/strong>: 131,95mm<\/li>\n<li><strong>Largura<\/strong>: 295,99 mil\u00edmetros<\/li>\n<li><strong>Profundidade<\/strong>: 20,97 mm<\/li>\n<li><strong>Peso<\/strong>: 506,4g<\/li>\n<\/ul>","protected":false},"featured_media":27500,"template":"","meta":[],"product_brand":[1380],"product_cat":[1332,1322],"product_tag":[],"class_list":{"0":"post-27368","1":"product","2":"type-product","3":"status-publish","4":"has-post-thumbnail","6":"product_brand-logitech","7":"product_cat-logitech-other-a-brands","8":"product_cat-other-a-brands","10":"first","11":"instock","12":"shipping-taxable","13":"product-type-simple"},"aioseo_notices":[],"aioseo_head":"\n\t\t<!-- All in One SEO Pro 4.5.9.2 - aioseo.com -->\n\t\t<meta name=\"description\" content=\"MX Keys Mini Keyboard Height: 131.95 mm Width: 295.99 mm Depth: 20.97 mm Weight: 506.4 g\" \/>\n\t\t<meta name=\"robots\" content=\"max-image-preview:large\" \/>\n\t\t<link rel=\"canonical\" href=\"https:\/\/www.rucashk.com\/pt\/produto\/logitech-mx-keys-mini-keyboards\/\" \/>\n\t\t<meta name=\"generator\" content=\"All in One SEO Pro (AIOSEO) 4.5.9.2\" \/>\n\t\t<meta property=\"og:locale\" content=\"pt_PT\" \/>\n\t\t<meta property=\"og:site_name\" content=\"Rucas - One-stop AIoT Distribution Worldwide\" \/>\n\t\t<meta property=\"og:type\" content=\"article\" \/>\n\t\t<meta property=\"og:title\" content=\"Logitech MX Keys Mini Keyboards - Rucas - Wholesale and Distribution\" \/>\n\t\t<meta property=\"og:description\" content=\"MX Keys Mini Keyboard Height: 131.95 mm Width: 295.99 mm Depth: 20.97 mm Weight: 506.4 g\" \/>\n\t\t<meta property=\"og:url\" content=\"https:\/\/www.rucashk.com\/pt\/produto\/logitech-mx-keys-mini-keyboards\/\" \/>\n\t\t<meta property=\"og:image\" content=\"https:\/\/www.rucashk.com\/wp-content\/uploads\/replace\/503b8e645f128a97ccde2b6290747646.jpeg\" \/>\n\t\t<meta property=\"og:image:secure_url\" content=\"https:\/\/www.rucashk.com\/wp-content\/uploads\/replace\/503b8e645f128a97ccde2b6290747646.jpeg\" \/>\n\t\t<meta property=\"og:image:width\" content=\"1456\" \/>\n\t\t<meta property=\"og:image:height\" content=\"816\" \/>\n\t\t<meta property=\"article:published_time\" content=\"2024-01-09T16:40:32+00:00\" \/>\n\t\t<meta property=\"article:modified_time\" content=\"2025-06-21T09:30:46+00:00\" \/>\n\t\t<meta name=\"twitter:card\" content=\"summary_large_image\" \/>\n\t\t<meta name=\"twitter:title\" content=\"Logitech MX Keys Mini Keyboards - Rucas - Wholesale and Distribution\" \/>\n\t\t<meta name=\"twitter:description\" content=\"MX Keys Mini Keyboard Height: 131.95 mm Width: 295.99 mm Depth: 20.97 mm Weight: 506.4 g\" \/>\n\t\t<meta name=\"twitter:image\" content=\"https:\/\/www.rucashk.com\/wp-content\/uploads\/replace\/503b8e645f128a97ccde2b6290747646.jpeg\" \/>\n\t\t<script type=\"application\/ld+json\" class=\"aioseo-schema\">\n\t\t\t{\"@context\":\"https:\\\/\\\/schema.org\",\"@graph\":[{\"@type\":\"BreadcrumbList\",\"@id\":\"https:\\\/\\\/www.rucashk.com\\\/pt\\\/produto\\\/logitech-mx-keys-mini-keyboards\\\/#breadcrumblist\",\"itemListElement\":[{\"@type\":\"ListItem\",\"@id\":\"https:\\\/\\\/www.rucashk.com\\\/pt\\\/#listItem\",\"position\":1,\"name\":\"Home\",\"item\":\"https:\\\/\\\/www.rucashk.com\\\/pt\\\/\",\"nextItem\":\"https:\\\/\\\/www.rucashk.com\\\/pt\\\/produto\\\/logitech-mx-keys-mini-keyboards\\\/#listItem\"},{\"@type\":\"ListItem\",\"@id\":\"https:\\\/\\\/www.rucashk.com\\\/pt\\\/produto\\\/logitech-mx-keys-mini-keyboards\\\/#listItem\",\"position\":2,\"name\":\"Logitech MX Keys Mini Keyboards\",\"previousItem\":\"https:\\\/\\\/www.rucashk.com\\\/pt\\\/#listItem\"}]},{\"@type\":\"Organization\",\"@id\":\"https:\\\/\\\/www.rucashk.com\\\/pt\\\/#organization\",\"name\":\"Rucas\",\"url\":\"https:\\\/\\\/www.rucashk.com\\\/pt\\\/\",\"logo\":{\"@type\":\"ImageObject\",\"url\":\"https:\\\/\\\/www.rucashk.com\\\/wp-content\\\/uploads\\\/2023\\\/12\\\/Rucas_campany_logo.png\",\"@id\":\"https:\\\/\\\/www.rucashk.com\\\/pt\\\/produto\\\/logitech-mx-keys-mini-keyboards\\\/#organizationLogo\",\"width\":221,\"height\":65},\"image\":{\"@id\":\"https:\\\/\\\/www.rucashk.com\\\/pt\\\/#organizationLogo\"}},{\"@type\":\"Person\",\"@id\":\"https:\\\/\\\/www.rucashk.com\\\/pt\\\/author\\\/admin\\\/#author\",\"url\":\"https:\\\/\\\/www.rucashk.com\\\/pt\\\/author\\\/admin\\\/\",\"name\":\"admin\",\"image\":{\"@type\":\"ImageObject\",\"@id\":\"https:\\\/\\\/www.rucashk.com\\\/pt\\\/produto\\\/logitech-mx-keys-mini-keyboards\\\/#authorImage\",\"url\":\"https:\\\/\\\/secure.gravatar.com\\\/avatar\\\/b7c8925b09a27e72b30232f8ecaadbd5af0f70a38c78096863fe51b64f031c24?s=96&d=mm&r=g\",\"width\":96,\"height\":96,\"caption\":\"admin\"}},{\"@type\":\"WebPage\",\"@id\":\"https:\\\/\\\/www.rucashk.com\\\/pt\\\/produto\\\/logitech-mx-keys-mini-keyboards\\\/#webpage\",\"url\":\"https:\\\/\\\/www.rucashk.com\\\/pt\\\/produto\\\/logitech-mx-keys-mini-keyboards\\\/\",\"name\":\"Logitech MX Keys Mini Keyboards - Rucas - Wholesale and Distribution\",\"description\":\"MX Keys Mini Keyboard Height: 131.95 mm Width: 295.99 mm Depth: 20.97 mm Weight: 506.4 g\",\"inLanguage\":\"pt-PT\",\"isPartOf\":{\"@id\":\"https:\\\/\\\/www.rucashk.com\\\/pt\\\/#website\"},\"breadcrumb\":{\"@id\":\"https:\\\/\\\/www.rucashk.com\\\/pt\\\/produto\\\/logitech-mx-keys-mini-keyboards\\\/#breadcrumblist\"},\"author\":{\"@id\":\"https:\\\/\\\/www.rucashk.com\\\/pt\\\/author\\\/admin\\\/#author\"},\"creator\":{\"@id\":\"https:\\\/\\\/www.rucashk.com\\\/pt\\\/author\\\/admin\\\/#author\"},\"image\":{\"@type\":\"ImageObject\",\"url\":\"https:\\\/\\\/www.rucashk.com\\\/wp-content\\\/uploads\\\/2024\\\/01\\\/10001-17-1.jpg\",\"@id\":\"https:\\\/\\\/www.rucashk.com\\\/pt\\\/produto\\\/logitech-mx-keys-mini-keyboards\\\/#mainImage\",\"width\":800,\"height\":800},\"primaryImageOfPage\":{\"@id\":\"https:\\\/\\\/www.rucashk.com\\\/pt\\\/produto\\\/logitech-mx-keys-mini-keyboards\\\/#mainImage\"},\"datePublished\":\"2024-01-09T16:40:32+00:00\",\"dateModified\":\"2025-06-21T09:30:46+00:00\"},{\"@type\":\"WebSite\",\"@id\":\"https:\\\/\\\/www.rucashk.com\\\/pt\\\/#website\",\"url\":\"https:\\\/\\\/www.rucashk.com\\\/pt\\\/\",\"name\":\"Rucas - Wholesale and distribution worldwide\",\"alternateName\":\"Rucas - One-stop AIoT Distribution Worldwide\",\"description\":\"One-stop AIoT Distribution Worldwide\",\"inLanguage\":\"pt-PT\",\"publisher\":{\"@id\":\"https:\\\/\\\/www.rucashk.com\\\/pt\\\/#organization\"}}]}\n\t\t<\/script>\n\t\t<!-- All in One SEO Pro -->\r\n\t\t<title>Logitech MX Keys Mini Keyboards - Rucas - Wholesale and Distribution<\/title>\n\n","aioseo_head_json":{"title":"Logitech MX Keys Mini Keyboards - Rucas - Wholesale and Distribution","description":"MX Keys Mini Keyboard Height: 131.95 mm Width: 295.99 mm Depth: 20.97 mm Weight: 506.4 g","canonical_url":"https:\/\/www.rucashk.com\/pt\/produto\/logitech-mx-keys-mini-keyboards\/","robots":"max-image-preview:large","keywords":"","webmasterTools":{"miscellaneous":""},"og:locale":"pt_PT","og:site_name":"Rucas - One-stop AIoT Distribution Worldwide","og:type":"article","og:title":"Logitech MX Keys Mini Keyboards - Rucas - Wholesale and Distribution","og:description":"MX Keys Mini Keyboard Height: 131.95 mm Width: 295.99 mm Depth: 20.97 mm Weight: 506.4 g","og:url":"https:\/\/www.rucashk.com\/pt\/produto\/logitech-mx-keys-mini-keyboards\/","og:image":"https:\/\/www.rucashk.com\/wp-content\/uploads\/replace\/503b8e645f128a97ccde2b6290747646.jpeg","og:image:secure_url":"https:\/\/www.rucashk.com\/wp-content\/uploads\/replace\/503b8e645f128a97ccde2b6290747646.jpeg","og:image:width":1456,"og:image:height":816,"article:published_time":"2024-01-09T16:40:32+00:00","article:modified_time":"2025-06-21T09:30:46+00:00","twitter:card":"summary_large_image","twitter:title":"Logitech MX Keys Mini Keyboards - Rucas - Wholesale and Distribution","twitter:description":"MX Keys Mini Keyboard Height: 131.95 mm Width: 295.99 mm Depth: 20.97 mm Weight: 506.4 g","twitter:image":"https:\/\/www.rucashk.com\/wp-content\/uploads\/replace\/503b8e645f128a97ccde2b6290747646.jpeg","schema":{"@context":"https:\/\/schema.org","@graph":[{"@type":"BreadcrumbList","@id":"https:\/\/www.rucashk.com\/pt\/produto\/logitech-mx-keys-mini-keyboards\/#breadcrumblist","itemListElement":[{"@type":"ListItem","@id":"https:\/\/www.rucashk.com\/pt\/#listItem","position":1,"name":"Home","item":"https:\/\/www.rucashk.com\/pt\/","nextItem":"https:\/\/www.rucashk.com\/pt\/produto\/logitech-mx-keys-mini-keyboards\/#listItem"},{"@type":"ListItem","@id":"https:\/\/www.rucashk.com\/pt\/produto\/logitech-mx-keys-mini-keyboards\/#listItem","position":2,"name":"Logitech MX Keys Mini Keyboards","previousItem":"https:\/\/www.rucashk.com\/pt\/#listItem"}]},{"@type":"Organization","@id":"https:\/\/www.rucashk.com\/pt\/#organization","name":"Rucas","url":"https:\/\/www.rucashk.com\/pt\/","logo":{"@type":"ImageObject","url":"https:\/\/www.rucashk.com\/wp-content\/uploads\/2023\/12\/Rucas_campany_logo.png","@id":"https:\/\/www.rucashk.com\/pt\/produto\/logitech-mx-keys-mini-keyboards\/#organizationLogo","width":221,"height":65},"image":{"@id":"https:\/\/www.rucashk.com\/pt\/#organizationLogo"}},{"@type":"Person","@id":"https:\/\/www.rucashk.com\/pt\/author\/admin\/#author","url":"https:\/\/www.rucashk.com\/pt\/author\/admin\/","name":"admin","image":{"@type":"ImageObject","@id":"https:\/\/www.rucashk.com\/pt\/produto\/logitech-mx-keys-mini-keyboards\/#authorImage","url":"https:\/\/secure.gravatar.com\/avatar\/b7c8925b09a27e72b30232f8ecaadbd5af0f70a38c78096863fe51b64f031c24?s=96&d=mm&r=g","width":96,"height":96,"caption":"admin"}},{"@type":"WebPage","@id":"https:\/\/www.rucashk.com\/pt\/produto\/logitech-mx-keys-mini-keyboards\/#webpage","url":"https:\/\/www.rucashk.com\/pt\/produto\/logitech-mx-keys-mini-keyboards\/","name":"Logitech MX Keys Mini Keyboards - Rucas - Wholesale and Distribution","description":"MX Keys Mini Keyboard Height: 131.95 mm Width: 295.99 mm Depth: 20.97 mm Weight: 506.4 g","inLanguage":"pt-PT","isPartOf":{"@id":"https:\/\/www.rucashk.com\/pt\/#website"},"breadcrumb":{"@id":"https:\/\/www.rucashk.com\/pt\/produto\/logitech-mx-keys-mini-keyboards\/#breadcrumblist"},"author":{"@id":"https:\/\/www.rucashk.com\/pt\/author\/admin\/#author"},"creator":{"@id":"https:\/\/www.rucashk.com\/pt\/author\/admin\/#author"},"image":{"@type":"ImageObject","url":"https:\/\/www.rucashk.com\/wp-content\/uploads\/2024\/01\/10001-17-1.jpg","@id":"https:\/\/www.rucashk.com\/pt\/produto\/logitech-mx-keys-mini-keyboards\/#mainImage","width":800,"height":800},"primaryImageOfPage":{"@id":"https:\/\/www.rucashk.com\/pt\/produto\/logitech-mx-keys-mini-keyboards\/#mainImage"},"datePublished":"2024-01-09T16:40:32+00:00","dateModified":"2025-06-21T09:30:46+00:00"},{"@type":"WebSite","@id":"https:\/\/www.rucashk.com\/pt\/#website","url":"https:\/\/www.rucashk.com\/pt\/","name":"Rucas - Wholesale and distribution worldwide","alternateName":"Rucas - One-stop AIoT Distribution Worldwide","description":"One-stop AIoT Distribution Worldwide","inLanguage":"pt-PT","publisher":{"@id":"https:\/\/www.rucashk.com\/pt\/#organization"}}]}},"aioseo_meta_data":{"post_id":"27368","title":null,"description":null,"keywords":null,"keyphrases":null,"primary_term":null,"canonical_url":null,"og_title":null,"og_description":null,"og_object_type":"default","og_image_type":"default","og_image_url":null,"og_image_width":null,"og_image_height":null,"og_image_custom_url":null,"og_image_custom_fields":null,"og_video":"","og_custom_url":null,"og_article_section":null,"og_article_tags":null,"twitter_use_og":false,"twitter_card":"default","twitter_image_type":"default","twitter_image_url":null,"twitter_image_custom_url":null,"twitter_image_custom_fields":null,"twitter_title":null,"twitter_description":null,"schema":{"blockGraphs":[],"customGraphs":[],"default":{"data":{"Article":[],"Course":[],"Dataset":[],"FAQPage":[],"Movie":[],"Person":[],"Product":[],"Recipe":[],"Service":[],"SoftwareApplication":[],"WebPage":[]},"graphName":"","isEnabled":true},"graphs":[]},"schema_type":"default","schema_type_options":null,"pillar_content":false,"robots_default":true,"robots_noindex":false,"robots_noarchive":false,"robots_nosnippet":false,"robots_nofollow":false,"robots_noimageindex":false,"robots_noodp":false,"robots_notranslate":false,"robots_max_snippet":"-1","robots_max_videopreview":"-1","robots_max_imagepreview":"large","priority":null,"frequency":"default","local_seo":null,"breadcrumb_settings":null,"limit_modified_date":false,"created":"2024-04-11 01:57:22","updated":"2025-06-22 18:35:55"},"aioseo_breadcrumb":"<div class=\"aioseo-breadcrumbs\"><span class=\"aioseo-breadcrumb\">\n\t<a href=\"https:\/\/www.rucashk.com\/pt\" title=\"Home\">Home<\/a>\n<\/span><span class=\"aioseo-breadcrumb-separator\">&raquo;<\/span><span class=\"aioseo-breadcrumb\">\n\t<a href=\"https:\/\/www.rucashk.com\/pt\/products\/\" title=\"Produtos\">Produtos<\/a>\n<\/span><span class=\"aioseo-breadcrumb-separator\">&raquo;<\/span><span class=\"aioseo-breadcrumb\">\n\t<a href=\"https:\/\/www.rucashk.com\/pt\/marca\/logitech\/\" title=\"Logitech\">Logitech<\/a>\n<\/span><span class=\"aioseo-breadcrumb-separator\">&raquo;<\/span><span class=\"aioseo-breadcrumb\">\n\tLogitech MX Keys Mini Keyboards\n<\/span><\/div>","aioseo_breadcrumb_json":[{"label":"Home","link":"https:\/\/www.rucashk.com\/pt"},{"label":"Produtos","link":"https:\/\/www.rucashk.com\/pt\/products\/"},{"label":"Logitech","link":"https:\/\/www.rucashk.com\/pt\/marca\/logitech\/"},{"label":"Logitech MX Keys Mini Keyboards","link":"https:\/\/www.rucashk.com\/pt\/produto\/logitech-mx-keys-mini-keyboards\/"}],"_links":{"self":[{"href":"https:\/\/www.rucashk.com\/pt\/wp-json\/wp\/v2\/product\/27368","targetHints":{"allow":["GET"]}}],"collection":[{"href":"https:\/\/www.rucashk.com\/pt\/wp-json\/wp\/v2\/product"}],"about":[{"href":"https:\/\/www.rucashk.com\/pt\/wp-json\/wp\/v2\/types\/product"}],"wp:featuredmedia":[{"embeddable":true,"href":"https:\/\/www.rucashk.com\/pt\/wp-json\/wp\/v2\/media\/27500"}],"wp:attachment":[{"href":"https:\/\/www.rucashk.com\/pt\/wp-json\/wp\/v2\/media?parent=27368"}],"wp:term":[{"taxonomy":"product_brand","embeddable":true,"href":"https:\/\/www.rucashk.com\/pt\/wp-json\/wp\/v2\/product_brand?post=27368"},{"taxonomy":"product_cat","embeddable":true,"href":"https:\/\/www.rucashk.com\/pt\/wp-json\/wp\/v2\/product_cat?post=27368"},{"taxonomy":"product_tag","embeddable":true,"href":"https:\/\/www.rucashk.com\/pt\/wp-json\/wp\/v2\/product_tag?post=27368"}],"curies":[{"name":"wp","href":"https:\/\/api.w.org\/{rel}","templated":true}]}}