{"id":27367,"date":"2024-01-09T16:40:31","date_gmt":"2024-01-09T16:40:31","guid":{"rendered":"http:\/\/rucashk.com\/?post_type=product&#038;p=27367"},"modified":"2025-06-21T09:31:17","modified_gmt":"2025-06-21T09:31:17","slug":"logitech-mx-keys-s-keyboards","status":"publish","type":"product","link":"https:\/\/www.rucashk.com\/pt\/produto\/logitech-mx-keys-s-keyboards\/","title":{"rendered":"Teclados Logitech MX KEYS S"},"content":{"rendered":"<h2 class=\"body-copy-title font-hero-s font-brown-bold\" style=\"text-align: center\">DOMINE SEU FLUXO<\/h2>\n<p style=\"text-align: center\">Experimente um novo n\u00edvel de fluxo com MX Keys S \u2013 um teclado de alto desempenho, projetado para digita\u00e7\u00e3o confort\u00e1vel, r\u00e1pida e fluida, com ilumina\u00e7\u00e3o inteligente e teclas program\u00e1veis.<\/p>\n<p style=\"text-align: center\">Se voc\u00ea deseja economizar espa\u00e7o em sua mesa, mas sem comprometer o desempenho, voc\u00ea pode escolher o minimalista MX Keys Mini.<\/p>\n<p><img fetchpriority=\"high\" decoding=\"async\" class=\"wp-image-35805 aligncenter\" src=\"https:\/\/www.rucashk.com\/wp-content\/uploads\/2023\/10\/7bc48ec1870f39734b407aaa0538d05-300x168.png\" alt=\"Logitech MX KEYS S Keyboards\" width=\"696\" height=\"390\" \/><\/p>\n<p>&nbsp;<\/p>\n<h2 class=\"h3 media-card-title\" style=\"text-align: center\">DIGITA\u00c7\u00c3O PRECISA DE FLUIDO R\u00c1PIDO<\/h2>\n<div class=\"media-card-body body-copy rte-field\" style=\"text-align: center\">\n<p>Digite com confian\u00e7a e velocidade com teclas esf\u00e9ricas moldadas para as pontas dos dedos, minimizando as chances de erros de digita\u00e7\u00e3o, enquanto a maior estabilidade das teclas reduz o ru\u00eddo.<\/p>\n<\/div>\n<p style=\"text-align: center\">\n<p><img decoding=\"async\" class=\"wp-image-35806 aligncenter\" src=\"https:\/\/www.rucashk.com\/wp-content\/uploads\/2023\/10\/19a4c7980b9523a7834e0c79965de63-300x169.png\" alt=\"Logitech MX KEYS S Keyboards\" width=\"691\" height=\"389\" \/><\/p>\n<p>&nbsp;<\/p>\n<h2 class=\"h3 media-card-title\" style=\"text-align: center\">ILUMINA\u00c7\u00c3O INTELIGENTE TORNADA MAIS INTELIGENTE<\/h2>\n<div class=\"media-card-body body-copy rte-field\">\n<p style=\"text-align: center\">As teclas retroiluminadas acendem quando suas m\u00e3os se aproximam do teclado e aumentam ou desaparecem automaticamente para se adequar ao ambiente. Controle a dura\u00e7\u00e3o e o brilho da luz de fundo do MX Keys S no Logi Options+.<\/p>\n<\/div>\n<p>&nbsp;<\/p>\n<p><img decoding=\"async\" class=\"wp-image-35807 aligncenter\" src=\"https:\/\/www.rucashk.com\/wp-content\/uploads\/2023\/10\/42eb0120c156f46893d04ec7238ecd9-300x170.png\" alt=\"Logitech MX KEYS S Keyboards\" width=\"692\" height=\"392\" \/><\/p>\n<p>&nbsp;<\/p>\n<div class=\"pangea-cmp media-card js-pangea-media-card\">\n<h2 class=\"h3 media-card-title\" style=\"text-align: center\">AUTOMATIZE TAREFAS REPETITIVAS<\/h2>\n<div class=\"media-card-body body-copy rte-field\" style=\"text-align: center\">\n<p>A\u00e7\u00f5es inteligentes no aplicativo Logi Options + permitem pular a\u00e7\u00f5es repetitivas automatizando v\u00e1rias tarefas com um \u00fanico toque de tecla.<\/p>\n<\/div>\n<\/div>\n<p style=\"text-align: center\">\n<p><img loading=\"lazy\" decoding=\"async\" class=\"wp-image-35808 aligncenter\" src=\"https:\/\/www.rucashk.com\/wp-content\/uploads\/2023\/10\/e9aeb9c697f9fcce949ac8157db3b0c-300x171.png\" alt=\"Logitech MX KEYS S Keyboards\" width=\"689\" height=\"393\" \/><\/p>\n<p>&nbsp;<\/p>\n<h2 class=\"h3 media-card-title\" style=\"text-align: center\">DESIGN ERGON\u00d4MICO<\/h2>\n<div class=\"media-card-body body-copy rte-field\">\n<p style=\"text-align: center\">O design discreto e o \u00e2ngulo ideal para uma posi\u00e7\u00e3o natural do pulso proporcionam precis\u00e3o sem esfor\u00e7o e mais horas de conforto ao digitar.<\/p>\n<\/div>\n<p>&nbsp;<\/p>\n<p><img loading=\"lazy\" decoding=\"async\" class=\"wp-image-35809 aligncenter\" src=\"https:\/\/www.rucashk.com\/wp-content\/uploads\/2023\/10\/75ea86b97587d2f3880fa2cd756e8ff-300x171.png\" alt=\"Logitech MX KEYS S Keyboards\" width=\"689\" height=\"393\" \/><\/p>\n<p>&nbsp;<\/p>\n<h2 class=\"h3 media-card-title\" style=\"text-align: center\">MULTI-DISPOSITIVO MULTI SO<\/h2>\n<div class=\"media-card-body body-copy rte-field\">\n<p style=\"text-align: center\">Alterne facilmente entre at\u00e9 3 dispositivos com o apertar de um bot\u00e3o. Compat\u00edvel com Windows, macOS, ChromeOS, Linux, iPadOS.<\/p>\n<p>&nbsp;<\/p>\n<\/div>\n<p><img loading=\"lazy\" decoding=\"async\" class=\"wp-image-35810 aligncenter\" src=\"https:\/\/www.rucashk.com\/wp-content\/uploads\/2023\/10\/b132e98b16f96520cbe438e8f2f99c6-300x170.png\" alt=\"Logitech MX KEYS S Keyboards\" width=\"688\" height=\"390\" \/><\/p>\n<p>&nbsp;<\/p>\n<h2 class=\"h3 media-card-title\" style=\"text-align: center\">CARREGAMENTO R\u00c1PIDO USB-C<\/h2>\n<div class=\"media-card-body body-copy rte-field\">\n<p style=\"text-align: center\">Permanece ligado por at\u00e9 10 dias com carga total ou at\u00e9 5 meses (ilumina\u00e7\u00e3o de fundo desligada). Carregue enquanto trabalha com o cabo de carregamento USB-C inclu\u00eddo.<\/p>\n<\/div>\n<p>&nbsp;<\/p>\n<p><img loading=\"lazy\" decoding=\"async\" class=\"wp-image-35811 aligncenter\" src=\"https:\/\/www.rucashk.com\/wp-content\/uploads\/2023\/10\/08db596ba6427526c34bca5656b7ae2-300x170.png\" alt=\"Logitech MX KEYS S Keyboards\" width=\"688\" height=\"390\" \/><\/p>\n<p>&nbsp;<\/p>\n<h4 class=\"specs-heading\">Especifica\u00e7\u00f5es<\/h4>\n<div class=\"specs-column\">\n<div class=\"specs-group\">\n<div class=\"specs-block\">\n<h5 class=\"specs-title\">Chaves MX S<\/h5>\n<ul class=\"specs-description-list\">\n<li>Bateria Li-Po recarreg\u00e1vel (1500 mAh)<\/li>\n<li>A carga completa dura at\u00e9 10 dias com configura\u00e7\u00f5es predefinidas ou at\u00e9 5 meses com a luz de fundo desligada<\/li>\n<li>USB-C recarreg\u00e1vel. A carga completa dura 10 dias \u2013 ou 5 meses com a luz de fundo desligada<\/li>\n<li>Alcance sem fio de 10 metros<\/li>\n<\/ul>\n<\/div>\n<div class=\"specs-block\">\n<h5 class=\"specs-title\">Aplicativo de personaliza\u00e7\u00e3o opcional<\/h5>\n<ul class=\"specs-description-list\">\n<li>Op\u00e7\u00f5es de log +<\/li>\n<\/ul>\n<\/div>\n<div class=\"specs-block\"><\/div>\n<div class=\"specs-block\">\n<h5 class=\"specs-title\">Sustentabilidade<\/h5>\n<ul class=\"specs-description-list\">\n<li><strong>Pl\u00e1sticos de grafite<\/strong>: 26% material reciclado p\u00f3s-consumo<\/li>\n<li><strong>Pl\u00e1sticos cinza claro<\/strong>: 11% material reciclado p\u00f3s-consumo<\/li>\n<li><strong>Caixa de alum\u00ednio<\/strong>: Alum\u00ednio de baixo carbono<\/li>\n<li><strong>Embalagem de papel<\/strong>: Certificado FSC\u2122<\/li>\n<\/ul>\n<\/div>\n<div class=\"specs-block\">\n<div class=\"specs-description\">Certificado neutro em carbono<\/div>\n<\/div>\n<\/div>\n<\/div>","protected":false},"excerpt":{"rendered":"<div class=\"specs-block\">\n<h5 class=\"specs-title\">Teclado MX Keys S<\/h5>\n<ul class=\"specs-description-list\">\n<li><strong>Altura<\/strong>: 131,63 mm<\/li>\n<li><strong>Largura<\/strong>: 430,2 mm<\/li>\n<li><strong>Profundidade<\/strong>: 20,5mm<\/li>\n<li><strong>Peso<\/strong>: 810g<\/li>\n<\/ul>\n<\/div>\n<div class=\"specs-block\">\n<h5 class=\"specs-title\">Receptor USB Logi Bolt<\/h5>\n<ul class=\"specs-description-list\">\n<li><strong>Altura<\/strong>: 6,11 mm<\/li>\n<li><strong>Largura<\/strong>: 14,4mm<\/li>\n<li><strong>Profundidade<\/strong>: 18,65 mm<\/li>\n<li><strong>Peso<\/strong>: 1,68g<\/li>\n<\/ul>\n<\/div>","protected":false},"featured_media":27495,"template":"","meta":[],"product_brand":[1380],"product_cat":[1332,1322],"product_tag":[],"class_list":{"0":"post-27367","1":"product","2":"type-product","3":"status-publish","4":"has-post-thumbnail","6":"product_brand-logitech","7":"product_cat-logitech-other-a-brands","8":"product_cat-other-a-brands","10":"first","11":"instock","12":"shipping-taxable","13":"product-type-simple"},"aioseo_notices":[],"aioseo_head":"\n\t\t<!-- All in One SEO Pro 4.5.9.2 - aioseo.com -->\n\t\t<meta name=\"description\" content=\"MX Keys S Keyboard Height: 131.63 mm Width: 430.2 mm Depth: 20.5 mm Weight: 810 g Logi Bolt USB Receiver Height: 6.11 mm Width: 14.4 mm Depth: 18.65 mm Weight: 1.68 g\" \/>\n\t\t<meta name=\"robots\" content=\"max-image-preview:large\" \/>\n\t\t<link rel=\"canonical\" href=\"https:\/\/www.rucashk.com\/pt\/produto\/logitech-mx-keys-s-keyboards\/\" \/>\n\t\t<meta name=\"generator\" content=\"All in One SEO Pro (AIOSEO) 4.5.9.2\" \/>\n\t\t<meta property=\"og:locale\" content=\"pt_PT\" \/>\n\t\t<meta property=\"og:site_name\" content=\"Rucas - One-stop AIoT Distribution Worldwide\" \/>\n\t\t<meta property=\"og:type\" content=\"article\" \/>\n\t\t<meta property=\"og:title\" content=\"Logitech MX KEYS S Keyboards - Rucas - Wholesale and Distribution\" \/>\n\t\t<meta property=\"og:description\" content=\"MX Keys S Keyboard Height: 131.63 mm Width: 430.2 mm Depth: 20.5 mm Weight: 810 g Logi Bolt USB Receiver Height: 6.11 mm Width: 14.4 mm Depth: 18.65 mm Weight: 1.68 g\" \/>\n\t\t<meta property=\"og:url\" content=\"https:\/\/www.rucashk.com\/pt\/produto\/logitech-mx-keys-s-keyboards\/\" \/>\n\t\t<meta property=\"og:image\" content=\"https:\/\/www.rucashk.com\/wp-content\/uploads\/replace\/503b8e645f128a97ccde2b6290747646.jpeg\" \/>\n\t\t<meta property=\"og:image:secure_url\" content=\"https:\/\/www.rucashk.com\/wp-content\/uploads\/replace\/503b8e645f128a97ccde2b6290747646.jpeg\" \/>\n\t\t<meta property=\"og:image:width\" content=\"1456\" \/>\n\t\t<meta property=\"og:image:height\" content=\"816\" \/>\n\t\t<meta property=\"article:published_time\" content=\"2024-01-09T16:40:31+00:00\" \/>\n\t\t<meta property=\"article:modified_time\" content=\"2025-06-21T09:31:17+00:00\" \/>\n\t\t<meta name=\"twitter:card\" content=\"summary_large_image\" \/>\n\t\t<meta name=\"twitter:title\" content=\"Logitech MX KEYS S Keyboards - Rucas - Wholesale and Distribution\" \/>\n\t\t<meta name=\"twitter:description\" content=\"MX Keys S Keyboard Height: 131.63 mm Width: 430.2 mm Depth: 20.5 mm Weight: 810 g Logi Bolt USB Receiver Height: 6.11 mm Width: 14.4 mm Depth: 18.65 mm Weight: 1.68 g\" \/>\n\t\t<meta name=\"twitter:image\" content=\"https:\/\/www.rucashk.com\/wp-content\/uploads\/replace\/503b8e645f128a97ccde2b6290747646.jpeg\" \/>\n\t\t<script type=\"application\/ld+json\" class=\"aioseo-schema\">\n\t\t\t{\"@context\":\"https:\\\/\\\/schema.org\",\"@graph\":[{\"@type\":\"BreadcrumbList\",\"@id\":\"https:\\\/\\\/www.rucashk.com\\\/pt\\\/produto\\\/logitech-mx-keys-s-keyboards\\\/#breadcrumblist\",\"itemListElement\":[{\"@type\":\"ListItem\",\"@id\":\"https:\\\/\\\/www.rucashk.com\\\/pt\\\/#listItem\",\"position\":1,\"name\":\"Home\",\"item\":\"https:\\\/\\\/www.rucashk.com\\\/pt\\\/\",\"nextItem\":\"https:\\\/\\\/www.rucashk.com\\\/pt\\\/produto\\\/logitech-mx-keys-s-keyboards\\\/#listItem\"},{\"@type\":\"ListItem\",\"@id\":\"https:\\\/\\\/www.rucashk.com\\\/pt\\\/produto\\\/logitech-mx-keys-s-keyboards\\\/#listItem\",\"position\":2,\"name\":\"Logitech MX KEYS S Keyboards\",\"previousItem\":\"https:\\\/\\\/www.rucashk.com\\\/pt\\\/#listItem\"}]},{\"@type\":\"Organization\",\"@id\":\"https:\\\/\\\/www.rucashk.com\\\/pt\\\/#organization\",\"name\":\"Rucas\",\"url\":\"https:\\\/\\\/www.rucashk.com\\\/pt\\\/\",\"logo\":{\"@type\":\"ImageObject\",\"url\":\"https:\\\/\\\/www.rucashk.com\\\/wp-content\\\/uploads\\\/2023\\\/12\\\/Rucas_campany_logo.png\",\"@id\":\"https:\\\/\\\/www.rucashk.com\\\/pt\\\/produto\\\/logitech-mx-keys-s-keyboards\\\/#organizationLogo\",\"width\":221,\"height\":65},\"image\":{\"@id\":\"https:\\\/\\\/www.rucashk.com\\\/pt\\\/#organizationLogo\"}},{\"@type\":\"Person\",\"@id\":\"https:\\\/\\\/www.rucashk.com\\\/pt\\\/author\\\/admin\\\/#author\",\"url\":\"https:\\\/\\\/www.rucashk.com\\\/pt\\\/author\\\/admin\\\/\",\"name\":\"admin\",\"image\":{\"@type\":\"ImageObject\",\"@id\":\"https:\\\/\\\/www.rucashk.com\\\/pt\\\/produto\\\/logitech-mx-keys-s-keyboards\\\/#authorImage\",\"url\":\"https:\\\/\\\/secure.gravatar.com\\\/avatar\\\/b7c8925b09a27e72b30232f8ecaadbd5af0f70a38c78096863fe51b64f031c24?s=96&d=mm&r=g\",\"width\":96,\"height\":96,\"caption\":\"admin\"}},{\"@type\":\"WebPage\",\"@id\":\"https:\\\/\\\/www.rucashk.com\\\/pt\\\/produto\\\/logitech-mx-keys-s-keyboards\\\/#webpage\",\"url\":\"https:\\\/\\\/www.rucashk.com\\\/pt\\\/produto\\\/logitech-mx-keys-s-keyboards\\\/\",\"name\":\"Logitech MX KEYS S Keyboards - Rucas - Wholesale and Distribution\",\"description\":\"MX Keys S Keyboard Height: 131.63 mm Width: 430.2 mm Depth: 20.5 mm Weight: 810 g Logi Bolt USB Receiver Height: 6.11 mm Width: 14.4 mm Depth: 18.65 mm Weight: 1.68 g\",\"inLanguage\":\"pt-PT\",\"isPartOf\":{\"@id\":\"https:\\\/\\\/www.rucashk.com\\\/pt\\\/#website\"},\"breadcrumb\":{\"@id\":\"https:\\\/\\\/www.rucashk.com\\\/pt\\\/produto\\\/logitech-mx-keys-s-keyboards\\\/#breadcrumblist\"},\"author\":{\"@id\":\"https:\\\/\\\/www.rucashk.com\\\/pt\\\/author\\\/admin\\\/#author\"},\"creator\":{\"@id\":\"https:\\\/\\\/www.rucashk.com\\\/pt\\\/author\\\/admin\\\/#author\"},\"image\":{\"@type\":\"ImageObject\",\"url\":\"https:\\\/\\\/www.rucashk.com\\\/wp-content\\\/uploads\\\/2024\\\/01\\\/10001-16-2.jpg\",\"@id\":\"https:\\\/\\\/www.rucashk.com\\\/pt\\\/produto\\\/logitech-mx-keys-s-keyboards\\\/#mainImage\",\"width\":1600,\"height\":1600},\"primaryImageOfPage\":{\"@id\":\"https:\\\/\\\/www.rucashk.com\\\/pt\\\/produto\\\/logitech-mx-keys-s-keyboards\\\/#mainImage\"},\"datePublished\":\"2024-01-09T16:40:31+00:00\",\"dateModified\":\"2025-06-21T09:31:17+00:00\"},{\"@type\":\"WebSite\",\"@id\":\"https:\\\/\\\/www.rucashk.com\\\/pt\\\/#website\",\"url\":\"https:\\\/\\\/www.rucashk.com\\\/pt\\\/\",\"name\":\"Rucas - Wholesale and distribution worldwide\",\"alternateName\":\"Rucas - One-stop AIoT Distribution Worldwide\",\"description\":\"One-stop AIoT Distribution Worldwide\",\"inLanguage\":\"pt-PT\",\"publisher\":{\"@id\":\"https:\\\/\\\/www.rucashk.com\\\/pt\\\/#organization\"}}]}\n\t\t<\/script>\n\t\t<!-- All in One SEO Pro -->\r\n\t\t<title>Logitech MX KEYS S Keyboards - Rucas - Wholesale and Distribution<\/title>\n\n","aioseo_head_json":{"title":"Logitech MX KEYS S Keyboards - Rucas - Wholesale and Distribution","description":"MX Keys S Keyboard Height: 131.63 mm Width: 430.2 mm Depth: 20.5 mm Weight: 810 g Logi Bolt USB Receiver Height: 6.11 mm Width: 14.4 mm Depth: 18.65 mm Weight: 1.68 g","canonical_url":"https:\/\/www.rucashk.com\/pt\/produto\/logitech-mx-keys-s-keyboards\/","robots":"max-image-preview:large","keywords":"","webmasterTools":{"miscellaneous":""},"og:locale":"pt_PT","og:site_name":"Rucas - One-stop AIoT Distribution Worldwide","og:type":"article","og:title":"Logitech MX KEYS S Keyboards - Rucas - Wholesale and Distribution","og:description":"MX Keys S Keyboard Height: 131.63 mm Width: 430.2 mm Depth: 20.5 mm Weight: 810 g Logi Bolt USB Receiver Height: 6.11 mm Width: 14.4 mm Depth: 18.65 mm Weight: 1.68 g","og:url":"https:\/\/www.rucashk.com\/pt\/produto\/logitech-mx-keys-s-keyboards\/","og:image":"https:\/\/www.rucashk.com\/wp-content\/uploads\/replace\/503b8e645f128a97ccde2b6290747646.jpeg","og:image:secure_url":"https:\/\/www.rucashk.com\/wp-content\/uploads\/replace\/503b8e645f128a97ccde2b6290747646.jpeg","og:image:width":1456,"og:image:height":816,"article:published_time":"2024-01-09T16:40:31+00:00","article:modified_time":"2025-06-21T09:31:17+00:00","twitter:card":"summary_large_image","twitter:title":"Logitech MX KEYS S Keyboards - Rucas - Wholesale and Distribution","twitter:description":"MX Keys S Keyboard Height: 131.63 mm Width: 430.2 mm Depth: 20.5 mm Weight: 810 g Logi Bolt USB Receiver Height: 6.11 mm Width: 14.4 mm Depth: 18.65 mm Weight: 1.68 g","twitter:image":"https:\/\/www.rucashk.com\/wp-content\/uploads\/replace\/503b8e645f128a97ccde2b6290747646.jpeg","schema":{"@context":"https:\/\/schema.org","@graph":[{"@type":"BreadcrumbList","@id":"https:\/\/www.rucashk.com\/pt\/produto\/logitech-mx-keys-s-keyboards\/#breadcrumblist","itemListElement":[{"@type":"ListItem","@id":"https:\/\/www.rucashk.com\/pt\/#listItem","position":1,"name":"Home","item":"https:\/\/www.rucashk.com\/pt\/","nextItem":"https:\/\/www.rucashk.com\/pt\/produto\/logitech-mx-keys-s-keyboards\/#listItem"},{"@type":"ListItem","@id":"https:\/\/www.rucashk.com\/pt\/produto\/logitech-mx-keys-s-keyboards\/#listItem","position":2,"name":"Logitech MX KEYS S Keyboards","previousItem":"https:\/\/www.rucashk.com\/pt\/#listItem"}]},{"@type":"Organization","@id":"https:\/\/www.rucashk.com\/pt\/#organization","name":"Rucas","url":"https:\/\/www.rucashk.com\/pt\/","logo":{"@type":"ImageObject","url":"https:\/\/www.rucashk.com\/wp-content\/uploads\/2023\/12\/Rucas_campany_logo.png","@id":"https:\/\/www.rucashk.com\/pt\/produto\/logitech-mx-keys-s-keyboards\/#organizationLogo","width":221,"height":65},"image":{"@id":"https:\/\/www.rucashk.com\/pt\/#organizationLogo"}},{"@type":"Person","@id":"https:\/\/www.rucashk.com\/pt\/author\/admin\/#author","url":"https:\/\/www.rucashk.com\/pt\/author\/admin\/","name":"admin","image":{"@type":"ImageObject","@id":"https:\/\/www.rucashk.com\/pt\/produto\/logitech-mx-keys-s-keyboards\/#authorImage","url":"https:\/\/secure.gravatar.com\/avatar\/b7c8925b09a27e72b30232f8ecaadbd5af0f70a38c78096863fe51b64f031c24?s=96&d=mm&r=g","width":96,"height":96,"caption":"admin"}},{"@type":"WebPage","@id":"https:\/\/www.rucashk.com\/pt\/produto\/logitech-mx-keys-s-keyboards\/#webpage","url":"https:\/\/www.rucashk.com\/pt\/produto\/logitech-mx-keys-s-keyboards\/","name":"Logitech MX KEYS S Keyboards - Rucas - Wholesale and Distribution","description":"MX Keys S Keyboard Height: 131.63 mm Width: 430.2 mm Depth: 20.5 mm Weight: 810 g Logi Bolt USB Receiver Height: 6.11 mm Width: 14.4 mm Depth: 18.65 mm Weight: 1.68 g","inLanguage":"pt-PT","isPartOf":{"@id":"https:\/\/www.rucashk.com\/pt\/#website"},"breadcrumb":{"@id":"https:\/\/www.rucashk.com\/pt\/produto\/logitech-mx-keys-s-keyboards\/#breadcrumblist"},"author":{"@id":"https:\/\/www.rucashk.com\/pt\/author\/admin\/#author"},"creator":{"@id":"https:\/\/www.rucashk.com\/pt\/author\/admin\/#author"},"image":{"@type":"ImageObject","url":"https:\/\/www.rucashk.com\/wp-content\/uploads\/2024\/01\/10001-16-2.jpg","@id":"https:\/\/www.rucashk.com\/pt\/produto\/logitech-mx-keys-s-keyboards\/#mainImage","width":1600,"height":1600},"primaryImageOfPage":{"@id":"https:\/\/www.rucashk.com\/pt\/produto\/logitech-mx-keys-s-keyboards\/#mainImage"},"datePublished":"2024-01-09T16:40:31+00:00","dateModified":"2025-06-21T09:31:17+00:00"},{"@type":"WebSite","@id":"https:\/\/www.rucashk.com\/pt\/#website","url":"https:\/\/www.rucashk.com\/pt\/","name":"Rucas - Wholesale and distribution worldwide","alternateName":"Rucas - One-stop AIoT Distribution Worldwide","description":"One-stop AIoT Distribution Worldwide","inLanguage":"pt-PT","publisher":{"@id":"https:\/\/www.rucashk.com\/pt\/#organization"}}]}},"aioseo_meta_data":{"post_id":"27367","title":null,"description":null,"keywords":null,"keyphrases":null,"primary_term":null,"canonical_url":null,"og_title":null,"og_description":null,"og_object_type":"default","og_image_type":"default","og_image_url":null,"og_image_width":null,"og_image_height":null,"og_image_custom_url":null,"og_image_custom_fields":null,"og_video":"","og_custom_url":null,"og_article_section":null,"og_article_tags":null,"twitter_use_og":false,"twitter_card":"default","twitter_image_type":"default","twitter_image_url":null,"twitter_image_custom_url":null,"twitter_image_custom_fields":null,"twitter_title":null,"twitter_description":null,"schema":{"blockGraphs":[],"customGraphs":[],"default":{"data":{"Article":[],"Course":[],"Dataset":[],"FAQPage":[],"Movie":[],"Person":[],"Product":[],"Recipe":[],"Service":[],"SoftwareApplication":[],"WebPage":[]},"graphName":"","isEnabled":true},"graphs":[]},"schema_type":"default","schema_type_options":null,"pillar_content":false,"robots_default":true,"robots_noindex":false,"robots_noarchive":false,"robots_nosnippet":false,"robots_nofollow":false,"robots_noimageindex":false,"robots_noodp":false,"robots_notranslate":false,"robots_max_snippet":"-1","robots_max_videopreview":"-1","robots_max_imagepreview":"large","priority":null,"frequency":"default","local_seo":null,"breadcrumb_settings":null,"limit_modified_date":false,"created":"2024-04-11 01:57:22","updated":"2025-06-22 18:35:54"},"aioseo_breadcrumb":"<div class=\"aioseo-breadcrumbs\"><span class=\"aioseo-breadcrumb\">\n\t<a href=\"https:\/\/www.rucashk.com\/pt\" title=\"Home\">Home<\/a>\n<\/span><span class=\"aioseo-breadcrumb-separator\">&raquo;<\/span><span class=\"aioseo-breadcrumb\">\n\t<a href=\"https:\/\/www.rucashk.com\/pt\/products\/\" title=\"Produtos\">Produtos<\/a>\n<\/span><span class=\"aioseo-breadcrumb-separator\">&raquo;<\/span><span class=\"aioseo-breadcrumb\">\n\t<a href=\"https:\/\/www.rucashk.com\/pt\/marca\/logitech\/\" title=\"Logitech\">Logitech<\/a>\n<\/span><span class=\"aioseo-breadcrumb-separator\">&raquo;<\/span><span class=\"aioseo-breadcrumb\">\n\tLogitech MX KEYS S Keyboards\n<\/span><\/div>","aioseo_breadcrumb_json":[{"label":"Home","link":"https:\/\/www.rucashk.com\/pt"},{"label":"Produtos","link":"https:\/\/www.rucashk.com\/pt\/products\/"},{"label":"Logitech","link":"https:\/\/www.rucashk.com\/pt\/marca\/logitech\/"},{"label":"Logitech MX KEYS S Keyboards","link":"https:\/\/www.rucashk.com\/pt\/produto\/logitech-mx-keys-s-keyboards\/"}],"_links":{"self":[{"href":"https:\/\/www.rucashk.com\/pt\/wp-json\/wp\/v2\/product\/27367","targetHints":{"allow":["GET"]}}],"collection":[{"href":"https:\/\/www.rucashk.com\/pt\/wp-json\/wp\/v2\/product"}],"about":[{"href":"https:\/\/www.rucashk.com\/pt\/wp-json\/wp\/v2\/types\/product"}],"wp:featuredmedia":[{"embeddable":true,"href":"https:\/\/www.rucashk.com\/pt\/wp-json\/wp\/v2\/media\/27495"}],"wp:attachment":[{"href":"https:\/\/www.rucashk.com\/pt\/wp-json\/wp\/v2\/media?parent=27367"}],"wp:term":[{"taxonomy":"product_brand","embeddable":true,"href":"https:\/\/www.rucashk.com\/pt\/wp-json\/wp\/v2\/product_brand?post=27367"},{"taxonomy":"product_cat","embeddable":true,"href":"https:\/\/www.rucashk.com\/pt\/wp-json\/wp\/v2\/product_cat?post=27367"},{"taxonomy":"product_tag","embeddable":true,"href":"https:\/\/www.rucashk.com\/pt\/wp-json\/wp\/v2\/product_tag?post=27367"}],"curies":[{"name":"wp","href":"https:\/\/api.w.org\/{rel}","templated":true}]}}