{"id":27366,"date":"2024-01-09T16:40:31","date_gmt":"2024-01-09T16:40:31","guid":{"rendered":"http:\/\/rucashk.com\/?post_type=product&#038;p=27366"},"modified":"2024-01-17T09:07:53","modified_gmt":"2024-01-17T09:07:53","slug":"logitech-mx-mechanical-keyboards","status":"publish","type":"product","link":"https:\/\/www.rucashk.com\/pt\/produto\/logitech-mx-mechanical-keyboards\/","title":{"rendered":"Teclados MEC\u00c2NICOS Logitech MX"},"content":{"rendered":"<div>\n<h2 class=\"font-title-s js-title\" style=\"text-align: center\">SUA CONFIGURA\u00c7\u00c3O. SUA ESCOLHA.<\/h2>\n<div class=\"body-copy-ctn js-body-copy-ctn rte-field\" style=\"text-align: center\">\n<p>Escolha entre o MX Mechanical de tamanho normal que possui um teclado num\u00e9rico integrado ou o MX Mechanical Mini minimalista e que economiza espa\u00e7o. Ambos os teclados s\u00e3o fabricados com um case superior de alum\u00ednio para maior estabilidade e estilo.<\/p>\n<p>&nbsp;<\/p>\n<\/div>\n<p style=\"text-align: center\"><img fetchpriority=\"high\" decoding=\"async\" class=\"\" src=\"\/wp-content\/uploads\/replace\/4e95e059d6c8cd2be2ba1dadc7791642.png\" alt=\"Logitech MX MECHANICAL Keyboards\" width=\"520\" height=\"370\" data-spm-anchor-id=\"a2g0o.detail.1000023.i0.4434tRQrtRQrJc\" \/><\/p>\n<div style=\"text-align: center\"><\/div>\n<h2 class=\"h3\" style=\"text-align: center\">MULTI DISPOSITIVO. MULTI SO.<\/h2>\n<p style=\"text-align: center\">Emparelhar facilmente atrav\u00e9s\u00a0<em>Bluetooth<\/em><sup>\u00ae<\/sup> Low Energy ou o receptor USB Logi Bolt inclu\u00eddo com at\u00e9 tr\u00eas dispositivos e alterne entre eles pressionando um bot\u00e3o.<\/p>\n<p style=\"text-align: center\">Ambos os teclados mec\u00e2nicos possuem um layout de teclas duplas otimizado para usu\u00e1rios de Mac e Windows e s\u00e3o compat\u00edveis com todos os principais sistemas operacionais \u2013 sem necessidade de configura\u00e7\u00f5es complicadas ou ajustes<span style=\"color: #1d1d1d\"><span style=\"font-size: 13.3333px\">.\u00a0<\/span><\/span><\/p>\n<p style=\"text-align: center\">\n<\/div>\n<p style=\"text-align: center\"><img decoding=\"async\" src=\"\/wp-content\/uploads\/replace\/d793443d4fe13daefea3b99aacd26b90.jpeg\" alt=\"Logitech MX MECHANICAL Keyboards\" width=\"944px\" height=\"auto\" data-spm-anchor-id=\"a2g0o.detail.1000023.i1.4434tRQrtRQrJc\" \/><\/p>\n<h2 class=\"font-title-m js-title\" style=\"text-align: center\">VOC\u00ca TEM OP\u00c7\u00d5ES<\/h2>\n<div class=\"body-copy-ctn js-body-copy-ctn rte-field\" style=\"text-align: center\">\n<p>Fa\u00e7a mais com seus teclados com Logi Options+. Trabalhe em v\u00e1rios dispositivos e sistemas operacionais, altere as fun\u00e7\u00f5es das teclas Fn, verifique a dura\u00e7\u00e3o da bateria, selecione efeitos de luz de fundo, atribua perfis espec\u00edficos de aplicativos e a\u00e7\u00f5es inteligentes para otimizar quase todos os aspectos do seu fluxo de trabalho.<\/p>\n<p>&nbsp;<\/p>\n<\/div>\n<p style=\"text-align: center\" align=\"left\"><img decoding=\"async\" src=\"\/wp-content\/uploads\/replace\/486d3f02d54f718f4a92a1bdd8f4784e.png\" alt=\"Logitech MX MECHANICAL Keyboards\" \/><\/p>\n<h2 class=\"font-title-m js-title\" style=\"text-align: center\">IN\u00daMERAS PERSONALIZA\u00c7\u00d5ES<\/h2>\n<div class=\"body-copy-ctn js-body-copy-ctn rte-field\" style=\"text-align: center\">\n<p>Logi Options+ permite que voc\u00ea personalize toda a linha F para qualquer fun\u00e7\u00e3o que voc\u00ea precisar.<\/p>\n<p>Alterne facilmente a prioridade da linha F entre fun\u00e7\u00e3o normal da tecla F, fun\u00e7\u00f5es especiais ou personaliza\u00e7\u00f5es espec\u00edficas de aplicativos pessoais.<\/p>\n<p>&nbsp;<\/p>\n<\/div>\n<p style=\"text-align: center\" align=\"left\"><img decoding=\"async\" src=\"\/wp-content\/uploads\/replace\/cdb0e9664b86c4c39458b3ad77aa4ef3.png\" alt=\"Logitech MX MECHANICAL Keyboards\" \/><\/p>\n<h2><\/h2>\n<h2 class=\"font-title-m js-title\" style=\"text-align: center\">TRABALHE PERFEITAMENTE<\/h2>\n<div class=\"body-copy-ctn js-body-copy-ctn rte-field\" style=\"text-align: center\">\n<p>A instala\u00e7\u00e3o do aplicativo Logi Options+ ativa o Logitech Flow quando emparelhado com um mouse MX. Seu teclado MX segue o mouse atrav\u00e9s dos dispositivos, permitindo controlar v\u00e1rios computadores, em v\u00e1rios sistemas operacionais, em um fluxo de trabalho fluido.<\/p>\n<p>&nbsp;<\/p>\n<\/div>\n<p style=\"text-align: center\"><img decoding=\"async\" src=\"\/wp-content\/uploads\/replace\/51e58462aebb02c1bf98922ae80bb1e5.png\" alt=\"Logitech MX MECHANICAL Keyboards\" \/><\/p>\n<p>&nbsp;<\/p>\n<h4 class=\"specs-heading\">Especifica\u00e7\u00f5es<\/h4>\n<div class=\"specs-column\">\n<div class=\"specs-group\">\n<div class=\"specs-block\">\n<h5 class=\"specs-title\">MX Mechanical \u00e9 compat\u00edvel com MX Palm Rest<\/h5>\n<ul class=\"specs-description-list\">\n<li><strong>Troca f\u00e1cil<\/strong>: conecte at\u00e9 3 dispositivos e alterne entre eles<\/li>\n<li><strong>USB-C recarreg\u00e1vel<\/strong>: at\u00e9 15 dias ou at\u00e9 10 meses com a luz de fundo desligada<\/li>\n<li><strong>Bateria<\/strong>: Bateria Li-Po recarreg\u00e1vel (1500 mAh)<\/li>\n<\/ul>\n<\/div>\n<div class=\"specs-block\">\n<h5 class=\"specs-title\">Aplicativo de personaliza\u00e7\u00e3o<\/h5>\n<ul class=\"specs-description-list\">\n<li>Compat\u00edvel com Logi Options+ no Windows e macOS<\/li>\n<\/ul>\n<\/div>\n<div class=\"specs-block\">\n<h5 class=\"specs-title\">Sustentabilidade<\/h5>\n<ul class=\"specs-description-list\">\n<li><strong>Pl\u00e1sticos de grafite mec\u00e2nico MX<\/strong>: 45% material reciclado p\u00f3s-consumo<\/li>\n<li><strong>Pl\u00e1sticos MX Mechanical Mini Grafite<\/strong>: 47% material reciclado p\u00f3s-consumo<\/li>\n<li><strong>Caso famoso<\/strong>: Alum\u00ednio de baixo carbono<\/li>\n<li><strong>Embalagem de papel<\/strong>: FSC\u2122 \u2013 certificado<\/li>\n<\/ul>\n<\/div>\n<div class=\"specs-block\">\n<div class=\"specs-description\">Certificado neutro em carbono<\/div>\n<\/div>\n<\/div>\n<\/div>","protected":false},"excerpt":{"rendered":"<div class=\"specs-block\">\n<h5 class=\"specs-title\">MX MEC\u00c2NICO<\/h5>\n<ul class=\"specs-description-list\">\n<li><strong>Altura<\/strong>: 131,55mm<\/li>\n<li><strong>Largura<\/strong>: 433,85 mm<\/li>\n<li><strong>Profundidade<\/strong>: 26,10 mm, incluindo teclas<\/li>\n<li><strong>Peso<\/strong>: 828g<\/li>\n<\/ul>\n<\/div>\n<div class=\"specs-block\">\n<h5 class=\"specs-title\">MX Mec\u00e2nico Mini<\/h5>\n<ul class=\"specs-description-list\">\n<li><strong>Altura<\/strong>: 131,55mm<\/li>\n<li><strong>Largura<\/strong>: 312,60 mm<\/li>\n<li><strong>Profundidade<\/strong>: 26,10 mm, incluindo teclas<\/li>\n<li><strong>Peso<\/strong>: 612g<\/li>\n<\/ul>\n<\/div>\n<div class=\"specs-block\">\n<h5 class=\"specs-title\">Receptor Logi Bolt (inclu\u00eddo em ambos)<\/h5>\n<ul class=\"specs-description-list\">\n<li><strong>Altura<\/strong>: 6,11 mm<\/li>\n<li><strong>Largura<\/strong>: 14,4mm<\/li>\n<li><strong>Profundidade<\/strong>: 18,65 mm<\/li>\n<li><strong>Peso<\/strong>: 1,68g<\/li>\n<\/ul>\n<\/div>","protected":false},"featured_media":27476,"template":"","meta":[],"product_brand":[],"product_cat":[1332,1322],"product_tag":[],"class_list":{"0":"post-27366","1":"product","2":"type-product","3":"status-publish","4":"has-post-thumbnail","6":"product_cat-logitech-other-a-brands","7":"product_cat-other-a-brands","9":"first","10":"instock","11":"shipping-taxable","12":"product-type-simple"},"aioseo_notices":[],"aioseo_head":"\n\t\t<!-- All in One SEO Pro 4.5.9.2 - aioseo.com -->\n\t\t<meta name=\"description\" content=\"MX MECHANICAL Height: 131.55 mm Width: 433.85 mm Depth: 26.10 mm, including keycaps Weight: 828 g MX Mechanical Mini Height: 131.55 mm Width: 312.60 mm Depth: 26.10 mm, including keycaps Weight: 612 g Logi Bolt Receiver (included in both) Height: 6.11 mm Width: 14.4 mm Depth: 18.65 mm Weight: 1.68 g\" \/>\n\t\t<meta name=\"robots\" content=\"max-image-preview:large\" \/>\n\t\t<link rel=\"canonical\" href=\"https:\/\/www.rucashk.com\/pt\/produto\/logitech-mx-mechanical-keyboards\/\" \/>\n\t\t<meta name=\"generator\" content=\"All in One SEO Pro (AIOSEO) 4.5.9.2\" \/>\n\t\t<meta property=\"og:locale\" content=\"pt_PT\" \/>\n\t\t<meta property=\"og:site_name\" content=\"Rucas - One-stop AIoT Distribution Worldwide\" \/>\n\t\t<meta property=\"og:type\" content=\"article\" \/>\n\t\t<meta property=\"og:title\" content=\"Logitech MX MECHANICAL Keyboards - Rucas - Wholesale and Distribution\" \/>\n\t\t<meta property=\"og:description\" content=\"MX MECHANICAL Height: 131.55 mm Width: 433.85 mm Depth: 26.10 mm, including keycaps Weight: 828 g MX Mechanical Mini Height: 131.55 mm Width: 312.60 mm Depth: 26.10 mm, including keycaps Weight: 612 g Logi Bolt Receiver (included in both) Height: 6.11 mm Width: 14.4 mm Depth: 18.65 mm Weight: 1.68 g\" \/>\n\t\t<meta property=\"og:url\" content=\"https:\/\/www.rucashk.com\/pt\/produto\/logitech-mx-mechanical-keyboards\/\" \/>\n\t\t<meta property=\"og:image\" content=\"https:\/\/www.rucashk.com\/wp-content\/uploads\/replace\/503b8e645f128a97ccde2b6290747646.jpeg\" \/>\n\t\t<meta property=\"og:image:secure_url\" content=\"https:\/\/www.rucashk.com\/wp-content\/uploads\/replace\/503b8e645f128a97ccde2b6290747646.jpeg\" \/>\n\t\t<meta property=\"og:image:width\" content=\"1456\" \/>\n\t\t<meta property=\"og:image:height\" content=\"816\" \/>\n\t\t<meta property=\"article:published_time\" content=\"2024-01-09T16:40:31+00:00\" \/>\n\t\t<meta property=\"article:modified_time\" content=\"2024-01-17T09:07:53+00:00\" \/>\n\t\t<meta name=\"twitter:card\" content=\"summary_large_image\" \/>\n\t\t<meta name=\"twitter:title\" content=\"Logitech MX MECHANICAL Keyboards - Rucas - Wholesale and Distribution\" \/>\n\t\t<meta name=\"twitter:description\" content=\"MX MECHANICAL Height: 131.55 mm Width: 433.85 mm Depth: 26.10 mm, including keycaps Weight: 828 g MX Mechanical Mini Height: 131.55 mm Width: 312.60 mm Depth: 26.10 mm, including keycaps Weight: 612 g Logi Bolt Receiver (included in both) Height: 6.11 mm Width: 14.4 mm Depth: 18.65 mm Weight: 1.68 g\" \/>\n\t\t<meta name=\"twitter:image\" content=\"https:\/\/www.rucashk.com\/wp-content\/uploads\/replace\/503b8e645f128a97ccde2b6290747646.jpeg\" \/>\n\t\t<script type=\"application\/ld+json\" class=\"aioseo-schema\">\n\t\t\t{\"@context\":\"https:\\\/\\\/schema.org\",\"@graph\":[{\"@type\":\"BreadcrumbList\",\"@id\":\"https:\\\/\\\/www.rucashk.com\\\/pt\\\/produto\\\/logitech-mx-mechanical-keyboards\\\/#breadcrumblist\",\"itemListElement\":[{\"@type\":\"ListItem\",\"@id\":\"https:\\\/\\\/www.rucashk.com\\\/pt\\\/#listItem\",\"position\":1,\"name\":\"Home\",\"item\":\"https:\\\/\\\/www.rucashk.com\\\/pt\\\/\",\"nextItem\":\"https:\\\/\\\/www.rucashk.com\\\/pt\\\/produto\\\/logitech-mx-mechanical-keyboards\\\/#listItem\"},{\"@type\":\"ListItem\",\"@id\":\"https:\\\/\\\/www.rucashk.com\\\/pt\\\/produto\\\/logitech-mx-mechanical-keyboards\\\/#listItem\",\"position\":2,\"name\":\"Logitech MX MECHANICAL Keyboards\",\"previousItem\":\"https:\\\/\\\/www.rucashk.com\\\/pt\\\/#listItem\"}]},{\"@type\":\"Organization\",\"@id\":\"https:\\\/\\\/www.rucashk.com\\\/pt\\\/#organization\",\"name\":\"Rucas\",\"url\":\"https:\\\/\\\/www.rucashk.com\\\/pt\\\/\",\"logo\":{\"@type\":\"ImageObject\",\"url\":\"https:\\\/\\\/www.rucashk.com\\\/wp-content\\\/uploads\\\/2023\\\/12\\\/Rucas_campany_logo.png\",\"@id\":\"https:\\\/\\\/www.rucashk.com\\\/pt\\\/produto\\\/logitech-mx-mechanical-keyboards\\\/#organizationLogo\",\"width\":221,\"height\":65},\"image\":{\"@id\":\"https:\\\/\\\/www.rucashk.com\\\/pt\\\/#organizationLogo\"}},{\"@type\":\"Person\",\"@id\":\"https:\\\/\\\/www.rucashk.com\\\/pt\\\/author\\\/admin\\\/#author\",\"url\":\"https:\\\/\\\/www.rucashk.com\\\/pt\\\/author\\\/admin\\\/\",\"name\":\"admin\",\"image\":{\"@type\":\"ImageObject\",\"@id\":\"https:\\\/\\\/www.rucashk.com\\\/pt\\\/produto\\\/logitech-mx-mechanical-keyboards\\\/#authorImage\",\"url\":\"https:\\\/\\\/secure.gravatar.com\\\/avatar\\\/b7c8925b09a27e72b30232f8ecaadbd5af0f70a38c78096863fe51b64f031c24?s=96&d=mm&r=g\",\"width\":96,\"height\":96,\"caption\":\"admin\"}},{\"@type\":\"WebPage\",\"@id\":\"https:\\\/\\\/www.rucashk.com\\\/pt\\\/produto\\\/logitech-mx-mechanical-keyboards\\\/#webpage\",\"url\":\"https:\\\/\\\/www.rucashk.com\\\/pt\\\/produto\\\/logitech-mx-mechanical-keyboards\\\/\",\"name\":\"Logitech MX MECHANICAL Keyboards - Rucas - Wholesale and Distribution\",\"description\":\"MX MECHANICAL Height: 131.55 mm Width: 433.85 mm Depth: 26.10 mm, including keycaps Weight: 828 g MX Mechanical Mini Height: 131.55 mm Width: 312.60 mm Depth: 26.10 mm, including keycaps Weight: 612 g Logi Bolt Receiver (included in both) Height: 6.11 mm Width: 14.4 mm Depth: 18.65 mm Weight: 1.68 g\",\"inLanguage\":\"pt-PT\",\"isPartOf\":{\"@id\":\"https:\\\/\\\/www.rucashk.com\\\/pt\\\/#website\"},\"breadcrumb\":{\"@id\":\"https:\\\/\\\/www.rucashk.com\\\/pt\\\/produto\\\/logitech-mx-mechanical-keyboards\\\/#breadcrumblist\"},\"author\":{\"@id\":\"https:\\\/\\\/www.rucashk.com\\\/pt\\\/author\\\/admin\\\/#author\"},\"creator\":{\"@id\":\"https:\\\/\\\/www.rucashk.com\\\/pt\\\/author\\\/admin\\\/#author\"},\"image\":{\"@type\":\"ImageObject\",\"url\":\"https:\\\/\\\/www.rucashk.com\\\/wp-content\\\/uploads\\\/2024\\\/01\\\/10001-14-2.jpg\",\"@id\":\"https:\\\/\\\/www.rucashk.com\\\/pt\\\/produto\\\/logitech-mx-mechanical-keyboards\\\/#mainImage\",\"width\":800,\"height\":800},\"primaryImageOfPage\":{\"@id\":\"https:\\\/\\\/www.rucashk.com\\\/pt\\\/produto\\\/logitech-mx-mechanical-keyboards\\\/#mainImage\"},\"datePublished\":\"2024-01-09T16:40:31+00:00\",\"dateModified\":\"2024-01-17T09:07:53+00:00\"},{\"@type\":\"WebSite\",\"@id\":\"https:\\\/\\\/www.rucashk.com\\\/pt\\\/#website\",\"url\":\"https:\\\/\\\/www.rucashk.com\\\/pt\\\/\",\"name\":\"Rucas - Wholesale and distribution worldwide\",\"alternateName\":\"Rucas - One-stop AIoT Distribution Worldwide\",\"description\":\"One-stop AIoT Distribution Worldwide\",\"inLanguage\":\"pt-PT\",\"publisher\":{\"@id\":\"https:\\\/\\\/www.rucashk.com\\\/pt\\\/#organization\"}}]}\n\t\t<\/script>\n\t\t<!-- All in One SEO Pro -->\r\n\t\t<title>Logitech MX MECHANICAL Keyboards - Rucas - Wholesale and Distribution<\/title>\n\n","aioseo_head_json":{"title":"Logitech MX MECHANICAL Keyboards - Rucas - Wholesale and Distribution","description":"MX MECHANICAL Height: 131.55 mm Width: 433.85 mm Depth: 26.10 mm, including keycaps Weight: 828 g MX Mechanical Mini Height: 131.55 mm Width: 312.60 mm Depth: 26.10 mm, including keycaps Weight: 612 g Logi Bolt Receiver (included in both) Height: 6.11 mm Width: 14.4 mm Depth: 18.65 mm Weight: 1.68 g","canonical_url":"https:\/\/www.rucashk.com\/pt\/produto\/logitech-mx-mechanical-keyboards\/","robots":"max-image-preview:large","keywords":"","webmasterTools":{"miscellaneous":""},"og:locale":"pt_PT","og:site_name":"Rucas - One-stop AIoT Distribution Worldwide","og:type":"article","og:title":"Logitech MX MECHANICAL Keyboards - Rucas - Wholesale and Distribution","og:description":"MX MECHANICAL Height: 131.55 mm Width: 433.85 mm Depth: 26.10 mm, including keycaps Weight: 828 g MX Mechanical Mini Height: 131.55 mm Width: 312.60 mm Depth: 26.10 mm, including keycaps Weight: 612 g Logi Bolt Receiver (included in both) Height: 6.11 mm Width: 14.4 mm Depth: 18.65 mm Weight: 1.68 g","og:url":"https:\/\/www.rucashk.com\/pt\/produto\/logitech-mx-mechanical-keyboards\/","og:image":"https:\/\/www.rucashk.com\/wp-content\/uploads\/replace\/503b8e645f128a97ccde2b6290747646.jpeg","og:image:secure_url":"https:\/\/www.rucashk.com\/wp-content\/uploads\/replace\/503b8e645f128a97ccde2b6290747646.jpeg","og:image:width":1456,"og:image:height":816,"article:published_time":"2024-01-09T16:40:31+00:00","article:modified_time":"2024-01-17T09:07:53+00:00","twitter:card":"summary_large_image","twitter:title":"Logitech MX MECHANICAL Keyboards - Rucas - Wholesale and Distribution","twitter:description":"MX MECHANICAL Height: 131.55 mm Width: 433.85 mm Depth: 26.10 mm, including keycaps Weight: 828 g MX Mechanical Mini Height: 131.55 mm Width: 312.60 mm Depth: 26.10 mm, including keycaps Weight: 612 g Logi Bolt Receiver (included in both) Height: 6.11 mm Width: 14.4 mm Depth: 18.65 mm Weight: 1.68 g","twitter:image":"https:\/\/www.rucashk.com\/wp-content\/uploads\/replace\/503b8e645f128a97ccde2b6290747646.jpeg","schema":{"@context":"https:\/\/schema.org","@graph":[{"@type":"BreadcrumbList","@id":"https:\/\/www.rucashk.com\/pt\/produto\/logitech-mx-mechanical-keyboards\/#breadcrumblist","itemListElement":[{"@type":"ListItem","@id":"https:\/\/www.rucashk.com\/pt\/#listItem","position":1,"name":"Home","item":"https:\/\/www.rucashk.com\/pt\/","nextItem":"https:\/\/www.rucashk.com\/pt\/produto\/logitech-mx-mechanical-keyboards\/#listItem"},{"@type":"ListItem","@id":"https:\/\/www.rucashk.com\/pt\/produto\/logitech-mx-mechanical-keyboards\/#listItem","position":2,"name":"Logitech MX MECHANICAL Keyboards","previousItem":"https:\/\/www.rucashk.com\/pt\/#listItem"}]},{"@type":"Organization","@id":"https:\/\/www.rucashk.com\/pt\/#organization","name":"Rucas","url":"https:\/\/www.rucashk.com\/pt\/","logo":{"@type":"ImageObject","url":"https:\/\/www.rucashk.com\/wp-content\/uploads\/2023\/12\/Rucas_campany_logo.png","@id":"https:\/\/www.rucashk.com\/pt\/produto\/logitech-mx-mechanical-keyboards\/#organizationLogo","width":221,"height":65},"image":{"@id":"https:\/\/www.rucashk.com\/pt\/#organizationLogo"}},{"@type":"Person","@id":"https:\/\/www.rucashk.com\/pt\/author\/admin\/#author","url":"https:\/\/www.rucashk.com\/pt\/author\/admin\/","name":"admin","image":{"@type":"ImageObject","@id":"https:\/\/www.rucashk.com\/pt\/produto\/logitech-mx-mechanical-keyboards\/#authorImage","url":"https:\/\/secure.gravatar.com\/avatar\/b7c8925b09a27e72b30232f8ecaadbd5af0f70a38c78096863fe51b64f031c24?s=96&d=mm&r=g","width":96,"height":96,"caption":"admin"}},{"@type":"WebPage","@id":"https:\/\/www.rucashk.com\/pt\/produto\/logitech-mx-mechanical-keyboards\/#webpage","url":"https:\/\/www.rucashk.com\/pt\/produto\/logitech-mx-mechanical-keyboards\/","name":"Logitech MX MECHANICAL Keyboards - Rucas - Wholesale and Distribution","description":"MX MECHANICAL Height: 131.55 mm Width: 433.85 mm Depth: 26.10 mm, including keycaps Weight: 828 g MX Mechanical Mini Height: 131.55 mm Width: 312.60 mm Depth: 26.10 mm, including keycaps Weight: 612 g Logi Bolt Receiver (included in both) Height: 6.11 mm Width: 14.4 mm Depth: 18.65 mm Weight: 1.68 g","inLanguage":"pt-PT","isPartOf":{"@id":"https:\/\/www.rucashk.com\/pt\/#website"},"breadcrumb":{"@id":"https:\/\/www.rucashk.com\/pt\/produto\/logitech-mx-mechanical-keyboards\/#breadcrumblist"},"author":{"@id":"https:\/\/www.rucashk.com\/pt\/author\/admin\/#author"},"creator":{"@id":"https:\/\/www.rucashk.com\/pt\/author\/admin\/#author"},"image":{"@type":"ImageObject","url":"https:\/\/www.rucashk.com\/wp-content\/uploads\/2024\/01\/10001-14-2.jpg","@id":"https:\/\/www.rucashk.com\/pt\/produto\/logitech-mx-mechanical-keyboards\/#mainImage","width":800,"height":800},"primaryImageOfPage":{"@id":"https:\/\/www.rucashk.com\/pt\/produto\/logitech-mx-mechanical-keyboards\/#mainImage"},"datePublished":"2024-01-09T16:40:31+00:00","dateModified":"2024-01-17T09:07:53+00:00"},{"@type":"WebSite","@id":"https:\/\/www.rucashk.com\/pt\/#website","url":"https:\/\/www.rucashk.com\/pt\/","name":"Rucas - Wholesale and distribution worldwide","alternateName":"Rucas - One-stop AIoT Distribution Worldwide","description":"One-stop AIoT Distribution Worldwide","inLanguage":"pt-PT","publisher":{"@id":"https:\/\/www.rucashk.com\/pt\/#organization"}}]}},"aioseo_meta_data":{"post_id":"27366","title":null,"description":null,"keywords":null,"keyphrases":null,"primary_term":null,"canonical_url":null,"og_title":null,"og_description":null,"og_object_type":"default","og_image_type":"default","og_image_url":null,"og_image_width":null,"og_image_height":null,"og_image_custom_url":null,"og_image_custom_fields":null,"og_video":null,"og_custom_url":null,"og_article_section":null,"og_article_tags":null,"twitter_use_og":false,"twitter_card":"default","twitter_image_type":"default","twitter_image_url":null,"twitter_image_custom_url":null,"twitter_image_custom_fields":null,"twitter_title":null,"twitter_description":null,"schema":{"blockGraphs":[],"customGraphs":[],"default":{"data":{"Article":[],"Course":[],"Dataset":[],"FAQPage":[],"Movie":[],"Person":[],"Product":[],"Recipe":[],"Service":[],"SoftwareApplication":[],"WebPage":[]},"graphName":"","isEnabled":true},"graphs":[]},"schema_type":"default","schema_type_options":null,"pillar_content":false,"robots_default":true,"robots_noindex":false,"robots_noarchive":false,"robots_nosnippet":false,"robots_nofollow":false,"robots_noimageindex":false,"robots_noodp":false,"robots_notranslate":false,"robots_max_snippet":null,"robots_max_videopreview":null,"robots_max_imagepreview":"large","priority":null,"frequency":null,"local_seo":null,"breadcrumb_settings":null,"limit_modified_date":false,"created":"2024-04-11 01:57:22","updated":"2025-06-22 18:35:54"},"aioseo_breadcrumb":"<div class=\"aioseo-breadcrumbs\"><span class=\"aioseo-breadcrumb\">\n\t<a href=\"https:\/\/www.rucashk.com\/pt\" title=\"Home\">Home<\/a>\n<\/span><span class=\"aioseo-breadcrumb-separator\">&raquo;<\/span><span class=\"aioseo-breadcrumb\">\n\t<a href=\"https:\/\/www.rucashk.com\/pt\/products\/\" title=\"Produtos\">Produtos<\/a>\n<\/span><span class=\"aioseo-breadcrumb-separator\">&raquo;<\/span><span class=\"aioseo-breadcrumb\">\n\t<a href=\"https:\/\/www.rucashk.com\/pt\/categoria-produto\/other-a-brands\/\" title=\"Other A-Brands\">Other A-Brands<\/a>\n<\/span><span class=\"aioseo-breadcrumb-separator\">&raquo;<\/span><span class=\"aioseo-breadcrumb\">\n\t<a href=\"https:\/\/www.rucashk.com\/pt\/categoria-produto\/other-a-brands\/logitech-other-a-brands\/\" title=\"Logitech\">Logitech<\/a>\n<\/span><span class=\"aioseo-breadcrumb-separator\">&raquo;<\/span><span class=\"aioseo-breadcrumb\">\n\tLogitech MX MECHANICAL Keyboards\n<\/span><\/div>","aioseo_breadcrumb_json":[{"label":"Home","link":"https:\/\/www.rucashk.com\/pt"},{"label":"Produtos","link":"https:\/\/www.rucashk.com\/pt\/products\/"},{"label":"Other A-Brands","link":"https:\/\/www.rucashk.com\/pt\/categoria-produto\/other-a-brands\/"},{"label":"Logitech","link":"https:\/\/www.rucashk.com\/pt\/categoria-produto\/other-a-brands\/logitech-other-a-brands\/"},{"label":"Logitech MX MECHANICAL Keyboards","link":"https:\/\/www.rucashk.com\/pt\/produto\/logitech-mx-mechanical-keyboards\/"}],"_links":{"self":[{"href":"https:\/\/www.rucashk.com\/pt\/wp-json\/wp\/v2\/product\/27366","targetHints":{"allow":["GET"]}}],"collection":[{"href":"https:\/\/www.rucashk.com\/pt\/wp-json\/wp\/v2\/product"}],"about":[{"href":"https:\/\/www.rucashk.com\/pt\/wp-json\/wp\/v2\/types\/product"}],"wp:featuredmedia":[{"embeddable":true,"href":"https:\/\/www.rucashk.com\/pt\/wp-json\/wp\/v2\/media\/27476"}],"wp:attachment":[{"href":"https:\/\/www.rucashk.com\/pt\/wp-json\/wp\/v2\/media?parent=27366"}],"wp:term":[{"taxonomy":"product_brand","embeddable":true,"href":"https:\/\/www.rucashk.com\/pt\/wp-json\/wp\/v2\/product_brand?post=27366"},{"taxonomy":"product_cat","embeddable":true,"href":"https:\/\/www.rucashk.com\/pt\/wp-json\/wp\/v2\/product_cat?post=27366"},{"taxonomy":"product_tag","embeddable":true,"href":"https:\/\/www.rucashk.com\/pt\/wp-json\/wp\/v2\/product_tag?post=27366"}],"curies":[{"name":"wp","href":"https:\/\/api.w.org\/{rel}","templated":true}]}}