{"id":27335,"date":"2024-01-09T16:40:09","date_gmt":"2024-01-09T16:40:09","guid":{"rendered":"http:\/\/rucashk.com\/?post_type=product&#038;p=27335"},"modified":"2025-06-21T09:33:07","modified_gmt":"2025-06-21T09:33:07","slug":"logitech-m500s-advanced-corded-mouse-mice","status":"publish","type":"product","link":"https:\/\/www.rucashk.com\/pt\/produto\/logitech-m500s-advanced-corded-mouse-mice\/","title":{"rendered":"Ratos MOUSE COM FIO AVAN\u00c7ADO Logitech M500S"},"content":{"rendered":"<h2 class=\"h3\">ROLAGEM DE PRECIS\u00c3O HIPER-R\u00c1PIDA<\/h2>\n<p>Agora voc\u00ea tem duas maneiras de rolar. Navegue por longos documentos e p\u00e1ginas da web com rolagem hiper-r\u00e1pida. Ou use o modo clique a clique para percorrer com precis\u00e3o planilhas, \u00e1lbuns de fotos ou listas de reprodu\u00e7\u00e3o.<\/p>\n<p><img fetchpriority=\"high\" decoding=\"async\" class=\"alignnone  wp-image-35784\" src=\"https:\/\/www.rucashk.com\/wp-content\/uploads\/2023\/10\/29c1a53e3aa396f23cb6d462cf86615-300x169.png\" alt=\"Logitech M500S ADVANCED CORDED MOUSE Mice\" width=\"685\" height=\"386\" \/><\/p>\n<p>&nbsp;<\/p>\n<h2 class=\"h3\">TAMANHO COMPLETO E CONTORNO PARA CONFORTO<\/h2>\n<p>Obtenha o suporte que voc\u00ea precisa com um design perfeitamente esculpido e em tamanho real. As al\u00e7as laterais de borracha macia e o design contornado proporcionam conforto e controle \u00e0 sua m\u00e3o durante todo o dia, para que voc\u00ea possa trabalhar, brincar e ter o melhor desempenho.<\/p>\n<p><img decoding=\"async\" class=\"alignnone  wp-image-35785\" src=\"https:\/\/www.rucashk.com\/wp-content\/uploads\/2023\/10\/23edfbc0ae1e0fe2b037c2a84341189-300x169.png\" alt=\"Logitech M500S ADVANCED CORDED MOUSE Mice\" width=\"682\" height=\"384\" \/><\/p>\n<p>&nbsp;<\/p>\n<h2 class=\"h3\">7 BOT\u00d5ES AO SEU COMANDO<\/h2>\n<p>Navegue e tenha melhor desempenho com sete bot\u00f5es personaliz\u00e1veis. Configure-os por meio do software Logitech OPTIONS para executar as fun\u00e7\u00f5es espec\u00edficas que voc\u00ea precisa. Use-os para copiar e colar instantaneamente, avan\u00e7ar ou retroceder ou realizar qualquer tarefa que facilite sua vida.<\/p>\n<p><img decoding=\"async\" class=\"alignnone  wp-image-35786\" src=\"https:\/\/www.rucashk.com\/wp-content\/uploads\/2023\/10\/832794b32328f06d0b885b03804de2a-300x169.png\" alt=\"Logitech M500S ADVANCED CORDED MOUSE Mice\" width=\"685\" height=\"386\" \/><\/p>\n<p>&nbsp;<\/p>\n<h2 class=\"h3\">CONTROLE DE CURSOR R\u00c1PIDO E PRECISO<\/h2>\n<p>Agora com 400-4000 DPI ajust\u00e1veis para controle preciso e r\u00e1pido do cursor em praticamente qualquer superf\u00edcie. Encontre a velocidade e a precis\u00e3o perfeitas para o tamanho da tela, a resolu\u00e7\u00e3o e a tarefa em quest\u00e3o por meio do software Logitech OPTIONS.<\/p>\n<p><img loading=\"lazy\" decoding=\"async\" class=\"alignnone  wp-image-35787\" src=\"https:\/\/www.rucashk.com\/wp-content\/uploads\/2023\/10\/bc9e1d99904f45d6ccea0857a1e7d5b-300x169.png\" alt=\"Logitech M500S ADVANCED CORDED MOUSE Mice\" width=\"680\" height=\"383\" \/><\/p>\n<p>&nbsp;<\/p>\n<h2 class=\"h3\">CONFIGURA\u00c7\u00c3O PLUG AND PLAY<\/h2>\n<p>Seu mouse funciona imediatamente. Basta conectar o cabo a uma porta USB e pronto.<\/p>\n<p><img loading=\"lazy\" decoding=\"async\" class=\"alignnone  wp-image-35788\" src=\"https:\/\/www.rucashk.com\/wp-content\/uploads\/2023\/10\/9679c8b10749f1d02b6107cf648d78d-300x169.png\" alt=\"Logitech M500S ADVANCED CORDED MOUSE Mice\" width=\"685\" height=\"386\" \/><\/p>\n<p>&nbsp;<\/p>\n<h4 class=\"specs-heading\">Especifica\u00e7\u00f5es<\/h4>\n<div class=\"specs-column\">\n<div class=\"specs-group\">\n<div class=\"specs-block\">\n<div class=\"specs-description\"><strong>Comprimento do cabo<\/strong>: 180 cent\u00edmetros<\/div>\n<\/div>\n<div class=\"specs-block\">\n<div class=\"specs-description\"><strong>Tecnologia de rastreamento<\/strong>: \u00d3ptica de alta precis\u00e3o<\/div>\n<\/div>\n<div class=\"specs-block\">\n<div class=\"specs-description\"><strong>Resolu\u00e7\u00e3o do sensor<\/strong>: 400-4000 dpi<\/div>\n<\/div>\n<div class=\"specs-block\">\n<div class=\"specs-description\"><strong>N\u00famero de bot\u00f5es<\/strong>: 7<\/div>\n<\/div>\n<div class=\"specs-block\">\n<div class=\"specs-description\"><strong>Rodinha do mouse<\/strong>: Sim (com rolagem hiper-r\u00e1pida)<\/div>\n<\/div>\n<div class=\"specs-block\">\n<div class=\"specs-description\"><strong>Fun\u00e7\u00e3o de rolagem inclinada<\/strong>: Sim<\/div>\n<\/div>\n<div class=\"specs-block\">\n<div class=\"specs-description\">Certificado funciona com Chromebook\u2122<\/div>\n<\/div>\n<\/div>\n<\/div>","protected":false},"excerpt":{"rendered":"<h5 class=\"specs-title\">Dimens\u00f5es do mouse<\/h5>\n<ul class=\"specs-description-list\">\n<li><strong>Altura<\/strong>: 126mm<\/li>\n<li><strong>Largura<\/strong>: 69mm<\/li>\n<li><strong>Profundidade<\/strong>: 42mm<\/li>\n<li><strong>Peso<\/strong>: 144g<\/li>\n<\/ul>","protected":false},"featured_media":27472,"template":"","meta":[],"product_brand":[1380],"product_cat":[1322,1331],"product_tag":[],"class_list":{"0":"post-27335","1":"product","2":"type-product","3":"status-publish","4":"has-post-thumbnail","6":"product_brand-logitech","7":"product_cat-other-a-brands","8":"product_cat-razer-other-a-brands","10":"first","11":"instock","12":"shipping-taxable","13":"product-type-simple"},"aioseo_notices":[],"aioseo_head":"\n\t\t<!-- All in One SEO Pro 4.5.9.2 - aioseo.com -->\n\t\t<meta name=\"description\" content=\"Mouse Dimensions Height: 126 mm Width: 69 mm Depth: 42 mm Weight: 144 g\" \/>\n\t\t<meta name=\"robots\" content=\"max-image-preview:large\" \/>\n\t\t<link rel=\"canonical\" href=\"https:\/\/www.rucashk.com\/pt\/produto\/logitech-m500s-advanced-corded-mouse-mice\/\" \/>\n\t\t<meta name=\"generator\" content=\"All in One SEO Pro (AIOSEO) 4.5.9.2\" \/>\n\t\t<meta property=\"og:locale\" content=\"pt_PT\" \/>\n\t\t<meta property=\"og:site_name\" content=\"Rucas - One-stop AIoT Distribution Worldwide\" \/>\n\t\t<meta property=\"og:type\" content=\"article\" \/>\n\t\t<meta property=\"og:title\" content=\"Logitech M500S ADVANCED CORDED MOUSE Mice - Rucas - Wholesale and Distribution\" \/>\n\t\t<meta property=\"og:description\" content=\"Mouse Dimensions Height: 126 mm Width: 69 mm Depth: 42 mm Weight: 144 g\" \/>\n\t\t<meta property=\"og:url\" content=\"https:\/\/www.rucashk.com\/pt\/produto\/logitech-m500s-advanced-corded-mouse-mice\/\" \/>\n\t\t<meta property=\"og:image\" content=\"https:\/\/www.rucashk.com\/wp-content\/uploads\/replace\/503b8e645f128a97ccde2b6290747646.jpeg\" \/>\n\t\t<meta property=\"og:image:secure_url\" content=\"https:\/\/www.rucashk.com\/wp-content\/uploads\/replace\/503b8e645f128a97ccde2b6290747646.jpeg\" \/>\n\t\t<meta property=\"og:image:width\" content=\"1456\" \/>\n\t\t<meta property=\"og:image:height\" content=\"816\" \/>\n\t\t<meta property=\"article:published_time\" content=\"2024-01-09T16:40:09+00:00\" \/>\n\t\t<meta property=\"article:modified_time\" content=\"2025-06-21T09:33:07+00:00\" \/>\n\t\t<meta name=\"twitter:card\" content=\"summary_large_image\" \/>\n\t\t<meta name=\"twitter:title\" content=\"Logitech M500S ADVANCED CORDED MOUSE Mice - Rucas - Wholesale and Distribution\" \/>\n\t\t<meta name=\"twitter:description\" content=\"Mouse Dimensions Height: 126 mm Width: 69 mm Depth: 42 mm Weight: 144 g\" \/>\n\t\t<meta name=\"twitter:image\" content=\"https:\/\/www.rucashk.com\/wp-content\/uploads\/replace\/503b8e645f128a97ccde2b6290747646.jpeg\" \/>\n\t\t<script type=\"application\/ld+json\" class=\"aioseo-schema\">\n\t\t\t{\"@context\":\"https:\\\/\\\/schema.org\",\"@graph\":[{\"@type\":\"BreadcrumbList\",\"@id\":\"https:\\\/\\\/www.rucashk.com\\\/pt\\\/produto\\\/logitech-m500s-advanced-corded-mouse-mice\\\/#breadcrumblist\",\"itemListElement\":[{\"@type\":\"ListItem\",\"@id\":\"https:\\\/\\\/www.rucashk.com\\\/pt\\\/#listItem\",\"position\":1,\"name\":\"Home\",\"item\":\"https:\\\/\\\/www.rucashk.com\\\/pt\\\/\",\"nextItem\":\"https:\\\/\\\/www.rucashk.com\\\/pt\\\/produto\\\/logitech-m500s-advanced-corded-mouse-mice\\\/#listItem\"},{\"@type\":\"ListItem\",\"@id\":\"https:\\\/\\\/www.rucashk.com\\\/pt\\\/produto\\\/logitech-m500s-advanced-corded-mouse-mice\\\/#listItem\",\"position\":2,\"name\":\"Logitech M500S ADVANCED CORDED MOUSE Mice\",\"previousItem\":\"https:\\\/\\\/www.rucashk.com\\\/pt\\\/#listItem\"}]},{\"@type\":\"Organization\",\"@id\":\"https:\\\/\\\/www.rucashk.com\\\/pt\\\/#organization\",\"name\":\"Rucas\",\"url\":\"https:\\\/\\\/www.rucashk.com\\\/pt\\\/\",\"logo\":{\"@type\":\"ImageObject\",\"url\":\"https:\\\/\\\/www.rucashk.com\\\/wp-content\\\/uploads\\\/2023\\\/12\\\/Rucas_campany_logo.png\",\"@id\":\"https:\\\/\\\/www.rucashk.com\\\/pt\\\/produto\\\/logitech-m500s-advanced-corded-mouse-mice\\\/#organizationLogo\",\"width\":221,\"height\":65},\"image\":{\"@id\":\"https:\\\/\\\/www.rucashk.com\\\/pt\\\/#organizationLogo\"}},{\"@type\":\"Person\",\"@id\":\"https:\\\/\\\/www.rucashk.com\\\/pt\\\/author\\\/admin\\\/#author\",\"url\":\"https:\\\/\\\/www.rucashk.com\\\/pt\\\/author\\\/admin\\\/\",\"name\":\"admin\",\"image\":{\"@type\":\"ImageObject\",\"@id\":\"https:\\\/\\\/www.rucashk.com\\\/pt\\\/produto\\\/logitech-m500s-advanced-corded-mouse-mice\\\/#authorImage\",\"url\":\"https:\\\/\\\/secure.gravatar.com\\\/avatar\\\/b7c8925b09a27e72b30232f8ecaadbd5af0f70a38c78096863fe51b64f031c24?s=96&d=mm&r=g\",\"width\":96,\"height\":96,\"caption\":\"admin\"}},{\"@type\":\"WebPage\",\"@id\":\"https:\\\/\\\/www.rucashk.com\\\/pt\\\/produto\\\/logitech-m500s-advanced-corded-mouse-mice\\\/#webpage\",\"url\":\"https:\\\/\\\/www.rucashk.com\\\/pt\\\/produto\\\/logitech-m500s-advanced-corded-mouse-mice\\\/\",\"name\":\"Logitech M500S ADVANCED CORDED MOUSE Mice - Rucas - Wholesale and Distribution\",\"description\":\"Mouse Dimensions Height: 126 mm Width: 69 mm Depth: 42 mm Weight: 144 g\",\"inLanguage\":\"pt-PT\",\"isPartOf\":{\"@id\":\"https:\\\/\\\/www.rucashk.com\\\/pt\\\/#website\"},\"breadcrumb\":{\"@id\":\"https:\\\/\\\/www.rucashk.com\\\/pt\\\/produto\\\/logitech-m500s-advanced-corded-mouse-mice\\\/#breadcrumblist\"},\"author\":{\"@id\":\"https:\\\/\\\/www.rucashk.com\\\/pt\\\/author\\\/admin\\\/#author\"},\"creator\":{\"@id\":\"https:\\\/\\\/www.rucashk.com\\\/pt\\\/author\\\/admin\\\/#author\"},\"image\":{\"@type\":\"ImageObject\",\"url\":\"https:\\\/\\\/www.rucashk.com\\\/wp-content\\\/uploads\\\/2024\\\/01\\\/031270ccf47c2ce4736371e5da635b6.png\",\"@id\":\"https:\\\/\\\/www.rucashk.com\\\/pt\\\/produto\\\/logitech-m500s-advanced-corded-mouse-mice\\\/#mainImage\",\"width\":774,\"height\":716},\"primaryImageOfPage\":{\"@id\":\"https:\\\/\\\/www.rucashk.com\\\/pt\\\/produto\\\/logitech-m500s-advanced-corded-mouse-mice\\\/#mainImage\"},\"datePublished\":\"2024-01-09T16:40:09+00:00\",\"dateModified\":\"2025-06-21T09:33:07+00:00\"},{\"@type\":\"WebSite\",\"@id\":\"https:\\\/\\\/www.rucashk.com\\\/pt\\\/#website\",\"url\":\"https:\\\/\\\/www.rucashk.com\\\/pt\\\/\",\"name\":\"Rucas - Wholesale and distribution worldwide\",\"alternateName\":\"Rucas - One-stop AIoT Distribution Worldwide\",\"description\":\"One-stop AIoT Distribution Worldwide\",\"inLanguage\":\"pt-PT\",\"publisher\":{\"@id\":\"https:\\\/\\\/www.rucashk.com\\\/pt\\\/#organization\"}}]}\n\t\t<\/script>\n\t\t<!-- All in One SEO Pro -->\r\n\t\t<title>Logitech M500S ADVANCED CORDED MOUSE Mice - Rucas - Wholesale and Distribution<\/title>\n\n","aioseo_head_json":{"title":"Logitech M500S ADVANCED CORDED MOUSE Mice - Rucas - Wholesale and Distribution","description":"Mouse Dimensions Height: 126 mm Width: 69 mm Depth: 42 mm Weight: 144 g","canonical_url":"https:\/\/www.rucashk.com\/pt\/produto\/logitech-m500s-advanced-corded-mouse-mice\/","robots":"max-image-preview:large","keywords":"","webmasterTools":{"miscellaneous":""},"og:locale":"pt_PT","og:site_name":"Rucas - One-stop AIoT Distribution Worldwide","og:type":"article","og:title":"Logitech M500S ADVANCED CORDED MOUSE Mice - Rucas - Wholesale and Distribution","og:description":"Mouse Dimensions Height: 126 mm Width: 69 mm Depth: 42 mm Weight: 144 g","og:url":"https:\/\/www.rucashk.com\/pt\/produto\/logitech-m500s-advanced-corded-mouse-mice\/","og:image":"https:\/\/www.rucashk.com\/wp-content\/uploads\/replace\/503b8e645f128a97ccde2b6290747646.jpeg","og:image:secure_url":"https:\/\/www.rucashk.com\/wp-content\/uploads\/replace\/503b8e645f128a97ccde2b6290747646.jpeg","og:image:width":1456,"og:image:height":816,"article:published_time":"2024-01-09T16:40:09+00:00","article:modified_time":"2025-06-21T09:33:07+00:00","twitter:card":"summary_large_image","twitter:title":"Logitech M500S ADVANCED CORDED MOUSE Mice - Rucas - Wholesale and Distribution","twitter:description":"Mouse Dimensions Height: 126 mm Width: 69 mm Depth: 42 mm Weight: 144 g","twitter:image":"https:\/\/www.rucashk.com\/wp-content\/uploads\/replace\/503b8e645f128a97ccde2b6290747646.jpeg","schema":{"@context":"https:\/\/schema.org","@graph":[{"@type":"BreadcrumbList","@id":"https:\/\/www.rucashk.com\/pt\/produto\/logitech-m500s-advanced-corded-mouse-mice\/#breadcrumblist","itemListElement":[{"@type":"ListItem","@id":"https:\/\/www.rucashk.com\/pt\/#listItem","position":1,"name":"Home","item":"https:\/\/www.rucashk.com\/pt\/","nextItem":"https:\/\/www.rucashk.com\/pt\/produto\/logitech-m500s-advanced-corded-mouse-mice\/#listItem"},{"@type":"ListItem","@id":"https:\/\/www.rucashk.com\/pt\/produto\/logitech-m500s-advanced-corded-mouse-mice\/#listItem","position":2,"name":"Logitech M500S ADVANCED CORDED MOUSE Mice","previousItem":"https:\/\/www.rucashk.com\/pt\/#listItem"}]},{"@type":"Organization","@id":"https:\/\/www.rucashk.com\/pt\/#organization","name":"Rucas","url":"https:\/\/www.rucashk.com\/pt\/","logo":{"@type":"ImageObject","url":"https:\/\/www.rucashk.com\/wp-content\/uploads\/2023\/12\/Rucas_campany_logo.png","@id":"https:\/\/www.rucashk.com\/pt\/produto\/logitech-m500s-advanced-corded-mouse-mice\/#organizationLogo","width":221,"height":65},"image":{"@id":"https:\/\/www.rucashk.com\/pt\/#organizationLogo"}},{"@type":"Person","@id":"https:\/\/www.rucashk.com\/pt\/author\/admin\/#author","url":"https:\/\/www.rucashk.com\/pt\/author\/admin\/","name":"admin","image":{"@type":"ImageObject","@id":"https:\/\/www.rucashk.com\/pt\/produto\/logitech-m500s-advanced-corded-mouse-mice\/#authorImage","url":"https:\/\/secure.gravatar.com\/avatar\/b7c8925b09a27e72b30232f8ecaadbd5af0f70a38c78096863fe51b64f031c24?s=96&d=mm&r=g","width":96,"height":96,"caption":"admin"}},{"@type":"WebPage","@id":"https:\/\/www.rucashk.com\/pt\/produto\/logitech-m500s-advanced-corded-mouse-mice\/#webpage","url":"https:\/\/www.rucashk.com\/pt\/produto\/logitech-m500s-advanced-corded-mouse-mice\/","name":"Logitech M500S ADVANCED CORDED MOUSE Mice - Rucas - Wholesale and Distribution","description":"Mouse Dimensions Height: 126 mm Width: 69 mm Depth: 42 mm Weight: 144 g","inLanguage":"pt-PT","isPartOf":{"@id":"https:\/\/www.rucashk.com\/pt\/#website"},"breadcrumb":{"@id":"https:\/\/www.rucashk.com\/pt\/produto\/logitech-m500s-advanced-corded-mouse-mice\/#breadcrumblist"},"author":{"@id":"https:\/\/www.rucashk.com\/pt\/author\/admin\/#author"},"creator":{"@id":"https:\/\/www.rucashk.com\/pt\/author\/admin\/#author"},"image":{"@type":"ImageObject","url":"https:\/\/www.rucashk.com\/wp-content\/uploads\/2024\/01\/031270ccf47c2ce4736371e5da635b6.png","@id":"https:\/\/www.rucashk.com\/pt\/produto\/logitech-m500s-advanced-corded-mouse-mice\/#mainImage","width":774,"height":716},"primaryImageOfPage":{"@id":"https:\/\/www.rucashk.com\/pt\/produto\/logitech-m500s-advanced-corded-mouse-mice\/#mainImage"},"datePublished":"2024-01-09T16:40:09+00:00","dateModified":"2025-06-21T09:33:07+00:00"},{"@type":"WebSite","@id":"https:\/\/www.rucashk.com\/pt\/#website","url":"https:\/\/www.rucashk.com\/pt\/","name":"Rucas - Wholesale and distribution worldwide","alternateName":"Rucas - One-stop AIoT Distribution Worldwide","description":"One-stop AIoT Distribution Worldwide","inLanguage":"pt-PT","publisher":{"@id":"https:\/\/www.rucashk.com\/pt\/#organization"}}]}},"aioseo_meta_data":{"post_id":"27335","title":null,"description":null,"keywords":null,"keyphrases":null,"primary_term":null,"canonical_url":null,"og_title":null,"og_description":null,"og_object_type":"default","og_image_type":"default","og_image_url":null,"og_image_width":null,"og_image_height":null,"og_image_custom_url":null,"og_image_custom_fields":null,"og_video":"","og_custom_url":null,"og_article_section":null,"og_article_tags":null,"twitter_use_og":false,"twitter_card":"default","twitter_image_type":"default","twitter_image_url":null,"twitter_image_custom_url":null,"twitter_image_custom_fields":null,"twitter_title":null,"twitter_description":null,"schema":{"blockGraphs":[],"customGraphs":[],"default":{"data":{"Article":[],"Course":[],"Dataset":[],"FAQPage":[],"Movie":[],"Person":[],"Product":[],"Recipe":[],"Service":[],"SoftwareApplication":[],"WebPage":[]},"graphName":"","isEnabled":true},"graphs":[]},"schema_type":"default","schema_type_options":null,"pillar_content":false,"robots_default":true,"robots_noindex":false,"robots_noarchive":false,"robots_nosnippet":false,"robots_nofollow":false,"robots_noimageindex":false,"robots_noodp":false,"robots_notranslate":false,"robots_max_snippet":"-1","robots_max_videopreview":"-1","robots_max_imagepreview":"large","priority":null,"frequency":"default","local_seo":null,"breadcrumb_settings":null,"limit_modified_date":false,"created":"2024-04-11 01:57:22","updated":"2025-06-22 18:35:54"},"aioseo_breadcrumb":"<div class=\"aioseo-breadcrumbs\"><span class=\"aioseo-breadcrumb\">\n\t<a href=\"https:\/\/www.rucashk.com\/pt\" title=\"Home\">Home<\/a>\n<\/span><span class=\"aioseo-breadcrumb-separator\">&raquo;<\/span><span class=\"aioseo-breadcrumb\">\n\t<a href=\"https:\/\/www.rucashk.com\/pt\/products\/\" title=\"Produtos\">Produtos<\/a>\n<\/span><span class=\"aioseo-breadcrumb-separator\">&raquo;<\/span><span class=\"aioseo-breadcrumb\">\n\t<a href=\"https:\/\/www.rucashk.com\/pt\/marca\/logitech\/\" title=\"Logitech\">Logitech<\/a>\n<\/span><span class=\"aioseo-breadcrumb-separator\">&raquo;<\/span><span class=\"aioseo-breadcrumb\">\n\tLogitech M500S ADVANCED CORDED MOUSE Mice\n<\/span><\/div>","aioseo_breadcrumb_json":[{"label":"Home","link":"https:\/\/www.rucashk.com\/pt"},{"label":"Produtos","link":"https:\/\/www.rucashk.com\/pt\/products\/"},{"label":"Logitech","link":"https:\/\/www.rucashk.com\/pt\/marca\/logitech\/"},{"label":"Logitech M500S ADVANCED CORDED MOUSE Mice","link":"https:\/\/www.rucashk.com\/pt\/produto\/logitech-m500s-advanced-corded-mouse-mice\/"}],"_links":{"self":[{"href":"https:\/\/www.rucashk.com\/pt\/wp-json\/wp\/v2\/product\/27335","targetHints":{"allow":["GET"]}}],"collection":[{"href":"https:\/\/www.rucashk.com\/pt\/wp-json\/wp\/v2\/product"}],"about":[{"href":"https:\/\/www.rucashk.com\/pt\/wp-json\/wp\/v2\/types\/product"}],"wp:featuredmedia":[{"embeddable":true,"href":"https:\/\/www.rucashk.com\/pt\/wp-json\/wp\/v2\/media\/27472"}],"wp:attachment":[{"href":"https:\/\/www.rucashk.com\/pt\/wp-json\/wp\/v2\/media?parent=27335"}],"wp:term":[{"taxonomy":"product_brand","embeddable":true,"href":"https:\/\/www.rucashk.com\/pt\/wp-json\/wp\/v2\/product_brand?post=27335"},{"taxonomy":"product_cat","embeddable":true,"href":"https:\/\/www.rucashk.com\/pt\/wp-json\/wp\/v2\/product_cat?post=27335"},{"taxonomy":"product_tag","embeddable":true,"href":"https:\/\/www.rucashk.com\/pt\/wp-json\/wp\/v2\/product_tag?post=27335"}],"curies":[{"name":"wp","href":"https:\/\/api.w.org\/{rel}","templated":true}]}}