{"id":27251,"date":"2024-01-09T16:39:21","date_gmt":"2024-01-09T16:39:21","guid":{"rendered":"http:\/\/rucashk.com\/?post_type=product&#038;p=27251"},"modified":"2025-06-21T09:38:08","modified_gmt":"2025-06-21T09:38:08","slug":"huawei-band-8-smart-band","status":"publish","type":"product","link":"https:\/\/www.rucashk.com\/pt\/produto\/huawei-band-8-smart-band\/","title":{"rendered":"Banda inteligente HUAWEI Band 8"},"content":{"rendered":"<div style=\"text-align: center\" align=\"left\"><strong>Banda 8<\/strong><\/div>\n<div style=\"text-align: center\" align=\"left\">Tela elegante e sem moldura | Sa\u00fade e boa forma para todos os fins | Carregamento r\u00e1pido atualizado, bateria robusta | Compat\u00edvel com<\/div>\n<div style=\"text-align: center\" align=\"left\">Android e iOS<\/div>\n<p style=\"text-align: center\" align=\"left\"><img decoding=\"async\" alt=\"HUAWEI Band 8 Smart Band\" src=\"\/wp-content\/uploads\/replace\/b941430080fafa9f4a565cdfdca870c5.jpeg\" \/><\/p>\n<p style=\"text-align: center\" align=\"left\"><strong>100 modos de treino, impostos especiais de consumo como desejar<\/strong><\/p>\n<p style=\"text-align: center\" align=\"left\">Suporta 100 modos de treino, incluindo corrida, ciclismo, nata\u00e7\u00e3o e pular corda<br \/>\nDetec\u00e7\u00e3o autom\u00e1tica de 2 treinos (corrida\/caminhada)<br \/>\nIdentifica\u00e7\u00e3o autom\u00e1tica de pausa e in\u00edcio (corrida\/ciclismo ao ar livre)<img decoding=\"async\" alt=\"HUAWEI Band 8 Smart Band\" src=\"\/wp-content\/uploads\/replace\/1ae28cd719c5fe94bc199457058b4c6e.jpeg\" \/><\/p>\n<p style=\"text-align: center\" align=\"left\"><strong>Carregamento r\u00e1pido, bateria robusta<\/strong><br \/>\nA banda 8 carrega at\u00e9 a capacidade m\u00e1xima em apenas 45 minutos, o que \u00e9 30% mais r\u00e1pido. Pode durar dois dias inteiros2 com uma carga r\u00e1pida de cinco minutos. Depois de totalmente carregada, a banda pode ser usada por at\u00e9 14 dias ou 9 dias em cen\u00e1rios de uso t\u00edpicos.<\/p>\n<p style=\"text-align: center\"><img decoding=\"async\" alt=\"HUAWEI Band 8 Smart Band\" src=\"\/wp-content\/uploads\/replace\/69d70dde8079c38d22b9112cc51b8852.jpeg\" \/><img decoding=\"async\" alt=\"HUAWEI Band 8 Smart Band\" src=\"\/wp-content\/uploads\/replace\/44ead1ed4f655d5134c2d5c99a4aeb67.jpeg\" \/><img decoding=\"async\" alt=\"HUAWEI Band 8 Smart Band\" src=\"\/wp-content\/uploads\/replace\/693bc6ea8ec1b5f16568cdf5ce7f4173.jpeg\" \/><img decoding=\"async\" alt=\"HUAWEI Band 8 Smart Band\" src=\"\/wp-content\/uploads\/replace\/282abfc9d10b8a5d90f51ae61c416743.jpeg\" \/><img decoding=\"async\" alt=\"HUAWEI Band 8 Smart Band\" src=\"\/wp-content\/uploads\/replace\/2e66d9e96b5b76edddd79733dec4edb9.jpeg\" \/><img decoding=\"async\" alt=\"HUAWEI Band 8 Smart Band\" src=\"\/wp-content\/uploads\/replace\/502cc909be235a47dc03c006313a4b0b.jpeg\" \/><img decoding=\"async\" alt=\"HUAWEI Band 8 Smart Band\" src=\"\/wp-content\/uploads\/replace\/ddfacbbd16c59f56ab5eae3391799c4a.jpeg\" \/><img decoding=\"async\" alt=\"HUAWEI Band 8 Smart Band\" src=\"\/wp-content\/uploads\/replace\/1596beb5982c202871a74455eb31279f.jpeg\" \/><img decoding=\"async\" alt=\"HUAWEI Band 8 Smart Band\" src=\"\/wp-content\/uploads\/replace\/609d6791ed46597b80ea8a73b9a35d9b.jpeg\" \/><img decoding=\"async\" alt=\"HUAWEI Band 8 Smart Band\" src=\"\/wp-content\/uploads\/replace\/4c5a141a592b48d6a71e87e4afa7b3d8.jpeg\" \/><img decoding=\"async\" alt=\"HUAWEI Band 8 Smart Band\" src=\"\/wp-content\/uploads\/replace\/0de40edb41fdacad98eba3731a30a784.jpeg\" \/><img decoding=\"async\" alt=\"HUAWEI Band 8 Smart Band\" src=\"\/wp-content\/uploads\/replace\/a14d35fb554f40a76bf033a7ee365925.jpeg\" \/><\/p>\n<p style=\"text-align: center\"><strong>Recursos de sa\u00fade feminina<\/strong><\/p>\n<p>Esta faixa pode ajud\u00e1-la a acompanhar seu ciclo menstrual e antecipar sua pr\u00f3xima menstrua\u00e7\u00e3o com anteced\u00eancia, para garantir que voc\u00ea esteja sempre preparada<img decoding=\"async\" alt=\"HUAWEI Band 8 Smart Band\" class=\"aligncenter\" src=\"\/wp-content\/uploads\/replace\/d109a3ead3562f74804ac62c9a6acfa6.jpeg\" \/><img decoding=\"async\" alt=\"HUAWEI Band 8 Smart Band\" class=\"aligncenter\" src=\"\/wp-content\/uploads\/replace\/c50d3b704cf75814c0cb51e2f4ae2c57.jpeg\" \/><img decoding=\"async\" alt=\"HUAWEI Band 8 Smart Band\" class=\"aligncenter\" src=\"\/wp-content\/uploads\/replace\/1edb89e09480cfee31c7293ca8cbf24e.jpeg\" \/><img decoding=\"async\" alt=\"HUAWEI Band 8 Smart Band\" class=\"aligncenter\" src=\"\/wp-content\/uploads\/replace\/82dd20f84efc450a36d1ab5f7a8200d0.jpeg\" \/><img decoding=\"async\" alt=\"HUAWEI Band 8 Smart Band\" class=\"aligncenter\" src=\"\/wp-content\/uploads\/replace\/d92128cfe1f343ca033963bf8b6b4ccd.jpeg\" \/><img decoding=\"async\" alt=\"HUAWEI Band 8 Smart Band\" class=\"aligncenter\" src=\"\/wp-content\/uploads\/replace\/c76aef2fb8a7540dcd4c94b81f95004d.jpeg\" \/><\/p>\n<p data-spm-anchor-id=\"a2g0o.detail.1000023.i0.6804biPdbiPdrz\">\u2022 Tamanho: 43,42 x 24,56 x 8,99 mm<\/p>\n<p>\u2022 Peso: 14g<\/p>\n<p>\u2022 Tela: tela sens\u00edvel ao toque AMOLED de 1,47\u201d, lente de vidro 2,5D 194*368,PPI 282<\/p>\n<p>\u2022 Correia: TPU (preto), silicone (rosa e verde), nylon<\/p>\n<p>\u2022 Conex\u00e3o: Bluetooth BLE 5.0<\/p>\n<p>\u2022 Sensor: Sensor A + G de 6 eixos, PPG<\/p>\n<p>\u2022 Bateria: dura\u00e7\u00e3o da bateria de 2 semanas, carga de 5 minutos para uso em dois dias<\/p>\n<p>\u2022 Resist\u00eancia \u00e0 \u00e1gua: 5ATM<\/p>\n<p>Mais fino que mais fino, experi\u00eancia de uso insens\u00edvel<\/p>\n<p>\u2022 Novo estilo ID, em compara\u00e7\u00e3o com a gera\u00e7\u00e3o anterior, com uma nova borda vertical pequena e moderna<\/p>\n<p>design, estilo personalidade mais concisa<\/p>\n<p>\u2022Tela AMOLED de 1,47\u201d sem moldura, otimizando as bordas pretas estreitas na parte superior e inferior<\/p>\n<p>da tela, proporcionando melhor experi\u00eancia visual<\/p>\n<p>\u2022 8,99 mm de espessura, 2 g menos peso que a gera\u00e7\u00e3o anterior<\/p>\n<p>Trusleep3.0 proporciona um sono profundo<\/p>\n<p>\u2022 Atualize para a tecnologia TruSleep3.0: suporta monitoramento de micromovimentos, como dormir \u00e0s<\/p>\n<p>a aeronave. E a precis\u00e3o \u00e9 10% maior que a da gera\u00e7\u00e3o anterior.<\/p>\n<p>\u2022 Os dados do sono v\u00e3o para a Band e as informa\u00e7\u00f5es do sono ficam vis\u00edveis quando voc\u00ea levanta o pulso.<\/p>\n<p>\u2022 Fornecer um programa inteligente de melhoria do sono para uma boa noite de sono<\/p>\n<p>Mostrador de rel\u00f3gio variado, usa como voc\u00ea gosta<\/p>\n<p>\u2022 Mais de 6.000 mostradores de rel\u00f3gio; AOD padr\u00e3o para cada mostrador de rel\u00f3gio<\/p>\n<p>\u2022 Use o mostrador com o cora\u00e7\u00e3o (IOS n\u00e3o compat\u00edvel)<\/p>\n<p>\u2022 Componente de fun\u00e7\u00e3o de suporte para mostrador de rel\u00f3gio de \u00e1lbum<\/p>\n<p>\u2022 Mostrador multifuncional<\/p>","protected":false},"excerpt":{"rendered":"<p><span data-spm-anchor-id=\"a2g0o.detail.1000023.i0.1fffiHCFiHCFGA\">Tamanho: 43,42*24,56*<\/span><strong>8,99 mm<\/strong><\/p>\n<p>\u2022 Peso: 14g<\/p>\n<p>\u2022 Screen\uff1a1.47\u201d AMOLED touch screen \uff0c2.5D Glass lens 194*368\uff0cPPI 282<\/p>\n<p>\u2022 Strap\uff1aTPU(Black)\uff0csilicone(pink and green)\uff0cNylon<\/p>\n<p>\u2022 connection\uff1aBluetooth BLE 5.0<\/p>\n<p>\u2022 Sensor: Sensor A + G de 6 eixos, PPG<\/p>\n<p>\u2022 Bateria: dura\u00e7\u00e3o da bateria de 2 semanas, carga de 5 minutos para uso em dois dias<\/p>\n<p>\u2022 Resist\u00eancia \u00e0 \u00e1gua: 5ATM<\/p>","protected":false},"featured_media":27393,"template":"","meta":[],"product_brand":[1387],"product_cat":[1345,1322],"product_tag":[],"class_list":{"0":"post-27251","1":"product","2":"type-product","3":"status-publish","4":"has-post-thumbnail","6":"product_brand-huawei","7":"product_cat-huawei-other-a-brands","8":"product_cat-other-a-brands","10":"first","11":"instock","12":"shipping-taxable","13":"product-type-simple"},"aioseo_notices":[],"aioseo_head":"\n\t\t<!-- All in One SEO Pro 4.5.9.2 - aioseo.com -->\n\t\t<meta name=\"description\" content=\"Size\uff1a43.42*24.56*8.99mm \u2022 Weight \uff1a14 g \u2022 Screen\uff1a1.47\u201d AMOLED touch screen \uff0c2.5D Glass lens 194*368\uff0cPPI 282 \u2022 Strap\uff1aTPU(Black)\uff0csilicone(pink and green)\uff0cNylon \u2022 connection\uff1aBluetooth BLE 5.0 \u2022 Sensor : 6-axis A + G Sensor, PPG \u2022 Battery\uff1a2-week battery life, 5-minute charge for two day usage \u2022 Water resistance: 5ATM\" \/>\n\t\t<meta name=\"robots\" content=\"max-image-preview:large\" \/>\n\t\t<link rel=\"canonical\" href=\"https:\/\/www.rucashk.com\/pt\/produto\/huawei-band-8-smart-band\/\" \/>\n\t\t<meta name=\"generator\" content=\"All in One SEO Pro (AIOSEO) 4.5.9.2\" \/>\n\t\t<meta property=\"og:locale\" content=\"pt_PT\" \/>\n\t\t<meta property=\"og:site_name\" content=\"Rucas - One-stop AIoT Distribution Worldwide\" \/>\n\t\t<meta property=\"og:type\" content=\"article\" \/>\n\t\t<meta property=\"og:title\" content=\"HUAWEI Band 8 Smart Band - Rucas - Wholesale and Distribution\" \/>\n\t\t<meta property=\"og:description\" content=\"Size\uff1a43.42*24.56*8.99mm \u2022 Weight \uff1a14 g \u2022 Screen\uff1a1.47\u201d AMOLED touch screen \uff0c2.5D Glass lens 194*368\uff0cPPI 282 \u2022 Strap\uff1aTPU(Black)\uff0csilicone(pink and green)\uff0cNylon \u2022 connection\uff1aBluetooth BLE 5.0 \u2022 Sensor : 6-axis A + G Sensor, PPG \u2022 Battery\uff1a2-week battery life, 5-minute charge for two day usage \u2022 Water resistance: 5ATM\" \/>\n\t\t<meta property=\"og:url\" content=\"https:\/\/www.rucashk.com\/pt\/produto\/huawei-band-8-smart-band\/\" \/>\n\t\t<meta property=\"og:image\" content=\"https:\/\/www.rucashk.com\/wp-content\/uploads\/replace\/503b8e645f128a97ccde2b6290747646.jpeg\" \/>\n\t\t<meta property=\"og:image:secure_url\" content=\"https:\/\/www.rucashk.com\/wp-content\/uploads\/replace\/503b8e645f128a97ccde2b6290747646.jpeg\" \/>\n\t\t<meta property=\"og:image:width\" content=\"1456\" \/>\n\t\t<meta property=\"og:image:height\" content=\"816\" \/>\n\t\t<meta property=\"article:published_time\" content=\"2024-01-09T16:39:21+00:00\" \/>\n\t\t<meta property=\"article:modified_time\" content=\"2025-06-21T09:38:08+00:00\" \/>\n\t\t<meta name=\"twitter:card\" content=\"summary_large_image\" \/>\n\t\t<meta name=\"twitter:title\" content=\"HUAWEI Band 8 Smart Band - Rucas - Wholesale and Distribution\" \/>\n\t\t<meta name=\"twitter:description\" content=\"Size\uff1a43.42*24.56*8.99mm \u2022 Weight \uff1a14 g \u2022 Screen\uff1a1.47\u201d AMOLED touch screen \uff0c2.5D Glass lens 194*368\uff0cPPI 282 \u2022 Strap\uff1aTPU(Black)\uff0csilicone(pink and green)\uff0cNylon \u2022 connection\uff1aBluetooth BLE 5.0 \u2022 Sensor : 6-axis A + G Sensor, PPG \u2022 Battery\uff1a2-week battery life, 5-minute charge for two day usage \u2022 Water resistance: 5ATM\" \/>\n\t\t<meta name=\"twitter:image\" content=\"https:\/\/www.rucashk.com\/wp-content\/uploads\/replace\/503b8e645f128a97ccde2b6290747646.jpeg\" \/>\n\t\t<script type=\"application\/ld+json\" class=\"aioseo-schema\">\n\t\t\t{\"@context\":\"https:\\\/\\\/schema.org\",\"@graph\":[{\"@type\":\"BreadcrumbList\",\"@id\":\"https:\\\/\\\/www.rucashk.com\\\/pt\\\/produto\\\/huawei-band-8-smart-band\\\/#breadcrumblist\",\"itemListElement\":[{\"@type\":\"ListItem\",\"@id\":\"https:\\\/\\\/www.rucashk.com\\\/pt\\\/#listItem\",\"position\":1,\"name\":\"Home\",\"item\":\"https:\\\/\\\/www.rucashk.com\\\/pt\\\/\",\"nextItem\":\"https:\\\/\\\/www.rucashk.com\\\/pt\\\/produto\\\/huawei-band-8-smart-band\\\/#listItem\"},{\"@type\":\"ListItem\",\"@id\":\"https:\\\/\\\/www.rucashk.com\\\/pt\\\/produto\\\/huawei-band-8-smart-band\\\/#listItem\",\"position\":2,\"name\":\"HUAWEI Band 8 Smart Band\",\"previousItem\":\"https:\\\/\\\/www.rucashk.com\\\/pt\\\/#listItem\"}]},{\"@type\":\"Organization\",\"@id\":\"https:\\\/\\\/www.rucashk.com\\\/pt\\\/#organization\",\"name\":\"Rucas\",\"url\":\"https:\\\/\\\/www.rucashk.com\\\/pt\\\/\",\"logo\":{\"@type\":\"ImageObject\",\"url\":\"https:\\\/\\\/www.rucashk.com\\\/wp-content\\\/uploads\\\/2023\\\/12\\\/Rucas_campany_logo.png\",\"@id\":\"https:\\\/\\\/www.rucashk.com\\\/pt\\\/produto\\\/huawei-band-8-smart-band\\\/#organizationLogo\",\"width\":221,\"height\":65},\"image\":{\"@id\":\"https:\\\/\\\/www.rucashk.com\\\/pt\\\/#organizationLogo\"}},{\"@type\":\"Person\",\"@id\":\"https:\\\/\\\/www.rucashk.com\\\/pt\\\/author\\\/admin\\\/#author\",\"url\":\"https:\\\/\\\/www.rucashk.com\\\/pt\\\/author\\\/admin\\\/\",\"name\":\"admin\",\"image\":{\"@type\":\"ImageObject\",\"@id\":\"https:\\\/\\\/www.rucashk.com\\\/pt\\\/produto\\\/huawei-band-8-smart-band\\\/#authorImage\",\"url\":\"https:\\\/\\\/secure.gravatar.com\\\/avatar\\\/b7c8925b09a27e72b30232f8ecaadbd5af0f70a38c78096863fe51b64f031c24?s=96&d=mm&r=g\",\"width\":96,\"height\":96,\"caption\":\"admin\"}},{\"@type\":\"WebPage\",\"@id\":\"https:\\\/\\\/www.rucashk.com\\\/pt\\\/produto\\\/huawei-band-8-smart-band\\\/#webpage\",\"url\":\"https:\\\/\\\/www.rucashk.com\\\/pt\\\/produto\\\/huawei-band-8-smart-band\\\/\",\"name\":\"HUAWEI Band 8 Smart Band - Rucas - Wholesale and Distribution\",\"description\":\"Size\\uff1a43.42*24.56*8.99mm \\u2022 Weight \\uff1a14 g \\u2022 Screen\\uff1a1.47\\u201d AMOLED touch screen \\uff0c2.5D Glass lens 194*368\\uff0cPPI 282 \\u2022 Strap\\uff1aTPU(Black)\\uff0csilicone(pink and green)\\uff0cNylon \\u2022 connection\\uff1aBluetooth BLE 5.0 \\u2022 Sensor : 6-axis A + G Sensor, PPG \\u2022 Battery\\uff1a2-week battery life, 5-minute charge for two day usage \\u2022 Water resistance: 5ATM\",\"inLanguage\":\"pt-PT\",\"isPartOf\":{\"@id\":\"https:\\\/\\\/www.rucashk.com\\\/pt\\\/#website\"},\"breadcrumb\":{\"@id\":\"https:\\\/\\\/www.rucashk.com\\\/pt\\\/produto\\\/huawei-band-8-smart-band\\\/#breadcrumblist\"},\"author\":{\"@id\":\"https:\\\/\\\/www.rucashk.com\\\/pt\\\/author\\\/admin\\\/#author\"},\"creator\":{\"@id\":\"https:\\\/\\\/www.rucashk.com\\\/pt\\\/author\\\/admin\\\/#author\"},\"image\":{\"@type\":\"ImageObject\",\"url\":\"https:\\\/\\\/www.rucashk.com\\\/wp-content\\\/uploads\\\/2024\\\/01\\\/16-1-1.webp\",\"@id\":\"https:\\\/\\\/www.rucashk.com\\\/pt\\\/produto\\\/huawei-band-8-smart-band\\\/#mainImage\",\"width\":220,\"height\":220},\"primaryImageOfPage\":{\"@id\":\"https:\\\/\\\/www.rucashk.com\\\/pt\\\/produto\\\/huawei-band-8-smart-band\\\/#mainImage\"},\"datePublished\":\"2024-01-09T16:39:21+00:00\",\"dateModified\":\"2025-06-21T09:38:08+00:00\"},{\"@type\":\"WebSite\",\"@id\":\"https:\\\/\\\/www.rucashk.com\\\/pt\\\/#website\",\"url\":\"https:\\\/\\\/www.rucashk.com\\\/pt\\\/\",\"name\":\"Rucas - Wholesale and distribution worldwide\",\"alternateName\":\"Rucas - One-stop AIoT Distribution Worldwide\",\"description\":\"One-stop AIoT Distribution Worldwide\",\"inLanguage\":\"pt-PT\",\"publisher\":{\"@id\":\"https:\\\/\\\/www.rucashk.com\\\/pt\\\/#organization\"}}]}\n\t\t<\/script>\n\t\t<!-- All in One SEO Pro -->\r\n\t\t<title>HUAWEI Band 8 Smart Band - Rucas - Wholesale and Distribution<\/title>\n\n","aioseo_head_json":{"title":"HUAWEI Band 8 Smart Band - Rucas - Wholesale and Distribution","description":"Size\uff1a43.42*24.56*8.99mm \u2022 Weight \uff1a14 g \u2022 Screen\uff1a1.47\u201d AMOLED touch screen \uff0c2.5D Glass lens 194*368\uff0cPPI 282 \u2022 Strap\uff1aTPU(Black)\uff0csilicone(pink and green)\uff0cNylon \u2022 connection\uff1aBluetooth BLE 5.0 \u2022 Sensor : 6-axis A + G Sensor, PPG \u2022 Battery\uff1a2-week battery life, 5-minute charge for two day usage \u2022 Water resistance: 5ATM","canonical_url":"https:\/\/www.rucashk.com\/pt\/produto\/huawei-band-8-smart-band\/","robots":"max-image-preview:large","keywords":"","webmasterTools":{"miscellaneous":""},"og:locale":"pt_PT","og:site_name":"Rucas - One-stop AIoT Distribution Worldwide","og:type":"article","og:title":"HUAWEI Band 8 Smart Band - Rucas - Wholesale and Distribution","og:description":"Size\uff1a43.42*24.56*8.99mm \u2022 Weight \uff1a14 g \u2022 Screen\uff1a1.47\u201d AMOLED touch screen \uff0c2.5D Glass lens 194*368\uff0cPPI 282 \u2022 Strap\uff1aTPU(Black)\uff0csilicone(pink and green)\uff0cNylon \u2022 connection\uff1aBluetooth BLE 5.0 \u2022 Sensor : 6-axis A + G Sensor, PPG \u2022 Battery\uff1a2-week battery life, 5-minute charge for two day usage \u2022 Water resistance: 5ATM","og:url":"https:\/\/www.rucashk.com\/pt\/produto\/huawei-band-8-smart-band\/","og:image":"https:\/\/www.rucashk.com\/wp-content\/uploads\/replace\/503b8e645f128a97ccde2b6290747646.jpeg","og:image:secure_url":"https:\/\/www.rucashk.com\/wp-content\/uploads\/replace\/503b8e645f128a97ccde2b6290747646.jpeg","og:image:width":1456,"og:image:height":816,"article:published_time":"2024-01-09T16:39:21+00:00","article:modified_time":"2025-06-21T09:38:08+00:00","twitter:card":"summary_large_image","twitter:title":"HUAWEI Band 8 Smart Band - Rucas - Wholesale and Distribution","twitter:description":"Size\uff1a43.42*24.56*8.99mm \u2022 Weight \uff1a14 g \u2022 Screen\uff1a1.47\u201d AMOLED touch screen \uff0c2.5D Glass lens 194*368\uff0cPPI 282 \u2022 Strap\uff1aTPU(Black)\uff0csilicone(pink and green)\uff0cNylon \u2022 connection\uff1aBluetooth BLE 5.0 \u2022 Sensor : 6-axis A + G Sensor, PPG \u2022 Battery\uff1a2-week battery life, 5-minute charge for two day usage \u2022 Water resistance: 5ATM","twitter:image":"https:\/\/www.rucashk.com\/wp-content\/uploads\/replace\/503b8e645f128a97ccde2b6290747646.jpeg","schema":{"@context":"https:\/\/schema.org","@graph":[{"@type":"BreadcrumbList","@id":"https:\/\/www.rucashk.com\/pt\/produto\/huawei-band-8-smart-band\/#breadcrumblist","itemListElement":[{"@type":"ListItem","@id":"https:\/\/www.rucashk.com\/pt\/#listItem","position":1,"name":"Home","item":"https:\/\/www.rucashk.com\/pt\/","nextItem":"https:\/\/www.rucashk.com\/pt\/produto\/huawei-band-8-smart-band\/#listItem"},{"@type":"ListItem","@id":"https:\/\/www.rucashk.com\/pt\/produto\/huawei-band-8-smart-band\/#listItem","position":2,"name":"HUAWEI Band 8 Smart Band","previousItem":"https:\/\/www.rucashk.com\/pt\/#listItem"}]},{"@type":"Organization","@id":"https:\/\/www.rucashk.com\/pt\/#organization","name":"Rucas","url":"https:\/\/www.rucashk.com\/pt\/","logo":{"@type":"ImageObject","url":"https:\/\/www.rucashk.com\/wp-content\/uploads\/2023\/12\/Rucas_campany_logo.png","@id":"https:\/\/www.rucashk.com\/pt\/produto\/huawei-band-8-smart-band\/#organizationLogo","width":221,"height":65},"image":{"@id":"https:\/\/www.rucashk.com\/pt\/#organizationLogo"}},{"@type":"Person","@id":"https:\/\/www.rucashk.com\/pt\/author\/admin\/#author","url":"https:\/\/www.rucashk.com\/pt\/author\/admin\/","name":"admin","image":{"@type":"ImageObject","@id":"https:\/\/www.rucashk.com\/pt\/produto\/huawei-band-8-smart-band\/#authorImage","url":"https:\/\/secure.gravatar.com\/avatar\/b7c8925b09a27e72b30232f8ecaadbd5af0f70a38c78096863fe51b64f031c24?s=96&d=mm&r=g","width":96,"height":96,"caption":"admin"}},{"@type":"WebPage","@id":"https:\/\/www.rucashk.com\/pt\/produto\/huawei-band-8-smart-band\/#webpage","url":"https:\/\/www.rucashk.com\/pt\/produto\/huawei-band-8-smart-band\/","name":"HUAWEI Band 8 Smart Band - Rucas - Wholesale and Distribution","description":"Size\uff1a43.42*24.56*8.99mm \u2022 Weight \uff1a14 g \u2022 Screen\uff1a1.47\u201d AMOLED touch screen \uff0c2.5D Glass lens 194*368\uff0cPPI 282 \u2022 Strap\uff1aTPU(Black)\uff0csilicone(pink and green)\uff0cNylon \u2022 connection\uff1aBluetooth BLE 5.0 \u2022 Sensor : 6-axis A + G Sensor, PPG \u2022 Battery\uff1a2-week battery life, 5-minute charge for two day usage \u2022 Water resistance: 5ATM","inLanguage":"pt-PT","isPartOf":{"@id":"https:\/\/www.rucashk.com\/pt\/#website"},"breadcrumb":{"@id":"https:\/\/www.rucashk.com\/pt\/produto\/huawei-band-8-smart-band\/#breadcrumblist"},"author":{"@id":"https:\/\/www.rucashk.com\/pt\/author\/admin\/#author"},"creator":{"@id":"https:\/\/www.rucashk.com\/pt\/author\/admin\/#author"},"image":{"@type":"ImageObject","url":"https:\/\/www.rucashk.com\/wp-content\/uploads\/2024\/01\/16-1-1.webp","@id":"https:\/\/www.rucashk.com\/pt\/produto\/huawei-band-8-smart-band\/#mainImage","width":220,"height":220},"primaryImageOfPage":{"@id":"https:\/\/www.rucashk.com\/pt\/produto\/huawei-band-8-smart-band\/#mainImage"},"datePublished":"2024-01-09T16:39:21+00:00","dateModified":"2025-06-21T09:38:08+00:00"},{"@type":"WebSite","@id":"https:\/\/www.rucashk.com\/pt\/#website","url":"https:\/\/www.rucashk.com\/pt\/","name":"Rucas - Wholesale and distribution worldwide","alternateName":"Rucas - One-stop AIoT Distribution Worldwide","description":"One-stop AIoT Distribution Worldwide","inLanguage":"pt-PT","publisher":{"@id":"https:\/\/www.rucashk.com\/pt\/#organization"}}]}},"aioseo_meta_data":{"post_id":"27251","title":null,"description":null,"keywords":null,"keyphrases":null,"primary_term":null,"canonical_url":null,"og_title":null,"og_description":null,"og_object_type":"default","og_image_type":"default","og_image_url":null,"og_image_width":null,"og_image_height":null,"og_image_custom_url":null,"og_image_custom_fields":null,"og_video":null,"og_custom_url":null,"og_article_section":null,"og_article_tags":null,"twitter_use_og":false,"twitter_card":"default","twitter_image_type":"default","twitter_image_url":null,"twitter_image_custom_url":null,"twitter_image_custom_fields":null,"twitter_title":null,"twitter_description":null,"schema":{"blockGraphs":[],"customGraphs":[],"default":{"data":{"Article":[],"Course":[],"Dataset":[],"FAQPage":[],"Movie":[],"Person":[],"Product":[],"Recipe":[],"Service":[],"SoftwareApplication":[],"WebPage":[]},"graphName":"","isEnabled":true},"graphs":[]},"schema_type":"default","schema_type_options":null,"pillar_content":false,"robots_default":true,"robots_noindex":false,"robots_noarchive":false,"robots_nosnippet":false,"robots_nofollow":false,"robots_noimageindex":false,"robots_noodp":false,"robots_notranslate":false,"robots_max_snippet":null,"robots_max_videopreview":null,"robots_max_imagepreview":"large","priority":null,"frequency":null,"local_seo":null,"breadcrumb_settings":null,"limit_modified_date":false,"created":"2024-04-11 01:57:22","updated":"2025-06-22 18:33:57"},"aioseo_breadcrumb":"<div class=\"aioseo-breadcrumbs\"><span class=\"aioseo-breadcrumb\">\n\t<a href=\"https:\/\/www.rucashk.com\/pt\" title=\"Home\">Home<\/a>\n<\/span><span class=\"aioseo-breadcrumb-separator\">&raquo;<\/span><span class=\"aioseo-breadcrumb\">\n\t<a href=\"https:\/\/www.rucashk.com\/pt\/products\/\" title=\"Produtos\">Produtos<\/a>\n<\/span><span class=\"aioseo-breadcrumb-separator\">&raquo;<\/span><span class=\"aioseo-breadcrumb\">\n\t<a href=\"https:\/\/www.rucashk.com\/pt\/marca\/huawei\/\" title=\"Huawei\">Huawei<\/a>\n<\/span><span class=\"aioseo-breadcrumb-separator\">&raquo;<\/span><span class=\"aioseo-breadcrumb\">\n\tHUAWEI Band 8 Smart Band\n<\/span><\/div>","aioseo_breadcrumb_json":[{"label":"Home","link":"https:\/\/www.rucashk.com\/pt"},{"label":"Produtos","link":"https:\/\/www.rucashk.com\/pt\/products\/"},{"label":"Huawei","link":"https:\/\/www.rucashk.com\/pt\/marca\/huawei\/"},{"label":"HUAWEI Band 8 Smart Band","link":"https:\/\/www.rucashk.com\/pt\/produto\/huawei-band-8-smart-band\/"}],"_links":{"self":[{"href":"https:\/\/www.rucashk.com\/pt\/wp-json\/wp\/v2\/product\/27251","targetHints":{"allow":["GET"]}}],"collection":[{"href":"https:\/\/www.rucashk.com\/pt\/wp-json\/wp\/v2\/product"}],"about":[{"href":"https:\/\/www.rucashk.com\/pt\/wp-json\/wp\/v2\/types\/product"}],"wp:featuredmedia":[{"embeddable":true,"href":"https:\/\/www.rucashk.com\/pt\/wp-json\/wp\/v2\/media\/27393"}],"wp:attachment":[{"href":"https:\/\/www.rucashk.com\/pt\/wp-json\/wp\/v2\/media?parent=27251"}],"wp:term":[{"taxonomy":"product_brand","embeddable":true,"href":"https:\/\/www.rucashk.com\/pt\/wp-json\/wp\/v2\/product_brand?post=27251"},{"taxonomy":"product_cat","embeddable":true,"href":"https:\/\/www.rucashk.com\/pt\/wp-json\/wp\/v2\/product_cat?post=27251"},{"taxonomy":"product_tag","embeddable":true,"href":"https:\/\/www.rucashk.com\/pt\/wp-json\/wp\/v2\/product_tag?post=27251"}],"curies":[{"name":"wp","href":"https:\/\/api.w.org\/{rel}","templated":true}]}}