{"id":27170,"date":"2024-01-09T16:38:14","date_gmt":"2024-01-09T16:38:14","guid":{"rendered":"http:\/\/rucashk.com\/?post_type=product&#038;p=27170"},"modified":"2025-06-21T09:39:44","modified_gmt":"2025-06-21T09:39:44","slug":"nintendo-enhanced-wireless-controller-k-k-slider","status":"publish","type":"product","link":"https:\/\/www.rucashk.com\/pt\/produto\/nintendo-enhanced-wireless-controller-k-k-slider\/","title":{"rendered":"Controlador sem fio aprimorado da Nintendo \u2013 KK Slider"},"content":{"rendered":"<h4>Explore seu ref\u00fagio em uma ilha deserta em Animal Crossing\u2122: New Horizons no Nintendo Switch com este controle sem fio PowerA Enhanced* oficialmente licenciado com design KK Slider, controles de movimento e bot\u00f5es de jogo mape\u00e1veis.<\/h4>\n<p>Oficialmente licenciado pela Nintendo, este controlador sem fio PowerA Enhanced para Nintendo combina beleza e desempenho. Cada controlador apresenta arte de classe mundial, juntamente com recursos de jogo incr\u00edveis*. Programe dois bot\u00f5es de jogo avan\u00e7ados mape\u00e1veis instantaneamente, incline-se nas curvas com controles de movimento e desfrute do controle suave do polegar gra\u00e7as a um par de an\u00e9is antifric\u00e7\u00e3o incorporados. \u00c9 um controlador t\u00e3o bom que voc\u00ea talvez nunca queira larg\u00e1-lo. Al\u00e9m disso, a PowerA apoia todos os produtos por 2 anos para refor\u00e7ar o compromisso de qualidade.<\/p>\n<p><img fetchpriority=\"high\" decoding=\"async\" class=\"aligncenter wp-image-35210\" src=\"https:\/\/www.rucashk.com\/wp-content\/uploads\/2023\/10\/10004-7.jpg\" alt=\"Nintendo Enhanced Wireless Controller \u2013 K.K. Slider\" width=\"600\" height=\"338\" \/><\/p>\n<p><strong>Caracter\u00edsticas:<\/strong><\/p>\n<ul>\n<li>Controlador sem fio usando Bluetooth 5.0<\/li>\n<li>Controles de movimento inclu\u00eddos para intera\u00e7\u00f5es de jogo intuitivas<\/li>\n<li>Possui bot\u00f5es de jogo avan\u00e7ados para mapeamento de bot\u00f5es em tempo real<\/li>\n<li>Alternar bot\u00f5es do sistema (+, -, Home, Capture)<\/li>\n<li>Bot\u00f5es e gatilhos de ombro esquerdo\/direito (L\/R\/ZL\/ZR)<\/li>\n<li>Dois sticks anal\u00f3gicos ajustados com precis\u00e3o<\/li>\n<li>D-pad em forma de plus de oito dire\u00e7\u00f5es<\/li>\n<li>Layout dos bot\u00f5es Nintendo ABXY (maior que o Joy-Con)<\/li>\n<li>LEDs para n\u00famero do jogador, mapeamento de bot\u00f5es e aviso de bateria fraca<\/li>\n<li>Controlador de jogos sem fio licenciado oficialmente para Nintendo Switch e Nintendo Switch Lite<\/li>\n<li>Garantia limitada de dois anos \u2013 visite PowerA.com\/Support<\/li>\n<li>Pode ser usado quando o Nintendo Switch est\u00e1 encaixado ou desencaixado. N\u00e3o suporta HD Rumble, IR ou Amiibo NFC.<\/li>\n<\/ul>","protected":false},"excerpt":{"rendered":"<ul>\n<li>Controlador sem fio usando Bluetooth 5.0<\/li>\n<li>Controles de movimento inclu\u00eddos para intera\u00e7\u00f5es de jogo intuitivas<\/li>\n<li>Possui bot\u00f5es de jogo avan\u00e7ados para mapeamento de bot\u00f5es em tempo real<\/li>\n<li>Alternar bot\u00f5es do sistema (+, -, Home, Capture)<\/li>\n<li>Bot\u00f5es e gatilhos de ombro esquerdo\/direito (L\/R\/ZL\/ZR)<\/li>\n<li>Dois sticks anal\u00f3gicos ajustados com precis\u00e3o<\/li>\n<li>D-pad em forma de plus de oito dire\u00e7\u00f5es<\/li>\n<li>Layout dos bot\u00f5es Nintendo ABXY (maior que o Joy-Con)<\/li>\n<li>LEDs para n\u00famero do jogador, mapeamento de bot\u00f5es e aviso de bateria fraca<\/li>\n<li>Controlador de jogos sem fio licenciado oficialmente para Nintendo Switch e Nintendo Switch Lite<\/li>\n<li>Garantia limitada de dois anos \u2013 visite PowerA.com\/Support<\/li>\n<li>Pode ser usado quando o Nintendo Switch est\u00e1 encaixado ou desencaixado. N\u00e3o suporta HD Rumble, IR ou Amiibo NFC.<\/li>\n<\/ul>","protected":false},"featured_media":27317,"template":"","meta":[],"product_brand":[1359],"product_cat":[1286],"product_tag":[],"class_list":{"0":"post-27170","1":"product","2":"type-product","3":"status-publish","4":"has-post-thumbnail","6":"product_brand-nintendo","7":"product_cat-nintendo-console","9":"first","10":"instock","11":"shipping-taxable","12":"product-type-simple"},"aioseo_notices":[],"aioseo_head":"\n\t\t<!-- All in One SEO Pro 4.5.9.2 - aioseo.com -->\n\t\t<meta name=\"description\" content=\"Wireless controller using Bluetooth 5.0 Motion controls included for intuitive game interactions Features Advanced Gaming Buttons for on the fly button mapping Switch System buttons (+, -, Home, Capture) Left\/Right shoulder buttons and triggers (L\/R\/ZL\/ZR) Two Precision tuned analog sticks Eight-way plus-shaped D-pad Nintendo ABXY button layout (larger than Joy-Con) LEDs for player number, button mapping, and low battery warning Wireless gaming controller officially licensed for Nintendo Switch and Nintendo Switch Lite Two-year limited warranty \u2013 visit PowerA.com\/Support Can be used when Nintendo Switch is docked or undocked. Does not support HD rumble, IR, or Amiibo NFC.\" \/>\n\t\t<meta name=\"robots\" content=\"max-image-preview:large\" \/>\n\t\t<link rel=\"canonical\" href=\"https:\/\/www.rucashk.com\/pt\/produto\/nintendo-enhanced-wireless-controller-k-k-slider\/\" \/>\n\t\t<meta name=\"generator\" content=\"All in One SEO Pro (AIOSEO) 4.5.9.2\" \/>\n\t\t<meta property=\"og:locale\" content=\"pt_PT\" \/>\n\t\t<meta property=\"og:site_name\" content=\"Rucas - One-stop AIoT Distribution Worldwide\" \/>\n\t\t<meta property=\"og:type\" content=\"article\" \/>\n\t\t<meta property=\"og:title\" content=\"Nintendo Enhanced Wireless Controller \u2013 K.K. Slider - Rucas - Wholesale and Distribution\" \/>\n\t\t<meta property=\"og:description\" content=\"Wireless controller using Bluetooth 5.0 Motion controls included for intuitive game interactions Features Advanced Gaming Buttons for on the fly button mapping Switch System buttons (+, -, Home, Capture) Left\/Right shoulder buttons and triggers (L\/R\/ZL\/ZR) Two Precision tuned analog sticks Eight-way plus-shaped D-pad Nintendo ABXY button layout (larger than Joy-Con) LEDs for player number, button mapping, and low battery warning Wireless gaming controller officially licensed for Nintendo Switch and Nintendo Switch Lite Two-year limited warranty \u2013 visit PowerA.com\/Support Can be used when Nintendo Switch is docked or undocked. Does not support HD rumble, IR, or Amiibo NFC.\" \/>\n\t\t<meta property=\"og:url\" content=\"https:\/\/www.rucashk.com\/pt\/produto\/nintendo-enhanced-wireless-controller-k-k-slider\/\" \/>\n\t\t<meta property=\"og:image\" content=\"https:\/\/www.rucashk.com\/wp-content\/uploads\/replace\/503b8e645f128a97ccde2b6290747646.jpeg\" \/>\n\t\t<meta property=\"og:image:secure_url\" content=\"https:\/\/www.rucashk.com\/wp-content\/uploads\/replace\/503b8e645f128a97ccde2b6290747646.jpeg\" \/>\n\t\t<meta property=\"og:image:width\" content=\"1456\" \/>\n\t\t<meta property=\"og:image:height\" content=\"816\" \/>\n\t\t<meta property=\"article:published_time\" content=\"2024-01-09T16:38:14+00:00\" \/>\n\t\t<meta property=\"article:modified_time\" content=\"2025-06-21T09:39:44+00:00\" \/>\n\t\t<meta name=\"twitter:card\" content=\"summary_large_image\" \/>\n\t\t<meta name=\"twitter:title\" content=\"Nintendo Enhanced Wireless Controller \u2013 K.K. Slider - Rucas - Wholesale and Distribution\" \/>\n\t\t<meta name=\"twitter:description\" content=\"Wireless controller using Bluetooth 5.0 Motion controls included for intuitive game interactions Features Advanced Gaming Buttons for on the fly button mapping Switch System buttons (+, -, Home, Capture) Left\/Right shoulder buttons and triggers (L\/R\/ZL\/ZR) Two Precision tuned analog sticks Eight-way plus-shaped D-pad Nintendo ABXY button layout (larger than Joy-Con) LEDs for player number, button mapping, and low battery warning Wireless gaming controller officially licensed for Nintendo Switch and Nintendo Switch Lite Two-year limited warranty \u2013 visit PowerA.com\/Support Can be used when Nintendo Switch is docked or undocked. Does not support HD rumble, IR, or Amiibo NFC.\" \/>\n\t\t<meta name=\"twitter:image\" content=\"https:\/\/www.rucashk.com\/wp-content\/uploads\/replace\/503b8e645f128a97ccde2b6290747646.jpeg\" \/>\n\t\t<script type=\"application\/ld+json\" class=\"aioseo-schema\">\n\t\t\t{\"@context\":\"https:\\\/\\\/schema.org\",\"@graph\":[{\"@type\":\"BreadcrumbList\",\"@id\":\"https:\\\/\\\/www.rucashk.com\\\/pt\\\/produto\\\/nintendo-enhanced-wireless-controller-k-k-slider\\\/#breadcrumblist\",\"itemListElement\":[{\"@type\":\"ListItem\",\"@id\":\"https:\\\/\\\/www.rucashk.com\\\/pt\\\/#listItem\",\"position\":1,\"name\":\"Home\",\"item\":\"https:\\\/\\\/www.rucashk.com\\\/pt\\\/\",\"nextItem\":\"https:\\\/\\\/www.rucashk.com\\\/pt\\\/produto\\\/nintendo-enhanced-wireless-controller-k-k-slider\\\/#listItem\"},{\"@type\":\"ListItem\",\"@id\":\"https:\\\/\\\/www.rucashk.com\\\/pt\\\/produto\\\/nintendo-enhanced-wireless-controller-k-k-slider\\\/#listItem\",\"position\":2,\"name\":\"Nintendo Enhanced Wireless Controller \\u2013 K.K. Slider\",\"previousItem\":\"https:\\\/\\\/www.rucashk.com\\\/pt\\\/#listItem\"}]},{\"@type\":\"Organization\",\"@id\":\"https:\\\/\\\/www.rucashk.com\\\/pt\\\/#organization\",\"name\":\"Rucas\",\"url\":\"https:\\\/\\\/www.rucashk.com\\\/pt\\\/\",\"logo\":{\"@type\":\"ImageObject\",\"url\":\"https:\\\/\\\/www.rucashk.com\\\/wp-content\\\/uploads\\\/2023\\\/12\\\/Rucas_campany_logo.png\",\"@id\":\"https:\\\/\\\/www.rucashk.com\\\/pt\\\/produto\\\/nintendo-enhanced-wireless-controller-k-k-slider\\\/#organizationLogo\",\"width\":221,\"height\":65},\"image\":{\"@id\":\"https:\\\/\\\/www.rucashk.com\\\/pt\\\/#organizationLogo\"}},{\"@type\":\"Person\",\"@id\":\"https:\\\/\\\/www.rucashk.com\\\/pt\\\/author\\\/admin\\\/#author\",\"url\":\"https:\\\/\\\/www.rucashk.com\\\/pt\\\/author\\\/admin\\\/\",\"name\":\"admin\",\"image\":{\"@type\":\"ImageObject\",\"@id\":\"https:\\\/\\\/www.rucashk.com\\\/pt\\\/produto\\\/nintendo-enhanced-wireless-controller-k-k-slider\\\/#authorImage\",\"url\":\"https:\\\/\\\/secure.gravatar.com\\\/avatar\\\/b7c8925b09a27e72b30232f8ecaadbd5af0f70a38c78096863fe51b64f031c24?s=96&d=mm&r=g\",\"width\":96,\"height\":96,\"caption\":\"admin\"}},{\"@type\":\"WebPage\",\"@id\":\"https:\\\/\\\/www.rucashk.com\\\/pt\\\/produto\\\/nintendo-enhanced-wireless-controller-k-k-slider\\\/#webpage\",\"url\":\"https:\\\/\\\/www.rucashk.com\\\/pt\\\/produto\\\/nintendo-enhanced-wireless-controller-k-k-slider\\\/\",\"name\":\"Nintendo Enhanced Wireless Controller \\u2013 K.K. Slider - Rucas - Wholesale and Distribution\",\"description\":\"Wireless controller using Bluetooth 5.0 Motion controls included for intuitive game interactions Features Advanced Gaming Buttons for on the fly button mapping Switch System buttons (+, -, Home, Capture) Left\\\/Right shoulder buttons and triggers (L\\\/R\\\/ZL\\\/ZR) Two Precision tuned analog sticks Eight-way plus-shaped D-pad Nintendo ABXY button layout (larger than Joy-Con) LEDs for player number, button mapping, and low battery warning Wireless gaming controller officially licensed for Nintendo Switch and Nintendo Switch Lite Two-year limited warranty \\u2013 visit PowerA.com\\\/Support Can be used when Nintendo Switch is docked or undocked. Does not support HD rumble, IR, or Amiibo NFC.\",\"inLanguage\":\"pt-PT\",\"isPartOf\":{\"@id\":\"https:\\\/\\\/www.rucashk.com\\\/pt\\\/#website\"},\"breadcrumb\":{\"@id\":\"https:\\\/\\\/www.rucashk.com\\\/pt\\\/produto\\\/nintendo-enhanced-wireless-controller-k-k-slider\\\/#breadcrumblist\"},\"author\":{\"@id\":\"https:\\\/\\\/www.rucashk.com\\\/pt\\\/author\\\/admin\\\/#author\"},\"creator\":{\"@id\":\"https:\\\/\\\/www.rucashk.com\\\/pt\\\/author\\\/admin\\\/#author\"},\"image\":{\"@type\":\"ImageObject\",\"url\":\"https:\\\/\\\/www.rucashk.com\\\/wp-content\\\/uploads\\\/2024\\\/01\\\/10001-9-2.jpg\",\"@id\":\"https:\\\/\\\/www.rucashk.com\\\/pt\\\/produto\\\/nintendo-enhanced-wireless-controller-k-k-slider\\\/#mainImage\",\"width\":930,\"height\":523},\"primaryImageOfPage\":{\"@id\":\"https:\\\/\\\/www.rucashk.com\\\/pt\\\/produto\\\/nintendo-enhanced-wireless-controller-k-k-slider\\\/#mainImage\"},\"datePublished\":\"2024-01-09T16:38:14+00:00\",\"dateModified\":\"2025-06-21T09:39:44+00:00\"},{\"@type\":\"WebSite\",\"@id\":\"https:\\\/\\\/www.rucashk.com\\\/pt\\\/#website\",\"url\":\"https:\\\/\\\/www.rucashk.com\\\/pt\\\/\",\"name\":\"Rucas - Wholesale and distribution worldwide\",\"alternateName\":\"Rucas - One-stop AIoT Distribution Worldwide\",\"description\":\"One-stop AIoT Distribution Worldwide\",\"inLanguage\":\"pt-PT\",\"publisher\":{\"@id\":\"https:\\\/\\\/www.rucashk.com\\\/pt\\\/#organization\"}}]}\n\t\t<\/script>\n\t\t<!-- All in One SEO Pro -->\r\n\t\t<title>Nintendo Enhanced Wireless Controller \u2013 K.K. Slider - Rucas - Wholesale and Distribution<\/title>\n\n","aioseo_head_json":{"title":"Nintendo Enhanced Wireless Controller \u2013 K.K. Slider - Rucas - Wholesale and Distribution","description":"Wireless controller using Bluetooth 5.0 Motion controls included for intuitive game interactions Features Advanced Gaming Buttons for on the fly button mapping Switch System buttons (+, -, Home, Capture) Left\/Right shoulder buttons and triggers (L\/R\/ZL\/ZR) Two Precision tuned analog sticks Eight-way plus-shaped D-pad Nintendo ABXY button layout (larger than Joy-Con) LEDs for player number, button mapping, and low battery warning Wireless gaming controller officially licensed for Nintendo Switch and Nintendo Switch Lite Two-year limited warranty \u2013 visit PowerA.com\/Support Can be used when Nintendo Switch is docked or undocked. Does not support HD rumble, IR, or Amiibo NFC.","canonical_url":"https:\/\/www.rucashk.com\/pt\/produto\/nintendo-enhanced-wireless-controller-k-k-slider\/","robots":"max-image-preview:large","keywords":"","webmasterTools":{"miscellaneous":""},"og:locale":"pt_PT","og:site_name":"Rucas - One-stop AIoT Distribution Worldwide","og:type":"article","og:title":"Nintendo Enhanced Wireless Controller \u2013 K.K. Slider - Rucas - Wholesale and Distribution","og:description":"Wireless controller using Bluetooth 5.0 Motion controls included for intuitive game interactions Features Advanced Gaming Buttons for on the fly button mapping Switch System buttons (+, -, Home, Capture) Left\/Right shoulder buttons and triggers (L\/R\/ZL\/ZR) Two Precision tuned analog sticks Eight-way plus-shaped D-pad Nintendo ABXY button layout (larger than Joy-Con) LEDs for player number, button mapping, and low battery warning Wireless gaming controller officially licensed for Nintendo Switch and Nintendo Switch Lite Two-year limited warranty \u2013 visit PowerA.com\/Support Can be used when Nintendo Switch is docked or undocked. Does not support HD rumble, IR, or Amiibo NFC.","og:url":"https:\/\/www.rucashk.com\/pt\/produto\/nintendo-enhanced-wireless-controller-k-k-slider\/","og:image":"https:\/\/www.rucashk.com\/wp-content\/uploads\/replace\/503b8e645f128a97ccde2b6290747646.jpeg","og:image:secure_url":"https:\/\/www.rucashk.com\/wp-content\/uploads\/replace\/503b8e645f128a97ccde2b6290747646.jpeg","og:image:width":1456,"og:image:height":816,"article:published_time":"2024-01-09T16:38:14+00:00","article:modified_time":"2025-06-21T09:39:44+00:00","twitter:card":"summary_large_image","twitter:title":"Nintendo Enhanced Wireless Controller \u2013 K.K. Slider - Rucas - Wholesale and Distribution","twitter:description":"Wireless controller using Bluetooth 5.0 Motion controls included for intuitive game interactions Features Advanced Gaming Buttons for on the fly button mapping Switch System buttons (+, -, Home, Capture) Left\/Right shoulder buttons and triggers (L\/R\/ZL\/ZR) Two Precision tuned analog sticks Eight-way plus-shaped D-pad Nintendo ABXY button layout (larger than Joy-Con) LEDs for player number, button mapping, and low battery warning Wireless gaming controller officially licensed for Nintendo Switch and Nintendo Switch Lite Two-year limited warranty \u2013 visit PowerA.com\/Support Can be used when Nintendo Switch is docked or undocked. Does not support HD rumble, IR, or Amiibo NFC.","twitter:image":"https:\/\/www.rucashk.com\/wp-content\/uploads\/replace\/503b8e645f128a97ccde2b6290747646.jpeg","schema":{"@context":"https:\/\/schema.org","@graph":[{"@type":"BreadcrumbList","@id":"https:\/\/www.rucashk.com\/pt\/produto\/nintendo-enhanced-wireless-controller-k-k-slider\/#breadcrumblist","itemListElement":[{"@type":"ListItem","@id":"https:\/\/www.rucashk.com\/pt\/#listItem","position":1,"name":"Home","item":"https:\/\/www.rucashk.com\/pt\/","nextItem":"https:\/\/www.rucashk.com\/pt\/produto\/nintendo-enhanced-wireless-controller-k-k-slider\/#listItem"},{"@type":"ListItem","@id":"https:\/\/www.rucashk.com\/pt\/produto\/nintendo-enhanced-wireless-controller-k-k-slider\/#listItem","position":2,"name":"Nintendo Enhanced Wireless Controller \u2013 K.K. Slider","previousItem":"https:\/\/www.rucashk.com\/pt\/#listItem"}]},{"@type":"Organization","@id":"https:\/\/www.rucashk.com\/pt\/#organization","name":"Rucas","url":"https:\/\/www.rucashk.com\/pt\/","logo":{"@type":"ImageObject","url":"https:\/\/www.rucashk.com\/wp-content\/uploads\/2023\/12\/Rucas_campany_logo.png","@id":"https:\/\/www.rucashk.com\/pt\/produto\/nintendo-enhanced-wireless-controller-k-k-slider\/#organizationLogo","width":221,"height":65},"image":{"@id":"https:\/\/www.rucashk.com\/pt\/#organizationLogo"}},{"@type":"Person","@id":"https:\/\/www.rucashk.com\/pt\/author\/admin\/#author","url":"https:\/\/www.rucashk.com\/pt\/author\/admin\/","name":"admin","image":{"@type":"ImageObject","@id":"https:\/\/www.rucashk.com\/pt\/produto\/nintendo-enhanced-wireless-controller-k-k-slider\/#authorImage","url":"https:\/\/secure.gravatar.com\/avatar\/b7c8925b09a27e72b30232f8ecaadbd5af0f70a38c78096863fe51b64f031c24?s=96&d=mm&r=g","width":96,"height":96,"caption":"admin"}},{"@type":"WebPage","@id":"https:\/\/www.rucashk.com\/pt\/produto\/nintendo-enhanced-wireless-controller-k-k-slider\/#webpage","url":"https:\/\/www.rucashk.com\/pt\/produto\/nintendo-enhanced-wireless-controller-k-k-slider\/","name":"Nintendo Enhanced Wireless Controller \u2013 K.K. Slider - Rucas - Wholesale and Distribution","description":"Wireless controller using Bluetooth 5.0 Motion controls included for intuitive game interactions Features Advanced Gaming Buttons for on the fly button mapping Switch System buttons (+, -, Home, Capture) Left\/Right shoulder buttons and triggers (L\/R\/ZL\/ZR) Two Precision tuned analog sticks Eight-way plus-shaped D-pad Nintendo ABXY button layout (larger than Joy-Con) LEDs for player number, button mapping, and low battery warning Wireless gaming controller officially licensed for Nintendo Switch and Nintendo Switch Lite Two-year limited warranty \u2013 visit PowerA.com\/Support Can be used when Nintendo Switch is docked or undocked. Does not support HD rumble, IR, or Amiibo NFC.","inLanguage":"pt-PT","isPartOf":{"@id":"https:\/\/www.rucashk.com\/pt\/#website"},"breadcrumb":{"@id":"https:\/\/www.rucashk.com\/pt\/produto\/nintendo-enhanced-wireless-controller-k-k-slider\/#breadcrumblist"},"author":{"@id":"https:\/\/www.rucashk.com\/pt\/author\/admin\/#author"},"creator":{"@id":"https:\/\/www.rucashk.com\/pt\/author\/admin\/#author"},"image":{"@type":"ImageObject","url":"https:\/\/www.rucashk.com\/wp-content\/uploads\/2024\/01\/10001-9-2.jpg","@id":"https:\/\/www.rucashk.com\/pt\/produto\/nintendo-enhanced-wireless-controller-k-k-slider\/#mainImage","width":930,"height":523},"primaryImageOfPage":{"@id":"https:\/\/www.rucashk.com\/pt\/produto\/nintendo-enhanced-wireless-controller-k-k-slider\/#mainImage"},"datePublished":"2024-01-09T16:38:14+00:00","dateModified":"2025-06-21T09:39:44+00:00"},{"@type":"WebSite","@id":"https:\/\/www.rucashk.com\/pt\/#website","url":"https:\/\/www.rucashk.com\/pt\/","name":"Rucas - Wholesale and distribution worldwide","alternateName":"Rucas - One-stop AIoT Distribution Worldwide","description":"One-stop AIoT Distribution Worldwide","inLanguage":"pt-PT","publisher":{"@id":"https:\/\/www.rucashk.com\/pt\/#organization"}}]}},"aioseo_meta_data":{"post_id":"27170","title":null,"description":null,"keywords":null,"keyphrases":null,"primary_term":null,"canonical_url":null,"og_title":null,"og_description":null,"og_object_type":"default","og_image_type":"default","og_image_url":null,"og_image_width":null,"og_image_height":null,"og_image_custom_url":null,"og_image_custom_fields":null,"og_video":null,"og_custom_url":null,"og_article_section":null,"og_article_tags":null,"twitter_use_og":false,"twitter_card":"default","twitter_image_type":"default","twitter_image_url":null,"twitter_image_custom_url":null,"twitter_image_custom_fields":null,"twitter_title":null,"twitter_description":null,"schema":{"blockGraphs":[],"customGraphs":[],"default":{"data":{"Article":[],"Course":[],"Dataset":[],"FAQPage":[],"Movie":[],"Person":[],"Product":[],"Recipe":[],"Service":[],"SoftwareApplication":[],"WebPage":[]},"graphName":"","isEnabled":true},"graphs":[]},"schema_type":"default","schema_type_options":null,"pillar_content":false,"robots_default":true,"robots_noindex":false,"robots_noarchive":false,"robots_nosnippet":false,"robots_nofollow":false,"robots_noimageindex":false,"robots_noodp":false,"robots_notranslate":false,"robots_max_snippet":null,"robots_max_videopreview":null,"robots_max_imagepreview":"large","priority":null,"frequency":null,"local_seo":null,"breadcrumb_settings":null,"limit_modified_date":false,"created":"2024-04-11 01:57:21","updated":"2025-06-22 18:32:54"},"aioseo_breadcrumb":"<div class=\"aioseo-breadcrumbs\"><span class=\"aioseo-breadcrumb\">\n\t<a href=\"https:\/\/www.rucashk.com\/pt\" title=\"Home\">Home<\/a>\n<\/span><span class=\"aioseo-breadcrumb-separator\">&raquo;<\/span><span class=\"aioseo-breadcrumb\">\n\t<a href=\"https:\/\/www.rucashk.com\/pt\/products\/\" title=\"Produtos\">Produtos<\/a>\n<\/span><span class=\"aioseo-breadcrumb-separator\">&raquo;<\/span><span class=\"aioseo-breadcrumb\">\n\t<a href=\"https:\/\/www.rucashk.com\/pt\/marca\/nintendo\/\" title=\"Nintendo\">Nintendo<\/a>\n<\/span><span class=\"aioseo-breadcrumb-separator\">&raquo;<\/span><span class=\"aioseo-breadcrumb\">\n\tNintendo Enhanced Wireless Controller \u2013 K.K. Slider\n<\/span><\/div>","aioseo_breadcrumb_json":[{"label":"Home","link":"https:\/\/www.rucashk.com\/pt"},{"label":"Produtos","link":"https:\/\/www.rucashk.com\/pt\/products\/"},{"label":"Nintendo","link":"https:\/\/www.rucashk.com\/pt\/marca\/nintendo\/"},{"label":"Nintendo Enhanced Wireless Controller \u2013 K.K. Slider","link":"https:\/\/www.rucashk.com\/pt\/produto\/nintendo-enhanced-wireless-controller-k-k-slider\/"}],"_links":{"self":[{"href":"https:\/\/www.rucashk.com\/pt\/wp-json\/wp\/v2\/product\/27170","targetHints":{"allow":["GET"]}}],"collection":[{"href":"https:\/\/www.rucashk.com\/pt\/wp-json\/wp\/v2\/product"}],"about":[{"href":"https:\/\/www.rucashk.com\/pt\/wp-json\/wp\/v2\/types\/product"}],"wp:featuredmedia":[{"embeddable":true,"href":"https:\/\/www.rucashk.com\/pt\/wp-json\/wp\/v2\/media\/27317"}],"wp:attachment":[{"href":"https:\/\/www.rucashk.com\/pt\/wp-json\/wp\/v2\/media?parent=27170"}],"wp:term":[{"taxonomy":"product_brand","embeddable":true,"href":"https:\/\/www.rucashk.com\/pt\/wp-json\/wp\/v2\/product_brand?post=27170"},{"taxonomy":"product_cat","embeddable":true,"href":"https:\/\/www.rucashk.com\/pt\/wp-json\/wp\/v2\/product_cat?post=27170"},{"taxonomy":"product_tag","embeddable":true,"href":"https:\/\/www.rucashk.com\/pt\/wp-json\/wp\/v2\/product_tag?post=27170"}],"curies":[{"name":"wp","href":"https:\/\/api.w.org\/{rel}","templated":true}]}}