{"id":27169,"date":"2024-01-09T16:38:14","date_gmt":"2024-01-09T16:38:14","guid":{"rendered":"http:\/\/rucashk.com\/?post_type=product&#038;p=27169"},"modified":"2025-06-21T09:39:44","modified_gmt":"2025-06-21T09:39:44","slug":"nintendo-rematch-wired-controller-star-spectrum","status":"publish","type":"product","link":"https:\/\/www.rucashk.com\/pt\/produto\/nintendo-rematch-wired-controller-star-spectrum\/","title":{"rendered":"Controlador com fio Nintendo REMATCH: Star Spectrum"},"content":{"rendered":"<h2 class=\"Headingstyles__StyledH-sc-s17bth-0 vsVuC\">Pronto para uma revanche? Com recursos personaliz\u00e1veis, \u00e1udio no jogo e recursos de bate-papo USB, o REMATCH Wired Controller para Nintendo Switch\u2122 \u00e9 adequado para derrotar qualquer inimigo.<\/h2>\n<div class=\"ReadMorestyles__ReadMore-sc-120wz1l-0 jRWnGJ\">\n<div class=\"ReadMorestyles__ChildContent-sc-120wz1l-2 cSzeyC\">\n<div class=\"RichTextstyles__Html-sc-16r5mbt-1 kdsZWM clamp\">\n<p>O controlador com fio Star Spectrum REMATCH foi desenvolvido para jogos sociais sem o inc\u00f4modo de uma solu\u00e7\u00e3o alternativa. Use seu fone de ouvido favorito com o conector de 3,5 mm integrado para bate-papo USB em t\u00edtulos compat\u00edveis, \u00e1udio envolvente em todos os jogos ou para n\u00e3o incomodar seus colegas de quarto ou entes queridos enquanto joga. Com controles de \u00e1udio no D-pad, voc\u00ea nunca precisar\u00e1 interromper o jogo para ajustar o volume.<\/p>\n<p>Redesenhe seu jogo e o controlador com os bot\u00f5es traseiros program\u00e1veis em estilo paddle e o painel frontal e pe\u00e7as intercambi\u00e1veis, que s\u00e3o compat\u00edveis com todos os controladores com fio de \u00e1udio REMATCH e Faceoff Deluxe+. Com o REMATCH Wired Controller oficialmente licenciado, voc\u00ea estar\u00e1 pronto para qualquer coisa que o jogo ou seu inimigo lan\u00e7ar em seu caminho.<\/p>\n<p><strong>Caracter\u00edsticas:<\/strong><\/p>\n<ul>\n<li>Use o conector de 3,5 mm para \u00e1udio em todos os jogos e bate-papo USB para aqueles que o suportam<\/li>\n<li>Ajuste facilmente o volume do jogo usando o D-pad no controlador<\/li>\n<li>Personalize sua jogabilidade com bot\u00f5es traseiros duplos program\u00e1veis em estilo remo<\/li>\n<li>Placa frontal e pe\u00e7as intercambi\u00e1veis compat\u00edveis com todos os controladores com fio de \u00e1udio REMATCH e Faceoff Deluxe+<\/li>\n<li>Oficialmente licenciado pela Nintendo\u00ae<\/li>\n<\/ul>\n<\/div>\n<\/div>\n<p><img fetchpriority=\"high\" decoding=\"async\" class=\"alignnone wp-image-35202 size-full\" src=\"https:\/\/www.rucashk.com\/wp-content\/uploads\/2023\/10\/10002-7.jpg\" alt=\"Nintendo REMATCH Wired Controller: Star Spectrum\" width=\"1050\" height=\"591\" \/><\/p>\n<\/div>","protected":false},"excerpt":{"rendered":"<ul>\n<li>Use o conector de 3,5 mm para \u00e1udio em todos os jogos e bate-papo USB para aqueles que o suportam<\/li>\n<li>Ajuste facilmente o volume do jogo usando o D-pad no controlador<\/li>\n<li>Personalize sua jogabilidade com bot\u00f5es traseiros duplos program\u00e1veis em estilo remo<\/li>\n<li>Placa frontal e pe\u00e7as intercambi\u00e1veis compat\u00edveis com todos os controladores com fio de \u00e1udio REMATCH e Faceoff Deluxe+<\/li>\n<li>Oficialmente licenciado pela Nintendo\u00ae<\/li>\n<\/ul>","protected":false},"featured_media":27312,"template":"","meta":[],"product_brand":[1359],"product_cat":[1286],"product_tag":[],"class_list":{"0":"post-27169","1":"product","2":"type-product","3":"status-publish","4":"has-post-thumbnail","6":"product_brand-nintendo","7":"product_cat-nintendo-console","9":"first","10":"instock","11":"shipping-taxable","12":"product-type-simple"},"aioseo_notices":[],"aioseo_head":"\n\t\t<!-- All in One SEO Pro 4.5.9.2 - aioseo.com -->\n\t\t<meta name=\"description\" content=\"Use the 3.5mm jack for audio in all games and USB-chat for those that support it Easily adjust your game volume using the D-pad on the controller Customize your gameplay with paddle-style, dual programmable back buttons Faceplate and interchangeable pieces compatible with all REMATCH and Faceoff Deluxe+ Audio Wired Controllers Officially licensed by Nintendo\u00ae\" \/>\n\t\t<meta name=\"robots\" content=\"max-image-preview:large\" \/>\n\t\t<link rel=\"canonical\" href=\"https:\/\/www.rucashk.com\/pt\/produto\/nintendo-rematch-wired-controller-star-spectrum\/\" \/>\n\t\t<meta name=\"generator\" content=\"All in One SEO Pro (AIOSEO) 4.5.9.2\" \/>\n\t\t<meta property=\"og:locale\" content=\"pt_PT\" \/>\n\t\t<meta property=\"og:site_name\" content=\"Rucas - One-stop AIoT Distribution Worldwide\" \/>\n\t\t<meta property=\"og:type\" content=\"article\" \/>\n\t\t<meta property=\"og:title\" content=\"Nintendo REMATCH Wired Controller: Star Spectrum - Rucas - Wholesale and Distribution\" \/>\n\t\t<meta property=\"og:description\" content=\"Use the 3.5mm jack for audio in all games and USB-chat for those that support it Easily adjust your game volume using the D-pad on the controller Customize your gameplay with paddle-style, dual programmable back buttons Faceplate and interchangeable pieces compatible with all REMATCH and Faceoff Deluxe+ Audio Wired Controllers Officially licensed by Nintendo\u00ae\" \/>\n\t\t<meta property=\"og:url\" content=\"https:\/\/www.rucashk.com\/pt\/produto\/nintendo-rematch-wired-controller-star-spectrum\/\" \/>\n\t\t<meta property=\"og:image\" content=\"https:\/\/www.rucashk.com\/wp-content\/uploads\/replace\/503b8e645f128a97ccde2b6290747646.jpeg\" \/>\n\t\t<meta property=\"og:image:secure_url\" content=\"https:\/\/www.rucashk.com\/wp-content\/uploads\/replace\/503b8e645f128a97ccde2b6290747646.jpeg\" \/>\n\t\t<meta property=\"og:image:width\" content=\"1456\" \/>\n\t\t<meta property=\"og:image:height\" content=\"816\" \/>\n\t\t<meta property=\"article:published_time\" content=\"2024-01-09T16:38:14+00:00\" \/>\n\t\t<meta property=\"article:modified_time\" content=\"2025-06-21T09:39:44+00:00\" \/>\n\t\t<meta name=\"twitter:card\" content=\"summary_large_image\" \/>\n\t\t<meta name=\"twitter:title\" content=\"Nintendo REMATCH Wired Controller: Star Spectrum - Rucas - Wholesale and Distribution\" \/>\n\t\t<meta name=\"twitter:description\" content=\"Use the 3.5mm jack for audio in all games and USB-chat for those that support it Easily adjust your game volume using the D-pad on the controller Customize your gameplay with paddle-style, dual programmable back buttons Faceplate and interchangeable pieces compatible with all REMATCH and Faceoff Deluxe+ Audio Wired Controllers Officially licensed by Nintendo\u00ae\" \/>\n\t\t<meta name=\"twitter:image\" content=\"https:\/\/www.rucashk.com\/wp-content\/uploads\/replace\/503b8e645f128a97ccde2b6290747646.jpeg\" \/>\n\t\t<script type=\"application\/ld+json\" class=\"aioseo-schema\">\n\t\t\t{\"@context\":\"https:\\\/\\\/schema.org\",\"@graph\":[{\"@type\":\"BreadcrumbList\",\"@id\":\"https:\\\/\\\/www.rucashk.com\\\/pt\\\/produto\\\/nintendo-rematch-wired-controller-star-spectrum\\\/#breadcrumblist\",\"itemListElement\":[{\"@type\":\"ListItem\",\"@id\":\"https:\\\/\\\/www.rucashk.com\\\/pt\\\/#listItem\",\"position\":1,\"name\":\"Home\",\"item\":\"https:\\\/\\\/www.rucashk.com\\\/pt\\\/\",\"nextItem\":\"https:\\\/\\\/www.rucashk.com\\\/pt\\\/produto\\\/nintendo-rematch-wired-controller-star-spectrum\\\/#listItem\"},{\"@type\":\"ListItem\",\"@id\":\"https:\\\/\\\/www.rucashk.com\\\/pt\\\/produto\\\/nintendo-rematch-wired-controller-star-spectrum\\\/#listItem\",\"position\":2,\"name\":\"Nintendo REMATCH Wired Controller: Star Spectrum\",\"previousItem\":\"https:\\\/\\\/www.rucashk.com\\\/pt\\\/#listItem\"}]},{\"@type\":\"Organization\",\"@id\":\"https:\\\/\\\/www.rucashk.com\\\/pt\\\/#organization\",\"name\":\"Rucas\",\"url\":\"https:\\\/\\\/www.rucashk.com\\\/pt\\\/\",\"logo\":{\"@type\":\"ImageObject\",\"url\":\"https:\\\/\\\/www.rucashk.com\\\/wp-content\\\/uploads\\\/2023\\\/12\\\/Rucas_campany_logo.png\",\"@id\":\"https:\\\/\\\/www.rucashk.com\\\/pt\\\/produto\\\/nintendo-rematch-wired-controller-star-spectrum\\\/#organizationLogo\",\"width\":221,\"height\":65},\"image\":{\"@id\":\"https:\\\/\\\/www.rucashk.com\\\/pt\\\/#organizationLogo\"}},{\"@type\":\"Person\",\"@id\":\"https:\\\/\\\/www.rucashk.com\\\/pt\\\/author\\\/admin\\\/#author\",\"url\":\"https:\\\/\\\/www.rucashk.com\\\/pt\\\/author\\\/admin\\\/\",\"name\":\"admin\",\"image\":{\"@type\":\"ImageObject\",\"@id\":\"https:\\\/\\\/www.rucashk.com\\\/pt\\\/produto\\\/nintendo-rematch-wired-controller-star-spectrum\\\/#authorImage\",\"url\":\"https:\\\/\\\/secure.gravatar.com\\\/avatar\\\/b7c8925b09a27e72b30232f8ecaadbd5af0f70a38c78096863fe51b64f031c24?s=96&d=mm&r=g\",\"width\":96,\"height\":96,\"caption\":\"admin\"}},{\"@type\":\"WebPage\",\"@id\":\"https:\\\/\\\/www.rucashk.com\\\/pt\\\/produto\\\/nintendo-rematch-wired-controller-star-spectrum\\\/#webpage\",\"url\":\"https:\\\/\\\/www.rucashk.com\\\/pt\\\/produto\\\/nintendo-rematch-wired-controller-star-spectrum\\\/\",\"name\":\"Nintendo REMATCH Wired Controller: Star Spectrum - Rucas - Wholesale and Distribution\",\"description\":\"Use the 3.5mm jack for audio in all games and USB-chat for those that support it Easily adjust your game volume using the D-pad on the controller Customize your gameplay with paddle-style, dual programmable back buttons Faceplate and interchangeable pieces compatible with all REMATCH and Faceoff Deluxe+ Audio Wired Controllers Officially licensed by Nintendo\\u00ae\",\"inLanguage\":\"pt-PT\",\"isPartOf\":{\"@id\":\"https:\\\/\\\/www.rucashk.com\\\/pt\\\/#website\"},\"breadcrumb\":{\"@id\":\"https:\\\/\\\/www.rucashk.com\\\/pt\\\/produto\\\/nintendo-rematch-wired-controller-star-spectrum\\\/#breadcrumblist\"},\"author\":{\"@id\":\"https:\\\/\\\/www.rucashk.com\\\/pt\\\/author\\\/admin\\\/#author\"},\"creator\":{\"@id\":\"https:\\\/\\\/www.rucashk.com\\\/pt\\\/author\\\/admin\\\/#author\"},\"image\":{\"@type\":\"ImageObject\",\"url\":\"https:\\\/\\\/www.rucashk.com\\\/wp-content\\\/uploads\\\/2024\\\/01\\\/10001-8-2.jpg\",\"@id\":\"https:\\\/\\\/www.rucashk.com\\\/pt\\\/produto\\\/nintendo-rematch-wired-controller-star-spectrum\\\/#mainImage\",\"width\":1240,\"height\":698},\"primaryImageOfPage\":{\"@id\":\"https:\\\/\\\/www.rucashk.com\\\/pt\\\/produto\\\/nintendo-rematch-wired-controller-star-spectrum\\\/#mainImage\"},\"datePublished\":\"2024-01-09T16:38:14+00:00\",\"dateModified\":\"2025-06-21T09:39:44+00:00\"},{\"@type\":\"WebSite\",\"@id\":\"https:\\\/\\\/www.rucashk.com\\\/pt\\\/#website\",\"url\":\"https:\\\/\\\/www.rucashk.com\\\/pt\\\/\",\"name\":\"Rucas - Wholesale and distribution worldwide\",\"alternateName\":\"Rucas - One-stop AIoT Distribution Worldwide\",\"description\":\"One-stop AIoT Distribution Worldwide\",\"inLanguage\":\"pt-PT\",\"publisher\":{\"@id\":\"https:\\\/\\\/www.rucashk.com\\\/pt\\\/#organization\"}}]}\n\t\t<\/script>\n\t\t<!-- All in One SEO Pro -->\r\n\t\t<title>Nintendo REMATCH Wired Controller: Star Spectrum - Rucas - Wholesale and Distribution<\/title>\n\n","aioseo_head_json":{"title":"Nintendo REMATCH Wired Controller: Star Spectrum - Rucas - Wholesale and Distribution","description":"Use the 3.5mm jack for audio in all games and USB-chat for those that support it Easily adjust your game volume using the D-pad on the controller Customize your gameplay with paddle-style, dual programmable back buttons Faceplate and interchangeable pieces compatible with all REMATCH and Faceoff Deluxe+ Audio Wired Controllers Officially licensed by Nintendo\u00ae","canonical_url":"https:\/\/www.rucashk.com\/pt\/produto\/nintendo-rematch-wired-controller-star-spectrum\/","robots":"max-image-preview:large","keywords":"","webmasterTools":{"miscellaneous":""},"og:locale":"pt_PT","og:site_name":"Rucas - One-stop AIoT Distribution Worldwide","og:type":"article","og:title":"Nintendo REMATCH Wired Controller: Star Spectrum - Rucas - Wholesale and Distribution","og:description":"Use the 3.5mm jack for audio in all games and USB-chat for those that support it Easily adjust your game volume using the D-pad on the controller Customize your gameplay with paddle-style, dual programmable back buttons Faceplate and interchangeable pieces compatible with all REMATCH and Faceoff Deluxe+ Audio Wired Controllers Officially licensed by Nintendo\u00ae","og:url":"https:\/\/www.rucashk.com\/pt\/produto\/nintendo-rematch-wired-controller-star-spectrum\/","og:image":"https:\/\/www.rucashk.com\/wp-content\/uploads\/replace\/503b8e645f128a97ccde2b6290747646.jpeg","og:image:secure_url":"https:\/\/www.rucashk.com\/wp-content\/uploads\/replace\/503b8e645f128a97ccde2b6290747646.jpeg","og:image:width":1456,"og:image:height":816,"article:published_time":"2024-01-09T16:38:14+00:00","article:modified_time":"2025-06-21T09:39:44+00:00","twitter:card":"summary_large_image","twitter:title":"Nintendo REMATCH Wired Controller: Star Spectrum - Rucas - Wholesale and Distribution","twitter:description":"Use the 3.5mm jack for audio in all games and USB-chat for those that support it Easily adjust your game volume using the D-pad on the controller Customize your gameplay with paddle-style, dual programmable back buttons Faceplate and interchangeable pieces compatible with all REMATCH and Faceoff Deluxe+ Audio Wired Controllers Officially licensed by Nintendo\u00ae","twitter:image":"https:\/\/www.rucashk.com\/wp-content\/uploads\/replace\/503b8e645f128a97ccde2b6290747646.jpeg","schema":{"@context":"https:\/\/schema.org","@graph":[{"@type":"BreadcrumbList","@id":"https:\/\/www.rucashk.com\/pt\/produto\/nintendo-rematch-wired-controller-star-spectrum\/#breadcrumblist","itemListElement":[{"@type":"ListItem","@id":"https:\/\/www.rucashk.com\/pt\/#listItem","position":1,"name":"Home","item":"https:\/\/www.rucashk.com\/pt\/","nextItem":"https:\/\/www.rucashk.com\/pt\/produto\/nintendo-rematch-wired-controller-star-spectrum\/#listItem"},{"@type":"ListItem","@id":"https:\/\/www.rucashk.com\/pt\/produto\/nintendo-rematch-wired-controller-star-spectrum\/#listItem","position":2,"name":"Nintendo REMATCH Wired Controller: Star Spectrum","previousItem":"https:\/\/www.rucashk.com\/pt\/#listItem"}]},{"@type":"Organization","@id":"https:\/\/www.rucashk.com\/pt\/#organization","name":"Rucas","url":"https:\/\/www.rucashk.com\/pt\/","logo":{"@type":"ImageObject","url":"https:\/\/www.rucashk.com\/wp-content\/uploads\/2023\/12\/Rucas_campany_logo.png","@id":"https:\/\/www.rucashk.com\/pt\/produto\/nintendo-rematch-wired-controller-star-spectrum\/#organizationLogo","width":221,"height":65},"image":{"@id":"https:\/\/www.rucashk.com\/pt\/#organizationLogo"}},{"@type":"Person","@id":"https:\/\/www.rucashk.com\/pt\/author\/admin\/#author","url":"https:\/\/www.rucashk.com\/pt\/author\/admin\/","name":"admin","image":{"@type":"ImageObject","@id":"https:\/\/www.rucashk.com\/pt\/produto\/nintendo-rematch-wired-controller-star-spectrum\/#authorImage","url":"https:\/\/secure.gravatar.com\/avatar\/b7c8925b09a27e72b30232f8ecaadbd5af0f70a38c78096863fe51b64f031c24?s=96&d=mm&r=g","width":96,"height":96,"caption":"admin"}},{"@type":"WebPage","@id":"https:\/\/www.rucashk.com\/pt\/produto\/nintendo-rematch-wired-controller-star-spectrum\/#webpage","url":"https:\/\/www.rucashk.com\/pt\/produto\/nintendo-rematch-wired-controller-star-spectrum\/","name":"Nintendo REMATCH Wired Controller: Star Spectrum - Rucas - Wholesale and Distribution","description":"Use the 3.5mm jack for audio in all games and USB-chat for those that support it Easily adjust your game volume using the D-pad on the controller Customize your gameplay with paddle-style, dual programmable back buttons Faceplate and interchangeable pieces compatible with all REMATCH and Faceoff Deluxe+ Audio Wired Controllers Officially licensed by Nintendo\u00ae","inLanguage":"pt-PT","isPartOf":{"@id":"https:\/\/www.rucashk.com\/pt\/#website"},"breadcrumb":{"@id":"https:\/\/www.rucashk.com\/pt\/produto\/nintendo-rematch-wired-controller-star-spectrum\/#breadcrumblist"},"author":{"@id":"https:\/\/www.rucashk.com\/pt\/author\/admin\/#author"},"creator":{"@id":"https:\/\/www.rucashk.com\/pt\/author\/admin\/#author"},"image":{"@type":"ImageObject","url":"https:\/\/www.rucashk.com\/wp-content\/uploads\/2024\/01\/10001-8-2.jpg","@id":"https:\/\/www.rucashk.com\/pt\/produto\/nintendo-rematch-wired-controller-star-spectrum\/#mainImage","width":1240,"height":698},"primaryImageOfPage":{"@id":"https:\/\/www.rucashk.com\/pt\/produto\/nintendo-rematch-wired-controller-star-spectrum\/#mainImage"},"datePublished":"2024-01-09T16:38:14+00:00","dateModified":"2025-06-21T09:39:44+00:00"},{"@type":"WebSite","@id":"https:\/\/www.rucashk.com\/pt\/#website","url":"https:\/\/www.rucashk.com\/pt\/","name":"Rucas - Wholesale and distribution worldwide","alternateName":"Rucas - One-stop AIoT Distribution Worldwide","description":"One-stop AIoT Distribution Worldwide","inLanguage":"pt-PT","publisher":{"@id":"https:\/\/www.rucashk.com\/pt\/#organization"}}]}},"aioseo_meta_data":{"post_id":"27169","title":null,"description":null,"keywords":null,"keyphrases":null,"primary_term":null,"canonical_url":null,"og_title":null,"og_description":null,"og_object_type":"default","og_image_type":"default","og_image_url":null,"og_image_width":null,"og_image_height":null,"og_image_custom_url":null,"og_image_custom_fields":null,"og_video":null,"og_custom_url":null,"og_article_section":null,"og_article_tags":null,"twitter_use_og":false,"twitter_card":"default","twitter_image_type":"default","twitter_image_url":null,"twitter_image_custom_url":null,"twitter_image_custom_fields":null,"twitter_title":null,"twitter_description":null,"schema":{"blockGraphs":[],"customGraphs":[],"default":{"data":{"Article":[],"Course":[],"Dataset":[],"FAQPage":[],"Movie":[],"Person":[],"Product":[],"Recipe":[],"Service":[],"SoftwareApplication":[],"WebPage":[]},"graphName":"","isEnabled":true},"graphs":[]},"schema_type":"default","schema_type_options":null,"pillar_content":false,"robots_default":true,"robots_noindex":false,"robots_noarchive":false,"robots_nosnippet":false,"robots_nofollow":false,"robots_noimageindex":false,"robots_noodp":false,"robots_notranslate":false,"robots_max_snippet":null,"robots_max_videopreview":null,"robots_max_imagepreview":"large","priority":null,"frequency":null,"local_seo":null,"breadcrumb_settings":null,"limit_modified_date":false,"created":"2024-04-11 01:57:21","updated":"2025-06-22 18:32:54"},"aioseo_breadcrumb":"<div class=\"aioseo-breadcrumbs\"><span class=\"aioseo-breadcrumb\">\n\t<a href=\"https:\/\/www.rucashk.com\/pt\" title=\"Home\">Home<\/a>\n<\/span><span class=\"aioseo-breadcrumb-separator\">&raquo;<\/span><span class=\"aioseo-breadcrumb\">\n\t<a href=\"https:\/\/www.rucashk.com\/pt\/products\/\" title=\"Produtos\">Produtos<\/a>\n<\/span><span class=\"aioseo-breadcrumb-separator\">&raquo;<\/span><span class=\"aioseo-breadcrumb\">\n\t<a href=\"https:\/\/www.rucashk.com\/pt\/marca\/nintendo\/\" title=\"Nintendo\">Nintendo<\/a>\n<\/span><span class=\"aioseo-breadcrumb-separator\">&raquo;<\/span><span class=\"aioseo-breadcrumb\">\n\tNintendo REMATCH Wired Controller: Star Spectrum\n<\/span><\/div>","aioseo_breadcrumb_json":[{"label":"Home","link":"https:\/\/www.rucashk.com\/pt"},{"label":"Produtos","link":"https:\/\/www.rucashk.com\/pt\/products\/"},{"label":"Nintendo","link":"https:\/\/www.rucashk.com\/pt\/marca\/nintendo\/"},{"label":"Nintendo REMATCH Wired Controller: Star Spectrum","link":"https:\/\/www.rucashk.com\/pt\/produto\/nintendo-rematch-wired-controller-star-spectrum\/"}],"_links":{"self":[{"href":"https:\/\/www.rucashk.com\/pt\/wp-json\/wp\/v2\/product\/27169","targetHints":{"allow":["GET"]}}],"collection":[{"href":"https:\/\/www.rucashk.com\/pt\/wp-json\/wp\/v2\/product"}],"about":[{"href":"https:\/\/www.rucashk.com\/pt\/wp-json\/wp\/v2\/types\/product"}],"wp:featuredmedia":[{"embeddable":true,"href":"https:\/\/www.rucashk.com\/pt\/wp-json\/wp\/v2\/media\/27312"}],"wp:attachment":[{"href":"https:\/\/www.rucashk.com\/pt\/wp-json\/wp\/v2\/media?parent=27169"}],"wp:term":[{"taxonomy":"product_brand","embeddable":true,"href":"https:\/\/www.rucashk.com\/pt\/wp-json\/wp\/v2\/product_brand?post=27169"},{"taxonomy":"product_cat","embeddable":true,"href":"https:\/\/www.rucashk.com\/pt\/wp-json\/wp\/v2\/product_cat?post=27169"},{"taxonomy":"product_tag","embeddable":true,"href":"https:\/\/www.rucashk.com\/pt\/wp-json\/wp\/v2\/product_tag?post=27169"}],"curies":[{"name":"wp","href":"https:\/\/api.w.org\/{rel}","templated":true}]}}