{"id":27140,"date":"2024-01-09T16:37:50","date_gmt":"2024-01-09T16:37:50","guid":{"rendered":"http:\/\/rucashk.com\/?post_type=product&#038;p=27140"},"modified":"2025-06-21T09:39:45","modified_gmt":"2025-06-21T09:39:45","slug":"enhanced-wireless-controller-link-vs-lynel","status":"publish","type":"product","link":"https:\/\/www.rucashk.com\/pt\/produto\/enhanced-wireless-controller-link-vs-lynel\/","title":{"rendered":"Controlador sem fio aprimorado \u2013 Link vs Lynel"},"content":{"rendered":"<h4>Este controlador sem fio aprimorado PowerA para Nintendo parece incr\u00edvel e funciona ainda melhor.<\/h4>\n<p>Cada controlador recarreg\u00e1vel apresenta arte deslumbrante de classe mundial de alguns dos designers mais talentosos da ind\u00fastria de jogos e \u00e9 repleto de recursos para garantir desempenho e confiabilidade ideais no jogo.<\/p>\n<p>Programe dois bot\u00f5es de jogo avan\u00e7ados mape\u00e1veis instantaneamente, incline-se em curvas e curvas com controles de movimento intuitivos e desfrute de horas de jogo com ergonomia e jogabilidade superconfort\u00e1veis. Al\u00e9m disso, desfrute de at\u00e9 30 horas de jogo com uma \u00fanica carga, cortesia de uma potente bateria interna recarreg\u00e1vel de \u00edons de l\u00edtio de 900mAh. Este controlador \u00e9 t\u00e3o incr\u00edvel que voc\u00ea talvez nunca queira larg\u00e1-lo. Inclui um cabo de carregamento USB-C de 10 p\u00e9s (3 m), al\u00e9m do PowerA que oferece suporte a todos os produtos por 2 anos para refor\u00e7ar o compromisso de qualidade.<\/p>\n<p><strong>Caracter\u00edsticas:<\/strong><\/p>\n<ul>\n<li>Controlador sem fio com tecnologia Bluetooth 5.0<\/li>\n<li>Bateria recarreg\u00e1vel de \u00edons de l\u00edtio: at\u00e9 30 horas por carga*<\/li>\n<li>Dois bot\u00f5es de jogo avan\u00e7ados mape\u00e1veis<\/li>\n<li>An\u00e9is anti-fric\u00e7\u00e3o incorporados para controle suave do polegar<\/li>\n<li>Ergonomia superior para horas de jogo confort\u00e1vel<\/li>\n<li>Layout intuitivo dos bot\u00f5es da Nintendo<\/li>\n<li>Indicador LED de aviso de bateria fraca<\/li>\n<li>Inclui cabo de carregamento USB-C de 10 p\u00e9s (3m)<\/li>\n<li>Garantia limitada de dois anos \u2013 visite PowerA.com\/Support<\/li>\n<\/ul>\n<p>&nbsp;<\/p>\n<p><img fetchpriority=\"high\" decoding=\"async\" class=\"aligncenter wp-image-35173 size-full\" src=\"https:\/\/www.rucashk.com\/wp-content\/uploads\/2023\/10\/10001-5.jpg\" alt=\"Enhanced Wireless Controller - Link vs Lynel\" width=\"930\" height=\"523\" \/><\/p>","protected":false},"excerpt":{"rendered":"<ul>\n<li>Controlador sem fio com tecnologia Bluetooth 5.0<\/li>\n<li>Bateria recarreg\u00e1vel de \u00edons de l\u00edtio: at\u00e9 30 horas por carga*<\/li>\n<li>Dois bot\u00f5es de jogo avan\u00e7ados mape\u00e1veis<\/li>\n<li>An\u00e9is anti-fric\u00e7\u00e3o incorporados para controle suave do polegar<\/li>\n<li>Ergonomia superior para horas de jogo confort\u00e1vel<\/li>\n<li>Layout intuitivo dos bot\u00f5es da Nintendo<\/li>\n<li>Indicador LED de aviso de bateria fraca<\/li>\n<li>Inclui cabo de carregamento USB-C de 10 p\u00e9s (3m)<\/li>\n<li>Garantia limitada de dois anos \u2013 visite PowerA.com\/Support<\/li>\n<\/ul>","protected":false},"featured_media":27287,"template":"","meta":[],"product_brand":[1359],"product_cat":[1286],"product_tag":[],"class_list":{"0":"post-27140","1":"product","2":"type-product","3":"status-publish","4":"has-post-thumbnail","6":"product_brand-nintendo","7":"product_cat-nintendo-console","9":"first","10":"instock","11":"shipping-taxable","12":"product-type-simple"},"aioseo_notices":[],"aioseo_head":"\n\t\t<!-- All in One SEO Pro 4.5.9.2 - aioseo.com -->\n\t\t<meta name=\"description\" content=\"Wireless controller with Bluetooth 5.0 technology Rechargeable lithium-ion battery: Up to 30 hours per charge* Two mappable Advanced Gaming Buttons Embedded anti-friction rings for smooth thumbstick control Superior ergonomics for hours of comfortable gaming Intuitive Nintendo button layout Low battery warning LED indicator Includes 10ft (3m) USB-C charge cable Two-year limited warranty - visit PowerA.com\/Support\" \/>\n\t\t<meta name=\"robots\" content=\"max-image-preview:large\" \/>\n\t\t<link rel=\"canonical\" href=\"https:\/\/www.rucashk.com\/pt\/produto\/enhanced-wireless-controller-link-vs-lynel\/\" \/>\n\t\t<meta name=\"generator\" content=\"All in One SEO Pro (AIOSEO) 4.5.9.2\" \/>\n\t\t<meta property=\"og:locale\" content=\"pt_PT\" \/>\n\t\t<meta property=\"og:site_name\" content=\"Rucas - One-stop AIoT Distribution Worldwide\" \/>\n\t\t<meta property=\"og:type\" content=\"article\" \/>\n\t\t<meta property=\"og:title\" content=\"Enhanced Wireless Controller \u2013 Link vs Lynel - Rucas - Wholesale and Distribution\" \/>\n\t\t<meta property=\"og:description\" content=\"Wireless controller with Bluetooth 5.0 technology Rechargeable lithium-ion battery: Up to 30 hours per charge* Two mappable Advanced Gaming Buttons Embedded anti-friction rings for smooth thumbstick control Superior ergonomics for hours of comfortable gaming Intuitive Nintendo button layout Low battery warning LED indicator Includes 10ft (3m) USB-C charge cable Two-year limited warranty - visit PowerA.com\/Support\" \/>\n\t\t<meta property=\"og:url\" content=\"https:\/\/www.rucashk.com\/pt\/produto\/enhanced-wireless-controller-link-vs-lynel\/\" \/>\n\t\t<meta property=\"og:image\" content=\"https:\/\/www.rucashk.com\/wp-content\/uploads\/replace\/503b8e645f128a97ccde2b6290747646.jpeg\" \/>\n\t\t<meta property=\"og:image:secure_url\" content=\"https:\/\/www.rucashk.com\/wp-content\/uploads\/replace\/503b8e645f128a97ccde2b6290747646.jpeg\" \/>\n\t\t<meta property=\"og:image:width\" content=\"1456\" \/>\n\t\t<meta property=\"og:image:height\" content=\"816\" \/>\n\t\t<meta property=\"article:published_time\" content=\"2024-01-09T16:37:50+00:00\" \/>\n\t\t<meta property=\"article:modified_time\" content=\"2025-06-21T09:39:45+00:00\" \/>\n\t\t<meta name=\"twitter:card\" content=\"summary_large_image\" \/>\n\t\t<meta name=\"twitter:title\" content=\"Enhanced Wireless Controller \u2013 Link vs Lynel - Rucas - Wholesale and Distribution\" \/>\n\t\t<meta name=\"twitter:description\" content=\"Wireless controller with Bluetooth 5.0 technology Rechargeable lithium-ion battery: Up to 30 hours per charge* Two mappable Advanced Gaming Buttons Embedded anti-friction rings for smooth thumbstick control Superior ergonomics for hours of comfortable gaming Intuitive Nintendo button layout Low battery warning LED indicator Includes 10ft (3m) USB-C charge cable Two-year limited warranty - visit PowerA.com\/Support\" \/>\n\t\t<meta name=\"twitter:image\" content=\"https:\/\/www.rucashk.com\/wp-content\/uploads\/replace\/503b8e645f128a97ccde2b6290747646.jpeg\" \/>\n\t\t<script type=\"application\/ld+json\" class=\"aioseo-schema\">\n\t\t\t{\"@context\":\"https:\\\/\\\/schema.org\",\"@graph\":[{\"@type\":\"BreadcrumbList\",\"@id\":\"https:\\\/\\\/www.rucashk.com\\\/pt\\\/produto\\\/enhanced-wireless-controller-link-vs-lynel\\\/#breadcrumblist\",\"itemListElement\":[{\"@type\":\"ListItem\",\"@id\":\"https:\\\/\\\/www.rucashk.com\\\/pt\\\/#listItem\",\"position\":1,\"name\":\"Home\",\"item\":\"https:\\\/\\\/www.rucashk.com\\\/pt\\\/\",\"nextItem\":\"https:\\\/\\\/www.rucashk.com\\\/pt\\\/produto\\\/enhanced-wireless-controller-link-vs-lynel\\\/#listItem\"},{\"@type\":\"ListItem\",\"@id\":\"https:\\\/\\\/www.rucashk.com\\\/pt\\\/produto\\\/enhanced-wireless-controller-link-vs-lynel\\\/#listItem\",\"position\":2,\"name\":\"Enhanced Wireless Controller - Link vs Lynel\",\"previousItem\":\"https:\\\/\\\/www.rucashk.com\\\/pt\\\/#listItem\"}]},{\"@type\":\"Organization\",\"@id\":\"https:\\\/\\\/www.rucashk.com\\\/pt\\\/#organization\",\"name\":\"Rucas\",\"url\":\"https:\\\/\\\/www.rucashk.com\\\/pt\\\/\",\"logo\":{\"@type\":\"ImageObject\",\"url\":\"https:\\\/\\\/www.rucashk.com\\\/wp-content\\\/uploads\\\/2023\\\/12\\\/Rucas_campany_logo.png\",\"@id\":\"https:\\\/\\\/www.rucashk.com\\\/pt\\\/produto\\\/enhanced-wireless-controller-link-vs-lynel\\\/#organizationLogo\",\"width\":221,\"height\":65},\"image\":{\"@id\":\"https:\\\/\\\/www.rucashk.com\\\/pt\\\/#organizationLogo\"}},{\"@type\":\"Person\",\"@id\":\"https:\\\/\\\/www.rucashk.com\\\/pt\\\/author\\\/admin\\\/#author\",\"url\":\"https:\\\/\\\/www.rucashk.com\\\/pt\\\/author\\\/admin\\\/\",\"name\":\"admin\",\"image\":{\"@type\":\"ImageObject\",\"@id\":\"https:\\\/\\\/www.rucashk.com\\\/pt\\\/produto\\\/enhanced-wireless-controller-link-vs-lynel\\\/#authorImage\",\"url\":\"https:\\\/\\\/secure.gravatar.com\\\/avatar\\\/b7c8925b09a27e72b30232f8ecaadbd5af0f70a38c78096863fe51b64f031c24?s=96&d=mm&r=g\",\"width\":96,\"height\":96,\"caption\":\"admin\"}},{\"@type\":\"WebPage\",\"@id\":\"https:\\\/\\\/www.rucashk.com\\\/pt\\\/produto\\\/enhanced-wireless-controller-link-vs-lynel\\\/#webpage\",\"url\":\"https:\\\/\\\/www.rucashk.com\\\/pt\\\/produto\\\/enhanced-wireless-controller-link-vs-lynel\\\/\",\"name\":\"Enhanced Wireless Controller \\u2013 Link vs Lynel - Rucas - Wholesale and Distribution\",\"description\":\"Wireless controller with Bluetooth 5.0 technology Rechargeable lithium-ion battery: Up to 30 hours per charge* Two mappable Advanced Gaming Buttons Embedded anti-friction rings for smooth thumbstick control Superior ergonomics for hours of comfortable gaming Intuitive Nintendo button layout Low battery warning LED indicator Includes 10ft (3m) USB-C charge cable Two-year limited warranty - visit PowerA.com\\\/Support\",\"inLanguage\":\"pt-PT\",\"isPartOf\":{\"@id\":\"https:\\\/\\\/www.rucashk.com\\\/pt\\\/#website\"},\"breadcrumb\":{\"@id\":\"https:\\\/\\\/www.rucashk.com\\\/pt\\\/produto\\\/enhanced-wireless-controller-link-vs-lynel\\\/#breadcrumblist\"},\"author\":{\"@id\":\"https:\\\/\\\/www.rucashk.com\\\/pt\\\/author\\\/admin\\\/#author\"},\"creator\":{\"@id\":\"https:\\\/\\\/www.rucashk.com\\\/pt\\\/author\\\/admin\\\/#author\"},\"image\":{\"@type\":\"ImageObject\",\"url\":\"https:\\\/\\\/www.rucashk.com\\\/wp-content\\\/uploads\\\/2024\\\/01\\\/10001-5-1.jpg\",\"@id\":\"https:\\\/\\\/www.rucashk.com\\\/pt\\\/produto\\\/enhanced-wireless-controller-link-vs-lynel\\\/#mainImage\",\"width\":930,\"height\":523},\"primaryImageOfPage\":{\"@id\":\"https:\\\/\\\/www.rucashk.com\\\/pt\\\/produto\\\/enhanced-wireless-controller-link-vs-lynel\\\/#mainImage\"},\"datePublished\":\"2024-01-09T16:37:50+00:00\",\"dateModified\":\"2025-06-21T09:39:45+00:00\"},{\"@type\":\"WebSite\",\"@id\":\"https:\\\/\\\/www.rucashk.com\\\/pt\\\/#website\",\"url\":\"https:\\\/\\\/www.rucashk.com\\\/pt\\\/\",\"name\":\"Rucas - Wholesale and distribution worldwide\",\"alternateName\":\"Rucas - One-stop AIoT Distribution Worldwide\",\"description\":\"One-stop AIoT Distribution Worldwide\",\"inLanguage\":\"pt-PT\",\"publisher\":{\"@id\":\"https:\\\/\\\/www.rucashk.com\\\/pt\\\/#organization\"}}]}\n\t\t<\/script>\n\t\t<!-- All in One SEO Pro -->\r\n\t\t<title>Enhanced Wireless Controller \u2013 Link vs Lynel - Rucas - Wholesale and Distribution<\/title>\n\n","aioseo_head_json":{"title":"Enhanced Wireless Controller \u2013 Link vs Lynel - Rucas - Wholesale and Distribution","description":"Wireless controller with Bluetooth 5.0 technology Rechargeable lithium-ion battery: Up to 30 hours per charge* Two mappable Advanced Gaming Buttons Embedded anti-friction rings for smooth thumbstick control Superior ergonomics for hours of comfortable gaming Intuitive Nintendo button layout Low battery warning LED indicator Includes 10ft (3m) USB-C charge cable Two-year limited warranty - visit PowerA.com\/Support","canonical_url":"https:\/\/www.rucashk.com\/pt\/produto\/enhanced-wireless-controller-link-vs-lynel\/","robots":"max-image-preview:large","keywords":"","webmasterTools":{"miscellaneous":""},"og:locale":"pt_PT","og:site_name":"Rucas - One-stop AIoT Distribution Worldwide","og:type":"article","og:title":"Enhanced Wireless Controller \u2013 Link vs Lynel - Rucas - Wholesale and Distribution","og:description":"Wireless controller with Bluetooth 5.0 technology Rechargeable lithium-ion battery: Up to 30 hours per charge* Two mappable Advanced Gaming Buttons Embedded anti-friction rings for smooth thumbstick control Superior ergonomics for hours of comfortable gaming Intuitive Nintendo button layout Low battery warning LED indicator Includes 10ft (3m) USB-C charge cable Two-year limited warranty - visit PowerA.com\/Support","og:url":"https:\/\/www.rucashk.com\/pt\/produto\/enhanced-wireless-controller-link-vs-lynel\/","og:image":"https:\/\/www.rucashk.com\/wp-content\/uploads\/replace\/503b8e645f128a97ccde2b6290747646.jpeg","og:image:secure_url":"https:\/\/www.rucashk.com\/wp-content\/uploads\/replace\/503b8e645f128a97ccde2b6290747646.jpeg","og:image:width":1456,"og:image:height":816,"article:published_time":"2024-01-09T16:37:50+00:00","article:modified_time":"2025-06-21T09:39:45+00:00","twitter:card":"summary_large_image","twitter:title":"Enhanced Wireless Controller \u2013 Link vs Lynel - Rucas - Wholesale and Distribution","twitter:description":"Wireless controller with Bluetooth 5.0 technology Rechargeable lithium-ion battery: Up to 30 hours per charge* Two mappable Advanced Gaming Buttons Embedded anti-friction rings for smooth thumbstick control Superior ergonomics for hours of comfortable gaming Intuitive Nintendo button layout Low battery warning LED indicator Includes 10ft (3m) USB-C charge cable Two-year limited warranty - visit PowerA.com\/Support","twitter:image":"https:\/\/www.rucashk.com\/wp-content\/uploads\/replace\/503b8e645f128a97ccde2b6290747646.jpeg","schema":{"@context":"https:\/\/schema.org","@graph":[{"@type":"BreadcrumbList","@id":"https:\/\/www.rucashk.com\/pt\/produto\/enhanced-wireless-controller-link-vs-lynel\/#breadcrumblist","itemListElement":[{"@type":"ListItem","@id":"https:\/\/www.rucashk.com\/pt\/#listItem","position":1,"name":"Home","item":"https:\/\/www.rucashk.com\/pt\/","nextItem":"https:\/\/www.rucashk.com\/pt\/produto\/enhanced-wireless-controller-link-vs-lynel\/#listItem"},{"@type":"ListItem","@id":"https:\/\/www.rucashk.com\/pt\/produto\/enhanced-wireless-controller-link-vs-lynel\/#listItem","position":2,"name":"Enhanced Wireless Controller - Link vs Lynel","previousItem":"https:\/\/www.rucashk.com\/pt\/#listItem"}]},{"@type":"Organization","@id":"https:\/\/www.rucashk.com\/pt\/#organization","name":"Rucas","url":"https:\/\/www.rucashk.com\/pt\/","logo":{"@type":"ImageObject","url":"https:\/\/www.rucashk.com\/wp-content\/uploads\/2023\/12\/Rucas_campany_logo.png","@id":"https:\/\/www.rucashk.com\/pt\/produto\/enhanced-wireless-controller-link-vs-lynel\/#organizationLogo","width":221,"height":65},"image":{"@id":"https:\/\/www.rucashk.com\/pt\/#organizationLogo"}},{"@type":"Person","@id":"https:\/\/www.rucashk.com\/pt\/author\/admin\/#author","url":"https:\/\/www.rucashk.com\/pt\/author\/admin\/","name":"admin","image":{"@type":"ImageObject","@id":"https:\/\/www.rucashk.com\/pt\/produto\/enhanced-wireless-controller-link-vs-lynel\/#authorImage","url":"https:\/\/secure.gravatar.com\/avatar\/b7c8925b09a27e72b30232f8ecaadbd5af0f70a38c78096863fe51b64f031c24?s=96&d=mm&r=g","width":96,"height":96,"caption":"admin"}},{"@type":"WebPage","@id":"https:\/\/www.rucashk.com\/pt\/produto\/enhanced-wireless-controller-link-vs-lynel\/#webpage","url":"https:\/\/www.rucashk.com\/pt\/produto\/enhanced-wireless-controller-link-vs-lynel\/","name":"Enhanced Wireless Controller \u2013 Link vs Lynel - Rucas - Wholesale and Distribution","description":"Wireless controller with Bluetooth 5.0 technology Rechargeable lithium-ion battery: Up to 30 hours per charge* Two mappable Advanced Gaming Buttons Embedded anti-friction rings for smooth thumbstick control Superior ergonomics for hours of comfortable gaming Intuitive Nintendo button layout Low battery warning LED indicator Includes 10ft (3m) USB-C charge cable Two-year limited warranty - visit PowerA.com\/Support","inLanguage":"pt-PT","isPartOf":{"@id":"https:\/\/www.rucashk.com\/pt\/#website"},"breadcrumb":{"@id":"https:\/\/www.rucashk.com\/pt\/produto\/enhanced-wireless-controller-link-vs-lynel\/#breadcrumblist"},"author":{"@id":"https:\/\/www.rucashk.com\/pt\/author\/admin\/#author"},"creator":{"@id":"https:\/\/www.rucashk.com\/pt\/author\/admin\/#author"},"image":{"@type":"ImageObject","url":"https:\/\/www.rucashk.com\/wp-content\/uploads\/2024\/01\/10001-5-1.jpg","@id":"https:\/\/www.rucashk.com\/pt\/produto\/enhanced-wireless-controller-link-vs-lynel\/#mainImage","width":930,"height":523},"primaryImageOfPage":{"@id":"https:\/\/www.rucashk.com\/pt\/produto\/enhanced-wireless-controller-link-vs-lynel\/#mainImage"},"datePublished":"2024-01-09T16:37:50+00:00","dateModified":"2025-06-21T09:39:45+00:00"},{"@type":"WebSite","@id":"https:\/\/www.rucashk.com\/pt\/#website","url":"https:\/\/www.rucashk.com\/pt\/","name":"Rucas - Wholesale and distribution worldwide","alternateName":"Rucas - One-stop AIoT Distribution Worldwide","description":"One-stop AIoT Distribution Worldwide","inLanguage":"pt-PT","publisher":{"@id":"https:\/\/www.rucashk.com\/pt\/#organization"}}]}},"aioseo_meta_data":{"post_id":"27140","title":null,"description":null,"keywords":null,"keyphrases":null,"primary_term":null,"canonical_url":null,"og_title":null,"og_description":null,"og_object_type":"default","og_image_type":"default","og_image_url":null,"og_image_width":null,"og_image_height":null,"og_image_custom_url":null,"og_image_custom_fields":null,"og_video":null,"og_custom_url":null,"og_article_section":null,"og_article_tags":null,"twitter_use_og":false,"twitter_card":"default","twitter_image_type":"default","twitter_image_url":null,"twitter_image_custom_url":null,"twitter_image_custom_fields":null,"twitter_title":null,"twitter_description":null,"schema":{"blockGraphs":[],"customGraphs":[],"default":{"data":{"Article":[],"Course":[],"Dataset":[],"FAQPage":[],"Movie":[],"Person":[],"Product":[],"Recipe":[],"Service":[],"SoftwareApplication":[],"WebPage":[]},"graphName":"","isEnabled":true},"graphs":[]},"schema_type":"default","schema_type_options":null,"pillar_content":false,"robots_default":true,"robots_noindex":false,"robots_noarchive":false,"robots_nosnippet":false,"robots_nofollow":false,"robots_noimageindex":false,"robots_noodp":false,"robots_notranslate":false,"robots_max_snippet":null,"robots_max_videopreview":null,"robots_max_imagepreview":"large","priority":null,"frequency":null,"local_seo":null,"breadcrumb_settings":null,"limit_modified_date":false,"created":"2024-04-11 01:57:21","updated":"2025-06-22 18:31:59"},"aioseo_breadcrumb":"<div class=\"aioseo-breadcrumbs\"><span class=\"aioseo-breadcrumb\">\n\t<a href=\"https:\/\/www.rucashk.com\/pt\" title=\"Home\">Home<\/a>\n<\/span><span class=\"aioseo-breadcrumb-separator\">&raquo;<\/span><span class=\"aioseo-breadcrumb\">\n\t<a href=\"https:\/\/www.rucashk.com\/pt\/products\/\" title=\"Produtos\">Produtos<\/a>\n<\/span><span class=\"aioseo-breadcrumb-separator\">&raquo;<\/span><span class=\"aioseo-breadcrumb\">\n\t<a href=\"https:\/\/www.rucashk.com\/pt\/marca\/nintendo\/\" title=\"Nintendo\">Nintendo<\/a>\n<\/span><span class=\"aioseo-breadcrumb-separator\">&raquo;<\/span><span class=\"aioseo-breadcrumb\">\n\tEnhanced Wireless Controller \u2013 Link vs Lynel\n<\/span><\/div>","aioseo_breadcrumb_json":[{"label":"Home","link":"https:\/\/www.rucashk.com\/pt"},{"label":"Produtos","link":"https:\/\/www.rucashk.com\/pt\/products\/"},{"label":"Nintendo","link":"https:\/\/www.rucashk.com\/pt\/marca\/nintendo\/"},{"label":"Enhanced Wireless Controller &#8211; Link vs Lynel","link":"https:\/\/www.rucashk.com\/pt\/produto\/enhanced-wireless-controller-link-vs-lynel\/"}],"_links":{"self":[{"href":"https:\/\/www.rucashk.com\/pt\/wp-json\/wp\/v2\/product\/27140","targetHints":{"allow":["GET"]}}],"collection":[{"href":"https:\/\/www.rucashk.com\/pt\/wp-json\/wp\/v2\/product"}],"about":[{"href":"https:\/\/www.rucashk.com\/pt\/wp-json\/wp\/v2\/types\/product"}],"wp:featuredmedia":[{"embeddable":true,"href":"https:\/\/www.rucashk.com\/pt\/wp-json\/wp\/v2\/media\/27287"}],"wp:attachment":[{"href":"https:\/\/www.rucashk.com\/pt\/wp-json\/wp\/v2\/media?parent=27140"}],"wp:term":[{"taxonomy":"product_brand","embeddable":true,"href":"https:\/\/www.rucashk.com\/pt\/wp-json\/wp\/v2\/product_brand?post=27140"},{"taxonomy":"product_cat","embeddable":true,"href":"https:\/\/www.rucashk.com\/pt\/wp-json\/wp\/v2\/product_cat?post=27140"},{"taxonomy":"product_tag","embeddable":true,"href":"https:\/\/www.rucashk.com\/pt\/wp-json\/wp\/v2\/product_tag?post=27140"}],"curies":[{"name":"wp","href":"https:\/\/api.w.org\/{rel}","templated":true}]}}