{"id":27137,"date":"2024-01-09T16:37:49","date_gmt":"2024-01-09T16:37:49","guid":{"rendered":"http:\/\/rucashk.com\/?post_type=product&#038;p=27137"},"modified":"2025-06-21T09:39:45","modified_gmt":"2025-06-21T09:39:45","slug":"nintendo-switch-splatoon-3-edition","status":"publish","type":"product","link":"https:\/\/www.rucashk.com\/pt\/produto\/nintendo-switch-splatoon-3-edition\/","title":{"rendered":"Nintendo Switch Splatoon 3 Edi\u00e7\u00e3o"},"content":{"rendered":"<div class=\"detailmodule_image\"><img decoding=\"async\" alt=\"Nintendo Switch Splatoon 3 Edition\" class=\"detail-desc-decorate-image\" src=\"\/wp-content\/uploads\/replace\/e6fa5d1e89cfc6f8bc925cf3d5da52f9.png\" \/><img decoding=\"async\" alt=\"Nintendo Switch Splatoon 3 Edition\" class=\"detail-desc-decorate-image\" src=\"\/wp-content\/uploads\/replace\/a0c3b10088613567989867eceed74f4c.png\" \/><\/div>\n<div><\/div>\n<div>Conhe\u00e7a o mais novo membro da fam\u00edlia<br \/>\nO novo sistema apresenta uma tela vibrante de 7 polegadas, um amplo suporte ajust\u00e1vel, um dock com porta LAN com fio de 64 GB de armazenamento interno e \u00e1udio aprimorado.<\/div>\n<div><\/div>\n<div>Tela de 7 polegadas<br \/>\nDeleite seus olhos com cores vivas e contraste n\u00edtido quando voc\u00ea joga em qualquer lugar<br \/>\nVeja a diferen\u00e7a que a tela vibrante faz. Esteja voc\u00ea correndo em alta velocidade ou enfrentando inimigos<\/div>\n<div class=\"detailmodule_image\"><img decoding=\"async\" alt=\"Nintendo Switch Splatoon 3 Edition\" class=\"detail-desc-decorate-image\" src=\"\/wp-content\/uploads\/replace\/6c23563e157d711a214911b60ffa1987.png\" \/><\/div>\n<div>Suporte amplo e ajust\u00e1vel<\/div>\n<div>Abra o suporte resistente para facilitar a visualiza\u00e7\u00e3o no modo de mesa.<\/div>\n<div><\/div>\n<div>Encontre o seu melhor \u00e2ngulo<\/div>\n<div>Ajuste o suporte para encontrar o \u00e2ngulo de vis\u00e3o ideal - perfeito para um jogo multiplayer r\u00e1pido com um amigo<\/div>\n<div class=\"detailmodule_image\"><img decoding=\"async\" alt=\"Nintendo Switch Splatoon 3 Edition\" class=\"detail-desc-decorate-image\" src=\"\/wp-content\/uploads\/replace\/1d7e5b8a8abb17af57df89dd5c7833a7.jpeg\" \/><img decoding=\"async\" alt=\"Nintendo Switch Splatoon 3 Edition\" class=\"detail-desc-decorate-image\" src=\"\/wp-content\/uploads\/replace\/9c429d697e535e06aef67ecbb1dd0e8f.jpeg\" \/><\/div>\n<div><\/div>\n<div>64 GB de armazenamento interno<br \/>\nSalve jogos em seus sistemas com 64 GB de armazenamento interno, parte do qual \u00e9 reservada para uso do sistema.<\/div>\n<div class=\"detailmodule_image\"><img decoding=\"async\" alt=\"Nintendo Switch Splatoon 3 Edition\" class=\"detail-desc-decorate-image\" src=\"\/wp-content\/uploads\/replace\/43488501d060826bb3385c12401b80f8.png\" \/><\/div>\n<div>\u00c1udio aprimorado<br \/>\nDesfrute de \u00e1udio aprimorado dos alto-falantes integrados do sistema nos modos Mesa e Port\u00e1til<\/div>\n<div class=\"detailmodule_image\"><img decoding=\"async\" alt=\"Nintendo Switch Splatoon 3 Edition\" class=\"detail-desc-decorate-image\" src=\"\/wp-content\/uploads\/replace\/52149a594e001d2860877e343a8c8fc4.png\" \/><\/div>\n<div>Tr\u00eas modos em um<br \/>\nOs sistemas Nintendo Switch e Nintendo Switch-Splatoon 3 Model foram projetados para se adequar \u00e0 sua vida, transformando-se de console dom\u00e9stico em sistema port\u00e1til em um piscar de olhos!<\/div>\n<div class=\"detailmodule_image\"><img decoding=\"async\" alt=\"Nintendo Switch Splatoon 3 Edition\" class=\"detail-desc-decorate-image\" src=\"\/wp-content\/uploads\/replace\/4f1834d2d3b24b17fba7f8efb68a0027.png\" \/><img decoding=\"async\" alt=\"Nintendo Switch Splatoon 3 Edition\" class=\"detail-desc-decorate-image\" src=\"\/wp-content\/uploads\/replace\/2e36ef2aa17f8ca92eb68618e6d31aa8.png\" \/><img decoding=\"async\" alt=\"Nintendo Switch Splatoon 3 Edition\" class=\"detail-desc-decorate-image\" src=\"\/wp-content\/uploads\/replace\/540ee9a10e434ae8faec2e671e99c988.png\" \/><\/div>\n<div>\n<div class=\"title--wrap--wDzGayX\">\n<div class=\"title--text--Lx66GPw\">\n<h1 class=\"title--title--RN9Pt03\" data-spm-anchor-id=\"a2g0o.detail.0.i11.8d1f2kLW2kLWEX\">Especifica\u00e7\u00f5es<\/h1>\n<\/div>\n<\/div>\n<ul class=\"specification--list--fiWsSyv\">\n<li class=\"specification--line--iUJOqof\">\n<div class=\"specification--prop--RejitI8\">\n<div class=\"specification--title--UbVeyic\">Controlador de videogame inclu\u00eddo: N\u00e3o<\/div>\n<\/div>\n<div class=\"specification--prop--RejitI8\">\n<div class=\"specification--title--UbVeyic\">Tipo de dispositivos:Nintendo Switch OLED<\/div>\n<\/div>\n<\/li>\n<li class=\"specification--line--iUJOqof\">\n<div class=\"specification--prop--RejitI8\">\n<div class=\"specification--title--UbVeyic\">Bateria remov\u00edvel\/substitu\u00edvel: n\u00e3o<\/div>\n<\/div>\n<div class=\"specification--prop--RejitI8\">\n<div class=\"specification--title--UbVeyic\">Capacidade da bateria[mAh]:4310<\/div>\n<\/div>\n<\/li>\n<li class=\"specification--line--iUJOqof\">\n<div class=\"specification--prop--RejitI8\">\n<div class=\"specification--title--UbVeyic\">Compat\u00edvel com Bluetooth: SIM<\/div>\n<\/div>\n<div class=\"specification--prop--RejitI8\">\n<div class=\"specification--title--UbVeyic\">Wi-fi: SIM<\/div>\n<\/div>\n<\/li>\n<li class=\"specification--line--iUJOqof\">\n<div class=\"specification--prop--RejitI8\">\n<div class=\"specification--title--UbVeyic\">Categoria:Console de videogame<\/div>\n<\/div>\n<div class=\"specification--prop--RejitI8\">\n<div class=\"specification--title--UbVeyic\">Tamanho: 26*21*10 cm<\/div>\n<\/div>\n<\/li>\n<li class=\"specification--line--iUJOqof\">\n<div class=\"specification--prop--RejitI8\">\n<div class=\"specification--title--UbVeyic\">Peso: 1550g<\/div>\n<\/div>\n<div class=\"specification--prop--RejitI8\">\n<div class=\"specification--title--UbVeyic\">Idioma de suporte: japon\u00eas, franc\u00eas, alem\u00e3o, italiano, espanhol, portugu\u00eas, russo, ingl\u00eas, holand\u00eas, chin\u00eas simplificado, estilo chin\u00eas tradicional<\/div>\n<\/div>\n<\/li>\n<li class=\"specification--line--iUJOqof\">\n<div class=\"specification--prop--RejitI8\">\n<div class=\"specification--title--UbVeyic\">Pacote: Sim<\/div>\n<\/div>\n<div class=\"specification--prop--RejitI8\">\n<div class=\"specification--title--UbVeyic\">Marca:Nintendo<\/div>\n<\/div>\n<\/li>\n<li class=\"specification--line--iUJOqof\">\n<div class=\"specification--prop--RejitI8\">\n<div class=\"specification--title--UbVeyic\">MODELO NINTENDO:Nintendo Switch OLED Splatoon 3 Edi\u00e7\u00e3o<\/div>\n<\/div>\n<div class=\"specification--prop--RejitI8\">\n<div class=\"specification--title--UbVeyic\">Origem:China Continental<\/div>\n<\/div>\n<\/li>\n<\/ul>\n<\/div>","protected":false},"excerpt":{"rendered":"<ul>\n<li>7-inch OLED screen &#8211; Enjoy vivid colors and crisp contrast with a screen that makes colors pop<\/li>\n<li>Suporte amplo e ajust\u00e1vel \u2013 Incline livremente o suporte amplo e ajust\u00e1vel do sistema para uma visualiza\u00e7\u00e3o confort\u00e1vel no modo Mesa<\/li>\n<li>Wired LAN port &#8211; Use the dock\u2019s LAN* port when playing in TV mode for a wired internet connection<\/li>\n<li>64 GB internal storage &#8211; Save games to your system with 64 GB of internal storage (a portion of which is reserved for use by the system)<\/li>\n<li>\u00c1udio aprimorado \u2013 Desfrute de som aprimorado dos alto-falantes integrados do sistema ao jogar nos modos Port\u00e1til e Mesa<\/li>\n<li>Compat\u00edvel com todos os controles Joy-Con e software Nintendo Switch**<\/li>\n<\/ul>","protected":false},"featured_media":27276,"template":"","meta":[],"product_brand":[1359],"product_cat":[1286],"product_tag":[],"class_list":{"0":"post-27137","1":"product","2":"type-product","3":"status-publish","4":"has-post-thumbnail","6":"product_brand-nintendo","7":"product_cat-nintendo-console","9":"first","10":"instock","11":"shipping-taxable","12":"product-type-simple"},"aioseo_notices":[],"aioseo_head":"\n\t\t<!-- All in One SEO Pro 4.5.9.2 - aioseo.com -->\n\t\t<meta name=\"description\" content=\"7-inch OLED screen - Enjoy vivid colors and crisp contrast with a screen that makes colors pop Wide adjustable stand \u2013 Freely angle the system\u2019s wide, adjustable stand for comfortable viewing in Tabletop mode Wired LAN port - Use the dock\u2019s LAN* port when playing in TV mode for a wired internet connection 64 GB internal storage - Save games to your system with 64 GB of internal storage (a portion of which is reserved for use by the system) Enhanced audio \u2013 Enjoy enhanced sound from the system\u2019s onboard speakers when playing in Handheld and Tabletop modes Supports all Joy-Con controllers and Nintendo Switch software**\" \/>\n\t\t<meta name=\"robots\" content=\"max-image-preview:large\" \/>\n\t\t<link rel=\"canonical\" href=\"https:\/\/www.rucashk.com\/pt\/produto\/nintendo-switch-splatoon-3-edition\/\" \/>\n\t\t<meta name=\"generator\" content=\"All in One SEO Pro (AIOSEO) 4.5.9.2\" \/>\n\t\t<meta property=\"og:locale\" content=\"pt_PT\" \/>\n\t\t<meta property=\"og:site_name\" content=\"Rucas - One-stop AIoT Distribution Worldwide\" \/>\n\t\t<meta property=\"og:type\" content=\"article\" \/>\n\t\t<meta property=\"og:title\" content=\"Nintendo Switch Splatoon 3 Edition - Rucas - Wholesale and Distribution\" \/>\n\t\t<meta property=\"og:description\" content=\"7-inch OLED screen - Enjoy vivid colors and crisp contrast with a screen that makes colors pop Wide adjustable stand \u2013 Freely angle the system\u2019s wide, adjustable stand for comfortable viewing in Tabletop mode Wired LAN port - Use the dock\u2019s LAN* port when playing in TV mode for a wired internet connection 64 GB internal storage - Save games to your system with 64 GB of internal storage (a portion of which is reserved for use by the system) Enhanced audio \u2013 Enjoy enhanced sound from the system\u2019s onboard speakers when playing in Handheld and Tabletop modes Supports all Joy-Con controllers and Nintendo Switch software**\" \/>\n\t\t<meta property=\"og:url\" content=\"https:\/\/www.rucashk.com\/pt\/produto\/nintendo-switch-splatoon-3-edition\/\" \/>\n\t\t<meta property=\"og:image\" content=\"https:\/\/www.rucashk.com\/wp-content\/uploads\/replace\/503b8e645f128a97ccde2b6290747646.jpeg\" \/>\n\t\t<meta property=\"og:image:secure_url\" content=\"https:\/\/www.rucashk.com\/wp-content\/uploads\/replace\/503b8e645f128a97ccde2b6290747646.jpeg\" \/>\n\t\t<meta property=\"og:image:width\" content=\"1456\" \/>\n\t\t<meta property=\"og:image:height\" content=\"816\" \/>\n\t\t<meta property=\"article:published_time\" content=\"2024-01-09T16:37:49+00:00\" \/>\n\t\t<meta property=\"article:modified_time\" content=\"2025-06-21T09:39:45+00:00\" \/>\n\t\t<meta name=\"twitter:card\" content=\"summary_large_image\" \/>\n\t\t<meta name=\"twitter:title\" content=\"Nintendo Switch Splatoon 3 Edition - Rucas - Wholesale and Distribution\" \/>\n\t\t<meta name=\"twitter:description\" content=\"7-inch OLED screen - Enjoy vivid colors and crisp contrast with a screen that makes colors pop Wide adjustable stand \u2013 Freely angle the system\u2019s wide, adjustable stand for comfortable viewing in Tabletop mode Wired LAN port - Use the dock\u2019s LAN* port when playing in TV mode for a wired internet connection 64 GB internal storage - Save games to your system with 64 GB of internal storage (a portion of which is reserved for use by the system) Enhanced audio \u2013 Enjoy enhanced sound from the system\u2019s onboard speakers when playing in Handheld and Tabletop modes Supports all Joy-Con controllers and Nintendo Switch software**\" \/>\n\t\t<meta name=\"twitter:image\" content=\"https:\/\/www.rucashk.com\/wp-content\/uploads\/replace\/503b8e645f128a97ccde2b6290747646.jpeg\" \/>\n\t\t<script type=\"application\/ld+json\" class=\"aioseo-schema\">\n\t\t\t{\"@context\":\"https:\\\/\\\/schema.org\",\"@graph\":[{\"@type\":\"BreadcrumbList\",\"@id\":\"https:\\\/\\\/www.rucashk.com\\\/pt\\\/produto\\\/nintendo-switch-splatoon-3-edition\\\/#breadcrumblist\",\"itemListElement\":[{\"@type\":\"ListItem\",\"@id\":\"https:\\\/\\\/www.rucashk.com\\\/pt\\\/#listItem\",\"position\":1,\"name\":\"Home\",\"item\":\"https:\\\/\\\/www.rucashk.com\\\/pt\\\/\",\"nextItem\":\"https:\\\/\\\/www.rucashk.com\\\/pt\\\/produto\\\/nintendo-switch-splatoon-3-edition\\\/#listItem\"},{\"@type\":\"ListItem\",\"@id\":\"https:\\\/\\\/www.rucashk.com\\\/pt\\\/produto\\\/nintendo-switch-splatoon-3-edition\\\/#listItem\",\"position\":2,\"name\":\"Nintendo Switch Splatoon 3 Edition\",\"previousItem\":\"https:\\\/\\\/www.rucashk.com\\\/pt\\\/#listItem\"}]},{\"@type\":\"Organization\",\"@id\":\"https:\\\/\\\/www.rucashk.com\\\/pt\\\/#organization\",\"name\":\"Rucas\",\"url\":\"https:\\\/\\\/www.rucashk.com\\\/pt\\\/\",\"logo\":{\"@type\":\"ImageObject\",\"url\":\"https:\\\/\\\/www.rucashk.com\\\/wp-content\\\/uploads\\\/2023\\\/12\\\/Rucas_campany_logo.png\",\"@id\":\"https:\\\/\\\/www.rucashk.com\\\/pt\\\/produto\\\/nintendo-switch-splatoon-3-edition\\\/#organizationLogo\",\"width\":221,\"height\":65},\"image\":{\"@id\":\"https:\\\/\\\/www.rucashk.com\\\/pt\\\/#organizationLogo\"}},{\"@type\":\"Person\",\"@id\":\"https:\\\/\\\/www.rucashk.com\\\/pt\\\/author\\\/admin\\\/#author\",\"url\":\"https:\\\/\\\/www.rucashk.com\\\/pt\\\/author\\\/admin\\\/\",\"name\":\"admin\",\"image\":{\"@type\":\"ImageObject\",\"@id\":\"https:\\\/\\\/www.rucashk.com\\\/pt\\\/produto\\\/nintendo-switch-splatoon-3-edition\\\/#authorImage\",\"url\":\"https:\\\/\\\/secure.gravatar.com\\\/avatar\\\/b7c8925b09a27e72b30232f8ecaadbd5af0f70a38c78096863fe51b64f031c24?s=96&d=mm&r=g\",\"width\":96,\"height\":96,\"caption\":\"admin\"}},{\"@type\":\"WebPage\",\"@id\":\"https:\\\/\\\/www.rucashk.com\\\/pt\\\/produto\\\/nintendo-switch-splatoon-3-edition\\\/#webpage\",\"url\":\"https:\\\/\\\/www.rucashk.com\\\/pt\\\/produto\\\/nintendo-switch-splatoon-3-edition\\\/\",\"name\":\"Nintendo Switch Splatoon 3 Edition - Rucas - Wholesale and Distribution\",\"description\":\"7-inch OLED screen - Enjoy vivid colors and crisp contrast with a screen that makes colors pop Wide adjustable stand \\u2013 Freely angle the system\\u2019s wide, adjustable stand for comfortable viewing in Tabletop mode Wired LAN port - Use the dock\\u2019s LAN* port when playing in TV mode for a wired internet connection 64 GB internal storage - Save games to your system with 64 GB of internal storage (a portion of which is reserved for use by the system) Enhanced audio \\u2013 Enjoy enhanced sound from the system\\u2019s onboard speakers when playing in Handheld and Tabletop modes Supports all Joy-Con controllers and Nintendo Switch software**\",\"inLanguage\":\"pt-PT\",\"isPartOf\":{\"@id\":\"https:\\\/\\\/www.rucashk.com\\\/pt\\\/#website\"},\"breadcrumb\":{\"@id\":\"https:\\\/\\\/www.rucashk.com\\\/pt\\\/produto\\\/nintendo-switch-splatoon-3-edition\\\/#breadcrumblist\"},\"author\":{\"@id\":\"https:\\\/\\\/www.rucashk.com\\\/pt\\\/author\\\/admin\\\/#author\"},\"creator\":{\"@id\":\"https:\\\/\\\/www.rucashk.com\\\/pt\\\/author\\\/admin\\\/#author\"},\"image\":{\"@type\":\"ImageObject\",\"url\":\"https:\\\/\\\/www.rucashk.com\\\/wp-content\\\/uploads\\\/2024\\\/01\\\/10001-2-2.jpg\",\"@id\":\"https:\\\/\\\/www.rucashk.com\\\/pt\\\/produto\\\/nintendo-switch-splatoon-3-edition\\\/#mainImage\",\"width\":1050,\"height\":591},\"primaryImageOfPage\":{\"@id\":\"https:\\\/\\\/www.rucashk.com\\\/pt\\\/produto\\\/nintendo-switch-splatoon-3-edition\\\/#mainImage\"},\"datePublished\":\"2024-01-09T16:37:49+00:00\",\"dateModified\":\"2025-06-21T09:39:45+00:00\"},{\"@type\":\"WebSite\",\"@id\":\"https:\\\/\\\/www.rucashk.com\\\/pt\\\/#website\",\"url\":\"https:\\\/\\\/www.rucashk.com\\\/pt\\\/\",\"name\":\"Rucas - Wholesale and distribution worldwide\",\"alternateName\":\"Rucas - One-stop AIoT Distribution Worldwide\",\"description\":\"One-stop AIoT Distribution Worldwide\",\"inLanguage\":\"pt-PT\",\"publisher\":{\"@id\":\"https:\\\/\\\/www.rucashk.com\\\/pt\\\/#organization\"}}]}\n\t\t<\/script>\n\t\t<!-- All in One SEO Pro -->\r\n\t\t<title>Nintendo Switch Splatoon 3 Edition - Rucas - Wholesale and Distribution<\/title>\n\n","aioseo_head_json":{"title":"Nintendo Switch Splatoon 3 Edition - Rucas - Wholesale and Distribution","description":"7-inch OLED screen - Enjoy vivid colors and crisp contrast with a screen that makes colors pop Wide adjustable stand \u2013 Freely angle the system\u2019s wide, adjustable stand for comfortable viewing in Tabletop mode Wired LAN port - Use the dock\u2019s LAN* port when playing in TV mode for a wired internet connection 64 GB internal storage - Save games to your system with 64 GB of internal storage (a portion of which is reserved for use by the system) Enhanced audio \u2013 Enjoy enhanced sound from the system\u2019s onboard speakers when playing in Handheld and Tabletop modes Supports all Joy-Con controllers and Nintendo Switch software**","canonical_url":"https:\/\/www.rucashk.com\/pt\/produto\/nintendo-switch-splatoon-3-edition\/","robots":"max-image-preview:large","keywords":"","webmasterTools":{"miscellaneous":""},"og:locale":"pt_PT","og:site_name":"Rucas - One-stop AIoT Distribution Worldwide","og:type":"article","og:title":"Nintendo Switch Splatoon 3 Edition - Rucas - Wholesale and Distribution","og:description":"7-inch OLED screen - Enjoy vivid colors and crisp contrast with a screen that makes colors pop Wide adjustable stand \u2013 Freely angle the system\u2019s wide, adjustable stand for comfortable viewing in Tabletop mode Wired LAN port - Use the dock\u2019s LAN* port when playing in TV mode for a wired internet connection 64 GB internal storage - Save games to your system with 64 GB of internal storage (a portion of which is reserved for use by the system) Enhanced audio \u2013 Enjoy enhanced sound from the system\u2019s onboard speakers when playing in Handheld and Tabletop modes Supports all Joy-Con controllers and Nintendo Switch software**","og:url":"https:\/\/www.rucashk.com\/pt\/produto\/nintendo-switch-splatoon-3-edition\/","og:image":"https:\/\/www.rucashk.com\/wp-content\/uploads\/replace\/503b8e645f128a97ccde2b6290747646.jpeg","og:image:secure_url":"https:\/\/www.rucashk.com\/wp-content\/uploads\/replace\/503b8e645f128a97ccde2b6290747646.jpeg","og:image:width":1456,"og:image:height":816,"article:published_time":"2024-01-09T16:37:49+00:00","article:modified_time":"2025-06-21T09:39:45+00:00","twitter:card":"summary_large_image","twitter:title":"Nintendo Switch Splatoon 3 Edition - Rucas - Wholesale and Distribution","twitter:description":"7-inch OLED screen - Enjoy vivid colors and crisp contrast with a screen that makes colors pop Wide adjustable stand \u2013 Freely angle the system\u2019s wide, adjustable stand for comfortable viewing in Tabletop mode Wired LAN port - Use the dock\u2019s LAN* port when playing in TV mode for a wired internet connection 64 GB internal storage - Save games to your system with 64 GB of internal storage (a portion of which is reserved for use by the system) Enhanced audio \u2013 Enjoy enhanced sound from the system\u2019s onboard speakers when playing in Handheld and Tabletop modes Supports all Joy-Con controllers and Nintendo Switch software**","twitter:image":"https:\/\/www.rucashk.com\/wp-content\/uploads\/replace\/503b8e645f128a97ccde2b6290747646.jpeg","schema":{"@context":"https:\/\/schema.org","@graph":[{"@type":"BreadcrumbList","@id":"https:\/\/www.rucashk.com\/pt\/produto\/nintendo-switch-splatoon-3-edition\/#breadcrumblist","itemListElement":[{"@type":"ListItem","@id":"https:\/\/www.rucashk.com\/pt\/#listItem","position":1,"name":"Home","item":"https:\/\/www.rucashk.com\/pt\/","nextItem":"https:\/\/www.rucashk.com\/pt\/produto\/nintendo-switch-splatoon-3-edition\/#listItem"},{"@type":"ListItem","@id":"https:\/\/www.rucashk.com\/pt\/produto\/nintendo-switch-splatoon-3-edition\/#listItem","position":2,"name":"Nintendo Switch Splatoon 3 Edition","previousItem":"https:\/\/www.rucashk.com\/pt\/#listItem"}]},{"@type":"Organization","@id":"https:\/\/www.rucashk.com\/pt\/#organization","name":"Rucas","url":"https:\/\/www.rucashk.com\/pt\/","logo":{"@type":"ImageObject","url":"https:\/\/www.rucashk.com\/wp-content\/uploads\/2023\/12\/Rucas_campany_logo.png","@id":"https:\/\/www.rucashk.com\/pt\/produto\/nintendo-switch-splatoon-3-edition\/#organizationLogo","width":221,"height":65},"image":{"@id":"https:\/\/www.rucashk.com\/pt\/#organizationLogo"}},{"@type":"Person","@id":"https:\/\/www.rucashk.com\/pt\/author\/admin\/#author","url":"https:\/\/www.rucashk.com\/pt\/author\/admin\/","name":"admin","image":{"@type":"ImageObject","@id":"https:\/\/www.rucashk.com\/pt\/produto\/nintendo-switch-splatoon-3-edition\/#authorImage","url":"https:\/\/secure.gravatar.com\/avatar\/b7c8925b09a27e72b30232f8ecaadbd5af0f70a38c78096863fe51b64f031c24?s=96&d=mm&r=g","width":96,"height":96,"caption":"admin"}},{"@type":"WebPage","@id":"https:\/\/www.rucashk.com\/pt\/produto\/nintendo-switch-splatoon-3-edition\/#webpage","url":"https:\/\/www.rucashk.com\/pt\/produto\/nintendo-switch-splatoon-3-edition\/","name":"Nintendo Switch Splatoon 3 Edition - Rucas - Wholesale and Distribution","description":"7-inch OLED screen - Enjoy vivid colors and crisp contrast with a screen that makes colors pop Wide adjustable stand \u2013 Freely angle the system\u2019s wide, adjustable stand for comfortable viewing in Tabletop mode Wired LAN port - Use the dock\u2019s LAN* port when playing in TV mode for a wired internet connection 64 GB internal storage - Save games to your system with 64 GB of internal storage (a portion of which is reserved for use by the system) Enhanced audio \u2013 Enjoy enhanced sound from the system\u2019s onboard speakers when playing in Handheld and Tabletop modes Supports all Joy-Con controllers and Nintendo Switch software**","inLanguage":"pt-PT","isPartOf":{"@id":"https:\/\/www.rucashk.com\/pt\/#website"},"breadcrumb":{"@id":"https:\/\/www.rucashk.com\/pt\/produto\/nintendo-switch-splatoon-3-edition\/#breadcrumblist"},"author":{"@id":"https:\/\/www.rucashk.com\/pt\/author\/admin\/#author"},"creator":{"@id":"https:\/\/www.rucashk.com\/pt\/author\/admin\/#author"},"image":{"@type":"ImageObject","url":"https:\/\/www.rucashk.com\/wp-content\/uploads\/2024\/01\/10001-2-2.jpg","@id":"https:\/\/www.rucashk.com\/pt\/produto\/nintendo-switch-splatoon-3-edition\/#mainImage","width":1050,"height":591},"primaryImageOfPage":{"@id":"https:\/\/www.rucashk.com\/pt\/produto\/nintendo-switch-splatoon-3-edition\/#mainImage"},"datePublished":"2024-01-09T16:37:49+00:00","dateModified":"2025-06-21T09:39:45+00:00"},{"@type":"WebSite","@id":"https:\/\/www.rucashk.com\/pt\/#website","url":"https:\/\/www.rucashk.com\/pt\/","name":"Rucas - Wholesale and distribution worldwide","alternateName":"Rucas - One-stop AIoT Distribution Worldwide","description":"One-stop AIoT Distribution Worldwide","inLanguage":"pt-PT","publisher":{"@id":"https:\/\/www.rucashk.com\/pt\/#organization"}}]}},"aioseo_meta_data":{"post_id":"27137","title":null,"description":null,"keywords":null,"keyphrases":null,"primary_term":null,"canonical_url":null,"og_title":null,"og_description":null,"og_object_type":"default","og_image_type":"default","og_image_url":null,"og_image_width":null,"og_image_height":null,"og_image_custom_url":null,"og_image_custom_fields":null,"og_video":null,"og_custom_url":null,"og_article_section":null,"og_article_tags":null,"twitter_use_og":false,"twitter_card":"default","twitter_image_type":"default","twitter_image_url":null,"twitter_image_custom_url":null,"twitter_image_custom_fields":null,"twitter_title":null,"twitter_description":null,"schema":{"blockGraphs":[],"customGraphs":[],"default":{"data":{"Article":[],"Course":[],"Dataset":[],"FAQPage":[],"Movie":[],"Person":[],"Product":[],"Recipe":[],"Service":[],"SoftwareApplication":[],"WebPage":[]},"graphName":"","isEnabled":true},"graphs":[]},"schema_type":"default","schema_type_options":null,"pillar_content":false,"robots_default":true,"robots_noindex":false,"robots_noarchive":false,"robots_nosnippet":false,"robots_nofollow":false,"robots_noimageindex":false,"robots_noodp":false,"robots_notranslate":false,"robots_max_snippet":null,"robots_max_videopreview":null,"robots_max_imagepreview":"large","priority":null,"frequency":null,"local_seo":null,"breadcrumb_settings":null,"limit_modified_date":false,"created":"2024-04-11 01:57:21","updated":"2025-06-22 18:31:57"},"aioseo_breadcrumb":"<div class=\"aioseo-breadcrumbs\"><span class=\"aioseo-breadcrumb\">\n\t<a href=\"https:\/\/www.rucashk.com\/pt\" title=\"Home\">Home<\/a>\n<\/span><span class=\"aioseo-breadcrumb-separator\">&raquo;<\/span><span class=\"aioseo-breadcrumb\">\n\t<a href=\"https:\/\/www.rucashk.com\/pt\/products\/\" title=\"Produtos\">Produtos<\/a>\n<\/span><span class=\"aioseo-breadcrumb-separator\">&raquo;<\/span><span class=\"aioseo-breadcrumb\">\n\t<a href=\"https:\/\/www.rucashk.com\/pt\/marca\/nintendo\/\" title=\"Nintendo\">Nintendo<\/a>\n<\/span><span class=\"aioseo-breadcrumb-separator\">&raquo;<\/span><span class=\"aioseo-breadcrumb\">\n\tNintendo Switch Splatoon 3 Edition\n<\/span><\/div>","aioseo_breadcrumb_json":[{"label":"Home","link":"https:\/\/www.rucashk.com\/pt"},{"label":"Produtos","link":"https:\/\/www.rucashk.com\/pt\/products\/"},{"label":"Nintendo","link":"https:\/\/www.rucashk.com\/pt\/marca\/nintendo\/"},{"label":"Nintendo Switch Splatoon 3 Edition","link":"https:\/\/www.rucashk.com\/pt\/produto\/nintendo-switch-splatoon-3-edition\/"}],"_links":{"self":[{"href":"https:\/\/www.rucashk.com\/pt\/wp-json\/wp\/v2\/product\/27137","targetHints":{"allow":["GET"]}}],"collection":[{"href":"https:\/\/www.rucashk.com\/pt\/wp-json\/wp\/v2\/product"}],"about":[{"href":"https:\/\/www.rucashk.com\/pt\/wp-json\/wp\/v2\/types\/product"}],"wp:featuredmedia":[{"embeddable":true,"href":"https:\/\/www.rucashk.com\/pt\/wp-json\/wp\/v2\/media\/27276"}],"wp:attachment":[{"href":"https:\/\/www.rucashk.com\/pt\/wp-json\/wp\/v2\/media?parent=27137"}],"wp:term":[{"taxonomy":"product_brand","embeddable":true,"href":"https:\/\/www.rucashk.com\/pt\/wp-json\/wp\/v2\/product_brand?post=27137"},{"taxonomy":"product_cat","embeddable":true,"href":"https:\/\/www.rucashk.com\/pt\/wp-json\/wp\/v2\/product_cat?post=27137"},{"taxonomy":"product_tag","embeddable":true,"href":"https:\/\/www.rucashk.com\/pt\/wp-json\/wp\/v2\/product_tag?post=27137"}],"curies":[{"name":"wp","href":"https:\/\/api.w.org\/{rel}","templated":true}]}}