{"id":27110,"date":"2024-01-09T16:37:26","date_gmt":"2024-01-09T16:37:26","guid":{"rendered":"http:\/\/rucashk.com\/?post_type=product&#038;p=27110"},"modified":"2025-06-21T09:40:18","modified_gmt":"2025-06-21T09:40:18","slug":"jbl-tour-pro-2-earphone","status":"publish","type":"product","link":"https:\/\/www.rucashk.com\/pt\/produto\/jbl-tour-pro-2-earphone\/","title":{"rendered":"Fone de ouvido JBL Tour Pro 2"},"content":{"rendered":"<p><img decoding=\"async\" alt=\"JBL Tour Pro 2 Earphone\" src=\"\/wp-content\/uploads\/replace\/468756f07d1a7744d759779428408992.png\" \/><\/p>\n<p>&nbsp;<\/p>\n<p><strong>Um perfeito<br \/>\nCaso inteligente<\/strong><\/p>\n<p>Controle as configura\u00e7\u00f5es dos fones de ouvido, gerencie chamadas e reprodu\u00e7\u00e3o, controle a configura\u00e7\u00e3o de \u00e1udio e o n\u00edvel da bateria e defina o alarme sem tirar o telefone, atrav\u00e9s da tela do estojo de carregamento. Desfrute de uma experi\u00eancia verdadeiramente perfeita gra\u00e7as ao exclusivo estojo de carregamento inteligente JBL Tour Pro 2 sem usar seu telefone ou o aplicativo JBL Headphones.<\/p>\n<p>&nbsp;<\/p>\n<p><img decoding=\"async\" alt=\"JBL Tour Pro 2 Earphone\" src=\"\/wp-content\/uploads\/replace\/5b8087d2313dc0ee6cd7a597dffbd933.png\" \/><\/p>\n<p>&nbsp;<\/p>\n<p><strong>Unidades de acionamento de alta qualidade, gama completa de excelente qualidade de som.<\/strong><\/p>\n<p>&nbsp;<\/p>\n<p><img decoding=\"async\" alt=\"JBL Tour Pro 2 Earphone\" src=\"\/wp-content\/uploads\/replace\/52881c1a7dbc134ad2098cb3a2aba0be.png\" \/><\/p>\n<p>&nbsp;<\/p>\n<p><strong>At\u00e9 40 horas de reprodu\u00e7\u00e3o<\/strong><\/p>\n<p>Ou\u00e7a sem limites. Desfrute de at\u00e9 10+30 horas de reprodu\u00e7\u00e3o Bluetooth ou at\u00e9 8+24 quando o True Adaptive Noise Canceling estiver ativado. E quando voc\u00ea precisar de um impulso, basta acelerar a carga por 15 minutos e obter mais 4 horas de vida \u00fatil da bateria.<\/p>\n<p>&nbsp;<\/p>\n<p><img decoding=\"async\" alt=\"JBL Tour Pro 2 Earphone\" src=\"\/wp-content\/uploads\/replace\/ea606fdfa2a05dc51ad9ff7950555d97.png\" \/><\/p>\n<p>&nbsp;<\/p>\n<p><strong>Chamadas perfeitas de 6 microfones<br \/>\ncom controle de voz<\/strong><\/p>\n<p>O algoritmo de chamada de cristal de 6 microfones dos fones de ouvido JBL Tour Pro 2 permite que voc\u00ea tenha melhores conversas mesmo em ambientes barulhentos ou com muito vento ou obtenha ajuda do seu assistente de voz preferido. E com o VoiceAware, voc\u00ea pode escolher quanto da sua voz ouvir, controlando a quantidade de entrada do microfone direcionada de volta para seus fones de ouvido.<\/p>\n<p>&nbsp;<\/p>\n<p><img decoding=\"async\" alt=\"JBL Tour Pro 2 Earphone\" src=\"\/wp-content\/uploads\/replace\/b827c315c7933ec694559e2ff1d35ac0.png\" \/><\/p>\n<p>&nbsp;<\/p>\n<p><strong>Cancelamento de ru\u00eddo verdadeiramente adaptativo<\/strong><\/p>\n<p>Aproveite a trilha sonora da sua vida, n\u00e3o importa onde voc\u00ea esteja.<\/p>\n<p>&nbsp;<\/p>\n<p>A tecnologia True Adaptive Noise Canceling usa automaticamente 4 microfones com detec\u00e7\u00e3o de ru\u00eddo para se ajustar ao ambiente em tempo real, minimizando distra\u00e7\u00f5es quando voc\u00ea precisa se concentrar e otimizando o desempenho do Tour para uma experi\u00eancia de \u00e1udio superior - tudo isso enquanto voc\u00ea ajusta o controle do modo ANC com os fones de ouvido JBL aplicativo.<\/p>\n<p>&nbsp;<\/p>\n<p><img decoding=\"async\" alt=\"JBL Tour Pro 2 Earphone\" src=\"\/wp-content\/uploads\/replace\/9bb106f712dc6920196a94a8d07823f2.png\" \/><\/p>\n<p><img decoding=\"async\" alt=\"JBL Tour Pro 2 Earphone\" src=\"\/wp-content\/uploads\/replace\/74552322091293d230abeca8343e5325.png\" \/><img decoding=\"async\" alt=\"JBL Tour Pro 2 Earphone\" src=\"\/wp-content\/uploads\/replace\/ea71009c67f9b0a048763d0ba7de2955.png\" \/><img decoding=\"async\" alt=\"JBL Tour Pro 2 Earphone\" src=\"\/wp-content\/uploads\/replace\/47f2f0977aaa5c6ba3e417f9d65e265c.png\" \/><img decoding=\"async\" alt=\"JBL Tour Pro 2 Earphone\" src=\"\/wp-content\/uploads\/replace\/8b9cfd1f966004babeae9fe206541348.jpeg\" \/><\/p>\n<div class=\"title--wrap--wDzGayX\">\n<div class=\"title--text--Lx66GPw\">\n<h1 class=\"title--title--RN9Pt03\">Especifica\u00e7\u00f5es<\/h1>\n<\/div>\n<\/div>\n<ul class=\"specification--list--fiWsSyv\">\n<li class=\"specification--line--iUJOqof\">\n<div class=\"specification--prop--RejitI8\">\n<div class=\"specification--title--UbVeyic\">Material: Metal<\/div>\n<\/div>\n<div class=\"specification--prop--RejitI8\">\n<div class=\"specification--title--UbVeyic\">Categoria:Fones de ouvido e fones de ouvido<\/div>\n<\/div>\n<\/li>\n<li class=\"specification--line--iUJOqof\">\n<div class=\"specification--prop--RejitI8\">\n<div class=\"specification--title--UbVeyic\">Com Microfone: Sim<\/div>\n<\/div>\n<div class=\"specification--prop--RejitI8\">\n<div class=\"specification--title--UbVeyic\">\u00c9 sem fio: Sim<\/div>\n<\/div>\n<\/li>\n<li class=\"specification--line--iUJOqof\">\n<div class=\"specification--prop--RejitI8\">\n<div class=\"specification--title--UbVeyic\">Faixa de resposta de frequ\u00eancia:-Hz<\/div>\n<\/div>\n<div class=\"specification--prop--RejitI8\">\n<div class=\"specification--title--UbVeyic\">Fun\u00e7\u00e3o: para videogame, para celular, fone de ouvido HiFi, esporte<\/div>\n<\/div>\n<\/li>\n<li class=\"specification--line--iUJOqof\">\n<div class=\"specification--prop--RejitI8\">\n<div class=\"specification--title--UbVeyic\">Cancelamento de ru\u00eddo ativo: Sim<\/div>\n<\/div>\n<div class=\"specification--prop--RejitI8\">\n<div class=\"specification--title--UbVeyic\">Controle de volume: Sim<\/div>\n<\/div>\n<\/li>\n<li class=\"specification--line--iUJOqof\">\n<div class=\"specification--prop--RejitI8\">\n<div class=\"specification--title--UbVeyic\">Bot\u00e3o de controle: Sim<\/div>\n<\/div>\n<div class=\"specification--prop--RejitI8\">\n<div class=\"specification--title--UbVeyic\">Princ\u00edpio do vocalismo: din\u00e2mico<\/div>\n<\/div>\n<\/li>\n<li class=\"specification--line--iUJOqof\">\n<div class=\"specification--prop--RejitI8\">\n<div class=\"specification--title--UbVeyic\">Tipo sem fio: Bluetooth<\/div>\n<\/div>\n<div class=\"specification--prop--RejitI8\">\n<div class=\"specification--title--UbVeyic\">Conectores: Nenhum<\/div>\n<\/div>\n<\/li>\n<li class=\"specification--line--iUJOqof\">\n<div class=\"specification--prop--RejitI8\">\n<div class=\"specification--title--UbVeyic\">Comunica\u00e7\u00e3o: Sem Fio<\/div>\n<\/div>\n<div class=\"specification--prop--RejitI8\">\n<div class=\"specification--title--UbVeyic\">Estilo: intra-auricular<\/div>\n<\/div>\n<\/li>\n<li class=\"specification--line--iUJOqof\">\n<div class=\"specification--prop--RejitI8\">\n<div class=\"specification--title--UbVeyic\">Certifica\u00e7\u00e3o: CE<\/div>\n<\/div>\n<div class=\"specification--prop--RejitI8\">\n<div class=\"specification--title--UbVeyic\">Origem:China Continental<\/div>\n<\/div>\n<\/li>\n<li class=\"specification--line--iUJOqof\">\n<div class=\"specification--prop--RejitI8\">\n<div class=\"specification--title--UbVeyic\">Marca: JBL<\/div>\n<\/div>\n<\/li>\n<\/ul>","protected":false},"excerpt":{"rendered":"<ul>\n<li>Smart Case para uma experi\u00eancia perfeita<\/li>\n<li>Cancelamento de ru\u00eddo verdadeiramente adaptativo com ambiente inteligente<\/li>\n<li>Chamadas perfeitas de 6 microfones com controle de voz<\/li>\n<li>Tecnologia Ambiente Inteligente<\/li>\n<\/ul>","protected":false},"featured_media":27266,"template":"","meta":[],"product_brand":[1354],"product_cat":[1284],"product_tag":[],"class_list":{"0":"post-27110","1":"product","2":"type-product","3":"status-publish","4":"has-post-thumbnail","6":"product_brand-jbl","7":"product_cat-jbl-earphone","9":"first","10":"instock","11":"shipping-taxable","12":"product-type-simple"},"aioseo_notices":[],"aioseo_head":"\n\t\t<!-- All in One SEO Pro 4.5.9.2 - aioseo.com -->\n\t\t<meta name=\"description\" content=\"Smart Case for seamless experience True Adaptive Noise Cancelling with Smart Ambient 6-mic perfect calls with voice control Smart Ambient technology\" \/>\n\t\t<meta name=\"robots\" content=\"max-image-preview:large\" \/>\n\t\t<link rel=\"canonical\" href=\"https:\/\/www.rucashk.com\/pt\/produto\/jbl-tour-pro-2-earphone\/\" \/>\n\t\t<meta name=\"generator\" content=\"All in One SEO Pro (AIOSEO) 4.5.9.2\" \/>\n\t\t<meta property=\"og:locale\" content=\"pt_PT\" \/>\n\t\t<meta property=\"og:site_name\" content=\"Rucas - One-stop AIoT Distribution Worldwide\" \/>\n\t\t<meta property=\"og:type\" content=\"article\" \/>\n\t\t<meta property=\"og:title\" content=\"JBL Tour Pro 2 Earphone - Rucas - Wholesale and Distribution\" \/>\n\t\t<meta property=\"og:description\" content=\"Smart Case for seamless experience True Adaptive Noise Cancelling with Smart Ambient 6-mic perfect calls with voice control Smart Ambient technology\" \/>\n\t\t<meta property=\"og:url\" content=\"https:\/\/www.rucashk.com\/pt\/produto\/jbl-tour-pro-2-earphone\/\" \/>\n\t\t<meta property=\"og:image\" content=\"https:\/\/www.rucashk.com\/wp-content\/uploads\/replace\/503b8e645f128a97ccde2b6290747646.jpeg\" \/>\n\t\t<meta property=\"og:image:secure_url\" content=\"https:\/\/www.rucashk.com\/wp-content\/uploads\/replace\/503b8e645f128a97ccde2b6290747646.jpeg\" \/>\n\t\t<meta property=\"og:image:width\" content=\"1456\" \/>\n\t\t<meta property=\"og:image:height\" content=\"816\" \/>\n\t\t<meta property=\"article:published_time\" content=\"2024-01-09T16:37:26+00:00\" \/>\n\t\t<meta property=\"article:modified_time\" content=\"2025-06-21T09:40:18+00:00\" \/>\n\t\t<meta name=\"twitter:card\" content=\"summary_large_image\" \/>\n\t\t<meta name=\"twitter:title\" content=\"JBL Tour Pro 2 Earphone - Rucas - Wholesale and Distribution\" \/>\n\t\t<meta name=\"twitter:description\" content=\"Smart Case for seamless experience True Adaptive Noise Cancelling with Smart Ambient 6-mic perfect calls with voice control Smart Ambient technology\" \/>\n\t\t<meta name=\"twitter:image\" content=\"https:\/\/www.rucashk.com\/wp-content\/uploads\/replace\/503b8e645f128a97ccde2b6290747646.jpeg\" \/>\n\t\t<script type=\"application\/ld+json\" class=\"aioseo-schema\">\n\t\t\t{\"@context\":\"https:\\\/\\\/schema.org\",\"@graph\":[{\"@type\":\"BreadcrumbList\",\"@id\":\"https:\\\/\\\/www.rucashk.com\\\/pt\\\/produto\\\/jbl-tour-pro-2-earphone\\\/#breadcrumblist\",\"itemListElement\":[{\"@type\":\"ListItem\",\"@id\":\"https:\\\/\\\/www.rucashk.com\\\/pt\\\/#listItem\",\"position\":1,\"name\":\"Home\",\"item\":\"https:\\\/\\\/www.rucashk.com\\\/pt\\\/\",\"nextItem\":\"https:\\\/\\\/www.rucashk.com\\\/pt\\\/produto\\\/jbl-tour-pro-2-earphone\\\/#listItem\"},{\"@type\":\"ListItem\",\"@id\":\"https:\\\/\\\/www.rucashk.com\\\/pt\\\/produto\\\/jbl-tour-pro-2-earphone\\\/#listItem\",\"position\":2,\"name\":\"JBL Tour Pro 2 Earphone\",\"previousItem\":\"https:\\\/\\\/www.rucashk.com\\\/pt\\\/#listItem\"}]},{\"@type\":\"Organization\",\"@id\":\"https:\\\/\\\/www.rucashk.com\\\/pt\\\/#organization\",\"name\":\"Rucas\",\"url\":\"https:\\\/\\\/www.rucashk.com\\\/pt\\\/\",\"logo\":{\"@type\":\"ImageObject\",\"url\":\"https:\\\/\\\/www.rucashk.com\\\/wp-content\\\/uploads\\\/2023\\\/12\\\/Rucas_campany_logo.png\",\"@id\":\"https:\\\/\\\/www.rucashk.com\\\/pt\\\/produto\\\/jbl-tour-pro-2-earphone\\\/#organizationLogo\",\"width\":221,\"height\":65},\"image\":{\"@id\":\"https:\\\/\\\/www.rucashk.com\\\/pt\\\/#organizationLogo\"}},{\"@type\":\"Person\",\"@id\":\"https:\\\/\\\/www.rucashk.com\\\/pt\\\/author\\\/admin\\\/#author\",\"url\":\"https:\\\/\\\/www.rucashk.com\\\/pt\\\/author\\\/admin\\\/\",\"name\":\"admin\",\"image\":{\"@type\":\"ImageObject\",\"@id\":\"https:\\\/\\\/www.rucashk.com\\\/pt\\\/produto\\\/jbl-tour-pro-2-earphone\\\/#authorImage\",\"url\":\"https:\\\/\\\/secure.gravatar.com\\\/avatar\\\/b7c8925b09a27e72b30232f8ecaadbd5af0f70a38c78096863fe51b64f031c24?s=96&d=mm&r=g\",\"width\":96,\"height\":96,\"caption\":\"admin\"}},{\"@type\":\"WebPage\",\"@id\":\"https:\\\/\\\/www.rucashk.com\\\/pt\\\/produto\\\/jbl-tour-pro-2-earphone\\\/#webpage\",\"url\":\"https:\\\/\\\/www.rucashk.com\\\/pt\\\/produto\\\/jbl-tour-pro-2-earphone\\\/\",\"name\":\"JBL Tour Pro 2 Earphone - Rucas - Wholesale and Distribution\",\"description\":\"Smart Case for seamless experience True Adaptive Noise Cancelling with Smart Ambient 6-mic perfect calls with voice control Smart Ambient technology\",\"inLanguage\":\"pt-PT\",\"isPartOf\":{\"@id\":\"https:\\\/\\\/www.rucashk.com\\\/pt\\\/#website\"},\"breadcrumb\":{\"@id\":\"https:\\\/\\\/www.rucashk.com\\\/pt\\\/produto\\\/jbl-tour-pro-2-earphone\\\/#breadcrumblist\"},\"author\":{\"@id\":\"https:\\\/\\\/www.rucashk.com\\\/pt\\\/author\\\/admin\\\/#author\"},\"creator\":{\"@id\":\"https:\\\/\\\/www.rucashk.com\\\/pt\\\/author\\\/admin\\\/#author\"},\"image\":{\"@type\":\"ImageObject\",\"url\":\"https:\\\/\\\/www.rucashk.com\\\/wp-content\\\/uploads\\\/2024\\\/01\\\/10001-5-1.webp\",\"@id\":\"https:\\\/\\\/www.rucashk.com\\\/pt\\\/produto\\\/jbl-tour-pro-2-earphone\\\/#mainImage\",\"width\":1000,\"height\":1000},\"primaryImageOfPage\":{\"@id\":\"https:\\\/\\\/www.rucashk.com\\\/pt\\\/produto\\\/jbl-tour-pro-2-earphone\\\/#mainImage\"},\"datePublished\":\"2024-01-09T16:37:26+00:00\",\"dateModified\":\"2025-06-21T09:40:18+00:00\"},{\"@type\":\"WebSite\",\"@id\":\"https:\\\/\\\/www.rucashk.com\\\/pt\\\/#website\",\"url\":\"https:\\\/\\\/www.rucashk.com\\\/pt\\\/\",\"name\":\"Rucas - Wholesale and distribution worldwide\",\"alternateName\":\"Rucas - One-stop AIoT Distribution Worldwide\",\"description\":\"One-stop AIoT Distribution Worldwide\",\"inLanguage\":\"pt-PT\",\"publisher\":{\"@id\":\"https:\\\/\\\/www.rucashk.com\\\/pt\\\/#organization\"}}]}\n\t\t<\/script>\n\t\t<!-- All in One SEO Pro -->\r\n\t\t<title>JBL Tour Pro 2 Earphone - Rucas - Wholesale and Distribution<\/title>\n\n","aioseo_head_json":{"title":"JBL Tour Pro 2 Earphone - Rucas - Wholesale and Distribution","description":"Smart Case for seamless experience True Adaptive Noise Cancelling with Smart Ambient 6-mic perfect calls with voice control Smart Ambient technology","canonical_url":"https:\/\/www.rucashk.com\/pt\/produto\/jbl-tour-pro-2-earphone\/","robots":"max-image-preview:large","keywords":"","webmasterTools":{"miscellaneous":""},"og:locale":"pt_PT","og:site_name":"Rucas - One-stop AIoT Distribution Worldwide","og:type":"article","og:title":"JBL Tour Pro 2 Earphone - Rucas - Wholesale and Distribution","og:description":"Smart Case for seamless experience True Adaptive Noise Cancelling with Smart Ambient 6-mic perfect calls with voice control Smart Ambient technology","og:url":"https:\/\/www.rucashk.com\/pt\/produto\/jbl-tour-pro-2-earphone\/","og:image":"https:\/\/www.rucashk.com\/wp-content\/uploads\/replace\/503b8e645f128a97ccde2b6290747646.jpeg","og:image:secure_url":"https:\/\/www.rucashk.com\/wp-content\/uploads\/replace\/503b8e645f128a97ccde2b6290747646.jpeg","og:image:width":1456,"og:image:height":816,"article:published_time":"2024-01-09T16:37:26+00:00","article:modified_time":"2025-06-21T09:40:18+00:00","twitter:card":"summary_large_image","twitter:title":"JBL Tour Pro 2 Earphone - Rucas - Wholesale and Distribution","twitter:description":"Smart Case for seamless experience True Adaptive Noise Cancelling with Smart Ambient 6-mic perfect calls with voice control Smart Ambient technology","twitter:image":"https:\/\/www.rucashk.com\/wp-content\/uploads\/replace\/503b8e645f128a97ccde2b6290747646.jpeg","schema":{"@context":"https:\/\/schema.org","@graph":[{"@type":"BreadcrumbList","@id":"https:\/\/www.rucashk.com\/pt\/produto\/jbl-tour-pro-2-earphone\/#breadcrumblist","itemListElement":[{"@type":"ListItem","@id":"https:\/\/www.rucashk.com\/pt\/#listItem","position":1,"name":"Home","item":"https:\/\/www.rucashk.com\/pt\/","nextItem":"https:\/\/www.rucashk.com\/pt\/produto\/jbl-tour-pro-2-earphone\/#listItem"},{"@type":"ListItem","@id":"https:\/\/www.rucashk.com\/pt\/produto\/jbl-tour-pro-2-earphone\/#listItem","position":2,"name":"JBL Tour Pro 2 Earphone","previousItem":"https:\/\/www.rucashk.com\/pt\/#listItem"}]},{"@type":"Organization","@id":"https:\/\/www.rucashk.com\/pt\/#organization","name":"Rucas","url":"https:\/\/www.rucashk.com\/pt\/","logo":{"@type":"ImageObject","url":"https:\/\/www.rucashk.com\/wp-content\/uploads\/2023\/12\/Rucas_campany_logo.png","@id":"https:\/\/www.rucashk.com\/pt\/produto\/jbl-tour-pro-2-earphone\/#organizationLogo","width":221,"height":65},"image":{"@id":"https:\/\/www.rucashk.com\/pt\/#organizationLogo"}},{"@type":"Person","@id":"https:\/\/www.rucashk.com\/pt\/author\/admin\/#author","url":"https:\/\/www.rucashk.com\/pt\/author\/admin\/","name":"admin","image":{"@type":"ImageObject","@id":"https:\/\/www.rucashk.com\/pt\/produto\/jbl-tour-pro-2-earphone\/#authorImage","url":"https:\/\/secure.gravatar.com\/avatar\/b7c8925b09a27e72b30232f8ecaadbd5af0f70a38c78096863fe51b64f031c24?s=96&d=mm&r=g","width":96,"height":96,"caption":"admin"}},{"@type":"WebPage","@id":"https:\/\/www.rucashk.com\/pt\/produto\/jbl-tour-pro-2-earphone\/#webpage","url":"https:\/\/www.rucashk.com\/pt\/produto\/jbl-tour-pro-2-earphone\/","name":"JBL Tour Pro 2 Earphone - Rucas - Wholesale and Distribution","description":"Smart Case for seamless experience True Adaptive Noise Cancelling with Smart Ambient 6-mic perfect calls with voice control Smart Ambient technology","inLanguage":"pt-PT","isPartOf":{"@id":"https:\/\/www.rucashk.com\/pt\/#website"},"breadcrumb":{"@id":"https:\/\/www.rucashk.com\/pt\/produto\/jbl-tour-pro-2-earphone\/#breadcrumblist"},"author":{"@id":"https:\/\/www.rucashk.com\/pt\/author\/admin\/#author"},"creator":{"@id":"https:\/\/www.rucashk.com\/pt\/author\/admin\/#author"},"image":{"@type":"ImageObject","url":"https:\/\/www.rucashk.com\/wp-content\/uploads\/2024\/01\/10001-5-1.webp","@id":"https:\/\/www.rucashk.com\/pt\/produto\/jbl-tour-pro-2-earphone\/#mainImage","width":1000,"height":1000},"primaryImageOfPage":{"@id":"https:\/\/www.rucashk.com\/pt\/produto\/jbl-tour-pro-2-earphone\/#mainImage"},"datePublished":"2024-01-09T16:37:26+00:00","dateModified":"2025-06-21T09:40:18+00:00"},{"@type":"WebSite","@id":"https:\/\/www.rucashk.com\/pt\/#website","url":"https:\/\/www.rucashk.com\/pt\/","name":"Rucas - Wholesale and distribution worldwide","alternateName":"Rucas - One-stop AIoT Distribution Worldwide","description":"One-stop AIoT Distribution Worldwide","inLanguage":"pt-PT","publisher":{"@id":"https:\/\/www.rucashk.com\/pt\/#organization"}}]}},"aioseo_meta_data":{"post_id":"27110","title":null,"description":null,"keywords":null,"keyphrases":null,"primary_term":null,"canonical_url":null,"og_title":null,"og_description":null,"og_object_type":"default","og_image_type":"default","og_image_url":null,"og_image_width":null,"og_image_height":null,"og_image_custom_url":null,"og_image_custom_fields":null,"og_video":"","og_custom_url":null,"og_article_section":null,"og_article_tags":null,"twitter_use_og":false,"twitter_card":"default","twitter_image_type":"default","twitter_image_url":null,"twitter_image_custom_url":null,"twitter_image_custom_fields":null,"twitter_title":null,"twitter_description":null,"schema":{"blockGraphs":[],"customGraphs":[],"default":{"data":{"Article":[],"Course":[],"Dataset":[],"FAQPage":[],"Movie":[],"Person":[],"Product":[],"Recipe":[],"Service":[],"SoftwareApplication":[],"WebPage":[]},"graphName":"","isEnabled":true},"graphs":[]},"schema_type":"default","schema_type_options":null,"pillar_content":false,"robots_default":true,"robots_noindex":false,"robots_noarchive":false,"robots_nosnippet":false,"robots_nofollow":false,"robots_noimageindex":false,"robots_noodp":false,"robots_notranslate":false,"robots_max_snippet":"-1","robots_max_videopreview":"-1","robots_max_imagepreview":"large","priority":null,"frequency":"default","local_seo":null,"breadcrumb_settings":null,"limit_modified_date":false,"created":"2024-04-11 01:57:21","updated":"2025-06-22 18:31:56"},"aioseo_breadcrumb":"<div class=\"aioseo-breadcrumbs\"><span class=\"aioseo-breadcrumb\">\n\t<a href=\"https:\/\/www.rucashk.com\/pt\" title=\"Home\">Home<\/a>\n<\/span><span class=\"aioseo-breadcrumb-separator\">&raquo;<\/span><span class=\"aioseo-breadcrumb\">\n\t<a href=\"https:\/\/www.rucashk.com\/pt\/products\/\" title=\"Produtos\">Produtos<\/a>\n<\/span><span class=\"aioseo-breadcrumb-separator\">&raquo;<\/span><span class=\"aioseo-breadcrumb\">\n\t<a href=\"https:\/\/www.rucashk.com\/pt\/marca\/jbl\/\" title=\"JBL\">JBL<\/a>\n<\/span><span class=\"aioseo-breadcrumb-separator\">&raquo;<\/span><span class=\"aioseo-breadcrumb\">\n\tJBL Tour Pro 2 Earphone\n<\/span><\/div>","aioseo_breadcrumb_json":[{"label":"Home","link":"https:\/\/www.rucashk.com\/pt"},{"label":"Produtos","link":"https:\/\/www.rucashk.com\/pt\/products\/"},{"label":"JBL","link":"https:\/\/www.rucashk.com\/pt\/marca\/jbl\/"},{"label":"JBL Tour Pro 2 Earphone","link":"https:\/\/www.rucashk.com\/pt\/produto\/jbl-tour-pro-2-earphone\/"}],"_links":{"self":[{"href":"https:\/\/www.rucashk.com\/pt\/wp-json\/wp\/v2\/product\/27110","targetHints":{"allow":["GET"]}}],"collection":[{"href":"https:\/\/www.rucashk.com\/pt\/wp-json\/wp\/v2\/product"}],"about":[{"href":"https:\/\/www.rucashk.com\/pt\/wp-json\/wp\/v2\/types\/product"}],"wp:featuredmedia":[{"embeddable":true,"href":"https:\/\/www.rucashk.com\/pt\/wp-json\/wp\/v2\/media\/27266"}],"wp:attachment":[{"href":"https:\/\/www.rucashk.com\/pt\/wp-json\/wp\/v2\/media?parent=27110"}],"wp:term":[{"taxonomy":"product_brand","embeddable":true,"href":"https:\/\/www.rucashk.com\/pt\/wp-json\/wp\/v2\/product_brand?post=27110"},{"taxonomy":"product_cat","embeddable":true,"href":"https:\/\/www.rucashk.com\/pt\/wp-json\/wp\/v2\/product_cat?post=27110"},{"taxonomy":"product_tag","embeddable":true,"href":"https:\/\/www.rucashk.com\/pt\/wp-json\/wp\/v2\/product_tag?post=27110"}],"curies":[{"name":"wp","href":"https:\/\/api.w.org\/{rel}","templated":true}]}}