{"id":27036,"date":"2024-01-09T16:35:55","date_gmt":"2024-01-09T16:35:55","guid":{"rendered":"http:\/\/rucashk.com\/?post_type=product&#038;p=27036"},"modified":"2025-06-21T09:42:24","modified_gmt":"2025-06-21T09:42:24","slug":"logitech-marathon-mouse-m705-mice","status":"publish","type":"product","link":"https:\/\/www.rucashk.com\/pt\/produto\/logitech-marathon-mouse-m705-mice\/","title":{"rendered":"Ratos Logitech MARATHON MOUSE M705"},"content":{"rendered":"<div class=\"detailmodule_text-image\" align=\"start\">\n<h2 class=\"h3\" style=\"text-align: left\">TR\u00caS ANOS DE VIDA \u00daTIL DA BATERIA<\/h2>\n<p style=\"text-align: left\">A engenharia supereficiente, combinada com um modo de economia de energia com suspens\u00e3o autom\u00e1tica e bot\u00e3o liga\/desliga, garante at\u00e9 36 meses de vida \u00fatil da bateria. Trabalhe sem preocupa\u00e7\u00f5es e aguarde at\u00e9 3 anos antes de precisar trocar as baterias.<\/p>\n<div class=\"cta-container\" style=\"text-align: center\"><\/div>\n<div class=\"parsys-ctn\">\n<div class=\"pangea-cmp pangea-image aem-margin-options\" data-aem-id=\"image_editable_copy_-i205f0c0faa5c19ed97ce466355c0474a\">\n<div class=\"aem-content-ctn no-container\">\n<div class=\"aem-padding-options\" data-aem-id=\"image_editable_copy_-i205f0c0faa5c19ed97ce466355c0474a-padding-options\"><\/div>\n<\/div>\n<\/div>\n<\/div>\n<p><img decoding=\"async\" class=\"detail-desc-decorate-image alignnone\" src=\"\/wp-content\/uploads\/replace\/260e63d5d30e1e9739d88fd2ce74593a.png\" alt=\"Logitech MARATHON MOUSE M705 Mice\" \/><\/p>\n<h2>ROLAGEM HIPER-R\u00c1PIDA<\/h2>\n<\/div>\n<div class=\"detailmodule_text-image\" align=\"start\">\n<p>Role melhor, acompanhe melhor e fa\u00e7a mais. A rolagem de modo duplo permite alternar entre velocidade e precis\u00e3o, para que voc\u00ea possa navegar por p\u00e1ginas da web longas ou linha por linha. Alterne os modos com um clique. O rastreamento preciso oferece controle superior do cursor a 1000 dpi. Role horizontalmente com a roda de inclina\u00e7\u00e3o \u2014 perfeita para planilhas grandes, imagens grandes e p\u00e1ginas da web. Personalize sua experi\u00eancia com Logitech Options<\/p>\n<div><img decoding=\"async\" class=\"detail-desc-decorate-image\" src=\"\/wp-content\/uploads\/replace\/536a858c024849257ea26bf91458a84c.png\" alt=\"Logitech MARATHON MOUSE M705 Mice\" \/><\/div>\n<div><\/div>\n<\/div>\n<div class=\"detailmodule_text-image\" align=\"start\">\n<h2 class=\"detail-desc-decorate-title\">Rastreamento de grau a laser<\/h2>\n<p class=\"detail-desc-decorate-content\">A precis\u00e3o do n\u00edvel do laser significa que voc\u00ea desfrutar\u00e1 de um rastreamento mais suave em praticamente qualquer superf\u00edcie.<\/p>\n<p>&nbsp;<\/p>\n<div><img decoding=\"async\" class=\"detail-desc-decorate-image\" src=\"\/wp-content\/uploads\/replace\/b61edca09f5727aa491168f4e576b536.png\" alt=\"Logitech MARATHON MOUSE M705 Mice\" \/><\/div>\n<\/div>\n<div class=\"detailmodule_text-image\" align=\"start\">\n<h2><\/h2>\n<h2 class=\"detail-desc-decorate-title\">Bot\u00f5es adicionais<\/h2>\n<p class=\"detail-desc-decorate-content\">Quer mudar rapidamente de uma p\u00e1gina para outra na Web em um instante? Voc\u00ea economizar\u00e1 tempo com os bot\u00f5es Avan\u00e7ar\/Retroceder.<\/p>\n<p>&nbsp;<\/p>\n<div><img decoding=\"async\" class=\"detail-desc-decorate-image\" src=\"\/wp-content\/uploads\/replace\/d0a5642334c0c3ba0648ed416e9a4faa.png\" alt=\"Logitech MARATHON MOUSE M705 Mice\" \/><\/div>\n<\/div>\n<div class=\"detailmodule_text-image\" align=\"start\">\n<h2><\/h2>\n<h2 class=\"detail-desc-decorate-title\">Design esculpido \u00e0 direita<\/h2>\n<p class=\"detail-desc-decorate-content\">O formato esculpido \u00e0 direita guia sua m\u00e3o para uma posi\u00e7\u00e3o naturalmente equilibrada e coloca o controle personaliz\u00e1vel ao seu alcance.<\/p>\n<p>&nbsp;<\/p>\n<div><img decoding=\"async\" class=\"detail-desc-decorate-image\" src=\"\/wp-content\/uploads\/replace\/d494c3c1a565bdb6c2282c801ea7affd.png\" alt=\"Logitech MARATHON MOUSE M705 Mice\" \/><\/div>\n<\/div>\n<div><\/div>\n<div>\n<h4><\/h4>\n<h4 class=\"specs-heading\">Especifica\u00e7\u00f5es<\/h4>\n<div class=\"specs-column\">\n<div class=\"specs-group\">\n<div class=\"specs-block\">\n<h5 class=\"specs-title\">Tecnologia de Sensores<\/h5>\n<ul class=\"specs-description-list\">\n<li>Rastreamento \u00f3ptico de precis\u00e3o<\/li>\n<li><strong>DPI (M\u00edn\/M\u00e1x)<\/strong>: 1000\u00b1<\/li>\n<\/ul>\n<\/div>\n<div class=\"specs-block\">\n<h5 class=\"specs-title\">Bot\u00f5es<\/h5>\n<ul class=\"specs-description-list\">\n<li><strong>N\u00famero de bot\u00f5es<\/strong>: 5<\/li>\n<\/ul>\n<\/div>\n<div class=\"specs-block\">\n<h5 class=\"specs-title\">Rolagem<\/h5>\n<ul class=\"specs-description-list\">\n<li>Roda de rolagem hiper-r\u00e1pida<\/li>\n<li><strong>Rodinha do mouse<\/strong>: Sim, borracha<\/li>\n<li><strong>Roda de inclina\u00e7\u00e3o<\/strong>: Sim, com clique do meio<\/li>\n<\/ul>\n<\/div>\n<div class=\"specs-block\">\n<h5 class=\"specs-title\">Bateria<\/h5>\n<ul class=\"specs-description-list\">\n<li><strong>Bateria<\/strong>: 36 meses<\/li>\n<li><strong>Detalhes das baterias<\/strong>: 2 x AA (inclu\u00eddo)<\/li>\n<\/ul>\n<\/div>\n<div class=\"specs-block\">\n<h5 class=\"specs-title\">Conectividade<\/h5>\n<ul class=\"specs-description-list\">\n<li><strong>Tipo de conex\u00e3o<\/strong>: Conex\u00e3o sem fio de 2,4 GHz<\/li>\n<li><strong>Alcance sem fio<\/strong>: 10 metros<\/li>\n<\/ul>\n<\/div>\n<div class=\"specs-block\">\n<h5 class=\"specs-title\">Software opcional<\/h5>\n<ul class=\"specs-description-list\">\n<li>Op\u00e7\u00f5es da Logitech<\/li>\n<\/ul>\n<\/div>\n<div class=\"specs-block\">\n<h5 class=\"specs-title\">Sustentabilidade<\/h5>\n<ul class=\"specs-description-list\">\n<li><strong>Pegada de carbono do produto<\/strong>: 4,25 kg CO2e<\/li>\n<\/ul>\n<\/div>\n<div class=\"specs-block\">\n<div class=\"specs-description\">Certificado neutro em carbono<\/div>\n<\/div>\n<\/div>\n<\/div>\n<\/div>","protected":false},"excerpt":{"rendered":"<div class=\"specs-block\">\n<h5 class=\"specs-title\">Rato<\/h5>\n<ul class=\"specs-description-list\">\n<li><strong>Altura<\/strong>: 109mm<\/li>\n<li><strong>Largura<\/strong>: 71mm<\/li>\n<li><strong>Profundidade<\/strong>: 42mm<\/li>\n<li><strong>Peso (com baterias)<\/strong>: 135g, com bateria AA<\/li>\n<\/ul>\n<\/div>\n<div class=\"specs-block\">\n<h5 class=\"specs-title\">Receptor Logitech Unifying<\/h5>\n<ul class=\"specs-description-list\">\n<li><strong>Altura<\/strong>: 18,7 mm<\/li>\n<li><strong>Largura<\/strong>: 14,4mm<\/li>\n<li><strong>Profundidade<\/strong>: 6,1mm<\/li>\n<li><strong>Peso<\/strong>: 1,8g<\/li>\n<\/ul>\n<\/div>","protected":false},"featured_media":27174,"template":"","meta":[],"product_brand":[1380],"product_cat":[1332,1322],"product_tag":[],"class_list":{"0":"post-27036","1":"product","2":"type-product","3":"status-publish","4":"has-post-thumbnail","6":"product_brand-logitech","7":"product_cat-logitech-other-a-brands","8":"product_cat-other-a-brands","10":"first","11":"instock","12":"shipping-taxable","13":"product-type-simple"},"aioseo_notices":[],"aioseo_head":"\n\t\t<!-- All in One SEO Pro 4.5.9.2 - aioseo.com -->\n\t\t<meta name=\"description\" content=\"Mouse Height: 109 mm Width: 71 mm Depth: 42 mm Weight (with batteries): 135 g, with AA battery Logitech Unifying receiver Height: 18.7 mm Width: 14.4 mm Depth: 6.1 mm Weight: 1.8 g\" \/>\n\t\t<meta name=\"robots\" content=\"max-image-preview:large\" \/>\n\t\t<link rel=\"canonical\" href=\"https:\/\/www.rucashk.com\/pt\/produto\/logitech-marathon-mouse-m705-mice\/\" \/>\n\t\t<meta name=\"generator\" content=\"All in One SEO Pro (AIOSEO) 4.5.9.2\" \/>\n\t\t<meta property=\"og:locale\" content=\"pt_PT\" \/>\n\t\t<meta property=\"og:site_name\" content=\"Rucas - One-stop AIoT Distribution Worldwide\" \/>\n\t\t<meta property=\"og:type\" content=\"article\" \/>\n\t\t<meta property=\"og:title\" content=\"Logitech MARATHON MOUSE M705 Mice - Rucas - Wholesale and Distribution\" \/>\n\t\t<meta property=\"og:description\" content=\"Mouse Height: 109 mm Width: 71 mm Depth: 42 mm Weight (with batteries): 135 g, with AA battery Logitech Unifying receiver Height: 18.7 mm Width: 14.4 mm Depth: 6.1 mm Weight: 1.8 g\" \/>\n\t\t<meta property=\"og:url\" content=\"https:\/\/www.rucashk.com\/pt\/produto\/logitech-marathon-mouse-m705-mice\/\" \/>\n\t\t<meta property=\"og:image\" content=\"https:\/\/www.rucashk.com\/wp-content\/uploads\/replace\/503b8e645f128a97ccde2b6290747646.jpeg\" \/>\n\t\t<meta property=\"og:image:secure_url\" content=\"https:\/\/www.rucashk.com\/wp-content\/uploads\/replace\/503b8e645f128a97ccde2b6290747646.jpeg\" \/>\n\t\t<meta property=\"og:image:width\" content=\"1456\" \/>\n\t\t<meta property=\"og:image:height\" content=\"816\" \/>\n\t\t<meta property=\"article:published_time\" content=\"2024-01-09T16:35:55+00:00\" \/>\n\t\t<meta property=\"article:modified_time\" content=\"2025-06-21T09:42:24+00:00\" \/>\n\t\t<meta name=\"twitter:card\" content=\"summary_large_image\" \/>\n\t\t<meta name=\"twitter:title\" content=\"Logitech MARATHON MOUSE M705 Mice - Rucas - Wholesale and Distribution\" \/>\n\t\t<meta name=\"twitter:description\" content=\"Mouse Height: 109 mm Width: 71 mm Depth: 42 mm Weight (with batteries): 135 g, with AA battery Logitech Unifying receiver Height: 18.7 mm Width: 14.4 mm Depth: 6.1 mm Weight: 1.8 g\" \/>\n\t\t<meta name=\"twitter:image\" content=\"https:\/\/www.rucashk.com\/wp-content\/uploads\/replace\/503b8e645f128a97ccde2b6290747646.jpeg\" \/>\n\t\t<script type=\"application\/ld+json\" class=\"aioseo-schema\">\n\t\t\t{\"@context\":\"https:\\\/\\\/schema.org\",\"@graph\":[{\"@type\":\"BreadcrumbList\",\"@id\":\"https:\\\/\\\/www.rucashk.com\\\/pt\\\/produto\\\/logitech-marathon-mouse-m705-mice\\\/#breadcrumblist\",\"itemListElement\":[{\"@type\":\"ListItem\",\"@id\":\"https:\\\/\\\/www.rucashk.com\\\/pt\\\/#listItem\",\"position\":1,\"name\":\"Home\",\"item\":\"https:\\\/\\\/www.rucashk.com\\\/pt\\\/\",\"nextItem\":\"https:\\\/\\\/www.rucashk.com\\\/pt\\\/produto\\\/logitech-marathon-mouse-m705-mice\\\/#listItem\"},{\"@type\":\"ListItem\",\"@id\":\"https:\\\/\\\/www.rucashk.com\\\/pt\\\/produto\\\/logitech-marathon-mouse-m705-mice\\\/#listItem\",\"position\":2,\"name\":\"Logitech MARATHON MOUSE M705 Mice\",\"previousItem\":\"https:\\\/\\\/www.rucashk.com\\\/pt\\\/#listItem\"}]},{\"@type\":\"Organization\",\"@id\":\"https:\\\/\\\/www.rucashk.com\\\/pt\\\/#organization\",\"name\":\"Rucas\",\"url\":\"https:\\\/\\\/www.rucashk.com\\\/pt\\\/\",\"logo\":{\"@type\":\"ImageObject\",\"url\":\"https:\\\/\\\/www.rucashk.com\\\/wp-content\\\/uploads\\\/2023\\\/12\\\/Rucas_campany_logo.png\",\"@id\":\"https:\\\/\\\/www.rucashk.com\\\/pt\\\/produto\\\/logitech-marathon-mouse-m705-mice\\\/#organizationLogo\",\"width\":221,\"height\":65},\"image\":{\"@id\":\"https:\\\/\\\/www.rucashk.com\\\/pt\\\/#organizationLogo\"}},{\"@type\":\"Person\",\"@id\":\"https:\\\/\\\/www.rucashk.com\\\/pt\\\/author\\\/admin\\\/#author\",\"url\":\"https:\\\/\\\/www.rucashk.com\\\/pt\\\/author\\\/admin\\\/\",\"name\":\"admin\",\"image\":{\"@type\":\"ImageObject\",\"@id\":\"https:\\\/\\\/www.rucashk.com\\\/pt\\\/produto\\\/logitech-marathon-mouse-m705-mice\\\/#authorImage\",\"url\":\"https:\\\/\\\/secure.gravatar.com\\\/avatar\\\/b7c8925b09a27e72b30232f8ecaadbd5af0f70a38c78096863fe51b64f031c24?s=96&d=mm&r=g\",\"width\":96,\"height\":96,\"caption\":\"admin\"}},{\"@type\":\"WebPage\",\"@id\":\"https:\\\/\\\/www.rucashk.com\\\/pt\\\/produto\\\/logitech-marathon-mouse-m705-mice\\\/#webpage\",\"url\":\"https:\\\/\\\/www.rucashk.com\\\/pt\\\/produto\\\/logitech-marathon-mouse-m705-mice\\\/\",\"name\":\"Logitech MARATHON MOUSE M705 Mice - Rucas - Wholesale and Distribution\",\"description\":\"Mouse Height: 109 mm Width: 71 mm Depth: 42 mm Weight (with batteries): 135 g, with AA battery Logitech Unifying receiver Height: 18.7 mm Width: 14.4 mm Depth: 6.1 mm Weight: 1.8 g\",\"inLanguage\":\"pt-PT\",\"isPartOf\":{\"@id\":\"https:\\\/\\\/www.rucashk.com\\\/pt\\\/#website\"},\"breadcrumb\":{\"@id\":\"https:\\\/\\\/www.rucashk.com\\\/pt\\\/produto\\\/logitech-marathon-mouse-m705-mice\\\/#breadcrumblist\"},\"author\":{\"@id\":\"https:\\\/\\\/www.rucashk.com\\\/pt\\\/author\\\/admin\\\/#author\"},\"creator\":{\"@id\":\"https:\\\/\\\/www.rucashk.com\\\/pt\\\/author\\\/admin\\\/#author\"},\"image\":{\"@type\":\"ImageObject\",\"url\":\"https:\\\/\\\/www.rucashk.com\\\/wp-content\\\/uploads\\\/2024\\\/01\\\/10001-52.jpg\",\"@id\":\"https:\\\/\\\/www.rucashk.com\\\/pt\\\/produto\\\/logitech-marathon-mouse-m705-mice\\\/#mainImage\",\"width\":800,\"height\":800},\"primaryImageOfPage\":{\"@id\":\"https:\\\/\\\/www.rucashk.com\\\/pt\\\/produto\\\/logitech-marathon-mouse-m705-mice\\\/#mainImage\"},\"datePublished\":\"2024-01-09T16:35:55+00:00\",\"dateModified\":\"2025-06-21T09:42:24+00:00\"},{\"@type\":\"WebSite\",\"@id\":\"https:\\\/\\\/www.rucashk.com\\\/pt\\\/#website\",\"url\":\"https:\\\/\\\/www.rucashk.com\\\/pt\\\/\",\"name\":\"Rucas - Wholesale and distribution worldwide\",\"alternateName\":\"Rucas - One-stop AIoT Distribution Worldwide\",\"description\":\"One-stop AIoT Distribution Worldwide\",\"inLanguage\":\"pt-PT\",\"publisher\":{\"@id\":\"https:\\\/\\\/www.rucashk.com\\\/pt\\\/#organization\"}}]}\n\t\t<\/script>\n\t\t<!-- All in One SEO Pro -->\r\n\t\t<title>Logitech MARATHON MOUSE M705 Mice - Rucas - Wholesale and Distribution<\/title>\n\n","aioseo_head_json":{"title":"Logitech MARATHON MOUSE M705 Mice - Rucas - Wholesale and Distribution","description":"Mouse Height: 109 mm Width: 71 mm Depth: 42 mm Weight (with batteries): 135 g, with AA battery Logitech Unifying receiver Height: 18.7 mm Width: 14.4 mm Depth: 6.1 mm Weight: 1.8 g","canonical_url":"https:\/\/www.rucashk.com\/pt\/produto\/logitech-marathon-mouse-m705-mice\/","robots":"max-image-preview:large","keywords":"","webmasterTools":{"miscellaneous":""},"og:locale":"pt_PT","og:site_name":"Rucas - One-stop AIoT Distribution Worldwide","og:type":"article","og:title":"Logitech MARATHON MOUSE M705 Mice - Rucas - Wholesale and Distribution","og:description":"Mouse Height: 109 mm Width: 71 mm Depth: 42 mm Weight (with batteries): 135 g, with AA battery Logitech Unifying receiver Height: 18.7 mm Width: 14.4 mm Depth: 6.1 mm Weight: 1.8 g","og:url":"https:\/\/www.rucashk.com\/pt\/produto\/logitech-marathon-mouse-m705-mice\/","og:image":"https:\/\/www.rucashk.com\/wp-content\/uploads\/replace\/503b8e645f128a97ccde2b6290747646.jpeg","og:image:secure_url":"https:\/\/www.rucashk.com\/wp-content\/uploads\/replace\/503b8e645f128a97ccde2b6290747646.jpeg","og:image:width":1456,"og:image:height":816,"article:published_time":"2024-01-09T16:35:55+00:00","article:modified_time":"2025-06-21T09:42:24+00:00","twitter:card":"summary_large_image","twitter:title":"Logitech MARATHON MOUSE M705 Mice - Rucas - Wholesale and Distribution","twitter:description":"Mouse Height: 109 mm Width: 71 mm Depth: 42 mm Weight (with batteries): 135 g, with AA battery Logitech Unifying receiver Height: 18.7 mm Width: 14.4 mm Depth: 6.1 mm Weight: 1.8 g","twitter:image":"https:\/\/www.rucashk.com\/wp-content\/uploads\/replace\/503b8e645f128a97ccde2b6290747646.jpeg","schema":{"@context":"https:\/\/schema.org","@graph":[{"@type":"BreadcrumbList","@id":"https:\/\/www.rucashk.com\/pt\/produto\/logitech-marathon-mouse-m705-mice\/#breadcrumblist","itemListElement":[{"@type":"ListItem","@id":"https:\/\/www.rucashk.com\/pt\/#listItem","position":1,"name":"Home","item":"https:\/\/www.rucashk.com\/pt\/","nextItem":"https:\/\/www.rucashk.com\/pt\/produto\/logitech-marathon-mouse-m705-mice\/#listItem"},{"@type":"ListItem","@id":"https:\/\/www.rucashk.com\/pt\/produto\/logitech-marathon-mouse-m705-mice\/#listItem","position":2,"name":"Logitech MARATHON MOUSE M705 Mice","previousItem":"https:\/\/www.rucashk.com\/pt\/#listItem"}]},{"@type":"Organization","@id":"https:\/\/www.rucashk.com\/pt\/#organization","name":"Rucas","url":"https:\/\/www.rucashk.com\/pt\/","logo":{"@type":"ImageObject","url":"https:\/\/www.rucashk.com\/wp-content\/uploads\/2023\/12\/Rucas_campany_logo.png","@id":"https:\/\/www.rucashk.com\/pt\/produto\/logitech-marathon-mouse-m705-mice\/#organizationLogo","width":221,"height":65},"image":{"@id":"https:\/\/www.rucashk.com\/pt\/#organizationLogo"}},{"@type":"Person","@id":"https:\/\/www.rucashk.com\/pt\/author\/admin\/#author","url":"https:\/\/www.rucashk.com\/pt\/author\/admin\/","name":"admin","image":{"@type":"ImageObject","@id":"https:\/\/www.rucashk.com\/pt\/produto\/logitech-marathon-mouse-m705-mice\/#authorImage","url":"https:\/\/secure.gravatar.com\/avatar\/b7c8925b09a27e72b30232f8ecaadbd5af0f70a38c78096863fe51b64f031c24?s=96&d=mm&r=g","width":96,"height":96,"caption":"admin"}},{"@type":"WebPage","@id":"https:\/\/www.rucashk.com\/pt\/produto\/logitech-marathon-mouse-m705-mice\/#webpage","url":"https:\/\/www.rucashk.com\/pt\/produto\/logitech-marathon-mouse-m705-mice\/","name":"Logitech MARATHON MOUSE M705 Mice - Rucas - Wholesale and Distribution","description":"Mouse Height: 109 mm Width: 71 mm Depth: 42 mm Weight (with batteries): 135 g, with AA battery Logitech Unifying receiver Height: 18.7 mm Width: 14.4 mm Depth: 6.1 mm Weight: 1.8 g","inLanguage":"pt-PT","isPartOf":{"@id":"https:\/\/www.rucashk.com\/pt\/#website"},"breadcrumb":{"@id":"https:\/\/www.rucashk.com\/pt\/produto\/logitech-marathon-mouse-m705-mice\/#breadcrumblist"},"author":{"@id":"https:\/\/www.rucashk.com\/pt\/author\/admin\/#author"},"creator":{"@id":"https:\/\/www.rucashk.com\/pt\/author\/admin\/#author"},"image":{"@type":"ImageObject","url":"https:\/\/www.rucashk.com\/wp-content\/uploads\/2024\/01\/10001-52.jpg","@id":"https:\/\/www.rucashk.com\/pt\/produto\/logitech-marathon-mouse-m705-mice\/#mainImage","width":800,"height":800},"primaryImageOfPage":{"@id":"https:\/\/www.rucashk.com\/pt\/produto\/logitech-marathon-mouse-m705-mice\/#mainImage"},"datePublished":"2024-01-09T16:35:55+00:00","dateModified":"2025-06-21T09:42:24+00:00"},{"@type":"WebSite","@id":"https:\/\/www.rucashk.com\/pt\/#website","url":"https:\/\/www.rucashk.com\/pt\/","name":"Rucas - Wholesale and distribution worldwide","alternateName":"Rucas - One-stop AIoT Distribution Worldwide","description":"One-stop AIoT Distribution Worldwide","inLanguage":"pt-PT","publisher":{"@id":"https:\/\/www.rucashk.com\/pt\/#organization"}}]}},"aioseo_meta_data":{"post_id":"27036","title":null,"description":null,"keywords":null,"keyphrases":null,"primary_term":null,"canonical_url":null,"og_title":null,"og_description":null,"og_object_type":"default","og_image_type":"default","og_image_url":null,"og_image_width":null,"og_image_height":null,"og_image_custom_url":null,"og_image_custom_fields":null,"og_video":null,"og_custom_url":null,"og_article_section":null,"og_article_tags":null,"twitter_use_og":false,"twitter_card":"default","twitter_image_type":"default","twitter_image_url":null,"twitter_image_custom_url":null,"twitter_image_custom_fields":null,"twitter_title":null,"twitter_description":null,"schema":{"blockGraphs":[],"customGraphs":[],"default":{"data":{"Article":[],"Course":[],"Dataset":[],"FAQPage":[],"Movie":[],"Person":[],"Product":[],"Recipe":[],"Service":[],"SoftwareApplication":[],"WebPage":[]},"graphName":"","isEnabled":true},"graphs":[]},"schema_type":"default","schema_type_options":null,"pillar_content":false,"robots_default":true,"robots_noindex":false,"robots_noarchive":false,"robots_nosnippet":false,"robots_nofollow":false,"robots_noimageindex":false,"robots_noodp":false,"robots_notranslate":false,"robots_max_snippet":null,"robots_max_videopreview":null,"robots_max_imagepreview":"large","priority":null,"frequency":null,"local_seo":null,"breadcrumb_settings":null,"limit_modified_date":false,"created":"2024-04-11 01:57:21","updated":"2025-06-22 18:30:01"},"aioseo_breadcrumb":"<div class=\"aioseo-breadcrumbs\"><span class=\"aioseo-breadcrumb\">\n\t<a href=\"https:\/\/www.rucashk.com\/pt\" title=\"Home\">Home<\/a>\n<\/span><span class=\"aioseo-breadcrumb-separator\">&raquo;<\/span><span class=\"aioseo-breadcrumb\">\n\t<a href=\"https:\/\/www.rucashk.com\/pt\/products\/\" title=\"Produtos\">Produtos<\/a>\n<\/span><span class=\"aioseo-breadcrumb-separator\">&raquo;<\/span><span class=\"aioseo-breadcrumb\">\n\t<a href=\"https:\/\/www.rucashk.com\/pt\/marca\/logitech\/\" title=\"Logitech\">Logitech<\/a>\n<\/span><span class=\"aioseo-breadcrumb-separator\">&raquo;<\/span><span class=\"aioseo-breadcrumb\">\n\tLogitech MARATHON MOUSE M705 Mice\n<\/span><\/div>","aioseo_breadcrumb_json":[{"label":"Home","link":"https:\/\/www.rucashk.com\/pt"},{"label":"Produtos","link":"https:\/\/www.rucashk.com\/pt\/products\/"},{"label":"Logitech","link":"https:\/\/www.rucashk.com\/pt\/marca\/logitech\/"},{"label":"Logitech MARATHON MOUSE M705 Mice","link":"https:\/\/www.rucashk.com\/pt\/produto\/logitech-marathon-mouse-m705-mice\/"}],"_links":{"self":[{"href":"https:\/\/www.rucashk.com\/pt\/wp-json\/wp\/v2\/product\/27036","targetHints":{"allow":["GET"]}}],"collection":[{"href":"https:\/\/www.rucashk.com\/pt\/wp-json\/wp\/v2\/product"}],"about":[{"href":"https:\/\/www.rucashk.com\/pt\/wp-json\/wp\/v2\/types\/product"}],"wp:featuredmedia":[{"embeddable":true,"href":"https:\/\/www.rucashk.com\/pt\/wp-json\/wp\/v2\/media\/27174"}],"wp:attachment":[{"href":"https:\/\/www.rucashk.com\/pt\/wp-json\/wp\/v2\/media?parent=27036"}],"wp:term":[{"taxonomy":"product_brand","embeddable":true,"href":"https:\/\/www.rucashk.com\/pt\/wp-json\/wp\/v2\/product_brand?post=27036"},{"taxonomy":"product_cat","embeddable":true,"href":"https:\/\/www.rucashk.com\/pt\/wp-json\/wp\/v2\/product_cat?post=27036"},{"taxonomy":"product_tag","embeddable":true,"href":"https:\/\/www.rucashk.com\/pt\/wp-json\/wp\/v2\/product_tag?post=27036"}],"curies":[{"name":"wp","href":"https:\/\/api.w.org\/{rel}","templated":true}]}}