{"id":27035,"date":"2024-01-09T16:35:55","date_gmt":"2024-01-09T16:35:55","guid":{"rendered":"http:\/\/rucashk.com\/?post_type=product&#038;p=27035"},"modified":"2025-06-21T09:42:24","modified_gmt":"2025-06-21T09:42:24","slug":"logitech-m720-triathlon-mice","status":"publish","type":"product","link":"https:\/\/www.rucashk.com\/pt\/produto\/logitech-m720-triathlon-mice\/","title":{"rendered":"Ratos Logitech M720 TRIATLO"},"content":{"rendered":"<h2 class=\"h3\" style=\"text-align: center\">CONFORTO DE TAMANHO COMPLETO<\/h2>\n<p style=\"text-align: center\">O formato contornado de tamanho normal segue a curva natural da sua m\u00e3o, proporcionando suporte perfeito para a palma da m\u00e3o, para que voc\u00ea possa permanecer produtivo por mais tempo. Este design para destros tamb\u00e9m possui revestimento de borracha macia para que voc\u00ea possa trabalhar confortavelmente por longas horas - em casa ou no trabalho.<\/p>\n<p style=\"text-align: center\"><img fetchpriority=\"high\" decoding=\"async\" class=\"wp-image-34767 aligncenter\" src=\"https:\/\/www.rucashk.com\/wp-content\/uploads\/2023\/09\/1e7476cea72b4d65c926c3d0412d1d2-300x169.png\" alt=\"Logitech M720 TRIATHLON Mice\" width=\"691\" height=\"389\" \/><\/p>\n<h2 class=\"h3\" style=\"text-align: center\">NAVEGA\u00c7\u00c3O ULTRA PRECISA<\/h2>\n<p style=\"text-align: center\">Role melhor, acompanhe melhor e fa\u00e7a mais. A rolagem de modo duplo permite alternar entre velocidade e precis\u00e3o, para que voc\u00ea possa navegar por p\u00e1ginas da web longas ou navegar linha por linha com o toque de um bot\u00e3o. Voc\u00ea tamb\u00e9m pode rolar horizontalmente com a roda de inclina\u00e7\u00e3o \u2013 perfeita para planilhas grandes, imagens grandes e p\u00e1ginas da web. O rastreamento de alta precis\u00e3o oferece controle superior do cursor em praticamente qualquer superf\u00edcie com dpi ajust\u00e1vel.<\/p>\n<div class=\"parsys-ctn\">\n<div class=\"pangea-cmp pangea-image aem-margin-options\" data-aem-id=\"image_editable_copy_-i8f9db27e006464ee8c070cfb2546b947\">\n<div class=\"aem-content-ctn no-container\">\n<div class=\"aem-padding-options\" style=\"text-align: center\" data-aem-id=\"image_editable_copy_-i8f9db27e006464ee8c070cfb2546b947-padding-options\"><\/div>\n<\/div>\n<\/div>\n<\/div>\n<p>&nbsp;<\/p>\n<p><img decoding=\"async\" class=\"wp-image-34768 aligncenter\" src=\"https:\/\/www.rucashk.com\/wp-content\/uploads\/2023\/09\/1016407836e03e5a046694e6c310614-300x175.png\" alt=\"Logitech M720 TRIATHLON Mice\" width=\"691\" height=\"403\" \/><\/p>\n<h2 class=\"h3\" style=\"text-align: center\">FLEX\u00cdVEL E COMPAT\u00cdVEL<\/h2>\n<p style=\"text-align: center\">M720 \u00e9 compat\u00edvel com computadores, laptops e tablets -Windows<sup>\u00ae<\/sup>, macOS, Chrome OS<sup>\u2122<\/sup>, Linux<sup>\u00ae<\/sup>, e iPadOS, est\u00e1 pronto para ser integrado \u00e0 sua configura\u00e7\u00e3o de trabalho, independentemente do dispositivo ou sistema operacional. Conecte-se do seu jeito, atrav\u00e9s de qualquer\u00a0<em>Bluetooth<\/em><sup>\u00ae<\/sup>\u00a0tecnologia sem fio ou o receptor sem fio Logitech Unifying, que permite conectar at\u00e9 6 perif\u00e9ricos Logitech compat\u00edveis com apenas um receptor USB.<\/p>\n<p style=\"text-align: center\">\n<p><img decoding=\"async\" class=\"wp-image-34769 aligncenter\" src=\"https:\/\/www.rucashk.com\/wp-content\/uploads\/2023\/09\/7ffcde7e59eaeaf0f2f50424c7d6d8a-300x168.png\" alt=\"Logitech M720 TRIATHLON Mice\" width=\"695\" height=\"389\" \/><\/p>\n<h2 class=\"font-title-l js-title\" style=\"text-align: center\">PRODUTIVIDADE DO SEU CAMINHO<\/h2>\n<div class=\"body-copy-ctn js-body-copy-ctn rte-field\" style=\"text-align: center\">\n<p>Dois bot\u00f5es laterais e um bot\u00e3o de polegar oculto fornecem controle extra exatamente onde voc\u00ea precisa, tornando mais simples e r\u00e1pido realizar as tarefas. Programados para retroceder e avan\u00e7ar na web, voc\u00ea pode personaliz\u00e1-los para atender \u00e0s suas necessidades no macOS e no Windows baixando o software Logi Options+.<\/p>\n<\/div>\n<p><img loading=\"lazy\" decoding=\"async\" class=\"wp-image-34770 aligncenter\" src=\"https:\/\/www.rucashk.com\/wp-content\/uploads\/2023\/09\/3de3056413cf9ef82d0350042ec715d-300x224.png\" alt=\"Logitech M720 TRIATHLON Mice\" width=\"691\" height=\"516\" \/><\/p>\n<h2 class=\"h3\" style=\"text-align: center\">FLUXO DE M\u00daLTIPLOS DISPOSITIVOS<\/h2>\n<p style=\"text-align: center\">Use o M720 para trabalhar perfeitamente entre computadores, laptops e tablets. Emparelhe seu mouse com at\u00e9 tr\u00eas dispositivos diferentes e alterne entre eles com o bot\u00e3o Easy-Switch\u2122. Use o Flow\u2122 para realizar suas tarefas: mova textos, imagens e arquivos facilmente entre computadores \u2013 e sistemas operacionais \u2013 com um simples copiar e colar.<\/p>\n<p><img loading=\"lazy\" decoding=\"async\" class=\"wp-image-34771 aligncenter\" src=\"https:\/\/www.rucashk.com\/wp-content\/uploads\/2023\/09\/132bd3ab66160aee144db56e6d2f4e0-300x169.png\" alt=\"Logitech M720 TRIATHLON Mice\" width=\"698\" height=\"393\" \/><\/p>\n<h2 class=\"h3\" style=\"text-align: center\">QUALIDADE COM QUE VOC\u00ca PODE CONTAR<\/h2>\n<p style=\"text-align: center\">O mouse foi constru\u00eddo usando os mesmos padr\u00f5es de alta qualidade que fizeram da Logitech a l\u00edder global em mouses e teclados. Dur\u00e1vel e confi\u00e1vel, o M720 tamb\u00e9m funciona por at\u00e9 24 meses sem trocar as baterias, gra\u00e7as ao modo de economia de energia de suspens\u00e3o autom\u00e1tica e ao bot\u00e3o liga\/desliga.<\/p>\n<div class=\"cta-container\" style=\"text-align: center\"><\/div>\n<p><img loading=\"lazy\" decoding=\"async\" class=\"wp-image-34772 aligncenter\" src=\"https:\/\/www.rucashk.com\/wp-content\/uploads\/2023\/09\/c2a18c3e7610d71cdd5fd198e1820e1-300x168.png\" alt=\"Logitech M720 TRIATHLON Mice\" width=\"696\" height=\"390\" \/><\/p>\n<p>&nbsp;<\/p>\n<h4 class=\"specs-heading\">Especifica\u00e7\u00f5es<\/h4>\n<div class=\"specs-column\">\n<div class=\"specs-group\">\n<div class=\"specs-block\">\n<h5 class=\"specs-title\">Tecnologia de Sensores<\/h5>\n<ul class=\"specs-description-list\">\n<li>Rastreamento \u00f3ptico de alta precis\u00e3o<\/li>\n<li><strong>DPI (M\u00edn\/M\u00e1x)<\/strong>: 1000\u00b1<\/li>\n<\/ul>\n<\/div>\n<div class=\"specs-block\">\n<h5 class=\"specs-title\">Bot\u00f5es<\/h5>\n<ul class=\"specs-description-list\">\n<li><strong>N\u00famero de bot\u00f5es<\/strong>: 8<\/li>\n<\/ul>\n<\/div>\n<div class=\"specs-block\">\n<h5 class=\"specs-title\">Rolagem<\/h5>\n<ul class=\"specs-description-list\">\n<li>Roda de rolagem hiper-r\u00e1pida<\/li>\n<li><strong>Rodinha do mouse<\/strong>: Sim, borracha<\/li>\n<li><strong>Roda de inclina\u00e7\u00e3o<\/strong>: Sim, com clique do meio<\/li>\n<\/ul>\n<\/div>\n<div class=\"specs-block\">\n<h5 class=\"specs-title\">Bateria<\/h5>\n<ul class=\"specs-description-list\">\n<li>Vida \u00fatil da bateria: 24 meses<\/li>\n<li><strong>Detalhes das baterias<\/strong>: 1 x AA (inclu\u00eddo)<\/li>\n<\/ul>\n<\/div>\n<div class=\"specs-block\">\n<h5 class=\"specs-title\">Conectividade<\/h5>\n<ul class=\"specs-description-list\">\n<li><strong>Tipo de conex\u00e3o<\/strong>: Conex\u00e3o sem fio de 2,4 GHz e tecnologia Bluetooth Low Energy<\/li>\n<li><strong>Alcance sem fio<\/strong>: 10 metros<\/li>\n<li>Easy-Switch, 3 canais<\/li>\n<\/ul>\n<\/div>\n<div class=\"specs-block\">\n<h5 class=\"specs-title\">Aplicativo de personaliza\u00e7\u00e3o<\/h5>\n<ul class=\"specs-description-list\">\n<li>Compat\u00edvel com Logi Options+ no Windows e macOS<\/li>\n<\/ul>\n<\/div>\n<div class=\"specs-block\">\n<h5 class=\"specs-title\">Sustentabilidade<\/h5>\n<ul class=\"specs-description-list\">\n<li><strong>Pegada de carbono do produto<\/strong>: 5,08 kg CO2e<\/li>\n<\/ul>\n<\/div>\n<div class=\"specs-block\">\n<div class=\"specs-description\">Certificado neutro em carbono<\/div>\n<\/div>\n<\/div>\n<\/div>","protected":false},"excerpt":{"rendered":"<div class=\"specs-block\">\n<h5 class=\"specs-title\">Rato<\/h5>\n<ul class=\"specs-description-list\">\n<li><strong>Altura<\/strong>: 115mm<\/li>\n<li><strong>Largura<\/strong>: 74mm<\/li>\n<li><strong>Profundidade<\/strong>: 45mm<\/li>\n<li><strong>Peso (com baterias)<\/strong>: 135g, com bateria AA<\/li>\n<\/ul>\n<\/div>\n<div class=\"specs-block\">\n<h5 class=\"specs-title\">Receptor Logitech Unifying<\/h5>\n<ul class=\"specs-description-list\">\n<li><strong>Altura<\/strong>: 18,7 mm<\/li>\n<li><strong>Largura<\/strong>: 14,4mm<\/li>\n<li><strong>Profundidade<\/strong>: 6,1mm<\/li>\n<li><strong>Peso<\/strong>: 1,8g<\/li>\n<\/ul>\n<\/div>","protected":false},"featured_media":27163,"template":"","meta":[],"product_brand":[1380],"product_cat":[1332,1322],"product_tag":[],"class_list":{"0":"post-27035","1":"product","2":"type-product","3":"status-publish","4":"has-post-thumbnail","6":"product_brand-logitech","7":"product_cat-logitech-other-a-brands","8":"product_cat-other-a-brands","10":"first","11":"instock","12":"shipping-taxable","13":"product-type-simple"},"aioseo_notices":[],"aioseo_head":"\n\t\t<!-- All in One SEO Pro 4.5.9.2 - aioseo.com -->\n\t\t<meta name=\"description\" content=\"Mouse Height: 115 mm Width: 74 mm Depth: 45 mm Weight (with batteries): 135 g, with AA battery Logitech Unifying receiver Height: 18.7 mm Width: 14.4 mm Depth: 6.1 mm Weight: 1.8 g\" \/>\n\t\t<meta name=\"robots\" content=\"max-image-preview:large\" \/>\n\t\t<link rel=\"canonical\" href=\"https:\/\/www.rucashk.com\/pt\/produto\/logitech-m720-triathlon-mice\/\" \/>\n\t\t<meta name=\"generator\" content=\"All in One SEO Pro (AIOSEO) 4.5.9.2\" \/>\n\t\t<meta property=\"og:locale\" content=\"pt_PT\" \/>\n\t\t<meta property=\"og:site_name\" content=\"Rucas - One-stop AIoT Distribution Worldwide\" \/>\n\t\t<meta property=\"og:type\" content=\"article\" \/>\n\t\t<meta property=\"og:title\" content=\"Logitech M720 TRIATHLON Mice - Rucas - Wholesale and Distribution\" \/>\n\t\t<meta property=\"og:description\" content=\"Mouse Height: 115 mm Width: 74 mm Depth: 45 mm Weight (with batteries): 135 g, with AA battery Logitech Unifying receiver Height: 18.7 mm Width: 14.4 mm Depth: 6.1 mm Weight: 1.8 g\" \/>\n\t\t<meta property=\"og:url\" content=\"https:\/\/www.rucashk.com\/pt\/produto\/logitech-m720-triathlon-mice\/\" \/>\n\t\t<meta property=\"og:image\" content=\"https:\/\/www.rucashk.com\/wp-content\/uploads\/replace\/503b8e645f128a97ccde2b6290747646.jpeg\" \/>\n\t\t<meta property=\"og:image:secure_url\" content=\"https:\/\/www.rucashk.com\/wp-content\/uploads\/replace\/503b8e645f128a97ccde2b6290747646.jpeg\" \/>\n\t\t<meta property=\"og:image:width\" content=\"1456\" \/>\n\t\t<meta property=\"og:image:height\" content=\"816\" \/>\n\t\t<meta property=\"article:published_time\" content=\"2024-01-09T16:35:55+00:00\" \/>\n\t\t<meta property=\"article:modified_time\" content=\"2025-06-21T09:42:24+00:00\" \/>\n\t\t<meta name=\"twitter:card\" content=\"summary_large_image\" \/>\n\t\t<meta name=\"twitter:title\" content=\"Logitech M720 TRIATHLON Mice - Rucas - Wholesale and Distribution\" \/>\n\t\t<meta name=\"twitter:description\" content=\"Mouse Height: 115 mm Width: 74 mm Depth: 45 mm Weight (with batteries): 135 g, with AA battery Logitech Unifying receiver Height: 18.7 mm Width: 14.4 mm Depth: 6.1 mm Weight: 1.8 g\" \/>\n\t\t<meta name=\"twitter:image\" content=\"https:\/\/www.rucashk.com\/wp-content\/uploads\/replace\/503b8e645f128a97ccde2b6290747646.jpeg\" \/>\n\t\t<script type=\"application\/ld+json\" class=\"aioseo-schema\">\n\t\t\t{\"@context\":\"https:\\\/\\\/schema.org\",\"@graph\":[{\"@type\":\"BreadcrumbList\",\"@id\":\"https:\\\/\\\/www.rucashk.com\\\/pt\\\/produto\\\/logitech-m720-triathlon-mice\\\/#breadcrumblist\",\"itemListElement\":[{\"@type\":\"ListItem\",\"@id\":\"https:\\\/\\\/www.rucashk.com\\\/pt\\\/#listItem\",\"position\":1,\"name\":\"Home\",\"item\":\"https:\\\/\\\/www.rucashk.com\\\/pt\\\/\",\"nextItem\":\"https:\\\/\\\/www.rucashk.com\\\/pt\\\/produto\\\/logitech-m720-triathlon-mice\\\/#listItem\"},{\"@type\":\"ListItem\",\"@id\":\"https:\\\/\\\/www.rucashk.com\\\/pt\\\/produto\\\/logitech-m720-triathlon-mice\\\/#listItem\",\"position\":2,\"name\":\"Logitech M720 TRIATHLON Mice\",\"previousItem\":\"https:\\\/\\\/www.rucashk.com\\\/pt\\\/#listItem\"}]},{\"@type\":\"Organization\",\"@id\":\"https:\\\/\\\/www.rucashk.com\\\/pt\\\/#organization\",\"name\":\"Rucas\",\"url\":\"https:\\\/\\\/www.rucashk.com\\\/pt\\\/\",\"logo\":{\"@type\":\"ImageObject\",\"url\":\"https:\\\/\\\/www.rucashk.com\\\/wp-content\\\/uploads\\\/2023\\\/12\\\/Rucas_campany_logo.png\",\"@id\":\"https:\\\/\\\/www.rucashk.com\\\/pt\\\/produto\\\/logitech-m720-triathlon-mice\\\/#organizationLogo\",\"width\":221,\"height\":65},\"image\":{\"@id\":\"https:\\\/\\\/www.rucashk.com\\\/pt\\\/#organizationLogo\"}},{\"@type\":\"Person\",\"@id\":\"https:\\\/\\\/www.rucashk.com\\\/pt\\\/author\\\/admin\\\/#author\",\"url\":\"https:\\\/\\\/www.rucashk.com\\\/pt\\\/author\\\/admin\\\/\",\"name\":\"admin\",\"image\":{\"@type\":\"ImageObject\",\"@id\":\"https:\\\/\\\/www.rucashk.com\\\/pt\\\/produto\\\/logitech-m720-triathlon-mice\\\/#authorImage\",\"url\":\"https:\\\/\\\/secure.gravatar.com\\\/avatar\\\/b7c8925b09a27e72b30232f8ecaadbd5af0f70a38c78096863fe51b64f031c24?s=96&d=mm&r=g\",\"width\":96,\"height\":96,\"caption\":\"admin\"}},{\"@type\":\"WebPage\",\"@id\":\"https:\\\/\\\/www.rucashk.com\\\/pt\\\/produto\\\/logitech-m720-triathlon-mice\\\/#webpage\",\"url\":\"https:\\\/\\\/www.rucashk.com\\\/pt\\\/produto\\\/logitech-m720-triathlon-mice\\\/\",\"name\":\"Logitech M720 TRIATHLON Mice - Rucas - Wholesale and Distribution\",\"description\":\"Mouse Height: 115 mm Width: 74 mm Depth: 45 mm Weight (with batteries): 135 g, with AA battery Logitech Unifying receiver Height: 18.7 mm Width: 14.4 mm Depth: 6.1 mm Weight: 1.8 g\",\"inLanguage\":\"pt-PT\",\"isPartOf\":{\"@id\":\"https:\\\/\\\/www.rucashk.com\\\/pt\\\/#website\"},\"breadcrumb\":{\"@id\":\"https:\\\/\\\/www.rucashk.com\\\/pt\\\/produto\\\/logitech-m720-triathlon-mice\\\/#breadcrumblist\"},\"author\":{\"@id\":\"https:\\\/\\\/www.rucashk.com\\\/pt\\\/author\\\/admin\\\/#author\"},\"creator\":{\"@id\":\"https:\\\/\\\/www.rucashk.com\\\/pt\\\/author\\\/admin\\\/#author\"},\"image\":{\"@type\":\"ImageObject\",\"url\":\"https:\\\/\\\/www.rucashk.com\\\/wp-content\\\/uploads\\\/2024\\\/01\\\/10001-7.webp\",\"@id\":\"https:\\\/\\\/www.rucashk.com\\\/pt\\\/produto\\\/logitech-m720-triathlon-mice\\\/#mainImage\",\"width\":1001,\"height\":1001},\"primaryImageOfPage\":{\"@id\":\"https:\\\/\\\/www.rucashk.com\\\/pt\\\/produto\\\/logitech-m720-triathlon-mice\\\/#mainImage\"},\"datePublished\":\"2024-01-09T16:35:55+00:00\",\"dateModified\":\"2025-06-21T09:42:24+00:00\"},{\"@type\":\"WebSite\",\"@id\":\"https:\\\/\\\/www.rucashk.com\\\/pt\\\/#website\",\"url\":\"https:\\\/\\\/www.rucashk.com\\\/pt\\\/\",\"name\":\"Rucas - Wholesale and distribution worldwide\",\"alternateName\":\"Rucas - One-stop AIoT Distribution Worldwide\",\"description\":\"One-stop AIoT Distribution Worldwide\",\"inLanguage\":\"pt-PT\",\"publisher\":{\"@id\":\"https:\\\/\\\/www.rucashk.com\\\/pt\\\/#organization\"}}]}\n\t\t<\/script>\n\t\t<!-- All in One SEO Pro -->\r\n\t\t<title>Logitech M720 TRIATHLON Mice - Rucas - Wholesale and Distribution<\/title>\n\n","aioseo_head_json":{"title":"Logitech M720 TRIATHLON Mice - Rucas - Wholesale and Distribution","description":"Mouse Height: 115 mm Width: 74 mm Depth: 45 mm Weight (with batteries): 135 g, with AA battery Logitech Unifying receiver Height: 18.7 mm Width: 14.4 mm Depth: 6.1 mm Weight: 1.8 g","canonical_url":"https:\/\/www.rucashk.com\/pt\/produto\/logitech-m720-triathlon-mice\/","robots":"max-image-preview:large","keywords":"","webmasterTools":{"miscellaneous":""},"og:locale":"pt_PT","og:site_name":"Rucas - One-stop AIoT Distribution Worldwide","og:type":"article","og:title":"Logitech M720 TRIATHLON Mice - Rucas - Wholesale and Distribution","og:description":"Mouse Height: 115 mm Width: 74 mm Depth: 45 mm Weight (with batteries): 135 g, with AA battery Logitech Unifying receiver Height: 18.7 mm Width: 14.4 mm Depth: 6.1 mm Weight: 1.8 g","og:url":"https:\/\/www.rucashk.com\/pt\/produto\/logitech-m720-triathlon-mice\/","og:image":"https:\/\/www.rucashk.com\/wp-content\/uploads\/replace\/503b8e645f128a97ccde2b6290747646.jpeg","og:image:secure_url":"https:\/\/www.rucashk.com\/wp-content\/uploads\/replace\/503b8e645f128a97ccde2b6290747646.jpeg","og:image:width":1456,"og:image:height":816,"article:published_time":"2024-01-09T16:35:55+00:00","article:modified_time":"2025-06-21T09:42:24+00:00","twitter:card":"summary_large_image","twitter:title":"Logitech M720 TRIATHLON Mice - Rucas - Wholesale and Distribution","twitter:description":"Mouse Height: 115 mm Width: 74 mm Depth: 45 mm Weight (with batteries): 135 g, with AA battery Logitech Unifying receiver Height: 18.7 mm Width: 14.4 mm Depth: 6.1 mm Weight: 1.8 g","twitter:image":"https:\/\/www.rucashk.com\/wp-content\/uploads\/replace\/503b8e645f128a97ccde2b6290747646.jpeg","schema":{"@context":"https:\/\/schema.org","@graph":[{"@type":"BreadcrumbList","@id":"https:\/\/www.rucashk.com\/pt\/produto\/logitech-m720-triathlon-mice\/#breadcrumblist","itemListElement":[{"@type":"ListItem","@id":"https:\/\/www.rucashk.com\/pt\/#listItem","position":1,"name":"Home","item":"https:\/\/www.rucashk.com\/pt\/","nextItem":"https:\/\/www.rucashk.com\/pt\/produto\/logitech-m720-triathlon-mice\/#listItem"},{"@type":"ListItem","@id":"https:\/\/www.rucashk.com\/pt\/produto\/logitech-m720-triathlon-mice\/#listItem","position":2,"name":"Logitech M720 TRIATHLON Mice","previousItem":"https:\/\/www.rucashk.com\/pt\/#listItem"}]},{"@type":"Organization","@id":"https:\/\/www.rucashk.com\/pt\/#organization","name":"Rucas","url":"https:\/\/www.rucashk.com\/pt\/","logo":{"@type":"ImageObject","url":"https:\/\/www.rucashk.com\/wp-content\/uploads\/2023\/12\/Rucas_campany_logo.png","@id":"https:\/\/www.rucashk.com\/pt\/produto\/logitech-m720-triathlon-mice\/#organizationLogo","width":221,"height":65},"image":{"@id":"https:\/\/www.rucashk.com\/pt\/#organizationLogo"}},{"@type":"Person","@id":"https:\/\/www.rucashk.com\/pt\/author\/admin\/#author","url":"https:\/\/www.rucashk.com\/pt\/author\/admin\/","name":"admin","image":{"@type":"ImageObject","@id":"https:\/\/www.rucashk.com\/pt\/produto\/logitech-m720-triathlon-mice\/#authorImage","url":"https:\/\/secure.gravatar.com\/avatar\/b7c8925b09a27e72b30232f8ecaadbd5af0f70a38c78096863fe51b64f031c24?s=96&d=mm&r=g","width":96,"height":96,"caption":"admin"}},{"@type":"WebPage","@id":"https:\/\/www.rucashk.com\/pt\/produto\/logitech-m720-triathlon-mice\/#webpage","url":"https:\/\/www.rucashk.com\/pt\/produto\/logitech-m720-triathlon-mice\/","name":"Logitech M720 TRIATHLON Mice - Rucas - Wholesale and Distribution","description":"Mouse Height: 115 mm Width: 74 mm Depth: 45 mm Weight (with batteries): 135 g, with AA battery Logitech Unifying receiver Height: 18.7 mm Width: 14.4 mm Depth: 6.1 mm Weight: 1.8 g","inLanguage":"pt-PT","isPartOf":{"@id":"https:\/\/www.rucashk.com\/pt\/#website"},"breadcrumb":{"@id":"https:\/\/www.rucashk.com\/pt\/produto\/logitech-m720-triathlon-mice\/#breadcrumblist"},"author":{"@id":"https:\/\/www.rucashk.com\/pt\/author\/admin\/#author"},"creator":{"@id":"https:\/\/www.rucashk.com\/pt\/author\/admin\/#author"},"image":{"@type":"ImageObject","url":"https:\/\/www.rucashk.com\/wp-content\/uploads\/2024\/01\/10001-7.webp","@id":"https:\/\/www.rucashk.com\/pt\/produto\/logitech-m720-triathlon-mice\/#mainImage","width":1001,"height":1001},"primaryImageOfPage":{"@id":"https:\/\/www.rucashk.com\/pt\/produto\/logitech-m720-triathlon-mice\/#mainImage"},"datePublished":"2024-01-09T16:35:55+00:00","dateModified":"2025-06-21T09:42:24+00:00"},{"@type":"WebSite","@id":"https:\/\/www.rucashk.com\/pt\/#website","url":"https:\/\/www.rucashk.com\/pt\/","name":"Rucas - Wholesale and distribution worldwide","alternateName":"Rucas - One-stop AIoT Distribution Worldwide","description":"One-stop AIoT Distribution Worldwide","inLanguage":"pt-PT","publisher":{"@id":"https:\/\/www.rucashk.com\/pt\/#organization"}}]}},"aioseo_meta_data":{"post_id":"27035","title":null,"description":null,"keywords":null,"keyphrases":null,"primary_term":null,"canonical_url":null,"og_title":null,"og_description":null,"og_object_type":"default","og_image_type":"default","og_image_url":null,"og_image_width":null,"og_image_height":null,"og_image_custom_url":null,"og_image_custom_fields":null,"og_video":null,"og_custom_url":null,"og_article_section":null,"og_article_tags":null,"twitter_use_og":false,"twitter_card":"default","twitter_image_type":"default","twitter_image_url":null,"twitter_image_custom_url":null,"twitter_image_custom_fields":null,"twitter_title":null,"twitter_description":null,"schema":{"blockGraphs":[],"customGraphs":[],"default":{"data":{"Article":[],"Course":[],"Dataset":[],"FAQPage":[],"Movie":[],"Person":[],"Product":[],"Recipe":[],"Service":[],"SoftwareApplication":[],"WebPage":[]},"graphName":"","isEnabled":true},"graphs":[]},"schema_type":"default","schema_type_options":null,"pillar_content":false,"robots_default":true,"robots_noindex":false,"robots_noarchive":false,"robots_nosnippet":false,"robots_nofollow":false,"robots_noimageindex":false,"robots_noodp":false,"robots_notranslate":false,"robots_max_snippet":null,"robots_max_videopreview":null,"robots_max_imagepreview":"large","priority":null,"frequency":null,"local_seo":null,"breadcrumb_settings":null,"limit_modified_date":false,"created":"2024-04-11 01:57:21","updated":"2025-06-22 18:30:00"},"aioseo_breadcrumb":"<div class=\"aioseo-breadcrumbs\"><span class=\"aioseo-breadcrumb\">\n\t<a href=\"https:\/\/www.rucashk.com\/pt\" title=\"Home\">Home<\/a>\n<\/span><span class=\"aioseo-breadcrumb-separator\">&raquo;<\/span><span class=\"aioseo-breadcrumb\">\n\t<a href=\"https:\/\/www.rucashk.com\/pt\/products\/\" title=\"Produtos\">Produtos<\/a>\n<\/span><span class=\"aioseo-breadcrumb-separator\">&raquo;<\/span><span class=\"aioseo-breadcrumb\">\n\t<a href=\"https:\/\/www.rucashk.com\/pt\/marca\/logitech\/\" title=\"Logitech\">Logitech<\/a>\n<\/span><span class=\"aioseo-breadcrumb-separator\">&raquo;<\/span><span class=\"aioseo-breadcrumb\">\n\tLogitech M720 TRIATHLON Mice\n<\/span><\/div>","aioseo_breadcrumb_json":[{"label":"Home","link":"https:\/\/www.rucashk.com\/pt"},{"label":"Produtos","link":"https:\/\/www.rucashk.com\/pt\/products\/"},{"label":"Logitech","link":"https:\/\/www.rucashk.com\/pt\/marca\/logitech\/"},{"label":"Logitech M720 TRIATHLON Mice","link":"https:\/\/www.rucashk.com\/pt\/produto\/logitech-m720-triathlon-mice\/"}],"_links":{"self":[{"href":"https:\/\/www.rucashk.com\/pt\/wp-json\/wp\/v2\/product\/27035","targetHints":{"allow":["GET"]}}],"collection":[{"href":"https:\/\/www.rucashk.com\/pt\/wp-json\/wp\/v2\/product"}],"about":[{"href":"https:\/\/www.rucashk.com\/pt\/wp-json\/wp\/v2\/types\/product"}],"wp:featuredmedia":[{"embeddable":true,"href":"https:\/\/www.rucashk.com\/pt\/wp-json\/wp\/v2\/media\/27163"}],"wp:attachment":[{"href":"https:\/\/www.rucashk.com\/pt\/wp-json\/wp\/v2\/media?parent=27035"}],"wp:term":[{"taxonomy":"product_brand","embeddable":true,"href":"https:\/\/www.rucashk.com\/pt\/wp-json\/wp\/v2\/product_brand?post=27035"},{"taxonomy":"product_cat","embeddable":true,"href":"https:\/\/www.rucashk.com\/pt\/wp-json\/wp\/v2\/product_cat?post=27035"},{"taxonomy":"product_tag","embeddable":true,"href":"https:\/\/www.rucashk.com\/pt\/wp-json\/wp\/v2\/product_tag?post=27035"}],"curies":[{"name":"wp","href":"https:\/\/api.w.org\/{rel}","templated":true}]}}